{"id":1674419,"date":"2025-04-28T09:03:15","date_gmt":"2025-04-28T07:03:15","guid":{"rendered":"https:\/\/greenspells.com\/?post_type=product&#038;p=1674419"},"modified":"2026-03-23T09:25:24","modified_gmt":"2026-03-23T07:25:24","slug":"manucurist-rescue-kit-for-damaged-nails","status":"publish","type":"product","link":"https:\/\/greenspells.com\/lt\/produktas\/manucurist-rescue-kit-for-damaged-nails\/","title":{"rendered":"MANUCURIST <br> Rescue kit <br> Rinkinys pa\u017eeistiems nagams"},"content":{"rendered":"<p>Intensyvios prie\u017ei\u016bros trio:\u00a0<strong>atstato ir sustiprina pa\u017eeistus ir labai pa\u017eeistus nagus vos per 2 savaites!<\/strong>.<\/p>\n<p>Jei turite pa\u017eeistus nagus (sluoksniuojasi, l\u016b\u017ein\u0117ja, pakitusi spalva) - \u0161is rinkinys sukurtas greitai ir efektyviai pad\u0117ti. Atstato, regeneruoja nag\u0173 keratino sluoksnius, atkuria apsaug\u0105 ir nat\u016bral\u0173 spindes\u012f.<\/p>\n<p>Praturtintas\u00a0<strong>vitaminais, mineralais ir dr\u0117kinan\u010diais igredientais,<\/strong>, rinkinyje esantys produktai giliai sustiprina ir atgaivina nagus, sukurdami ilgalaik\u012f rezultat\u0105.<\/p>\n<p><strong>Rinkinio naudojimas:<\/p>\n<p><\/strong>Kas 2 dienas naudokite Base S.O.S ant \u0161vari\u0173 nag\u0173. At\u0117jus naudojimo laikui, tepkite j\u012f ant prie\u0161 tai buvusi\u0173 jo sluoksni\u0173, j\u0173 nuvalyti nereikia.<\/p>\n<p>Kiekvien\u0105 dien\u0105 naudokite maitinant\u012f kutikuli\u0173 aliejuk\u0105, u\u017ela\u0161indami po 1 la\u0161iuk\u0105 ant kiekvieno nago ir \u0161velniai \u012fmasa\u017euojant \u012f nag\u0105 ir aplink.<\/p>\n<p>po 1 savait\u0117s nuvalykite nagus, pa\u0161alinkite visus lakuotus sluoksnius ir ant \u0161vari\u0173 nag\u0173 u\u017esitepkite S.O.S kauk\u0119 (MASK). Palikite j\u0105 pernakt, ir kit\u0105 ryt\u0105 nusilupkite j\u0105 nuo nag\u0173 (nusiims lengvai, lyg nulupama kauk\u0117).<\/p>\n<p>Kartokite t\u0105 pa\u010di\u0105 rutin\u0105 dar vien\u0105 savait\u0119.<\/p>\n<p>Jeigu nagai ypa\u010d stipriai pa\u017eeisti, rutin\u0105 prat\u0119skite dar 2 savait\u0117ms.<\/p>\n<p><em><strong>Sud\u0117tis:<\/strong><\/em><\/p>\n<p><strong>S.O.S masque<\/strong><\/p>\n<p>AQUA (WATER), ALCOHOL DENAT., POLYVINYL ALCOHOL, PANTHENOL, PARFUM (FRAGRANCE), ALCOHOL, TRIS(TETRAMETHYLHYDROXYPIPERIDINOL) CITRATE, CI 14700 (RED 4)<\/p>\n<p><strong>Green oil<\/strong><\/p>\n<p>prunus amygdalus dulcis (sweet almond) oil, passiflora edulis seed oil, juglans regia (walnut) seed oil, aleurites moluccanus seed oil, cocos nucifera (coconut) oil, adansonia digitata seed oil,tocopheryl acetate, tocopherol<\/p>\n<p>sud\u0117ties, 99% augalinio pagrindo<\/p>\n<p><strong>Base S.O.S<\/strong><\/p>\n<p>ethyl acetate, butyl acetate, nitrocellulose, adipic acid\/neopentyl glycol\/trimellitic anhydride copolymer, acetyl tributyl citrate, alcohol, sucrose acetate isobutyrate, HEA IPDI isocyanurate trimer\/polycaprolactone diol copolymer, glycolic acid, tris-HEA isocyanurate trimer, n-butyl alcohol, isopropyl alcohol, etocrylene, malic acid, lactic acid, hexanal, trimethylpentanediyl dibenzoate, aqua (water), panthenol, magnesium ascorbyl phosphate, CI 60725 (violet 2), tocopherol<\/p>\n<p>78% plant-based<\/p>","protected":false},"excerpt":{"rendered":"<p>The intensive care trio\u00a0to repair and strengthen damaged to very damaged nails in 2 weeks. Are your nails damaged or even severely damaged (brittle, split, discoloured)? This targeted routine repairs and regenerates the nail&#8217;s keratin layers, restoring protection and shine. Enriched with\u00a0vitamins, minerals, and hydrating ingredients, it works deeply to strengthen and revitalize your nails, [&hellip;]<\/p>\n","protected":false},"featured_media":1674425,"comment_status":"open","ping_status":"closed","template":"","meta":{"content-type":"","_monsterinsights_skip_tracking":false,"_monsterinsights_sitenote_active":false,"_monsterinsights_sitenote_note":"","_monsterinsights_sitenote_category":0,"_uf_show_specific_survey":0,"_uf_disable_surveys":false},"product_brand":[1907],"product_cat":[2157,1906,1905,1887,15],"product_tag":[1941,1943,1917,1942,1944,1940,1945],"class_list":{"0":"post-1674419","1":"product","2":"type-product","3":"status-publish","4":"has-post-thumbnail","6":"product_brand-manucurist","7":"product_cat-bestsellers","8":"product_cat-nail-kits","9":"product_cat-nail-care","10":"product_cat-greenspells-nails","11":"product_cat-all-products","12":"product_tag-damaged-nails","13":"product_tag-manucurist-nagu-prieziura","14":"product_tag-naturali-nagu-prieziura","15":"product_tag-natural-nail-care","16":"product_tag-pazeistiems-nagams","17":"product_tag-rescue-kit","18":"product_tag-stiprikliai-nagams","20":"first","21":"instock","22":"taxable","23":"shipping-taxable","24":"purchasable","25":"product-type-simple"},"bundled_by":[],"bundle_stock_status":"instock","bundle_stock_quantity":null,"bundle_virtual":false,"bundle_layout":"","bundle_add_to_cart_form_location":"","bundle_editable_in_cart":false,"bundle_sold_individually_context":"","bundle_item_grouping":"","bundle_min_size":"","bundle_max_size":"","bundle_price":[],"bundled_items":[],"bundle_sell_ids":[],"group_of_quantity":0,"min_quantity":0,"max_quantity":"","exclude_order_quantity_value_rules":"no","exclude_category_quantity_rules":"no","combine_variations":"no","exclude_global_add_ons":[],"addons":[],"yoast_head":"<!-- This site is optimized with the Yoast SEO plugin v27.5 - https:\/\/yoast.com\/product\/yoast-seo-wordpress\/ -->\n<title>MANUCURIST  Rescue kit  For damaged nails - Greenspells<\/title>\n<meta name=\"description\" content=\"MANUCURIST Rescue kit for damaged nails : The intensive care trio to repair and strengthen damaged to very damaged nails in 2 weeks.\" \/>\n<meta name=\"robots\" content=\"index, follow, max-snippet:-1, max-image-preview:large, max-video-preview:-1\" \/>\n<link rel=\"canonical\" href=\"https:\/\/greenspells.com\/lt\/produktas\/manucurist-rescue-kit-for-damaged-nails\/\" \/>\n<meta property=\"og:locale\" content=\"lt_LT\" \/>\n<meta property=\"og:type\" content=\"article\" \/>\n<meta property=\"og:title\" content=\"MANUCURIST  Rescue kit  For damaged nails - Greenspells\" \/>\n<meta property=\"og:description\" content=\"MANUCURIST Rescue kit for damaged nails : The intensive care trio to repair and strengthen damaged to very damaged nails in 2 weeks.\" \/>\n<meta property=\"og:url\" content=\"https:\/\/greenspells.com\/lt\/produktas\/manucurist-rescue-kit-for-damaged-nails\/\" \/>\n<meta property=\"og:site_name\" content=\"Greenspells\" \/>\n<meta property=\"article:publisher\" content=\"https:\/\/www.facebook.com\/Greenspells\" \/>\n<meta property=\"article:modified_time\" content=\"2026-03-23T07:25:24+00:00\" \/>\n<meta property=\"og:image\" content=\"https:\/\/greenspells.com\/wp-content\/uploads\/2025\/04\/Starter-routine-damaged-nails.webp\" \/>\n\t<meta property=\"og:image:width\" content=\"1100\" \/>\n\t<meta property=\"og:image:height\" content=\"1100\" \/>\n\t<meta property=\"og:image:type\" content=\"image\/webp\" \/>\n<meta name=\"twitter:card\" content=\"summary_large_image\" \/>\n<meta name=\"twitter:label1\" content=\"Est. reading time\" \/>\n\t<meta name=\"twitter:data1\" content=\"2 minut\u0117s\" \/>\n<script type=\"application\/ld+json\" class=\"yoast-schema-graph\">{\"@context\":\"https:\\\/\\\/schema.org\",\"@graph\":[{\"@type\":\"WebPage\",\"@id\":\"https:\\\/\\\/greenspells.com\\\/product\\\/manucurist-rescue-kit-for-damaged-nails\\\/\",\"url\":\"https:\\\/\\\/greenspells.com\\\/product\\\/manucurist-rescue-kit-for-damaged-nails\\\/\",\"name\":\"MANUCURIST Rescue kit For damaged nails - Greenspells\",\"isPartOf\":{\"@id\":\"https:\\\/\\\/greenspells.com\\\/#website\"},\"primaryImageOfPage\":{\"@id\":\"https:\\\/\\\/greenspells.com\\\/product\\\/manucurist-rescue-kit-for-damaged-nails\\\/#primaryimage\"},\"image\":{\"@id\":\"https:\\\/\\\/greenspells.com\\\/product\\\/manucurist-rescue-kit-for-damaged-nails\\\/#primaryimage\"},\"thumbnailUrl\":\"https:\\\/\\\/i0.wp.com\\\/greenspells.com\\\/wp-content\\\/uploads\\\/2025\\\/04\\\/Starter-routine-damaged-nails.webp?fit=1100%2C1100&ssl=1\",\"datePublished\":\"2025-04-28T07:03:15+00:00\",\"dateModified\":\"2026-03-23T07:25:24+00:00\",\"description\":\"MANUCURIST Rescue kit for damaged nails : The intensive care trio to repair and strengthen damaged to very damaged nails in 2 weeks.\",\"breadcrumb\":{\"@id\":\"https:\\\/\\\/greenspells.com\\\/product\\\/manucurist-rescue-kit-for-damaged-nails\\\/#breadcrumb\"},\"inLanguage\":\"lt-LT\",\"potentialAction\":[{\"@type\":\"ReadAction\",\"target\":[\"https:\\\/\\\/greenspells.com\\\/product\\\/manucurist-rescue-kit-for-damaged-nails\\\/\"]}]},{\"@type\":\"ImageObject\",\"inLanguage\":\"lt-LT\",\"@id\":\"https:\\\/\\\/greenspells.com\\\/product\\\/manucurist-rescue-kit-for-damaged-nails\\\/#primaryimage\",\"url\":\"https:\\\/\\\/i0.wp.com\\\/greenspells.com\\\/wp-content\\\/uploads\\\/2025\\\/04\\\/Starter-routine-damaged-nails.webp?fit=1100%2C1100&ssl=1\",\"contentUrl\":\"https:\\\/\\\/i0.wp.com\\\/greenspells.com\\\/wp-content\\\/uploads\\\/2025\\\/04\\\/Starter-routine-damaged-nails.webp?fit=1100%2C1100&ssl=1\",\"width\":1100,\"height\":1100,\"caption\":\"manucurist rescue kit for damaged nails\"},{\"@type\":\"BreadcrumbList\",\"@id\":\"https:\\\/\\\/greenspells.com\\\/product\\\/manucurist-rescue-kit-for-damaged-nails\\\/#breadcrumb\",\"itemListElement\":[{\"@type\":\"ListItem\",\"position\":1,\"name\":\"Home\",\"item\":\"https:\\\/\\\/greenspells.com\\\/\"},{\"@type\":\"ListItem\",\"position\":2,\"name\":\"Shop\",\"item\":\"https:\\\/\\\/greenspells.com\\\/shop\\\/\"},{\"@type\":\"ListItem\",\"position\":3,\"name\":\"MANUCURIST Rescue kit For damaged nails\"}]},{\"@type\":\"WebSite\",\"@id\":\"https:\\\/\\\/greenspells.com\\\/#website\",\"url\":\"https:\\\/\\\/greenspells.com\\\/\",\"name\":\"Greenspells\",\"description\":\"Nat\u016brali ir ekologi\u0161ka kosmetika\",\"publisher\":{\"@id\":\"https:\\\/\\\/greenspells.com\\\/#organization\"},\"potentialAction\":[{\"@type\":\"SearchAction\",\"target\":{\"@type\":\"EntryPoint\",\"urlTemplate\":\"https:\\\/\\\/greenspells.com\\\/?s={search_term_string}\"},\"query-input\":{\"@type\":\"PropertyValueSpecification\",\"valueRequired\":true,\"valueName\":\"search_term_string\"}}],\"inLanguage\":\"lt-LT\"},{\"@type\":\"Organization\",\"@id\":\"https:\\\/\\\/greenspells.com\\\/#organization\",\"name\":\"Greenspells\",\"url\":\"https:\\\/\\\/greenspells.com\\\/\",\"logo\":{\"@type\":\"ImageObject\",\"inLanguage\":\"lt-LT\",\"@id\":\"https:\\\/\\\/greenspells.com\\\/#\\\/schema\\\/logo\\\/image\\\/\",\"url\":\"https:\\\/\\\/i0.wp.com\\\/greenspells.com\\\/wp-content\\\/uploads\\\/2020\\\/09\\\/20200722_153424_0000.png?fit=1500%2C1500&ssl=1\",\"contentUrl\":\"https:\\\/\\\/i0.wp.com\\\/greenspells.com\\\/wp-content\\\/uploads\\\/2020\\\/09\\\/20200722_153424_0000.png?fit=1500%2C1500&ssl=1\",\"width\":1500,\"height\":1500,\"caption\":\"Greenspells\"},\"image\":{\"@id\":\"https:\\\/\\\/greenspells.com\\\/#\\\/schema\\\/logo\\\/image\\\/\"},\"sameAs\":[\"https:\\\/\\\/www.facebook.com\\\/Greenspells\",\"https:\\\/\\\/www.instagram.com\\\/greenspells_store\\\/\"]}]}<\/script>\n<!-- \/ Yoast SEO plugin. -->","yoast_head_json":{"title":"MANUCURIST  Rescue kit  For damaged nails - Greenspells","description":"MANUCURIST Rescue kit for damaged nails : The intensive care trio to repair and strengthen damaged to very damaged nails in 2 weeks.","robots":{"index":"index","follow":"follow","max-snippet":"max-snippet:-1","max-image-preview":"max-image-preview:large","max-video-preview":"max-video-preview:-1"},"canonical":"https:\/\/greenspells.com\/lt\/produktas\/manucurist-rescue-kit-for-damaged-nails\/","og_locale":"lt_LT","og_type":"article","og_title":"MANUCURIST  Rescue kit  For damaged nails - Greenspells","og_description":"MANUCURIST Rescue kit for damaged nails : The intensive care trio to repair and strengthen damaged to very damaged nails in 2 weeks.","og_url":"https:\/\/greenspells.com\/lt\/produktas\/manucurist-rescue-kit-for-damaged-nails\/","og_site_name":"Greenspells","article_publisher":"https:\/\/www.facebook.com\/Greenspells","article_modified_time":"2026-03-23T07:25:24+00:00","og_image":[{"width":1100,"height":1100,"url":"https:\/\/greenspells.com\/wp-content\/uploads\/2025\/04\/Starter-routine-damaged-nails.webp","type":"image\/webp"}],"twitter_card":"summary_large_image","twitter_misc":{"Est. reading time":"2 minut\u0117s"},"schema":{"@context":"https:\/\/schema.org","@graph":[{"@type":"WebPage","@id":"https:\/\/greenspells.com\/product\/manucurist-rescue-kit-for-damaged-nails\/","url":"https:\/\/greenspells.com\/product\/manucurist-rescue-kit-for-damaged-nails\/","name":"MANUCURIST Rescue kit For damaged nails - Greenspells","isPartOf":{"@id":"https:\/\/greenspells.com\/#website"},"primaryImageOfPage":{"@id":"https:\/\/greenspells.com\/product\/manucurist-rescue-kit-for-damaged-nails\/#primaryimage"},"image":{"@id":"https:\/\/greenspells.com\/product\/manucurist-rescue-kit-for-damaged-nails\/#primaryimage"},"thumbnailUrl":"https:\/\/i0.wp.com\/greenspells.com\/wp-content\/uploads\/2025\/04\/Starter-routine-damaged-nails.webp?fit=1100%2C1100&ssl=1","datePublished":"2025-04-28T07:03:15+00:00","dateModified":"2026-03-23T07:25:24+00:00","description":"MANUCURIST Rescue kit for damaged nails : The intensive care trio to repair and strengthen damaged to very damaged nails in 2 weeks.","breadcrumb":{"@id":"https:\/\/greenspells.com\/product\/manucurist-rescue-kit-for-damaged-nails\/#breadcrumb"},"inLanguage":"lt-LT","potentialAction":[{"@type":"ReadAction","target":["https:\/\/greenspells.com\/product\/manucurist-rescue-kit-for-damaged-nails\/"]}]},{"@type":"ImageObject","inLanguage":"lt-LT","@id":"https:\/\/greenspells.com\/product\/manucurist-rescue-kit-for-damaged-nails\/#primaryimage","url":"https:\/\/i0.wp.com\/greenspells.com\/wp-content\/uploads\/2025\/04\/Starter-routine-damaged-nails.webp?fit=1100%2C1100&ssl=1","contentUrl":"https:\/\/i0.wp.com\/greenspells.com\/wp-content\/uploads\/2025\/04\/Starter-routine-damaged-nails.webp?fit=1100%2C1100&ssl=1","width":1100,"height":1100,"caption":"manucurist rescue kit for damaged nails"},{"@type":"BreadcrumbList","@id":"https:\/\/greenspells.com\/product\/manucurist-rescue-kit-for-damaged-nails\/#breadcrumb","itemListElement":[{"@type":"ListItem","position":1,"name":"Home","item":"https:\/\/greenspells.com\/"},{"@type":"ListItem","position":2,"name":"Shop","item":"https:\/\/greenspells.com\/shop\/"},{"@type":"ListItem","position":3,"name":"MANUCURIST Rescue kit For damaged nails"}]},{"@type":"WebSite","@id":"https:\/\/greenspells.com\/#website","url":"https:\/\/greenspells.com\/","name":"Greenspells","description":"Nat\u016brali ir ekologi\u0161ka kosmetika","publisher":{"@id":"https:\/\/greenspells.com\/#organization"},"potentialAction":[{"@type":"SearchAction","target":{"@type":"EntryPoint","urlTemplate":"https:\/\/greenspells.com\/?s={search_term_string}"},"query-input":{"@type":"PropertyValueSpecification","valueRequired":true,"valueName":"search_term_string"}}],"inLanguage":"lt-LT"},{"@type":"Organization","@id":"https:\/\/greenspells.com\/#organization","name":"Greenspells","url":"https:\/\/greenspells.com\/","logo":{"@type":"ImageObject","inLanguage":"lt-LT","@id":"https:\/\/greenspells.com\/#\/schema\/logo\/image\/","url":"https:\/\/i0.wp.com\/greenspells.com\/wp-content\/uploads\/2020\/09\/20200722_153424_0000.png?fit=1500%2C1500&ssl=1","contentUrl":"https:\/\/i0.wp.com\/greenspells.com\/wp-content\/uploads\/2020\/09\/20200722_153424_0000.png?fit=1500%2C1500&ssl=1","width":1500,"height":1500,"caption":"Greenspells"},"image":{"@id":"https:\/\/greenspells.com\/#\/schema\/logo\/image\/"},"sameAs":["https:\/\/www.facebook.com\/Greenspells","https:\/\/www.instagram.com\/greenspells_store\/"]}]}},"jetpack_likes_enabled":true,"jetpack_sharing_enabled":true,"_links":{"self":[{"href":"https:\/\/greenspells.com\/lt\/wp-json\/wp\/v2\/product\/1674419","targetHints":{"allow":["GET"]}}],"collection":[{"href":"https:\/\/greenspells.com\/lt\/wp-json\/wp\/v2\/product"}],"about":[{"href":"https:\/\/greenspells.com\/lt\/wp-json\/wp\/v2\/types\/product"}],"replies":[{"embeddable":true,"href":"https:\/\/greenspells.com\/lt\/wp-json\/wp\/v2\/comments?post=1674419"}],"wp:featuredmedia":[{"embeddable":true,"href":"https:\/\/greenspells.com\/lt\/wp-json\/wp\/v2\/media\/1674425"}],"wp:attachment":[{"href":"https:\/\/greenspells.com\/lt\/wp-json\/wp\/v2\/media?parent=1674419"}],"wp:term":[{"taxonomy":"product_brand","embeddable":true,"href":"https:\/\/greenspells.com\/lt\/wp-json\/wp\/v2\/product_brand?post=1674419"},{"taxonomy":"product_cat","embeddable":true,"href":"https:\/\/greenspells.com\/lt\/wp-json\/wp\/v2\/product_cat?post=1674419"},{"taxonomy":"product_tag","embeddable":true,"href":"https:\/\/greenspells.com\/lt\/wp-json\/wp\/v2\/product_tag?post=1674419"}],"curies":[{"name":"wp","href":"https:\/\/api.w.org\/{rel}","templated":true}]}}