{"id":1674410,"date":"2025-04-28T08:29:29","date_gmt":"2025-04-28T06:29:29","guid":{"rendered":"https:\/\/greenspells.com\/?post_type=product&#038;p=1674410"},"modified":"2026-03-23T09:25:53","modified_gmt":"2026-03-23T07:25:53","slug":"manucurist-active-plump","status":"publish","type":"product","link":"https:\/\/greenspells.com\/lt\/produktas\/manucurist-active-plump\/","title":{"rendered":"MANUCURIST <br> Active PLUMP"},"content":{"rendered":"<p>Pirmoji\u00a0<strong>nag\u0173 prie\u017ei\u016bros linija su kolagenu\u00a0<\/strong>nag\u0173 dr\u0117kinimui, pastebimai pilnesniems nagams.<\/p>\n<p>Tai nag\u0173 prie\u017ei\u016bros ir makia\u017eo hibridas. Kolagenu praturtintas nag\u0173 lakas suteikia nagams apimties ir \u0161velniai perlamutrin\u012f, vos ro\u017ein\u012f atspalv\u012f. 74.5% formul\u0117s - augalinio pagrindo. \nSud\u0117tyje esantys kolageno ir persik\u0173 ekstraktai giliai dr\u0117kina, maitina.<\/p>\n<p><strong>Ypa\u010d lengva naudoti<\/strong><\/p>\n<p>Tiesiog tepkite ant \u0161vari\u0173 nag\u0173 - nereikia nei bazinio, nei vir\u0161utinio sluoksni\u0173.<br \/>\nGreitai d\u017ei\u016bsta savaime, ore - nereikia lemp\u0173<br \/>\nIlgai i\u0161liekantis \u017evilgesys ir i\u0161silaikymas - net iki 7 dien\u0173!<\/p>\n<p><strong>Galima pasirinkti efekto intensyvum\u0105<\/strong><\/p>\n<p>Gelinio efekto tekst\u016bra, suteikianti apimties<br \/>\nPutlinantis efektas su perlamutriniu, \u0161velniai ro\u017einiu padengimu<br \/>\nTepkite 1 ar 2 sluoksnius, priklausomai nuo pageidaujamo apimties ir spindesio intensyvumo.<\/p>\n<p><strong>Pa\u017eangi nag\u0173 prie\u017ei\u016bros formul\u0117<\/strong><\/p>\n<p>Galingas aktyvi\u0173 ingredient\u0173 mi\u0161inys, sukurtas giliam maitinimui ir nepakartojamam \u0161vyt\u0117jimui:<\/p>\n<ul>\n<li>Galingas aktyvi\u0173 ingredient\u0173 mi\u0161inys, putlinantis ir giliai dr\u0117kinantis nagus:\n<ul>\n<li>Kolagenas - suteikia gil\u0173 dr\u0117kinim\u0105<\/li>\n<li>Persik\u0173 ekstraktai - maitina ir atstato nagus<\/li>\n<li>AHA - atstato, saugo, stiprina nagus<\/li>\n<li>Heksanalas - saugo nuo l\u016b\u017ein\u0117jimo<\/li>\n<\/ul>\n<\/li>\n<\/ul>\n<p><em><strong>Kaip naudoti?<\/strong><\/em><\/p>\n<p>Tepkite tiesiai ant \u0161vari\u0173 nag\u0173. Nereikia nei bazinio, nei vir\u0161utinio sluoksni\u0173. Leiskite i\u0161d\u017ei\u016bti nat\u016braliai.<\/p>\n<p>Susikurkite norim\u0105 efekt\u0105<\/p>\n<ul>\n<li>1 sluoksnis - subtilus nat\u016bralus \u0161vyt\u0117jimas, lengvas nag\u0173 spindesys<\/li>\n<li>2 sluoksniai - intensyvus veidrodinis \u0161vyt\u0117jimas su ry\u0161kesniu apimties efektu<\/li>\n<li>Sluoksniavimas - galima naudoti ir derinti kartu su kitais ACTIVE serijos produktais, kad susikurtum\u0117te norim\u0105 rezultat\u0105.<\/li>\n<\/ul>\n<p>Lengvai nusivalo Green valikliu, ar kitu \u012fprastu valikliu.<\/p>\n<p><em><strong>Sud\u0117tis:<\/strong><\/em><\/p>\n<p>BUTYL ACETATE, ETHYL ACETATE, NITROCELLULOSE, ACETYL TRIBUTYL CITRATE,<br \/>\nADIPIC ACID\/NEOPENTYL GLYCOL\/TRIMELLITIC ANHYDRIDE COPOLYMER, ISOPROPYL ALCOHOL, SILICA, ACRYLATES COPOLYMER, GLYCOLIC ACID, ETOCRYLENE, AQUA (WATER), MALIC ACID, HEXANAL, LACTIC ACID, MICA, CI 77891 (TITANIUM DIOXIDE), GLYCERIN, TIN OXIDE, MAGNESIUM ASCORBYL PHOSPHATE, PRUNUS PERSICA (PEACH) FRUIT EXTRACT, CI 15850 (RED 6 LAKE), CITRIC ACID, CI 19140 (YELLOW 5 LAKE), SODIUM BENZOATE, POTASSIUM SORBATE, TOCOPHEROL, HYDROLYZED VEGETABLE PROTEIN, LEUCONOSTOC\/RADISH ROOT FERMENT FILTRATE<\/p>\n<p>74,5% bio-sourced<\/p>","protected":false},"excerpt":{"rendered":"<p>The First\u00a0Nail Care Polish with Collagen\u00a0for Hydrated, Visibly Fuller Nails A hybrid between nail care and makeup, this collagen-infused nail care polish delivers a volumising visual effect with a pearly baby pink finish. With a 74.5% plant-based formula, it deeply hydrates and nourishes thanks to a blend of plant-based collagen and peach extracts. Easy Application [&hellip;]<\/p>\n","protected":false},"featured_media":1674411,"comment_status":"open","ping_status":"closed","template":"","meta":{"content-type":"","_monsterinsights_skip_tracking":false,"_monsterinsights_sitenote_active":false,"_monsterinsights_sitenote_note":"","_monsterinsights_sitenote_category":0,"_uf_show_specific_survey":0,"_uf_disable_surveys":false},"product_brand":[1907],"product_cat":[2157,1905,1887,15],"product_tag":[1932,1933,1913,1935,1934,1931,1908,1936,1923],"class_list":{"0":"post-1674410","1":"product","2":"type-product","3":"status-publish","4":"has-post-thumbnail","6":"product_brand-manucurist","7":"product_cat-bestsellers","8":"product_cat-nail-care","9":"product_cat-greenspells-nails","10":"product_cat-all-products","11":"product_tag-active-manucurist","12":"product_tag-illuminates-nail","13":"product_tag-nagu-prieziura","14":"product_tag-nagu-prieziuros-priemones","15":"product_tag-nagu-stipriklis","16":"product_tag-nail-make-up","17":"product_tag-nail-polish","18":"product_tag-naturaali-nagu-prieziura","19":"product_tag-naturalus-agai","21":"first","22":"instock","23":"taxable","24":"shipping-taxable","25":"purchasable","26":"product-type-simple"},"bundled_by":[],"bundle_stock_status":"instock","bundle_stock_quantity":null,"bundle_virtual":false,"bundle_layout":"","bundle_add_to_cart_form_location":"","bundle_editable_in_cart":false,"bundle_sold_individually_context":"","bundle_item_grouping":"","bundle_min_size":"","bundle_max_size":"","bundle_price":[],"bundled_items":[],"bundle_sell_ids":[],"group_of_quantity":0,"min_quantity":0,"max_quantity":"","exclude_order_quantity_value_rules":"no","exclude_category_quantity_rules":"no","combine_variations":"no","exclude_global_add_ons":[],"addons":[],"yoast_head":"<!-- This site is optimized with the Yoast SEO plugin v27.4 - https:\/\/yoast.com\/product\/yoast-seo-wordpress\/ -->\n<title>MANUCURIST  Active PLUMP - Greenspells<\/title>\n<meta name=\"description\" content=\"The First Nail Care Polish to Strengthen &amp; Naturally Illuminate Nails. A hybrid between nail care and makeup, enhances and beautifies nails.\" \/>\n<meta name=\"robots\" content=\"index, follow, max-snippet:-1, max-image-preview:large, max-video-preview:-1\" \/>\n<link rel=\"canonical\" href=\"https:\/\/greenspells.com\/lt\/produktas\/manucurist-active-plump\/\" \/>\n<meta property=\"og:locale\" content=\"lt_LT\" \/>\n<meta property=\"og:type\" content=\"article\" \/>\n<meta property=\"og:title\" content=\"MANUCURIST  Active PLUMP - Greenspells\" \/>\n<meta property=\"og:description\" content=\"The First Nail Care Polish to Strengthen &amp; Naturally Illuminate Nails. A hybrid between nail care and makeup, enhances and beautifies nails.\" \/>\n<meta property=\"og:url\" content=\"https:\/\/greenspells.com\/lt\/produktas\/manucurist-active-plump\/\" \/>\n<meta property=\"og:site_name\" content=\"Greenspells\" \/>\n<meta property=\"article:publisher\" content=\"https:\/\/www.facebook.com\/Greenspells\" \/>\n<meta property=\"article:modified_time\" content=\"2026-03-23T07:25:53+00:00\" \/>\n<meta property=\"og:image\" content=\"https:\/\/greenspells.com\/wp-content\/uploads\/2025\/04\/Active-plump.webp\" \/>\n\t<meta property=\"og:image:width\" content=\"1100\" \/>\n\t<meta property=\"og:image:height\" content=\"1100\" \/>\n\t<meta property=\"og:image:type\" content=\"image\/webp\" \/>\n<meta name=\"twitter:card\" content=\"summary_large_image\" \/>\n<meta name=\"twitter:label1\" content=\"Est. reading time\" \/>\n\t<meta name=\"twitter:data1\" content=\"2 minut\u0117s\" \/>\n<script type=\"application\/ld+json\" class=\"yoast-schema-graph\">{\"@context\":\"https:\\\/\\\/schema.org\",\"@graph\":[{\"@type\":\"WebPage\",\"@id\":\"https:\\\/\\\/greenspells.com\\\/product\\\/manucurist-active-plump\\\/\",\"url\":\"https:\\\/\\\/greenspells.com\\\/product\\\/manucurist-active-plump\\\/\",\"name\":\"MANUCURIST Active PLUMP - Greenspells\",\"isPartOf\":{\"@id\":\"https:\\\/\\\/greenspells.com\\\/#website\"},\"primaryImageOfPage\":{\"@id\":\"https:\\\/\\\/greenspells.com\\\/product\\\/manucurist-active-plump\\\/#primaryimage\"},\"image\":{\"@id\":\"https:\\\/\\\/greenspells.com\\\/product\\\/manucurist-active-plump\\\/#primaryimage\"},\"thumbnailUrl\":\"https:\\\/\\\/i0.wp.com\\\/greenspells.com\\\/wp-content\\\/uploads\\\/2025\\\/04\\\/Active-plump.webp?fit=1100%2C1100&ssl=1\",\"datePublished\":\"2025-04-28T06:29:29+00:00\",\"dateModified\":\"2026-03-23T07:25:53+00:00\",\"description\":\"The First Nail Care Polish to Strengthen & Naturally Illuminate Nails. A hybrid between nail care and makeup, enhances and beautifies nails.\",\"breadcrumb\":{\"@id\":\"https:\\\/\\\/greenspells.com\\\/product\\\/manucurist-active-plump\\\/#breadcrumb\"},\"inLanguage\":\"lt-LT\",\"potentialAction\":[{\"@type\":\"ReadAction\",\"target\":[\"https:\\\/\\\/greenspells.com\\\/product\\\/manucurist-active-plump\\\/\"]}]},{\"@type\":\"ImageObject\",\"inLanguage\":\"lt-LT\",\"@id\":\"https:\\\/\\\/greenspells.com\\\/product\\\/manucurist-active-plump\\\/#primaryimage\",\"url\":\"https:\\\/\\\/i0.wp.com\\\/greenspells.com\\\/wp-content\\\/uploads\\\/2025\\\/04\\\/Active-plump.webp?fit=1100%2C1100&ssl=1\",\"contentUrl\":\"https:\\\/\\\/i0.wp.com\\\/greenspells.com\\\/wp-content\\\/uploads\\\/2025\\\/04\\\/Active-plump.webp?fit=1100%2C1100&ssl=1\",\"width\":1100,\"height\":1100,\"caption\":\"manucurist active plump\"},{\"@type\":\"BreadcrumbList\",\"@id\":\"https:\\\/\\\/greenspells.com\\\/product\\\/manucurist-active-plump\\\/#breadcrumb\",\"itemListElement\":[{\"@type\":\"ListItem\",\"position\":1,\"name\":\"Home\",\"item\":\"https:\\\/\\\/greenspells.com\\\/\"},{\"@type\":\"ListItem\",\"position\":2,\"name\":\"Shop\",\"item\":\"https:\\\/\\\/greenspells.com\\\/shop\\\/\"},{\"@type\":\"ListItem\",\"position\":3,\"name\":\"MANUCURIST Active PLUMP\"}]},{\"@type\":\"WebSite\",\"@id\":\"https:\\\/\\\/greenspells.com\\\/#website\",\"url\":\"https:\\\/\\\/greenspells.com\\\/\",\"name\":\"Greenspells\",\"description\":\"Nat\u016brali ir ekologi\u0161ka kosmetika\",\"publisher\":{\"@id\":\"https:\\\/\\\/greenspells.com\\\/#organization\"},\"potentialAction\":[{\"@type\":\"SearchAction\",\"target\":{\"@type\":\"EntryPoint\",\"urlTemplate\":\"https:\\\/\\\/greenspells.com\\\/?s={search_term_string}\"},\"query-input\":{\"@type\":\"PropertyValueSpecification\",\"valueRequired\":true,\"valueName\":\"search_term_string\"}}],\"inLanguage\":\"lt-LT\"},{\"@type\":\"Organization\",\"@id\":\"https:\\\/\\\/greenspells.com\\\/#organization\",\"name\":\"Greenspells\",\"url\":\"https:\\\/\\\/greenspells.com\\\/\",\"logo\":{\"@type\":\"ImageObject\",\"inLanguage\":\"lt-LT\",\"@id\":\"https:\\\/\\\/greenspells.com\\\/#\\\/schema\\\/logo\\\/image\\\/\",\"url\":\"https:\\\/\\\/i0.wp.com\\\/greenspells.com\\\/wp-content\\\/uploads\\\/2020\\\/09\\\/20200722_153424_0000.png?fit=1500%2C1500&ssl=1\",\"contentUrl\":\"https:\\\/\\\/i0.wp.com\\\/greenspells.com\\\/wp-content\\\/uploads\\\/2020\\\/09\\\/20200722_153424_0000.png?fit=1500%2C1500&ssl=1\",\"width\":1500,\"height\":1500,\"caption\":\"Greenspells\"},\"image\":{\"@id\":\"https:\\\/\\\/greenspells.com\\\/#\\\/schema\\\/logo\\\/image\\\/\"},\"sameAs\":[\"https:\\\/\\\/www.facebook.com\\\/Greenspells\",\"https:\\\/\\\/www.instagram.com\\\/greenspells_store\\\/\"]}]}<\/script>\n<!-- \/ Yoast SEO plugin. -->","yoast_head_json":{"title":"MANUCURIST  Active PLUMP - Greenspells","description":"The First Nail Care Polish to Strengthen & Naturally Illuminate Nails. A hybrid between nail care and makeup, enhances and beautifies nails.","robots":{"index":"index","follow":"follow","max-snippet":"max-snippet:-1","max-image-preview":"max-image-preview:large","max-video-preview":"max-video-preview:-1"},"canonical":"https:\/\/greenspells.com\/lt\/produktas\/manucurist-active-plump\/","og_locale":"lt_LT","og_type":"article","og_title":"MANUCURIST  Active PLUMP - Greenspells","og_description":"The First Nail Care Polish to Strengthen & Naturally Illuminate Nails. A hybrid between nail care and makeup, enhances and beautifies nails.","og_url":"https:\/\/greenspells.com\/lt\/produktas\/manucurist-active-plump\/","og_site_name":"Greenspells","article_publisher":"https:\/\/www.facebook.com\/Greenspells","article_modified_time":"2026-03-23T07:25:53+00:00","og_image":[{"width":1100,"height":1100,"url":"https:\/\/greenspells.com\/wp-content\/uploads\/2025\/04\/Active-plump.webp","type":"image\/webp"}],"twitter_card":"summary_large_image","twitter_misc":{"Est. reading time":"2 minut\u0117s"},"schema":{"@context":"https:\/\/schema.org","@graph":[{"@type":"WebPage","@id":"https:\/\/greenspells.com\/product\/manucurist-active-plump\/","url":"https:\/\/greenspells.com\/product\/manucurist-active-plump\/","name":"MANUCURIST Active PLUMP - Greenspells","isPartOf":{"@id":"https:\/\/greenspells.com\/#website"},"primaryImageOfPage":{"@id":"https:\/\/greenspells.com\/product\/manucurist-active-plump\/#primaryimage"},"image":{"@id":"https:\/\/greenspells.com\/product\/manucurist-active-plump\/#primaryimage"},"thumbnailUrl":"https:\/\/i0.wp.com\/greenspells.com\/wp-content\/uploads\/2025\/04\/Active-plump.webp?fit=1100%2C1100&ssl=1","datePublished":"2025-04-28T06:29:29+00:00","dateModified":"2026-03-23T07:25:53+00:00","description":"The First Nail Care Polish to Strengthen & Naturally Illuminate Nails. A hybrid between nail care and makeup, enhances and beautifies nails.","breadcrumb":{"@id":"https:\/\/greenspells.com\/product\/manucurist-active-plump\/#breadcrumb"},"inLanguage":"lt-LT","potentialAction":[{"@type":"ReadAction","target":["https:\/\/greenspells.com\/product\/manucurist-active-plump\/"]}]},{"@type":"ImageObject","inLanguage":"lt-LT","@id":"https:\/\/greenspells.com\/product\/manucurist-active-plump\/#primaryimage","url":"https:\/\/i0.wp.com\/greenspells.com\/wp-content\/uploads\/2025\/04\/Active-plump.webp?fit=1100%2C1100&ssl=1","contentUrl":"https:\/\/i0.wp.com\/greenspells.com\/wp-content\/uploads\/2025\/04\/Active-plump.webp?fit=1100%2C1100&ssl=1","width":1100,"height":1100,"caption":"manucurist active plump"},{"@type":"BreadcrumbList","@id":"https:\/\/greenspells.com\/product\/manucurist-active-plump\/#breadcrumb","itemListElement":[{"@type":"ListItem","position":1,"name":"Home","item":"https:\/\/greenspells.com\/"},{"@type":"ListItem","position":2,"name":"Shop","item":"https:\/\/greenspells.com\/shop\/"},{"@type":"ListItem","position":3,"name":"MANUCURIST Active PLUMP"}]},{"@type":"WebSite","@id":"https:\/\/greenspells.com\/#website","url":"https:\/\/greenspells.com\/","name":"Greenspells","description":"Nat\u016brali ir ekologi\u0161ka kosmetika","publisher":{"@id":"https:\/\/greenspells.com\/#organization"},"potentialAction":[{"@type":"SearchAction","target":{"@type":"EntryPoint","urlTemplate":"https:\/\/greenspells.com\/?s={search_term_string}"},"query-input":{"@type":"PropertyValueSpecification","valueRequired":true,"valueName":"search_term_string"}}],"inLanguage":"lt-LT"},{"@type":"Organization","@id":"https:\/\/greenspells.com\/#organization","name":"Greenspells","url":"https:\/\/greenspells.com\/","logo":{"@type":"ImageObject","inLanguage":"lt-LT","@id":"https:\/\/greenspells.com\/#\/schema\/logo\/image\/","url":"https:\/\/i0.wp.com\/greenspells.com\/wp-content\/uploads\/2020\/09\/20200722_153424_0000.png?fit=1500%2C1500&ssl=1","contentUrl":"https:\/\/i0.wp.com\/greenspells.com\/wp-content\/uploads\/2020\/09\/20200722_153424_0000.png?fit=1500%2C1500&ssl=1","width":1500,"height":1500,"caption":"Greenspells"},"image":{"@id":"https:\/\/greenspells.com\/#\/schema\/logo\/image\/"},"sameAs":["https:\/\/www.facebook.com\/Greenspells","https:\/\/www.instagram.com\/greenspells_store\/"]}]}},"jetpack_likes_enabled":true,"jetpack_sharing_enabled":true,"_links":{"self":[{"href":"https:\/\/greenspells.com\/lt\/wp-json\/wp\/v2\/product\/1674410","targetHints":{"allow":["GET"]}}],"collection":[{"href":"https:\/\/greenspells.com\/lt\/wp-json\/wp\/v2\/product"}],"about":[{"href":"https:\/\/greenspells.com\/lt\/wp-json\/wp\/v2\/types\/product"}],"replies":[{"embeddable":true,"href":"https:\/\/greenspells.com\/lt\/wp-json\/wp\/v2\/comments?post=1674410"}],"wp:featuredmedia":[{"embeddable":true,"href":"https:\/\/greenspells.com\/lt\/wp-json\/wp\/v2\/media\/1674411"}],"wp:attachment":[{"href":"https:\/\/greenspells.com\/lt\/wp-json\/wp\/v2\/media?parent=1674410"}],"wp:term":[{"taxonomy":"product_brand","embeddable":true,"href":"https:\/\/greenspells.com\/lt\/wp-json\/wp\/v2\/product_brand?post=1674410"},{"taxonomy":"product_cat","embeddable":true,"href":"https:\/\/greenspells.com\/lt\/wp-json\/wp\/v2\/product_cat?post=1674410"},{"taxonomy":"product_tag","embeddable":true,"href":"https:\/\/greenspells.com\/lt\/wp-json\/wp\/v2\/product_tag?post=1674410"}],"curies":[{"name":"wp","href":"https:\/\/api.w.org\/{rel}","templated":true}]}}