{"id":1674359,"date":"2025-04-22T08:42:38","date_gmt":"2025-04-22T06:42:38","guid":{"rendered":"https:\/\/greenspells.com\/?post_type=product&#038;p=1674359"},"modified":"2026-03-23T09:26:26","modified_gmt":"2026-03-23T07:26:26","slug":"manucurist-active-glow-raspberry","status":"publish","type":"product","link":"https:\/\/greenspells.com\/lt\/produktas\/manucurist-active-glow-raspberry\/","title":{"rendered":"MANUCURIST <br> Active GLOW <br> RASPBERRY"},"content":{"rendered":"<p>Pirmoji\u00a0<strong>Nag\u0173 puosel\u0117tojas<\/strong>\u00a0giliam maitinimui ir nat\u016braliam spindesiui!<\/p>\n<p>Tai nag\u0173 prie\u017ei\u016bros ir makia\u017eo hibridas - suteikia lengv\u0105 atspalv\u012f, veidrodin\u012f \u017evilges\u012f. 85,5% augalinio pagrindo formul\u0117 regeneruoja, maitina nagus. Sud\u0117tyje yra avie\u010di\u0173 ekstrakto, sald\u017ei\u0173j\u0173 migdol\u0173 aliejaus.<\/p>\n<p><strong>Ypa\u010d lengva naudoti<\/strong><\/p>\n<p>Tiesiog tepkite ant \u0161vari\u0173 nag\u0173 - nereikia nei bazinio, nei vir\u0161utinio sluoksni\u0173.<br \/>\nGreitai d\u017ei\u016bsta savaime, ore - nereikia lemp\u0173<br \/>\nIlgai i\u0161liekantis \u017evilgesys ir i\u0161silaikymas - net iki 7 dien\u0173!<\/p>\n<p><strong>Galima pasirinkti efekto intensyvum\u0105<\/strong><\/p>\n<p>Koralinis, su ypatingu \u017evilgesiu, permatomas.<br \/>\nNuostabus, nat\u016bralus, universalus atspalvis.<br \/>\nTepkite 1 ar 2 sluoksnius, priklausomai nuo pageidaujamo spindesio intensyvumo.<\/p>\n<p><strong>Pa\u017eangi nag\u0173 prie\u017ei\u016bros formul\u0117<\/strong><\/p>\n<p>Galingas aktyvi\u0173 ingredient\u0173 mi\u0161inys, sukurtas giliam maitinimui ir nepakartojamam \u0161vyt\u0117jimui:<\/p>\n<ul>\n<li>Spanguoli\u0173 ekstraktas - dr\u0117kina, giliai maitina, suteikia nagams sveik\u0105 i\u0161vaizd\u0105<\/li>\n<li>Sald\u017ei\u0173j\u0173 migdol\u0173 aliejus - maitina, mink\u0161tina, saugo dr\u0117gm\u0119, kad nagai b\u016bt\u0173 stipr\u016bs ir sveiki<\/li>\n<li>AHAs - skatina l\u0105steli\u0173 atsinaujinim\u0105, lygina nago pavir\u0161i\u0173, stiprina nagus<\/li>\n<li>Lactobacillus fermentai - padeda palaikyti subalansuot\u0105 nag\u0173 mikrobiom\u0105, ilgalaikiui gro\u017eiui<\/li>\n<\/ul>\n<p><em><strong>Kaip naudoti?<\/strong><\/em><\/p>\n<p>Tepkite tiesiai ant \u0161vari\u0173 nag\u0173. Nereikia nei bazinio, nei vir\u0161utinio sluoksni\u0173. Leiskite i\u0161d\u017ei\u016bti nat\u016braliai.<\/p>\n<p>Susikurkite norim\u0105 efekt\u0105<\/p>\n<ul>\n<li>1 sluoksnis - subtilus nat\u016bralus \u0161vyt\u0117jimas, lengvas nag\u0173 spindesys<\/li>\n<li>2 sluoksniai - intensyvus veidrodinis \u0161vyt\u0117jimas su ry\u0161kesniu koraliniu atspalviu<\/li>\n<li>Sluoksniavimas - galima naudoti ir derinti kartu su kitais ACTIVE serijos produktais, kad susikurtum\u0117te norim\u0105 rezultat\u0105.<\/li>\n<\/ul>\n<p>Lengvai nusivalo Green valikliu, ar kitu \u012fprastu valikliu.<\/p>\n<p><em><strong>Sud\u0117tis:<\/strong><\/em><\/p>\n<p>ETHYL ACETATE, BUTYL ACETATE, NITROCELLULOSE, ADIPIC ACID\/NEOPENTYL GLYCOL\/TRIMELLITIC ANHYDRIDE COPOLYMER, ACETYL TRIBUTYL CITRATE, ALCOHOL, GLYCOLIC ACID, CAPRYLIC\/CAPRIC TRIGLYCERIDE, ETOCRYLENE, PRUNUS AMYGDALUS DULCIS (SWEET ALMOND) OIL, CI 15850 (RED 6 LAKE), ISOPROPYL ALCOHOL, LACTOBACILLUS FERMENT, RUBUS IDAEUS (RASPBERRY) LEAF EXTRACT, TOCOPHEROL<\/p>\n<p>85,5% bio-sourced<\/p>","protected":false},"excerpt":{"rendered":"<p>The First\u00a0Nail Care Enhancer\u00a0for Deep Nourishment &amp; Natural Radiance! A hybrid between nail care and makeup, this all-in-one perfector delivers a tinted glow with a mirror-like shine. With an 85.5% plant-based formula, it regenerates and nourishes nails, thanks to its blend of raspberry extracts and sweet almond oil. Easy Application Applies directly to bare nails [&hellip;]<\/p>\n","protected":false},"featured_media":1674368,"comment_status":"open","ping_status":"closed","template":"","meta":{"content-type":"","_monsterinsights_skip_tracking":false,"_monsterinsights_sitenote_active":false,"_monsterinsights_sitenote_note":"","_monsterinsights_sitenote_category":0,"_uf_show_specific_survey":0,"_uf_disable_surveys":false},"product_brand":[1907],"product_cat":[2157,1905,1887,15],"product_tag":[1932,1933,1913,1935,1934,1931,1908,1936,1923],"class_list":{"0":"post-1674359","1":"product","2":"type-product","3":"status-publish","4":"has-post-thumbnail","6":"product_brand-manucurist","7":"product_cat-bestsellers","8":"product_cat-nail-care","9":"product_cat-greenspells-nails","10":"product_cat-all-products","11":"product_tag-active-manucurist","12":"product_tag-illuminates-nail","13":"product_tag-nagu-prieziura","14":"product_tag-nagu-prieziuros-priemones","15":"product_tag-nagu-stipriklis","16":"product_tag-nail-make-up","17":"product_tag-nail-polish","18":"product_tag-naturaali-nagu-prieziura","19":"product_tag-naturalus-agai","21":"first","22":"instock","23":"taxable","24":"shipping-taxable","25":"purchasable","26":"product-type-simple"},"bundled_by":[],"bundle_stock_status":"instock","bundle_stock_quantity":null,"bundle_virtual":false,"bundle_layout":"","bundle_add_to_cart_form_location":"","bundle_editable_in_cart":false,"bundle_sold_individually_context":"","bundle_item_grouping":"","bundle_min_size":"","bundle_max_size":"","bundle_price":[],"bundled_items":[],"bundle_sell_ids":[],"group_of_quantity":0,"min_quantity":0,"max_quantity":"","exclude_order_quantity_value_rules":"no","exclude_category_quantity_rules":"no","combine_variations":"no","exclude_global_add_ons":[],"addons":[],"yoast_head":"<!-- This site is optimized with the Yoast SEO plugin v27.4 - https:\/\/yoast.com\/product\/yoast-seo-wordpress\/ -->\n<title>MANUCURIST  Active GLOW  RASPBERRY - Greenspells<\/title>\n<meta name=\"description\" content=\"The First Nail Care Polish to Strengthen &amp; Naturally Illuminate Nails. A hybrid between nail care and makeup. A tinted glow with a mirror-like shine.\" \/>\n<meta name=\"robots\" content=\"index, follow, max-snippet:-1, max-image-preview:large, max-video-preview:-1\" \/>\n<link rel=\"canonical\" href=\"https:\/\/greenspells.com\/lt\/produktas\/manucurist-active-glow-raspberry\/\" \/>\n<meta property=\"og:locale\" content=\"lt_LT\" \/>\n<meta property=\"og:type\" content=\"article\" \/>\n<meta property=\"og:title\" content=\"MANUCURIST  Active GLOW  RASPBERRY - Greenspells\" \/>\n<meta property=\"og:description\" content=\"The First Nail Care Polish to Strengthen &amp; Naturally Illuminate Nails. A hybrid between nail care and makeup. A tinted glow with a mirror-like shine.\" \/>\n<meta property=\"og:url\" content=\"https:\/\/greenspells.com\/lt\/produktas\/manucurist-active-glow-raspberry\/\" \/>\n<meta property=\"og:site_name\" content=\"Greenspells\" \/>\n<meta property=\"article:publisher\" content=\"https:\/\/www.facebook.com\/Greenspells\" \/>\n<meta property=\"article:modified_time\" content=\"2026-03-23T07:26:26+00:00\" \/>\n<meta property=\"og:image\" content=\"https:\/\/greenspells.com\/wp-content\/uploads\/2025\/04\/Active-glow-raspberry.webp\" \/>\n\t<meta property=\"og:image:width\" content=\"1100\" \/>\n\t<meta property=\"og:image:height\" content=\"1100\" \/>\n\t<meta property=\"og:image:type\" content=\"image\/webp\" \/>\n<meta name=\"twitter:card\" content=\"summary_large_image\" \/>\n<meta name=\"twitter:label1\" content=\"Est. reading time\" \/>\n\t<meta name=\"twitter:data1\" content=\"2 minut\u0117s\" \/>\n<script type=\"application\/ld+json\" class=\"yoast-schema-graph\">{\"@context\":\"https:\\\/\\\/schema.org\",\"@graph\":[{\"@type\":\"WebPage\",\"@id\":\"https:\\\/\\\/greenspells.com\\\/product\\\/manucurist-active-glow-raspberry\\\/\",\"url\":\"https:\\\/\\\/greenspells.com\\\/product\\\/manucurist-active-glow-raspberry\\\/\",\"name\":\"MANUCURIST Active GLOW RASPBERRY - Greenspells\",\"isPartOf\":{\"@id\":\"https:\\\/\\\/greenspells.com\\\/#website\"},\"primaryImageOfPage\":{\"@id\":\"https:\\\/\\\/greenspells.com\\\/product\\\/manucurist-active-glow-raspberry\\\/#primaryimage\"},\"image\":{\"@id\":\"https:\\\/\\\/greenspells.com\\\/product\\\/manucurist-active-glow-raspberry\\\/#primaryimage\"},\"thumbnailUrl\":\"https:\\\/\\\/i0.wp.com\\\/greenspells.com\\\/wp-content\\\/uploads\\\/2025\\\/04\\\/Active-glow-raspberry.webp?fit=1100%2C1100&ssl=1\",\"datePublished\":\"2025-04-22T06:42:38+00:00\",\"dateModified\":\"2026-03-23T07:26:26+00:00\",\"description\":\"The First Nail Care Polish to Strengthen & Naturally Illuminate Nails. A hybrid between nail care and makeup. A tinted glow with a mirror-like shine.\",\"breadcrumb\":{\"@id\":\"https:\\\/\\\/greenspells.com\\\/product\\\/manucurist-active-glow-raspberry\\\/#breadcrumb\"},\"inLanguage\":\"lt-LT\",\"potentialAction\":[{\"@type\":\"ReadAction\",\"target\":[\"https:\\\/\\\/greenspells.com\\\/product\\\/manucurist-active-glow-raspberry\\\/\"]}]},{\"@type\":\"ImageObject\",\"inLanguage\":\"lt-LT\",\"@id\":\"https:\\\/\\\/greenspells.com\\\/product\\\/manucurist-active-glow-raspberry\\\/#primaryimage\",\"url\":\"https:\\\/\\\/i0.wp.com\\\/greenspells.com\\\/wp-content\\\/uploads\\\/2025\\\/04\\\/Active-glow-raspberry.webp?fit=1100%2C1100&ssl=1\",\"contentUrl\":\"https:\\\/\\\/i0.wp.com\\\/greenspells.com\\\/wp-content\\\/uploads\\\/2025\\\/04\\\/Active-glow-raspberry.webp?fit=1100%2C1100&ssl=1\",\"width\":1100,\"height\":1100,\"caption\":\"manucurist active glow raspberry\"},{\"@type\":\"BreadcrumbList\",\"@id\":\"https:\\\/\\\/greenspells.com\\\/product\\\/manucurist-active-glow-raspberry\\\/#breadcrumb\",\"itemListElement\":[{\"@type\":\"ListItem\",\"position\":1,\"name\":\"Home\",\"item\":\"https:\\\/\\\/greenspells.com\\\/\"},{\"@type\":\"ListItem\",\"position\":2,\"name\":\"Shop\",\"item\":\"https:\\\/\\\/greenspells.com\\\/shop\\\/\"},{\"@type\":\"ListItem\",\"position\":3,\"name\":\"MANUCURIST Active GLOW RASPBERRY\"}]},{\"@type\":\"WebSite\",\"@id\":\"https:\\\/\\\/greenspells.com\\\/#website\",\"url\":\"https:\\\/\\\/greenspells.com\\\/\",\"name\":\"Greenspells\",\"description\":\"Nat\u016brali ir ekologi\u0161ka kosmetika\",\"publisher\":{\"@id\":\"https:\\\/\\\/greenspells.com\\\/#organization\"},\"potentialAction\":[{\"@type\":\"SearchAction\",\"target\":{\"@type\":\"EntryPoint\",\"urlTemplate\":\"https:\\\/\\\/greenspells.com\\\/?s={search_term_string}\"},\"query-input\":{\"@type\":\"PropertyValueSpecification\",\"valueRequired\":true,\"valueName\":\"search_term_string\"}}],\"inLanguage\":\"lt-LT\"},{\"@type\":\"Organization\",\"@id\":\"https:\\\/\\\/greenspells.com\\\/#organization\",\"name\":\"Greenspells\",\"url\":\"https:\\\/\\\/greenspells.com\\\/\",\"logo\":{\"@type\":\"ImageObject\",\"inLanguage\":\"lt-LT\",\"@id\":\"https:\\\/\\\/greenspells.com\\\/#\\\/schema\\\/logo\\\/image\\\/\",\"url\":\"https:\\\/\\\/i0.wp.com\\\/greenspells.com\\\/wp-content\\\/uploads\\\/2020\\\/09\\\/20200722_153424_0000.png?fit=1500%2C1500&ssl=1\",\"contentUrl\":\"https:\\\/\\\/i0.wp.com\\\/greenspells.com\\\/wp-content\\\/uploads\\\/2020\\\/09\\\/20200722_153424_0000.png?fit=1500%2C1500&ssl=1\",\"width\":1500,\"height\":1500,\"caption\":\"Greenspells\"},\"image\":{\"@id\":\"https:\\\/\\\/greenspells.com\\\/#\\\/schema\\\/logo\\\/image\\\/\"},\"sameAs\":[\"https:\\\/\\\/www.facebook.com\\\/Greenspells\",\"https:\\\/\\\/www.instagram.com\\\/greenspells_store\\\/\"]}]}<\/script>\n<!-- \/ Yoast SEO plugin. -->","yoast_head_json":{"title":"MANUCURIST  Active GLOW  RASPBERRY - Greenspells","description":"The First Nail Care Polish to Strengthen & Naturally Illuminate Nails. A hybrid between nail care and makeup. A tinted glow with a mirror-like shine.","robots":{"index":"index","follow":"follow","max-snippet":"max-snippet:-1","max-image-preview":"max-image-preview:large","max-video-preview":"max-video-preview:-1"},"canonical":"https:\/\/greenspells.com\/lt\/produktas\/manucurist-active-glow-raspberry\/","og_locale":"lt_LT","og_type":"article","og_title":"MANUCURIST  Active GLOW  RASPBERRY - Greenspells","og_description":"The First Nail Care Polish to Strengthen & Naturally Illuminate Nails. A hybrid between nail care and makeup. A tinted glow with a mirror-like shine.","og_url":"https:\/\/greenspells.com\/lt\/produktas\/manucurist-active-glow-raspberry\/","og_site_name":"Greenspells","article_publisher":"https:\/\/www.facebook.com\/Greenspells","article_modified_time":"2026-03-23T07:26:26+00:00","og_image":[{"width":1100,"height":1100,"url":"https:\/\/greenspells.com\/wp-content\/uploads\/2025\/04\/Active-glow-raspberry.webp","type":"image\/webp"}],"twitter_card":"summary_large_image","twitter_misc":{"Est. reading time":"2 minut\u0117s"},"schema":{"@context":"https:\/\/schema.org","@graph":[{"@type":"WebPage","@id":"https:\/\/greenspells.com\/product\/manucurist-active-glow-raspberry\/","url":"https:\/\/greenspells.com\/product\/manucurist-active-glow-raspberry\/","name":"MANUCURIST Active GLOW RASPBERRY - Greenspells","isPartOf":{"@id":"https:\/\/greenspells.com\/#website"},"primaryImageOfPage":{"@id":"https:\/\/greenspells.com\/product\/manucurist-active-glow-raspberry\/#primaryimage"},"image":{"@id":"https:\/\/greenspells.com\/product\/manucurist-active-glow-raspberry\/#primaryimage"},"thumbnailUrl":"https:\/\/i0.wp.com\/greenspells.com\/wp-content\/uploads\/2025\/04\/Active-glow-raspberry.webp?fit=1100%2C1100&ssl=1","datePublished":"2025-04-22T06:42:38+00:00","dateModified":"2026-03-23T07:26:26+00:00","description":"The First Nail Care Polish to Strengthen & Naturally Illuminate Nails. A hybrid between nail care and makeup. A tinted glow with a mirror-like shine.","breadcrumb":{"@id":"https:\/\/greenspells.com\/product\/manucurist-active-glow-raspberry\/#breadcrumb"},"inLanguage":"lt-LT","potentialAction":[{"@type":"ReadAction","target":["https:\/\/greenspells.com\/product\/manucurist-active-glow-raspberry\/"]}]},{"@type":"ImageObject","inLanguage":"lt-LT","@id":"https:\/\/greenspells.com\/product\/manucurist-active-glow-raspberry\/#primaryimage","url":"https:\/\/i0.wp.com\/greenspells.com\/wp-content\/uploads\/2025\/04\/Active-glow-raspberry.webp?fit=1100%2C1100&ssl=1","contentUrl":"https:\/\/i0.wp.com\/greenspells.com\/wp-content\/uploads\/2025\/04\/Active-glow-raspberry.webp?fit=1100%2C1100&ssl=1","width":1100,"height":1100,"caption":"manucurist active glow raspberry"},{"@type":"BreadcrumbList","@id":"https:\/\/greenspells.com\/product\/manucurist-active-glow-raspberry\/#breadcrumb","itemListElement":[{"@type":"ListItem","position":1,"name":"Home","item":"https:\/\/greenspells.com\/"},{"@type":"ListItem","position":2,"name":"Shop","item":"https:\/\/greenspells.com\/shop\/"},{"@type":"ListItem","position":3,"name":"MANUCURIST Active GLOW RASPBERRY"}]},{"@type":"WebSite","@id":"https:\/\/greenspells.com\/#website","url":"https:\/\/greenspells.com\/","name":"Greenspells","description":"Nat\u016brali ir ekologi\u0161ka kosmetika","publisher":{"@id":"https:\/\/greenspells.com\/#organization"},"potentialAction":[{"@type":"SearchAction","target":{"@type":"EntryPoint","urlTemplate":"https:\/\/greenspells.com\/?s={search_term_string}"},"query-input":{"@type":"PropertyValueSpecification","valueRequired":true,"valueName":"search_term_string"}}],"inLanguage":"lt-LT"},{"@type":"Organization","@id":"https:\/\/greenspells.com\/#organization","name":"Greenspells","url":"https:\/\/greenspells.com\/","logo":{"@type":"ImageObject","inLanguage":"lt-LT","@id":"https:\/\/greenspells.com\/#\/schema\/logo\/image\/","url":"https:\/\/i0.wp.com\/greenspells.com\/wp-content\/uploads\/2020\/09\/20200722_153424_0000.png?fit=1500%2C1500&ssl=1","contentUrl":"https:\/\/i0.wp.com\/greenspells.com\/wp-content\/uploads\/2020\/09\/20200722_153424_0000.png?fit=1500%2C1500&ssl=1","width":1500,"height":1500,"caption":"Greenspells"},"image":{"@id":"https:\/\/greenspells.com\/#\/schema\/logo\/image\/"},"sameAs":["https:\/\/www.facebook.com\/Greenspells","https:\/\/www.instagram.com\/greenspells_store\/"]}]}},"jetpack_likes_enabled":true,"jetpack_sharing_enabled":true,"_links":{"self":[{"href":"https:\/\/greenspells.com\/lt\/wp-json\/wp\/v2\/product\/1674359","targetHints":{"allow":["GET"]}}],"collection":[{"href":"https:\/\/greenspells.com\/lt\/wp-json\/wp\/v2\/product"}],"about":[{"href":"https:\/\/greenspells.com\/lt\/wp-json\/wp\/v2\/types\/product"}],"replies":[{"embeddable":true,"href":"https:\/\/greenspells.com\/lt\/wp-json\/wp\/v2\/comments?post=1674359"}],"wp:featuredmedia":[{"embeddable":true,"href":"https:\/\/greenspells.com\/lt\/wp-json\/wp\/v2\/media\/1674368"}],"wp:attachment":[{"href":"https:\/\/greenspells.com\/lt\/wp-json\/wp\/v2\/media?parent=1674359"}],"wp:term":[{"taxonomy":"product_brand","embeddable":true,"href":"https:\/\/greenspells.com\/lt\/wp-json\/wp\/v2\/product_brand?post=1674359"},{"taxonomy":"product_cat","embeddable":true,"href":"https:\/\/greenspells.com\/lt\/wp-json\/wp\/v2\/product_cat?post=1674359"},{"taxonomy":"product_tag","embeddable":true,"href":"https:\/\/greenspells.com\/lt\/wp-json\/wp\/v2\/product_tag?post=1674359"}],"curies":[{"name":"wp","href":"https:\/\/api.w.org\/{rel}","templated":true}]}}