{"id":1674351,"date":"2025-04-22T08:34:24","date_gmt":"2025-04-22T06:34:24","guid":{"rendered":"https:\/\/greenspells.com\/?post_type=product&#038;p=1674351"},"modified":"2025-11-18T12:30:02","modified_gmt":"2025-11-18T10:30:02","slug":"manucurist-active-smooth","status":"publish","type":"product","link":"https:\/\/greenspells.com\/lt\/produktas\/manucurist-active-smooth\/","title":{"rendered":"MANUCURIST <br> Active SMOOTH"},"content":{"rendered":"<p>Tai\u00a0<strong>Pirmasis CC lakas - prie\u017ei\u016bros priemon\u0117 nagams<\/strong>: tobulinantis nag\u0173 lakas, i\u0161lyginantis pavir\u0161i\u0173, netobulumus, puosel\u0117ja nagus!<\/p>\n<p>Tai tarsi nag\u0173 prie\u017ei\u016bros ir makia\u017eo hibridas, tobulinantis j\u016bs\u0173 nagus,  suteikiantis lengv\u0105, \u0161veln\u0173, nat\u016bral\u0173 atspalv\u012f. Su 75% augalinio pagrindo ingredient\u0173, stiprina, aatgaivina nagus. Praturtintas  ricinos pluo\u0161tu, heksanalu, AHAs ir Vitaminu E.<\/p>\n<p><strong>Ypa\u010d lengva naudoti<\/strong><\/p>\n<p>Tiesiog tepkite ant \u0161vari\u0173 nag\u0173 - nereikia nei bazinio, nei vir\u0161utinio sluoksni\u0173.<br \/>\nGreitai d\u017ei\u016bsta savaime, ore - nereikia lemp\u0173<br \/>\nIlgai i\u0161liekantis \u017evilgesys ir i\u0161silaikymas - net iki 7 dien\u0173!<\/p>\n<p><strong>Pa\u017eangi nag\u0173 prie\u017ei\u016bros formul\u0117<\/strong><\/p>\n<p>Aktyv\u016bs ingredentai stiprina nagus, koreguoja pavir\u0161iaus nelygumus:<\/p>\n<ul>\n<li>Ricinos pluo\u0161tas - u\u017epildo, lygina, atstato nelygius nagus<\/li>\n<li>Heksanalas - tvirtina, stiprina, atstato trapius nagus<\/li>\n<li>AHAs - saugo, regeneruoja, giliai dr\u0117kina<\/li>\n<li>Vitaminas E - saugo nuo sen\u0117jimo bei i\u0161orini\u0173 pa\u017eeidim\u0173<\/li>\n<\/ul>\n<p><em><strong>Kaip naudoti?<\/strong><\/em><\/p>\n<p>Tepti tiesiai ant \u0161vari\u0173 nag\u0173, be jokio bazinio ar vir\u0161utinio (base \\ top coat), leiskite i\u0161d\u017ei\u016bti nat\u016braliai ore.<\/p>\n<p>Norimam efektui susikurti:<\/p>\n<ul>\n<li>1 sluoksnis - subitlus, \u0161velnus, beveik skaidrus ir blizgus efektas, atrodo lyg nat\u016bralus nagas, bet gra\u017eiau<\/li>\n<li>2 sluoksniai - labiau i\u0161reik\u0161tam CC efektui<\/li>\n<li>Sluoksniavimas: galima naudoti ir derinti kartu su kitais ACTIVE serijos produktais, kad pasiektum\u0117te norim\u0105 i\u0161vaizd\u0105.<\/li>\n<\/ul>\n<p>Lengvai nusivalo Green valikliu, ar kitu \u012fprastu valikliu.<\/p>\n<p><em><strong>Sud\u0117tis:<\/strong><\/em><\/p>\n<p>BUTYL ACETATE, ETHYL ACETATE, NITROCELLULOSE, ACETYL TRIBUTYL CITRATE, ADIPIC ACID\/NEOPENTYL GLYCOL\/TRIMELLITIC ANHYDRIDE COPOLYMER, ISOPROPYL ALCOHOL, SILICA, ORYZA SATIVA (RICE) STARCH, ACRYLATES COPOLYMER, GLYCOLIC ACID, HYDROGENATED CASTOR OIL\/SEBACIC ACID COPOLYMER, ETOCRYLENE, OLIVE OIL DECYL ESTERS, TOCOPHERYL ACETATE, MALIC ACID, HEXANAL, LACTIC ACID, CI 77891 (TITANIUM DIOXIDE), AQUA (WATER), PROPYLENE GLYCOL, SQUALENE, CI 77491 (IRON OXIDES), ALUMINUM HYDROXIDE, TRIETHOXYCAPRYLYLSILANE, QUARTZ, POTASSIUM SORBATE, SORBIC ACID, TOCOPHEROL, PHOSPHORIC ACID<\/p>\n<p>75% plant-based<\/p>","protected":false},"excerpt":{"rendered":"<p>The\u00a0First CC Polish Treatment: A Perfecting Care Polish to Smooth Ridges, Blur Imperfections, and Unify the Nail Surface! A hybrid between nail care and makeup, this all-in-one perfector delivers a pink satin finish. With 75% plant-based ingredients, it strengthens and revitalises nails thanks to its formula enriched with castor fibres, hexanal, AHAs, and vitamin E. [&hellip;]<\/p>","protected":false},"featured_media":1674357,"comment_status":"open","ping_status":"closed","template":"","meta":{"content-type":"","_monsterinsights_skip_tracking":false,"_monsterinsights_sitenote_active":false,"_monsterinsights_sitenote_note":"","_monsterinsights_sitenote_category":0,"_uf_show_specific_survey":0,"_uf_disable_surveys":false},"product_brand":[1907],"product_cat":[1905,1887,15],"product_tag":[1932,1933,1913,1935,1934,1931,1908,1936,1923],"class_list":{"0":"post-1674351","1":"product","2":"type-product","3":"status-publish","4":"has-post-thumbnail","6":"product_brand-manucurist","7":"product_cat-nail-care","8":"product_cat-greenspells-nails","9":"product_cat-all-products","10":"product_tag-active-manucurist","11":"product_tag-illuminates-nail","12":"product_tag-nagu-prieziura","13":"product_tag-nagu-prieziuros-priemones","14":"product_tag-nagu-stipriklis","15":"product_tag-nail-make-up","16":"product_tag-nail-polish","17":"product_tag-naturaali-nagu-prieziura","18":"product_tag-naturalus-agai","20":"first","21":"instock","22":"taxable","23":"shipping-taxable","24":"purchasable","25":"product-type-simple"},"bundled_by":[],"bundle_stock_status":"instock","bundle_stock_quantity":null,"bundle_virtual":false,"bundle_layout":"","bundle_add_to_cart_form_location":"","bundle_editable_in_cart":false,"bundle_sold_individually_context":"","bundle_item_grouping":"","bundle_min_size":"","bundle_max_size":"","bundle_price":[],"bundled_items":[],"bundle_sell_ids":[],"group_of_quantity":0,"min_quantity":0,"max_quantity":"","exclude_order_quantity_value_rules":"no","exclude_category_quantity_rules":"no","combine_variations":"no","exclude_global_add_ons":[],"addons":[],"yoast_head":"<!-- This site is optimized with the Yoast SEO plugin v27.4 - https:\/\/yoast.com\/product\/yoast-seo-wordpress\/ -->\n<title>MANUCURIST  Active SMOOTH - Greenspells<\/title>\n<meta name=\"description\" content=\"The First Nail Care Polish to Strengthen &amp; Naturally Illuminate Nails. A hybrid between nail care and makeup, enhances and brightens nails.\" \/>\n<meta name=\"robots\" content=\"index, follow, max-snippet:-1, max-image-preview:large, max-video-preview:-1\" \/>\n<link rel=\"canonical\" href=\"https:\/\/greenspells.com\/lt\/produktas\/manucurist-active-smooth\/\" \/>\n<meta property=\"og:locale\" content=\"lt_LT\" \/>\n<meta property=\"og:type\" content=\"article\" \/>\n<meta property=\"og:title\" content=\"MANUCURIST  Active SMOOTH - Greenspells\" \/>\n<meta property=\"og:description\" content=\"The First Nail Care Polish to Strengthen &amp; Naturally Illuminate Nails. A hybrid between nail care and makeup, enhances and brightens nails.\" \/>\n<meta property=\"og:url\" content=\"https:\/\/greenspells.com\/lt\/produktas\/manucurist-active-smooth\/\" \/>\n<meta property=\"og:site_name\" content=\"Greenspells\" \/>\n<meta property=\"article:publisher\" content=\"https:\/\/www.facebook.com\/Greenspells\" \/>\n<meta property=\"article:modified_time\" content=\"2025-11-18T10:30:02+00:00\" \/>\n<meta property=\"og:image\" content=\"https:\/\/greenspells.com\/wp-content\/uploads\/2025\/04\/Active-smooth.webp\" \/>\n\t<meta property=\"og:image:width\" content=\"1100\" \/>\n\t<meta property=\"og:image:height\" content=\"1100\" \/>\n\t<meta property=\"og:image:type\" content=\"image\/webp\" \/>\n<meta name=\"twitter:card\" content=\"summary_large_image\" \/>\n<meta name=\"twitter:label1\" content=\"Est. reading time\" \/>\n\t<meta name=\"twitter:data1\" content=\"2 minut\u0117s\" \/>\n<script type=\"application\/ld+json\" class=\"yoast-schema-graph\">{\"@context\":\"https:\\\/\\\/schema.org\",\"@graph\":[{\"@type\":\"WebPage\",\"@id\":\"https:\\\/\\\/greenspells.com\\\/product\\\/manucurist-active-smooth\\\/\",\"url\":\"https:\\\/\\\/greenspells.com\\\/product\\\/manucurist-active-smooth\\\/\",\"name\":\"MANUCURIST Active SMOOTH - Greenspells\",\"isPartOf\":{\"@id\":\"https:\\\/\\\/greenspells.com\\\/#website\"},\"primaryImageOfPage\":{\"@id\":\"https:\\\/\\\/greenspells.com\\\/product\\\/manucurist-active-smooth\\\/#primaryimage\"},\"image\":{\"@id\":\"https:\\\/\\\/greenspells.com\\\/product\\\/manucurist-active-smooth\\\/#primaryimage\"},\"thumbnailUrl\":\"https:\\\/\\\/i0.wp.com\\\/greenspells.com\\\/wp-content\\\/uploads\\\/2025\\\/04\\\/Active-smooth.webp?fit=1100%2C1100&ssl=1\",\"datePublished\":\"2025-04-22T06:34:24+00:00\",\"dateModified\":\"2025-11-18T10:30:02+00:00\",\"description\":\"The First Nail Care Polish to Strengthen & Naturally Illuminate Nails. A hybrid between nail care and makeup, enhances and brightens nails.\",\"breadcrumb\":{\"@id\":\"https:\\\/\\\/greenspells.com\\\/product\\\/manucurist-active-smooth\\\/#breadcrumb\"},\"inLanguage\":\"lt-LT\",\"potentialAction\":[{\"@type\":\"ReadAction\",\"target\":[\"https:\\\/\\\/greenspells.com\\\/product\\\/manucurist-active-smooth\\\/\"]}]},{\"@type\":\"ImageObject\",\"inLanguage\":\"lt-LT\",\"@id\":\"https:\\\/\\\/greenspells.com\\\/product\\\/manucurist-active-smooth\\\/#primaryimage\",\"url\":\"https:\\\/\\\/i0.wp.com\\\/greenspells.com\\\/wp-content\\\/uploads\\\/2025\\\/04\\\/Active-smooth.webp?fit=1100%2C1100&ssl=1\",\"contentUrl\":\"https:\\\/\\\/i0.wp.com\\\/greenspells.com\\\/wp-content\\\/uploads\\\/2025\\\/04\\\/Active-smooth.webp?fit=1100%2C1100&ssl=1\",\"width\":1100,\"height\":1100,\"caption\":\"manucurist active smooth\"},{\"@type\":\"BreadcrumbList\",\"@id\":\"https:\\\/\\\/greenspells.com\\\/product\\\/manucurist-active-smooth\\\/#breadcrumb\",\"itemListElement\":[{\"@type\":\"ListItem\",\"position\":1,\"name\":\"Home\",\"item\":\"https:\\\/\\\/greenspells.com\\\/\"},{\"@type\":\"ListItem\",\"position\":2,\"name\":\"Shop\",\"item\":\"https:\\\/\\\/greenspells.com\\\/shop\\\/\"},{\"@type\":\"ListItem\",\"position\":3,\"name\":\"MANUCURIST Active SMOOTH\"}]},{\"@type\":\"WebSite\",\"@id\":\"https:\\\/\\\/greenspells.com\\\/#website\",\"url\":\"https:\\\/\\\/greenspells.com\\\/\",\"name\":\"Greenspells\",\"description\":\"Nat\u016brali ir ekologi\u0161ka kosmetika\",\"publisher\":{\"@id\":\"https:\\\/\\\/greenspells.com\\\/#organization\"},\"potentialAction\":[{\"@type\":\"SearchAction\",\"target\":{\"@type\":\"EntryPoint\",\"urlTemplate\":\"https:\\\/\\\/greenspells.com\\\/?s={search_term_string}\"},\"query-input\":{\"@type\":\"PropertyValueSpecification\",\"valueRequired\":true,\"valueName\":\"search_term_string\"}}],\"inLanguage\":\"lt-LT\"},{\"@type\":\"Organization\",\"@id\":\"https:\\\/\\\/greenspells.com\\\/#organization\",\"name\":\"Greenspells\",\"url\":\"https:\\\/\\\/greenspells.com\\\/\",\"logo\":{\"@type\":\"ImageObject\",\"inLanguage\":\"lt-LT\",\"@id\":\"https:\\\/\\\/greenspells.com\\\/#\\\/schema\\\/logo\\\/image\\\/\",\"url\":\"https:\\\/\\\/i0.wp.com\\\/greenspells.com\\\/wp-content\\\/uploads\\\/2020\\\/09\\\/20200722_153424_0000.png?fit=1500%2C1500&ssl=1\",\"contentUrl\":\"https:\\\/\\\/i0.wp.com\\\/greenspells.com\\\/wp-content\\\/uploads\\\/2020\\\/09\\\/20200722_153424_0000.png?fit=1500%2C1500&ssl=1\",\"width\":1500,\"height\":1500,\"caption\":\"Greenspells\"},\"image\":{\"@id\":\"https:\\\/\\\/greenspells.com\\\/#\\\/schema\\\/logo\\\/image\\\/\"},\"sameAs\":[\"https:\\\/\\\/www.facebook.com\\\/Greenspells\",\"https:\\\/\\\/www.instagram.com\\\/greenspells_store\\\/\"]}]}<\/script>\n<!-- \/ Yoast SEO plugin. -->","yoast_head_json":{"title":"MANUCURIST  Active SMOOTH - Greenspells","description":"The First Nail Care Polish to Strengthen & Naturally Illuminate Nails. A hybrid between nail care and makeup, enhances and brightens nails.","robots":{"index":"index","follow":"follow","max-snippet":"max-snippet:-1","max-image-preview":"max-image-preview:large","max-video-preview":"max-video-preview:-1"},"canonical":"https:\/\/greenspells.com\/lt\/produktas\/manucurist-active-smooth\/","og_locale":"lt_LT","og_type":"article","og_title":"MANUCURIST  Active SMOOTH - Greenspells","og_description":"The First Nail Care Polish to Strengthen & Naturally Illuminate Nails. A hybrid between nail care and makeup, enhances and brightens nails.","og_url":"https:\/\/greenspells.com\/lt\/produktas\/manucurist-active-smooth\/","og_site_name":"Greenspells","article_publisher":"https:\/\/www.facebook.com\/Greenspells","article_modified_time":"2025-11-18T10:30:02+00:00","og_image":[{"width":1100,"height":1100,"url":"https:\/\/greenspells.com\/wp-content\/uploads\/2025\/04\/Active-smooth.webp","type":"image\/webp"}],"twitter_card":"summary_large_image","twitter_misc":{"Est. reading time":"2 minut\u0117s"},"schema":{"@context":"https:\/\/schema.org","@graph":[{"@type":"WebPage","@id":"https:\/\/greenspells.com\/product\/manucurist-active-smooth\/","url":"https:\/\/greenspells.com\/product\/manucurist-active-smooth\/","name":"MANUCURIST Active SMOOTH - Greenspells","isPartOf":{"@id":"https:\/\/greenspells.com\/#website"},"primaryImageOfPage":{"@id":"https:\/\/greenspells.com\/product\/manucurist-active-smooth\/#primaryimage"},"image":{"@id":"https:\/\/greenspells.com\/product\/manucurist-active-smooth\/#primaryimage"},"thumbnailUrl":"https:\/\/i0.wp.com\/greenspells.com\/wp-content\/uploads\/2025\/04\/Active-smooth.webp?fit=1100%2C1100&ssl=1","datePublished":"2025-04-22T06:34:24+00:00","dateModified":"2025-11-18T10:30:02+00:00","description":"The First Nail Care Polish to Strengthen & Naturally Illuminate Nails. A hybrid between nail care and makeup, enhances and brightens nails.","breadcrumb":{"@id":"https:\/\/greenspells.com\/product\/manucurist-active-smooth\/#breadcrumb"},"inLanguage":"lt-LT","potentialAction":[{"@type":"ReadAction","target":["https:\/\/greenspells.com\/product\/manucurist-active-smooth\/"]}]},{"@type":"ImageObject","inLanguage":"lt-LT","@id":"https:\/\/greenspells.com\/product\/manucurist-active-smooth\/#primaryimage","url":"https:\/\/i0.wp.com\/greenspells.com\/wp-content\/uploads\/2025\/04\/Active-smooth.webp?fit=1100%2C1100&ssl=1","contentUrl":"https:\/\/i0.wp.com\/greenspells.com\/wp-content\/uploads\/2025\/04\/Active-smooth.webp?fit=1100%2C1100&ssl=1","width":1100,"height":1100,"caption":"manucurist active smooth"},{"@type":"BreadcrumbList","@id":"https:\/\/greenspells.com\/product\/manucurist-active-smooth\/#breadcrumb","itemListElement":[{"@type":"ListItem","position":1,"name":"Home","item":"https:\/\/greenspells.com\/"},{"@type":"ListItem","position":2,"name":"Shop","item":"https:\/\/greenspells.com\/shop\/"},{"@type":"ListItem","position":3,"name":"MANUCURIST Active SMOOTH"}]},{"@type":"WebSite","@id":"https:\/\/greenspells.com\/#website","url":"https:\/\/greenspells.com\/","name":"Greenspells","description":"Nat\u016brali ir ekologi\u0161ka kosmetika","publisher":{"@id":"https:\/\/greenspells.com\/#organization"},"potentialAction":[{"@type":"SearchAction","target":{"@type":"EntryPoint","urlTemplate":"https:\/\/greenspells.com\/?s={search_term_string}"},"query-input":{"@type":"PropertyValueSpecification","valueRequired":true,"valueName":"search_term_string"}}],"inLanguage":"lt-LT"},{"@type":"Organization","@id":"https:\/\/greenspells.com\/#organization","name":"Greenspells","url":"https:\/\/greenspells.com\/","logo":{"@type":"ImageObject","inLanguage":"lt-LT","@id":"https:\/\/greenspells.com\/#\/schema\/logo\/image\/","url":"https:\/\/i0.wp.com\/greenspells.com\/wp-content\/uploads\/2020\/09\/20200722_153424_0000.png?fit=1500%2C1500&ssl=1","contentUrl":"https:\/\/i0.wp.com\/greenspells.com\/wp-content\/uploads\/2020\/09\/20200722_153424_0000.png?fit=1500%2C1500&ssl=1","width":1500,"height":1500,"caption":"Greenspells"},"image":{"@id":"https:\/\/greenspells.com\/#\/schema\/logo\/image\/"},"sameAs":["https:\/\/www.facebook.com\/Greenspells","https:\/\/www.instagram.com\/greenspells_store\/"]}]}},"jetpack_likes_enabled":true,"jetpack_sharing_enabled":true,"_links":{"self":[{"href":"https:\/\/greenspells.com\/lt\/wp-json\/wp\/v2\/product\/1674351","targetHints":{"allow":["GET"]}}],"collection":[{"href":"https:\/\/greenspells.com\/lt\/wp-json\/wp\/v2\/product"}],"about":[{"href":"https:\/\/greenspells.com\/lt\/wp-json\/wp\/v2\/types\/product"}],"replies":[{"embeddable":true,"href":"https:\/\/greenspells.com\/lt\/wp-json\/wp\/v2\/comments?post=1674351"}],"wp:featuredmedia":[{"embeddable":true,"href":"https:\/\/greenspells.com\/lt\/wp-json\/wp\/v2\/media\/1674357"}],"wp:attachment":[{"href":"https:\/\/greenspells.com\/lt\/wp-json\/wp\/v2\/media?parent=1674351"}],"wp:term":[{"taxonomy":"product_brand","embeddable":true,"href":"https:\/\/greenspells.com\/lt\/wp-json\/wp\/v2\/product_brand?post=1674351"},{"taxonomy":"product_cat","embeddable":true,"href":"https:\/\/greenspells.com\/lt\/wp-json\/wp\/v2\/product_cat?post=1674351"},{"taxonomy":"product_tag","embeddable":true,"href":"https:\/\/greenspells.com\/lt\/wp-json\/wp\/v2\/product_tag?post=1674351"}],"curies":[{"name":"wp","href":"https:\/\/api.w.org\/{rel}","templated":true}]}}