{"id":1674311,"date":"2025-04-19T19:32:52","date_gmt":"2025-04-19T17:32:52","guid":{"rendered":"https:\/\/greenspells.com\/?post_type=product&#038;p=1674311"},"modified":"2025-10-21T11:02:02","modified_gmt":"2025-10-21T09:02:02","slug":"manucurist-drying-drops","status":"publish","type":"product","link":"https:\/\/greenspells.com\/lt\/produktas\/manucurist-drying-drops\/","title":{"rendered":"MANUCURIST <br> D\u017eiovinimo la\u0161iukai"},"content":{"rendered":"<p>La\u0161iukai, pagreitinantys nag\u0173 lako d\u017ei\u016bvim\u0105\u00a0<strong>sutrumpindami j\u012f perpus!<\/strong> Praturtintas keramidais, maitina nagus.<\/p>\n<p>Tai\u00a0<strong>esantis mygtukas<\/strong>\u00a0padeda lengvai ir greitai paskleisti produt\u0105 ant nago - vienam nagui pakanka vos vieno la\u0161iuko!<\/p>\n<p>Sukurtas taip, kad jau ir taip greitai d\u017ei\u016bstant\u012f nag\u0173 lak\u0105\u00a0<strong>i\u0161d\u017eiovina dar dvigubai grei\u010diau.<\/strong>Malonaus g\u0117linio kvapo,\u00a0<strong>intensyviai maitinantis kutikules -<\/strong>\u00a0d\u0117l sud\u0117tyje esan\u010di\u0173 keramid\u0173,\u00a0<strong>stiprinan\u010di\u0173 odos barjer\u0105.<\/strong>.<\/p>\n<p><em><strong>Kaip naudoti?<\/strong><\/em><\/p>\n<p>U\u017ela\u0161inkite po 1 la\u0161iuk\u0105 ant kiekvieno nulakuoto ir u\u017ebaigimo laku (top coat) padengto nago. Nereikia trinti!<\/p>\n<p><em><strong>Sud\u0117tis:<\/strong><\/em><\/p>\n<p>DISILOXANE, COCONUT ALKANES, COCO-CAPRYLATE \/ CAPRATE, LAVANDULA ANGUSTIFOLIA (LAVENDER) OIL, ALCOHOL DENAT., ARGAN OIL AMINOPROPANEDIOL ESTERS, LINALOOL, LIMONENE<\/p>\n<p>49,5% plant-based ingredients<\/p>","protected":false},"excerpt":{"rendered":"<p>Drying Drops\u00a0reduce the drying time of Green\u2122 polish by half. Enriched with ceramides, they leave the nail and its contour\u00a0perfectly nourished. The\u00a0push-button\u00a0allows for easy and ultra-precise application: one drop per nail is sufficient at the end of your manicure! The natural solvents in the product contain volatile compounds that allow the polish\u00a0to dry twice as [&hellip;]<\/p>\n","protected":false},"featured_media":1674318,"comment_status":"open","ping_status":"closed","template":"","meta":{"content-type":"","_monsterinsights_skip_tracking":false,"_monsterinsights_sitenote_active":false,"_monsterinsights_sitenote_note":"","_monsterinsights_sitenote_category":0,"_uf_show_specific_survey":0,"_uf_disable_surveys":false},"product_brand":[1907],"product_cat":[1905,1904,1887,15],"product_tag":[1926,1929,1928,1930,1912,1913,1927],"class_list":{"0":"post-1674311","1":"product","2":"type-product","3":"status-publish","4":"has-post-thumbnail","6":"product_brand-manucurist","7":"product_cat-nail-care","8":"product_cat-nail-polish-manucurist","9":"product_cat-greenspells-nails","10":"product_cat-all-products","11":"product_tag-drying-drops","12":"product_tag-greitai-dziusta","13":"product_tag-greitas-nagu-dziuvimas","14":"product_tag-lasiukai","15":"product_tag-manucurist","16":"product_tag-nagu-prieziura","17":"product_tag-nagu-dziuvimas","19":"first","20":"instock","21":"taxable","22":"shipping-taxable","23":"purchasable","24":"product-type-simple"},"bundled_by":[],"bundle_stock_status":"instock","bundle_stock_quantity":null,"bundle_virtual":false,"bundle_layout":"","bundle_add_to_cart_form_location":"","bundle_editable_in_cart":false,"bundle_sold_individually_context":"","bundle_item_grouping":"","bundle_min_size":"","bundle_max_size":"","bundle_price":[],"bundled_items":[],"bundle_sell_ids":[],"group_of_quantity":0,"min_quantity":0,"max_quantity":"","exclude_order_quantity_value_rules":"no","exclude_category_quantity_rules":"no","combine_variations":"no","exclude_global_add_ons":[],"addons":[],"yoast_head":"<!-- This site is optimized with the Yoast SEO plugin v27.6 - https:\/\/yoast.com\/product\/yoast-seo-wordpress\/ -->\n<title>MANUCURIST  Drying drops - Greenspells<\/title>\n<meta name=\"description\" content=\"Drying Drops\u00a0reduce the drying time of Green\u2122 polish by half. Enriched with ceramides, they leave the nail and its contour\u00a0perfectly nourished.\" \/>\n<meta name=\"robots\" content=\"index, follow, max-snippet:-1, max-image-preview:large, max-video-preview:-1\" \/>\n<link rel=\"canonical\" href=\"https:\/\/greenspells.com\/lt\/produktas\/manucurist-drying-drops\/\" \/>\n<meta property=\"og:locale\" content=\"lt_LT\" \/>\n<meta property=\"og:type\" content=\"article\" \/>\n<meta property=\"og:title\" content=\"MANUCURIST  Drying drops - Greenspells\" \/>\n<meta property=\"og:description\" content=\"Drying Drops\u00a0reduce the drying time of Green\u2122 polish by half. Enriched with ceramides, they leave the nail and its contour\u00a0perfectly nourished.\" \/>\n<meta property=\"og:url\" content=\"https:\/\/greenspells.com\/lt\/produktas\/manucurist-drying-drops\/\" \/>\n<meta property=\"og:site_name\" content=\"Greenspells\" \/>\n<meta property=\"article:publisher\" content=\"https:\/\/www.facebook.com\/Greenspells\" \/>\n<meta property=\"article:modified_time\" content=\"2025-10-21T09:02:02+00:00\" \/>\n<meta property=\"og:image\" content=\"https:\/\/greenspells.com\/wp-content\/uploads\/2025\/04\/drying-drops.webp\" \/>\n\t<meta property=\"og:image:width\" content=\"1100\" \/>\n\t<meta property=\"og:image:height\" content=\"1100\" \/>\n\t<meta property=\"og:image:type\" content=\"image\/webp\" \/>\n<meta name=\"twitter:card\" content=\"summary_large_image\" \/>\n<meta name=\"twitter:label1\" content=\"Est. reading time\" \/>\n\t<meta name=\"twitter:data1\" content=\"1 minut\u0117\" \/>\n<script type=\"application\/ld+json\" class=\"yoast-schema-graph\">{\"@context\":\"https:\\\/\\\/schema.org\",\"@graph\":[{\"@type\":\"WebPage\",\"@id\":\"https:\\\/\\\/greenspells.com\\\/product\\\/manucurist-drying-drops\\\/\",\"url\":\"https:\\\/\\\/greenspells.com\\\/product\\\/manucurist-drying-drops\\\/\",\"name\":\"MANUCURIST Drying drops - Greenspells\",\"isPartOf\":{\"@id\":\"https:\\\/\\\/greenspells.com\\\/#website\"},\"primaryImageOfPage\":{\"@id\":\"https:\\\/\\\/greenspells.com\\\/product\\\/manucurist-drying-drops\\\/#primaryimage\"},\"image\":{\"@id\":\"https:\\\/\\\/greenspells.com\\\/product\\\/manucurist-drying-drops\\\/#primaryimage\"},\"thumbnailUrl\":\"https:\\\/\\\/i0.wp.com\\\/greenspells.com\\\/wp-content\\\/uploads\\\/2025\\\/04\\\/drying-drops.webp?fit=1100%2C1100&ssl=1\",\"datePublished\":\"2025-04-19T17:32:52+00:00\",\"dateModified\":\"2025-10-21T09:02:02+00:00\",\"description\":\"Drying Drops\u00a0reduce the drying time of Green\u2122 polish by half. Enriched with ceramides, they leave the nail and its contour\u00a0perfectly nourished.\",\"breadcrumb\":{\"@id\":\"https:\\\/\\\/greenspells.com\\\/product\\\/manucurist-drying-drops\\\/#breadcrumb\"},\"inLanguage\":\"lt-LT\",\"potentialAction\":[{\"@type\":\"ReadAction\",\"target\":[\"https:\\\/\\\/greenspells.com\\\/product\\\/manucurist-drying-drops\\\/\"]}]},{\"@type\":\"ImageObject\",\"inLanguage\":\"lt-LT\",\"@id\":\"https:\\\/\\\/greenspells.com\\\/product\\\/manucurist-drying-drops\\\/#primaryimage\",\"url\":\"https:\\\/\\\/i0.wp.com\\\/greenspells.com\\\/wp-content\\\/uploads\\\/2025\\\/04\\\/drying-drops.webp?fit=1100%2C1100&ssl=1\",\"contentUrl\":\"https:\\\/\\\/i0.wp.com\\\/greenspells.com\\\/wp-content\\\/uploads\\\/2025\\\/04\\\/drying-drops.webp?fit=1100%2C1100&ssl=1\",\"width\":1100,\"height\":1100,\"caption\":\"manucurist drying drops\"},{\"@type\":\"BreadcrumbList\",\"@id\":\"https:\\\/\\\/greenspells.com\\\/product\\\/manucurist-drying-drops\\\/#breadcrumb\",\"itemListElement\":[{\"@type\":\"ListItem\",\"position\":1,\"name\":\"Home\",\"item\":\"https:\\\/\\\/greenspells.com\\\/\"},{\"@type\":\"ListItem\",\"position\":2,\"name\":\"Shop\",\"item\":\"https:\\\/\\\/greenspells.com\\\/shop\\\/\"},{\"@type\":\"ListItem\",\"position\":3,\"name\":\"MANUCURIST Drying drops\"}]},{\"@type\":\"WebSite\",\"@id\":\"https:\\\/\\\/greenspells.com\\\/#website\",\"url\":\"https:\\\/\\\/greenspells.com\\\/\",\"name\":\"Greenspells\",\"description\":\"Nat\u016brali ir ekologi\u0161ka kosmetika\",\"publisher\":{\"@id\":\"https:\\\/\\\/greenspells.com\\\/#organization\"},\"potentialAction\":[{\"@type\":\"SearchAction\",\"target\":{\"@type\":\"EntryPoint\",\"urlTemplate\":\"https:\\\/\\\/greenspells.com\\\/?s={search_term_string}\"},\"query-input\":{\"@type\":\"PropertyValueSpecification\",\"valueRequired\":true,\"valueName\":\"search_term_string\"}}],\"inLanguage\":\"lt-LT\"},{\"@type\":\"Organization\",\"@id\":\"https:\\\/\\\/greenspells.com\\\/#organization\",\"name\":\"Greenspells\",\"url\":\"https:\\\/\\\/greenspells.com\\\/\",\"logo\":{\"@type\":\"ImageObject\",\"inLanguage\":\"lt-LT\",\"@id\":\"https:\\\/\\\/greenspells.com\\\/#\\\/schema\\\/logo\\\/image\\\/\",\"url\":\"https:\\\/\\\/i0.wp.com\\\/greenspells.com\\\/wp-content\\\/uploads\\\/2020\\\/09\\\/20200722_153424_0000.png?fit=1500%2C1500&ssl=1\",\"contentUrl\":\"https:\\\/\\\/i0.wp.com\\\/greenspells.com\\\/wp-content\\\/uploads\\\/2020\\\/09\\\/20200722_153424_0000.png?fit=1500%2C1500&ssl=1\",\"width\":1500,\"height\":1500,\"caption\":\"Greenspells\"},\"image\":{\"@id\":\"https:\\\/\\\/greenspells.com\\\/#\\\/schema\\\/logo\\\/image\\\/\"},\"sameAs\":[\"https:\\\/\\\/www.facebook.com\\\/Greenspells\",\"https:\\\/\\\/www.instagram.com\\\/greenspells_store\\\/\"]}]}<\/script>\n<!-- \/ Yoast SEO plugin. -->","yoast_head_json":{"title":"MANUCURIST  Drying drops - Greenspells","description":"Drying Drops\u00a0reduce the drying time of Green\u2122 polish by half. Enriched with ceramides, they leave the nail and its contour\u00a0perfectly nourished.","robots":{"index":"index","follow":"follow","max-snippet":"max-snippet:-1","max-image-preview":"max-image-preview:large","max-video-preview":"max-video-preview:-1"},"canonical":"https:\/\/greenspells.com\/lt\/produktas\/manucurist-drying-drops\/","og_locale":"lt_LT","og_type":"article","og_title":"MANUCURIST  Drying drops - Greenspells","og_description":"Drying Drops\u00a0reduce the drying time of Green\u2122 polish by half. Enriched with ceramides, they leave the nail and its contour\u00a0perfectly nourished.","og_url":"https:\/\/greenspells.com\/lt\/produktas\/manucurist-drying-drops\/","og_site_name":"Greenspells","article_publisher":"https:\/\/www.facebook.com\/Greenspells","article_modified_time":"2025-10-21T09:02:02+00:00","og_image":[{"width":1100,"height":1100,"url":"https:\/\/greenspells.com\/wp-content\/uploads\/2025\/04\/drying-drops.webp","type":"image\/webp"}],"twitter_card":"summary_large_image","twitter_misc":{"Est. reading time":"1 minut\u0117"},"schema":{"@context":"https:\/\/schema.org","@graph":[{"@type":"WebPage","@id":"https:\/\/greenspells.com\/product\/manucurist-drying-drops\/","url":"https:\/\/greenspells.com\/product\/manucurist-drying-drops\/","name":"MANUCURIST Drying drops - Greenspells","isPartOf":{"@id":"https:\/\/greenspells.com\/#website"},"primaryImageOfPage":{"@id":"https:\/\/greenspells.com\/product\/manucurist-drying-drops\/#primaryimage"},"image":{"@id":"https:\/\/greenspells.com\/product\/manucurist-drying-drops\/#primaryimage"},"thumbnailUrl":"https:\/\/i0.wp.com\/greenspells.com\/wp-content\/uploads\/2025\/04\/drying-drops.webp?fit=1100%2C1100&ssl=1","datePublished":"2025-04-19T17:32:52+00:00","dateModified":"2025-10-21T09:02:02+00:00","description":"Drying Drops\u00a0reduce the drying time of Green\u2122 polish by half. Enriched with ceramides, they leave the nail and its contour\u00a0perfectly nourished.","breadcrumb":{"@id":"https:\/\/greenspells.com\/product\/manucurist-drying-drops\/#breadcrumb"},"inLanguage":"lt-LT","potentialAction":[{"@type":"ReadAction","target":["https:\/\/greenspells.com\/product\/manucurist-drying-drops\/"]}]},{"@type":"ImageObject","inLanguage":"lt-LT","@id":"https:\/\/greenspells.com\/product\/manucurist-drying-drops\/#primaryimage","url":"https:\/\/i0.wp.com\/greenspells.com\/wp-content\/uploads\/2025\/04\/drying-drops.webp?fit=1100%2C1100&ssl=1","contentUrl":"https:\/\/i0.wp.com\/greenspells.com\/wp-content\/uploads\/2025\/04\/drying-drops.webp?fit=1100%2C1100&ssl=1","width":1100,"height":1100,"caption":"manucurist drying drops"},{"@type":"BreadcrumbList","@id":"https:\/\/greenspells.com\/product\/manucurist-drying-drops\/#breadcrumb","itemListElement":[{"@type":"ListItem","position":1,"name":"Home","item":"https:\/\/greenspells.com\/"},{"@type":"ListItem","position":2,"name":"Shop","item":"https:\/\/greenspells.com\/shop\/"},{"@type":"ListItem","position":3,"name":"MANUCURIST Drying drops"}]},{"@type":"WebSite","@id":"https:\/\/greenspells.com\/#website","url":"https:\/\/greenspells.com\/","name":"Greenspells","description":"Nat\u016brali ir ekologi\u0161ka kosmetika","publisher":{"@id":"https:\/\/greenspells.com\/#organization"},"potentialAction":[{"@type":"SearchAction","target":{"@type":"EntryPoint","urlTemplate":"https:\/\/greenspells.com\/?s={search_term_string}"},"query-input":{"@type":"PropertyValueSpecification","valueRequired":true,"valueName":"search_term_string"}}],"inLanguage":"lt-LT"},{"@type":"Organization","@id":"https:\/\/greenspells.com\/#organization","name":"Greenspells","url":"https:\/\/greenspells.com\/","logo":{"@type":"ImageObject","inLanguage":"lt-LT","@id":"https:\/\/greenspells.com\/#\/schema\/logo\/image\/","url":"https:\/\/i0.wp.com\/greenspells.com\/wp-content\/uploads\/2020\/09\/20200722_153424_0000.png?fit=1500%2C1500&ssl=1","contentUrl":"https:\/\/i0.wp.com\/greenspells.com\/wp-content\/uploads\/2020\/09\/20200722_153424_0000.png?fit=1500%2C1500&ssl=1","width":1500,"height":1500,"caption":"Greenspells"},"image":{"@id":"https:\/\/greenspells.com\/#\/schema\/logo\/image\/"},"sameAs":["https:\/\/www.facebook.com\/Greenspells","https:\/\/www.instagram.com\/greenspells_store\/"]}]}},"jetpack_likes_enabled":true,"jetpack_sharing_enabled":true,"_links":{"self":[{"href":"https:\/\/greenspells.com\/lt\/wp-json\/wp\/v2\/product\/1674311","targetHints":{"allow":["GET"]}}],"collection":[{"href":"https:\/\/greenspells.com\/lt\/wp-json\/wp\/v2\/product"}],"about":[{"href":"https:\/\/greenspells.com\/lt\/wp-json\/wp\/v2\/types\/product"}],"replies":[{"embeddable":true,"href":"https:\/\/greenspells.com\/lt\/wp-json\/wp\/v2\/comments?post=1674311"}],"wp:featuredmedia":[{"embeddable":true,"href":"https:\/\/greenspells.com\/lt\/wp-json\/wp\/v2\/media\/1674318"}],"wp:attachment":[{"href":"https:\/\/greenspells.com\/lt\/wp-json\/wp\/v2\/media?parent=1674311"}],"wp:term":[{"taxonomy":"product_brand","embeddable":true,"href":"https:\/\/greenspells.com\/lt\/wp-json\/wp\/v2\/product_brand?post=1674311"},{"taxonomy":"product_cat","embeddable":true,"href":"https:\/\/greenspells.com\/lt\/wp-json\/wp\/v2\/product_cat?post=1674311"},{"taxonomy":"product_tag","embeddable":true,"href":"https:\/\/greenspells.com\/lt\/wp-json\/wp\/v2\/product_tag?post=1674311"}],"curies":[{"name":"wp","href":"https:\/\/api.w.org\/{rel}","templated":true}]}}