{"id":1674187,"date":"2025-04-16T23:25:59","date_gmt":"2025-04-16T21:25:59","guid":{"rendered":"https:\/\/greenspells.com\/?post_type=product&#038;p=1674187"},"modified":"2026-03-12T17:55:40","modified_gmt":"2026-03-12T15:55:40","slug":"manucurist-base-coat","status":"publish","type":"product","link":"https:\/\/greenspells.com\/lt\/produktas\/manucurist-base-coat\/","title":{"rendered":"MANUCURIST <br> Nag\u0173 lako baz\u0117 (base coat)"},"content":{"rendered":"<p>Nag\u0173 lako baz\u0117 - svarbiausias ir b\u016btinas \u017eingsnis visoje GREEN nag\u0173 lakavimo rutinoje. Praturtinta Hexanalu,\u00a0<strong>puosel\u0117ja<\/strong>\u00a0Ir\u00a0<strong>saugo<\/strong>.<\/p>\n<p>Bazinis lako sluoksnis svarbus nago apsaugai, nag\u0173 lako spalvos fiksavimui, prailgina gra\u017eaus maniki\u016bro ne\u0161iojimo laik\u0105. Pripildyta vitamin\u0173, gausi svarbiausi\u0173 element\u0173 ir antioksidant\u0173, \u0161i baz\u0117 maitina ir puosel\u0117ja j\u016bs\u0173 nagus.<\/p>\n<p>Pagaminta Pranc\u016bzijoje, 15 ml.<\/p>\n<p><em><strong>Sud\u0117tis:<\/strong><\/em><\/p>\n<p>Ethyl acetate, butyl acetate, nitrocellulose, adipic acid\/neopentyl glycol\/trimellitic anhydride copolymer, isosorbide dicaprylate\/caprate, heptane, isopropyl alcohol, n-butyl alcohol, hexanal, CI 60725 (violet 2), tocopherol<\/p>\n<p>78,5% bio-sourced<\/p>","protected":false},"excerpt":{"rendered":"<p>A base coat is the first essential step in your Green manicure. Enriched with Hexanal, it\u00a0treats\u00a0and\u00a0protects. It is essential for\u00a0protecting the nail, fixing the colour and prolonging the life of your Green nail varnish. Bursting with vitamins, this green cocktail is rich in nutrients and antioxidants to nourish and care for your nails. Made in [&hellip;]<\/p>\n","protected":false},"featured_media":1674191,"comment_status":"open","ping_status":"closed","template":"","meta":{"content-type":"","_monsterinsights_skip_tracking":false,"_monsterinsights_sitenote_active":false,"_monsterinsights_sitenote_note":"","_monsterinsights_sitenote_category":0,"_uf_show_specific_survey":0,"_uf_disable_surveys":false},"product_brand":[1907],"product_cat":[1905,1904,1887,15],"product_tag":[1915,1916,1912,1882,1914,1913,1917],"class_list":{"0":"post-1674187","1":"product","2":"type-product","3":"status-publish","4":"has-post-thumbnail","6":"product_brand-manucurist","7":"product_cat-nail-care","8":"product_cat-nail-polish-manucurist","9":"product_cat-greenspells-nails","10":"product_cat-all-products","11":"product_tag-base-coat","12":"product_tag-bazinis-sluoksnis","13":"product_tag-manucurist","14":"product_tag-nagu-lakas","15":"product_tag-nagu-lako-pagrindas","16":"product_tag-nagu-prieziura","17":"product_tag-naturali-nagu-prieziura","19":"first","20":"instock","21":"taxable","22":"shipping-taxable","23":"purchasable","24":"product-type-simple"},"bundled_by":[],"bundle_stock_status":"instock","bundle_stock_quantity":null,"bundle_virtual":false,"bundle_layout":"","bundle_add_to_cart_form_location":"","bundle_editable_in_cart":false,"bundle_sold_individually_context":"","bundle_item_grouping":"","bundle_min_size":"","bundle_max_size":"","bundle_price":[],"bundled_items":[],"bundle_sell_ids":[],"group_of_quantity":0,"min_quantity":0,"max_quantity":"","exclude_order_quantity_value_rules":"no","exclude_category_quantity_rules":"no","combine_variations":"no","exclude_global_add_ons":[],"addons":[],"yoast_head":"<!-- This site is optimized with the Yoast SEO plugin v27.5 - https:\/\/yoast.com\/product\/yoast-seo-wordpress\/ -->\n<title>MANUCURIST  Base Coat - Greenspells<\/title>\n<meta name=\"description\" content=\"A base coat is the first essential step in your Green manicure! Bursting with vitamins, this green cocktail is rich in nutrients and antioxidants to nourish and care for your nails.\" \/>\n<meta name=\"robots\" content=\"index, follow, max-snippet:-1, max-image-preview:large, max-video-preview:-1\" \/>\n<link rel=\"canonical\" href=\"https:\/\/greenspells.com\/lt\/produktas\/manucurist-base-coat\/\" \/>\n<meta property=\"og:locale\" content=\"lt_LT\" \/>\n<meta property=\"og:type\" content=\"article\" \/>\n<meta property=\"og:title\" content=\"MANUCURIST  Base Coat - Greenspells\" \/>\n<meta property=\"og:description\" content=\"A base coat is the first essential step in your Green manicure! Bursting with vitamins, this green cocktail is rich in nutrients and antioxidants to nourish and care for your nails.\" \/>\n<meta property=\"og:url\" content=\"https:\/\/greenspells.com\/lt\/produktas\/manucurist-base-coat\/\" \/>\n<meta property=\"og:site_name\" content=\"Greenspells\" \/>\n<meta property=\"article:publisher\" content=\"https:\/\/www.facebook.com\/Greenspells\" \/>\n<meta property=\"article:modified_time\" content=\"2026-03-12T15:55:40+00:00\" \/>\n<meta property=\"og:image\" content=\"https:\/\/greenspells.com\/wp-content\/uploads\/2025\/04\/basecoat_Adb98_TOP-1800x1800-1.webp\" \/>\n\t<meta property=\"og:image:width\" content=\"1100\" \/>\n\t<meta property=\"og:image:height\" content=\"1100\" \/>\n\t<meta property=\"og:image:type\" content=\"image\/webp\" \/>\n<meta name=\"twitter:card\" content=\"summary_large_image\" \/>\n<meta name=\"twitter:label1\" content=\"Est. reading time\" \/>\n\t<meta name=\"twitter:data1\" content=\"1 minut\u0117\" \/>\n<script type=\"application\/ld+json\" class=\"yoast-schema-graph\">{\"@context\":\"https:\\\/\\\/schema.org\",\"@graph\":[{\"@type\":\"WebPage\",\"@id\":\"https:\\\/\\\/greenspells.com\\\/product\\\/manucurist-base-coat\\\/\",\"url\":\"https:\\\/\\\/greenspells.com\\\/product\\\/manucurist-base-coat\\\/\",\"name\":\"MANUCURIST Base Coat - Greenspells\",\"isPartOf\":{\"@id\":\"https:\\\/\\\/greenspells.com\\\/#website\"},\"primaryImageOfPage\":{\"@id\":\"https:\\\/\\\/greenspells.com\\\/product\\\/manucurist-base-coat\\\/#primaryimage\"},\"image\":{\"@id\":\"https:\\\/\\\/greenspells.com\\\/product\\\/manucurist-base-coat\\\/#primaryimage\"},\"thumbnailUrl\":\"https:\\\/\\\/i0.wp.com\\\/greenspells.com\\\/wp-content\\\/uploads\\\/2025\\\/04\\\/basecoat_Adb98_TOP-1800x1800-1.webp?fit=1100%2C1100&ssl=1\",\"datePublished\":\"2025-04-16T21:25:59+00:00\",\"dateModified\":\"2026-03-12T15:55:40+00:00\",\"description\":\"A base coat is the first essential step in your Green manicure! Bursting with vitamins, this green cocktail is rich in nutrients and antioxidants to nourish and care for your nails.\",\"breadcrumb\":{\"@id\":\"https:\\\/\\\/greenspells.com\\\/product\\\/manucurist-base-coat\\\/#breadcrumb\"},\"inLanguage\":\"lt-LT\",\"potentialAction\":[{\"@type\":\"ReadAction\",\"target\":[\"https:\\\/\\\/greenspells.com\\\/product\\\/manucurist-base-coat\\\/\"]}]},{\"@type\":\"ImageObject\",\"inLanguage\":\"lt-LT\",\"@id\":\"https:\\\/\\\/greenspells.com\\\/product\\\/manucurist-base-coat\\\/#primaryimage\",\"url\":\"https:\\\/\\\/i0.wp.com\\\/greenspells.com\\\/wp-content\\\/uploads\\\/2025\\\/04\\\/basecoat_Adb98_TOP-1800x1800-1.webp?fit=1100%2C1100&ssl=1\",\"contentUrl\":\"https:\\\/\\\/i0.wp.com\\\/greenspells.com\\\/wp-content\\\/uploads\\\/2025\\\/04\\\/basecoat_Adb98_TOP-1800x1800-1.webp?fit=1100%2C1100&ssl=1\",\"width\":1100,\"height\":1100,\"caption\":\"Manucurist base coat\"},{\"@type\":\"BreadcrumbList\",\"@id\":\"https:\\\/\\\/greenspells.com\\\/product\\\/manucurist-base-coat\\\/#breadcrumb\",\"itemListElement\":[{\"@type\":\"ListItem\",\"position\":1,\"name\":\"Home\",\"item\":\"https:\\\/\\\/greenspells.com\\\/\"},{\"@type\":\"ListItem\",\"position\":2,\"name\":\"Shop\",\"item\":\"https:\\\/\\\/greenspells.com\\\/shop\\\/\"},{\"@type\":\"ListItem\",\"position\":3,\"name\":\"MANUCURIST Base Coat\"}]},{\"@type\":\"WebSite\",\"@id\":\"https:\\\/\\\/greenspells.com\\\/#website\",\"url\":\"https:\\\/\\\/greenspells.com\\\/\",\"name\":\"Greenspells\",\"description\":\"Nat\u016brali ir ekologi\u0161ka kosmetika\",\"publisher\":{\"@id\":\"https:\\\/\\\/greenspells.com\\\/#organization\"},\"potentialAction\":[{\"@type\":\"SearchAction\",\"target\":{\"@type\":\"EntryPoint\",\"urlTemplate\":\"https:\\\/\\\/greenspells.com\\\/?s={search_term_string}\"},\"query-input\":{\"@type\":\"PropertyValueSpecification\",\"valueRequired\":true,\"valueName\":\"search_term_string\"}}],\"inLanguage\":\"lt-LT\"},{\"@type\":\"Organization\",\"@id\":\"https:\\\/\\\/greenspells.com\\\/#organization\",\"name\":\"Greenspells\",\"url\":\"https:\\\/\\\/greenspells.com\\\/\",\"logo\":{\"@type\":\"ImageObject\",\"inLanguage\":\"lt-LT\",\"@id\":\"https:\\\/\\\/greenspells.com\\\/#\\\/schema\\\/logo\\\/image\\\/\",\"url\":\"https:\\\/\\\/i0.wp.com\\\/greenspells.com\\\/wp-content\\\/uploads\\\/2020\\\/09\\\/20200722_153424_0000.png?fit=1500%2C1500&ssl=1\",\"contentUrl\":\"https:\\\/\\\/i0.wp.com\\\/greenspells.com\\\/wp-content\\\/uploads\\\/2020\\\/09\\\/20200722_153424_0000.png?fit=1500%2C1500&ssl=1\",\"width\":1500,\"height\":1500,\"caption\":\"Greenspells\"},\"image\":{\"@id\":\"https:\\\/\\\/greenspells.com\\\/#\\\/schema\\\/logo\\\/image\\\/\"},\"sameAs\":[\"https:\\\/\\\/www.facebook.com\\\/Greenspells\",\"https:\\\/\\\/www.instagram.com\\\/greenspells_store\\\/\"]}]}<\/script>\n<!-- \/ Yoast SEO plugin. -->","yoast_head_json":{"title":"MANUCURIST  Base Coat - Greenspells","description":"A base coat is the first essential step in your Green manicure! Bursting with vitamins, this green cocktail is rich in nutrients and antioxidants to nourish and care for your nails.","robots":{"index":"index","follow":"follow","max-snippet":"max-snippet:-1","max-image-preview":"max-image-preview:large","max-video-preview":"max-video-preview:-1"},"canonical":"https:\/\/greenspells.com\/lt\/produktas\/manucurist-base-coat\/","og_locale":"lt_LT","og_type":"article","og_title":"MANUCURIST  Base Coat - Greenspells","og_description":"A base coat is the first essential step in your Green manicure! Bursting with vitamins, this green cocktail is rich in nutrients and antioxidants to nourish and care for your nails.","og_url":"https:\/\/greenspells.com\/lt\/produktas\/manucurist-base-coat\/","og_site_name":"Greenspells","article_publisher":"https:\/\/www.facebook.com\/Greenspells","article_modified_time":"2026-03-12T15:55:40+00:00","og_image":[{"width":1100,"height":1100,"url":"https:\/\/greenspells.com\/wp-content\/uploads\/2025\/04\/basecoat_Adb98_TOP-1800x1800-1.webp","type":"image\/webp"}],"twitter_card":"summary_large_image","twitter_misc":{"Est. reading time":"1 minut\u0117"},"schema":{"@context":"https:\/\/schema.org","@graph":[{"@type":"WebPage","@id":"https:\/\/greenspells.com\/product\/manucurist-base-coat\/","url":"https:\/\/greenspells.com\/product\/manucurist-base-coat\/","name":"MANUCURIST Base Coat - Greenspells","isPartOf":{"@id":"https:\/\/greenspells.com\/#website"},"primaryImageOfPage":{"@id":"https:\/\/greenspells.com\/product\/manucurist-base-coat\/#primaryimage"},"image":{"@id":"https:\/\/greenspells.com\/product\/manucurist-base-coat\/#primaryimage"},"thumbnailUrl":"https:\/\/i0.wp.com\/greenspells.com\/wp-content\/uploads\/2025\/04\/basecoat_Adb98_TOP-1800x1800-1.webp?fit=1100%2C1100&ssl=1","datePublished":"2025-04-16T21:25:59+00:00","dateModified":"2026-03-12T15:55:40+00:00","description":"A base coat is the first essential step in your Green manicure! Bursting with vitamins, this green cocktail is rich in nutrients and antioxidants to nourish and care for your nails.","breadcrumb":{"@id":"https:\/\/greenspells.com\/product\/manucurist-base-coat\/#breadcrumb"},"inLanguage":"lt-LT","potentialAction":[{"@type":"ReadAction","target":["https:\/\/greenspells.com\/product\/manucurist-base-coat\/"]}]},{"@type":"ImageObject","inLanguage":"lt-LT","@id":"https:\/\/greenspells.com\/product\/manucurist-base-coat\/#primaryimage","url":"https:\/\/i0.wp.com\/greenspells.com\/wp-content\/uploads\/2025\/04\/basecoat_Adb98_TOP-1800x1800-1.webp?fit=1100%2C1100&ssl=1","contentUrl":"https:\/\/i0.wp.com\/greenspells.com\/wp-content\/uploads\/2025\/04\/basecoat_Adb98_TOP-1800x1800-1.webp?fit=1100%2C1100&ssl=1","width":1100,"height":1100,"caption":"Manucurist base coat"},{"@type":"BreadcrumbList","@id":"https:\/\/greenspells.com\/product\/manucurist-base-coat\/#breadcrumb","itemListElement":[{"@type":"ListItem","position":1,"name":"Home","item":"https:\/\/greenspells.com\/"},{"@type":"ListItem","position":2,"name":"Shop","item":"https:\/\/greenspells.com\/shop\/"},{"@type":"ListItem","position":3,"name":"MANUCURIST Base Coat"}]},{"@type":"WebSite","@id":"https:\/\/greenspells.com\/#website","url":"https:\/\/greenspells.com\/","name":"Greenspells","description":"Nat\u016brali ir ekologi\u0161ka kosmetika","publisher":{"@id":"https:\/\/greenspells.com\/#organization"},"potentialAction":[{"@type":"SearchAction","target":{"@type":"EntryPoint","urlTemplate":"https:\/\/greenspells.com\/?s={search_term_string}"},"query-input":{"@type":"PropertyValueSpecification","valueRequired":true,"valueName":"search_term_string"}}],"inLanguage":"lt-LT"},{"@type":"Organization","@id":"https:\/\/greenspells.com\/#organization","name":"Greenspells","url":"https:\/\/greenspells.com\/","logo":{"@type":"ImageObject","inLanguage":"lt-LT","@id":"https:\/\/greenspells.com\/#\/schema\/logo\/image\/","url":"https:\/\/i0.wp.com\/greenspells.com\/wp-content\/uploads\/2020\/09\/20200722_153424_0000.png?fit=1500%2C1500&ssl=1","contentUrl":"https:\/\/i0.wp.com\/greenspells.com\/wp-content\/uploads\/2020\/09\/20200722_153424_0000.png?fit=1500%2C1500&ssl=1","width":1500,"height":1500,"caption":"Greenspells"},"image":{"@id":"https:\/\/greenspells.com\/#\/schema\/logo\/image\/"},"sameAs":["https:\/\/www.facebook.com\/Greenspells","https:\/\/www.instagram.com\/greenspells_store\/"]}]}},"jetpack_likes_enabled":true,"jetpack_sharing_enabled":true,"_links":{"self":[{"href":"https:\/\/greenspells.com\/lt\/wp-json\/wp\/v2\/product\/1674187","targetHints":{"allow":["GET"]}}],"collection":[{"href":"https:\/\/greenspells.com\/lt\/wp-json\/wp\/v2\/product"}],"about":[{"href":"https:\/\/greenspells.com\/lt\/wp-json\/wp\/v2\/types\/product"}],"replies":[{"embeddable":true,"href":"https:\/\/greenspells.com\/lt\/wp-json\/wp\/v2\/comments?post=1674187"}],"wp:featuredmedia":[{"embeddable":true,"href":"https:\/\/greenspells.com\/lt\/wp-json\/wp\/v2\/media\/1674191"}],"wp:attachment":[{"href":"https:\/\/greenspells.com\/lt\/wp-json\/wp\/v2\/media?parent=1674187"}],"wp:term":[{"taxonomy":"product_brand","embeddable":true,"href":"https:\/\/greenspells.com\/lt\/wp-json\/wp\/v2\/product_brand?post=1674187"},{"taxonomy":"product_cat","embeddable":true,"href":"https:\/\/greenspells.com\/lt\/wp-json\/wp\/v2\/product_cat?post=1674187"},{"taxonomy":"product_tag","embeddable":true,"href":"https:\/\/greenspells.com\/lt\/wp-json\/wp\/v2\/product_tag?post=1674187"}],"curies":[{"name":"wp","href":"https:\/\/api.w.org\/{rel}","templated":true}]}}