{"id":1673880,"date":"2024-09-18T09:03:45","date_gmt":"2024-09-18T07:03:45","guid":{"rendered":"https:\/\/greenspells.com\/?post_type=product&#038;p=1673880"},"modified":"2026-03-04T08:28:53","modified_gmt":"2026-03-04T06:28:53","slug":"earth-harbor-tidal-rose-crystal-hydration-toner","status":"publish","type":"product","link":"https:\/\/greenspells.com\/lt\/produktas\/earth-harbor-tidal-rose-crystal-hydration-toner\/","title":{"rendered":"EARTH HARBOR <br> Dr\u0117kinanti dulksna TIDAl ROSE CRYSTAL"},"content":{"rendered":"<p>Nat\u016bralus tonikas, pagerina odos dr\u0117kinim\u0105, u\u017efiksuoja makia\u017e\u0105.<\/p>\n<p>TIDAL ROSE prisotintas j\u016bros dumbli\u0173, ro\u017einio kvarco ro\u017ei\u0173 vandens, antioksidant\u0173 gausios baltosios arbatos ekstrakt\u0173, gra\u017einan\u010di\u0173 Persijos alyv\u0173 ekstrakt\u0173. U\u017erakina dr\u0117gm\u0119, mink\u0161tina od\u0105, atstato pH, subalansuoja energij\u0105.<\/p>\n<p><strong>Padeda<\/strong><br \/>\n- Sausai ar u\u017edegiminei odai<br \/>\n- \u0160iurk\u0161\u010diai odai<br \/>\n- Rauk\u0161lel\u0117ms<\/p>\n<p><strong>Raminta - Dr\u0117kina - Atgaivina - Tonizuoja\u00a0<\/strong><\/p>\n<p>Aromatas: \u0160velnus ro\u017ei\u0173<br \/>\nPoj\u016btis: Skystas, smulki dulksna<br \/>\nSpalva: \u0160velni ro\u017ein\u0117 (nuo ro\u017ei\u0173 vandens, alyv\u0173, gebenini\u0173 moli\u016bg\u0173)<\/p>\n<h4>Svarbiausi ingredientai<\/h4>\n<p><strong>J\u016bros dumbli\u0173 ekstraktas<\/strong>\u00a0nuo seno vertinami d\u0117l savo prie\u0161u\u017edegimini\u0173, gydan\u010di\u0173 savybi\u0173. Dumbliuose itin gausu galing\u0173 mineral\u0173 ir vitamin\u0173, visapusi\u0161kai gerinan\u010di\u0173 odos b\u016bkl\u0119 bei i\u0161vaizd\u0105.<\/p>\n<p><strong>Kvarcinis ro\u017ei\u0173 vanduo<\/strong>Ro\u017e\u0117s - vis\u0173 g\u0117li\u0173 karalien\u0117s, taip pat ir kosmetikos  ingredientuose! Kvarcu prisotintas ro\u017ei\u0173 vanduo dr\u0117kina, turi daug antioksidant\u0173, subalansuoja pH, efektyviai ma\u017eina paraudimus, u\u017edegimus.<\/p>\n<p><strong>Baltosios arbatos ekstraktas<\/strong>\u00a0pilnut\u0117lis antioksidant\u0173, b\u016btin\u0173 sveikai , \u0161vytin\u010diai odai. Ties\u0105 sakant, tai tie patys antioksidantai, kaip ir \u017ealiojoje arbatoje, ta\u010diau geresn\u0117s kokyb\u0117s. Baltoji arbata pa\u0161alina toksinus, saugo nuo neigiamo aplinkos poveikio, suteikia odai jaunatvi\u0161kumo.<\/p>\n<p><strong>Persini\u0173 alyv\u0173 ekstraktas<\/strong>\u00a0nat\u016braliai gerina dr\u0117kinim\u0105, lygina odos ton\u0105, paruo\u0161ia od\u0105.<\/p>\n<p><em><strong>Kaip naudoti?\u00a0<\/strong><\/em><\/p>\n<p>Prie\u0161 naudojim\u0105 papurtykite. Purk\u0161telkite veid\u0105 3-5 kartus, \u012fmasa\u017euokite. Geriausia naudoti ant \u0161varios, nupraustos odos, prie\u0161 tepant dr\u0117kiklius. Taip pat galima naudoti bet kuriuo dienos metu, kai norisi atsigaivinti ar pasidr\u0117kinti od\u0105.<\/p>\n<p><strong>Patarimas:<\/strong>\u00a0Galima sumai\u0161yti kelis papur\u0161kimus TIDAL ROSE toniko su keliais la\u0161eliais bet kurio EARTH HARBOR serumo-ampul\u0117s.\u00a0<strong>Naudojant kaukes<\/strong><strong>:<\/strong>\u00a0naudokite papildomui dr\u0117kinimui, poveikiui sustiprinti.<\/p>\n<p>60ml. USA.<\/p>\n<p><em><strong>Sud\u0117tis:<\/strong><\/em><\/p>\n<p>Rose (Rosa damascena) Flower Water\u00b0\u00b0, Vegetable Glycerin\u00b0\u00b0, White Tea (Camellia sinensis) Extract\u00b0, Seaweed (Corallina officinalis) Extract\u00b0, Radish Root Ferment Filtrate (Leuconostoc)\u00b0\u00b0, Persian Lilac (Melia azadirachta) Leaf Extract\u00b0\u00b0, Persian Lilac (Melia azadirachta) Flower Extract\u00b0\u00b0, Ivy Gourd (Coccinia indica) Extract\u00b0\u00b0<\/p>\n<p>\u00b0Certified Organic\u00a0 | \u00b0\u00b0 Non-GMO\u00a0| \u00b0\u00b0\u00b0 Wildcrafted<\/p>\n<p>BE ETERINI\u0172 ALIEJ\u0172.<\/p>\n<p>Pastaba: D\u0117l nat\u016brali\u0173 sud\u0117tyje esan\u010di\u0173 ingredient\u0173, TIDAL ROSE spalva gali \u0161iek tiek i\u0161blukti, jei buteliukas bus veikiamas saul\u0117s spinduli\u0173, ta\u010diau tai netur\u0117s jokios \u012ftakos produkto efektyvumui.<\/p>","protected":false},"excerpt":{"rendered":"<p>A natural\u00a0toner, hydration-enhancer and makeup setter. Tidal Rose infuses nutrient-dense\u00a0Seaweed with high-vibration Rose Quartz Rosewater, antioxidant-rich White Tea Extract, and beautifying Persian Lilac Extract. Locks in moisture, softens skin, and restores pH balance while metaphysically balancing\u00a0energy \u2014 all of which are vital\u00a0for having\u00a0fresh, rejuvenated skin. Helps with \u2192 Dry or Inflamed Skin \u2192 Rough Skin [&hellip;]<\/p>\n","protected":false},"featured_media":1673883,"comment_status":"open","ping_status":"closed","template":"","meta":{"content-type":"","_monsterinsights_skip_tracking":false,"_monsterinsights_sitenote_active":false,"_monsterinsights_sitenote_note":"","_monsterinsights_sitenote_category":0,"_uf_show_specific_survey":0,"_uf_disable_surveys":false},"product_brand":[1660],"product_cat":[133,42,34,173,15],"product_tag":[1674,1879,1426,645,1878,1877,837,174,644,1429],"class_list":{"0":"post-1673880","1":"product","2":"type-product","3":"status-publish","4":"has-post-thumbnail","6":"product_brand-earth-harbor","7":"product_cat-complexion","8":"product_cat-make-up","9":"product_cat-skincare","10":"product_cat-toners","11":"product_cat-all-products","12":"product_tag-earth-harbor","13":"product_tag-makiazui","14":"product_tag-natural-toner","15":"product_tag-naturalus-tonikas","16":"product_tag-roziu","17":"product_tag-rose","18":"product_tag-roziu-vanduo","19":"product_tag-toner","20":"product_tag-tonikas","21":"product_tag-veido-tonikas","23":"first","24":"instock","25":"taxable","26":"shipping-taxable","27":"purchasable","28":"product-type-simple"},"bundled_by":[],"bundle_stock_status":"instock","bundle_stock_quantity":null,"bundle_virtual":false,"bundle_layout":"","bundle_add_to_cart_form_location":"","bundle_editable_in_cart":false,"bundle_sold_individually_context":"","bundle_item_grouping":"","bundle_min_size":"","bundle_max_size":"","bundle_price":[],"bundled_items":[],"bundle_sell_ids":[],"group_of_quantity":0,"min_quantity":0,"max_quantity":"","exclude_order_quantity_value_rules":"no","exclude_category_quantity_rules":"no","combine_variations":"no","exclude_global_add_ons":[],"addons":[],"yoast_head":"<!-- This site is optimized with the Yoast SEO plugin v27.5 - https:\/\/yoast.com\/product\/yoast-seo-wordpress\/ -->\n<title>EARTH HARBOR  Tidal Rose Crystal Hydration Toner - Greenspells<\/title>\n<meta name=\"description\" content=\"A natural\u00a0toner, hydration-enhancer and makeup setter. Locks in moisture, softens skin, and restores pH balance while metaphysically balancing\u00a0energy.\" \/>\n<meta name=\"robots\" content=\"index, follow, max-snippet:-1, max-image-preview:large, max-video-preview:-1\" \/>\n<link rel=\"canonical\" href=\"https:\/\/greenspells.com\/lt\/produktas\/earth-harbor-tidal-rose-crystal-hydration-toner\/\" \/>\n<meta property=\"og:locale\" content=\"lt_LT\" \/>\n<meta property=\"og:type\" content=\"article\" \/>\n<meta property=\"og:title\" content=\"EARTH HARBOR  Tidal Rose Crystal Hydration Toner - Greenspells\" \/>\n<meta property=\"og:description\" content=\"A natural\u00a0toner, hydration-enhancer and makeup setter. Locks in moisture, softens skin, and restores pH balance while metaphysically balancing\u00a0energy.\" \/>\n<meta property=\"og:url\" content=\"https:\/\/greenspells.com\/lt\/produktas\/earth-harbor-tidal-rose-crystal-hydration-toner\/\" \/>\n<meta property=\"og:site_name\" content=\"Greenspells\" \/>\n<meta property=\"article:publisher\" content=\"https:\/\/www.facebook.com\/Greenspells\" \/>\n<meta property=\"article:modified_time\" content=\"2026-03-04T06:28:53+00:00\" \/>\n<meta property=\"og:image\" content=\"https:\/\/greenspells.com\/wp-content\/uploads\/2024\/09\/tidal-rose-crystal-hydration-toner-804030_800x.webp\" \/>\n\t<meta property=\"og:image:width\" content=\"800\" \/>\n\t<meta property=\"og:image:height\" content=\"800\" \/>\n\t<meta property=\"og:image:type\" content=\"image\/webp\" \/>\n<meta name=\"twitter:card\" content=\"summary_large_image\" \/>\n<meta name=\"twitter:label1\" content=\"Est. reading time\" \/>\n\t<meta name=\"twitter:data1\" content=\"2 minut\u0117s\" \/>\n<script type=\"application\/ld+json\" class=\"yoast-schema-graph\">{\"@context\":\"https:\\\/\\\/schema.org\",\"@graph\":[{\"@type\":\"WebPage\",\"@id\":\"https:\\\/\\\/greenspells.com\\\/product\\\/earth-harbor-tidal-rose-crystal-hydration-toner\\\/\",\"url\":\"https:\\\/\\\/greenspells.com\\\/product\\\/earth-harbor-tidal-rose-crystal-hydration-toner\\\/\",\"name\":\"EARTH HARBOR Tidal Rose Crystal Hydration Toner - Greenspells\",\"isPartOf\":{\"@id\":\"https:\\\/\\\/greenspells.com\\\/#website\"},\"primaryImageOfPage\":{\"@id\":\"https:\\\/\\\/greenspells.com\\\/product\\\/earth-harbor-tidal-rose-crystal-hydration-toner\\\/#primaryimage\"},\"image\":{\"@id\":\"https:\\\/\\\/greenspells.com\\\/product\\\/earth-harbor-tidal-rose-crystal-hydration-toner\\\/#primaryimage\"},\"thumbnailUrl\":\"https:\\\/\\\/i0.wp.com\\\/greenspells.com\\\/wp-content\\\/uploads\\\/2024\\\/09\\\/tidal-rose-crystal-hydration-toner-804030_800x.webp?fit=800%2C800&ssl=1\",\"datePublished\":\"2024-09-18T07:03:45+00:00\",\"dateModified\":\"2026-03-04T06:28:53+00:00\",\"description\":\"A natural\u00a0toner, hydration-enhancer and makeup setter. Locks in moisture, softens skin, and restores pH balance while metaphysically balancing\u00a0energy.\",\"breadcrumb\":{\"@id\":\"https:\\\/\\\/greenspells.com\\\/product\\\/earth-harbor-tidal-rose-crystal-hydration-toner\\\/#breadcrumb\"},\"inLanguage\":\"lt-LT\",\"potentialAction\":[{\"@type\":\"ReadAction\",\"target\":[\"https:\\\/\\\/greenspells.com\\\/product\\\/earth-harbor-tidal-rose-crystal-hydration-toner\\\/\"]}]},{\"@type\":\"ImageObject\",\"inLanguage\":\"lt-LT\",\"@id\":\"https:\\\/\\\/greenspells.com\\\/product\\\/earth-harbor-tidal-rose-crystal-hydration-toner\\\/#primaryimage\",\"url\":\"https:\\\/\\\/i0.wp.com\\\/greenspells.com\\\/wp-content\\\/uploads\\\/2024\\\/09\\\/tidal-rose-crystal-hydration-toner-804030_800x.webp?fit=800%2C800&ssl=1\",\"contentUrl\":\"https:\\\/\\\/i0.wp.com\\\/greenspells.com\\\/wp-content\\\/uploads\\\/2024\\\/09\\\/tidal-rose-crystal-hydration-toner-804030_800x.webp?fit=800%2C800&ssl=1\",\"width\":800,\"height\":800,\"caption\":\"tidal rose earth harbor face toner\"},{\"@type\":\"BreadcrumbList\",\"@id\":\"https:\\\/\\\/greenspells.com\\\/product\\\/earth-harbor-tidal-rose-crystal-hydration-toner\\\/#breadcrumb\",\"itemListElement\":[{\"@type\":\"ListItem\",\"position\":1,\"name\":\"Home\",\"item\":\"https:\\\/\\\/greenspells.com\\\/\"},{\"@type\":\"ListItem\",\"position\":2,\"name\":\"Shop\",\"item\":\"https:\\\/\\\/greenspells.com\\\/shop\\\/\"},{\"@type\":\"ListItem\",\"position\":3,\"name\":\"EARTH HARBOR Tidal Rose Crystal Hydration Toner\"}]},{\"@type\":\"WebSite\",\"@id\":\"https:\\\/\\\/greenspells.com\\\/#website\",\"url\":\"https:\\\/\\\/greenspells.com\\\/\",\"name\":\"Greenspells\",\"description\":\"Nat\u016brali ir ekologi\u0161ka kosmetika\",\"publisher\":{\"@id\":\"https:\\\/\\\/greenspells.com\\\/#organization\"},\"potentialAction\":[{\"@type\":\"SearchAction\",\"target\":{\"@type\":\"EntryPoint\",\"urlTemplate\":\"https:\\\/\\\/greenspells.com\\\/?s={search_term_string}\"},\"query-input\":{\"@type\":\"PropertyValueSpecification\",\"valueRequired\":true,\"valueName\":\"search_term_string\"}}],\"inLanguage\":\"lt-LT\"},{\"@type\":\"Organization\",\"@id\":\"https:\\\/\\\/greenspells.com\\\/#organization\",\"name\":\"Greenspells\",\"url\":\"https:\\\/\\\/greenspells.com\\\/\",\"logo\":{\"@type\":\"ImageObject\",\"inLanguage\":\"lt-LT\",\"@id\":\"https:\\\/\\\/greenspells.com\\\/#\\\/schema\\\/logo\\\/image\\\/\",\"url\":\"https:\\\/\\\/i0.wp.com\\\/greenspells.com\\\/wp-content\\\/uploads\\\/2020\\\/09\\\/20200722_153424_0000.png?fit=1500%2C1500&ssl=1\",\"contentUrl\":\"https:\\\/\\\/i0.wp.com\\\/greenspells.com\\\/wp-content\\\/uploads\\\/2020\\\/09\\\/20200722_153424_0000.png?fit=1500%2C1500&ssl=1\",\"width\":1500,\"height\":1500,\"caption\":\"Greenspells\"},\"image\":{\"@id\":\"https:\\\/\\\/greenspells.com\\\/#\\\/schema\\\/logo\\\/image\\\/\"},\"sameAs\":[\"https:\\\/\\\/www.facebook.com\\\/Greenspells\",\"https:\\\/\\\/www.instagram.com\\\/greenspells_store\\\/\"]}]}<\/script>\n<!-- \/ Yoast SEO plugin. -->","yoast_head_json":{"title":"EARTH HARBOR  Tidal Rose Crystal Hydration Toner - Greenspells","description":"A natural\u00a0toner, hydration-enhancer and makeup setter. Locks in moisture, softens skin, and restores pH balance while metaphysically balancing\u00a0energy.","robots":{"index":"index","follow":"follow","max-snippet":"max-snippet:-1","max-image-preview":"max-image-preview:large","max-video-preview":"max-video-preview:-1"},"canonical":"https:\/\/greenspells.com\/lt\/produktas\/earth-harbor-tidal-rose-crystal-hydration-toner\/","og_locale":"lt_LT","og_type":"article","og_title":"EARTH HARBOR  Tidal Rose Crystal Hydration Toner - Greenspells","og_description":"A natural\u00a0toner, hydration-enhancer and makeup setter. Locks in moisture, softens skin, and restores pH balance while metaphysically balancing\u00a0energy.","og_url":"https:\/\/greenspells.com\/lt\/produktas\/earth-harbor-tidal-rose-crystal-hydration-toner\/","og_site_name":"Greenspells","article_publisher":"https:\/\/www.facebook.com\/Greenspells","article_modified_time":"2026-03-04T06:28:53+00:00","og_image":[{"width":800,"height":800,"url":"https:\/\/greenspells.com\/wp-content\/uploads\/2024\/09\/tidal-rose-crystal-hydration-toner-804030_800x.webp","type":"image\/webp"}],"twitter_card":"summary_large_image","twitter_misc":{"Est. reading time":"2 minut\u0117s"},"schema":{"@context":"https:\/\/schema.org","@graph":[{"@type":"WebPage","@id":"https:\/\/greenspells.com\/product\/earth-harbor-tidal-rose-crystal-hydration-toner\/","url":"https:\/\/greenspells.com\/product\/earth-harbor-tidal-rose-crystal-hydration-toner\/","name":"EARTH HARBOR Tidal Rose Crystal Hydration Toner - Greenspells","isPartOf":{"@id":"https:\/\/greenspells.com\/#website"},"primaryImageOfPage":{"@id":"https:\/\/greenspells.com\/product\/earth-harbor-tidal-rose-crystal-hydration-toner\/#primaryimage"},"image":{"@id":"https:\/\/greenspells.com\/product\/earth-harbor-tidal-rose-crystal-hydration-toner\/#primaryimage"},"thumbnailUrl":"https:\/\/i0.wp.com\/greenspells.com\/wp-content\/uploads\/2024\/09\/tidal-rose-crystal-hydration-toner-804030_800x.webp?fit=800%2C800&ssl=1","datePublished":"2024-09-18T07:03:45+00:00","dateModified":"2026-03-04T06:28:53+00:00","description":"A natural\u00a0toner, hydration-enhancer and makeup setter. Locks in moisture, softens skin, and restores pH balance while metaphysically balancing\u00a0energy.","breadcrumb":{"@id":"https:\/\/greenspells.com\/product\/earth-harbor-tidal-rose-crystal-hydration-toner\/#breadcrumb"},"inLanguage":"lt-LT","potentialAction":[{"@type":"ReadAction","target":["https:\/\/greenspells.com\/product\/earth-harbor-tidal-rose-crystal-hydration-toner\/"]}]},{"@type":"ImageObject","inLanguage":"lt-LT","@id":"https:\/\/greenspells.com\/product\/earth-harbor-tidal-rose-crystal-hydration-toner\/#primaryimage","url":"https:\/\/i0.wp.com\/greenspells.com\/wp-content\/uploads\/2024\/09\/tidal-rose-crystal-hydration-toner-804030_800x.webp?fit=800%2C800&ssl=1","contentUrl":"https:\/\/i0.wp.com\/greenspells.com\/wp-content\/uploads\/2024\/09\/tidal-rose-crystal-hydration-toner-804030_800x.webp?fit=800%2C800&ssl=1","width":800,"height":800,"caption":"tidal rose earth harbor face toner"},{"@type":"BreadcrumbList","@id":"https:\/\/greenspells.com\/product\/earth-harbor-tidal-rose-crystal-hydration-toner\/#breadcrumb","itemListElement":[{"@type":"ListItem","position":1,"name":"Home","item":"https:\/\/greenspells.com\/"},{"@type":"ListItem","position":2,"name":"Shop","item":"https:\/\/greenspells.com\/shop\/"},{"@type":"ListItem","position":3,"name":"EARTH HARBOR Tidal Rose Crystal Hydration Toner"}]},{"@type":"WebSite","@id":"https:\/\/greenspells.com\/#website","url":"https:\/\/greenspells.com\/","name":"Greenspells","description":"Nat\u016brali ir ekologi\u0161ka kosmetika","publisher":{"@id":"https:\/\/greenspells.com\/#organization"},"potentialAction":[{"@type":"SearchAction","target":{"@type":"EntryPoint","urlTemplate":"https:\/\/greenspells.com\/?s={search_term_string}"},"query-input":{"@type":"PropertyValueSpecification","valueRequired":true,"valueName":"search_term_string"}}],"inLanguage":"lt-LT"},{"@type":"Organization","@id":"https:\/\/greenspells.com\/#organization","name":"Greenspells","url":"https:\/\/greenspells.com\/","logo":{"@type":"ImageObject","inLanguage":"lt-LT","@id":"https:\/\/greenspells.com\/#\/schema\/logo\/image\/","url":"https:\/\/i0.wp.com\/greenspells.com\/wp-content\/uploads\/2020\/09\/20200722_153424_0000.png?fit=1500%2C1500&ssl=1","contentUrl":"https:\/\/i0.wp.com\/greenspells.com\/wp-content\/uploads\/2020\/09\/20200722_153424_0000.png?fit=1500%2C1500&ssl=1","width":1500,"height":1500,"caption":"Greenspells"},"image":{"@id":"https:\/\/greenspells.com\/#\/schema\/logo\/image\/"},"sameAs":["https:\/\/www.facebook.com\/Greenspells","https:\/\/www.instagram.com\/greenspells_store\/"]}]}},"jetpack_likes_enabled":true,"jetpack_sharing_enabled":true,"_links":{"self":[{"href":"https:\/\/greenspells.com\/lt\/wp-json\/wp\/v2\/product\/1673880","targetHints":{"allow":["GET"]}}],"collection":[{"href":"https:\/\/greenspells.com\/lt\/wp-json\/wp\/v2\/product"}],"about":[{"href":"https:\/\/greenspells.com\/lt\/wp-json\/wp\/v2\/types\/product"}],"replies":[{"embeddable":true,"href":"https:\/\/greenspells.com\/lt\/wp-json\/wp\/v2\/comments?post=1673880"}],"wp:featuredmedia":[{"embeddable":true,"href":"https:\/\/greenspells.com\/lt\/wp-json\/wp\/v2\/media\/1673883"}],"wp:attachment":[{"href":"https:\/\/greenspells.com\/lt\/wp-json\/wp\/v2\/media?parent=1673880"}],"wp:term":[{"taxonomy":"product_brand","embeddable":true,"href":"https:\/\/greenspells.com\/lt\/wp-json\/wp\/v2\/product_brand?post=1673880"},{"taxonomy":"product_cat","embeddable":true,"href":"https:\/\/greenspells.com\/lt\/wp-json\/wp\/v2\/product_cat?post=1673880"},{"taxonomy":"product_tag","embeddable":true,"href":"https:\/\/greenspells.com\/lt\/wp-json\/wp\/v2\/product_tag?post=1673880"}],"curies":[{"name":"wp","href":"https:\/\/api.w.org\/{rel}","templated":true}]}}