{"id":1673868,"date":"2024-09-17T08:55:04","date_gmt":"2024-09-17T06:55:04","guid":{"rendered":"https:\/\/greenspells.com\/?post_type=product&#038;p=1673868"},"modified":"2026-03-04T08:29:13","modified_gmt":"2026-03-04T06:29:13","slug":"earth-harbor-oasis-deep-pore-gel-cleanser","status":"publish","type":"product","link":"https:\/\/greenspells.com\/lt\/produktas\/earth-harbor-oasis-deep-pore-gel-cleanser\/","title":{"rendered":"EARTH HARBOR <br> Gelinis prausiklis OASIS, giliai valantis poras"},"content":{"rendered":"<p>Gaivus gelinis prausiklis giliai valo poras, akimirksniu atstato sveik\u0105 odos \u0161vyt\u0117jim\u0105. Tikras stebuklas odai!<\/p>\n<p>Sukurtas visiems odos tipams, o ypa\u010d patiks jautriai, riebiai, \u012f spuogelius linkusiai odai. Kasdieniam naudojimui.<\/p>\n<p><span style=\"text-align: left;\">L\u0117tai putojantis, bealiejis veido prausiklis yra praturtintas vertingais botaniniais ingredientais, kurie giliai i\u0161valo poras, atstato odos \u0161vyt\u0117jim\u0105. \u0160velnus, nepa\u017eeid\u017eia ir nedirgina odos, tinka naudoti tiek ryte, tiek vakare.\nChlorofilai, baltojo gluosnio \u017eiev\u0117s BHA, j\u016bros dumbliai, dykum\u0173 augal\u0173 ekstraktai, j\u016bros mineralai - veikdami i\u0161vien padeda suma\u017einti perteklin\u012f odos riebalavim\u0105si, skaistina, valo od\u0105, nepa\u017eeisdamas apsauginio odos barjero, ramina. \nBe eterini\u0173 aliej\u0173.<\/span><\/p>\n<p><strong>Padeda<\/strong><br \/>\n- I\u0161valyti poras<br \/>\n- Turint spuogeli\u0173<br \/>\n- Susikaupus ne\u0161varumams (buildup)<br \/>\n- Esant u\u017edegimams<br \/>\n- Riebal\u0173 kontrolei<br \/>\n- Barjero balansui<\/p>\n<p><strong>Aromatas:<\/strong>\u00a0Lengvas, vaisinis<br \/>\n<strong>Tekst\u016bra:\u00a0<\/strong>\u0160velniai putojantis gelis<br \/>\n<strong>Spalva:\u00a0<\/strong>Skais\u010diai \u017ealia ( d\u0117l chlorofil\u0173)<\/p>\n<p><b>Valo\u00a0<\/b><b>- Atstato\u00a0<\/b><b>- Ramina\u00a0<\/b><b>- Skaistina<\/b><\/p>\n<h4>Svarbiausi ingredientai<\/h4>\n<p><strong>Chlorofilai<\/strong>\u00a0atgaivina streso i\u0161vargint\u0105 od\u0105, ramina u\u017edegimus<\/p>\n<p><strong><span data-sheets-value=\"{&quot;1&quot;:2,&quot;2&quot;:&quot;Bakuchiol is known as a calming plant-based alternative to retinol that smooths signs of fine lines and wrinkles while clarifying the skin\u2019s complexion. Ours is sustainable + ethically sourced + 3rd party regulated + compliant with the National Biodiversity Authority of India and Nagoya Protocol and extracts bakuchiol from babchi seeds that have fallen to the ground (instead of harvesting the plants).&quot;}\" data-sheets-userformat=\"{&quot;2&quot;:13117,&quot;3&quot;:{&quot;1&quot;:0},&quot;5&quot;:{&quot;1&quot;:[{&quot;1&quot;:2,&quot;2&quot;:0,&quot;5&quot;:{&quot;1&quot;:2,&quot;2&quot;:0}},{&quot;1&quot;:0,&quot;2&quot;:0,&quot;3&quot;:3},{&quot;1&quot;:1,&quot;2&quot;:0,&quot;4&quot;:1}]},&quot;6&quot;:{&quot;1&quot;:[{&quot;1&quot;:2,&quot;2&quot;:0,&quot;5&quot;:{&quot;1&quot;:2,&quot;2&quot;:0}},{&quot;1&quot;:0,&quot;2&quot;:0,&quot;3&quot;:3},{&quot;1&quot;:1,&quot;2&quot;:0,&quot;4&quot;:1}]},&quot;7&quot;:{&quot;1&quot;:[{&quot;1&quot;:2,&quot;2&quot;:0,&quot;5&quot;:{&quot;1&quot;:2,&quot;2&quot;:0}},{&quot;1&quot;:0,&quot;2&quot;:0,&quot;3&quot;:3},{&quot;1&quot;:1,&quot;2&quot;:0,&quot;4&quot;:1}]},&quot;8&quot;:{&quot;1&quot;:[{&quot;1&quot;:2,&quot;2&quot;:0,&quot;5&quot;:{&quot;1&quot;:2,&quot;2&quot;:0}},{&quot;1&quot;:0,&quot;2&quot;:0,&quot;3&quot;:3},{&quot;1&quot;:1,&quot;2&quot;:0,&quot;4&quot;:1}]},&quot;11&quot;:4,&quot;12&quot;:0,&quot;15&quot;:&quot;Raleway&quot;,&quot;16&quot;:10}\" data-sheets-textstyleruns=\"{&quot;1&quot;:0,&quot;2&quot;:{&quot;5&quot;:1}}\uee10{&quot;1&quot;:10}\">Baltojo gluosnio \u017eiev\u0117 (BHA)\u00a0<\/span><\/strong>\u0161velniai eksfolijuoja, lygina odos tekst\u016br\u0105.<\/p>\n<p><strong>J\u016bros mineralai\u00a0<\/strong>skaistina, stiprina apsaugin\u012f odos barjer\u0105<\/p>\n<p><strong>Raudonieji j\u016bros dumbliai<\/strong>\u00a0dr\u0117kina, pripildo od\u0105 vitaminais ir antioksidantais<\/p>\n<p><strong>J\u016bros druska\u00a0<\/strong>subalansuoja pH, atkem\u0161a poras<\/p>\n<p><strong>Dykumos botaniniai ekstraktai\u00a0<\/strong>pa\u0161alina ne\u0161varumus, putlina od\u0105<\/p>\n<h4><strong>Rezultatai<\/strong><\/h4>\n<p>\u2013 99% sutinka, kad oda tapo \u0161varesn\u0117<br \/>\n\u2013 96%  sutinka, kad oda jau\u010diasi pridr\u0117kinta<br \/>\n\u2013 95%  sutinka, kad odos riebal\u0105vimasis suma\u017e\u0117jo<br \/>\n\u2013 91% sutinka, kad oda tapo ramesn\u0117<br \/>\n\u2013 87%  sutinka, kad oda atrodo gaivesn\u0117<br \/>\n\u2013 92%  sutinka, kad oda atrodo i\u0161valyta<\/p>\n<p>* remiantis vartotoj\u0173 apklausa, esant 41 dalyviams, pra\u0117jus 10 min po naudojimo.<\/p>\n<p>\u2013 79% sutinka, kad oda atrodo \u0161varesn\u0117<br \/>\n\u2013 81% sutinka, kad suma\u017e\u0117jo poros<br \/>\n\u2013 73% sutinka, kad suma\u017e\u0117jo spuogeli\u0173<\/p>\n<p>* reminatis 4 savai\u010di\u0173 trukm\u0117s vartotoj\u0173 apklausa, esant 38 dalyviams.<\/p>\n<p><em><strong>Kaip naudoti?<\/strong><\/em><\/p>\n<p>\u012emasa\u017euoti and dr\u0117gnos odos. Nuskalauti \u0161iltu vandeniu, nusausinti rank\u0161luostuku.<\/p>\n<p>60ml. USA.<\/p>\n<p><em><strong>Sud\u0117tis:<\/strong><\/em><\/p>\n<p>Water (Aqua)\u00b0\u00b0, Vegetable Glycerin\u00b0\u00b0, Sodium Lauroyl Methyl Isethionate (plant-derived surfactant)\u00b0\u00b0, Cocamidopropyl Betaine (plant-derived surfactant)\u00b0\u00b0, Sodium Methyl Oleoyl Taurate (plant-derived surfactant)\u00b0\u00b0, White willow (CAS84082-82-6), Plant Chlorophyll\u00b0\u00b0, Sea Foam Mineral (Sepiolite) Extract\u00b0\u00b0\u00b0, Red Sea Moss (Kappaphycus alvarezii) Extract\u00b0, Desert Date (Balanites aegyptiaca) Fruit Extract\u00b0\u00b0\u00b0, Shikakai (Acacia concinna) Fruit Extract\u00b0\u00b0\u00b0, Baby&#8217;s Breath (Gypsophila paniculata) Root Extract\u00b0\u00b0\u00b0, Lilac (Melia azadirachta) Leaf Extract\u00b0\u00b0, Lilac (Melia azadirachta) Flower Extract\u00b0\u00b0, Panthenol (plant-derived vitamin B5)\u00b0\u00b0, Aloe Vera (Aloe barbadensis) Leaf Extract\u00b0, Lactobacillus Ferment (probiotic)\u00b0\u00b0, Pear Fruit (Pyrus communis) Extract\u00b0\u00b0, Lauryl Glucoside (plant-derived surfactant)\u00b0\u00b0, Coco-Glucoside (plant-derived surfactant)\u00b0\u00b0, Ancient Sea Salt (Sodium Chloride)\u00b0\u00b0\u00b0, Phytic Acid (plant-derived pH adjuster)\u00b0\u00b0<\/p>\n<p>\u00b0 Certified Organic \u00a0| \u00b0\u00b0 Non-GMO<\/p>\n<p>Sud\u0117tyje n\u0117ra eterini\u0173 aliej\u0173.<\/p>\n<p>&nbsp;<\/p>","protected":false},"excerpt":{"rendered":"<p>A lush gel cleanser that deeply purifies skin and instantly replenishes glow &#8211; it&#8217;s no mirage; it&#8217;s skin paradise. Created for all skin types as a daily cleanser and is especially friendly to sensitive, blemish-prone, and oily skin. A flourishing\u00a0refuge for skin relief, this low-foaming, oil-free gel cleanser is infused with verdant purifying botanicals to [&hellip;]<\/p>","protected":false},"featured_media":1673873,"comment_status":"open","ping_status":"closed","template":"","meta":{"content-type":"","_monsterinsights_skip_tracking":false,"_monsterinsights_sitenote_active":false,"_monsterinsights_sitenote_note":"","_monsterinsights_sitenote_category":0,"_uf_show_specific_survey":0,"_uf_disable_surveys":false},"product_brand":[1660],"product_cat":[20,34,15],"product_tag":[23,1674,473,508,1876,49,482,661,474],"class_list":{"0":"post-1673868","1":"product","2":"type-product","3":"status-publish","4":"has-post-thumbnail","6":"product_brand-earth-harbor","7":"product_cat-cleansers-and-exfoliators","8":"product_cat-skincare","9":"product_cat-all-products","10":"product_tag-cleanser","11":"product_tag-earth-harbor","12":"product_tag-misriai-odai","13":"product_tag-naturalus-prausiklis","14":"product_tag-nuo-spuogeliu","15":"product_tag-oily-skin","16":"product_tag-poras-valantis","17":"product_tag-prausiklis-veidui","18":"product_tag-riebiai-odai","20":"first","21":"instock","22":"taxable","23":"shipping-taxable","24":"purchasable","25":"product-type-simple"},"bundled_by":[],"bundle_stock_status":"instock","bundle_stock_quantity":null,"bundle_virtual":false,"bundle_layout":"","bundle_add_to_cart_form_location":"","bundle_editable_in_cart":false,"bundle_sold_individually_context":"","bundle_item_grouping":"","bundle_min_size":"","bundle_max_size":"","bundle_price":[],"bundled_items":[],"bundle_sell_ids":[],"group_of_quantity":0,"min_quantity":0,"max_quantity":"","exclude_order_quantity_value_rules":"no","exclude_category_quantity_rules":"no","combine_variations":"no","exclude_global_add_ons":[],"addons":[],"yoast_head":"<!-- This site is optimized with the Yoast SEO plugin v27.4 - https:\/\/yoast.com\/product\/yoast-seo-wordpress\/ -->\n<title>EARTH HARBOR  Oasis Deep Pore Gel Cleanser - Greenspells<\/title>\n<meta name=\"description\" content=\"A lush gel cleanser that deeply purifies skin and instantly replenishes glow. Especially friendly to sensitive, blemish-prone, and oily skin.\" \/>\n<meta name=\"robots\" content=\"index, follow, max-snippet:-1, max-image-preview:large, max-video-preview:-1\" \/>\n<link rel=\"canonical\" href=\"https:\/\/greenspells.com\/lt\/produktas\/earth-harbor-oasis-deep-pore-gel-cleanser\/\" \/>\n<meta property=\"og:locale\" content=\"lt_LT\" \/>\n<meta property=\"og:type\" content=\"article\" \/>\n<meta property=\"og:title\" content=\"EARTH HARBOR  Oasis Deep Pore Gel Cleanser - Greenspells\" \/>\n<meta property=\"og:description\" content=\"A lush gel cleanser that deeply purifies skin and instantly replenishes glow. Especially friendly to sensitive, blemish-prone, and oily skin.\" \/>\n<meta property=\"og:url\" content=\"https:\/\/greenspells.com\/lt\/produktas\/earth-harbor-oasis-deep-pore-gel-cleanser\/\" \/>\n<meta property=\"og:site_name\" content=\"Greenspells\" \/>\n<meta property=\"article:publisher\" content=\"https:\/\/www.facebook.com\/Greenspells\" \/>\n<meta property=\"article:modified_time\" content=\"2026-03-04T06:29:13+00:00\" \/>\n<meta property=\"og:image\" content=\"https:\/\/greenspells.com\/wp-content\/uploads\/2024\/09\/oasis-deep-pore-gel-cleanser-800390_800x.webp\" \/>\n\t<meta property=\"og:image:width\" content=\"800\" \/>\n\t<meta property=\"og:image:height\" content=\"800\" \/>\n\t<meta property=\"og:image:type\" content=\"image\/webp\" \/>\n<meta name=\"twitter:card\" content=\"summary_large_image\" \/>\n<meta name=\"twitter:label1\" content=\"Est. reading time\" \/>\n\t<meta name=\"twitter:data1\" content=\"2 minut\u0117s\" \/>\n<script type=\"application\/ld+json\" class=\"yoast-schema-graph\">{\"@context\":\"https:\\\/\\\/schema.org\",\"@graph\":[{\"@type\":\"WebPage\",\"@id\":\"https:\\\/\\\/greenspells.com\\\/product\\\/earth-harbor-oasis-deep-pore-gel-cleanser\\\/\",\"url\":\"https:\\\/\\\/greenspells.com\\\/product\\\/earth-harbor-oasis-deep-pore-gel-cleanser\\\/\",\"name\":\"EARTH HARBOR Oasis Deep Pore Gel Cleanser - Greenspells\",\"isPartOf\":{\"@id\":\"https:\\\/\\\/greenspells.com\\\/#website\"},\"primaryImageOfPage\":{\"@id\":\"https:\\\/\\\/greenspells.com\\\/product\\\/earth-harbor-oasis-deep-pore-gel-cleanser\\\/#primaryimage\"},\"image\":{\"@id\":\"https:\\\/\\\/greenspells.com\\\/product\\\/earth-harbor-oasis-deep-pore-gel-cleanser\\\/#primaryimage\"},\"thumbnailUrl\":\"https:\\\/\\\/i0.wp.com\\\/greenspells.com\\\/wp-content\\\/uploads\\\/2024\\\/09\\\/oasis-deep-pore-gel-cleanser-800390_800x.webp?fit=800%2C800&ssl=1\",\"datePublished\":\"2024-09-17T06:55:04+00:00\",\"dateModified\":\"2026-03-04T06:29:13+00:00\",\"description\":\"A lush gel cleanser that deeply purifies skin and instantly replenishes glow. Especially friendly to sensitive, blemish-prone, and oily skin.\",\"breadcrumb\":{\"@id\":\"https:\\\/\\\/greenspells.com\\\/product\\\/earth-harbor-oasis-deep-pore-gel-cleanser\\\/#breadcrumb\"},\"inLanguage\":\"lt-LT\",\"potentialAction\":[{\"@type\":\"ReadAction\",\"target\":[\"https:\\\/\\\/greenspells.com\\\/product\\\/earth-harbor-oasis-deep-pore-gel-cleanser\\\/\"]}]},{\"@type\":\"ImageObject\",\"inLanguage\":\"lt-LT\",\"@id\":\"https:\\\/\\\/greenspells.com\\\/product\\\/earth-harbor-oasis-deep-pore-gel-cleanser\\\/#primaryimage\",\"url\":\"https:\\\/\\\/i0.wp.com\\\/greenspells.com\\\/wp-content\\\/uploads\\\/2024\\\/09\\\/oasis-deep-pore-gel-cleanser-800390_800x.webp?fit=800%2C800&ssl=1\",\"contentUrl\":\"https:\\\/\\\/i0.wp.com\\\/greenspells.com\\\/wp-content\\\/uploads\\\/2024\\\/09\\\/oasis-deep-pore-gel-cleanser-800390_800x.webp?fit=800%2C800&ssl=1\",\"width\":800,\"height\":800,\"caption\":\"earth harbor oasis gel cleanser\"},{\"@type\":\"BreadcrumbList\",\"@id\":\"https:\\\/\\\/greenspells.com\\\/product\\\/earth-harbor-oasis-deep-pore-gel-cleanser\\\/#breadcrumb\",\"itemListElement\":[{\"@type\":\"ListItem\",\"position\":1,\"name\":\"Home\",\"item\":\"https:\\\/\\\/greenspells.com\\\/\"},{\"@type\":\"ListItem\",\"position\":2,\"name\":\"Shop\",\"item\":\"https:\\\/\\\/greenspells.com\\\/shop\\\/\"},{\"@type\":\"ListItem\",\"position\":3,\"name\":\"EARTH HARBOR Oasis Deep Pore Gel Cleanser\"}]},{\"@type\":\"WebSite\",\"@id\":\"https:\\\/\\\/greenspells.com\\\/#website\",\"url\":\"https:\\\/\\\/greenspells.com\\\/\",\"name\":\"Greenspells\",\"description\":\"Nat\u016brali ir ekologi\u0161ka kosmetika\",\"publisher\":{\"@id\":\"https:\\\/\\\/greenspells.com\\\/#organization\"},\"potentialAction\":[{\"@type\":\"SearchAction\",\"target\":{\"@type\":\"EntryPoint\",\"urlTemplate\":\"https:\\\/\\\/greenspells.com\\\/?s={search_term_string}\"},\"query-input\":{\"@type\":\"PropertyValueSpecification\",\"valueRequired\":true,\"valueName\":\"search_term_string\"}}],\"inLanguage\":\"lt-LT\"},{\"@type\":\"Organization\",\"@id\":\"https:\\\/\\\/greenspells.com\\\/#organization\",\"name\":\"Greenspells\",\"url\":\"https:\\\/\\\/greenspells.com\\\/\",\"logo\":{\"@type\":\"ImageObject\",\"inLanguage\":\"lt-LT\",\"@id\":\"https:\\\/\\\/greenspells.com\\\/#\\\/schema\\\/logo\\\/image\\\/\",\"url\":\"https:\\\/\\\/i0.wp.com\\\/greenspells.com\\\/wp-content\\\/uploads\\\/2020\\\/09\\\/20200722_153424_0000.png?fit=1500%2C1500&ssl=1\",\"contentUrl\":\"https:\\\/\\\/i0.wp.com\\\/greenspells.com\\\/wp-content\\\/uploads\\\/2020\\\/09\\\/20200722_153424_0000.png?fit=1500%2C1500&ssl=1\",\"width\":1500,\"height\":1500,\"caption\":\"Greenspells\"},\"image\":{\"@id\":\"https:\\\/\\\/greenspells.com\\\/#\\\/schema\\\/logo\\\/image\\\/\"},\"sameAs\":[\"https:\\\/\\\/www.facebook.com\\\/Greenspells\",\"https:\\\/\\\/www.instagram.com\\\/greenspells_store\\\/\"]}]}<\/script>\n<!-- \/ Yoast SEO plugin. -->","yoast_head_json":{"title":"EARTH HARBOR  Oasis Deep Pore Gel Cleanser - Greenspells","description":"A lush gel cleanser that deeply purifies skin and instantly replenishes glow. Especially friendly to sensitive, blemish-prone, and oily skin.","robots":{"index":"index","follow":"follow","max-snippet":"max-snippet:-1","max-image-preview":"max-image-preview:large","max-video-preview":"max-video-preview:-1"},"canonical":"https:\/\/greenspells.com\/lt\/produktas\/earth-harbor-oasis-deep-pore-gel-cleanser\/","og_locale":"lt_LT","og_type":"article","og_title":"EARTH HARBOR  Oasis Deep Pore Gel Cleanser - Greenspells","og_description":"A lush gel cleanser that deeply purifies skin and instantly replenishes glow. Especially friendly to sensitive, blemish-prone, and oily skin.","og_url":"https:\/\/greenspells.com\/lt\/produktas\/earth-harbor-oasis-deep-pore-gel-cleanser\/","og_site_name":"Greenspells","article_publisher":"https:\/\/www.facebook.com\/Greenspells","article_modified_time":"2026-03-04T06:29:13+00:00","og_image":[{"width":800,"height":800,"url":"https:\/\/greenspells.com\/wp-content\/uploads\/2024\/09\/oasis-deep-pore-gel-cleanser-800390_800x.webp","type":"image\/webp"}],"twitter_card":"summary_large_image","twitter_misc":{"Est. reading time":"2 minut\u0117s"},"schema":{"@context":"https:\/\/schema.org","@graph":[{"@type":"WebPage","@id":"https:\/\/greenspells.com\/product\/earth-harbor-oasis-deep-pore-gel-cleanser\/","url":"https:\/\/greenspells.com\/product\/earth-harbor-oasis-deep-pore-gel-cleanser\/","name":"EARTH HARBOR Oasis Deep Pore Gel Cleanser - Greenspells","isPartOf":{"@id":"https:\/\/greenspells.com\/#website"},"primaryImageOfPage":{"@id":"https:\/\/greenspells.com\/product\/earth-harbor-oasis-deep-pore-gel-cleanser\/#primaryimage"},"image":{"@id":"https:\/\/greenspells.com\/product\/earth-harbor-oasis-deep-pore-gel-cleanser\/#primaryimage"},"thumbnailUrl":"https:\/\/i0.wp.com\/greenspells.com\/wp-content\/uploads\/2024\/09\/oasis-deep-pore-gel-cleanser-800390_800x.webp?fit=800%2C800&ssl=1","datePublished":"2024-09-17T06:55:04+00:00","dateModified":"2026-03-04T06:29:13+00:00","description":"A lush gel cleanser that deeply purifies skin and instantly replenishes glow. Especially friendly to sensitive, blemish-prone, and oily skin.","breadcrumb":{"@id":"https:\/\/greenspells.com\/product\/earth-harbor-oasis-deep-pore-gel-cleanser\/#breadcrumb"},"inLanguage":"lt-LT","potentialAction":[{"@type":"ReadAction","target":["https:\/\/greenspells.com\/product\/earth-harbor-oasis-deep-pore-gel-cleanser\/"]}]},{"@type":"ImageObject","inLanguage":"lt-LT","@id":"https:\/\/greenspells.com\/product\/earth-harbor-oasis-deep-pore-gel-cleanser\/#primaryimage","url":"https:\/\/i0.wp.com\/greenspells.com\/wp-content\/uploads\/2024\/09\/oasis-deep-pore-gel-cleanser-800390_800x.webp?fit=800%2C800&ssl=1","contentUrl":"https:\/\/i0.wp.com\/greenspells.com\/wp-content\/uploads\/2024\/09\/oasis-deep-pore-gel-cleanser-800390_800x.webp?fit=800%2C800&ssl=1","width":800,"height":800,"caption":"earth harbor oasis gel cleanser"},{"@type":"BreadcrumbList","@id":"https:\/\/greenspells.com\/product\/earth-harbor-oasis-deep-pore-gel-cleanser\/#breadcrumb","itemListElement":[{"@type":"ListItem","position":1,"name":"Home","item":"https:\/\/greenspells.com\/"},{"@type":"ListItem","position":2,"name":"Shop","item":"https:\/\/greenspells.com\/shop\/"},{"@type":"ListItem","position":3,"name":"EARTH HARBOR Oasis Deep Pore Gel Cleanser"}]},{"@type":"WebSite","@id":"https:\/\/greenspells.com\/#website","url":"https:\/\/greenspells.com\/","name":"Greenspells","description":"Nat\u016brali ir ekologi\u0161ka kosmetika","publisher":{"@id":"https:\/\/greenspells.com\/#organization"},"potentialAction":[{"@type":"SearchAction","target":{"@type":"EntryPoint","urlTemplate":"https:\/\/greenspells.com\/?s={search_term_string}"},"query-input":{"@type":"PropertyValueSpecification","valueRequired":true,"valueName":"search_term_string"}}],"inLanguage":"lt-LT"},{"@type":"Organization","@id":"https:\/\/greenspells.com\/#organization","name":"Greenspells","url":"https:\/\/greenspells.com\/","logo":{"@type":"ImageObject","inLanguage":"lt-LT","@id":"https:\/\/greenspells.com\/#\/schema\/logo\/image\/","url":"https:\/\/i0.wp.com\/greenspells.com\/wp-content\/uploads\/2020\/09\/20200722_153424_0000.png?fit=1500%2C1500&ssl=1","contentUrl":"https:\/\/i0.wp.com\/greenspells.com\/wp-content\/uploads\/2020\/09\/20200722_153424_0000.png?fit=1500%2C1500&ssl=1","width":1500,"height":1500,"caption":"Greenspells"},"image":{"@id":"https:\/\/greenspells.com\/#\/schema\/logo\/image\/"},"sameAs":["https:\/\/www.facebook.com\/Greenspells","https:\/\/www.instagram.com\/greenspells_store\/"]}]}},"jetpack_likes_enabled":true,"jetpack_sharing_enabled":true,"_links":{"self":[{"href":"https:\/\/greenspells.com\/lt\/wp-json\/wp\/v2\/product\/1673868","targetHints":{"allow":["GET"]}}],"collection":[{"href":"https:\/\/greenspells.com\/lt\/wp-json\/wp\/v2\/product"}],"about":[{"href":"https:\/\/greenspells.com\/lt\/wp-json\/wp\/v2\/types\/product"}],"replies":[{"embeddable":true,"href":"https:\/\/greenspells.com\/lt\/wp-json\/wp\/v2\/comments?post=1673868"}],"wp:featuredmedia":[{"embeddable":true,"href":"https:\/\/greenspells.com\/lt\/wp-json\/wp\/v2\/media\/1673873"}],"wp:attachment":[{"href":"https:\/\/greenspells.com\/lt\/wp-json\/wp\/v2\/media?parent=1673868"}],"wp:term":[{"taxonomy":"product_brand","embeddable":true,"href":"https:\/\/greenspells.com\/lt\/wp-json\/wp\/v2\/product_brand?post=1673868"},{"taxonomy":"product_cat","embeddable":true,"href":"https:\/\/greenspells.com\/lt\/wp-json\/wp\/v2\/product_cat?post=1673868"},{"taxonomy":"product_tag","embeddable":true,"href":"https:\/\/greenspells.com\/lt\/wp-json\/wp\/v2\/product_tag?post=1673868"}],"curies":[{"name":"wp","href":"https:\/\/api.w.org\/{rel}","templated":true}]}}