{"id":1673727,"date":"2024-06-25T12:47:22","date_gmt":"2024-06-25T10:47:22","guid":{"rendered":"https:\/\/greenspells.com\/?post_type=product&#038;p=1673727"},"modified":"2025-09-17T09:31:01","modified_gmt":"2025-09-17T07:31:01","slug":"ncla-beauty-beauty-sleep-lip-mask-pink-champagne","status":"publish","type":"product","link":"https:\/\/greenspells.com\/lt\/produktas\/ncla-beauty-beauty-sleep-lip-mask-pink-champagne\/","title":{"rendered":"NCLA BEAUTY <br> Beauty Sleep kauk\u0117 l\u016bpoms <br> PINK CHAMPAGNE"},"content":{"rendered":"<p style=\"-webkit-font-smoothing: antialiased; color: #000000; font-family: Lato, sans-serif; font-size: 15px; box-sizing: border-box !important;\"><span style=\"-webkit-font-smoothing: antialiased; box-sizing: border-box !important;\" data-mce-fragment=\"1\">I\u0161bandykite \u0161ampan\u0105 l\u016bpoms - be pagiri\u0173! \u0160i naktin\u0117 kauk\u0117 l\u016bpoms i\u0161kart pavers j\u016bs\u0173 l\u016bpas mink\u0161tesn\u0117mis, pridr\u0117kintomis, vos pernakt!<\/span><\/p>\n<p style=\"-webkit-font-smoothing: antialiased; margin-top: 24px; color: #000000; font-family: Lato, sans-serif; font-size: 15px; box-sizing: border-box !important;\"><span style=\"-webkit-font-smoothing: antialiased; box-sizing: border-box !important;\" data-mce-fragment=\"1\">\u0160veln\u016bs, efektyv\u016bs ingredientai puosel\u0117ja l\u016bp\u0173 gro\u017e\u012f vis\u0105 nakt\u012f, nepalikdami nemalonaus riebumo poj\u016b\u010dio - ricin\u0173, sviestmed\u017ei\u0173 aliejai, mango s\u0117kl\u0173 sviestas, Vitaminas E.\u00a0<\/span><\/p>\n<p><span style=\"color: #000000; font-family: Lato, sans-serif; font-size: 15px;\">\u0160varios sud\u0117ties, draugi\u0161ka gyv\u016bnams ir vegani\u0161ka naktin\u0117 kauk\u0117 l\u016bpoms intensyviai maitina, ramina l\u016bpas.<\/span><\/p>\n<p style=\"-webkit-font-smoothing: antialiased; color: #000000; font-family: Lato, sans-serif; font-size: 15px; box-sizing: border-box !important;\">Nat\u016bralus skonis: Pink Champagne (ro\u017einis \u0161ampanas)<br style=\"-webkit-font-smoothing: antialiased; box-sizing: border-box !important;\" \/>Dydis: 15 ml\/ 5 fl oz<\/p>\n<p style=\"-webkit-font-smoothing: antialiased; margin-bottom: 0px; margin-top: 24px; color: #000000; font-family: Lato, sans-serif; font-size: 15px; box-sizing: border-box !important;\"><em>Beauty Sleep l\u016bp\u0173 kauk\u0117s gaminamos JAV, i\u0161 nat\u016brali\u0173, vegani\u0161k\u0173 ingredient\u0173.<\/em><br style=\"-webkit-font-smoothing: antialiased; box-sizing: border-box !important;\" \/><em>Ingredientai - gyv\u016bnams draugi\u0161ki!<\/em><\/p>\n<p>&nbsp;<\/p>\n<p><em><strong>Kaip naudoti?<\/strong><\/em><\/p>\n<p><span style=\"color: #000000; font-family: Lato, sans-serif; font-size: 15px;\">Tepkite l\u016bpas prie\u0161 einant miegoti, ir pabusite lygiomis, glotniomis ir \u0161velniomis, pridr\u0117kintomis l\u016bpomis, \u0161velniai kvepian\u010diomis sald\u017eiu rausvuoju \u0161ampanu!<\/span><\/p>\n<p><em><strong>Sud\u0117tis:<\/strong><\/em><\/p>\n<p><span style=\"-webkit-font-smoothing: antialiased; color: #000000; font-family: Lato, sans-serif; font-size: 15px; box-sizing: border-box !important;\" data-mce-fragment=\"1\">Ricinus Communis (Castor) Seed Oil, Laury| Laurate, Butyrospermum Parkii (Shea) Butter, Oryza Sativa (Rice Bran) Wax, Mineral Oil, Euphorbia Cerifera, Mangifera Indica (Mango) Seed Butter, Dimer Dilinoleyl Esters, Dimer Dilinoleate Copolymer, Tocopherol, Mica, Flavor Oil<\/span><span style=\"color: #000000; font-family: Lato, sans-serif; font-size: 15px;\">\u00a0<\/span><\/p>\n<p>&nbsp;<\/p>","protected":false},"excerpt":{"rendered":"<p>Bathe lips in champagne &#8211; without the hangover!\u00a0This\u00a0pink champagne\u00a0flavored overnight lip mask reveals softer, hydrated lips with long-lasting results in just one sleep! Cheers to that! Beauty Sleep is a lip-quenching sleep mask that lavishes lips all night long with it&#8217;s light, hydrating, and non-greasy formula of Castor Seed Oil, Shea Butter, Mango Seed Butter, [&hellip;]<\/p>","protected":false},"featured_media":1673732,"comment_status":"open","ping_status":"closed","template":"","meta":{"content-type":"","_monsterinsights_skip_tracking":false,"_monsterinsights_sitenote_active":false,"_monsterinsights_sitenote_note":"","_monsterinsights_sitenote_category":0,"_uf_show_specific_survey":0,"_uf_disable_surveys":false},"product_brand":[1667],"product_cat":[1506,1803,320,132,42,34],"product_tag":[1859,919,1858,325,1857,724,1860,1042],"class_list":{"0":"post-1673727","1":"product","2":"type-product","3":"status-publish","4":"has-post-thumbnail","6":"product_brand-ncla-beauty","7":"product_cat-essential-oils","8":"product_cat-greenspells-dovanu-idejos","9":"product_cat-lip-care","10":"product_cat-lips","11":"product_cat-make-up","12":"product_cat-skincare","13":"product_tag-drekina-lupas","14":"product_tag-kauke-lupoms","15":"product_tag-lulu-kauke","16":"product_tag-lip-mask","17":"product_tag-lipcare","18":"product_tag-lupu-prieziura","19":"product_tag-maitina-lupas","20":"product_tag-ncla-beauty","22":"first","23":"instock","24":"taxable","25":"shipping-taxable","26":"purchasable","27":"product-type-simple"},"bundled_by":[],"bundle_stock_status":"instock","bundle_stock_quantity":null,"bundle_virtual":false,"bundle_layout":"","bundle_add_to_cart_form_location":"","bundle_editable_in_cart":false,"bundle_sold_individually_context":"","bundle_item_grouping":"","bundle_min_size":"","bundle_max_size":"","bundle_price":[],"bundled_items":[],"bundle_sell_ids":[],"group_of_quantity":0,"min_quantity":0,"max_quantity":"","exclude_order_quantity_value_rules":"no","exclude_category_quantity_rules":"no","combine_variations":"no","exclude_global_add_ons":[],"addons":[],"yoast_head":"<!-- This site is optimized with the Yoast SEO plugin v27.3 - https:\/\/yoast.com\/product\/yoast-seo-wordpress\/ -->\n<title>NCLA BEAUTY  Beauty Sleep Lip Mask  PINK CHAMPAGNE - Greenspells<\/title>\n<meta name=\"description\" content=\"A clean, cruelty free and vegan overnight lip\u00a0mask that\u00a0 intensely soothes and nourishes lips.\u00a0Leaves lips smooth and hydrated.\" \/>\n<meta name=\"robots\" content=\"index, follow, max-snippet:-1, max-image-preview:large, max-video-preview:-1\" \/>\n<link rel=\"canonical\" href=\"https:\/\/greenspells.com\/lt\/produktas\/ncla-beauty-beauty-sleep-lip-mask-pink-champagne\/\" \/>\n<meta property=\"og:locale\" content=\"lt_LT\" \/>\n<meta property=\"og:type\" content=\"article\" \/>\n<meta property=\"og:title\" content=\"NCLA BEAUTY  Beauty Sleep Lip Mask  PINK CHAMPAGNE - Greenspells\" \/>\n<meta property=\"og:description\" content=\"A clean, cruelty free and vegan overnight lip\u00a0mask that\u00a0 intensely soothes and nourishes lips.\u00a0Leaves lips smooth and hydrated.\" \/>\n<meta property=\"og:url\" content=\"https:\/\/greenspells.com\/lt\/produktas\/ncla-beauty-beauty-sleep-lip-mask-pink-champagne\/\" \/>\n<meta property=\"og:site_name\" content=\"Greenspells\" \/>\n<meta property=\"article:publisher\" content=\"https:\/\/www.facebook.com\/Greenspells\" \/>\n<meta property=\"article:modified_time\" content=\"2025-09-17T07:31:01+00:00\" \/>\n<meta property=\"og:image\" content=\"https:\/\/greenspells.com\/wp-content\/uploads\/2024\/06\/Internet_20240625_133751_2.jpeg\" \/>\n\t<meta property=\"og:image:width\" content=\"900\" \/>\n\t<meta property=\"og:image:height\" content=\"900\" \/>\n\t<meta property=\"og:image:type\" content=\"image\/jpeg\" \/>\n<meta name=\"twitter:card\" content=\"summary_large_image\" \/>\n<meta name=\"twitter:label1\" content=\"Est. reading time\" \/>\n\t<meta name=\"twitter:data1\" content=\"2 minut\u0117s\" \/>\n<script type=\"application\/ld+json\" class=\"yoast-schema-graph\">{\"@context\":\"https:\\\/\\\/schema.org\",\"@graph\":[{\"@type\":\"WebPage\",\"@id\":\"https:\\\/\\\/greenspells.com\\\/product\\\/ncla-beauty-beauty-sleep-lip-mask-pink-champagne\\\/\",\"url\":\"https:\\\/\\\/greenspells.com\\\/product\\\/ncla-beauty-beauty-sleep-lip-mask-pink-champagne\\\/\",\"name\":\"NCLA BEAUTY Beauty Sleep Lip Mask PINK CHAMPAGNE - Greenspells\",\"isPartOf\":{\"@id\":\"https:\\\/\\\/greenspells.com\\\/#website\"},\"primaryImageOfPage\":{\"@id\":\"https:\\\/\\\/greenspells.com\\\/product\\\/ncla-beauty-beauty-sleep-lip-mask-pink-champagne\\\/#primaryimage\"},\"image\":{\"@id\":\"https:\\\/\\\/greenspells.com\\\/product\\\/ncla-beauty-beauty-sleep-lip-mask-pink-champagne\\\/#primaryimage\"},\"thumbnailUrl\":\"https:\\\/\\\/i0.wp.com\\\/greenspells.com\\\/wp-content\\\/uploads\\\/2024\\\/06\\\/Internet_20240625_133751_2.jpeg?fit=900%2C900&ssl=1\",\"datePublished\":\"2024-06-25T10:47:22+00:00\",\"dateModified\":\"2025-09-17T07:31:01+00:00\",\"description\":\"A clean, cruelty free and vegan overnight lip\u00a0mask that\u00a0 intensely soothes and nourishes lips.\u00a0Leaves lips smooth and hydrated.\",\"breadcrumb\":{\"@id\":\"https:\\\/\\\/greenspells.com\\\/product\\\/ncla-beauty-beauty-sleep-lip-mask-pink-champagne\\\/#breadcrumb\"},\"inLanguage\":\"lt-LT\",\"potentialAction\":[{\"@type\":\"ReadAction\",\"target\":[\"https:\\\/\\\/greenspells.com\\\/product\\\/ncla-beauty-beauty-sleep-lip-mask-pink-champagne\\\/\"]}]},{\"@type\":\"ImageObject\",\"inLanguage\":\"lt-LT\",\"@id\":\"https:\\\/\\\/greenspells.com\\\/product\\\/ncla-beauty-beauty-sleep-lip-mask-pink-champagne\\\/#primaryimage\",\"url\":\"https:\\\/\\\/i0.wp.com\\\/greenspells.com\\\/wp-content\\\/uploads\\\/2024\\\/06\\\/Internet_20240625_133751_2.jpeg?fit=900%2C900&ssl=1\",\"contentUrl\":\"https:\\\/\\\/i0.wp.com\\\/greenspells.com\\\/wp-content\\\/uploads\\\/2024\\\/06\\\/Internet_20240625_133751_2.jpeg?fit=900%2C900&ssl=1\",\"width\":900,\"height\":900},{\"@type\":\"BreadcrumbList\",\"@id\":\"https:\\\/\\\/greenspells.com\\\/product\\\/ncla-beauty-beauty-sleep-lip-mask-pink-champagne\\\/#breadcrumb\",\"itemListElement\":[{\"@type\":\"ListItem\",\"position\":1,\"name\":\"Home\",\"item\":\"https:\\\/\\\/greenspells.com\\\/\"},{\"@type\":\"ListItem\",\"position\":2,\"name\":\"Shop\",\"item\":\"https:\\\/\\\/greenspells.com\\\/shop\\\/\"},{\"@type\":\"ListItem\",\"position\":3,\"name\":\"NCLA BEAUTY Beauty Sleep Lip Mask PINK CHAMPAGNE\"}]},{\"@type\":\"WebSite\",\"@id\":\"https:\\\/\\\/greenspells.com\\\/#website\",\"url\":\"https:\\\/\\\/greenspells.com\\\/\",\"name\":\"Greenspells\",\"description\":\"Nat\u016brali ir ekologi\u0161ka kosmetika\",\"publisher\":{\"@id\":\"https:\\\/\\\/greenspells.com\\\/#organization\"},\"potentialAction\":[{\"@type\":\"SearchAction\",\"target\":{\"@type\":\"EntryPoint\",\"urlTemplate\":\"https:\\\/\\\/greenspells.com\\\/?s={search_term_string}\"},\"query-input\":{\"@type\":\"PropertyValueSpecification\",\"valueRequired\":true,\"valueName\":\"search_term_string\"}}],\"inLanguage\":\"lt-LT\"},{\"@type\":\"Organization\",\"@id\":\"https:\\\/\\\/greenspells.com\\\/#organization\",\"name\":\"Greenspells\",\"url\":\"https:\\\/\\\/greenspells.com\\\/\",\"logo\":{\"@type\":\"ImageObject\",\"inLanguage\":\"lt-LT\",\"@id\":\"https:\\\/\\\/greenspells.com\\\/#\\\/schema\\\/logo\\\/image\\\/\",\"url\":\"https:\\\/\\\/i0.wp.com\\\/greenspells.com\\\/wp-content\\\/uploads\\\/2020\\\/09\\\/20200722_153424_0000.png?fit=1500%2C1500&ssl=1\",\"contentUrl\":\"https:\\\/\\\/i0.wp.com\\\/greenspells.com\\\/wp-content\\\/uploads\\\/2020\\\/09\\\/20200722_153424_0000.png?fit=1500%2C1500&ssl=1\",\"width\":1500,\"height\":1500,\"caption\":\"Greenspells\"},\"image\":{\"@id\":\"https:\\\/\\\/greenspells.com\\\/#\\\/schema\\\/logo\\\/image\\\/\"},\"sameAs\":[\"https:\\\/\\\/www.facebook.com\\\/Greenspells\",\"https:\\\/\\\/www.instagram.com\\\/greenspells_store\\\/\"]}]}<\/script>\n<!-- \/ Yoast SEO plugin. -->","yoast_head_json":{"title":"NCLA BEAUTY  Beauty Sleep Lip Mask  PINK CHAMPAGNE - Greenspells","description":"A clean, cruelty free and vegan overnight lip\u00a0mask that\u00a0 intensely soothes and nourishes lips.\u00a0Leaves lips smooth and hydrated.","robots":{"index":"index","follow":"follow","max-snippet":"max-snippet:-1","max-image-preview":"max-image-preview:large","max-video-preview":"max-video-preview:-1"},"canonical":"https:\/\/greenspells.com\/lt\/produktas\/ncla-beauty-beauty-sleep-lip-mask-pink-champagne\/","og_locale":"lt_LT","og_type":"article","og_title":"NCLA BEAUTY  Beauty Sleep Lip Mask  PINK CHAMPAGNE - Greenspells","og_description":"A clean, cruelty free and vegan overnight lip\u00a0mask that\u00a0 intensely soothes and nourishes lips.\u00a0Leaves lips smooth and hydrated.","og_url":"https:\/\/greenspells.com\/lt\/produktas\/ncla-beauty-beauty-sleep-lip-mask-pink-champagne\/","og_site_name":"Greenspells","article_publisher":"https:\/\/www.facebook.com\/Greenspells","article_modified_time":"2025-09-17T07:31:01+00:00","og_image":[{"width":900,"height":900,"url":"https:\/\/greenspells.com\/wp-content\/uploads\/2024\/06\/Internet_20240625_133751_2.jpeg","type":"image\/jpeg"}],"twitter_card":"summary_large_image","twitter_misc":{"Est. reading time":"2 minut\u0117s"},"schema":{"@context":"https:\/\/schema.org","@graph":[{"@type":"WebPage","@id":"https:\/\/greenspells.com\/product\/ncla-beauty-beauty-sleep-lip-mask-pink-champagne\/","url":"https:\/\/greenspells.com\/product\/ncla-beauty-beauty-sleep-lip-mask-pink-champagne\/","name":"NCLA BEAUTY Beauty Sleep Lip Mask PINK CHAMPAGNE - Greenspells","isPartOf":{"@id":"https:\/\/greenspells.com\/#website"},"primaryImageOfPage":{"@id":"https:\/\/greenspells.com\/product\/ncla-beauty-beauty-sleep-lip-mask-pink-champagne\/#primaryimage"},"image":{"@id":"https:\/\/greenspells.com\/product\/ncla-beauty-beauty-sleep-lip-mask-pink-champagne\/#primaryimage"},"thumbnailUrl":"https:\/\/i0.wp.com\/greenspells.com\/wp-content\/uploads\/2024\/06\/Internet_20240625_133751_2.jpeg?fit=900%2C900&ssl=1","datePublished":"2024-06-25T10:47:22+00:00","dateModified":"2025-09-17T07:31:01+00:00","description":"A clean, cruelty free and vegan overnight lip\u00a0mask that\u00a0 intensely soothes and nourishes lips.\u00a0Leaves lips smooth and hydrated.","breadcrumb":{"@id":"https:\/\/greenspells.com\/product\/ncla-beauty-beauty-sleep-lip-mask-pink-champagne\/#breadcrumb"},"inLanguage":"lt-LT","potentialAction":[{"@type":"ReadAction","target":["https:\/\/greenspells.com\/product\/ncla-beauty-beauty-sleep-lip-mask-pink-champagne\/"]}]},{"@type":"ImageObject","inLanguage":"lt-LT","@id":"https:\/\/greenspells.com\/product\/ncla-beauty-beauty-sleep-lip-mask-pink-champagne\/#primaryimage","url":"https:\/\/i0.wp.com\/greenspells.com\/wp-content\/uploads\/2024\/06\/Internet_20240625_133751_2.jpeg?fit=900%2C900&ssl=1","contentUrl":"https:\/\/i0.wp.com\/greenspells.com\/wp-content\/uploads\/2024\/06\/Internet_20240625_133751_2.jpeg?fit=900%2C900&ssl=1","width":900,"height":900},{"@type":"BreadcrumbList","@id":"https:\/\/greenspells.com\/product\/ncla-beauty-beauty-sleep-lip-mask-pink-champagne\/#breadcrumb","itemListElement":[{"@type":"ListItem","position":1,"name":"Home","item":"https:\/\/greenspells.com\/"},{"@type":"ListItem","position":2,"name":"Shop","item":"https:\/\/greenspells.com\/shop\/"},{"@type":"ListItem","position":3,"name":"NCLA BEAUTY Beauty Sleep Lip Mask PINK CHAMPAGNE"}]},{"@type":"WebSite","@id":"https:\/\/greenspells.com\/#website","url":"https:\/\/greenspells.com\/","name":"Greenspells","description":"Nat\u016brali ir ekologi\u0161ka kosmetika","publisher":{"@id":"https:\/\/greenspells.com\/#organization"},"potentialAction":[{"@type":"SearchAction","target":{"@type":"EntryPoint","urlTemplate":"https:\/\/greenspells.com\/?s={search_term_string}"},"query-input":{"@type":"PropertyValueSpecification","valueRequired":true,"valueName":"search_term_string"}}],"inLanguage":"lt-LT"},{"@type":"Organization","@id":"https:\/\/greenspells.com\/#organization","name":"Greenspells","url":"https:\/\/greenspells.com\/","logo":{"@type":"ImageObject","inLanguage":"lt-LT","@id":"https:\/\/greenspells.com\/#\/schema\/logo\/image\/","url":"https:\/\/i0.wp.com\/greenspells.com\/wp-content\/uploads\/2020\/09\/20200722_153424_0000.png?fit=1500%2C1500&ssl=1","contentUrl":"https:\/\/i0.wp.com\/greenspells.com\/wp-content\/uploads\/2020\/09\/20200722_153424_0000.png?fit=1500%2C1500&ssl=1","width":1500,"height":1500,"caption":"Greenspells"},"image":{"@id":"https:\/\/greenspells.com\/#\/schema\/logo\/image\/"},"sameAs":["https:\/\/www.facebook.com\/Greenspells","https:\/\/www.instagram.com\/greenspells_store\/"]}]}},"jetpack_likes_enabled":true,"jetpack_sharing_enabled":true,"_links":{"self":[{"href":"https:\/\/greenspells.com\/lt\/wp-json\/wp\/v2\/product\/1673727","targetHints":{"allow":["GET"]}}],"collection":[{"href":"https:\/\/greenspells.com\/lt\/wp-json\/wp\/v2\/product"}],"about":[{"href":"https:\/\/greenspells.com\/lt\/wp-json\/wp\/v2\/types\/product"}],"replies":[{"embeddable":true,"href":"https:\/\/greenspells.com\/lt\/wp-json\/wp\/v2\/comments?post=1673727"}],"wp:featuredmedia":[{"embeddable":true,"href":"https:\/\/greenspells.com\/lt\/wp-json\/wp\/v2\/media\/1673732"}],"wp:attachment":[{"href":"https:\/\/greenspells.com\/lt\/wp-json\/wp\/v2\/media?parent=1673727"}],"wp:term":[{"taxonomy":"product_brand","embeddable":true,"href":"https:\/\/greenspells.com\/lt\/wp-json\/wp\/v2\/product_brand?post=1673727"},{"taxonomy":"product_cat","embeddable":true,"href":"https:\/\/greenspells.com\/lt\/wp-json\/wp\/v2\/product_cat?post=1673727"},{"taxonomy":"product_tag","embeddable":true,"href":"https:\/\/greenspells.com\/lt\/wp-json\/wp\/v2\/product_tag?post=1673727"}],"curies":[{"name":"wp","href":"https:\/\/api.w.org\/{rel}","templated":true}]}}