{"id":1673541,"date":"2024-04-03T12:13:20","date_gmt":"2024-04-03T10:13:20","guid":{"rendered":"https:\/\/greenspells.com\/?post_type=product&#038;p=1673541"},"modified":"2025-04-22T12:39:49","modified_gmt":"2025-04-22T10:39:49","slug":"salt-stone-body-wash-450ml-bergamot-hinoki","status":"publish","type":"product","link":"https:\/\/greenspells.com\/lt\/produktas\/salt-stone-body-wash-450ml-bergamot-hinoki\/","title":{"rendered":"SALT &#038; STONE <br> K\u016bno prausiklis 450ml <br> BERGAMOT &#038; HINOKI"},"content":{"rendered":"<p>Gaivinantis du\u0161o gelis, naudingas J\u016bs\u0173 odai! Turi daug antioksidant\u0173, botanini\u0173 ingredient\u0173, kurie nat\u016braliai dr\u0117kina. Mink\u0161tina, ramina, \u0161velniai valo, atstato i\u0161saus\u0117jusi\u0105 od\u0105.<\/p>\n<div class=\"accordion-trigger open\"><strong>SVARBIAUSI INGREDIENTAI<\/strong><\/div>\n<div><\/div>\n<div class=\"accordion-trigger open\"><em><strong>J\u016bros dubli\u0173 ekstraktai ir spirulina<\/strong><\/em> - itin gaus\u016bs antioksidant\u0173, ramina, regeneruoja suerzint\u0105 od\u0105.<\/div>\n<div><\/div>\n<div class=\"accordion-trigger open\"><em><strong>M\u0117lyni\u0173 ekstraktas ir Vitaminas C<\/strong><\/em>\u00a0- turi antioksidant\u0173, kurie kovoja su laisvaisiais radikalais, stiprina kolageno gamyb\u0105, saugo nuo prie\u0161laikinio sen\u0117jimo po\u017eymi\u0173.<\/div>\n<div class=\"accordion-content\">\n<p><em><strong>Niacinamidas<\/strong><\/em> - taip pat \u017einomas kaip Vitaminas B3, ypa\u010d efektyvus kuriant stipr\u0173, sveik\u0105 apsaugin\u012f odos barjer\u0105, gerina odos tekst\u016br\u0105, i\u0161vaizd\u0105.<\/p>\n<p><em><strong>Hialurono r\u016bg\u0161tis<\/strong><\/em> - dr\u0117kinan\u010dios, vanden\u012f mylin\u010dios molekul\u0117s, \u017einomos ir vertinamos d\u0117l savo geb\u0117jimo pritraukti ir i\u0161laikyti iki 1000 kart\u0173 didesn\u012f kiek\u012f dr\u0117gm\u0117s, nei j\u0173 pa\u010di\u0173 svoris.<\/p>\n<p><em><strong>Probiotikai<\/strong> <\/em>\u2014<strong>\u00a0<\/strong>Nat\u016bral\u016bs fermentai, balansuojantys odos mikrobiom\u0105, palaikantys sveik\u0105 bakterij\u0173 santyk\u012f.<\/p>\n<\/div>\n<p><strong>Tai galingas, efektyvus, bet kartu ir \u0161velnus, dr\u0117kinantis gelinis prausiklis, praturtintas j\u016bros dumbli\u0173 ir kitais botaniniais ekstraktais, turin\u010diais itin daug antioksidant\u0173. Oda po jo lieka \u0161vari, sudr\u0117kinta ir glotni.<\/strong><\/p>\n<p>Vegani\u0161kas, gyv\u016bnams draugi\u0161kas, sertifikuotas.<br \/>\nBe ftalat\u0173, sulfat\u0173 ir da\u017eikli\u0173.<\/p>\n<p><em><strong>Kaip naudoti?<\/strong><\/em><\/p>\n<p>Paskleiskite tiesiai ant deln\u0173, ar kempin\u0117s, \u012fmasa\u017euokite \u012f dr\u0117gn\u0105 od\u0105, kol susidarys gausios putos. Gerai nuskalaukite vandeniu.<\/p>\n<p><em><strong>Sud\u0117tis:<\/strong><\/em><\/p>\n<p>Water, Sodium C14-16 Olefin Sulfonate, Cocamidopropyl Betaine, Glycerin, Cocamide Mipa, Polyglyceryl-4 Caprate, Parfum (Fragrance), Benzyl Alcohol, Coco-Glucoside, Glyceryl Oleate, Sodium Benzoate, Citric Acid, Sodium Gluconate, Polyquaternium-7, Dehydroacetic Acid, Sodium Pca, Sodium Lactate, Aloe Barbadensis Leaf Juice, Hyaluronic Acid, Lactobacillus\/Punica Granatum Fruit Ferment Extract, Niacinamide, Arginine, Aspartic Acid, Leuconostoc\/Radish Root Ferment Filtrate, Pca, 3-O-Ethyl Ascorbic Acid, Histidine, Phenylalanine, Carica Papaya (Papaya) Fruit Extract, Vaccinium Angustifolium (Blueberry) Fruit Extract, Glycine, Alanine, Serine, Valine, Isoleucine, Proline, Threonine, Benzyl Benzoate, Limonene, Linalool.<\/p>","protected":false},"excerpt":{"rendered":"<p>A multi-benefit, refreshing gel body cleanser\u00a0with antioxidants, ocean botanicals and naturally hydrating ingredients. Soften and soothe while cleansing to help restore the drying effects of outdoor activity, wind, sun and sea. KEY INGREDIENTS Seaweed Extracts &amp; Spirulina \u2014 Antioxidant-rich ocean botanicals that soothe and regenerate irritated skin exposed to the elements. Blueberry Extract &amp; Vitamin [&hellip;]<\/p>\n","protected":false},"featured_media":1673543,"comment_status":"open","ping_status":"closed","template":"","meta":{"content-type":"","_monsterinsights_skip_tracking":false,"_monsterinsights_sitenote_active":false,"_monsterinsights_sitenote_note":"","_monsterinsights_sitenote_category":0,"_uf_show_specific_survey":0,"_uf_disable_surveys":false},"product_brand":[1657],"product_cat":[137,140,15],"product_tag":[1844,79,509,965,960,1827,1843,220,119],"class_list":{"0":"post-1673541","1":"product","2":"type-product","3":"status-publish","4":"has-post-thumbnail","6":"product_brand-salt-and-stone","7":"product_cat-bath-and-body","8":"product_cat-shower-and-bath","9":"product_cat-all-products","10":"product_tag-bergamot-hinoki","11":"product_tag-body-wash","12":"product_tag-duso-zele","13":"product_tag-duso-gelis","14":"product_tag-kuno-prausiklis","15":"product_tag-salt-and-stone","16":"product_tag-santal-vetiver","17":"product_tag-shower-gel","18":"product_tag-vegan","20":"first","21":"outofstock","22":"taxable","23":"shipping-taxable","24":"purchasable","25":"product-type-simple"},"bundled_by":[],"bundle_stock_status":"outofstock","bundle_stock_quantity":0,"bundle_virtual":false,"bundle_layout":"","bundle_add_to_cart_form_location":"","bundle_editable_in_cart":false,"bundle_sold_individually_context":"","bundle_item_grouping":"","bundle_min_size":"","bundle_max_size":"","bundle_price":[],"bundled_items":[],"bundle_sell_ids":[],"group_of_quantity":0,"min_quantity":0,"max_quantity":"","exclude_order_quantity_value_rules":"no","exclude_category_quantity_rules":"no","combine_variations":"no","exclude_global_add_ons":[],"addons":[],"yoast_head":"<!-- This site is optimized with the Yoast SEO plugin v27.4 - https:\/\/yoast.com\/product\/yoast-seo-wordpress\/ -->\n<title>SALT &amp; STONE  Body wash 450ml  BERGAMOT &amp; HINOKI - Greenspells<\/title>\n<meta name=\"description\" content=\"A powerful, yet gentle hydrating gel cleanser infused with seaweed extracts &amp; antioxidant-rich botanicals to leave skin hydrated and silky smooth.\" \/>\n<meta name=\"robots\" content=\"index, follow, max-snippet:-1, max-image-preview:large, max-video-preview:-1\" \/>\n<link rel=\"canonical\" href=\"https:\/\/greenspells.com\/lt\/produktas\/salt-stone-body-wash-450ml-bergamot-hinoki\/\" \/>\n<meta property=\"og:locale\" content=\"lt_LT\" \/>\n<meta property=\"og:type\" content=\"article\" \/>\n<meta property=\"og:title\" content=\"SALT &amp; STONE  Body wash 450ml  BERGAMOT &amp; HINOKI - Greenspells\" \/>\n<meta property=\"og:description\" content=\"A powerful, yet gentle hydrating gel cleanser infused with seaweed extracts &amp; antioxidant-rich botanicals to leave skin hydrated and silky smooth.\" \/>\n<meta property=\"og:url\" content=\"https:\/\/greenspells.com\/lt\/produktas\/salt-stone-body-wash-450ml-bergamot-hinoki\/\" \/>\n<meta property=\"og:site_name\" content=\"Greenspells\" \/>\n<meta property=\"article:publisher\" content=\"https:\/\/www.facebook.com\/Greenspells\" \/>\n<meta property=\"article:modified_time\" content=\"2025-04-22T10:39:49+00:00\" \/>\n<meta property=\"og:image\" content=\"https:\/\/greenspells.com\/wp-content\/uploads\/2024\/04\/BodyWash-BergamotHinoki-BaseImage_720x.webp\" \/>\n\t<meta property=\"og:image:width\" content=\"720\" \/>\n\t<meta property=\"og:image:height\" content=\"720\" \/>\n\t<meta property=\"og:image:type\" content=\"image\/webp\" \/>\n<meta name=\"twitter:card\" content=\"summary_large_image\" \/>\n<meta name=\"twitter:label1\" content=\"Est. reading time\" \/>\n\t<meta name=\"twitter:data1\" content=\"2 minut\u0117s\" \/>\n<script type=\"application\/ld+json\" class=\"yoast-schema-graph\">{\"@context\":\"https:\\\/\\\/schema.org\",\"@graph\":[{\"@type\":\"WebPage\",\"@id\":\"https:\\\/\\\/greenspells.com\\\/product\\\/salt-stone-body-wash-450ml-bergamot-hinoki\\\/\",\"url\":\"https:\\\/\\\/greenspells.com\\\/product\\\/salt-stone-body-wash-450ml-bergamot-hinoki\\\/\",\"name\":\"SALT & STONE Body wash 450ml BERGAMOT & HINOKI - Greenspells\",\"isPartOf\":{\"@id\":\"https:\\\/\\\/greenspells.com\\\/#website\"},\"primaryImageOfPage\":{\"@id\":\"https:\\\/\\\/greenspells.com\\\/product\\\/salt-stone-body-wash-450ml-bergamot-hinoki\\\/#primaryimage\"},\"image\":{\"@id\":\"https:\\\/\\\/greenspells.com\\\/product\\\/salt-stone-body-wash-450ml-bergamot-hinoki\\\/#primaryimage\"},\"thumbnailUrl\":\"https:\\\/\\\/i0.wp.com\\\/greenspells.com\\\/wp-content\\\/uploads\\\/2024\\\/04\\\/BodyWash-BergamotHinoki-BaseImage_720x.webp?fit=720%2C720&ssl=1\",\"datePublished\":\"2024-04-03T10:13:20+00:00\",\"dateModified\":\"2025-04-22T10:39:49+00:00\",\"description\":\"A powerful, yet gentle hydrating gel cleanser infused with seaweed extracts & antioxidant-rich botanicals to leave skin hydrated and silky smooth.\",\"breadcrumb\":{\"@id\":\"https:\\\/\\\/greenspells.com\\\/product\\\/salt-stone-body-wash-450ml-bergamot-hinoki\\\/#breadcrumb\"},\"inLanguage\":\"lt-LT\",\"potentialAction\":[{\"@type\":\"ReadAction\",\"target\":[\"https:\\\/\\\/greenspells.com\\\/product\\\/salt-stone-body-wash-450ml-bergamot-hinoki\\\/\"]}]},{\"@type\":\"ImageObject\",\"inLanguage\":\"lt-LT\",\"@id\":\"https:\\\/\\\/greenspells.com\\\/product\\\/salt-stone-body-wash-450ml-bergamot-hinoki\\\/#primaryimage\",\"url\":\"https:\\\/\\\/i0.wp.com\\\/greenspells.com\\\/wp-content\\\/uploads\\\/2024\\\/04\\\/BodyWash-BergamotHinoki-BaseImage_720x.webp?fit=720%2C720&ssl=1\",\"contentUrl\":\"https:\\\/\\\/i0.wp.com\\\/greenspells.com\\\/wp-content\\\/uploads\\\/2024\\\/04\\\/BodyWash-BergamotHinoki-BaseImage_720x.webp?fit=720%2C720&ssl=1\",\"width\":720,\"height\":720,\"caption\":\"salt and stone body wash bergamot hinoki\"},{\"@type\":\"BreadcrumbList\",\"@id\":\"https:\\\/\\\/greenspells.com\\\/product\\\/salt-stone-body-wash-450ml-bergamot-hinoki\\\/#breadcrumb\",\"itemListElement\":[{\"@type\":\"ListItem\",\"position\":1,\"name\":\"Home\",\"item\":\"https:\\\/\\\/greenspells.com\\\/\"},{\"@type\":\"ListItem\",\"position\":2,\"name\":\"Shop\",\"item\":\"https:\\\/\\\/greenspells.com\\\/shop\\\/\"},{\"@type\":\"ListItem\",\"position\":3,\"name\":\"SALT &#038; STONE Body wash 450ml BERGAMOT &#038; HINOKI\"}]},{\"@type\":\"WebSite\",\"@id\":\"https:\\\/\\\/greenspells.com\\\/#website\",\"url\":\"https:\\\/\\\/greenspells.com\\\/\",\"name\":\"Greenspells\",\"description\":\"Nat\u016brali ir ekologi\u0161ka kosmetika\",\"publisher\":{\"@id\":\"https:\\\/\\\/greenspells.com\\\/#organization\"},\"potentialAction\":[{\"@type\":\"SearchAction\",\"target\":{\"@type\":\"EntryPoint\",\"urlTemplate\":\"https:\\\/\\\/greenspells.com\\\/?s={search_term_string}\"},\"query-input\":{\"@type\":\"PropertyValueSpecification\",\"valueRequired\":true,\"valueName\":\"search_term_string\"}}],\"inLanguage\":\"lt-LT\"},{\"@type\":\"Organization\",\"@id\":\"https:\\\/\\\/greenspells.com\\\/#organization\",\"name\":\"Greenspells\",\"url\":\"https:\\\/\\\/greenspells.com\\\/\",\"logo\":{\"@type\":\"ImageObject\",\"inLanguage\":\"lt-LT\",\"@id\":\"https:\\\/\\\/greenspells.com\\\/#\\\/schema\\\/logo\\\/image\\\/\",\"url\":\"https:\\\/\\\/i0.wp.com\\\/greenspells.com\\\/wp-content\\\/uploads\\\/2020\\\/09\\\/20200722_153424_0000.png?fit=1500%2C1500&ssl=1\",\"contentUrl\":\"https:\\\/\\\/i0.wp.com\\\/greenspells.com\\\/wp-content\\\/uploads\\\/2020\\\/09\\\/20200722_153424_0000.png?fit=1500%2C1500&ssl=1\",\"width\":1500,\"height\":1500,\"caption\":\"Greenspells\"},\"image\":{\"@id\":\"https:\\\/\\\/greenspells.com\\\/#\\\/schema\\\/logo\\\/image\\\/\"},\"sameAs\":[\"https:\\\/\\\/www.facebook.com\\\/Greenspells\",\"https:\\\/\\\/www.instagram.com\\\/greenspells_store\\\/\"]}]}<\/script>\n<!-- \/ Yoast SEO plugin. -->","yoast_head_json":{"title":"SALT & STONE  Body wash 450ml  BERGAMOT & HINOKI - Greenspells","description":"A powerful, yet gentle hydrating gel cleanser infused with seaweed extracts & antioxidant-rich botanicals to leave skin hydrated and silky smooth.","robots":{"index":"index","follow":"follow","max-snippet":"max-snippet:-1","max-image-preview":"max-image-preview:large","max-video-preview":"max-video-preview:-1"},"canonical":"https:\/\/greenspells.com\/lt\/produktas\/salt-stone-body-wash-450ml-bergamot-hinoki\/","og_locale":"lt_LT","og_type":"article","og_title":"SALT & STONE  Body wash 450ml  BERGAMOT & HINOKI - Greenspells","og_description":"A powerful, yet gentle hydrating gel cleanser infused with seaweed extracts & antioxidant-rich botanicals to leave skin hydrated and silky smooth.","og_url":"https:\/\/greenspells.com\/lt\/produktas\/salt-stone-body-wash-450ml-bergamot-hinoki\/","og_site_name":"Greenspells","article_publisher":"https:\/\/www.facebook.com\/Greenspells","article_modified_time":"2025-04-22T10:39:49+00:00","og_image":[{"width":720,"height":720,"url":"https:\/\/greenspells.com\/wp-content\/uploads\/2024\/04\/BodyWash-BergamotHinoki-BaseImage_720x.webp","type":"image\/webp"}],"twitter_card":"summary_large_image","twitter_misc":{"Est. reading time":"2 minut\u0117s"},"schema":{"@context":"https:\/\/schema.org","@graph":[{"@type":"WebPage","@id":"https:\/\/greenspells.com\/product\/salt-stone-body-wash-450ml-bergamot-hinoki\/","url":"https:\/\/greenspells.com\/product\/salt-stone-body-wash-450ml-bergamot-hinoki\/","name":"SALT & STONE Body wash 450ml BERGAMOT & HINOKI - Greenspells","isPartOf":{"@id":"https:\/\/greenspells.com\/#website"},"primaryImageOfPage":{"@id":"https:\/\/greenspells.com\/product\/salt-stone-body-wash-450ml-bergamot-hinoki\/#primaryimage"},"image":{"@id":"https:\/\/greenspells.com\/product\/salt-stone-body-wash-450ml-bergamot-hinoki\/#primaryimage"},"thumbnailUrl":"https:\/\/i0.wp.com\/greenspells.com\/wp-content\/uploads\/2024\/04\/BodyWash-BergamotHinoki-BaseImage_720x.webp?fit=720%2C720&ssl=1","datePublished":"2024-04-03T10:13:20+00:00","dateModified":"2025-04-22T10:39:49+00:00","description":"A powerful, yet gentle hydrating gel cleanser infused with seaweed extracts & antioxidant-rich botanicals to leave skin hydrated and silky smooth.","breadcrumb":{"@id":"https:\/\/greenspells.com\/product\/salt-stone-body-wash-450ml-bergamot-hinoki\/#breadcrumb"},"inLanguage":"lt-LT","potentialAction":[{"@type":"ReadAction","target":["https:\/\/greenspells.com\/product\/salt-stone-body-wash-450ml-bergamot-hinoki\/"]}]},{"@type":"ImageObject","inLanguage":"lt-LT","@id":"https:\/\/greenspells.com\/product\/salt-stone-body-wash-450ml-bergamot-hinoki\/#primaryimage","url":"https:\/\/i0.wp.com\/greenspells.com\/wp-content\/uploads\/2024\/04\/BodyWash-BergamotHinoki-BaseImage_720x.webp?fit=720%2C720&ssl=1","contentUrl":"https:\/\/i0.wp.com\/greenspells.com\/wp-content\/uploads\/2024\/04\/BodyWash-BergamotHinoki-BaseImage_720x.webp?fit=720%2C720&ssl=1","width":720,"height":720,"caption":"salt and stone body wash bergamot hinoki"},{"@type":"BreadcrumbList","@id":"https:\/\/greenspells.com\/product\/salt-stone-body-wash-450ml-bergamot-hinoki\/#breadcrumb","itemListElement":[{"@type":"ListItem","position":1,"name":"Home","item":"https:\/\/greenspells.com\/"},{"@type":"ListItem","position":2,"name":"Shop","item":"https:\/\/greenspells.com\/shop\/"},{"@type":"ListItem","position":3,"name":"SALT &#038; STONE Body wash 450ml BERGAMOT &#038; HINOKI"}]},{"@type":"WebSite","@id":"https:\/\/greenspells.com\/#website","url":"https:\/\/greenspells.com\/","name":"Greenspells","description":"Nat\u016brali ir ekologi\u0161ka kosmetika","publisher":{"@id":"https:\/\/greenspells.com\/#organization"},"potentialAction":[{"@type":"SearchAction","target":{"@type":"EntryPoint","urlTemplate":"https:\/\/greenspells.com\/?s={search_term_string}"},"query-input":{"@type":"PropertyValueSpecification","valueRequired":true,"valueName":"search_term_string"}}],"inLanguage":"lt-LT"},{"@type":"Organization","@id":"https:\/\/greenspells.com\/#organization","name":"Greenspells","url":"https:\/\/greenspells.com\/","logo":{"@type":"ImageObject","inLanguage":"lt-LT","@id":"https:\/\/greenspells.com\/#\/schema\/logo\/image\/","url":"https:\/\/i0.wp.com\/greenspells.com\/wp-content\/uploads\/2020\/09\/20200722_153424_0000.png?fit=1500%2C1500&ssl=1","contentUrl":"https:\/\/i0.wp.com\/greenspells.com\/wp-content\/uploads\/2020\/09\/20200722_153424_0000.png?fit=1500%2C1500&ssl=1","width":1500,"height":1500,"caption":"Greenspells"},"image":{"@id":"https:\/\/greenspells.com\/#\/schema\/logo\/image\/"},"sameAs":["https:\/\/www.facebook.com\/Greenspells","https:\/\/www.instagram.com\/greenspells_store\/"]}]}},"jetpack_likes_enabled":true,"jetpack_sharing_enabled":true,"_links":{"self":[{"href":"https:\/\/greenspells.com\/lt\/wp-json\/wp\/v2\/product\/1673541","targetHints":{"allow":["GET"]}}],"collection":[{"href":"https:\/\/greenspells.com\/lt\/wp-json\/wp\/v2\/product"}],"about":[{"href":"https:\/\/greenspells.com\/lt\/wp-json\/wp\/v2\/types\/product"}],"replies":[{"embeddable":true,"href":"https:\/\/greenspells.com\/lt\/wp-json\/wp\/v2\/comments?post=1673541"}],"wp:featuredmedia":[{"embeddable":true,"href":"https:\/\/greenspells.com\/lt\/wp-json\/wp\/v2\/media\/1673543"}],"wp:attachment":[{"href":"https:\/\/greenspells.com\/lt\/wp-json\/wp\/v2\/media?parent=1673541"}],"wp:term":[{"taxonomy":"product_brand","embeddable":true,"href":"https:\/\/greenspells.com\/lt\/wp-json\/wp\/v2\/product_brand?post=1673541"},{"taxonomy":"product_cat","embeddable":true,"href":"https:\/\/greenspells.com\/lt\/wp-json\/wp\/v2\/product_cat?post=1673541"},{"taxonomy":"product_tag","embeddable":true,"href":"https:\/\/greenspells.com\/lt\/wp-json\/wp\/v2\/product_tag?post=1673541"}],"curies":[{"name":"wp","href":"https:\/\/api.w.org\/{rel}","templated":true}]}}