{"id":1673446,"date":"2024-01-30T10:55:02","date_gmt":"2024-01-30T08:55:02","guid":{"rendered":"https:\/\/greenspells.com\/?post_type=product&#038;p=1673446"},"modified":"2025-04-22T12:24:45","modified_gmt":"2025-04-22T10:24:45","slug":"rms-beauty-volumizing-peptide-mascara-straight-up","status":"publish","type":"product","link":"https:\/\/greenspells.com\/lt\/produktas\/rms-beauty-volumizing-peptide-mascara-straight-up\/","title":{"rendered":"RMS BEAUTY <br> Blakstien\u0173 tu\u0161as su peptidais, suteikiantis apimties <br> STRAIGHT UP"},"content":{"rendered":"<p>Galingas ingredient\u0173 mi\u0161inys blasktienas pavers tankiomis, ilgomis, tuo pat metu peptidai pad\u0117s jas sustiprinti, pamaitinti, atgaivinti.\nI\u0161skirtin\u0117 tri-locking sistema u\u017etikrina puik\u0173 i\u0161silaikym\u0105, be jokio tepimosi, byr\u0117jimo.<\/p>\n<div class=\"ing\">\n<div class=\"content\">\n<p>Pakelia, u\u017erie\u010dia, ilgina, maitina - vis\u0105 dien\u0105 i\u0161silaikantis blakstien\u0173 gro\u017eis, kuriam pad\u0117s peptidai.<\/p>\n<\/div>\n<\/div>\n<p><b>Kas tai yra:<\/b><br \/>\n\u0160varus, netepantis blakstien\u0173 tu\u0161as<\/p>\n<p><b>K\u0105 daro:<\/b><br \/>\nSuteikia 12 valand\u0173 nepriekai\u0161ting\u0105 apimt\u012f ir pak\u0117lim\u0105 blakstienoms, tuo pat metu jas maitindamas.<\/p>\n<p><b>Kuo jis ypataingas:<\/b><br \/>\nPro peptidai padeda sustiprinti, sutankinti ir atgaivinti blakstienas. Eksliuzyvin\u0117 tr-locking sistema sukuria .smudge free', nesitepliojant\u012f, netrupant\u012f, ilgai i\u0161liekant\u012f efekt\u0105. \u0160epet\u0117lis suteikia akims dramati\u0161kumo.<\/p>\n<p>Tvarumas: buteliuko vidus pagamintas i\u0161 50% PCR su aliuminio vir\u0161umi, i\u0161 10% perdirbto aliuminio. Popierin\u0117 pakuot\u0117 pagaminta i\u0161 80% perdirbto popieriaus.<\/p>\n<p><strong><em>Kaip naudoti?<\/em><\/strong><\/p>\n<p>Da\u017eykite laikydami \u0161epept\u0117l\u012f horizontaliai, norint daugiau apimties, sluoksniuokite.<\/p>\n<p><strong><em>Sud\u0117tis:<\/em><\/strong><\/p>\n<p>Water\/Aqua\/Eau, Euphorbia Cerifera (Candelilla) Wax\/Candelilla Cera\/Cire de candelilla, *Butyrospermum Parkii (Shea) Butter, Polyglyceryl-6 Distearate, Glycerin, Dimer Dilinoleyl Dimer Dilinoleate, Copernicia Cerifera (Carnauba) Wax\/Cera Carnauba\/Cire de carnauba, Polyglyceryl-10 Myristate, Cetyl Alcohol, Glyceryl Caprylate, Leuconostoc\/Radish Root Ferment Filtrate, *Zea Mays (Corn) Starch (non-GMO), Butylene Glycol, Xanthan Gum, Arginine, Phenethyl Alcohol, Portulaca Grandiflora Extract, Camellia Sinensis (White Tea) Leaf Extract, Glycoproteins, Oligopeptide-2, Iron Oxides (CI 77499). * organic<\/p>","protected":false},"excerpt":{"rendered":"<p>Powerful mix of living ingredients creates thick, full, long lashes, while pro peptides help strengthen, revitalize, redensify and nourish. With exclusive tri-locking system, you get smudge-free, flake-free super long wear. Lift, lengthen, nourish and go\u2014this all day formula is powered by peptides. What It Is: A clean and smudge-free mascara What It Does: Delivers 12 [&hellip;]<\/p>\n","protected":false},"featured_media":1673452,"comment_status":"open","ping_status":"closed","template":"","meta":{"content-type":"","_monsterinsights_skip_tracking":false,"_monsterinsights_sitenote_active":false,"_monsterinsights_sitenote_note":"","_monsterinsights_sitenote_category":0,"_uf_show_specific_survey":0,"_uf_disable_surveys":false},"product_brand":[],"product_cat":[131,42,15],"product_tag":[1842,1108,91,590,584,1840,589,1841],"class_list":{"0":"post-1673446","1":"product","2":"type-product","3":"status-publish","4":"has-post-thumbnail","6":"product_cat-eyes","7":"product_cat-make-up","8":"product_cat-all-products","9":"product_tag-apimties-suteikiantis-tusas","10":"product_tag-blasktienu-tusas","11":"product_tag-mascara","12":"product_tag-naturalus-tusas","13":"product_tag-natural-mascara","14":"product_tag-rms-beauty","15":"product_tag-tusas-blakstienoms","16":"product_tag-tusas-jautrioms-akims","18":"first","19":"outofstock","20":"taxable","21":"shipping-taxable","22":"purchasable","23":"product-type-variable"},"bundled_by":[],"bundle_stock_status":"outofstock","bundle_stock_quantity":0,"bundle_virtual":false,"bundle_layout":"","bundle_add_to_cart_form_location":"","bundle_editable_in_cart":false,"bundle_sold_individually_context":"","bundle_item_grouping":"","bundle_min_size":"","bundle_max_size":"","bundle_price":[],"bundled_items":[],"bundle_sell_ids":[],"group_of_quantity":0,"min_quantity":0,"max_quantity":"","exclude_order_quantity_value_rules":"no","exclude_category_quantity_rules":"no","combine_variations":"no","exclude_global_add_ons":[],"addons":[],"yoast_head":"<!-- This site is optimized with the Yoast SEO plugin v27.4 - https:\/\/yoast.com\/product\/yoast-seo-wordpress\/ -->\n<title>RMS BEAUTY  Volumizing Peptide Mascara  STRAIGHT UP - Greenspells<\/title>\n<meta name=\"description\" content=\"A pro peptide helps strengthen, revitalize, and thicken. Exclusive tri-locking system creates smudge-free, flake-free long wear.\" \/>\n<meta name=\"robots\" content=\"index, follow, max-snippet:-1, max-image-preview:large, max-video-preview:-1\" \/>\n<link rel=\"canonical\" href=\"https:\/\/greenspells.com\/lt\/produktas\/rms-beauty-volumizing-peptide-mascara-straight-up\/\" \/>\n<meta property=\"og:locale\" content=\"lt_LT\" \/>\n<meta property=\"og:type\" content=\"article\" \/>\n<meta property=\"og:title\" content=\"RMS BEAUTY  Volumizing Peptide Mascara  STRAIGHT UP - Greenspells\" \/>\n<meta property=\"og:description\" content=\"A pro peptide helps strengthen, revitalize, and thicken. Exclusive tri-locking system creates smudge-free, flake-free long wear.\" \/>\n<meta property=\"og:url\" content=\"https:\/\/greenspells.com\/lt\/produktas\/rms-beauty-volumizing-peptide-mascara-straight-up\/\" \/>\n<meta property=\"og:site_name\" content=\"Greenspells\" \/>\n<meta property=\"article:publisher\" content=\"https:\/\/www.facebook.com\/Greenspells\" \/>\n<meta property=\"article:modified_time\" content=\"2025-04-22T10:24:45+00:00\" \/>\n<meta property=\"og:image\" content=\"https:\/\/greenspells.com\/wp-content\/uploads\/2024\/01\/mascara-900x1084_f543398c-6930-4c8a-b6bb-807e60818636.webp\" \/>\n\t<meta property=\"og:image:width\" content=\"720\" \/>\n\t<meta property=\"og:image:height\" content=\"867\" \/>\n\t<meta property=\"og:image:type\" content=\"image\/webp\" \/>\n<meta name=\"twitter:card\" content=\"summary_large_image\" \/>\n<meta name=\"twitter:label1\" content=\"Est. reading time\" \/>\n\t<meta name=\"twitter:data1\" content=\"2 minut\u0117s\" \/>\n<script type=\"application\/ld+json\" class=\"yoast-schema-graph\">{\"@context\":\"https:\\\/\\\/schema.org\",\"@graph\":[{\"@type\":\"WebPage\",\"@id\":\"https:\\\/\\\/greenspells.com\\\/product\\\/rms-beauty-volumizing-peptide-mascara-straight-up\\\/\",\"url\":\"https:\\\/\\\/greenspells.com\\\/product\\\/rms-beauty-volumizing-peptide-mascara-straight-up\\\/\",\"name\":\"RMS BEAUTY Volumizing Peptide Mascara STRAIGHT UP - Greenspells\",\"isPartOf\":{\"@id\":\"https:\\\/\\\/greenspells.com\\\/#website\"},\"primaryImageOfPage\":{\"@id\":\"https:\\\/\\\/greenspells.com\\\/product\\\/rms-beauty-volumizing-peptide-mascara-straight-up\\\/#primaryimage\"},\"image\":{\"@id\":\"https:\\\/\\\/greenspells.com\\\/product\\\/rms-beauty-volumizing-peptide-mascara-straight-up\\\/#primaryimage\"},\"thumbnailUrl\":\"https:\\\/\\\/i0.wp.com\\\/greenspells.com\\\/wp-content\\\/uploads\\\/2024\\\/01\\\/mascara-900x1084_f543398c-6930-4c8a-b6bb-807e60818636.webp?fit=720%2C867&ssl=1\",\"datePublished\":\"2024-01-30T08:55:02+00:00\",\"dateModified\":\"2025-04-22T10:24:45+00:00\",\"description\":\"A pro peptide helps strengthen, revitalize, and thicken. Exclusive tri-locking system creates smudge-free, flake-free long wear.\",\"breadcrumb\":{\"@id\":\"https:\\\/\\\/greenspells.com\\\/product\\\/rms-beauty-volumizing-peptide-mascara-straight-up\\\/#breadcrumb\"},\"inLanguage\":\"lt-LT\",\"potentialAction\":[{\"@type\":\"ReadAction\",\"target\":[\"https:\\\/\\\/greenspells.com\\\/product\\\/rms-beauty-volumizing-peptide-mascara-straight-up\\\/\"]}]},{\"@type\":\"ImageObject\",\"inLanguage\":\"lt-LT\",\"@id\":\"https:\\\/\\\/greenspells.com\\\/product\\\/rms-beauty-volumizing-peptide-mascara-straight-up\\\/#primaryimage\",\"url\":\"https:\\\/\\\/i0.wp.com\\\/greenspells.com\\\/wp-content\\\/uploads\\\/2024\\\/01\\\/mascara-900x1084_f543398c-6930-4c8a-b6bb-807e60818636.webp?fit=720%2C867&ssl=1\",\"contentUrl\":\"https:\\\/\\\/i0.wp.com\\\/greenspells.com\\\/wp-content\\\/uploads\\\/2024\\\/01\\\/mascara-900x1084_f543398c-6930-4c8a-b6bb-807e60818636.webp?fit=720%2C867&ssl=1\",\"width\":720,\"height\":867,\"caption\":\"RMS BEAUTY mascara\"},{\"@type\":\"BreadcrumbList\",\"@id\":\"https:\\\/\\\/greenspells.com\\\/product\\\/rms-beauty-volumizing-peptide-mascara-straight-up\\\/#breadcrumb\",\"itemListElement\":[{\"@type\":\"ListItem\",\"position\":1,\"name\":\"Home\",\"item\":\"https:\\\/\\\/greenspells.com\\\/\"},{\"@type\":\"ListItem\",\"position\":2,\"name\":\"Shop\",\"item\":\"https:\\\/\\\/greenspells.com\\\/shop\\\/\"},{\"@type\":\"ListItem\",\"position\":3,\"name\":\"RMS BEAUTY Volumizing Peptide Mascara STRAIGHT UP\"}]},{\"@type\":\"WebSite\",\"@id\":\"https:\\\/\\\/greenspells.com\\\/#website\",\"url\":\"https:\\\/\\\/greenspells.com\\\/\",\"name\":\"Greenspells\",\"description\":\"Nat\u016brali ir ekologi\u0161ka kosmetika\",\"publisher\":{\"@id\":\"https:\\\/\\\/greenspells.com\\\/#organization\"},\"potentialAction\":[{\"@type\":\"SearchAction\",\"target\":{\"@type\":\"EntryPoint\",\"urlTemplate\":\"https:\\\/\\\/greenspells.com\\\/?s={search_term_string}\"},\"query-input\":{\"@type\":\"PropertyValueSpecification\",\"valueRequired\":true,\"valueName\":\"search_term_string\"}}],\"inLanguage\":\"lt-LT\"},{\"@type\":\"Organization\",\"@id\":\"https:\\\/\\\/greenspells.com\\\/#organization\",\"name\":\"Greenspells\",\"url\":\"https:\\\/\\\/greenspells.com\\\/\",\"logo\":{\"@type\":\"ImageObject\",\"inLanguage\":\"lt-LT\",\"@id\":\"https:\\\/\\\/greenspells.com\\\/#\\\/schema\\\/logo\\\/image\\\/\",\"url\":\"https:\\\/\\\/i0.wp.com\\\/greenspells.com\\\/wp-content\\\/uploads\\\/2020\\\/09\\\/20200722_153424_0000.png?fit=1500%2C1500&ssl=1\",\"contentUrl\":\"https:\\\/\\\/i0.wp.com\\\/greenspells.com\\\/wp-content\\\/uploads\\\/2020\\\/09\\\/20200722_153424_0000.png?fit=1500%2C1500&ssl=1\",\"width\":1500,\"height\":1500,\"caption\":\"Greenspells\"},\"image\":{\"@id\":\"https:\\\/\\\/greenspells.com\\\/#\\\/schema\\\/logo\\\/image\\\/\"},\"sameAs\":[\"https:\\\/\\\/www.facebook.com\\\/Greenspells\",\"https:\\\/\\\/www.instagram.com\\\/greenspells_store\\\/\"]}]}<\/script>\n<!-- \/ Yoast SEO plugin. -->","yoast_head_json":{"title":"RMS BEAUTY  Volumizing Peptide Mascara  STRAIGHT UP - Greenspells","description":"A pro peptide helps strengthen, revitalize, and thicken. Exclusive tri-locking system creates smudge-free, flake-free long wear.","robots":{"index":"index","follow":"follow","max-snippet":"max-snippet:-1","max-image-preview":"max-image-preview:large","max-video-preview":"max-video-preview:-1"},"canonical":"https:\/\/greenspells.com\/lt\/produktas\/rms-beauty-volumizing-peptide-mascara-straight-up\/","og_locale":"lt_LT","og_type":"article","og_title":"RMS BEAUTY  Volumizing Peptide Mascara  STRAIGHT UP - Greenspells","og_description":"A pro peptide helps strengthen, revitalize, and thicken. Exclusive tri-locking system creates smudge-free, flake-free long wear.","og_url":"https:\/\/greenspells.com\/lt\/produktas\/rms-beauty-volumizing-peptide-mascara-straight-up\/","og_site_name":"Greenspells","article_publisher":"https:\/\/www.facebook.com\/Greenspells","article_modified_time":"2025-04-22T10:24:45+00:00","og_image":[{"width":720,"height":867,"url":"https:\/\/greenspells.com\/wp-content\/uploads\/2024\/01\/mascara-900x1084_f543398c-6930-4c8a-b6bb-807e60818636.webp","type":"image\/webp"}],"twitter_card":"summary_large_image","twitter_misc":{"Est. reading time":"2 minut\u0117s"},"schema":{"@context":"https:\/\/schema.org","@graph":[{"@type":"WebPage","@id":"https:\/\/greenspells.com\/product\/rms-beauty-volumizing-peptide-mascara-straight-up\/","url":"https:\/\/greenspells.com\/product\/rms-beauty-volumizing-peptide-mascara-straight-up\/","name":"RMS BEAUTY Volumizing Peptide Mascara STRAIGHT UP - Greenspells","isPartOf":{"@id":"https:\/\/greenspells.com\/#website"},"primaryImageOfPage":{"@id":"https:\/\/greenspells.com\/product\/rms-beauty-volumizing-peptide-mascara-straight-up\/#primaryimage"},"image":{"@id":"https:\/\/greenspells.com\/product\/rms-beauty-volumizing-peptide-mascara-straight-up\/#primaryimage"},"thumbnailUrl":"https:\/\/i0.wp.com\/greenspells.com\/wp-content\/uploads\/2024\/01\/mascara-900x1084_f543398c-6930-4c8a-b6bb-807e60818636.webp?fit=720%2C867&ssl=1","datePublished":"2024-01-30T08:55:02+00:00","dateModified":"2025-04-22T10:24:45+00:00","description":"A pro peptide helps strengthen, revitalize, and thicken. Exclusive tri-locking system creates smudge-free, flake-free long wear.","breadcrumb":{"@id":"https:\/\/greenspells.com\/product\/rms-beauty-volumizing-peptide-mascara-straight-up\/#breadcrumb"},"inLanguage":"lt-LT","potentialAction":[{"@type":"ReadAction","target":["https:\/\/greenspells.com\/product\/rms-beauty-volumizing-peptide-mascara-straight-up\/"]}]},{"@type":"ImageObject","inLanguage":"lt-LT","@id":"https:\/\/greenspells.com\/product\/rms-beauty-volumizing-peptide-mascara-straight-up\/#primaryimage","url":"https:\/\/i0.wp.com\/greenspells.com\/wp-content\/uploads\/2024\/01\/mascara-900x1084_f543398c-6930-4c8a-b6bb-807e60818636.webp?fit=720%2C867&ssl=1","contentUrl":"https:\/\/i0.wp.com\/greenspells.com\/wp-content\/uploads\/2024\/01\/mascara-900x1084_f543398c-6930-4c8a-b6bb-807e60818636.webp?fit=720%2C867&ssl=1","width":720,"height":867,"caption":"RMS BEAUTY mascara"},{"@type":"BreadcrumbList","@id":"https:\/\/greenspells.com\/product\/rms-beauty-volumizing-peptide-mascara-straight-up\/#breadcrumb","itemListElement":[{"@type":"ListItem","position":1,"name":"Home","item":"https:\/\/greenspells.com\/"},{"@type":"ListItem","position":2,"name":"Shop","item":"https:\/\/greenspells.com\/shop\/"},{"@type":"ListItem","position":3,"name":"RMS BEAUTY Volumizing Peptide Mascara STRAIGHT UP"}]},{"@type":"WebSite","@id":"https:\/\/greenspells.com\/#website","url":"https:\/\/greenspells.com\/","name":"Greenspells","description":"Nat\u016brali ir ekologi\u0161ka kosmetika","publisher":{"@id":"https:\/\/greenspells.com\/#organization"},"potentialAction":[{"@type":"SearchAction","target":{"@type":"EntryPoint","urlTemplate":"https:\/\/greenspells.com\/?s={search_term_string}"},"query-input":{"@type":"PropertyValueSpecification","valueRequired":true,"valueName":"search_term_string"}}],"inLanguage":"lt-LT"},{"@type":"Organization","@id":"https:\/\/greenspells.com\/#organization","name":"Greenspells","url":"https:\/\/greenspells.com\/","logo":{"@type":"ImageObject","inLanguage":"lt-LT","@id":"https:\/\/greenspells.com\/#\/schema\/logo\/image\/","url":"https:\/\/i0.wp.com\/greenspells.com\/wp-content\/uploads\/2020\/09\/20200722_153424_0000.png?fit=1500%2C1500&ssl=1","contentUrl":"https:\/\/i0.wp.com\/greenspells.com\/wp-content\/uploads\/2020\/09\/20200722_153424_0000.png?fit=1500%2C1500&ssl=1","width":1500,"height":1500,"caption":"Greenspells"},"image":{"@id":"https:\/\/greenspells.com\/#\/schema\/logo\/image\/"},"sameAs":["https:\/\/www.facebook.com\/Greenspells","https:\/\/www.instagram.com\/greenspells_store\/"]}]}},"jetpack_likes_enabled":true,"jetpack_sharing_enabled":true,"_links":{"self":[{"href":"https:\/\/greenspells.com\/lt\/wp-json\/wp\/v2\/product\/1673446","targetHints":{"allow":["GET"]}}],"collection":[{"href":"https:\/\/greenspells.com\/lt\/wp-json\/wp\/v2\/product"}],"about":[{"href":"https:\/\/greenspells.com\/lt\/wp-json\/wp\/v2\/types\/product"}],"replies":[{"embeddable":true,"href":"https:\/\/greenspells.com\/lt\/wp-json\/wp\/v2\/comments?post=1673446"}],"wp:featuredmedia":[{"embeddable":true,"href":"https:\/\/greenspells.com\/lt\/wp-json\/wp\/v2\/media\/1673452"}],"wp:attachment":[{"href":"https:\/\/greenspells.com\/lt\/wp-json\/wp\/v2\/media?parent=1673446"}],"wp:term":[{"taxonomy":"product_brand","embeddable":true,"href":"https:\/\/greenspells.com\/lt\/wp-json\/wp\/v2\/product_brand?post=1673446"},{"taxonomy":"product_cat","embeddable":true,"href":"https:\/\/greenspells.com\/lt\/wp-json\/wp\/v2\/product_cat?post=1673446"},{"taxonomy":"product_tag","embeddable":true,"href":"https:\/\/greenspells.com\/lt\/wp-json\/wp\/v2\/product_tag?post=1673446"}],"curies":[{"name":"wp","href":"https:\/\/api.w.org\/{rel}","templated":true}]}}