{"id":1673437,"date":"2024-01-30T10:17:33","date_gmt":"2024-01-30T08:17:33","guid":{"rendered":"https:\/\/greenspells.com\/?post_type=product&#038;p=1673437"},"modified":"2025-09-17T09:32:04","modified_gmt":"2025-09-17T07:32:04","slug":"earth-harbor-ocean-hair-texturizer-beach-waves","status":"publish","type":"product","link":"https:\/\/greenspells.com\/lt\/produktas\/earth-harbor-ocean-hair-texturizer-beach-waves\/","title":{"rendered":"EARTH HARBOR <br> Pur\u0161kiklis plauk\u0173 tekst\u016brai su j\u016bros druska <br> BEACH WAVES"},"content":{"rendered":"<p>Suteikia plaukams tekst\u016bros ir apimties, su mangais ir j\u016bros druska.<\/p>\n<p>BEACH WAVES pad\u0117s susikurti ner\u016bpesting\u0105 \u0161ukuosen\u0105, lyg b\u016btum\u0117t paleidusi dien\u0105 prie j\u016bros. Mango bei j\u016bros druska suteikia plaukams subtilios tekst\u016bros ir apimties, palengvina formavim\u0105.<\/p>\n<p><strong>Padeda:<\/strong><br \/>\n\u2192  Prisiplojusiems plaukams, tr\u016bkstant apimties<br \/>\n- neigiamo ter\u0161al\u0173 poveikio<br \/>\n\u2192 Susikaupus ne\u0161varumams (buildup)<\/p>\n<p><strong>Suteikia tekst\u016br\u0105 - Suteikia apimties - Atgaivina<\/strong><\/p>\n<p><strong>Kvapas<\/strong>: gaivus, mang\u0173<br \/>\n<strong>Tekst\u016bra:<\/strong>: skystas, lengva dulksna<br \/>\n<strong>Spalva<\/strong>: skaidrus<\/p>\n<p><strong>J\u016bros druska:<\/strong>\u00a0J\u016bros druska, tokia pati, kaip esanti Atlanto vandenyne, suteikia plaukams papildom\u0105 tekst\u016br\u0105, \u017eavingas papl\u016bdimio bangas. Turtinga mineral\u0173.<\/p>\n<p><strong>Mango ekstraktas:<\/strong><strong>\u00a0<\/strong>Padeda suformuoti nat\u016bralias bangas, kasdienei, ner\u016bpestingai plauk\u0173 i\u0161vaizdai<\/p>\n<p><strong>Augalinis glicerinas<\/strong>: dr\u0117kinantis, lengvutis - puikus partneris su j\u016bros druska! Padeda i\u0161laikyti plaukus ir od\u0105 stirpius ir subalansuotus.<\/p>\n<p><em><strong>Kaip naudoti?<\/strong><\/em><\/p>\n<p><strong>Plaukams:<\/strong>\u00a0Lengvai papurtykite. Purk\u0161kite ant plauk\u0173 bet kuriuo metu, kai nor\u0117site suteikti jiems nat\u016brali\u0105 papl\u016bdimio i\u0161vaizd\u0105, gaivumo.<\/p>\n<p><strong>K\u016bnui:<\/strong>\u00a0Galima naudoti k\u016bnui bei veidui, kai norisi atgaivinti od\u0105.<\/p>\n<p><strong>Patarimas:<\/strong>\u00a0Galima sumai\u0161yti su keliais la\u0161eliais SUNSTONE REVIVE eliksyru ir naudoti kaip maitinan\u010di\u0105 paliekam\u0105j\u0105 priemon\u0119.<\/p>\n<p>&nbsp;<\/p>\n<p><em><strong>Sud\u0117tis:<\/strong><\/em><\/p>\n<p>Quartz-Infused Water (Aqua), Cane Alcohol\u00b0^, Fine Atlantic Sea Salt (Sodium chloride)\u00b0, Vegetable Glycerin\u00b0\u00b0, Mango (Mangifera indica) Extract\u00b0<\/p>\n<p>\u00b0 Certified Organic\u00a0 |\u00a0 \u00b0\u00b0 Non-GMO<\/p>","protected":false},"excerpt":{"rendered":"<p>Volumizing hair texturizer with mango &amp; sea salt. Breathe\u00a0fresh energy into your daily\u00a0hair ritual with this uplifting\u00a0mango\u00a0sea\u00a0salt spray.\u00a0With\u00a0an identical salinity to\u00a0the Atlantic Ocean, she gives you\u00a0that sea-swept beach style\u00a0with subtle volume and sexy texture you have been longing for since your day at the beach. Helps with: \u2192 Dullness or Lack of Volume \u2192 Pollution [&hellip;]<\/p>\n","protected":false},"featured_media":1673441,"comment_status":"open","ping_status":"closed","template":"","meta":{"content-type":"","_monsterinsights_skip_tracking":false,"_monsterinsights_sitenote_active":false,"_monsterinsights_sitenote_note":"","_monsterinsights_sitenote_category":0,"_uf_show_specific_survey":0,"_uf_disable_surveys":false},"product_brand":[1660],"product_cat":[228,231,15],"product_tag":[1674,1836,1838,1839,1837],"class_list":{"0":"post-1673437","1":"product","2":"type-product","3":"status-publish","4":"has-post-thumbnail","6":"product_brand-earth-harbor","7":"product_cat-hair-care","8":"product_cat-hair-masks","9":"product_cat-all-products","10":"product_tag-earth-harbor","11":"product_tag-hair-texturizer","12":"product_tag-juros-druska","13":"product_tag-juros-druska-plaukams","14":"product_tag-plauku-apiomciais","16":"first","17":"instock","18":"taxable","19":"shipping-taxable","20":"purchasable","21":"product-type-simple"},"bundled_by":[],"bundle_stock_status":"instock","bundle_stock_quantity":null,"bundle_virtual":false,"bundle_layout":"","bundle_add_to_cart_form_location":"","bundle_editable_in_cart":false,"bundle_sold_individually_context":"","bundle_item_grouping":"","bundle_min_size":"","bundle_max_size":"","bundle_price":[],"bundled_items":[],"bundle_sell_ids":[],"group_of_quantity":0,"min_quantity":0,"max_quantity":"","exclude_order_quantity_value_rules":"no","exclude_category_quantity_rules":"no","combine_variations":"no","exclude_global_add_ons":[],"addons":[],"yoast_head":"<!-- This site is optimized with the Yoast SEO plugin v27.4 - https:\/\/yoast.com\/product\/yoast-seo-wordpress\/ -->\n<title>EARTH HARBOR  Ocean Hair Texturizer  BEACH WAVES - Greenspells<\/title>\n<meta name=\"description\" content=\"Volumizing hair texturizer with mango &amp; sea salt from EARTH HARBOR gives you\u00a0that beach style\u00a0with subtle volume and sexy texture!\" \/>\n<meta name=\"robots\" content=\"index, follow, max-snippet:-1, max-image-preview:large, max-video-preview:-1\" \/>\n<link rel=\"canonical\" href=\"https:\/\/greenspells.com\/lt\/produktas\/earth-harbor-ocean-hair-texturizer-beach-waves\/\" \/>\n<meta property=\"og:locale\" content=\"lt_LT\" \/>\n<meta property=\"og:type\" content=\"article\" \/>\n<meta property=\"og:title\" content=\"EARTH HARBOR  Ocean Hair Texturizer  BEACH WAVES - Greenspells\" \/>\n<meta property=\"og:description\" content=\"Volumizing hair texturizer with mango &amp; sea salt from EARTH HARBOR gives you\u00a0that beach style\u00a0with subtle volume and sexy texture!\" \/>\n<meta property=\"og:url\" content=\"https:\/\/greenspells.com\/lt\/produktas\/earth-harbor-ocean-hair-texturizer-beach-waves\/\" \/>\n<meta property=\"og:site_name\" content=\"Greenspells\" \/>\n<meta property=\"article:publisher\" content=\"https:\/\/www.facebook.com\/Greenspells\" \/>\n<meta property=\"article:modified_time\" content=\"2025-09-17T07:32:04+00:00\" \/>\n<meta property=\"og:image\" content=\"https:\/\/greenspells.com\/wp-content\/uploads\/2024\/01\/beach-waves-ocean-hair-texturizer-406256_800x.webp\" \/>\n\t<meta property=\"og:image:width\" content=\"800\" \/>\n\t<meta property=\"og:image:height\" content=\"800\" \/>\n\t<meta property=\"og:image:type\" content=\"image\/webp\" \/>\n<meta name=\"twitter:card\" content=\"summary_large_image\" \/>\n<meta name=\"twitter:label1\" content=\"Est. reading time\" \/>\n\t<meta name=\"twitter:data1\" content=\"2 minut\u0117s\" \/>\n<script type=\"application\/ld+json\" class=\"yoast-schema-graph\">{\"@context\":\"https:\\\/\\\/schema.org\",\"@graph\":[{\"@type\":\"WebPage\",\"@id\":\"https:\\\/\\\/greenspells.com\\\/product\\\/earth-harbor-ocean-hair-texturizer-beach-waves\\\/\",\"url\":\"https:\\\/\\\/greenspells.com\\\/product\\\/earth-harbor-ocean-hair-texturizer-beach-waves\\\/\",\"name\":\"EARTH HARBOR Ocean Hair Texturizer BEACH WAVES - Greenspells\",\"isPartOf\":{\"@id\":\"https:\\\/\\\/greenspells.com\\\/#website\"},\"primaryImageOfPage\":{\"@id\":\"https:\\\/\\\/greenspells.com\\\/product\\\/earth-harbor-ocean-hair-texturizer-beach-waves\\\/#primaryimage\"},\"image\":{\"@id\":\"https:\\\/\\\/greenspells.com\\\/product\\\/earth-harbor-ocean-hair-texturizer-beach-waves\\\/#primaryimage\"},\"thumbnailUrl\":\"https:\\\/\\\/i0.wp.com\\\/greenspells.com\\\/wp-content\\\/uploads\\\/2024\\\/01\\\/beach-waves-ocean-hair-texturizer-406256_800x.webp?fit=800%2C800&ssl=1\",\"datePublished\":\"2024-01-30T08:17:33+00:00\",\"dateModified\":\"2025-09-17T07:32:04+00:00\",\"description\":\"Volumizing hair texturizer with mango & sea salt from EARTH HARBOR gives you\u00a0that beach style\u00a0with subtle volume and sexy texture!\",\"breadcrumb\":{\"@id\":\"https:\\\/\\\/greenspells.com\\\/product\\\/earth-harbor-ocean-hair-texturizer-beach-waves\\\/#breadcrumb\"},\"inLanguage\":\"lt-LT\",\"potentialAction\":[{\"@type\":\"ReadAction\",\"target\":[\"https:\\\/\\\/greenspells.com\\\/product\\\/earth-harbor-ocean-hair-texturizer-beach-waves\\\/\"]}]},{\"@type\":\"ImageObject\",\"inLanguage\":\"lt-LT\",\"@id\":\"https:\\\/\\\/greenspells.com\\\/product\\\/earth-harbor-ocean-hair-texturizer-beach-waves\\\/#primaryimage\",\"url\":\"https:\\\/\\\/i0.wp.com\\\/greenspells.com\\\/wp-content\\\/uploads\\\/2024\\\/01\\\/beach-waves-ocean-hair-texturizer-406256_800x.webp?fit=800%2C800&ssl=1\",\"contentUrl\":\"https:\\\/\\\/i0.wp.com\\\/greenspells.com\\\/wp-content\\\/uploads\\\/2024\\\/01\\\/beach-waves-ocean-hair-texturizer-406256_800x.webp?fit=800%2C800&ssl=1\",\"width\":800,\"height\":800,\"caption\":\"earth harbor beach waves hair texturizer\"},{\"@type\":\"BreadcrumbList\",\"@id\":\"https:\\\/\\\/greenspells.com\\\/product\\\/earth-harbor-ocean-hair-texturizer-beach-waves\\\/#breadcrumb\",\"itemListElement\":[{\"@type\":\"ListItem\",\"position\":1,\"name\":\"Home\",\"item\":\"https:\\\/\\\/greenspells.com\\\/\"},{\"@type\":\"ListItem\",\"position\":2,\"name\":\"Shop\",\"item\":\"https:\\\/\\\/greenspells.com\\\/shop\\\/\"},{\"@type\":\"ListItem\",\"position\":3,\"name\":\"EARTH HARBOR Ocean Hair Texturizer BEACH WAVES\"}]},{\"@type\":\"WebSite\",\"@id\":\"https:\\\/\\\/greenspells.com\\\/#website\",\"url\":\"https:\\\/\\\/greenspells.com\\\/\",\"name\":\"Greenspells\",\"description\":\"Nat\u016brali ir ekologi\u0161ka kosmetika\",\"publisher\":{\"@id\":\"https:\\\/\\\/greenspells.com\\\/#organization\"},\"potentialAction\":[{\"@type\":\"SearchAction\",\"target\":{\"@type\":\"EntryPoint\",\"urlTemplate\":\"https:\\\/\\\/greenspells.com\\\/?s={search_term_string}\"},\"query-input\":{\"@type\":\"PropertyValueSpecification\",\"valueRequired\":true,\"valueName\":\"search_term_string\"}}],\"inLanguage\":\"lt-LT\"},{\"@type\":\"Organization\",\"@id\":\"https:\\\/\\\/greenspells.com\\\/#organization\",\"name\":\"Greenspells\",\"url\":\"https:\\\/\\\/greenspells.com\\\/\",\"logo\":{\"@type\":\"ImageObject\",\"inLanguage\":\"lt-LT\",\"@id\":\"https:\\\/\\\/greenspells.com\\\/#\\\/schema\\\/logo\\\/image\\\/\",\"url\":\"https:\\\/\\\/i0.wp.com\\\/greenspells.com\\\/wp-content\\\/uploads\\\/2020\\\/09\\\/20200722_153424_0000.png?fit=1500%2C1500&ssl=1\",\"contentUrl\":\"https:\\\/\\\/i0.wp.com\\\/greenspells.com\\\/wp-content\\\/uploads\\\/2020\\\/09\\\/20200722_153424_0000.png?fit=1500%2C1500&ssl=1\",\"width\":1500,\"height\":1500,\"caption\":\"Greenspells\"},\"image\":{\"@id\":\"https:\\\/\\\/greenspells.com\\\/#\\\/schema\\\/logo\\\/image\\\/\"},\"sameAs\":[\"https:\\\/\\\/www.facebook.com\\\/Greenspells\",\"https:\\\/\\\/www.instagram.com\\\/greenspells_store\\\/\"]}]}<\/script>\n<!-- \/ Yoast SEO plugin. -->","yoast_head_json":{"title":"EARTH HARBOR  Ocean Hair Texturizer  BEACH WAVES - Greenspells","description":"Volumizing hair texturizer with mango & sea salt from EARTH HARBOR gives you\u00a0that beach style\u00a0with subtle volume and sexy texture!","robots":{"index":"index","follow":"follow","max-snippet":"max-snippet:-1","max-image-preview":"max-image-preview:large","max-video-preview":"max-video-preview:-1"},"canonical":"https:\/\/greenspells.com\/lt\/produktas\/earth-harbor-ocean-hair-texturizer-beach-waves\/","og_locale":"lt_LT","og_type":"article","og_title":"EARTH HARBOR  Ocean Hair Texturizer  BEACH WAVES - Greenspells","og_description":"Volumizing hair texturizer with mango & sea salt from EARTH HARBOR gives you\u00a0that beach style\u00a0with subtle volume and sexy texture!","og_url":"https:\/\/greenspells.com\/lt\/produktas\/earth-harbor-ocean-hair-texturizer-beach-waves\/","og_site_name":"Greenspells","article_publisher":"https:\/\/www.facebook.com\/Greenspells","article_modified_time":"2025-09-17T07:32:04+00:00","og_image":[{"width":800,"height":800,"url":"https:\/\/greenspells.com\/wp-content\/uploads\/2024\/01\/beach-waves-ocean-hair-texturizer-406256_800x.webp","type":"image\/webp"}],"twitter_card":"summary_large_image","twitter_misc":{"Est. reading time":"2 minut\u0117s"},"schema":{"@context":"https:\/\/schema.org","@graph":[{"@type":"WebPage","@id":"https:\/\/greenspells.com\/product\/earth-harbor-ocean-hair-texturizer-beach-waves\/","url":"https:\/\/greenspells.com\/product\/earth-harbor-ocean-hair-texturizer-beach-waves\/","name":"EARTH HARBOR Ocean Hair Texturizer BEACH WAVES - Greenspells","isPartOf":{"@id":"https:\/\/greenspells.com\/#website"},"primaryImageOfPage":{"@id":"https:\/\/greenspells.com\/product\/earth-harbor-ocean-hair-texturizer-beach-waves\/#primaryimage"},"image":{"@id":"https:\/\/greenspells.com\/product\/earth-harbor-ocean-hair-texturizer-beach-waves\/#primaryimage"},"thumbnailUrl":"https:\/\/i0.wp.com\/greenspells.com\/wp-content\/uploads\/2024\/01\/beach-waves-ocean-hair-texturizer-406256_800x.webp?fit=800%2C800&ssl=1","datePublished":"2024-01-30T08:17:33+00:00","dateModified":"2025-09-17T07:32:04+00:00","description":"Volumizing hair texturizer with mango & sea salt from EARTH HARBOR gives you\u00a0that beach style\u00a0with subtle volume and sexy texture!","breadcrumb":{"@id":"https:\/\/greenspells.com\/product\/earth-harbor-ocean-hair-texturizer-beach-waves\/#breadcrumb"},"inLanguage":"lt-LT","potentialAction":[{"@type":"ReadAction","target":["https:\/\/greenspells.com\/product\/earth-harbor-ocean-hair-texturizer-beach-waves\/"]}]},{"@type":"ImageObject","inLanguage":"lt-LT","@id":"https:\/\/greenspells.com\/product\/earth-harbor-ocean-hair-texturizer-beach-waves\/#primaryimage","url":"https:\/\/i0.wp.com\/greenspells.com\/wp-content\/uploads\/2024\/01\/beach-waves-ocean-hair-texturizer-406256_800x.webp?fit=800%2C800&ssl=1","contentUrl":"https:\/\/i0.wp.com\/greenspells.com\/wp-content\/uploads\/2024\/01\/beach-waves-ocean-hair-texturizer-406256_800x.webp?fit=800%2C800&ssl=1","width":800,"height":800,"caption":"earth harbor beach waves hair texturizer"},{"@type":"BreadcrumbList","@id":"https:\/\/greenspells.com\/product\/earth-harbor-ocean-hair-texturizer-beach-waves\/#breadcrumb","itemListElement":[{"@type":"ListItem","position":1,"name":"Home","item":"https:\/\/greenspells.com\/"},{"@type":"ListItem","position":2,"name":"Shop","item":"https:\/\/greenspells.com\/shop\/"},{"@type":"ListItem","position":3,"name":"EARTH HARBOR Ocean Hair Texturizer BEACH WAVES"}]},{"@type":"WebSite","@id":"https:\/\/greenspells.com\/#website","url":"https:\/\/greenspells.com\/","name":"Greenspells","description":"Nat\u016brali ir ekologi\u0161ka kosmetika","publisher":{"@id":"https:\/\/greenspells.com\/#organization"},"potentialAction":[{"@type":"SearchAction","target":{"@type":"EntryPoint","urlTemplate":"https:\/\/greenspells.com\/?s={search_term_string}"},"query-input":{"@type":"PropertyValueSpecification","valueRequired":true,"valueName":"search_term_string"}}],"inLanguage":"lt-LT"},{"@type":"Organization","@id":"https:\/\/greenspells.com\/#organization","name":"Greenspells","url":"https:\/\/greenspells.com\/","logo":{"@type":"ImageObject","inLanguage":"lt-LT","@id":"https:\/\/greenspells.com\/#\/schema\/logo\/image\/","url":"https:\/\/i0.wp.com\/greenspells.com\/wp-content\/uploads\/2020\/09\/20200722_153424_0000.png?fit=1500%2C1500&ssl=1","contentUrl":"https:\/\/i0.wp.com\/greenspells.com\/wp-content\/uploads\/2020\/09\/20200722_153424_0000.png?fit=1500%2C1500&ssl=1","width":1500,"height":1500,"caption":"Greenspells"},"image":{"@id":"https:\/\/greenspells.com\/#\/schema\/logo\/image\/"},"sameAs":["https:\/\/www.facebook.com\/Greenspells","https:\/\/www.instagram.com\/greenspells_store\/"]}]}},"jetpack_likes_enabled":true,"jetpack_sharing_enabled":true,"_links":{"self":[{"href":"https:\/\/greenspells.com\/lt\/wp-json\/wp\/v2\/product\/1673437","targetHints":{"allow":["GET"]}}],"collection":[{"href":"https:\/\/greenspells.com\/lt\/wp-json\/wp\/v2\/product"}],"about":[{"href":"https:\/\/greenspells.com\/lt\/wp-json\/wp\/v2\/types\/product"}],"replies":[{"embeddable":true,"href":"https:\/\/greenspells.com\/lt\/wp-json\/wp\/v2\/comments?post=1673437"}],"wp:featuredmedia":[{"embeddable":true,"href":"https:\/\/greenspells.com\/lt\/wp-json\/wp\/v2\/media\/1673441"}],"wp:attachment":[{"href":"https:\/\/greenspells.com\/lt\/wp-json\/wp\/v2\/media?parent=1673437"}],"wp:term":[{"taxonomy":"product_brand","embeddable":true,"href":"https:\/\/greenspells.com\/lt\/wp-json\/wp\/v2\/product_brand?post=1673437"},{"taxonomy":"product_cat","embeddable":true,"href":"https:\/\/greenspells.com\/lt\/wp-json\/wp\/v2\/product_cat?post=1673437"},{"taxonomy":"product_tag","embeddable":true,"href":"https:\/\/greenspells.com\/lt\/wp-json\/wp\/v2\/product_tag?post=1673437"}],"curies":[{"name":"wp","href":"https:\/\/api.w.org\/{rel}","templated":true}]}}