{"id":1673321,"date":"2023-12-21T10:05:57","date_gmt":"2023-12-21T08:05:57","guid":{"rendered":"https:\/\/greenspells.com\/?post_type=product&#038;p=1673321"},"modified":"2025-04-22T12:12:14","modified_gmt":"2025-04-22T10:12:14","slug":"salt-stone-natural-deodorant-gel-bergamot-hinoki","status":"publish","type":"product","link":"https:\/\/greenspells.com\/lt\/produktas\/salt-stone-natural-deodorant-gel-bergamot-hinoki\/","title":{"rendered":"SALT &#038; STONE Nat\u016bralus gelinis dezodorantas, jautriai odai <br> BERGAMOT &#038; HINOKI"},"content":{"rendered":"<p>Efektyvus, ta\u010diau \u0161velnus gelinis dezodorantas, sukurtas jautriai odai, sud\u0117tyje n\u0117ra sodos. Nematoma formul\u0117 \u0161velniai slysta oda, nepalikdama joki\u0173 p\u0117dsak\u0173 ant drabu\u017ei\u0173.\nJ\u016bros dumbli\u0173 ekstraktai ir hialurono r\u016bg\u0161tis dr\u0117kina od\u0105, probiotikai padeda neutralizuoti kvap\u0105.<\/p>\n<p>Jei norite \u012fprasto, stipresnio dezodoranto - <a href=\"https:\/\/greenspells.com\/lt\/?s=salt+stone+deodorant&amp;post_type=product&amp;trp-form-language=lt\">rinkit\u0117s stipriuosius SALT &amp; STONE dezodorantus.<\/a><\/p>\n<div class=\"accordion-trigger open\"><em><strong>Kvap\u0173 natos:<\/strong><\/em><\/div>\n<div class=\"accordion-content\">\n<p><span class=\"current-variant__description\">\u0160veln\u016bs spinduliai \u017e\u0117ri ant lengv\u0173, l\u0117t\u0173 bang\u0173. Gilus \u012fkv\u0117pimas, pabudimas. Energija, pakyl\u0117jimas. Gilus eukalipt\u0173 ir apelsin\u0173 \u017eied\u0173 duetas, \u017eemi\u0161kas vetiverij\u0173 ir gintaro kvapas. Bergamot\u0117 ir pikanti\u0161kas greipfrutas \u012fkvepia prad\u0117ti nauj\u0105 dien\u0105 gaiviai.<\/span><\/p>\n<p><em><strong>Kvap\u0173 natos:<\/strong><\/em><br \/>\nVir\u0161utin\u0117s - Itali\u0161kosios bergamot\u0117s, greipfrutai<br \/>\nVidurin\u0117s (\u0161irdies) - Hinoki, vetiverijos<br \/>\nBazin\u0117s - Eukaliptai, gintaras, apelsin\u0173 \u017eiedai<\/p>\n<\/div>\n<div><\/div>\n<div><em><strong>Pagrindiniai ingredientai<\/strong><\/em><\/div>\n<div><\/div>\n<div>\n<p><strong>Dumbli\u0173 ekstraktai<\/strong> - itin gausi antioksidant\u0173, ramina, regeneruoja suerzint\u0105 od\u0105.<\/p>\n<p><strong>Probiotikai<\/strong> \u2014<strong>\u00a0<\/strong>Nat\u016bral\u016bs fermentai, balansuojantys odos mikrobiom\u0105, palaikantys sveik\u0105 bakterij\u0173 santyk\u012f.<\/p>\n<p><strong>Hialurono r\u016bg\u0161tis<\/strong> - dr\u0117kinan\u010dios, vanden\u012f mylin\u010dios molekul\u0117s, \u017einomos ir vertinamos d\u0117l savo geb\u0117jimo pritraukti ir i\u0161laikyti iki 1000 kart\u0173 didesn\u012f kiek\u012f dr\u0117gm\u0117s, nei j\u0173 pa\u010di\u0173 svoris.<\/p>\n<p><strong>Alijo\u0161ius<\/strong>\u00a0- Gerai dr\u0117kina, maitina, atgaivina od\u0105.<\/p>\n<p><strong>Antioksidantai<\/strong> - nat\u016braliai prie\u0161u\u017edegiminiai, stipri apsauga nuo laisv\u0173j\u0173 radikal\u0173, prie\u0161laikinio sen\u0117jimo. Padeda i\u0161laikyti ger\u0105 odos b\u016bkl\u0119.<\/p>\n<p>&nbsp;<\/p>\n<p><em><strong>Sud\u0117tis:<\/strong><\/em><\/p>\n<p>Propylene Glycol (BIOBASED), Water, Sodium Stearate, Polyglyceryl-10 Caprylate\/Caprate, Propanediol, Saccharomyces Ferment,\u00a0Parfum (Fragrance), Glycerin, Glyceryl Caprylate, Aloe Barbadensis Leaf Juice, Hyaluronic Acid, Macrocystis Pyrifera (Kelp) Extract, Saccharina Longicruris (Seaweed) Extract, Maranta Arundinacea Root Powder, Zea Mays (Corn) Starch, Glyceryl Undecylenate, Potassium Sorbate, Sodium Benzoate, Leuconostoc\/Radish Root Ferment Filtrate.<\/p>\n<\/div>","protected":false},"excerpt":{"rendered":"<p>A powerful, yet gentle natural deodorant gel formulated without baking soda for those with sensitive skin. This invisible formula glides onto skin, without transferring onto clothes. Seaweed extracts &amp; hyaluronic acid moisturize the skin while probiotics help neutralize odor. Would you prefer extra strength? Please check other SALT &amp; STONE deodorant options. Scent notes Sunlight [&hellip;]<\/p>\n","protected":false},"featured_media":1673325,"comment_status":"open","ping_status":"closed","template":"","meta":{"content-type":"","_monsterinsights_skip_tracking":false,"_monsterinsights_sitenote_active":false,"_monsterinsights_sitenote_note":"","_monsterinsights_sitenote_category":0,"_uf_show_specific_survey":0,"_uf_disable_surveys":false},"product_brand":[],"product_cat":[137,139],"product_tag":[154,1829,1828,628,87,1575,1827],"class_list":{"0":"post-1673321","1":"product","2":"type-product","3":"status-publish","4":"has-post-thumbnail","6":"product_cat-bath-and-body","7":"product_cat-deodorants","8":"product_tag-deodorant","9":"product_tag-dezodorantas-be-sodos","10":"product_tag-dezodorantas-jautriai-odai","11":"product_tag-naturalus-dezodorantas","12":"product_tag-natural-deodorant","13":"product_tag-salt-stone","14":"product_tag-salt-and-stone","16":"first","17":"outofstock","18":"taxable","19":"shipping-taxable","20":"purchasable","21":"product-type-simple"},"bundled_by":[],"bundle_stock_status":"outofstock","bundle_stock_quantity":null,"bundle_virtual":false,"bundle_layout":"","bundle_add_to_cart_form_location":"","bundle_editable_in_cart":false,"bundle_sold_individually_context":"","bundle_item_grouping":"","bundle_min_size":"","bundle_max_size":"","bundle_price":[],"bundled_items":[],"bundle_sell_ids":[],"group_of_quantity":0,"min_quantity":0,"max_quantity":"","exclude_order_quantity_value_rules":"no","exclude_category_quantity_rules":"no","combine_variations":"no","exclude_global_add_ons":[],"addons":[],"yoast_head":"<!-- This site is optimized with the Yoast SEO plugin v27.4 - https:\/\/yoast.com\/product\/yoast-seo-wordpress\/ -->\n<title>SALT &amp; STONE &lt; Natural deodorant gel  BERGAMOT &amp; HINOKI - Greenspells<\/title>\n<meta name=\"description\" content=\"A powerful, yet gentle natural deodorant gel without baking soda for sensitive skin. Invisible formula glides onto skin, without transferring onto clothes.\" \/>\n<meta name=\"robots\" content=\"index, follow, max-snippet:-1, max-image-preview:large, max-video-preview:-1\" \/>\n<link rel=\"canonical\" href=\"https:\/\/greenspells.com\/lt\/produktas\/salt-stone-natural-deodorant-gel-bergamot-hinoki\/\" \/>\n<meta property=\"og:locale\" content=\"lt_LT\" \/>\n<meta property=\"og:type\" content=\"article\" \/>\n<meta property=\"og:title\" content=\"SALT &amp; STONE &lt; Natural deodorant gel  BERGAMOT &amp; HINOKI - Greenspells\" \/>\n<meta property=\"og:description\" content=\"A powerful, yet gentle natural deodorant gel without baking soda for sensitive skin. Invisible formula glides onto skin, without transferring onto clothes.\" \/>\n<meta property=\"og:url\" content=\"https:\/\/greenspells.com\/lt\/produktas\/salt-stone-natural-deodorant-gel-bergamot-hinoki\/\" \/>\n<meta property=\"og:site_name\" content=\"Greenspells\" \/>\n<meta property=\"article:publisher\" content=\"https:\/\/www.facebook.com\/Greenspells\" \/>\n<meta property=\"article:modified_time\" content=\"2025-04-22T10:12:14+00:00\" \/>\n<meta property=\"og:image\" content=\"https:\/\/greenspells.com\/wp-content\/uploads\/2023\/12\/Deodorant-Gel-Bergamot-Hinoki.png\" \/>\n\t<meta property=\"og:image:width\" content=\"2048\" \/>\n\t<meta property=\"og:image:height\" content=\"2048\" \/>\n\t<meta property=\"og:image:type\" content=\"image\/png\" \/>\n<meta name=\"twitter:card\" content=\"summary_large_image\" \/>\n<meta name=\"twitter:label1\" content=\"Est. reading time\" \/>\n\t<meta name=\"twitter:data1\" content=\"2 minut\u0117s\" \/>\n<script type=\"application\/ld+json\" class=\"yoast-schema-graph\">{\"@context\":\"https:\\\/\\\/schema.org\",\"@graph\":[{\"@type\":\"WebPage\",\"@id\":\"https:\\\/\\\/greenspells.com\\\/product\\\/salt-stone-natural-deodorant-gel-bergamot-hinoki\\\/\",\"url\":\"https:\\\/\\\/greenspells.com\\\/product\\\/salt-stone-natural-deodorant-gel-bergamot-hinoki\\\/\",\"name\":\"SALT & STONE < Natural deodorant gel BERGAMOT & HINOKI - Greenspells\",\"isPartOf\":{\"@id\":\"https:\\\/\\\/greenspells.com\\\/#website\"},\"primaryImageOfPage\":{\"@id\":\"https:\\\/\\\/greenspells.com\\\/product\\\/salt-stone-natural-deodorant-gel-bergamot-hinoki\\\/#primaryimage\"},\"image\":{\"@id\":\"https:\\\/\\\/greenspells.com\\\/product\\\/salt-stone-natural-deodorant-gel-bergamot-hinoki\\\/#primaryimage\"},\"thumbnailUrl\":\"https:\\\/\\\/i0.wp.com\\\/greenspells.com\\\/wp-content\\\/uploads\\\/2023\\\/12\\\/Deodorant-Gel-Bergamot-Hinoki.png?fit=2048%2C2048&ssl=1\",\"datePublished\":\"2023-12-21T08:05:57+00:00\",\"dateModified\":\"2025-04-22T10:12:14+00:00\",\"description\":\"A powerful, yet gentle natural deodorant gel without baking soda for sensitive skin. Invisible formula glides onto skin, without transferring onto clothes.\",\"breadcrumb\":{\"@id\":\"https:\\\/\\\/greenspells.com\\\/product\\\/salt-stone-natural-deodorant-gel-bergamot-hinoki\\\/#breadcrumb\"},\"inLanguage\":\"lt-LT\",\"potentialAction\":[{\"@type\":\"ReadAction\",\"target\":[\"https:\\\/\\\/greenspells.com\\\/product\\\/salt-stone-natural-deodorant-gel-bergamot-hinoki\\\/\"]}]},{\"@type\":\"ImageObject\",\"inLanguage\":\"lt-LT\",\"@id\":\"https:\\\/\\\/greenspells.com\\\/product\\\/salt-stone-natural-deodorant-gel-bergamot-hinoki\\\/#primaryimage\",\"url\":\"https:\\\/\\\/i0.wp.com\\\/greenspells.com\\\/wp-content\\\/uploads\\\/2023\\\/12\\\/Deodorant-Gel-Bergamot-Hinoki.png?fit=2048%2C2048&ssl=1\",\"contentUrl\":\"https:\\\/\\\/i0.wp.com\\\/greenspells.com\\\/wp-content\\\/uploads\\\/2023\\\/12\\\/Deodorant-Gel-Bergamot-Hinoki.png?fit=2048%2C2048&ssl=1\",\"width\":2048,\"height\":2048,\"caption\":\"Salt & Stone natural deodorant gel Bergamot - Hinoki\"},{\"@type\":\"BreadcrumbList\",\"@id\":\"https:\\\/\\\/greenspells.com\\\/product\\\/salt-stone-natural-deodorant-gel-bergamot-hinoki\\\/#breadcrumb\",\"itemListElement\":[{\"@type\":\"ListItem\",\"position\":1,\"name\":\"Home\",\"item\":\"https:\\\/\\\/greenspells.com\\\/\"},{\"@type\":\"ListItem\",\"position\":2,\"name\":\"Shop\",\"item\":\"https:\\\/\\\/greenspells.com\\\/shop\\\/\"},{\"@type\":\"ListItem\",\"position\":3,\"name\":\"SALT &#038; STONE < Natural deodorant gel BERGAMOT &#038; HINOKI\"}]},{\"@type\":\"WebSite\",\"@id\":\"https:\\\/\\\/greenspells.com\\\/#website\",\"url\":\"https:\\\/\\\/greenspells.com\\\/\",\"name\":\"Greenspells\",\"description\":\"Nat\u016brali ir ekologi\u0161ka kosmetika\",\"publisher\":{\"@id\":\"https:\\\/\\\/greenspells.com\\\/#organization\"},\"potentialAction\":[{\"@type\":\"SearchAction\",\"target\":{\"@type\":\"EntryPoint\",\"urlTemplate\":\"https:\\\/\\\/greenspells.com\\\/?s={search_term_string}\"},\"query-input\":{\"@type\":\"PropertyValueSpecification\",\"valueRequired\":true,\"valueName\":\"search_term_string\"}}],\"inLanguage\":\"lt-LT\"},{\"@type\":\"Organization\",\"@id\":\"https:\\\/\\\/greenspells.com\\\/#organization\",\"name\":\"Greenspells\",\"url\":\"https:\\\/\\\/greenspells.com\\\/\",\"logo\":{\"@type\":\"ImageObject\",\"inLanguage\":\"lt-LT\",\"@id\":\"https:\\\/\\\/greenspells.com\\\/#\\\/schema\\\/logo\\\/image\\\/\",\"url\":\"https:\\\/\\\/i0.wp.com\\\/greenspells.com\\\/wp-content\\\/uploads\\\/2020\\\/09\\\/20200722_153424_0000.png?fit=1500%2C1500&ssl=1\",\"contentUrl\":\"https:\\\/\\\/i0.wp.com\\\/greenspells.com\\\/wp-content\\\/uploads\\\/2020\\\/09\\\/20200722_153424_0000.png?fit=1500%2C1500&ssl=1\",\"width\":1500,\"height\":1500,\"caption\":\"Greenspells\"},\"image\":{\"@id\":\"https:\\\/\\\/greenspells.com\\\/#\\\/schema\\\/logo\\\/image\\\/\"},\"sameAs\":[\"https:\\\/\\\/www.facebook.com\\\/Greenspells\",\"https:\\\/\\\/www.instagram.com\\\/greenspells_store\\\/\"]}]}<\/script>\n<!-- \/ Yoast SEO plugin. -->","yoast_head_json":{"title":"SALT & STONE < Natural deodorant gel  BERGAMOT & HINOKI - Greenspells","description":"A powerful, yet gentle natural deodorant gel without baking soda for sensitive skin. Invisible formula glides onto skin, without transferring onto clothes.","robots":{"index":"index","follow":"follow","max-snippet":"max-snippet:-1","max-image-preview":"max-image-preview:large","max-video-preview":"max-video-preview:-1"},"canonical":"https:\/\/greenspells.com\/lt\/produktas\/salt-stone-natural-deodorant-gel-bergamot-hinoki\/","og_locale":"lt_LT","og_type":"article","og_title":"SALT & STONE < Natural deodorant gel  BERGAMOT & HINOKI - Greenspells","og_description":"A powerful, yet gentle natural deodorant gel without baking soda for sensitive skin. Invisible formula glides onto skin, without transferring onto clothes.","og_url":"https:\/\/greenspells.com\/lt\/produktas\/salt-stone-natural-deodorant-gel-bergamot-hinoki\/","og_site_name":"Greenspells","article_publisher":"https:\/\/www.facebook.com\/Greenspells","article_modified_time":"2025-04-22T10:12:14+00:00","og_image":[{"width":2048,"height":2048,"url":"https:\/\/greenspells.com\/wp-content\/uploads\/2023\/12\/Deodorant-Gel-Bergamot-Hinoki.png","type":"image\/png"}],"twitter_card":"summary_large_image","twitter_misc":{"Est. reading time":"2 minut\u0117s"},"schema":{"@context":"https:\/\/schema.org","@graph":[{"@type":"WebPage","@id":"https:\/\/greenspells.com\/product\/salt-stone-natural-deodorant-gel-bergamot-hinoki\/","url":"https:\/\/greenspells.com\/product\/salt-stone-natural-deodorant-gel-bergamot-hinoki\/","name":"SALT & STONE < Natural deodorant gel BERGAMOT & HINOKI - Greenspells","isPartOf":{"@id":"https:\/\/greenspells.com\/#website"},"primaryImageOfPage":{"@id":"https:\/\/greenspells.com\/product\/salt-stone-natural-deodorant-gel-bergamot-hinoki\/#primaryimage"},"image":{"@id":"https:\/\/greenspells.com\/product\/salt-stone-natural-deodorant-gel-bergamot-hinoki\/#primaryimage"},"thumbnailUrl":"https:\/\/i0.wp.com\/greenspells.com\/wp-content\/uploads\/2023\/12\/Deodorant-Gel-Bergamot-Hinoki.png?fit=2048%2C2048&ssl=1","datePublished":"2023-12-21T08:05:57+00:00","dateModified":"2025-04-22T10:12:14+00:00","description":"A powerful, yet gentle natural deodorant gel without baking soda for sensitive skin. Invisible formula glides onto skin, without transferring onto clothes.","breadcrumb":{"@id":"https:\/\/greenspells.com\/product\/salt-stone-natural-deodorant-gel-bergamot-hinoki\/#breadcrumb"},"inLanguage":"lt-LT","potentialAction":[{"@type":"ReadAction","target":["https:\/\/greenspells.com\/product\/salt-stone-natural-deodorant-gel-bergamot-hinoki\/"]}]},{"@type":"ImageObject","inLanguage":"lt-LT","@id":"https:\/\/greenspells.com\/product\/salt-stone-natural-deodorant-gel-bergamot-hinoki\/#primaryimage","url":"https:\/\/i0.wp.com\/greenspells.com\/wp-content\/uploads\/2023\/12\/Deodorant-Gel-Bergamot-Hinoki.png?fit=2048%2C2048&ssl=1","contentUrl":"https:\/\/i0.wp.com\/greenspells.com\/wp-content\/uploads\/2023\/12\/Deodorant-Gel-Bergamot-Hinoki.png?fit=2048%2C2048&ssl=1","width":2048,"height":2048,"caption":"Salt & Stone natural deodorant gel Bergamot - Hinoki"},{"@type":"BreadcrumbList","@id":"https:\/\/greenspells.com\/product\/salt-stone-natural-deodorant-gel-bergamot-hinoki\/#breadcrumb","itemListElement":[{"@type":"ListItem","position":1,"name":"Home","item":"https:\/\/greenspells.com\/"},{"@type":"ListItem","position":2,"name":"Shop","item":"https:\/\/greenspells.com\/shop\/"},{"@type":"ListItem","position":3,"name":"SALT &#038; STONE < Natural deodorant gel BERGAMOT &#038; HINOKI"}]},{"@type":"WebSite","@id":"https:\/\/greenspells.com\/#website","url":"https:\/\/greenspells.com\/","name":"Greenspells","description":"Nat\u016brali ir ekologi\u0161ka kosmetika","publisher":{"@id":"https:\/\/greenspells.com\/#organization"},"potentialAction":[{"@type":"SearchAction","target":{"@type":"EntryPoint","urlTemplate":"https:\/\/greenspells.com\/?s={search_term_string}"},"query-input":{"@type":"PropertyValueSpecification","valueRequired":true,"valueName":"search_term_string"}}],"inLanguage":"lt-LT"},{"@type":"Organization","@id":"https:\/\/greenspells.com\/#organization","name":"Greenspells","url":"https:\/\/greenspells.com\/","logo":{"@type":"ImageObject","inLanguage":"lt-LT","@id":"https:\/\/greenspells.com\/#\/schema\/logo\/image\/","url":"https:\/\/i0.wp.com\/greenspells.com\/wp-content\/uploads\/2020\/09\/20200722_153424_0000.png?fit=1500%2C1500&ssl=1","contentUrl":"https:\/\/i0.wp.com\/greenspells.com\/wp-content\/uploads\/2020\/09\/20200722_153424_0000.png?fit=1500%2C1500&ssl=1","width":1500,"height":1500,"caption":"Greenspells"},"image":{"@id":"https:\/\/greenspells.com\/#\/schema\/logo\/image\/"},"sameAs":["https:\/\/www.facebook.com\/Greenspells","https:\/\/www.instagram.com\/greenspells_store\/"]}]}},"jetpack_likes_enabled":true,"jetpack_sharing_enabled":true,"_links":{"self":[{"href":"https:\/\/greenspells.com\/lt\/wp-json\/wp\/v2\/product\/1673321","targetHints":{"allow":["GET"]}}],"collection":[{"href":"https:\/\/greenspells.com\/lt\/wp-json\/wp\/v2\/product"}],"about":[{"href":"https:\/\/greenspells.com\/lt\/wp-json\/wp\/v2\/types\/product"}],"replies":[{"embeddable":true,"href":"https:\/\/greenspells.com\/lt\/wp-json\/wp\/v2\/comments?post=1673321"}],"wp:featuredmedia":[{"embeddable":true,"href":"https:\/\/greenspells.com\/lt\/wp-json\/wp\/v2\/media\/1673325"}],"wp:attachment":[{"href":"https:\/\/greenspells.com\/lt\/wp-json\/wp\/v2\/media?parent=1673321"}],"wp:term":[{"taxonomy":"product_brand","embeddable":true,"href":"https:\/\/greenspells.com\/lt\/wp-json\/wp\/v2\/product_brand?post=1673321"},{"taxonomy":"product_cat","embeddable":true,"href":"https:\/\/greenspells.com\/lt\/wp-json\/wp\/v2\/product_cat?post=1673321"},{"taxonomy":"product_tag","embeddable":true,"href":"https:\/\/greenspells.com\/lt\/wp-json\/wp\/v2\/product_tag?post=1673321"}],"curies":[{"name":"wp","href":"https:\/\/api.w.org\/{rel}","templated":true}]}}