{"id":1673257,"date":"2023-11-29T09:12:07","date_gmt":"2023-11-29T07:12:07","guid":{"rendered":"https:\/\/greenspells.com\/?post_type=product&#038;p=1673257"},"modified":"2025-01-08T11:07:18","modified_gmt":"2025-01-08T09:07:18","slug":"biocos-naturali-kaledu-dulksna","status":"publish","type":"product","link":"https:\/\/greenspells.com\/lt\/produktas\/biocos-naturali-kaledu-dulksna\/","title":{"rendered":"BIOCOS <br> Nat\u016brali <br> KAL\u0116D\u0172 DULKSNA"},"content":{"rendered":"<p>KAL<span lang=\"lt\" xml:lang=\"lt\">\u0116DIN\u0116<\/span>\u00a0DULKSNA \u012fkv\u0117ps J\u016bs\u0173 namams Kal\u0117din\u0117s dvasios ir pad\u0117s sukurti \u0161ventin\u0119 nuotaik\u0105.<strong>\u00a0Kvapo kompozicijoje<\/strong>\u00a0\u2013 nat\u016bral\u016bs balzaminio k\u0117nio, vanil\u0117s, apelsin\u0173, pu\u0161\u0173 aromatai. Taip kvepia Kal\u0117din\u0117 eglut\u0117, i\u0161puo\u0161ta cukruotais vaisiais ir ledinukais.<\/p>\n<p><span lang=\"lt\" xml:lang=\"lt\">Kvapo kompozicija\u00a0<strong>sukurta tik i\u0161 eterini\u0173 aliej\u0173<\/strong><\/span>, tod\u0117l tai<strong>\u00a0ne tik malonaus aromato, bet ir \u0161velnaus terapinio poveikio<\/strong>\u00a0gaminys.\u00a0Eteriniai aliejai mi\u0161iniuose papildo vienas kit\u0105 bei veikia sinergi\u0161kai. Mi\u0161iniuose naudojami tik nat\u016bral\u016bs auk\u0161\u010diausios kokyb\u0117s gryni eteriniai aliejai, suteikiantys galimyb\u0119 m\u0117gautis aromaterapijos poveikiu.<\/p>\n<p><strong>NAUDOJIMAS<\/strong>:<\/p>\n<p>Pur\u0161kite patalpas, automobilio groteles ir s\u0117dynes, mink\u0161t\u0173 bald\u0173 pavir\u0161ius, kilimus, u\u017euolaidas, patalyn\u0119 ar kitus tekstil\u0117s gaminius. Nenaudokite ant \u0161viesi\u0173 pavir\u0161i\u0173. I\u0161bandykite ant ma\u017eo ploto.<\/p>\n<p><strong>SVARBI INFORMACIJA:<\/strong><\/p>\n<p>Kvapni dulksna n\u0117ra nam\u0173 kvapas. Kvapni dulksna \u2013 silpnesn\u0117s koncentracijos priemon\u0117 be kvapo stiprinkli\u0173 ir fiksatori\u0173. tad norint ilgiau jausti jos aromat\u0105, reik\u0117t\u0173 purk\u0161ti ne \u012f or\u0105, bet ant tekstilini\u0173 pavir\u0161i\u0173.<\/p>\n<p>100% nat<span lang=\"lt\" xml:lang=\"lt\">\u016brali sud\u0117tis<\/span>!<\/p>\n<p>Sukurta ir pagaminta Lietuvoje.<\/p>","protected":false},"excerpt":{"rendered":"<p>KAL\u0116DIN\u0116\u00a0DULKSNA \u012fkv\u0117ps J\u016bs\u0173 namams Kal\u0117din\u0117s dvasios ir pad\u0117s sukurti \u0161ventin\u0119 nuotaik\u0105.\u00a0Kvapo kompozicijoje\u00a0\u2013 nat\u016bral\u016bs balzaminio k\u0117nio, vanil\u0117s, apelsin\u0173, pu\u0161\u0173 aromatai. Taip kvepia Kal\u0117din\u0117 eglut\u0117, i\u0161puo\u0161ta cukruotais vaisiais ir ledinukais. Kvapo kompozicija\u00a0sukurta tik i\u0161 eterini\u0173 aliej\u0173, tod\u0117l tai\u00a0ne tik malonaus aromato, bet ir \u0161velnaus terapinio poveikio\u00a0gaminys.\u00a0Eteriniai aliejai mi\u0161iniuose papildo vienas kit\u0105 bei veikia sinergi\u0161kai. Mi\u0161iniuose naudojami tik [&hellip;]<\/p>\n","protected":false},"featured_media":1673259,"comment_status":"open","ping_status":"closed","template":"","meta":{"content-type":"","_monsterinsights_skip_tracking":false,"_monsterinsights_sitenote_active":false,"_monsterinsights_sitenote_note":"","_monsterinsights_sitenote_category":0,"_uf_show_specific_survey":0,"_uf_disable_surveys":false},"product_brand":[1652],"product_cat":[1506,1803,1512,15],"product_tag":[1810,1507,1515,1811,1819,1543,1445,1820,1548],"class_list":{"0":"post-1673257","1":"product","2":"type-product","3":"status-publish","4":"has-post-thumbnail","6":"product_brand-biocos-kosmetika","7":"product_cat-essential-oils","8":"product_cat-greenspells-dovanu-idejos","9":"product_cat-kvapnios-dulksnos","10":"product_cat-all-products","11":"product_tag-aromaterapija","12":"product_tag-biocos","13":"product_tag-eteriniai-aliejai","14":"product_tag-kaledos","15":"product_tag-kaledu-kvapas","16":"product_tag-namu-dulksna","17":"product_tag-namu-kvapas","18":"product_tag-naturalus-kvapas","19":"product_tag-patalynes-dulksna","21":"first","22":"instock","23":"taxable","24":"shipping-taxable","25":"purchasable","26":"product-type-simple"},"bundled_by":[],"bundle_stock_status":"instock","bundle_stock_quantity":null,"bundle_virtual":false,"bundle_layout":"","bundle_add_to_cart_form_location":"","bundle_editable_in_cart":false,"bundle_sold_individually_context":"","bundle_item_grouping":"","bundle_min_size":"","bundle_max_size":"","bundle_price":[],"bundled_items":[],"bundle_sell_ids":[],"group_of_quantity":0,"min_quantity":0,"max_quantity":"","exclude_order_quantity_value_rules":"no","exclude_category_quantity_rules":"no","combine_variations":"no","exclude_global_add_ons":[],"addons":[],"yoast_head":"<!-- This site is optimized with the Yoast SEO plugin v27.4 - https:\/\/yoast.com\/product\/yoast-seo-wordpress\/ -->\n<title>BIOCOS  Nat\u016brali  KAL\u0116D\u0172 DULKSNA - Greenspells<\/title>\n<meta name=\"description\" content=\"KAL\u0116DIN\u0116\u00a0DULKSNA \u012fkv\u0117ps J\u016bs\u0173 namams Kal\u0117din\u0117s dvasios ir pad\u0117s sukurti \u0161ventin\u0119 nuotaik\u0105.\u00a0100% nat\u016brali sud\u0117tis!\u00a0Sukurta ir pagaminta Lietuvoje.\" \/>\n<meta name=\"robots\" content=\"index, follow, max-snippet:-1, max-image-preview:large, max-video-preview:-1\" \/>\n<link rel=\"canonical\" href=\"https:\/\/greenspells.com\/lt\/produktas\/biocos-naturali-kaledu-dulksna\/\" \/>\n<meta property=\"og:locale\" content=\"lt_LT\" \/>\n<meta property=\"og:type\" content=\"article\" \/>\n<meta property=\"og:title\" content=\"BIOCOS  Nat\u016brali  KAL\u0116D\u0172 DULKSNA - Greenspells\" \/>\n<meta property=\"og:description\" content=\"KAL\u0116DIN\u0116\u00a0DULKSNA \u012fkv\u0117ps J\u016bs\u0173 namams Kal\u0117din\u0117s dvasios ir pad\u0117s sukurti \u0161ventin\u0119 nuotaik\u0105.\u00a0100% nat\u016brali sud\u0117tis!\u00a0Sukurta ir pagaminta Lietuvoje.\" \/>\n<meta property=\"og:url\" content=\"https:\/\/greenspells.com\/lt\/produktas\/biocos-naturali-kaledu-dulksna\/\" \/>\n<meta property=\"og:site_name\" content=\"Greenspells\" \/>\n<meta property=\"article:publisher\" content=\"https:\/\/www.facebook.com\/Greenspells\" \/>\n<meta property=\"article:modified_time\" content=\"2025-01-08T09:07:18+00:00\" \/>\n<meta property=\"og:image\" content=\"https:\/\/greenspells.com\/wp-content\/uploads\/2023\/11\/naturali-kaledine-dulksna-namams.png\" \/>\n\t<meta property=\"og:image:width\" content=\"600\" \/>\n\t<meta property=\"og:image:height\" content=\"600\" \/>\n\t<meta property=\"og:image:type\" content=\"image\/png\" \/>\n<meta name=\"twitter:card\" content=\"summary_large_image\" \/>\n<meta name=\"twitter:label1\" content=\"Est. reading time\" \/>\n\t<meta name=\"twitter:data1\" content=\"1 minut\u0117\" \/>\n<script type=\"application\/ld+json\" class=\"yoast-schema-graph\">{\"@context\":\"https:\\\/\\\/schema.org\",\"@graph\":[{\"@type\":\"WebPage\",\"@id\":\"https:\\\/\\\/greenspells.com\\\/product\\\/biocos-naturali-kaledu-dulksna\\\/\",\"url\":\"https:\\\/\\\/greenspells.com\\\/product\\\/biocos-naturali-kaledu-dulksna\\\/\",\"name\":\"BIOCOS Nat\u016brali KAL\u0116D\u0172 DULKSNA - Greenspells\",\"isPartOf\":{\"@id\":\"https:\\\/\\\/greenspells.com\\\/#website\"},\"primaryImageOfPage\":{\"@id\":\"https:\\\/\\\/greenspells.com\\\/product\\\/biocos-naturali-kaledu-dulksna\\\/#primaryimage\"},\"image\":{\"@id\":\"https:\\\/\\\/greenspells.com\\\/product\\\/biocos-naturali-kaledu-dulksna\\\/#primaryimage\"},\"thumbnailUrl\":\"https:\\\/\\\/i0.wp.com\\\/greenspells.com\\\/wp-content\\\/uploads\\\/2023\\\/11\\\/naturali-kaledine-dulksna-namams.png?fit=600%2C600&ssl=1\",\"datePublished\":\"2023-11-29T07:12:07+00:00\",\"dateModified\":\"2025-01-08T09:07:18+00:00\",\"description\":\"KAL\u0116DIN\u0116\u00a0DULKSNA \u012fkv\u0117ps J\u016bs\u0173 namams Kal\u0117din\u0117s dvasios ir pad\u0117s sukurti \u0161ventin\u0119 nuotaik\u0105.\u00a0100% nat\u016brali sud\u0117tis!\u00a0Sukurta ir pagaminta Lietuvoje.\",\"breadcrumb\":{\"@id\":\"https:\\\/\\\/greenspells.com\\\/product\\\/biocos-naturali-kaledu-dulksna\\\/#breadcrumb\"},\"inLanguage\":\"lt-LT\",\"potentialAction\":[{\"@type\":\"ReadAction\",\"target\":[\"https:\\\/\\\/greenspells.com\\\/product\\\/biocos-naturali-kaledu-dulksna\\\/\"]}]},{\"@type\":\"ImageObject\",\"inLanguage\":\"lt-LT\",\"@id\":\"https:\\\/\\\/greenspells.com\\\/product\\\/biocos-naturali-kaledu-dulksna\\\/#primaryimage\",\"url\":\"https:\\\/\\\/i0.wp.com\\\/greenspells.com\\\/wp-content\\\/uploads\\\/2023\\\/11\\\/naturali-kaledine-dulksna-namams.png?fit=600%2C600&ssl=1\",\"contentUrl\":\"https:\\\/\\\/i0.wp.com\\\/greenspells.com\\\/wp-content\\\/uploads\\\/2023\\\/11\\\/naturali-kaledine-dulksna-namams.png?fit=600%2C600&ssl=1\",\"width\":600,\"height\":600},{\"@type\":\"BreadcrumbList\",\"@id\":\"https:\\\/\\\/greenspells.com\\\/product\\\/biocos-naturali-kaledu-dulksna\\\/#breadcrumb\",\"itemListElement\":[{\"@type\":\"ListItem\",\"position\":1,\"name\":\"Home\",\"item\":\"https:\\\/\\\/greenspells.com\\\/\"},{\"@type\":\"ListItem\",\"position\":2,\"name\":\"Shop\",\"item\":\"https:\\\/\\\/greenspells.com\\\/shop\\\/\"},{\"@type\":\"ListItem\",\"position\":3,\"name\":\"BIOCOS Nat\u016brali KAL\u0116D\u0172 DULKSNA\"}]},{\"@type\":\"WebSite\",\"@id\":\"https:\\\/\\\/greenspells.com\\\/#website\",\"url\":\"https:\\\/\\\/greenspells.com\\\/\",\"name\":\"Greenspells\",\"description\":\"Nat\u016brali ir ekologi\u0161ka kosmetika\",\"publisher\":{\"@id\":\"https:\\\/\\\/greenspells.com\\\/#organization\"},\"potentialAction\":[{\"@type\":\"SearchAction\",\"target\":{\"@type\":\"EntryPoint\",\"urlTemplate\":\"https:\\\/\\\/greenspells.com\\\/?s={search_term_string}\"},\"query-input\":{\"@type\":\"PropertyValueSpecification\",\"valueRequired\":true,\"valueName\":\"search_term_string\"}}],\"inLanguage\":\"lt-LT\"},{\"@type\":\"Organization\",\"@id\":\"https:\\\/\\\/greenspells.com\\\/#organization\",\"name\":\"Greenspells\",\"url\":\"https:\\\/\\\/greenspells.com\\\/\",\"logo\":{\"@type\":\"ImageObject\",\"inLanguage\":\"lt-LT\",\"@id\":\"https:\\\/\\\/greenspells.com\\\/#\\\/schema\\\/logo\\\/image\\\/\",\"url\":\"https:\\\/\\\/i0.wp.com\\\/greenspells.com\\\/wp-content\\\/uploads\\\/2020\\\/09\\\/20200722_153424_0000.png?fit=1500%2C1500&ssl=1\",\"contentUrl\":\"https:\\\/\\\/i0.wp.com\\\/greenspells.com\\\/wp-content\\\/uploads\\\/2020\\\/09\\\/20200722_153424_0000.png?fit=1500%2C1500&ssl=1\",\"width\":1500,\"height\":1500,\"caption\":\"Greenspells\"},\"image\":{\"@id\":\"https:\\\/\\\/greenspells.com\\\/#\\\/schema\\\/logo\\\/image\\\/\"},\"sameAs\":[\"https:\\\/\\\/www.facebook.com\\\/Greenspells\",\"https:\\\/\\\/www.instagram.com\\\/greenspells_store\\\/\"]}]}<\/script>\n<!-- \/ Yoast SEO plugin. -->","yoast_head_json":{"title":"BIOCOS  Nat\u016brali  KAL\u0116D\u0172 DULKSNA - Greenspells","description":"KAL\u0116DIN\u0116\u00a0DULKSNA \u012fkv\u0117ps J\u016bs\u0173 namams Kal\u0117din\u0117s dvasios ir pad\u0117s sukurti \u0161ventin\u0119 nuotaik\u0105.\u00a0100% nat\u016brali sud\u0117tis!\u00a0Sukurta ir pagaminta Lietuvoje.","robots":{"index":"index","follow":"follow","max-snippet":"max-snippet:-1","max-image-preview":"max-image-preview:large","max-video-preview":"max-video-preview:-1"},"canonical":"https:\/\/greenspells.com\/lt\/produktas\/biocos-naturali-kaledu-dulksna\/","og_locale":"lt_LT","og_type":"article","og_title":"BIOCOS  Nat\u016brali  KAL\u0116D\u0172 DULKSNA - Greenspells","og_description":"KAL\u0116DIN\u0116\u00a0DULKSNA \u012fkv\u0117ps J\u016bs\u0173 namams Kal\u0117din\u0117s dvasios ir pad\u0117s sukurti \u0161ventin\u0119 nuotaik\u0105.\u00a0100% nat\u016brali sud\u0117tis!\u00a0Sukurta ir pagaminta Lietuvoje.","og_url":"https:\/\/greenspells.com\/lt\/produktas\/biocos-naturali-kaledu-dulksna\/","og_site_name":"Greenspells","article_publisher":"https:\/\/www.facebook.com\/Greenspells","article_modified_time":"2025-01-08T09:07:18+00:00","og_image":[{"width":600,"height":600,"url":"https:\/\/greenspells.com\/wp-content\/uploads\/2023\/11\/naturali-kaledine-dulksna-namams.png","type":"image\/png"}],"twitter_card":"summary_large_image","twitter_misc":{"Est. reading time":"1 minut\u0117"},"schema":{"@context":"https:\/\/schema.org","@graph":[{"@type":"WebPage","@id":"https:\/\/greenspells.com\/product\/biocos-naturali-kaledu-dulksna\/","url":"https:\/\/greenspells.com\/product\/biocos-naturali-kaledu-dulksna\/","name":"BIOCOS Nat\u016brali KAL\u0116D\u0172 DULKSNA - Greenspells","isPartOf":{"@id":"https:\/\/greenspells.com\/#website"},"primaryImageOfPage":{"@id":"https:\/\/greenspells.com\/product\/biocos-naturali-kaledu-dulksna\/#primaryimage"},"image":{"@id":"https:\/\/greenspells.com\/product\/biocos-naturali-kaledu-dulksna\/#primaryimage"},"thumbnailUrl":"https:\/\/i0.wp.com\/greenspells.com\/wp-content\/uploads\/2023\/11\/naturali-kaledine-dulksna-namams.png?fit=600%2C600&ssl=1","datePublished":"2023-11-29T07:12:07+00:00","dateModified":"2025-01-08T09:07:18+00:00","description":"KAL\u0116DIN\u0116\u00a0DULKSNA \u012fkv\u0117ps J\u016bs\u0173 namams Kal\u0117din\u0117s dvasios ir pad\u0117s sukurti \u0161ventin\u0119 nuotaik\u0105.\u00a0100% nat\u016brali sud\u0117tis!\u00a0Sukurta ir pagaminta Lietuvoje.","breadcrumb":{"@id":"https:\/\/greenspells.com\/product\/biocos-naturali-kaledu-dulksna\/#breadcrumb"},"inLanguage":"lt-LT","potentialAction":[{"@type":"ReadAction","target":["https:\/\/greenspells.com\/product\/biocos-naturali-kaledu-dulksna\/"]}]},{"@type":"ImageObject","inLanguage":"lt-LT","@id":"https:\/\/greenspells.com\/product\/biocos-naturali-kaledu-dulksna\/#primaryimage","url":"https:\/\/i0.wp.com\/greenspells.com\/wp-content\/uploads\/2023\/11\/naturali-kaledine-dulksna-namams.png?fit=600%2C600&ssl=1","contentUrl":"https:\/\/i0.wp.com\/greenspells.com\/wp-content\/uploads\/2023\/11\/naturali-kaledine-dulksna-namams.png?fit=600%2C600&ssl=1","width":600,"height":600},{"@type":"BreadcrumbList","@id":"https:\/\/greenspells.com\/product\/biocos-naturali-kaledu-dulksna\/#breadcrumb","itemListElement":[{"@type":"ListItem","position":1,"name":"Home","item":"https:\/\/greenspells.com\/"},{"@type":"ListItem","position":2,"name":"Shop","item":"https:\/\/greenspells.com\/shop\/"},{"@type":"ListItem","position":3,"name":"BIOCOS Nat\u016brali KAL\u0116D\u0172 DULKSNA"}]},{"@type":"WebSite","@id":"https:\/\/greenspells.com\/#website","url":"https:\/\/greenspells.com\/","name":"Greenspells","description":"Nat\u016brali ir ekologi\u0161ka kosmetika","publisher":{"@id":"https:\/\/greenspells.com\/#organization"},"potentialAction":[{"@type":"SearchAction","target":{"@type":"EntryPoint","urlTemplate":"https:\/\/greenspells.com\/?s={search_term_string}"},"query-input":{"@type":"PropertyValueSpecification","valueRequired":true,"valueName":"search_term_string"}}],"inLanguage":"lt-LT"},{"@type":"Organization","@id":"https:\/\/greenspells.com\/#organization","name":"Greenspells","url":"https:\/\/greenspells.com\/","logo":{"@type":"ImageObject","inLanguage":"lt-LT","@id":"https:\/\/greenspells.com\/#\/schema\/logo\/image\/","url":"https:\/\/i0.wp.com\/greenspells.com\/wp-content\/uploads\/2020\/09\/20200722_153424_0000.png?fit=1500%2C1500&ssl=1","contentUrl":"https:\/\/i0.wp.com\/greenspells.com\/wp-content\/uploads\/2020\/09\/20200722_153424_0000.png?fit=1500%2C1500&ssl=1","width":1500,"height":1500,"caption":"Greenspells"},"image":{"@id":"https:\/\/greenspells.com\/#\/schema\/logo\/image\/"},"sameAs":["https:\/\/www.facebook.com\/Greenspells","https:\/\/www.instagram.com\/greenspells_store\/"]}]}},"jetpack_likes_enabled":true,"jetpack_sharing_enabled":true,"_links":{"self":[{"href":"https:\/\/greenspells.com\/lt\/wp-json\/wp\/v2\/product\/1673257","targetHints":{"allow":["GET"]}}],"collection":[{"href":"https:\/\/greenspells.com\/lt\/wp-json\/wp\/v2\/product"}],"about":[{"href":"https:\/\/greenspells.com\/lt\/wp-json\/wp\/v2\/types\/product"}],"replies":[{"embeddable":true,"href":"https:\/\/greenspells.com\/lt\/wp-json\/wp\/v2\/comments?post=1673257"}],"wp:featuredmedia":[{"embeddable":true,"href":"https:\/\/greenspells.com\/lt\/wp-json\/wp\/v2\/media\/1673259"}],"wp:attachment":[{"href":"https:\/\/greenspells.com\/lt\/wp-json\/wp\/v2\/media?parent=1673257"}],"wp:term":[{"taxonomy":"product_brand","embeddable":true,"href":"https:\/\/greenspells.com\/lt\/wp-json\/wp\/v2\/product_brand?post=1673257"},{"taxonomy":"product_cat","embeddable":true,"href":"https:\/\/greenspells.com\/lt\/wp-json\/wp\/v2\/product_cat?post=1673257"},{"taxonomy":"product_tag","embeddable":true,"href":"https:\/\/greenspells.com\/lt\/wp-json\/wp\/v2\/product_tag?post=1673257"}],"curies":[{"name":"wp","href":"https:\/\/api.w.org\/{rel}","templated":true}]}}