{"id":1673249,"date":"2023-11-29T08:53:26","date_gmt":"2023-11-29T06:53:26","guid":{"rendered":"https:\/\/greenspells.com\/?post_type=product&#038;p=1673249"},"modified":"2024-03-01T10:19:15","modified_gmt":"2024-03-01T08:19:15","slug":"biocos-priemone-nuo-spuogu-acne-control-10ml","status":"publish","type":"product","link":"https:\/\/greenspells.com\/lt\/produktas\/biocos-priemone-nuo-spuogu-acne-control-10ml\/","title":{"rendered":"BIOCOS <br> Priemon\u0117 nuo spuog\u0173 <br> ACNE CONTROL, 10ml"},"content":{"rendered":"<p>Priemon\u0117 nuo spuog\u0173 &#8211; rutulinis pie\u0161tukas su nat\u016braliais arbatmed\u017eio ir marokini\u0173 ramun\u0117li\u0173 eteriniais aliejais, skirtas pagreitinti spuogeli\u0173 susitraukim\u0105, d\u017ei\u016bvim\u0105, nuraminti raudon\u012f, paspartinti odos regenercij\u0105, suma\u017einti rand\u0173 atsiradimo galimyb\u0119.<\/p>\n<p>Tinka visai \u0161eimai!<\/p>\n<p><strong style=\"box-sizing: border-box;\">Priemon\u0117 nuo spuog\u0173 &#8211; serumas\u00a0ACNE CONTROL &#8211; patogioje pakuot\u0117je su rutuliniu aplikatoriumi, kad naudojimas b\u016bt\u0173 dar patogesnis ir efektyvesnis.<\/strong><\/p>\n<p><strong style=\"box-sizing: border-box;\">Kuo \u0161is produktas ypatingas?<\/strong><\/p>\n<p><span style=\"box-sizing: border-box;\">Serumas pagamintas i\u0161 100%\u00a0<\/span><span style=\"box-sizing: border-box;\">nat\u016brali\u0173 ingredient\u0173, kurie pagreitins spuogeli\u0173 susitraukim\u0105, nuramins sudirgint\u0105 od\u0105 aplink spuogus, paspartins odos regeneracij\u0105 ir suma\u017eins rand\u0173 atsiradimo po spuog\u0173 rizik\u0105. Serum\u0105 galima naudoti ir vabzd\u017ei\u0173 \u012fkandimo vietoms raminti.<\/span><\/p>\n<p><span style=\"box-sizing: border-box;\">Patogi naudojimui pakuot\u0117 &#8211; buteliukas su rutuliniu aplikatoriumi, kuris u\u017etikrins, kad serumas bus aplikuotas tik ten, kur reikia.<\/span><\/p>\n<p><strong style=\"box-sizing: border-box;\">Kokiai odai skirtas?<\/strong><\/p>\n<p><span style=\"box-sizing: border-box;\">Priemon\u0117 nuo spuog\u0173 tinka probleminei, riebiai, mi\u0161riai odai, esant aknei, varginant jaunatviniams, PMS spuogams, b\u0117rimams, po vabzd\u017ei\u0173 \u012fkandim\u0173.<\/span><\/p>\n<p><strong style=\"box-sizing: border-box;\">Kaip naudoti?<\/strong><\/p>\n<p><span style=\"box-sizing: border-box;\">Tepkite serum\u0105\u00a0ant kylan\u010dio ar jau i\u0161kilusio spuogelio kelis kartus per dien\u0105. Prie\u0161 tepant serum\u0105 nuvalykite odos plotel\u012f\u00a0<a href=\"https:\/\/greenspells.com\/lt\/produktas\/biocos-levandu-hidrolatas\/\"><span style=\"box-sizing: border-box;\">Levand\u0173 hidrolatu.<\/span>\u00a0<\/a><\/span><\/p>\n<p><strong style=\"box-sizing: border-box;\">Aktyviosios med\u017eiagos:<\/strong><\/p>\n<ul>\n<li><span style=\"box-sizing: border-box;\">Arbatmed\u017eio eterinis aliejus &#8211; visiems \u017einoma pirmoji pagalba i\u0161kilus spuogeliui! Pagreitins spuogelio susitraukim\u0105, d\u017eiuvim\u0105, paspartins odos atsinaujinimo procesus, suma\u017eins\u00a0<\/span><span style=\"box-sizing: border-box;\">rand\u0173 atsiradimo rizik\u0105<\/span><\/li>\n<li>Marokini\u0173 ramun\u0117li\u0173 (tansy blue) eterinis aliejus &#8211; pad\u0117s suma\u017einti odos sudirgimus, patinimus, nie\u017e\u0117jim\u0105.<\/li>\n<\/ul>\n<p><em><strong>Ingredientai:<\/strong><\/em><\/p>\n<p>SIMMONDSIA CHINENSIS SEED OIL, MELALEUCA ALTERNIFOLIA OIL, TANACETUM ANNUUM FLOWER\/LEAF\/STEM OIL, TOCOPHEROL, LIMONENE*, LINALOL*<br \/>\n*eterini\u0173 aliej\u0173 sud\u0117tin\u0117s dalys<\/p>","protected":false},"excerpt":{"rendered":"<p>Priemon\u0117 nuo spuog\u0173 &#8211; rutulinis pie\u0161tukas su nat\u016braliais arbatmed\u017eio ir marokini\u0173 ramun\u0117li\u0173 eteriniais aliejais, skirtas pagreitinti spuogeli\u0173 susitraukim\u0105, d\u017ei\u016bvim\u0105, nuraminti raudon\u012f, paspartinti odos regenercij\u0105, suma\u017einti rand\u0173 atsiradimo galimyb\u0119. Tinka visai \u0161eimai! Priemon\u0117 nuo spuog\u0173 &#8211; serumas\u00a0ACNE CONTROL &#8211; patogioje pakuot\u0117je su rutuliniu aplikatoriumi, kad naudojimas b\u016bt\u0173 dar patogesnis ir efektyvesnis. Kuo \u0161is produktas ypatingas? Serumas [&hellip;]<\/p>","protected":false},"featured_media":1673255,"comment_status":"open","ping_status":"closed","template":"","meta":{"content-type":"","_monsterinsights_skip_tracking":false,"_monsterinsights_sitenote_active":false,"_monsterinsights_sitenote_note":"","_monsterinsights_sitenote_category":0,"_uf_show_specific_survey":0,"_uf_disable_surveys":false},"product_brand":[1652],"product_cat":[1506,33,40,34,15],"product_tag":[383,1640,576,1815,1507,472,1817,1816,1818,871],"class_list":{"0":"post-1673249","1":"product","2":"type-product","3":"status-publish","4":"has-post-thumbnail","6":"product_brand-biocos-kosmetika","7":"product_cat-essential-oils","8":"product_cat-serums","9":"product_cat-moisturizers","10":"product_cat-skincare","11":"product_cat-all-products","12":"product_tag-acne","13":"product_tag-acne-control","14":"product_tag-akne","15":"product_tag-arbatmedzio-aliejus","16":"product_tag-biocos","17":"product_tag-nuo-spuogu","18":"product_tag-problematiska-oda","19":"product_tag-problemine-oda","20":"product_tag-riebi-oda","21":"product_tag-spuoguotai-odai","23":"first","24":"instock","25":"taxable","26":"shipping-taxable","27":"purchasable","28":"product-type-simple"},"bundled_by":[],"bundle_stock_status":"instock","bundle_stock_quantity":null,"bundle_virtual":false,"bundle_layout":"","bundle_add_to_cart_form_location":"","bundle_editable_in_cart":false,"bundle_sold_individually_context":"","bundle_item_grouping":"","bundle_min_size":"","bundle_max_size":"","bundle_price":[],"bundled_items":[],"bundle_sell_ids":[],"group_of_quantity":0,"min_quantity":0,"max_quantity":"","exclude_order_quantity_value_rules":"no","exclude_category_quantity_rules":"no","combine_variations":"no","exclude_global_add_ons":[],"addons":[],"yoast_head":"<!-- This site is optimized with the Yoast SEO plugin v27.3 - https:\/\/yoast.com\/product\/yoast-seo-wordpress\/ -->\n<title>BIOCOS  Priemon\u0117 nuo spuog\u0173  ACNE CONTROL, 10ml - Greenspells<\/title>\n<meta name=\"description\" content=\"Rutulinis pie\u0161tukas pagreitina spuogeli\u0173 susitraukim\u0105, d\u017ei\u016bvim\u0105, nuramina raudon\u012f, spartina odos regenercij\u0105, suma\u017eina rand\u0173 atsiradim\u0105.Tinka visai \u0161eimai!\" \/>\n<meta name=\"robots\" content=\"index, follow, max-snippet:-1, max-image-preview:large, max-video-preview:-1\" \/>\n<link rel=\"canonical\" href=\"https:\/\/greenspells.com\/lt\/produktas\/biocos-priemone-nuo-spuogu-acne-control-10ml\/\" \/>\n<meta property=\"og:locale\" content=\"lt_LT\" \/>\n<meta property=\"og:type\" content=\"article\" \/>\n<meta property=\"og:title\" content=\"BIOCOS  Priemon\u0117 nuo spuog\u0173  ACNE CONTROL, 10ml - Greenspells\" \/>\n<meta property=\"og:description\" content=\"Rutulinis pie\u0161tukas pagreitina spuogeli\u0173 susitraukim\u0105, d\u017ei\u016bvim\u0105, nuramina raudon\u012f, spartina odos regenercij\u0105, suma\u017eina rand\u0173 atsiradim\u0105.Tinka visai \u0161eimai!\" \/>\n<meta property=\"og:url\" content=\"https:\/\/greenspells.com\/lt\/produktas\/biocos-priemone-nuo-spuogu-acne-control-10ml\/\" \/>\n<meta property=\"og:site_name\" content=\"Greenspells\" \/>\n<meta property=\"article:publisher\" content=\"https:\/\/www.facebook.com\/Greenspells\" \/>\n<meta property=\"article:modified_time\" content=\"2024-03-01T08:19:15+00:00\" \/>\n<meta property=\"og:image\" content=\"https:\/\/greenspells.com\/wp-content\/uploads\/2023\/11\/acne-control-priemone-nuo-spuogu-10-ml.png\" \/>\n\t<meta property=\"og:image:width\" content=\"600\" \/>\n\t<meta property=\"og:image:height\" content=\"600\" \/>\n\t<meta property=\"og:image:type\" content=\"image\/png\" \/>\n<meta name=\"twitter:card\" content=\"summary_large_image\" \/>\n<meta name=\"twitter:label1\" content=\"Est. reading time\" \/>\n\t<meta name=\"twitter:data1\" content=\"1 minut\u0117\" \/>\n<script type=\"application\/ld+json\" class=\"yoast-schema-graph\">{\"@context\":\"https:\\\/\\\/schema.org\",\"@graph\":[{\"@type\":\"WebPage\",\"@id\":\"https:\\\/\\\/greenspells.com\\\/product\\\/biocos-priemone-nuo-spuogu-acne-control-10ml\\\/\",\"url\":\"https:\\\/\\\/greenspells.com\\\/product\\\/biocos-priemone-nuo-spuogu-acne-control-10ml\\\/\",\"name\":\"BIOCOS Priemon\u0117 nuo spuog\u0173 ACNE CONTROL, 10ml - Greenspells\",\"isPartOf\":{\"@id\":\"https:\\\/\\\/greenspells.com\\\/#website\"},\"primaryImageOfPage\":{\"@id\":\"https:\\\/\\\/greenspells.com\\\/product\\\/biocos-priemone-nuo-spuogu-acne-control-10ml\\\/#primaryimage\"},\"image\":{\"@id\":\"https:\\\/\\\/greenspells.com\\\/product\\\/biocos-priemone-nuo-spuogu-acne-control-10ml\\\/#primaryimage\"},\"thumbnailUrl\":\"https:\\\/\\\/i0.wp.com\\\/greenspells.com\\\/wp-content\\\/uploads\\\/2023\\\/11\\\/acne-control-priemone-nuo-spuogu-10-ml.png?fit=600%2C600&ssl=1\",\"datePublished\":\"2023-11-29T06:53:26+00:00\",\"dateModified\":\"2024-03-01T08:19:15+00:00\",\"description\":\"Rutulinis pie\u0161tukas pagreitina spuogeli\u0173 susitraukim\u0105, d\u017ei\u016bvim\u0105, nuramina raudon\u012f, spartina odos regenercij\u0105, suma\u017eina rand\u0173 atsiradim\u0105.Tinka visai \u0161eimai!\",\"breadcrumb\":{\"@id\":\"https:\\\/\\\/greenspells.com\\\/product\\\/biocos-priemone-nuo-spuogu-acne-control-10ml\\\/#breadcrumb\"},\"inLanguage\":\"lt-LT\",\"potentialAction\":[{\"@type\":\"ReadAction\",\"target\":[\"https:\\\/\\\/greenspells.com\\\/product\\\/biocos-priemone-nuo-spuogu-acne-control-10ml\\\/\"]}]},{\"@type\":\"ImageObject\",\"inLanguage\":\"lt-LT\",\"@id\":\"https:\\\/\\\/greenspells.com\\\/product\\\/biocos-priemone-nuo-spuogu-acne-control-10ml\\\/#primaryimage\",\"url\":\"https:\\\/\\\/i0.wp.com\\\/greenspells.com\\\/wp-content\\\/uploads\\\/2023\\\/11\\\/acne-control-priemone-nuo-spuogu-10-ml.png?fit=600%2C600&ssl=1\",\"contentUrl\":\"https:\\\/\\\/i0.wp.com\\\/greenspells.com\\\/wp-content\\\/uploads\\\/2023\\\/11\\\/acne-control-priemone-nuo-spuogu-10-ml.png?fit=600%2C600&ssl=1\",\"width\":600,\"height\":600},{\"@type\":\"BreadcrumbList\",\"@id\":\"https:\\\/\\\/greenspells.com\\\/product\\\/biocos-priemone-nuo-spuogu-acne-control-10ml\\\/#breadcrumb\",\"itemListElement\":[{\"@type\":\"ListItem\",\"position\":1,\"name\":\"Home\",\"item\":\"https:\\\/\\\/greenspells.com\\\/\"},{\"@type\":\"ListItem\",\"position\":2,\"name\":\"Shop\",\"item\":\"https:\\\/\\\/greenspells.com\\\/shop\\\/\"},{\"@type\":\"ListItem\",\"position\":3,\"name\":\"BIOCOS Priemon\u0117 nuo spuog\u0173 ACNE CONTROL, 10ml\"}]},{\"@type\":\"WebSite\",\"@id\":\"https:\\\/\\\/greenspells.com\\\/#website\",\"url\":\"https:\\\/\\\/greenspells.com\\\/\",\"name\":\"Greenspells\",\"description\":\"Nat\u016brali ir ekologi\u0161ka kosmetika\",\"publisher\":{\"@id\":\"https:\\\/\\\/greenspells.com\\\/#organization\"},\"potentialAction\":[{\"@type\":\"SearchAction\",\"target\":{\"@type\":\"EntryPoint\",\"urlTemplate\":\"https:\\\/\\\/greenspells.com\\\/?s={search_term_string}\"},\"query-input\":{\"@type\":\"PropertyValueSpecification\",\"valueRequired\":true,\"valueName\":\"search_term_string\"}}],\"inLanguage\":\"lt-LT\"},{\"@type\":\"Organization\",\"@id\":\"https:\\\/\\\/greenspells.com\\\/#organization\",\"name\":\"Greenspells\",\"url\":\"https:\\\/\\\/greenspells.com\\\/\",\"logo\":{\"@type\":\"ImageObject\",\"inLanguage\":\"lt-LT\",\"@id\":\"https:\\\/\\\/greenspells.com\\\/#\\\/schema\\\/logo\\\/image\\\/\",\"url\":\"https:\\\/\\\/i0.wp.com\\\/greenspells.com\\\/wp-content\\\/uploads\\\/2020\\\/09\\\/20200722_153424_0000.png?fit=1500%2C1500&ssl=1\",\"contentUrl\":\"https:\\\/\\\/i0.wp.com\\\/greenspells.com\\\/wp-content\\\/uploads\\\/2020\\\/09\\\/20200722_153424_0000.png?fit=1500%2C1500&ssl=1\",\"width\":1500,\"height\":1500,\"caption\":\"Greenspells\"},\"image\":{\"@id\":\"https:\\\/\\\/greenspells.com\\\/#\\\/schema\\\/logo\\\/image\\\/\"},\"sameAs\":[\"https:\\\/\\\/www.facebook.com\\\/Greenspells\",\"https:\\\/\\\/www.instagram.com\\\/greenspells_store\\\/\"]}]}<\/script>\n<!-- \/ Yoast SEO plugin. -->","yoast_head_json":{"title":"BIOCOS  Priemon\u0117 nuo spuog\u0173  ACNE CONTROL, 10ml - Greenspells","description":"Rutulinis pie\u0161tukas pagreitina spuogeli\u0173 susitraukim\u0105, d\u017ei\u016bvim\u0105, nuramina raudon\u012f, spartina odos regenercij\u0105, suma\u017eina rand\u0173 atsiradim\u0105.Tinka visai \u0161eimai!","robots":{"index":"index","follow":"follow","max-snippet":"max-snippet:-1","max-image-preview":"max-image-preview:large","max-video-preview":"max-video-preview:-1"},"canonical":"https:\/\/greenspells.com\/lt\/produktas\/biocos-priemone-nuo-spuogu-acne-control-10ml\/","og_locale":"lt_LT","og_type":"article","og_title":"BIOCOS  Priemon\u0117 nuo spuog\u0173  ACNE CONTROL, 10ml - Greenspells","og_description":"Rutulinis pie\u0161tukas pagreitina spuogeli\u0173 susitraukim\u0105, d\u017ei\u016bvim\u0105, nuramina raudon\u012f, spartina odos regenercij\u0105, suma\u017eina rand\u0173 atsiradim\u0105.Tinka visai \u0161eimai!","og_url":"https:\/\/greenspells.com\/lt\/produktas\/biocos-priemone-nuo-spuogu-acne-control-10ml\/","og_site_name":"Greenspells","article_publisher":"https:\/\/www.facebook.com\/Greenspells","article_modified_time":"2024-03-01T08:19:15+00:00","og_image":[{"width":600,"height":600,"url":"https:\/\/greenspells.com\/wp-content\/uploads\/2023\/11\/acne-control-priemone-nuo-spuogu-10-ml.png","type":"image\/png"}],"twitter_card":"summary_large_image","twitter_misc":{"Est. reading time":"1 minut\u0117"},"schema":{"@context":"https:\/\/schema.org","@graph":[{"@type":"WebPage","@id":"https:\/\/greenspells.com\/product\/biocos-priemone-nuo-spuogu-acne-control-10ml\/","url":"https:\/\/greenspells.com\/product\/biocos-priemone-nuo-spuogu-acne-control-10ml\/","name":"BIOCOS Priemon\u0117 nuo spuog\u0173 ACNE CONTROL, 10ml - Greenspells","isPartOf":{"@id":"https:\/\/greenspells.com\/#website"},"primaryImageOfPage":{"@id":"https:\/\/greenspells.com\/product\/biocos-priemone-nuo-spuogu-acne-control-10ml\/#primaryimage"},"image":{"@id":"https:\/\/greenspells.com\/product\/biocos-priemone-nuo-spuogu-acne-control-10ml\/#primaryimage"},"thumbnailUrl":"https:\/\/i0.wp.com\/greenspells.com\/wp-content\/uploads\/2023\/11\/acne-control-priemone-nuo-spuogu-10-ml.png?fit=600%2C600&ssl=1","datePublished":"2023-11-29T06:53:26+00:00","dateModified":"2024-03-01T08:19:15+00:00","description":"Rutulinis pie\u0161tukas pagreitina spuogeli\u0173 susitraukim\u0105, d\u017ei\u016bvim\u0105, nuramina raudon\u012f, spartina odos regenercij\u0105, suma\u017eina rand\u0173 atsiradim\u0105.Tinka visai \u0161eimai!","breadcrumb":{"@id":"https:\/\/greenspells.com\/product\/biocos-priemone-nuo-spuogu-acne-control-10ml\/#breadcrumb"},"inLanguage":"lt-LT","potentialAction":[{"@type":"ReadAction","target":["https:\/\/greenspells.com\/product\/biocos-priemone-nuo-spuogu-acne-control-10ml\/"]}]},{"@type":"ImageObject","inLanguage":"lt-LT","@id":"https:\/\/greenspells.com\/product\/biocos-priemone-nuo-spuogu-acne-control-10ml\/#primaryimage","url":"https:\/\/i0.wp.com\/greenspells.com\/wp-content\/uploads\/2023\/11\/acne-control-priemone-nuo-spuogu-10-ml.png?fit=600%2C600&ssl=1","contentUrl":"https:\/\/i0.wp.com\/greenspells.com\/wp-content\/uploads\/2023\/11\/acne-control-priemone-nuo-spuogu-10-ml.png?fit=600%2C600&ssl=1","width":600,"height":600},{"@type":"BreadcrumbList","@id":"https:\/\/greenspells.com\/product\/biocos-priemone-nuo-spuogu-acne-control-10ml\/#breadcrumb","itemListElement":[{"@type":"ListItem","position":1,"name":"Home","item":"https:\/\/greenspells.com\/"},{"@type":"ListItem","position":2,"name":"Shop","item":"https:\/\/greenspells.com\/shop\/"},{"@type":"ListItem","position":3,"name":"BIOCOS Priemon\u0117 nuo spuog\u0173 ACNE CONTROL, 10ml"}]},{"@type":"WebSite","@id":"https:\/\/greenspells.com\/#website","url":"https:\/\/greenspells.com\/","name":"Greenspells","description":"Nat\u016brali ir ekologi\u0161ka kosmetika","publisher":{"@id":"https:\/\/greenspells.com\/#organization"},"potentialAction":[{"@type":"SearchAction","target":{"@type":"EntryPoint","urlTemplate":"https:\/\/greenspells.com\/?s={search_term_string}"},"query-input":{"@type":"PropertyValueSpecification","valueRequired":true,"valueName":"search_term_string"}}],"inLanguage":"lt-LT"},{"@type":"Organization","@id":"https:\/\/greenspells.com\/#organization","name":"Greenspells","url":"https:\/\/greenspells.com\/","logo":{"@type":"ImageObject","inLanguage":"lt-LT","@id":"https:\/\/greenspells.com\/#\/schema\/logo\/image\/","url":"https:\/\/i0.wp.com\/greenspells.com\/wp-content\/uploads\/2020\/09\/20200722_153424_0000.png?fit=1500%2C1500&ssl=1","contentUrl":"https:\/\/i0.wp.com\/greenspells.com\/wp-content\/uploads\/2020\/09\/20200722_153424_0000.png?fit=1500%2C1500&ssl=1","width":1500,"height":1500,"caption":"Greenspells"},"image":{"@id":"https:\/\/greenspells.com\/#\/schema\/logo\/image\/"},"sameAs":["https:\/\/www.facebook.com\/Greenspells","https:\/\/www.instagram.com\/greenspells_store\/"]}]}},"jetpack_likes_enabled":true,"jetpack_sharing_enabled":true,"_links":{"self":[{"href":"https:\/\/greenspells.com\/lt\/wp-json\/wp\/v2\/product\/1673249","targetHints":{"allow":["GET"]}}],"collection":[{"href":"https:\/\/greenspells.com\/lt\/wp-json\/wp\/v2\/product"}],"about":[{"href":"https:\/\/greenspells.com\/lt\/wp-json\/wp\/v2\/types\/product"}],"replies":[{"embeddable":true,"href":"https:\/\/greenspells.com\/lt\/wp-json\/wp\/v2\/comments?post=1673249"}],"wp:featuredmedia":[{"embeddable":true,"href":"https:\/\/greenspells.com\/lt\/wp-json\/wp\/v2\/media\/1673255"}],"wp:attachment":[{"href":"https:\/\/greenspells.com\/lt\/wp-json\/wp\/v2\/media?parent=1673249"}],"wp:term":[{"taxonomy":"product_brand","embeddable":true,"href":"https:\/\/greenspells.com\/lt\/wp-json\/wp\/v2\/product_brand?post=1673249"},{"taxonomy":"product_cat","embeddable":true,"href":"https:\/\/greenspells.com\/lt\/wp-json\/wp\/v2\/product_cat?post=1673249"},{"taxonomy":"product_tag","embeddable":true,"href":"https:\/\/greenspells.com\/lt\/wp-json\/wp\/v2\/product_tag?post=1673249"}],"curies":[{"name":"wp","href":"https:\/\/api.w.org\/{rel}","templated":true}]}}