{"id":1673235,"date":"2023-11-23T11:04:47","date_gmt":"2023-11-23T09:04:47","guid":{"rendered":"https:\/\/greenspells.com\/?post_type=product&#038;p=1673235"},"modified":"2024-04-12T11:18:28","modified_gmt":"2024-04-12T09:18:28","slug":"biocos-eteriniu-alieju-misinys-kaledu-dvelksmas","status":"publish","type":"product","link":"https:\/\/greenspells.com\/lt\/produktas\/biocos-eteriniu-alieju-misinys-kaledu-dvelksmas\/","title":{"rendered":"BIOCOS <br> Eterini\u0173 aliej\u0173 mi\u0161inys <br> KAL\u0116D\u0172 DVELKSMAS"},"content":{"rendered":"<p>M\u0117gstate tvyrant\u012f apelsin\u0173 ir gvazdik\u0117li\u0173 kvap\u0105 per Kal\u0117das? Garindami \u0161\u012f eterini\u0173 aliej\u0173 mi\u0161in\u012f greitai \u012fsijausite \u012f \u0161ventin\u0119 nuotaik\u0105 ir nusiteiksite d\u017eiaugsmingai.<\/p>\n<p><span style=\"color: #000000; font-family: Jost-Regular; font-size: 15px;\">Nat\u016brali\u0173 ir gryn\u0173 apelsin\u0173, gvazdik\u0117li\u0173, cinamono ir laimo eterini\u0173 aliej\u0173 mi\u0161inys.<\/span><\/p>","protected":false},"excerpt":{"rendered":"<p>M\u0117gstate tvyrant\u012f apelsin\u0173 ir gvazdik\u0117li\u0173 kvap\u0105 per Kal\u0117das? Garindami \u0161\u012f eterini\u0173 aliej\u0173 mi\u0161in\u012f greitai \u012fsijausite \u012f \u0161ventin\u0119 nuotaik\u0105 ir nusiteiksite d\u017eiaugsmingai. Nat\u016brali\u0173 ir gryn\u0173 apelsin\u0173, gvazdik\u0117li\u0173, cinamono ir laimo eterini\u0173 aliej\u0173 mi\u0161inys.<\/p>","protected":false},"featured_media":1673237,"comment_status":"open","ping_status":"closed","template":"","meta":{"content-type":"","_monsterinsights_skip_tracking":false,"_monsterinsights_sitenote_active":false,"_monsterinsights_sitenote_note":"","_monsterinsights_sitenote_category":0,"_uf_show_specific_survey":0,"_uf_disable_surveys":false},"product_brand":[],"product_cat":[1506,1514,15],"product_tag":[1810,1507,1804,1813,1515,1812,1814,1811],"class_list":{"0":"post-1673235","1":"product","2":"type-product","3":"status-publish","4":"has-post-thumbnail","6":"product_cat-essential-oils","7":"product_cat-eteriniu-alieju-misiniai","8":"product_cat-all-products","9":"product_tag-aromaterapija","10":"product_tag-biocos","11":"product_tag-eteriniu-alieju-garinimas","12":"product_tag-eteriniu-aliejai-misiniai","13":"product_tag-eteriniai-aliejai","14":"product_tag-eteriniai-aliejai-kaledoms","15":"product_tag-kaledu-dvelksmas","16":"product_tag-kaledos","18":"first","19":"instock","20":"taxable","21":"shipping-taxable","22":"purchasable","23":"product-type-simple"},"bundled_by":[],"bundle_stock_status":"instock","bundle_stock_quantity":null,"bundle_virtual":false,"bundle_layout":"","bundle_add_to_cart_form_location":"","bundle_editable_in_cart":false,"bundle_sold_individually_context":"","bundle_item_grouping":"","bundle_min_size":"","bundle_max_size":"","bundle_price":[],"bundled_items":[],"bundle_sell_ids":[],"group_of_quantity":0,"min_quantity":0,"max_quantity":"","exclude_order_quantity_value_rules":"no","exclude_category_quantity_rules":"no","combine_variations":"no","exclude_global_add_ons":[],"addons":[],"yoast_head":"<!-- This site is optimized with the Yoast SEO plugin v27.6 - https:\/\/yoast.com\/product\/yoast-seo-wordpress\/ -->\n<title>BIOCOS  Eterini\u0173 aliej\u0173 mi\u0161inys  KAL\u0116D\u0172 DVELKSMAS - Greenspells<\/title>\n<meta name=\"description\" content=\"M\u0117gstate tvyrant\u012f apelsin\u0173 ir gvazdik\u0117li\u0173 kvap\u0105 per Kal\u0117das? Garindami \u0161\u012f eterini\u0173 aliej\u0173 mi\u0161in\u012f greitai \u012fsijausite \u012f \u0161ventin\u0119 nuotaik\u0105!\" \/>\n<meta name=\"robots\" content=\"index, follow, max-snippet:-1, max-image-preview:large, max-video-preview:-1\" \/>\n<link rel=\"canonical\" href=\"https:\/\/greenspells.com\/lt\/produktas\/biocos-eteriniu-alieju-misinys-kaledu-dvelksmas\/\" \/>\n<meta property=\"og:locale\" content=\"lt_LT\" \/>\n<meta property=\"og:type\" content=\"article\" \/>\n<meta property=\"og:title\" content=\"BIOCOS  Eterini\u0173 aliej\u0173 mi\u0161inys  KAL\u0116D\u0172 DVELKSMAS - Greenspells\" \/>\n<meta property=\"og:description\" content=\"M\u0117gstate tvyrant\u012f apelsin\u0173 ir gvazdik\u0117li\u0173 kvap\u0105 per Kal\u0117das? Garindami \u0161\u012f eterini\u0173 aliej\u0173 mi\u0161in\u012f greitai \u012fsijausite \u012f \u0161ventin\u0119 nuotaik\u0105!\" \/>\n<meta property=\"og:url\" content=\"https:\/\/greenspells.com\/lt\/produktas\/biocos-eteriniu-alieju-misinys-kaledu-dvelksmas\/\" \/>\n<meta property=\"og:site_name\" content=\"Greenspells\" \/>\n<meta property=\"article:publisher\" content=\"https:\/\/www.facebook.com\/Greenspells\" \/>\n<meta property=\"article:modified_time\" content=\"2024-04-12T09:18:28+00:00\" \/>\n<meta property=\"og:image\" content=\"https:\/\/greenspells.com\/wp-content\/uploads\/2023\/11\/aliej-misinys-kald-dvelksmas.png\" \/>\n\t<meta property=\"og:image:width\" content=\"600\" \/>\n\t<meta property=\"og:image:height\" content=\"600\" \/>\n\t<meta property=\"og:image:type\" content=\"image\/png\" \/>\n<meta name=\"twitter:card\" content=\"summary_large_image\" \/>\n<meta name=\"twitter:label1\" content=\"Est. reading time\" \/>\n\t<meta name=\"twitter:data1\" content=\"1 minut\u0117\" \/>\n<script type=\"application\/ld+json\" class=\"yoast-schema-graph\">{\"@context\":\"https:\\\/\\\/schema.org\",\"@graph\":[{\"@type\":\"WebPage\",\"@id\":\"https:\\\/\\\/greenspells.com\\\/product\\\/biocos-eteriniu-alieju-misinys-kaledu-dvelksmas\\\/\",\"url\":\"https:\\\/\\\/greenspells.com\\\/product\\\/biocos-eteriniu-alieju-misinys-kaledu-dvelksmas\\\/\",\"name\":\"BIOCOS Eterini\u0173 aliej\u0173 mi\u0161inys KAL\u0116D\u0172 DVELKSMAS - Greenspells\",\"isPartOf\":{\"@id\":\"https:\\\/\\\/greenspells.com\\\/#website\"},\"primaryImageOfPage\":{\"@id\":\"https:\\\/\\\/greenspells.com\\\/product\\\/biocos-eteriniu-alieju-misinys-kaledu-dvelksmas\\\/#primaryimage\"},\"image\":{\"@id\":\"https:\\\/\\\/greenspells.com\\\/product\\\/biocos-eteriniu-alieju-misinys-kaledu-dvelksmas\\\/#primaryimage\"},\"thumbnailUrl\":\"https:\\\/\\\/i0.wp.com\\\/greenspells.com\\\/wp-content\\\/uploads\\\/2023\\\/11\\\/aliej-misinys-kald-dvelksmas.png?fit=600%2C600&ssl=1\",\"datePublished\":\"2023-11-23T09:04:47+00:00\",\"dateModified\":\"2024-04-12T09:18:28+00:00\",\"description\":\"M\u0117gstate tvyrant\u012f apelsin\u0173 ir gvazdik\u0117li\u0173 kvap\u0105 per Kal\u0117das? Garindami \u0161\u012f eterini\u0173 aliej\u0173 mi\u0161in\u012f greitai \u012fsijausite \u012f \u0161ventin\u0119 nuotaik\u0105!\",\"breadcrumb\":{\"@id\":\"https:\\\/\\\/greenspells.com\\\/product\\\/biocos-eteriniu-alieju-misinys-kaledu-dvelksmas\\\/#breadcrumb\"},\"inLanguage\":\"lt-LT\",\"potentialAction\":[{\"@type\":\"ReadAction\",\"target\":[\"https:\\\/\\\/greenspells.com\\\/product\\\/biocos-eteriniu-alieju-misinys-kaledu-dvelksmas\\\/\"]}]},{\"@type\":\"ImageObject\",\"inLanguage\":\"lt-LT\",\"@id\":\"https:\\\/\\\/greenspells.com\\\/product\\\/biocos-eteriniu-alieju-misinys-kaledu-dvelksmas\\\/#primaryimage\",\"url\":\"https:\\\/\\\/i0.wp.com\\\/greenspells.com\\\/wp-content\\\/uploads\\\/2023\\\/11\\\/aliej-misinys-kald-dvelksmas.png?fit=600%2C600&ssl=1\",\"contentUrl\":\"https:\\\/\\\/i0.wp.com\\\/greenspells.com\\\/wp-content\\\/uploads\\\/2023\\\/11\\\/aliej-misinys-kald-dvelksmas.png?fit=600%2C600&ssl=1\",\"width\":600,\"height\":600},{\"@type\":\"BreadcrumbList\",\"@id\":\"https:\\\/\\\/greenspells.com\\\/product\\\/biocos-eteriniu-alieju-misinys-kaledu-dvelksmas\\\/#breadcrumb\",\"itemListElement\":[{\"@type\":\"ListItem\",\"position\":1,\"name\":\"Home\",\"item\":\"https:\\\/\\\/greenspells.com\\\/\"},{\"@type\":\"ListItem\",\"position\":2,\"name\":\"Shop\",\"item\":\"https:\\\/\\\/greenspells.com\\\/shop\\\/\"},{\"@type\":\"ListItem\",\"position\":3,\"name\":\"BIOCOS Eterini\u0173 aliej\u0173 mi\u0161inys KAL\u0116D\u0172 DVELKSMAS\"}]},{\"@type\":\"WebSite\",\"@id\":\"https:\\\/\\\/greenspells.com\\\/#website\",\"url\":\"https:\\\/\\\/greenspells.com\\\/\",\"name\":\"Greenspells\",\"description\":\"Nat\u016brali ir ekologi\u0161ka kosmetika\",\"publisher\":{\"@id\":\"https:\\\/\\\/greenspells.com\\\/#organization\"},\"potentialAction\":[{\"@type\":\"SearchAction\",\"target\":{\"@type\":\"EntryPoint\",\"urlTemplate\":\"https:\\\/\\\/greenspells.com\\\/?s={search_term_string}\"},\"query-input\":{\"@type\":\"PropertyValueSpecification\",\"valueRequired\":true,\"valueName\":\"search_term_string\"}}],\"inLanguage\":\"lt-LT\"},{\"@type\":\"Organization\",\"@id\":\"https:\\\/\\\/greenspells.com\\\/#organization\",\"name\":\"Greenspells\",\"url\":\"https:\\\/\\\/greenspells.com\\\/\",\"logo\":{\"@type\":\"ImageObject\",\"inLanguage\":\"lt-LT\",\"@id\":\"https:\\\/\\\/greenspells.com\\\/#\\\/schema\\\/logo\\\/image\\\/\",\"url\":\"https:\\\/\\\/i0.wp.com\\\/greenspells.com\\\/wp-content\\\/uploads\\\/2020\\\/09\\\/20200722_153424_0000.png?fit=1500%2C1500&ssl=1\",\"contentUrl\":\"https:\\\/\\\/i0.wp.com\\\/greenspells.com\\\/wp-content\\\/uploads\\\/2020\\\/09\\\/20200722_153424_0000.png?fit=1500%2C1500&ssl=1\",\"width\":1500,\"height\":1500,\"caption\":\"Greenspells\"},\"image\":{\"@id\":\"https:\\\/\\\/greenspells.com\\\/#\\\/schema\\\/logo\\\/image\\\/\"},\"sameAs\":[\"https:\\\/\\\/www.facebook.com\\\/Greenspells\",\"https:\\\/\\\/www.instagram.com\\\/greenspells_store\\\/\"]}]}<\/script>\n<!-- \/ Yoast SEO plugin. -->","yoast_head_json":{"title":"BIOCOS  Eterini\u0173 aliej\u0173 mi\u0161inys  KAL\u0116D\u0172 DVELKSMAS - Greenspells","description":"M\u0117gstate tvyrant\u012f apelsin\u0173 ir gvazdik\u0117li\u0173 kvap\u0105 per Kal\u0117das? Garindami \u0161\u012f eterini\u0173 aliej\u0173 mi\u0161in\u012f greitai \u012fsijausite \u012f \u0161ventin\u0119 nuotaik\u0105!","robots":{"index":"index","follow":"follow","max-snippet":"max-snippet:-1","max-image-preview":"max-image-preview:large","max-video-preview":"max-video-preview:-1"},"canonical":"https:\/\/greenspells.com\/lt\/produktas\/biocos-eteriniu-alieju-misinys-kaledu-dvelksmas\/","og_locale":"lt_LT","og_type":"article","og_title":"BIOCOS  Eterini\u0173 aliej\u0173 mi\u0161inys  KAL\u0116D\u0172 DVELKSMAS - Greenspells","og_description":"M\u0117gstate tvyrant\u012f apelsin\u0173 ir gvazdik\u0117li\u0173 kvap\u0105 per Kal\u0117das? Garindami \u0161\u012f eterini\u0173 aliej\u0173 mi\u0161in\u012f greitai \u012fsijausite \u012f \u0161ventin\u0119 nuotaik\u0105!","og_url":"https:\/\/greenspells.com\/lt\/produktas\/biocos-eteriniu-alieju-misinys-kaledu-dvelksmas\/","og_site_name":"Greenspells","article_publisher":"https:\/\/www.facebook.com\/Greenspells","article_modified_time":"2024-04-12T09:18:28+00:00","og_image":[{"width":600,"height":600,"url":"https:\/\/greenspells.com\/wp-content\/uploads\/2023\/11\/aliej-misinys-kald-dvelksmas.png","type":"image\/png"}],"twitter_card":"summary_large_image","twitter_misc":{"Est. reading time":"1 minut\u0117"},"schema":{"@context":"https:\/\/schema.org","@graph":[{"@type":"WebPage","@id":"https:\/\/greenspells.com\/product\/biocos-eteriniu-alieju-misinys-kaledu-dvelksmas\/","url":"https:\/\/greenspells.com\/product\/biocos-eteriniu-alieju-misinys-kaledu-dvelksmas\/","name":"BIOCOS Eterini\u0173 aliej\u0173 mi\u0161inys KAL\u0116D\u0172 DVELKSMAS - Greenspells","isPartOf":{"@id":"https:\/\/greenspells.com\/#website"},"primaryImageOfPage":{"@id":"https:\/\/greenspells.com\/product\/biocos-eteriniu-alieju-misinys-kaledu-dvelksmas\/#primaryimage"},"image":{"@id":"https:\/\/greenspells.com\/product\/biocos-eteriniu-alieju-misinys-kaledu-dvelksmas\/#primaryimage"},"thumbnailUrl":"https:\/\/i0.wp.com\/greenspells.com\/wp-content\/uploads\/2023\/11\/aliej-misinys-kald-dvelksmas.png?fit=600%2C600&ssl=1","datePublished":"2023-11-23T09:04:47+00:00","dateModified":"2024-04-12T09:18:28+00:00","description":"M\u0117gstate tvyrant\u012f apelsin\u0173 ir gvazdik\u0117li\u0173 kvap\u0105 per Kal\u0117das? Garindami \u0161\u012f eterini\u0173 aliej\u0173 mi\u0161in\u012f greitai \u012fsijausite \u012f \u0161ventin\u0119 nuotaik\u0105!","breadcrumb":{"@id":"https:\/\/greenspells.com\/product\/biocos-eteriniu-alieju-misinys-kaledu-dvelksmas\/#breadcrumb"},"inLanguage":"lt-LT","potentialAction":[{"@type":"ReadAction","target":["https:\/\/greenspells.com\/product\/biocos-eteriniu-alieju-misinys-kaledu-dvelksmas\/"]}]},{"@type":"ImageObject","inLanguage":"lt-LT","@id":"https:\/\/greenspells.com\/product\/biocos-eteriniu-alieju-misinys-kaledu-dvelksmas\/#primaryimage","url":"https:\/\/i0.wp.com\/greenspells.com\/wp-content\/uploads\/2023\/11\/aliej-misinys-kald-dvelksmas.png?fit=600%2C600&ssl=1","contentUrl":"https:\/\/i0.wp.com\/greenspells.com\/wp-content\/uploads\/2023\/11\/aliej-misinys-kald-dvelksmas.png?fit=600%2C600&ssl=1","width":600,"height":600},{"@type":"BreadcrumbList","@id":"https:\/\/greenspells.com\/product\/biocos-eteriniu-alieju-misinys-kaledu-dvelksmas\/#breadcrumb","itemListElement":[{"@type":"ListItem","position":1,"name":"Home","item":"https:\/\/greenspells.com\/"},{"@type":"ListItem","position":2,"name":"Shop","item":"https:\/\/greenspells.com\/shop\/"},{"@type":"ListItem","position":3,"name":"BIOCOS Eterini\u0173 aliej\u0173 mi\u0161inys KAL\u0116D\u0172 DVELKSMAS"}]},{"@type":"WebSite","@id":"https:\/\/greenspells.com\/#website","url":"https:\/\/greenspells.com\/","name":"Greenspells","description":"Nat\u016brali ir ekologi\u0161ka kosmetika","publisher":{"@id":"https:\/\/greenspells.com\/#organization"},"potentialAction":[{"@type":"SearchAction","target":{"@type":"EntryPoint","urlTemplate":"https:\/\/greenspells.com\/?s={search_term_string}"},"query-input":{"@type":"PropertyValueSpecification","valueRequired":true,"valueName":"search_term_string"}}],"inLanguage":"lt-LT"},{"@type":"Organization","@id":"https:\/\/greenspells.com\/#organization","name":"Greenspells","url":"https:\/\/greenspells.com\/","logo":{"@type":"ImageObject","inLanguage":"lt-LT","@id":"https:\/\/greenspells.com\/#\/schema\/logo\/image\/","url":"https:\/\/i0.wp.com\/greenspells.com\/wp-content\/uploads\/2020\/09\/20200722_153424_0000.png?fit=1500%2C1500&ssl=1","contentUrl":"https:\/\/i0.wp.com\/greenspells.com\/wp-content\/uploads\/2020\/09\/20200722_153424_0000.png?fit=1500%2C1500&ssl=1","width":1500,"height":1500,"caption":"Greenspells"},"image":{"@id":"https:\/\/greenspells.com\/#\/schema\/logo\/image\/"},"sameAs":["https:\/\/www.facebook.com\/Greenspells","https:\/\/www.instagram.com\/greenspells_store\/"]}]}},"jetpack_likes_enabled":true,"jetpack_sharing_enabled":true,"_links":{"self":[{"href":"https:\/\/greenspells.com\/lt\/wp-json\/wp\/v2\/product\/1673235","targetHints":{"allow":["GET"]}}],"collection":[{"href":"https:\/\/greenspells.com\/lt\/wp-json\/wp\/v2\/product"}],"about":[{"href":"https:\/\/greenspells.com\/lt\/wp-json\/wp\/v2\/types\/product"}],"replies":[{"embeddable":true,"href":"https:\/\/greenspells.com\/lt\/wp-json\/wp\/v2\/comments?post=1673235"}],"wp:featuredmedia":[{"embeddable":true,"href":"https:\/\/greenspells.com\/lt\/wp-json\/wp\/v2\/media\/1673237"}],"wp:attachment":[{"href":"https:\/\/greenspells.com\/lt\/wp-json\/wp\/v2\/media?parent=1673235"}],"wp:term":[{"taxonomy":"product_brand","embeddable":true,"href":"https:\/\/greenspells.com\/lt\/wp-json\/wp\/v2\/product_brand?post=1673235"},{"taxonomy":"product_cat","embeddable":true,"href":"https:\/\/greenspells.com\/lt\/wp-json\/wp\/v2\/product_cat?post=1673235"},{"taxonomy":"product_tag","embeddable":true,"href":"https:\/\/greenspells.com\/lt\/wp-json\/wp\/v2\/product_tag?post=1673235"}],"curies":[{"name":"wp","href":"https:\/\/api.w.org\/{rel}","templated":true}]}}