{"id":1673230,"date":"2023-11-23T10:59:56","date_gmt":"2023-11-23T08:59:56","guid":{"rendered":"https:\/\/greenspells.com\/?post_type=product&#038;p=1673230"},"modified":"2025-04-22T12:12:56","modified_gmt":"2025-04-22T10:12:56","slug":"biocos-eteriniu-alieju-misinys-miskas","status":"publish","type":"product","link":"https:\/\/greenspells.com\/lt\/produktas\/biocos-eteriniu-alieju-misinys-miskas\/","title":{"rendered":"BIOCOS <br> Eterini\u0173 aliej\u0173 mi\u0161inys <br> MI\u0160KAS"},"content":{"rendered":"<p>MI\u0160KAS &#8211; 100% nat\u016brali\u0173 eterini\u0173 aliej\u0173 mi\u0161inys, skirtas garinimui elektriniuose difuzoriuose, patalp\u0173 orui valyti, patalpoms aromatizuoti.\u00a0MI\u0160KAS kvepia Lietuvos spygliuo\u010di\u0173 gaiva ir alsuoja ramybe.<\/p>\n<p>Itin tinka garinti ryte ir dien\u0105. Vakare gali veikti stimuliuojan\u010diai, tad gali b\u016bti sunku u\u017emigti.<\/p>\n<p><em><strong>Sud\u0117tis<\/strong><\/em>: Juod\u0173j\u0173 egli\u0173, kadagi\u0173 uog\u0173, tikr\u0173j\u0173 levand\u0173 ir briedragi\u0173 eteriniai aliejai.<\/p>\n<p><strong style=\"box-sizing: border-box;\">Eterini\u0173 aliej\u0173 mi\u0161iniai<\/strong>\u00a0sukurti, atsi\u017evelgiant \u012f eterini\u0173 aliej\u0173 chemines bei aromaterapines savybes, pagr\u012fstas aromaterapeut\u0173 rekomendacijomis bei tyrimais. Aromaterapija gali b\u016bti naudinga valant patalp\u0173 or\u0105, gerinant bendr\u0105 savijaut\u0105, padedant ma\u017einti stres\u0105, k\u016bno svor\u012f, siekti u\u017esibr\u0117\u017et\u0173 tiksl\u0173, harmonijos ir dvasin\u0117s ramyb\u0117s.<\/p>\n<p>Eteriniai aliejai mi\u0161iniuose papildo vienas kit\u0105 bei veikia sinergi\u0161kai, t.y. turi stipresn\u012f poveik\u012f emocijoms, gerai savijautai bei dvasinei sveikatai u\u017e pavienius eterinius aliejus. Mi\u0161iniuose naudojami tik nat\u016bral\u016bs auk\u0161\u010diausios kokyb\u0117s gryni eteriniai aliejai, suteikiantys galimyb\u0119 m\u0117gauti aromaterapijos poveikiu.<\/p>\n<p><strong style=\"box-sizing: border-box;\">Mi\u0161ini\u0173 naudojimas:<\/strong><\/p>\n<ul>\n<li>3-5 la\u0161us mi\u0161inio garinkite aromatin\u0117se lempose arba paskleiskite aromat\u0173 difuzoriumi;<\/li>\n<li>\u012ekv\u0117pkite tiesiogiai i\u0161 buteliuko ar nuo nosinait\u0117s. Eteriniai aliejai per uosl\u0117s organus patenka \u012f smegenis ir veikia emocijas bei m\u016bs\u0173 savijaut\u0105.<\/li>\n<li>Masa\u017eams, \u012ftrinimams, kv\u0117pinimuisi skieskite su baziniu aliejumi (migdol\u0173, sezam\u0173, ar kt.): 10 la\u0161\u0173 mi\u0161inio \u012f 10 ml. (du valgomieji \u0161auk\u0161tai) bazinio aliejaus;<\/li>\n<li>La\u0161inkite \u012f voni\u0105, praskied\u0119 su kastilijos muilu: 10 la\u0161\u0173 mi\u0161inio \u012f 10 ml. kastilijos muilo. Nela\u0161inkite mi\u0161inio tiesiai \u012f vanden\u012f, nes aliejai netirpsta vandenyje, bet pl\u016bduriuoja pavir\u0161iuje, tod\u0117l gali patekti ant odos ir j\u0105 sudirginti.<\/li>\n<li>La\u0161inkite 3 la\u0161us ant dr\u0117gnos servet\u0117l\u0117s ir d\u0117kite \u012f spint\u0105 ar drabu\u017ei\u0173 d\u017eiovintuv\u0105, kad pakv\u0117pinti drabu\u017eius. B\u016bkite atsarg\u016bs, nes aliejai gali i\u0161tepti baltos spalvos drabu\u017eius.<\/li>\n<li>\u012ela\u0161inkite \u012f vanden\u012f plaudami grindis.<\/li>\n<\/ul>\n<p><strong style=\"color: #000000; font-family: Jost-Regular; font-size: 15px; box-sizing: border-box;\">Svarbu<\/strong><span style=\"color: #000000; font-family: Jost-Regular; font-size: 15px;\">! Gryni eterini\u0173 aliej\u0173 mi\u0161iniai ant odos nenaudojami. Mi\u0161inius b\u016btina skiesti su baziniais aliejais.<\/span><\/p>\n<p>Jei eterini\u0173 aliej\u0173 mi\u0161inys sudirgint\u0173 od\u0105, j\u0105 b\u016btina valyti bet kokiu baziniu aliejumi, kur\u012f turite (alyvuogi\u0173, saul\u0117gra\u017e\u0173 ar kt.). Nenaudokite vandens eteriniams aliejams nuplauti, nes vanduo dar giliau perne\u0161 eterinius aliejus \u012f od\u0105 ir tik sustiprins sudirginim\u0105.<\/p>\n<p>Siekiant i\u0161saugoti vertingas eterini\u0173 aliej\u0173 savybes, eterini\u0173 aliej\u0173 mi\u0161inius laikykite tamsioje v\u0117sioje vietoje.<\/p>","protected":false},"excerpt":{"rendered":"<p>MI\u0160KAS &#8211; 100% nat\u016brali\u0173 eterini\u0173 aliej\u0173 mi\u0161inys, skirtas garinimui elektriniuose difuzoriuose, patalp\u0173 orui valyti, patalpoms aromatizuoti.\u00a0MI\u0160KAS kvepia Lietuvos spygliuo\u010di\u0173 gaiva ir alsuoja ramybe. Itin tinka garinti ryte ir dien\u0105. Vakare gali veikti stimuliuojan\u010diai, tad gali b\u016bti sunku u\u017emigti. Sud\u0117tis: Juod\u0173j\u0173 egli\u0173, kadagi\u0173 uog\u0173, tikr\u0173j\u0173 levand\u0173 ir briedragi\u0173 eteriniai aliejai. Eterini\u0173 aliej\u0173 mi\u0161iniai\u00a0sukurti, atsi\u017evelgiant \u012f eterini\u0173 [&hellip;]<\/p>","protected":false},"featured_media":1673234,"comment_status":"open","ping_status":"closed","template":"","meta":{"content-type":"","_monsterinsights_skip_tracking":false,"_monsterinsights_sitenote_active":false,"_monsterinsights_sitenote_note":"","_monsterinsights_sitenote_category":0,"_uf_show_specific_survey":0,"_uf_disable_surveys":false},"product_brand":[],"product_cat":[1506,1514,15],"product_tag":[1810,1507,1808,1515,1809],"class_list":{"0":"post-1673230","1":"product","2":"type-product","3":"status-publish","4":"has-post-thumbnail","6":"product_cat-essential-oils","7":"product_cat-eteriniu-alieju-misiniai","8":"product_cat-all-products","9":"product_tag-aromaterapija","10":"product_tag-biocos","11":"product_tag-eteriniu-alieju-misinys","12":"product_tag-eteriniai-aliejai","13":"product_tag-miskas","15":"first","16":"instock","17":"taxable","18":"shipping-taxable","19":"purchasable","20":"product-type-simple"},"bundled_by":[],"bundle_stock_status":"instock","bundle_stock_quantity":null,"bundle_virtual":false,"bundle_layout":"","bundle_add_to_cart_form_location":"","bundle_editable_in_cart":false,"bundle_sold_individually_context":"","bundle_item_grouping":"","bundle_min_size":"","bundle_max_size":"","bundle_price":[],"bundled_items":[],"bundle_sell_ids":[],"group_of_quantity":0,"min_quantity":0,"max_quantity":"","exclude_order_quantity_value_rules":"no","exclude_category_quantity_rules":"no","combine_variations":"no","exclude_global_add_ons":[],"addons":[],"yoast_head":"<!-- This site is optimized with the Yoast SEO plugin v27.3 - https:\/\/yoast.com\/product\/yoast-seo-wordpress\/ -->\n<title>BIOCOS  Eterini\u0173 aliej\u0173 mi\u0161inys  MI\u0160KAS - Greenspells<\/title>\n<meta name=\"description\" content=\"Skirtas garinimui elektriniuose difuzoriuose, patalp\u0173 orui valyti, patalpoms aromatizuoti.\u00a0MI\u0160KAS kvepia Lietuvos spygliuo\u010di\u0173 gaiva ir alsuoja ramybe.\" \/>\n<meta name=\"robots\" content=\"index, follow, max-snippet:-1, max-image-preview:large, max-video-preview:-1\" \/>\n<link rel=\"canonical\" href=\"https:\/\/greenspells.com\/lt\/produktas\/biocos-eteriniu-alieju-misinys-miskas\/\" \/>\n<meta property=\"og:locale\" content=\"lt_LT\" \/>\n<meta property=\"og:type\" content=\"article\" \/>\n<meta property=\"og:title\" content=\"BIOCOS  Eterini\u0173 aliej\u0173 mi\u0161inys  MI\u0160KAS - Greenspells\" \/>\n<meta property=\"og:description\" content=\"Skirtas garinimui elektriniuose difuzoriuose, patalp\u0173 orui valyti, patalpoms aromatizuoti.\u00a0MI\u0160KAS kvepia Lietuvos spygliuo\u010di\u0173 gaiva ir alsuoja ramybe.\" \/>\n<meta property=\"og:url\" content=\"https:\/\/greenspells.com\/lt\/produktas\/biocos-eteriniu-alieju-misinys-miskas\/\" \/>\n<meta property=\"og:site_name\" content=\"Greenspells\" \/>\n<meta property=\"article:publisher\" content=\"https:\/\/www.facebook.com\/Greenspells\" \/>\n<meta property=\"article:modified_time\" content=\"2025-04-22T10:12:56+00:00\" \/>\n<meta property=\"og:image\" content=\"https:\/\/greenspells.com\/wp-content\/uploads\/2023\/11\/miskas-eteriniu-alieju-misinys.png\" \/>\n\t<meta property=\"og:image:width\" content=\"600\" \/>\n\t<meta property=\"og:image:height\" content=\"600\" \/>\n\t<meta property=\"og:image:type\" content=\"image\/png\" \/>\n<meta name=\"twitter:card\" content=\"summary_large_image\" \/>\n<meta name=\"twitter:label1\" content=\"Est. reading time\" \/>\n\t<meta name=\"twitter:data1\" content=\"2 minut\u0117s\" \/>\n<script type=\"application\/ld+json\" class=\"yoast-schema-graph\">{\"@context\":\"https:\\\/\\\/schema.org\",\"@graph\":[{\"@type\":\"WebPage\",\"@id\":\"https:\\\/\\\/greenspells.com\\\/product\\\/biocos-eteriniu-alieju-misinys-miskas\\\/\",\"url\":\"https:\\\/\\\/greenspells.com\\\/product\\\/biocos-eteriniu-alieju-misinys-miskas\\\/\",\"name\":\"BIOCOS Eterini\u0173 aliej\u0173 mi\u0161inys MI\u0160KAS - Greenspells\",\"isPartOf\":{\"@id\":\"https:\\\/\\\/greenspells.com\\\/#website\"},\"primaryImageOfPage\":{\"@id\":\"https:\\\/\\\/greenspells.com\\\/product\\\/biocos-eteriniu-alieju-misinys-miskas\\\/#primaryimage\"},\"image\":{\"@id\":\"https:\\\/\\\/greenspells.com\\\/product\\\/biocos-eteriniu-alieju-misinys-miskas\\\/#primaryimage\"},\"thumbnailUrl\":\"https:\\\/\\\/i0.wp.com\\\/greenspells.com\\\/wp-content\\\/uploads\\\/2023\\\/11\\\/miskas-eteriniu-alieju-misinys.png?fit=600%2C600&ssl=1\",\"datePublished\":\"2023-11-23T08:59:56+00:00\",\"dateModified\":\"2025-04-22T10:12:56+00:00\",\"description\":\"Skirtas garinimui elektriniuose difuzoriuose, patalp\u0173 orui valyti, patalpoms aromatizuoti.\u00a0MI\u0160KAS kvepia Lietuvos spygliuo\u010di\u0173 gaiva ir alsuoja ramybe.\",\"breadcrumb\":{\"@id\":\"https:\\\/\\\/greenspells.com\\\/product\\\/biocos-eteriniu-alieju-misinys-miskas\\\/#breadcrumb\"},\"inLanguage\":\"lt-LT\",\"potentialAction\":[{\"@type\":\"ReadAction\",\"target\":[\"https:\\\/\\\/greenspells.com\\\/product\\\/biocos-eteriniu-alieju-misinys-miskas\\\/\"]}]},{\"@type\":\"ImageObject\",\"inLanguage\":\"lt-LT\",\"@id\":\"https:\\\/\\\/greenspells.com\\\/product\\\/biocos-eteriniu-alieju-misinys-miskas\\\/#primaryimage\",\"url\":\"https:\\\/\\\/i0.wp.com\\\/greenspells.com\\\/wp-content\\\/uploads\\\/2023\\\/11\\\/miskas-eteriniu-alieju-misinys.png?fit=600%2C600&ssl=1\",\"contentUrl\":\"https:\\\/\\\/i0.wp.com\\\/greenspells.com\\\/wp-content\\\/uploads\\\/2023\\\/11\\\/miskas-eteriniu-alieju-misinys.png?fit=600%2C600&ssl=1\",\"width\":600,\"height\":600},{\"@type\":\"BreadcrumbList\",\"@id\":\"https:\\\/\\\/greenspells.com\\\/product\\\/biocos-eteriniu-alieju-misinys-miskas\\\/#breadcrumb\",\"itemListElement\":[{\"@type\":\"ListItem\",\"position\":1,\"name\":\"Home\",\"item\":\"https:\\\/\\\/greenspells.com\\\/\"},{\"@type\":\"ListItem\",\"position\":2,\"name\":\"Shop\",\"item\":\"https:\\\/\\\/greenspells.com\\\/shop\\\/\"},{\"@type\":\"ListItem\",\"position\":3,\"name\":\"BIOCOS Eterini\u0173 aliej\u0173 mi\u0161inys MI\u0160KAS\"}]},{\"@type\":\"WebSite\",\"@id\":\"https:\\\/\\\/greenspells.com\\\/#website\",\"url\":\"https:\\\/\\\/greenspells.com\\\/\",\"name\":\"Greenspells\",\"description\":\"Nat\u016brali ir ekologi\u0161ka kosmetika\",\"publisher\":{\"@id\":\"https:\\\/\\\/greenspells.com\\\/#organization\"},\"potentialAction\":[{\"@type\":\"SearchAction\",\"target\":{\"@type\":\"EntryPoint\",\"urlTemplate\":\"https:\\\/\\\/greenspells.com\\\/?s={search_term_string}\"},\"query-input\":{\"@type\":\"PropertyValueSpecification\",\"valueRequired\":true,\"valueName\":\"search_term_string\"}}],\"inLanguage\":\"lt-LT\"},{\"@type\":\"Organization\",\"@id\":\"https:\\\/\\\/greenspells.com\\\/#organization\",\"name\":\"Greenspells\",\"url\":\"https:\\\/\\\/greenspells.com\\\/\",\"logo\":{\"@type\":\"ImageObject\",\"inLanguage\":\"lt-LT\",\"@id\":\"https:\\\/\\\/greenspells.com\\\/#\\\/schema\\\/logo\\\/image\\\/\",\"url\":\"https:\\\/\\\/i0.wp.com\\\/greenspells.com\\\/wp-content\\\/uploads\\\/2020\\\/09\\\/20200722_153424_0000.png?fit=1500%2C1500&ssl=1\",\"contentUrl\":\"https:\\\/\\\/i0.wp.com\\\/greenspells.com\\\/wp-content\\\/uploads\\\/2020\\\/09\\\/20200722_153424_0000.png?fit=1500%2C1500&ssl=1\",\"width\":1500,\"height\":1500,\"caption\":\"Greenspells\"},\"image\":{\"@id\":\"https:\\\/\\\/greenspells.com\\\/#\\\/schema\\\/logo\\\/image\\\/\"},\"sameAs\":[\"https:\\\/\\\/www.facebook.com\\\/Greenspells\",\"https:\\\/\\\/www.instagram.com\\\/greenspells_store\\\/\"]}]}<\/script>\n<!-- \/ Yoast SEO plugin. -->","yoast_head_json":{"title":"BIOCOS  Eterini\u0173 aliej\u0173 mi\u0161inys  MI\u0160KAS - Greenspells","description":"Skirtas garinimui elektriniuose difuzoriuose, patalp\u0173 orui valyti, patalpoms aromatizuoti.\u00a0MI\u0160KAS kvepia Lietuvos spygliuo\u010di\u0173 gaiva ir alsuoja ramybe.","robots":{"index":"index","follow":"follow","max-snippet":"max-snippet:-1","max-image-preview":"max-image-preview:large","max-video-preview":"max-video-preview:-1"},"canonical":"https:\/\/greenspells.com\/lt\/produktas\/biocos-eteriniu-alieju-misinys-miskas\/","og_locale":"lt_LT","og_type":"article","og_title":"BIOCOS  Eterini\u0173 aliej\u0173 mi\u0161inys  MI\u0160KAS - Greenspells","og_description":"Skirtas garinimui elektriniuose difuzoriuose, patalp\u0173 orui valyti, patalpoms aromatizuoti.\u00a0MI\u0160KAS kvepia Lietuvos spygliuo\u010di\u0173 gaiva ir alsuoja ramybe.","og_url":"https:\/\/greenspells.com\/lt\/produktas\/biocos-eteriniu-alieju-misinys-miskas\/","og_site_name":"Greenspells","article_publisher":"https:\/\/www.facebook.com\/Greenspells","article_modified_time":"2025-04-22T10:12:56+00:00","og_image":[{"width":600,"height":600,"url":"https:\/\/greenspells.com\/wp-content\/uploads\/2023\/11\/miskas-eteriniu-alieju-misinys.png","type":"image\/png"}],"twitter_card":"summary_large_image","twitter_misc":{"Est. reading time":"2 minut\u0117s"},"schema":{"@context":"https:\/\/schema.org","@graph":[{"@type":"WebPage","@id":"https:\/\/greenspells.com\/product\/biocos-eteriniu-alieju-misinys-miskas\/","url":"https:\/\/greenspells.com\/product\/biocos-eteriniu-alieju-misinys-miskas\/","name":"BIOCOS Eterini\u0173 aliej\u0173 mi\u0161inys MI\u0160KAS - Greenspells","isPartOf":{"@id":"https:\/\/greenspells.com\/#website"},"primaryImageOfPage":{"@id":"https:\/\/greenspells.com\/product\/biocos-eteriniu-alieju-misinys-miskas\/#primaryimage"},"image":{"@id":"https:\/\/greenspells.com\/product\/biocos-eteriniu-alieju-misinys-miskas\/#primaryimage"},"thumbnailUrl":"https:\/\/i0.wp.com\/greenspells.com\/wp-content\/uploads\/2023\/11\/miskas-eteriniu-alieju-misinys.png?fit=600%2C600&ssl=1","datePublished":"2023-11-23T08:59:56+00:00","dateModified":"2025-04-22T10:12:56+00:00","description":"Skirtas garinimui elektriniuose difuzoriuose, patalp\u0173 orui valyti, patalpoms aromatizuoti.\u00a0MI\u0160KAS kvepia Lietuvos spygliuo\u010di\u0173 gaiva ir alsuoja ramybe.","breadcrumb":{"@id":"https:\/\/greenspells.com\/product\/biocos-eteriniu-alieju-misinys-miskas\/#breadcrumb"},"inLanguage":"lt-LT","potentialAction":[{"@type":"ReadAction","target":["https:\/\/greenspells.com\/product\/biocos-eteriniu-alieju-misinys-miskas\/"]}]},{"@type":"ImageObject","inLanguage":"lt-LT","@id":"https:\/\/greenspells.com\/product\/biocos-eteriniu-alieju-misinys-miskas\/#primaryimage","url":"https:\/\/i0.wp.com\/greenspells.com\/wp-content\/uploads\/2023\/11\/miskas-eteriniu-alieju-misinys.png?fit=600%2C600&ssl=1","contentUrl":"https:\/\/i0.wp.com\/greenspells.com\/wp-content\/uploads\/2023\/11\/miskas-eteriniu-alieju-misinys.png?fit=600%2C600&ssl=1","width":600,"height":600},{"@type":"BreadcrumbList","@id":"https:\/\/greenspells.com\/product\/biocos-eteriniu-alieju-misinys-miskas\/#breadcrumb","itemListElement":[{"@type":"ListItem","position":1,"name":"Home","item":"https:\/\/greenspells.com\/"},{"@type":"ListItem","position":2,"name":"Shop","item":"https:\/\/greenspells.com\/shop\/"},{"@type":"ListItem","position":3,"name":"BIOCOS Eterini\u0173 aliej\u0173 mi\u0161inys MI\u0160KAS"}]},{"@type":"WebSite","@id":"https:\/\/greenspells.com\/#website","url":"https:\/\/greenspells.com\/","name":"Greenspells","description":"Nat\u016brali ir ekologi\u0161ka kosmetika","publisher":{"@id":"https:\/\/greenspells.com\/#organization"},"potentialAction":[{"@type":"SearchAction","target":{"@type":"EntryPoint","urlTemplate":"https:\/\/greenspells.com\/?s={search_term_string}"},"query-input":{"@type":"PropertyValueSpecification","valueRequired":true,"valueName":"search_term_string"}}],"inLanguage":"lt-LT"},{"@type":"Organization","@id":"https:\/\/greenspells.com\/#organization","name":"Greenspells","url":"https:\/\/greenspells.com\/","logo":{"@type":"ImageObject","inLanguage":"lt-LT","@id":"https:\/\/greenspells.com\/#\/schema\/logo\/image\/","url":"https:\/\/i0.wp.com\/greenspells.com\/wp-content\/uploads\/2020\/09\/20200722_153424_0000.png?fit=1500%2C1500&ssl=1","contentUrl":"https:\/\/i0.wp.com\/greenspells.com\/wp-content\/uploads\/2020\/09\/20200722_153424_0000.png?fit=1500%2C1500&ssl=1","width":1500,"height":1500,"caption":"Greenspells"},"image":{"@id":"https:\/\/greenspells.com\/#\/schema\/logo\/image\/"},"sameAs":["https:\/\/www.facebook.com\/Greenspells","https:\/\/www.instagram.com\/greenspells_store\/"]}]}},"jetpack_likes_enabled":true,"jetpack_sharing_enabled":true,"_links":{"self":[{"href":"https:\/\/greenspells.com\/lt\/wp-json\/wp\/v2\/product\/1673230","targetHints":{"allow":["GET"]}}],"collection":[{"href":"https:\/\/greenspells.com\/lt\/wp-json\/wp\/v2\/product"}],"about":[{"href":"https:\/\/greenspells.com\/lt\/wp-json\/wp\/v2\/types\/product"}],"replies":[{"embeddable":true,"href":"https:\/\/greenspells.com\/lt\/wp-json\/wp\/v2\/comments?post=1673230"}],"wp:featuredmedia":[{"embeddable":true,"href":"https:\/\/greenspells.com\/lt\/wp-json\/wp\/v2\/media\/1673234"}],"wp:attachment":[{"href":"https:\/\/greenspells.com\/lt\/wp-json\/wp\/v2\/media?parent=1673230"}],"wp:term":[{"taxonomy":"product_brand","embeddable":true,"href":"https:\/\/greenspells.com\/lt\/wp-json\/wp\/v2\/product_brand?post=1673230"},{"taxonomy":"product_cat","embeddable":true,"href":"https:\/\/greenspells.com\/lt\/wp-json\/wp\/v2\/product_cat?post=1673230"},{"taxonomy":"product_tag","embeddable":true,"href":"https:\/\/greenspells.com\/lt\/wp-json\/wp\/v2\/product_tag?post=1673230"}],"curies":[{"name":"wp","href":"https:\/\/api.w.org\/{rel}","templated":true}]}}