{"id":1673227,"date":"2023-11-23T10:52:59","date_gmt":"2023-11-23T08:52:59","guid":{"rendered":"https:\/\/greenspells.com\/?post_type=product&#038;p=1673227"},"modified":"2025-04-22T12:13:15","modified_gmt":"2025-04-22T10:13:15","slug":"biocos-eteriniu-alieju-misinys-virus-stop","status":"publish","type":"product","link":"https:\/\/greenspells.com\/lt\/produktas\/biocos-eteriniu-alieju-misinys-virus-stop\/","title":{"rendered":"BIOCOS <br> Eterini\u0173 aliej\u0173 mi\u0161inys <br> VIRUS STOP"},"content":{"rendered":"<p><strong>VIRUS STOP<\/strong>\u00a0\u2013 100% nat\u016bralus aromaterapinis eterini\u0173 aliej\u0173 mi\u0161inys, skirtas garinti patalpose prasid\u0117jus\u00a0\u0161altajam\u00a0met\u0173\u00a0sezonui.<\/p>\n<p><em>Sud\u0117tyje esantys eteriniai aliejai:<\/em><\/p>\n<p><strong>Arbatmed\u017eio (pra\u017eangialapi\u0173 mirteni\u0173) eterinis aliejus<\/strong><\/p>\n<p><strong>Rozmarin\u0173 eterinis aliejus<\/strong><\/p>\n<p><strong>Eukalipt\u0173 eterinis aliejus<\/strong><\/p>\n<p><strong>\u010ciobreli\u0173 eterinis aliejus<\/strong><\/p>\n<p>VIRUS STOP \u2013 tai 100% nat\u016bralus oro gaiviklis, padedantis i\u0161valyti nam\u0173 or\u0105 esant per\u0161alim\u0173 sezonui. Ypa\u010d rekomenduojamas, kai namuose slaugote ligon\u012f ar ie\u0161kote profilaktin\u0117s oro gerinimo priemon\u0117s.<\/p>\n<p><strong>Naudojimas:\u00a0<\/strong><\/p>\n<p>difuzoriuose-dr\u0117kintuvuose: \u012f difuzori\u0173 \u012fpilkite distiliuoto vandens, \u012fla\u0161inkite 3-7 la\u0161elius eterini\u0173 aliej\u0173 mi\u0161inio ir garinkite patalpoje;<\/p>\n<p>difuzoriuose-nebulaizeriuose: \u012fpilkite 3-5\u00a0ml eterini\u0173 aliej\u0173 mi\u0161inio ir garinkite patalpoje iki 10min.<\/p>\n<p>La\u0161el\u012f VIRUS STOP mi\u0161inio galite u\u017ela\u0161inti ant nosinait\u0117s ir pad\u0117ti arti pagalv\u0117s, kad kvapas b\u016bt\u0173 vos juntamas.<\/p>\n<p>Kar\u0161t\u0173 gar\u0173 inhaliacijos: \u012f kar\u0161t\u0105, garuojant\u012f vanden\u012f \u012fla\u0161inkite 5 la\u0161elius eterini\u0173 aliej\u0173 mi\u0161inio ir giliai kv\u0117puokite kvapniais garais.<\/p>\n<p>Ne\u0161iokit\u0117s su savimi ir nu\u0117m\u0119 la\u0161intuv\u0105 kas kart\u0105 \u012fkv\u0117pkite tiesiai i\u0161 buteliuko 2-3 kartus.<\/p>","protected":false},"excerpt":{"rendered":"<p>VIRUS STOP\u00a0\u2013 100% nat\u016bralus aromaterapinis eterini\u0173 aliej\u0173 mi\u0161inys, skirtas garinti patalpose prasid\u0117jus\u00a0\u0161altajam\u00a0met\u0173\u00a0sezonui. Sud\u0117tyje esantys eteriniai aliejai: Arbatmed\u017eio (pra\u017eangialapi\u0173 mirteni\u0173) eterinis aliejus Rozmarin\u0173 eterinis aliejus Eukalipt\u0173 eterinis aliejus \u010ciobreli\u0173 eterinis aliejus VIRUS STOP \u2013 tai 100% nat\u016bralus oro gaiviklis, padedantis i\u0161valyti nam\u0173 or\u0105 esant per\u0161alim\u0173 sezonui. Ypa\u010d rekomenduojamas, kai namuose slaugote ligon\u012f ar ie\u0161kote profilaktin\u0117s oro [&hellip;]<\/p>\n","protected":false},"featured_media":1673229,"comment_status":"open","ping_status":"closed","template":"","meta":{"content-type":"","_monsterinsights_skip_tracking":false,"_monsterinsights_sitenote_active":false,"_monsterinsights_sitenote_note":"","_monsterinsights_sitenote_category":0,"_uf_show_specific_survey":0,"_uf_disable_surveys":false},"product_brand":[],"product_cat":[1506,1514,15],"product_tag":[1805,1507,1804,1515,1807,1806],"class_list":{"0":"post-1673227","1":"product","2":"type-product","3":"status-publish","4":"has-post-thumbnail","6":"product_cat-essential-oils","7":"product_cat-eteriniu-alieju-misiniai","8":"product_cat-all-products","9":"product_tag-arbatmedziu-eterinis-aliejus","10":"product_tag-biocos","11":"product_tag-eteriniu-alieju-garinimas","12":"product_tag-eteriniai-aliejai","13":"product_tag-nuo-persalimo","14":"product_tag-virus-stop","16":"first","17":"instock","18":"taxable","19":"shipping-taxable","20":"purchasable","21":"product-type-simple"},"bundled_by":[],"bundle_stock_status":"instock","bundle_stock_quantity":null,"bundle_virtual":false,"bundle_layout":"","bundle_add_to_cart_form_location":"","bundle_editable_in_cart":false,"bundle_sold_individually_context":"","bundle_item_grouping":"","bundle_min_size":"","bundle_max_size":"","bundle_price":[],"bundled_items":[],"bundle_sell_ids":[],"group_of_quantity":0,"min_quantity":0,"max_quantity":"","exclude_order_quantity_value_rules":"no","exclude_category_quantity_rules":"no","combine_variations":"no","exclude_global_add_ons":[],"addons":[],"yoast_head":"<!-- This site is optimized with the Yoast SEO plugin v27.6 - https:\/\/yoast.com\/product\/yoast-seo-wordpress\/ -->\n<title>BIOCOS  Eterini\u0173 aliej\u0173 mi\u0161inys  VIRUS STOP - Greenspells<\/title>\n<meta name=\"description\" content=\"VIRUS STOP\u00a0\u2013 100% nat\u016bralus aromaterapinis eterini\u0173 aliej\u0173 mi\u0161inys, skirtas garinti patalpose prasid\u0117jus\u00a0\u0161altajam\u00a0met\u0173\u00a0sezonui.\" \/>\n<meta name=\"robots\" content=\"index, follow, max-snippet:-1, max-image-preview:large, max-video-preview:-1\" \/>\n<link rel=\"canonical\" href=\"https:\/\/greenspells.com\/lt\/produktas\/biocos-eteriniu-alieju-misinys-virus-stop\/\" \/>\n<meta property=\"og:locale\" content=\"lt_LT\" \/>\n<meta property=\"og:type\" content=\"article\" \/>\n<meta property=\"og:title\" content=\"BIOCOS  Eterini\u0173 aliej\u0173 mi\u0161inys  VIRUS STOP - Greenspells\" \/>\n<meta property=\"og:description\" content=\"VIRUS STOP\u00a0\u2013 100% nat\u016bralus aromaterapinis eterini\u0173 aliej\u0173 mi\u0161inys, skirtas garinti patalpose prasid\u0117jus\u00a0\u0161altajam\u00a0met\u0173\u00a0sezonui.\" \/>\n<meta property=\"og:url\" content=\"https:\/\/greenspells.com\/lt\/produktas\/biocos-eteriniu-alieju-misinys-virus-stop\/\" \/>\n<meta property=\"og:site_name\" content=\"Greenspells\" \/>\n<meta property=\"article:publisher\" content=\"https:\/\/www.facebook.com\/Greenspells\" \/>\n<meta property=\"article:modified_time\" content=\"2025-04-22T10:13:15+00:00\" \/>\n<meta property=\"og:image\" content=\"https:\/\/greenspells.com\/wp-content\/uploads\/2023\/11\/virus-stop.png\" \/>\n\t<meta property=\"og:image:width\" content=\"600\" \/>\n\t<meta property=\"og:image:height\" content=\"600\" \/>\n\t<meta property=\"og:image:type\" content=\"image\/png\" \/>\n<meta name=\"twitter:card\" content=\"summary_large_image\" \/>\n<meta name=\"twitter:label1\" content=\"Est. reading time\" \/>\n\t<meta name=\"twitter:data1\" content=\"1 minut\u0117\" \/>\n<script type=\"application\/ld+json\" class=\"yoast-schema-graph\">{\"@context\":\"https:\\\/\\\/schema.org\",\"@graph\":[{\"@type\":\"WebPage\",\"@id\":\"https:\\\/\\\/greenspells.com\\\/product\\\/biocos-eteriniu-alieju-misinys-virus-stop\\\/\",\"url\":\"https:\\\/\\\/greenspells.com\\\/product\\\/biocos-eteriniu-alieju-misinys-virus-stop\\\/\",\"name\":\"BIOCOS Eterini\u0173 aliej\u0173 mi\u0161inys VIRUS STOP - Greenspells\",\"isPartOf\":{\"@id\":\"https:\\\/\\\/greenspells.com\\\/#website\"},\"primaryImageOfPage\":{\"@id\":\"https:\\\/\\\/greenspells.com\\\/product\\\/biocos-eteriniu-alieju-misinys-virus-stop\\\/#primaryimage\"},\"image\":{\"@id\":\"https:\\\/\\\/greenspells.com\\\/product\\\/biocos-eteriniu-alieju-misinys-virus-stop\\\/#primaryimage\"},\"thumbnailUrl\":\"https:\\\/\\\/i0.wp.com\\\/greenspells.com\\\/wp-content\\\/uploads\\\/2023\\\/11\\\/virus-stop.png?fit=600%2C600&ssl=1\",\"datePublished\":\"2023-11-23T08:52:59+00:00\",\"dateModified\":\"2025-04-22T10:13:15+00:00\",\"description\":\"VIRUS STOP\u00a0\u2013 100% nat\u016bralus aromaterapinis eterini\u0173 aliej\u0173 mi\u0161inys, skirtas garinti patalpose prasid\u0117jus\u00a0\u0161altajam\u00a0met\u0173\u00a0sezonui.\",\"breadcrumb\":{\"@id\":\"https:\\\/\\\/greenspells.com\\\/product\\\/biocos-eteriniu-alieju-misinys-virus-stop\\\/#breadcrumb\"},\"inLanguage\":\"lt-LT\",\"potentialAction\":[{\"@type\":\"ReadAction\",\"target\":[\"https:\\\/\\\/greenspells.com\\\/product\\\/biocos-eteriniu-alieju-misinys-virus-stop\\\/\"]}]},{\"@type\":\"ImageObject\",\"inLanguage\":\"lt-LT\",\"@id\":\"https:\\\/\\\/greenspells.com\\\/product\\\/biocos-eteriniu-alieju-misinys-virus-stop\\\/#primaryimage\",\"url\":\"https:\\\/\\\/i0.wp.com\\\/greenspells.com\\\/wp-content\\\/uploads\\\/2023\\\/11\\\/virus-stop.png?fit=600%2C600&ssl=1\",\"contentUrl\":\"https:\\\/\\\/i0.wp.com\\\/greenspells.com\\\/wp-content\\\/uploads\\\/2023\\\/11\\\/virus-stop.png?fit=600%2C600&ssl=1\",\"width\":600,\"height\":600},{\"@type\":\"BreadcrumbList\",\"@id\":\"https:\\\/\\\/greenspells.com\\\/product\\\/biocos-eteriniu-alieju-misinys-virus-stop\\\/#breadcrumb\",\"itemListElement\":[{\"@type\":\"ListItem\",\"position\":1,\"name\":\"Home\",\"item\":\"https:\\\/\\\/greenspells.com\\\/\"},{\"@type\":\"ListItem\",\"position\":2,\"name\":\"Shop\",\"item\":\"https:\\\/\\\/greenspells.com\\\/shop\\\/\"},{\"@type\":\"ListItem\",\"position\":3,\"name\":\"BIOCOS Eterini\u0173 aliej\u0173 mi\u0161inys VIRUS STOP\"}]},{\"@type\":\"WebSite\",\"@id\":\"https:\\\/\\\/greenspells.com\\\/#website\",\"url\":\"https:\\\/\\\/greenspells.com\\\/\",\"name\":\"Greenspells\",\"description\":\"Nat\u016brali ir ekologi\u0161ka kosmetika\",\"publisher\":{\"@id\":\"https:\\\/\\\/greenspells.com\\\/#organization\"},\"potentialAction\":[{\"@type\":\"SearchAction\",\"target\":{\"@type\":\"EntryPoint\",\"urlTemplate\":\"https:\\\/\\\/greenspells.com\\\/?s={search_term_string}\"},\"query-input\":{\"@type\":\"PropertyValueSpecification\",\"valueRequired\":true,\"valueName\":\"search_term_string\"}}],\"inLanguage\":\"lt-LT\"},{\"@type\":\"Organization\",\"@id\":\"https:\\\/\\\/greenspells.com\\\/#organization\",\"name\":\"Greenspells\",\"url\":\"https:\\\/\\\/greenspells.com\\\/\",\"logo\":{\"@type\":\"ImageObject\",\"inLanguage\":\"lt-LT\",\"@id\":\"https:\\\/\\\/greenspells.com\\\/#\\\/schema\\\/logo\\\/image\\\/\",\"url\":\"https:\\\/\\\/i0.wp.com\\\/greenspells.com\\\/wp-content\\\/uploads\\\/2020\\\/09\\\/20200722_153424_0000.png?fit=1500%2C1500&ssl=1\",\"contentUrl\":\"https:\\\/\\\/i0.wp.com\\\/greenspells.com\\\/wp-content\\\/uploads\\\/2020\\\/09\\\/20200722_153424_0000.png?fit=1500%2C1500&ssl=1\",\"width\":1500,\"height\":1500,\"caption\":\"Greenspells\"},\"image\":{\"@id\":\"https:\\\/\\\/greenspells.com\\\/#\\\/schema\\\/logo\\\/image\\\/\"},\"sameAs\":[\"https:\\\/\\\/www.facebook.com\\\/Greenspells\",\"https:\\\/\\\/www.instagram.com\\\/greenspells_store\\\/\"]}]}<\/script>\n<!-- \/ Yoast SEO plugin. -->","yoast_head_json":{"title":"BIOCOS  Eterini\u0173 aliej\u0173 mi\u0161inys  VIRUS STOP - Greenspells","description":"VIRUS STOP\u00a0\u2013 100% nat\u016bralus aromaterapinis eterini\u0173 aliej\u0173 mi\u0161inys, skirtas garinti patalpose prasid\u0117jus\u00a0\u0161altajam\u00a0met\u0173\u00a0sezonui.","robots":{"index":"index","follow":"follow","max-snippet":"max-snippet:-1","max-image-preview":"max-image-preview:large","max-video-preview":"max-video-preview:-1"},"canonical":"https:\/\/greenspells.com\/lt\/produktas\/biocos-eteriniu-alieju-misinys-virus-stop\/","og_locale":"lt_LT","og_type":"article","og_title":"BIOCOS  Eterini\u0173 aliej\u0173 mi\u0161inys  VIRUS STOP - Greenspells","og_description":"VIRUS STOP\u00a0\u2013 100% nat\u016bralus aromaterapinis eterini\u0173 aliej\u0173 mi\u0161inys, skirtas garinti patalpose prasid\u0117jus\u00a0\u0161altajam\u00a0met\u0173\u00a0sezonui.","og_url":"https:\/\/greenspells.com\/lt\/produktas\/biocos-eteriniu-alieju-misinys-virus-stop\/","og_site_name":"Greenspells","article_publisher":"https:\/\/www.facebook.com\/Greenspells","article_modified_time":"2025-04-22T10:13:15+00:00","og_image":[{"width":600,"height":600,"url":"https:\/\/greenspells.com\/wp-content\/uploads\/2023\/11\/virus-stop.png","type":"image\/png"}],"twitter_card":"summary_large_image","twitter_misc":{"Est. reading time":"1 minut\u0117"},"schema":{"@context":"https:\/\/schema.org","@graph":[{"@type":"WebPage","@id":"https:\/\/greenspells.com\/product\/biocos-eteriniu-alieju-misinys-virus-stop\/","url":"https:\/\/greenspells.com\/product\/biocos-eteriniu-alieju-misinys-virus-stop\/","name":"BIOCOS Eterini\u0173 aliej\u0173 mi\u0161inys VIRUS STOP - Greenspells","isPartOf":{"@id":"https:\/\/greenspells.com\/#website"},"primaryImageOfPage":{"@id":"https:\/\/greenspells.com\/product\/biocos-eteriniu-alieju-misinys-virus-stop\/#primaryimage"},"image":{"@id":"https:\/\/greenspells.com\/product\/biocos-eteriniu-alieju-misinys-virus-stop\/#primaryimage"},"thumbnailUrl":"https:\/\/i0.wp.com\/greenspells.com\/wp-content\/uploads\/2023\/11\/virus-stop.png?fit=600%2C600&ssl=1","datePublished":"2023-11-23T08:52:59+00:00","dateModified":"2025-04-22T10:13:15+00:00","description":"VIRUS STOP\u00a0\u2013 100% nat\u016bralus aromaterapinis eterini\u0173 aliej\u0173 mi\u0161inys, skirtas garinti patalpose prasid\u0117jus\u00a0\u0161altajam\u00a0met\u0173\u00a0sezonui.","breadcrumb":{"@id":"https:\/\/greenspells.com\/product\/biocos-eteriniu-alieju-misinys-virus-stop\/#breadcrumb"},"inLanguage":"lt-LT","potentialAction":[{"@type":"ReadAction","target":["https:\/\/greenspells.com\/product\/biocos-eteriniu-alieju-misinys-virus-stop\/"]}]},{"@type":"ImageObject","inLanguage":"lt-LT","@id":"https:\/\/greenspells.com\/product\/biocos-eteriniu-alieju-misinys-virus-stop\/#primaryimage","url":"https:\/\/i0.wp.com\/greenspells.com\/wp-content\/uploads\/2023\/11\/virus-stop.png?fit=600%2C600&ssl=1","contentUrl":"https:\/\/i0.wp.com\/greenspells.com\/wp-content\/uploads\/2023\/11\/virus-stop.png?fit=600%2C600&ssl=1","width":600,"height":600},{"@type":"BreadcrumbList","@id":"https:\/\/greenspells.com\/product\/biocos-eteriniu-alieju-misinys-virus-stop\/#breadcrumb","itemListElement":[{"@type":"ListItem","position":1,"name":"Home","item":"https:\/\/greenspells.com\/"},{"@type":"ListItem","position":2,"name":"Shop","item":"https:\/\/greenspells.com\/shop\/"},{"@type":"ListItem","position":3,"name":"BIOCOS Eterini\u0173 aliej\u0173 mi\u0161inys VIRUS STOP"}]},{"@type":"WebSite","@id":"https:\/\/greenspells.com\/#website","url":"https:\/\/greenspells.com\/","name":"Greenspells","description":"Nat\u016brali ir ekologi\u0161ka kosmetika","publisher":{"@id":"https:\/\/greenspells.com\/#organization"},"potentialAction":[{"@type":"SearchAction","target":{"@type":"EntryPoint","urlTemplate":"https:\/\/greenspells.com\/?s={search_term_string}"},"query-input":{"@type":"PropertyValueSpecification","valueRequired":true,"valueName":"search_term_string"}}],"inLanguage":"lt-LT"},{"@type":"Organization","@id":"https:\/\/greenspells.com\/#organization","name":"Greenspells","url":"https:\/\/greenspells.com\/","logo":{"@type":"ImageObject","inLanguage":"lt-LT","@id":"https:\/\/greenspells.com\/#\/schema\/logo\/image\/","url":"https:\/\/i0.wp.com\/greenspells.com\/wp-content\/uploads\/2020\/09\/20200722_153424_0000.png?fit=1500%2C1500&ssl=1","contentUrl":"https:\/\/i0.wp.com\/greenspells.com\/wp-content\/uploads\/2020\/09\/20200722_153424_0000.png?fit=1500%2C1500&ssl=1","width":1500,"height":1500,"caption":"Greenspells"},"image":{"@id":"https:\/\/greenspells.com\/#\/schema\/logo\/image\/"},"sameAs":["https:\/\/www.facebook.com\/Greenspells","https:\/\/www.instagram.com\/greenspells_store\/"]}]}},"jetpack_likes_enabled":true,"jetpack_sharing_enabled":true,"_links":{"self":[{"href":"https:\/\/greenspells.com\/lt\/wp-json\/wp\/v2\/product\/1673227","targetHints":{"allow":["GET"]}}],"collection":[{"href":"https:\/\/greenspells.com\/lt\/wp-json\/wp\/v2\/product"}],"about":[{"href":"https:\/\/greenspells.com\/lt\/wp-json\/wp\/v2\/types\/product"}],"replies":[{"embeddable":true,"href":"https:\/\/greenspells.com\/lt\/wp-json\/wp\/v2\/comments?post=1673227"}],"wp:featuredmedia":[{"embeddable":true,"href":"https:\/\/greenspells.com\/lt\/wp-json\/wp\/v2\/media\/1673229"}],"wp:attachment":[{"href":"https:\/\/greenspells.com\/lt\/wp-json\/wp\/v2\/media?parent=1673227"}],"wp:term":[{"taxonomy":"product_brand","embeddable":true,"href":"https:\/\/greenspells.com\/lt\/wp-json\/wp\/v2\/product_brand?post=1673227"},{"taxonomy":"product_cat","embeddable":true,"href":"https:\/\/greenspells.com\/lt\/wp-json\/wp\/v2\/product_cat?post=1673227"},{"taxonomy":"product_tag","embeddable":true,"href":"https:\/\/greenspells.com\/lt\/wp-json\/wp\/v2\/product_tag?post=1673227"}],"curies":[{"name":"wp","href":"https:\/\/api.w.org\/{rel}","templated":true}]}}