{"id":1673165,"date":"2023-11-06T17:55:09","date_gmt":"2023-11-06T15:55:09","guid":{"rendered":"https:\/\/greenspells.com\/?post_type=product&#038;p=1673165"},"modified":"2024-04-12T11:19:40","modified_gmt":"2024-04-12T09:19:40","slug":"eco-by-sonya-exfoliator-super-acai","status":"publish","type":"product","link":"https:\/\/greenspells.com\/lt\/produktas\/eco-by-sonya-exfoliator-super-acai\/","title":{"rendered":"ECO BY SONYA <br> \u0160veitiklis veidui <br> SUPER ACAI"},"content":{"rendered":"<p>Gaivus, ry\u0161kus, pripildytas toki\u0173 superingredient\u0173 kaip Acai - \u0161is magi\u0161kas \u0161veitiklis yra tai, ko reikia, norint tur\u0117ti \u0161velni\u0105 kaip \u0161ilkas od\u0105, su idealiai \u0161variomis poromis!<\/p>\n<p>Geriausias Eco by Sonya \u0161veitiklis veidui tinka visiems odos tipams, jo nuostab\u0173 poveik\u012f pajusite jau po pirmojo panaudojimo - oda i\u0161kart taps \u0161velni, glotni, pridr\u0117kinta!<\/p>\n<p>Pilnut\u0117lis antioksidant\u0173, kovoja su prie\u0161laikinio sen\u0117jimo po\u017eymiais ir rauk\u0161lel\u0117mis, turi prie\u0161u\u017edegimini\u0173 savybi\u0173, itin tinka turintiems akne. Giliai valo poras, pa\u0161alina negyv\u0105 odos sluoksn\u012f, atskleid\u017eia \u0161vie\u017ei\u0105, \u0161vari\u0105, gaivi\u0105 od\u0105. Skatina kolageno gamyb\u0105 ir tiesiog turite j\u012f tur\u0117ti!<\/p>\n<p><em><strong>Pagrindiniai ingredientai:<\/strong><\/em><\/p>\n<p><strong>Nepaprastosios Acai uogos<\/strong> efektyviai skaistina<\/p>\n<p><strong>Magnio druskos<\/strong>turi stipri\u0173 prie\u0161u\u017edegimini\u0173 ir gydan\u010di\u0173 savybi\u0173. Pa\u0161alina nuo odos toksinus ir ne\u0161varumus, ypa\u010d veiksminga acne kamuojamai, problemati\u0161kai odai.<\/p>\n<p><strong>Chia s\u0117kl\u0173 aliejus<\/strong>turi labai daug omega 3, kurios ramina od\u0105, atstato dr\u0117gm\u0119, ypa\u010d tinka turintiems jautri\u0105 od\u0105.<\/p>\n<p><em><strong>Kaip naudoti?<\/strong><\/em><\/p>\n<p>1. Tepkite ant \u0161varios, sausos (arba sudr\u0117kintos, jei oda itin jautri ir nenorite mecganinio \u0161veitimo) veido, kaklo odos.<\/p>\n<p>2. Naudokite 1-2 kartus per savait\u0119.<\/p>\n<p>3. \u012emasa\u017euokite sukamaisiais judesiais ir palikite ant odos 2-3 minut\u0117ms.<\/p>\n<p>4. Nuplaukite \u0161iltu vandeniu.<\/p>\n<p><em><strong>Sud\u0117tis:<\/strong><\/em><\/p>\n<p>Maris Sal (Dead Sea Salts)**, Cocos Nucifera (Organic Coconut) Oil*, Persea Gratissima (Organic Avocado) Oil*, Glyceryl Stearate Citrate (Root Vegetable Derived)**, Butyrospermum Parkii (Organic Shea) Butter*, Sodium Lauroyl Lactylate (Plant Derived)**, Magnesium Chloride (Magnesium Salts)**, Euterpe Oleracea (Organic Acai) Powder*, Salvia Hispanica (Organic Chia) Seed Oil*, Vitis Vinifera (Grape) Fruit Extract**, Tocopherol (Natural Vitamin E)**, Glycine Soja (Soybean) Oil**, Aroma (Natural Botanical Blend)**, Glyceryl Caprylate (Vegetable Derived)**<\/p>\n<p>ALL Ingredients either *Certified Organic or **Natural<\/p>\n<p><strong>NO Synthetic Fragrances, NO Animal Derivatives, NO Synthetic Ingredients, NO Food Colouring, NO PEGS, NO Parabens, NO SD Alcohol, NO Phthalates, NO Petrochemicals, NO Propylene Glycol, NO Phenoxyethanol, NO Artificial Dyes, NO SLS\/SLES, NO GMO\u2019S, NO Formaldehyde, NO Aluminium, NO Sulphates<\/strong><\/p>\n<p>AUSTRALIAN MADE COMPANY\u2013 CERTIFIED ORGANIC \u2013 VEGAN \u2013 CHOOSE CRUELTY FREE \u2013\u00a0 CERTIFIED TOXIC FREE \u2013 LICENSED by PETA<\/p>","protected":false},"excerpt":{"rendered":"<p>Fresh and bursting with the vibrant colour of the miracle superfood ingredient Acai, this is the magical emulsion you need for silky smooth skin and perfectly clean pores. Eco by Sonya&#8217;s best face scrub, Super Acai Exfoliator, is fresh and bursting with the vibrant colour of our miracle superfood ingredient Acai. Perfect for all skin [&hellip;]<\/p>\n","protected":false},"featured_media":1673169,"comment_status":"open","ping_status":"closed","template":"","meta":{"content-type":"","_monsterinsights_skip_tracking":false,"_monsterinsights_sitenote_active":false,"_monsterinsights_sitenote_note":"","_monsterinsights_sitenote_category":0,"_uf_show_specific_survey":0,"_uf_disable_surveys":false},"product_brand":[1826],"product_cat":[20,34,15],"product_tag":[1796,443,181,642,640,641],"class_list":{"0":"post-1673165","1":"product","2":"type-product","3":"status-publish","4":"has-post-thumbnail","6":"product_brand-eco-by-sonya","7":"product_cat-cleansers-and-exfoliators","8":"product_cat-skincare","9":"product_cat-all-products","10":"product_tag-sveitiklis-veidui","11":"product_tag-eco-by-sonya","12":"product_tag-exfoliator","13":"product_tag-naturalus-sveitiklis","14":"product_tag-sveitiklis","15":"product_tag-veido-sveitiklis","17":"first","18":"instock","19":"taxable","20":"shipping-taxable","21":"purchasable","22":"product-type-simple"},"bundled_by":[],"bundle_stock_status":"instock","bundle_stock_quantity":null,"bundle_virtual":false,"bundle_layout":"","bundle_add_to_cart_form_location":"","bundle_editable_in_cart":false,"bundle_sold_individually_context":"","bundle_item_grouping":"","bundle_min_size":"","bundle_max_size":"","bundle_price":[],"bundled_items":[],"bundle_sell_ids":[],"group_of_quantity":0,"min_quantity":0,"max_quantity":"","exclude_order_quantity_value_rules":"no","exclude_category_quantity_rules":"no","combine_variations":"no","exclude_global_add_ons":[],"addons":[],"yoast_head":"<!-- This site is optimized with the Yoast SEO plugin v27.4 - https:\/\/yoast.com\/product\/yoast-seo-wordpress\/ -->\n<title>ECO BY SONYA  Exfoliator  SUPER ACAI - Greenspells<\/title>\n<meta name=\"description\" content=\"Fresh and bursting with the vibrant colour of our miracle superfood ingredient Acai, this is the magical emulsion you need for silky smooth skin and perfectly clean pores.\" \/>\n<meta name=\"robots\" content=\"index, follow, max-snippet:-1, max-image-preview:large, max-video-preview:-1\" \/>\n<link rel=\"canonical\" href=\"https:\/\/greenspells.com\/lt\/produktas\/eco-by-sonya-exfoliator-super-acai\/\" \/>\n<meta property=\"og:locale\" content=\"lt_LT\" \/>\n<meta property=\"og:type\" content=\"article\" \/>\n<meta property=\"og:title\" content=\"ECO BY SONYA  Exfoliator  SUPER ACAI - Greenspells\" \/>\n<meta property=\"og:description\" content=\"Fresh and bursting with the vibrant colour of our miracle superfood ingredient Acai, this is the magical emulsion you need for silky smooth skin and perfectly clean pores.\" \/>\n<meta property=\"og:url\" content=\"https:\/\/greenspells.com\/lt\/produktas\/eco-by-sonya-exfoliator-super-acai\/\" \/>\n<meta property=\"og:site_name\" content=\"Greenspells\" \/>\n<meta property=\"article:publisher\" content=\"https:\/\/www.facebook.com\/Greenspells\" \/>\n<meta property=\"article:modified_time\" content=\"2024-04-12T09:19:40+00:00\" \/>\n<meta property=\"og:image\" content=\"https:\/\/greenspells.com\/wp-content\/uploads\/2023\/11\/SuperAcaiExfoliator_EBSD_Jar_Etched_WebsiteImage_1.webp\" \/>\n\t<meta property=\"og:image:width\" content=\"1080\" \/>\n\t<meta property=\"og:image:height\" content=\"1080\" \/>\n\t<meta property=\"og:image:type\" content=\"image\/webp\" \/>\n<meta name=\"twitter:card\" content=\"summary_large_image\" \/>\n<meta name=\"twitter:label1\" content=\"Est. reading time\" \/>\n\t<meta name=\"twitter:data1\" content=\"2 minut\u0117s\" \/>\n<script type=\"application\/ld+json\" class=\"yoast-schema-graph\">{\"@context\":\"https:\\\/\\\/schema.org\",\"@graph\":[{\"@type\":\"WebPage\",\"@id\":\"https:\\\/\\\/greenspells.com\\\/product\\\/eco-by-sonya-exfoliator-super-acai\\\/\",\"url\":\"https:\\\/\\\/greenspells.com\\\/product\\\/eco-by-sonya-exfoliator-super-acai\\\/\",\"name\":\"ECO BY SONYA Exfoliator SUPER ACAI - Greenspells\",\"isPartOf\":{\"@id\":\"https:\\\/\\\/greenspells.com\\\/#website\"},\"primaryImageOfPage\":{\"@id\":\"https:\\\/\\\/greenspells.com\\\/product\\\/eco-by-sonya-exfoliator-super-acai\\\/#primaryimage\"},\"image\":{\"@id\":\"https:\\\/\\\/greenspells.com\\\/product\\\/eco-by-sonya-exfoliator-super-acai\\\/#primaryimage\"},\"thumbnailUrl\":\"https:\\\/\\\/i0.wp.com\\\/greenspells.com\\\/wp-content\\\/uploads\\\/2023\\\/11\\\/SuperAcaiExfoliator_EBSD_Jar_Etched_WebsiteImage_1.webp?fit=1080%2C1080&ssl=1\",\"datePublished\":\"2023-11-06T15:55:09+00:00\",\"dateModified\":\"2024-04-12T09:19:40+00:00\",\"description\":\"Fresh and bursting with the vibrant colour of our miracle superfood ingredient Acai, this is the magical emulsion you need for silky smooth skin and perfectly clean pores.\",\"breadcrumb\":{\"@id\":\"https:\\\/\\\/greenspells.com\\\/product\\\/eco-by-sonya-exfoliator-super-acai\\\/#breadcrumb\"},\"inLanguage\":\"lt-LT\",\"potentialAction\":[{\"@type\":\"ReadAction\",\"target\":[\"https:\\\/\\\/greenspells.com\\\/product\\\/eco-by-sonya-exfoliator-super-acai\\\/\"]}]},{\"@type\":\"ImageObject\",\"inLanguage\":\"lt-LT\",\"@id\":\"https:\\\/\\\/greenspells.com\\\/product\\\/eco-by-sonya-exfoliator-super-acai\\\/#primaryimage\",\"url\":\"https:\\\/\\\/i0.wp.com\\\/greenspells.com\\\/wp-content\\\/uploads\\\/2023\\\/11\\\/SuperAcaiExfoliator_EBSD_Jar_Etched_WebsiteImage_1.webp?fit=1080%2C1080&ssl=1\",\"contentUrl\":\"https:\\\/\\\/i0.wp.com\\\/greenspells.com\\\/wp-content\\\/uploads\\\/2023\\\/11\\\/SuperAcaiExfoliator_EBSD_Jar_Etched_WebsiteImage_1.webp?fit=1080%2C1080&ssl=1\",\"width\":1080,\"height\":1080,\"caption\":\"Eco by Sonya Super acai exfoliator\"},{\"@type\":\"BreadcrumbList\",\"@id\":\"https:\\\/\\\/greenspells.com\\\/product\\\/eco-by-sonya-exfoliator-super-acai\\\/#breadcrumb\",\"itemListElement\":[{\"@type\":\"ListItem\",\"position\":1,\"name\":\"Home\",\"item\":\"https:\\\/\\\/greenspells.com\\\/\"},{\"@type\":\"ListItem\",\"position\":2,\"name\":\"Shop\",\"item\":\"https:\\\/\\\/greenspells.com\\\/shop\\\/\"},{\"@type\":\"ListItem\",\"position\":3,\"name\":\"ECO BY SONYA Exfoliator SUPER ACAI\"}]},{\"@type\":\"WebSite\",\"@id\":\"https:\\\/\\\/greenspells.com\\\/#website\",\"url\":\"https:\\\/\\\/greenspells.com\\\/\",\"name\":\"Greenspells\",\"description\":\"Nat\u016brali ir ekologi\u0161ka kosmetika\",\"publisher\":{\"@id\":\"https:\\\/\\\/greenspells.com\\\/#organization\"},\"potentialAction\":[{\"@type\":\"SearchAction\",\"target\":{\"@type\":\"EntryPoint\",\"urlTemplate\":\"https:\\\/\\\/greenspells.com\\\/?s={search_term_string}\"},\"query-input\":{\"@type\":\"PropertyValueSpecification\",\"valueRequired\":true,\"valueName\":\"search_term_string\"}}],\"inLanguage\":\"lt-LT\"},{\"@type\":\"Organization\",\"@id\":\"https:\\\/\\\/greenspells.com\\\/#organization\",\"name\":\"Greenspells\",\"url\":\"https:\\\/\\\/greenspells.com\\\/\",\"logo\":{\"@type\":\"ImageObject\",\"inLanguage\":\"lt-LT\",\"@id\":\"https:\\\/\\\/greenspells.com\\\/#\\\/schema\\\/logo\\\/image\\\/\",\"url\":\"https:\\\/\\\/i0.wp.com\\\/greenspells.com\\\/wp-content\\\/uploads\\\/2020\\\/09\\\/20200722_153424_0000.png?fit=1500%2C1500&ssl=1\",\"contentUrl\":\"https:\\\/\\\/i0.wp.com\\\/greenspells.com\\\/wp-content\\\/uploads\\\/2020\\\/09\\\/20200722_153424_0000.png?fit=1500%2C1500&ssl=1\",\"width\":1500,\"height\":1500,\"caption\":\"Greenspells\"},\"image\":{\"@id\":\"https:\\\/\\\/greenspells.com\\\/#\\\/schema\\\/logo\\\/image\\\/\"},\"sameAs\":[\"https:\\\/\\\/www.facebook.com\\\/Greenspells\",\"https:\\\/\\\/www.instagram.com\\\/greenspells_store\\\/\"]}]}<\/script>\n<!-- \/ Yoast SEO plugin. -->","yoast_head_json":{"title":"ECO BY SONYA  Exfoliator  SUPER ACAI - Greenspells","description":"Fresh and bursting with the vibrant colour of our miracle superfood ingredient Acai, this is the magical emulsion you need for silky smooth skin and perfectly clean pores.","robots":{"index":"index","follow":"follow","max-snippet":"max-snippet:-1","max-image-preview":"max-image-preview:large","max-video-preview":"max-video-preview:-1"},"canonical":"https:\/\/greenspells.com\/lt\/produktas\/eco-by-sonya-exfoliator-super-acai\/","og_locale":"lt_LT","og_type":"article","og_title":"ECO BY SONYA  Exfoliator  SUPER ACAI - Greenspells","og_description":"Fresh and bursting with the vibrant colour of our miracle superfood ingredient Acai, this is the magical emulsion you need for silky smooth skin and perfectly clean pores.","og_url":"https:\/\/greenspells.com\/lt\/produktas\/eco-by-sonya-exfoliator-super-acai\/","og_site_name":"Greenspells","article_publisher":"https:\/\/www.facebook.com\/Greenspells","article_modified_time":"2024-04-12T09:19:40+00:00","og_image":[{"width":1080,"height":1080,"url":"https:\/\/greenspells.com\/wp-content\/uploads\/2023\/11\/SuperAcaiExfoliator_EBSD_Jar_Etched_WebsiteImage_1.webp","type":"image\/webp"}],"twitter_card":"summary_large_image","twitter_misc":{"Est. reading time":"2 minut\u0117s"},"schema":{"@context":"https:\/\/schema.org","@graph":[{"@type":"WebPage","@id":"https:\/\/greenspells.com\/product\/eco-by-sonya-exfoliator-super-acai\/","url":"https:\/\/greenspells.com\/product\/eco-by-sonya-exfoliator-super-acai\/","name":"ECO BY SONYA Exfoliator SUPER ACAI - Greenspells","isPartOf":{"@id":"https:\/\/greenspells.com\/#website"},"primaryImageOfPage":{"@id":"https:\/\/greenspells.com\/product\/eco-by-sonya-exfoliator-super-acai\/#primaryimage"},"image":{"@id":"https:\/\/greenspells.com\/product\/eco-by-sonya-exfoliator-super-acai\/#primaryimage"},"thumbnailUrl":"https:\/\/i0.wp.com\/greenspells.com\/wp-content\/uploads\/2023\/11\/SuperAcaiExfoliator_EBSD_Jar_Etched_WebsiteImage_1.webp?fit=1080%2C1080&ssl=1","datePublished":"2023-11-06T15:55:09+00:00","dateModified":"2024-04-12T09:19:40+00:00","description":"Fresh and bursting with the vibrant colour of our miracle superfood ingredient Acai, this is the magical emulsion you need for silky smooth skin and perfectly clean pores.","breadcrumb":{"@id":"https:\/\/greenspells.com\/product\/eco-by-sonya-exfoliator-super-acai\/#breadcrumb"},"inLanguage":"lt-LT","potentialAction":[{"@type":"ReadAction","target":["https:\/\/greenspells.com\/product\/eco-by-sonya-exfoliator-super-acai\/"]}]},{"@type":"ImageObject","inLanguage":"lt-LT","@id":"https:\/\/greenspells.com\/product\/eco-by-sonya-exfoliator-super-acai\/#primaryimage","url":"https:\/\/i0.wp.com\/greenspells.com\/wp-content\/uploads\/2023\/11\/SuperAcaiExfoliator_EBSD_Jar_Etched_WebsiteImage_1.webp?fit=1080%2C1080&ssl=1","contentUrl":"https:\/\/i0.wp.com\/greenspells.com\/wp-content\/uploads\/2023\/11\/SuperAcaiExfoliator_EBSD_Jar_Etched_WebsiteImage_1.webp?fit=1080%2C1080&ssl=1","width":1080,"height":1080,"caption":"Eco by Sonya Super acai exfoliator"},{"@type":"BreadcrumbList","@id":"https:\/\/greenspells.com\/product\/eco-by-sonya-exfoliator-super-acai\/#breadcrumb","itemListElement":[{"@type":"ListItem","position":1,"name":"Home","item":"https:\/\/greenspells.com\/"},{"@type":"ListItem","position":2,"name":"Shop","item":"https:\/\/greenspells.com\/shop\/"},{"@type":"ListItem","position":3,"name":"ECO BY SONYA Exfoliator SUPER ACAI"}]},{"@type":"WebSite","@id":"https:\/\/greenspells.com\/#website","url":"https:\/\/greenspells.com\/","name":"Greenspells","description":"Nat\u016brali ir ekologi\u0161ka kosmetika","publisher":{"@id":"https:\/\/greenspells.com\/#organization"},"potentialAction":[{"@type":"SearchAction","target":{"@type":"EntryPoint","urlTemplate":"https:\/\/greenspells.com\/?s={search_term_string}"},"query-input":{"@type":"PropertyValueSpecification","valueRequired":true,"valueName":"search_term_string"}}],"inLanguage":"lt-LT"},{"@type":"Organization","@id":"https:\/\/greenspells.com\/#organization","name":"Greenspells","url":"https:\/\/greenspells.com\/","logo":{"@type":"ImageObject","inLanguage":"lt-LT","@id":"https:\/\/greenspells.com\/#\/schema\/logo\/image\/","url":"https:\/\/i0.wp.com\/greenspells.com\/wp-content\/uploads\/2020\/09\/20200722_153424_0000.png?fit=1500%2C1500&ssl=1","contentUrl":"https:\/\/i0.wp.com\/greenspells.com\/wp-content\/uploads\/2020\/09\/20200722_153424_0000.png?fit=1500%2C1500&ssl=1","width":1500,"height":1500,"caption":"Greenspells"},"image":{"@id":"https:\/\/greenspells.com\/#\/schema\/logo\/image\/"},"sameAs":["https:\/\/www.facebook.com\/Greenspells","https:\/\/www.instagram.com\/greenspells_store\/"]}]}},"jetpack_likes_enabled":true,"jetpack_sharing_enabled":true,"_links":{"self":[{"href":"https:\/\/greenspells.com\/lt\/wp-json\/wp\/v2\/product\/1673165","targetHints":{"allow":["GET"]}}],"collection":[{"href":"https:\/\/greenspells.com\/lt\/wp-json\/wp\/v2\/product"}],"about":[{"href":"https:\/\/greenspells.com\/lt\/wp-json\/wp\/v2\/types\/product"}],"replies":[{"embeddable":true,"href":"https:\/\/greenspells.com\/lt\/wp-json\/wp\/v2\/comments?post=1673165"}],"wp:featuredmedia":[{"embeddable":true,"href":"https:\/\/greenspells.com\/lt\/wp-json\/wp\/v2\/media\/1673169"}],"wp:attachment":[{"href":"https:\/\/greenspells.com\/lt\/wp-json\/wp\/v2\/media?parent=1673165"}],"wp:term":[{"taxonomy":"product_brand","embeddable":true,"href":"https:\/\/greenspells.com\/lt\/wp-json\/wp\/v2\/product_brand?post=1673165"},{"taxonomy":"product_cat","embeddable":true,"href":"https:\/\/greenspells.com\/lt\/wp-json\/wp\/v2\/product_cat?post=1673165"},{"taxonomy":"product_tag","embeddable":true,"href":"https:\/\/greenspells.com\/lt\/wp-json\/wp\/v2\/product_tag?post=1673165"}],"curies":[{"name":"wp","href":"https:\/\/api.w.org\/{rel}","templated":true}]}}