{"id":1673153,"date":"2023-11-06T11:08:37","date_gmt":"2023-11-06T09:08:37","guid":{"rendered":"https:\/\/greenspells.com\/?post_type=product&#038;p=1673153"},"modified":"2026-03-04T08:29:55","modified_gmt":"2026-03-04T06:29:55","slug":"eco-by-sonya-face-compost-purple-power-face-mask","status":"publish","type":"product","link":"https:\/\/greenspells.com\/lt\/produktas\/eco-by-sonya-face-compost-purple-power-face-mask\/","title":{"rendered":"ECO BY SONYA <br> Face Compost <br> Veido kauk\u0117 PURPLE POWER"},"content":{"rendered":"<p>Nuostabi kremin\u0117 kauk\u0117, praturtinta Australi\u0161kuoju kaolino moliu, ekologi\u0161komis opuncijomis ir dragon fruit vaisiais, suteikian\u010diais sveiko \u0161vyt\u0117jimo. Geriausias odos prie\u017ei\u016bros ritualas sekmadieniams!<\/p>\n<p>Supernat\u016brali, giliai valanti ir raminanti kauk\u0117, gausi vitamin\u0173 ir antioksidant\u0173. Tinka visiems odos tipams.  \n\nItin linksma violetin\u0117s spalvos veido kauk\u0117 yra labai tinkama riebiai, mi\u0161riai, probleminei veido odai ar tai, kuriai reikia valomojo poveikio nes yra be galo universali, tinkanti ir normaliai ar sausai odai nes nepalieka odos sausos ar \u012fsitempusios.<\/p>\n<p><strong><em>Pagrindiniai ingredientai:<\/em><\/strong><\/p>\n<p><strong>Australi\u0161kasis Kaolino molis<\/strong> sugeria riebal\u0173 pertekli\u0173, labai gerai ir giliai valo od\u0105<\/p>\n<p><strong>Acerola ekstraktas<\/strong> turi labai daug antioksidant\u0173 ir Vitamino C, padeda atsistatyti odai, skatina kolageno gamyb\u0105<\/p>\n<p><strong>Opuncij\u0173 aliejus<\/strong>- veikia prie\u0161u\u017edegimi\u0161kai, dr\u0117kina, padeda esant hiperpigmentacijai<\/p>\n<p><strong>PATARIMAS:<\/strong> Puikiai tinka naudoti prie\u0161 darantis makia\u017e\u0105, po jos makia\u017eo pagrindas dengsis dar tolygiau!<\/p>\n<p>Produkto kiekis: 75 ml<\/p>\n<p><strong><em>Kaip naudoti?<\/em><\/strong><\/p>\n<p>Tepti dosniai ant sausos odos.<\/p>\n<p>Palikti ma\u017edaug 7 minut\u0117ms, nuplauti vandeniu.<\/p>\n<p>Tinka visiems odos tipams.<\/p>\n<p><em><strong>Sud\u0117tis:<\/strong><\/em><\/p>\n<p>Aloe Barbadensis Leaf Juice (Organic Aloe Vera)*, Kaolin (Australian Clay)**, Butyrospermum Parkii (Organic Shea) Butter*, Persea Gratissima (Organic Avocado) Oil* , Bentonite (Natural Mineral)**, Glyceryl Stearate Citrate (Rapeseed Derived)**, Brassica Glycerides (Rapeseed Derived)**, Propanediol (Vegetable Derived)**, Apium Graveolens (Organic Celery Leaf)*, Euterpe Oleracea (Organic Acai) Powder*, Euterpe Oleracea (Organic Acai) Oil*, Hylocereus Coastaricensis (Dragon) Fruit Extract**, Malpighia Glabra Linne (Acerola) Fruit Extract**, Vitis Vinifera (Grape) Skin Extract**, Opuntia Ficus-Indica (Prickly Pear) Seed Oil**, Tocopherol (Natural Vitamin E)**, Glycine Soja (Soybean) Oil**, Bisabolol (Plant Sugar Derived)**, Xanthan Gum (Raw Sugar Derived)**, Phenethyl Alcohol (Natural Plant Derived)**<\/p>\n<p>ALL Ingredients either *Organic or **Natural<\/p>\n<p>NO Synthetic Fragrances, NO Animal Derivatives, NO Synthetic Ingredients, NO Food Colouring, NO PEGS, NO Parabens, NO SD Alcohol, NO Phthalates, NO Petrochemicals, NO Propylene Glycol, NO Phenoxyethanol, NO Artificial Dyes, NO SLS\/SLES, NO GMO\u2019S, NO Formaldehyde, NO Aluminium, NO Sulphates<\/p>","protected":false},"excerpt":{"rendered":"<p>A decadently creamy formula infused with raw Australian kaolin clay, organic prickly pear, and dragon fruit, delivering healthy radiance. A must do Sunday ritual, like a comforting hug for your face! A purifying and powerful vitamin rich, anti-inflammatory treatment mask which is perfect for all skin types. It\u2019s a perfect accompaniment to our fabulous Skin [&hellip;]<\/p>\n","protected":false},"featured_media":1673157,"comment_status":"open","ping_status":"closed","template":"","meta":{"content-type":"","_monsterinsights_skip_tracking":false,"_monsterinsights_sitenote_active":false,"_monsterinsights_sitenote_note":"","_monsterinsights_sitenote_category":0,"_uf_show_specific_survey":0,"_uf_disable_surveys":false},"product_brand":[1826],"product_cat":[176,34,15],"product_tag":[383,576,443,706,623,1795,620,619],"class_list":{"0":"post-1673153","1":"product","2":"type-product","3":"status-publish","4":"has-post-thumbnail","6":"product_brand-eco-by-sonya","7":"product_cat-masks","8":"product_cat-skincare","9":"product_cat-all-products","10":"product_tag-acne","11":"product_tag-akne","12":"product_tag-eco-by-sonya","13":"product_tag-kauke-veidui","14":"product_tag-naturali-kauke","15":"product_tag-purple-mask","16":"product_tag-valanti-kauke","17":"product_tag-veido-kauke","19":"first","20":"instock","21":"taxable","22":"shipping-taxable","23":"purchasable","24":"product-type-simple"},"bundled_by":[],"bundle_stock_status":"instock","bundle_stock_quantity":null,"bundle_virtual":false,"bundle_layout":"","bundle_add_to_cart_form_location":"","bundle_editable_in_cart":false,"bundle_sold_individually_context":"","bundle_item_grouping":"","bundle_min_size":"","bundle_max_size":"","bundle_price":[],"bundled_items":[],"bundle_sell_ids":[],"group_of_quantity":0,"min_quantity":0,"max_quantity":"","exclude_order_quantity_value_rules":"no","exclude_category_quantity_rules":"no","combine_variations":"no","exclude_global_add_ons":[],"addons":[],"yoast_head":"<!-- This site is optimized with the Yoast SEO plugin v27.5 - https:\/\/yoast.com\/product\/yoast-seo-wordpress\/ -->\n<title>ECO BY SONYA  Face Compost  PURPLE POWER FACE MASK - Greenspells<\/title>\n<meta name=\"description\" content=\"Purple Face Mask: decadently creamy formula infused with raw Australian kaolin clay, organic prickly pear, and dragon fruit, delivering healthy radiance. A must do Sunday ritual!\" \/>\n<meta name=\"robots\" content=\"index, follow, max-snippet:-1, max-image-preview:large, max-video-preview:-1\" \/>\n<link rel=\"canonical\" href=\"https:\/\/greenspells.com\/lt\/produktas\/eco-by-sonya-face-compost-purple-power-face-mask\/\" \/>\n<meta property=\"og:locale\" content=\"lt_LT\" \/>\n<meta property=\"og:type\" content=\"article\" \/>\n<meta property=\"og:title\" content=\"ECO BY SONYA  Face Compost  PURPLE POWER FACE MASK - Greenspells\" \/>\n<meta property=\"og:description\" content=\"Purple Face Mask: decadently creamy formula infused with raw Australian kaolin clay, organic prickly pear, and dragon fruit, delivering healthy radiance. A must do Sunday ritual!\" \/>\n<meta property=\"og:url\" content=\"https:\/\/greenspells.com\/lt\/produktas\/eco-by-sonya-face-compost-purple-power-face-mask\/\" \/>\n<meta property=\"og:site_name\" content=\"Greenspells\" \/>\n<meta property=\"article:publisher\" content=\"https:\/\/www.facebook.com\/Greenspells\" \/>\n<meta property=\"article:modified_time\" content=\"2026-03-04T06:29:55+00:00\" \/>\n<meta property=\"og:image\" content=\"https:\/\/greenspells.com\/wp-content\/uploads\/2023\/11\/EBSD_FaceCompostPurplePowerMask_WebsiteImage_1.webp\" \/>\n\t<meta property=\"og:image:width\" content=\"1080\" \/>\n\t<meta property=\"og:image:height\" content=\"1080\" \/>\n\t<meta property=\"og:image:type\" content=\"image\/webp\" \/>\n<meta name=\"twitter:card\" content=\"summary_large_image\" \/>\n<meta name=\"twitter:label1\" content=\"Est. reading time\" \/>\n\t<meta name=\"twitter:data1\" content=\"2 minut\u0117s\" \/>\n<script type=\"application\/ld+json\" class=\"yoast-schema-graph\">{\"@context\":\"https:\\\/\\\/schema.org\",\"@graph\":[{\"@type\":\"WebPage\",\"@id\":\"https:\\\/\\\/greenspells.com\\\/product\\\/eco-by-sonya-face-compost-purple-power-face-mask\\\/\",\"url\":\"https:\\\/\\\/greenspells.com\\\/product\\\/eco-by-sonya-face-compost-purple-power-face-mask\\\/\",\"name\":\"ECO BY SONYA Face Compost PURPLE POWER FACE MASK - Greenspells\",\"isPartOf\":{\"@id\":\"https:\\\/\\\/greenspells.com\\\/#website\"},\"primaryImageOfPage\":{\"@id\":\"https:\\\/\\\/greenspells.com\\\/product\\\/eco-by-sonya-face-compost-purple-power-face-mask\\\/#primaryimage\"},\"image\":{\"@id\":\"https:\\\/\\\/greenspells.com\\\/product\\\/eco-by-sonya-face-compost-purple-power-face-mask\\\/#primaryimage\"},\"thumbnailUrl\":\"https:\\\/\\\/i0.wp.com\\\/greenspells.com\\\/wp-content\\\/uploads\\\/2023\\\/11\\\/EBSD_FaceCompostPurplePowerMask_WebsiteImage_1.webp?fit=1080%2C1080&ssl=1\",\"datePublished\":\"2023-11-06T09:08:37+00:00\",\"dateModified\":\"2026-03-04T06:29:55+00:00\",\"description\":\"Purple Face Mask: decadently creamy formula infused with raw Australian kaolin clay, organic prickly pear, and dragon fruit, delivering healthy radiance. A must do Sunday ritual!\",\"breadcrumb\":{\"@id\":\"https:\\\/\\\/greenspells.com\\\/product\\\/eco-by-sonya-face-compost-purple-power-face-mask\\\/#breadcrumb\"},\"inLanguage\":\"lt-LT\",\"potentialAction\":[{\"@type\":\"ReadAction\",\"target\":[\"https:\\\/\\\/greenspells.com\\\/product\\\/eco-by-sonya-face-compost-purple-power-face-mask\\\/\"]}]},{\"@type\":\"ImageObject\",\"inLanguage\":\"lt-LT\",\"@id\":\"https:\\\/\\\/greenspells.com\\\/product\\\/eco-by-sonya-face-compost-purple-power-face-mask\\\/#primaryimage\",\"url\":\"https:\\\/\\\/i0.wp.com\\\/greenspells.com\\\/wp-content\\\/uploads\\\/2023\\\/11\\\/EBSD_FaceCompostPurplePowerMask_WebsiteImage_1.webp?fit=1080%2C1080&ssl=1\",\"contentUrl\":\"https:\\\/\\\/i0.wp.com\\\/greenspells.com\\\/wp-content\\\/uploads\\\/2023\\\/11\\\/EBSD_FaceCompostPurplePowerMask_WebsiteImage_1.webp?fit=1080%2C1080&ssl=1\",\"width\":1080,\"height\":1080,\"caption\":\"Eco by Sonya purple mask\"},{\"@type\":\"BreadcrumbList\",\"@id\":\"https:\\\/\\\/greenspells.com\\\/product\\\/eco-by-sonya-face-compost-purple-power-face-mask\\\/#breadcrumb\",\"itemListElement\":[{\"@type\":\"ListItem\",\"position\":1,\"name\":\"Home\",\"item\":\"https:\\\/\\\/greenspells.com\\\/\"},{\"@type\":\"ListItem\",\"position\":2,\"name\":\"Shop\",\"item\":\"https:\\\/\\\/greenspells.com\\\/shop\\\/\"},{\"@type\":\"ListItem\",\"position\":3,\"name\":\"ECO BY SONYA Face Compost PURPLE POWER FACE MASK\"}]},{\"@type\":\"WebSite\",\"@id\":\"https:\\\/\\\/greenspells.com\\\/#website\",\"url\":\"https:\\\/\\\/greenspells.com\\\/\",\"name\":\"Greenspells\",\"description\":\"Nat\u016brali ir ekologi\u0161ka kosmetika\",\"publisher\":{\"@id\":\"https:\\\/\\\/greenspells.com\\\/#organization\"},\"potentialAction\":[{\"@type\":\"SearchAction\",\"target\":{\"@type\":\"EntryPoint\",\"urlTemplate\":\"https:\\\/\\\/greenspells.com\\\/?s={search_term_string}\"},\"query-input\":{\"@type\":\"PropertyValueSpecification\",\"valueRequired\":true,\"valueName\":\"search_term_string\"}}],\"inLanguage\":\"lt-LT\"},{\"@type\":\"Organization\",\"@id\":\"https:\\\/\\\/greenspells.com\\\/#organization\",\"name\":\"Greenspells\",\"url\":\"https:\\\/\\\/greenspells.com\\\/\",\"logo\":{\"@type\":\"ImageObject\",\"inLanguage\":\"lt-LT\",\"@id\":\"https:\\\/\\\/greenspells.com\\\/#\\\/schema\\\/logo\\\/image\\\/\",\"url\":\"https:\\\/\\\/i0.wp.com\\\/greenspells.com\\\/wp-content\\\/uploads\\\/2020\\\/09\\\/20200722_153424_0000.png?fit=1500%2C1500&ssl=1\",\"contentUrl\":\"https:\\\/\\\/i0.wp.com\\\/greenspells.com\\\/wp-content\\\/uploads\\\/2020\\\/09\\\/20200722_153424_0000.png?fit=1500%2C1500&ssl=1\",\"width\":1500,\"height\":1500,\"caption\":\"Greenspells\"},\"image\":{\"@id\":\"https:\\\/\\\/greenspells.com\\\/#\\\/schema\\\/logo\\\/image\\\/\"},\"sameAs\":[\"https:\\\/\\\/www.facebook.com\\\/Greenspells\",\"https:\\\/\\\/www.instagram.com\\\/greenspells_store\\\/\"]}]}<\/script>\n<!-- \/ Yoast SEO plugin. -->","yoast_head_json":{"title":"ECO BY SONYA  Face Compost  PURPLE POWER FACE MASK - Greenspells","description":"Purple Face Mask: decadently creamy formula infused with raw Australian kaolin clay, organic prickly pear, and dragon fruit, delivering healthy radiance. A must do Sunday ritual!","robots":{"index":"index","follow":"follow","max-snippet":"max-snippet:-1","max-image-preview":"max-image-preview:large","max-video-preview":"max-video-preview:-1"},"canonical":"https:\/\/greenspells.com\/lt\/produktas\/eco-by-sonya-face-compost-purple-power-face-mask\/","og_locale":"lt_LT","og_type":"article","og_title":"ECO BY SONYA  Face Compost  PURPLE POWER FACE MASK - Greenspells","og_description":"Purple Face Mask: decadently creamy formula infused with raw Australian kaolin clay, organic prickly pear, and dragon fruit, delivering healthy radiance. A must do Sunday ritual!","og_url":"https:\/\/greenspells.com\/lt\/produktas\/eco-by-sonya-face-compost-purple-power-face-mask\/","og_site_name":"Greenspells","article_publisher":"https:\/\/www.facebook.com\/Greenspells","article_modified_time":"2026-03-04T06:29:55+00:00","og_image":[{"width":1080,"height":1080,"url":"https:\/\/greenspells.com\/wp-content\/uploads\/2023\/11\/EBSD_FaceCompostPurplePowerMask_WebsiteImage_1.webp","type":"image\/webp"}],"twitter_card":"summary_large_image","twitter_misc":{"Est. reading time":"2 minut\u0117s"},"schema":{"@context":"https:\/\/schema.org","@graph":[{"@type":"WebPage","@id":"https:\/\/greenspells.com\/product\/eco-by-sonya-face-compost-purple-power-face-mask\/","url":"https:\/\/greenspells.com\/product\/eco-by-sonya-face-compost-purple-power-face-mask\/","name":"ECO BY SONYA Face Compost PURPLE POWER FACE MASK - Greenspells","isPartOf":{"@id":"https:\/\/greenspells.com\/#website"},"primaryImageOfPage":{"@id":"https:\/\/greenspells.com\/product\/eco-by-sonya-face-compost-purple-power-face-mask\/#primaryimage"},"image":{"@id":"https:\/\/greenspells.com\/product\/eco-by-sonya-face-compost-purple-power-face-mask\/#primaryimage"},"thumbnailUrl":"https:\/\/i0.wp.com\/greenspells.com\/wp-content\/uploads\/2023\/11\/EBSD_FaceCompostPurplePowerMask_WebsiteImage_1.webp?fit=1080%2C1080&ssl=1","datePublished":"2023-11-06T09:08:37+00:00","dateModified":"2026-03-04T06:29:55+00:00","description":"Purple Face Mask: decadently creamy formula infused with raw Australian kaolin clay, organic prickly pear, and dragon fruit, delivering healthy radiance. A must do Sunday ritual!","breadcrumb":{"@id":"https:\/\/greenspells.com\/product\/eco-by-sonya-face-compost-purple-power-face-mask\/#breadcrumb"},"inLanguage":"lt-LT","potentialAction":[{"@type":"ReadAction","target":["https:\/\/greenspells.com\/product\/eco-by-sonya-face-compost-purple-power-face-mask\/"]}]},{"@type":"ImageObject","inLanguage":"lt-LT","@id":"https:\/\/greenspells.com\/product\/eco-by-sonya-face-compost-purple-power-face-mask\/#primaryimage","url":"https:\/\/i0.wp.com\/greenspells.com\/wp-content\/uploads\/2023\/11\/EBSD_FaceCompostPurplePowerMask_WebsiteImage_1.webp?fit=1080%2C1080&ssl=1","contentUrl":"https:\/\/i0.wp.com\/greenspells.com\/wp-content\/uploads\/2023\/11\/EBSD_FaceCompostPurplePowerMask_WebsiteImage_1.webp?fit=1080%2C1080&ssl=1","width":1080,"height":1080,"caption":"Eco by Sonya purple mask"},{"@type":"BreadcrumbList","@id":"https:\/\/greenspells.com\/product\/eco-by-sonya-face-compost-purple-power-face-mask\/#breadcrumb","itemListElement":[{"@type":"ListItem","position":1,"name":"Home","item":"https:\/\/greenspells.com\/"},{"@type":"ListItem","position":2,"name":"Shop","item":"https:\/\/greenspells.com\/shop\/"},{"@type":"ListItem","position":3,"name":"ECO BY SONYA Face Compost PURPLE POWER FACE MASK"}]},{"@type":"WebSite","@id":"https:\/\/greenspells.com\/#website","url":"https:\/\/greenspells.com\/","name":"Greenspells","description":"Nat\u016brali ir ekologi\u0161ka kosmetika","publisher":{"@id":"https:\/\/greenspells.com\/#organization"},"potentialAction":[{"@type":"SearchAction","target":{"@type":"EntryPoint","urlTemplate":"https:\/\/greenspells.com\/?s={search_term_string}"},"query-input":{"@type":"PropertyValueSpecification","valueRequired":true,"valueName":"search_term_string"}}],"inLanguage":"lt-LT"},{"@type":"Organization","@id":"https:\/\/greenspells.com\/#organization","name":"Greenspells","url":"https:\/\/greenspells.com\/","logo":{"@type":"ImageObject","inLanguage":"lt-LT","@id":"https:\/\/greenspells.com\/#\/schema\/logo\/image\/","url":"https:\/\/i0.wp.com\/greenspells.com\/wp-content\/uploads\/2020\/09\/20200722_153424_0000.png?fit=1500%2C1500&ssl=1","contentUrl":"https:\/\/i0.wp.com\/greenspells.com\/wp-content\/uploads\/2020\/09\/20200722_153424_0000.png?fit=1500%2C1500&ssl=1","width":1500,"height":1500,"caption":"Greenspells"},"image":{"@id":"https:\/\/greenspells.com\/#\/schema\/logo\/image\/"},"sameAs":["https:\/\/www.facebook.com\/Greenspells","https:\/\/www.instagram.com\/greenspells_store\/"]}]}},"jetpack_likes_enabled":true,"jetpack_sharing_enabled":true,"_links":{"self":[{"href":"https:\/\/greenspells.com\/lt\/wp-json\/wp\/v2\/product\/1673153","targetHints":{"allow":["GET"]}}],"collection":[{"href":"https:\/\/greenspells.com\/lt\/wp-json\/wp\/v2\/product"}],"about":[{"href":"https:\/\/greenspells.com\/lt\/wp-json\/wp\/v2\/types\/product"}],"replies":[{"embeddable":true,"href":"https:\/\/greenspells.com\/lt\/wp-json\/wp\/v2\/comments?post=1673153"}],"wp:featuredmedia":[{"embeddable":true,"href":"https:\/\/greenspells.com\/lt\/wp-json\/wp\/v2\/media\/1673157"}],"wp:attachment":[{"href":"https:\/\/greenspells.com\/lt\/wp-json\/wp\/v2\/media?parent=1673153"}],"wp:term":[{"taxonomy":"product_brand","embeddable":true,"href":"https:\/\/greenspells.com\/lt\/wp-json\/wp\/v2\/product_brand?post=1673153"},{"taxonomy":"product_cat","embeddable":true,"href":"https:\/\/greenspells.com\/lt\/wp-json\/wp\/v2\/product_cat?post=1673153"},{"taxonomy":"product_tag","embeddable":true,"href":"https:\/\/greenspells.com\/lt\/wp-json\/wp\/v2\/product_tag?post=1673153"}],"curies":[{"name":"wp","href":"https:\/\/api.w.org\/{rel}","templated":true}]}}