{"id":1673139,"date":"2023-10-30T22:23:37","date_gmt":"2023-10-30T20:23:37","guid":{"rendered":"https:\/\/greenspells.com\/?post_type=product&#038;p=1673139"},"modified":"2024-06-04T10:09:42","modified_gmt":"2024-06-04T08:09:42","slug":"bambaw-shaving-kit-bamboo-edit","status":"publish","type":"product","link":"https:\/\/greenspells.com\/lt\/produktas\/bambaw-shaving-kit-bamboo-edit\/","title":{"rendered":"BAMBAW <br> Skutimosi rinkinys <br> BAMBOO EDIT"},"content":{"rendered":"<p>Skutimosi rinkinys su bambukiniu skustuvu - puikus pasirinkimas norintiems skustis aplinkai draugi\u0161ku b\u016bdu ir tur\u0117ti gra\u017ei\u0105, glotni\u0105, \u0161velni\u0105 od\u0105!<br \/>\n\u0160i tvaraus skutimosi reikmen\u0173 dovan\u0173 d\u0117\u017eut\u0117 susideda i\u0161 populiariausi\u0173 BAMBAW produkt\u0173: bambukinio daugkartinio skustuvo, raminan\u010dio bekvapio skutimosi muiliuko, gyv\u016bnams draugi\u0161ko skutimosi \u0161epet\u0117lio ir 3 paku\u010di\u0173 \u00d7 5 vnt BAMBAW kei\u010diam\u0173 skutimosi peiliuk\u0173.<\/p>\n<p>Rinkinyje rasite:<br \/>\n- 1 \u00d7 Bambukin\u012f daugkartin\u012f skustuv\u0105<br \/>\n- 1x Skutimosi muiliuk\u0105 (bekvap\u012f)<br \/>\n- 1x Skutimosi \u0161epet\u0117l\u012f - juod\u0105<br \/>\n- 3x5 Skutimosi kei\u010diamus peiliukus (britvutes)<\/p>\n<p><span style=\"font-size: 1.41575em;\">Dvipusis bambukinis skustuvas<\/span><\/p>\n<div class=\"row gy-4\">\n<div class=\"col-lg-6\">\n<div class=\"produc_information_sec_tab1_content\">\n<p>Tinkamas vis\u0173 tip\u0173 odai, idealiai tinka veido bei k\u016bno plaukeliams skusti. Puikiai subalansuotas, su patogia, ilga ranken\u0117le, sukuria tinkamiausi\u0105 spaudim\u0105 prie odos, tobulam rezultatui.\n\nSu daugkartiniu bambukiniu skustuvu pamir\u0161ite, k\u0105 rei\u0161kia \u012faugin\u0119 plaukeliai!<br \/>\nPagamintas i\u0161 atsparios bambukin\u0117s ranken\u0117l\u0117s ir r\u016bdims atsparaus \u017ealvario.<\/p>\n<h4>Raminantis skutimosi muiliukas, bekvapis<\/h4>\n<p>Geriausiems rezultatams u\u017etikrinti, tinkamai paruo\u0161kite od\u0105 skutimuisi, su \u0161iuo vegani\u0161ku skutimosi muiliuku. Pagamintas su ekologi\u0161ku baltoju moliu ir alijo\u0161iumi, gerai putojantis muiliukas pakels ir sumink\u0161tins plaukelius, u\u017etikrindamas maksimaliai \u0161var\u0173 skutim\u0105si. \nSaugo od\u0105 nuo sudirgim\u0173. Dr\u0117kina od\u0105, gali b\u016bti naudojamas bet kurioms k\u016bno vietoms.<\/p>\n<h4>A\u0161menukai<\/h4>\n<p>BAMBAW skustuvams dedami pa\u010dios auk\u0161\u010diausios kokyb\u0117s a\u0161menys, pagaminti i\u0161 ner\u016bdijan\u010dio \u0161vedi\u0161ko plieno. \u017dinomas ir vertinamas d\u0117l savo grynumo, saugo nuo korozijos ir u\u017etikrina i\u0161skirtin\u012f ilgalaik\u012f peiliuk\u0173 a\u0161trum\u0105. Papildoma platinos danga saugo peiliukus nuo r\u016bd\u017ei\u0173 atsiradimo, prailgina tinkamum\u0105 naudoti. \nPeiliukas idealiai \u0161variai nukerta plaukel\u012f ties odos pavir\u0161iumi, ne \u017eemiau, tod\u0117l i\u0161vengsite \u012faugin\u0117jan\u010di\u0173 plaukeli\u0173 problemos, b\u0117rim\u0173, sudirgim\u0173. \nKiekvienas a\u0161menukas d\u0117l saugumo ir patogumo supakuotas \u012f va\u0161kin\u012f popieri\u0173.<\/p>\n<h4>Skutimosi \u0161epet\u0117lis, gyv\u016bnams draugi\u0161kas<\/h4>\n<p>Pagamintas i\u0161 geriausi\u0173 med\u017eiag\u0173, pad\u0117s paruo\u0161ti od\u0105 idealiam skutimuisi! Vegani\u0161kas, pa\u0161alina dulkes ir negyvas odos l\u0105steles tepant skutimosi muiliuko putas ant odos. Nailoniniai \u0161ereliai neturi jokio kvapo, nesi\u0161eria, labai greit i\u0161d\u017ei\u016bsta.<\/p>\n<\/div>\n<\/div>\n<\/div>","protected":false},"excerpt":{"rendered":"<p>The shaving kit \u2013 Bamboo is the perfect combination of all the basics needed to shave in an eco-friendly way and leaving a beautiful and soft skin. This useful sustainable gift box contains our most popular shaving essentials: a bamboo safety razor, a calming fragrance-free shaving soap, an animal-friendly black shaving brush, and three packs [&hellip;]<\/p>\n","protected":false},"featured_media":1673141,"comment_status":"open","ping_status":"closed","template":"","meta":{"content-type":"","_monsterinsights_skip_tracking":false,"_monsterinsights_sitenote_active":false,"_monsterinsights_sitenote_note":"","_monsterinsights_sitenote_category":0,"_uf_show_specific_survey":0,"_uf_disable_surveys":false},"product_brand":[1659],"product_cat":[137,1803,1446,1019,412,15],"product_tag":[574,1790,1789,1792,1299,1788,1791,1301],"class_list":{"0":"post-1673139","1":"product","2":"type-product","3":"status-publish","4":"has-post-thumbnail","6":"product_brand-bambaw","7":"product_cat-bath-and-body","8":"product_cat-greenspells-dovanu-idejos","9":"product_cat-other-2","10":"product_cat-rinkinukai","11":"product_cat-accessories","12":"product_cat-all-products","13":"product_tag-dovana","14":"product_tag-dovana-vyrui","15":"product_tag-dovanu-rinkinys-vyrui","16":"product_tag-faugkartinis-skustuvas","17":"product_tag-metalinis-skustuvas","18":"product_tag-shaving-kit","19":"product_tag-skutimosi-rinkinys","20":"product_tag-tvarumas","22":"first","23":"instock","24":"sale","25":"taxable","26":"shipping-taxable","27":"purchasable","28":"product-type-simple"},"bundled_by":[],"bundle_stock_status":"instock","bundle_stock_quantity":null,"bundle_virtual":false,"bundle_layout":"","bundle_add_to_cart_form_location":"","bundle_editable_in_cart":false,"bundle_sold_individually_context":"","bundle_item_grouping":"","bundle_min_size":"","bundle_max_size":"","bundle_price":[],"bundled_items":[],"bundle_sell_ids":[],"group_of_quantity":0,"min_quantity":0,"max_quantity":"","exclude_order_quantity_value_rules":"no","exclude_category_quantity_rules":"no","combine_variations":"no","exclude_global_add_ons":[],"addons":[],"yoast_head":"<!-- This site is optimized with the Yoast SEO plugin v27.6 - https:\/\/yoast.com\/product\/yoast-seo-wordpress\/ -->\n<title>BAMBAW  Shaving kit  BAMBOO EDIT - Greenspells<\/title>\n<meta name=\"description\" content=\"The shaving kit \u2013 Bamboo is the perfect combination of all the basics needed to shave in an eco-friendly way and leaving a beautiful and soft skin.\" \/>\n<meta name=\"robots\" content=\"index, follow, max-snippet:-1, max-image-preview:large, max-video-preview:-1\" \/>\n<link rel=\"canonical\" href=\"https:\/\/greenspells.com\/lt\/produktas\/bambaw-shaving-kit-bamboo-edit\/\" \/>\n<meta property=\"og:locale\" content=\"lt_LT\" \/>\n<meta property=\"og:type\" content=\"article\" \/>\n<meta property=\"og:title\" content=\"BAMBAW  Shaving kit  BAMBOO EDIT - Greenspells\" \/>\n<meta property=\"og:description\" content=\"The shaving kit \u2013 Bamboo is the perfect combination of all the basics needed to shave in an eco-friendly way and leaving a beautiful and soft skin.\" \/>\n<meta property=\"og:url\" content=\"https:\/\/greenspells.com\/lt\/produktas\/bambaw-shaving-kit-bamboo-edit\/\" \/>\n<meta property=\"og:site_name\" content=\"Greenspells\" \/>\n<meta property=\"article:publisher\" content=\"https:\/\/www.facebook.com\/Greenspells\" \/>\n<meta property=\"article:modified_time\" content=\"2024-06-04T08:09:42+00:00\" \/>\n<meta property=\"og:image\" content=\"https:\/\/greenspells.com\/wp-content\/uploads\/2023\/10\/BBxSHKxBBx4P-Packshot-002-1024x1024-1.png\" \/>\n\t<meta property=\"og:image:width\" content=\"1024\" \/>\n\t<meta property=\"og:image:height\" content=\"1024\" \/>\n\t<meta property=\"og:image:type\" content=\"image\/png\" \/>\n<meta name=\"twitter:card\" content=\"summary_large_image\" \/>\n<meta name=\"twitter:label1\" content=\"Est. reading time\" \/>\n\t<meta name=\"twitter:data1\" content=\"3 minut\u0117s\" \/>\n<script type=\"application\/ld+json\" class=\"yoast-schema-graph\">{\"@context\":\"https:\\\/\\\/schema.org\",\"@graph\":[{\"@type\":\"WebPage\",\"@id\":\"https:\\\/\\\/greenspells.com\\\/product\\\/bambaw-shaving-kit-bamboo-edit\\\/\",\"url\":\"https:\\\/\\\/greenspells.com\\\/product\\\/bambaw-shaving-kit-bamboo-edit\\\/\",\"name\":\"BAMBAW Shaving kit BAMBOO EDIT - Greenspells\",\"isPartOf\":{\"@id\":\"https:\\\/\\\/greenspells.com\\\/#website\"},\"primaryImageOfPage\":{\"@id\":\"https:\\\/\\\/greenspells.com\\\/product\\\/bambaw-shaving-kit-bamboo-edit\\\/#primaryimage\"},\"image\":{\"@id\":\"https:\\\/\\\/greenspells.com\\\/product\\\/bambaw-shaving-kit-bamboo-edit\\\/#primaryimage\"},\"thumbnailUrl\":\"https:\\\/\\\/i0.wp.com\\\/greenspells.com\\\/wp-content\\\/uploads\\\/2023\\\/10\\\/BBxSHKxBBx4P-Packshot-002-1024x1024-1.png?fit=1024%2C1024&ssl=1\",\"datePublished\":\"2023-10-30T20:23:37+00:00\",\"dateModified\":\"2024-06-04T08:09:42+00:00\",\"description\":\"The shaving kit \u2013 Bamboo is the perfect combination of all the basics needed to shave in an eco-friendly way and leaving a beautiful and soft skin.\",\"breadcrumb\":{\"@id\":\"https:\\\/\\\/greenspells.com\\\/product\\\/bambaw-shaving-kit-bamboo-edit\\\/#breadcrumb\"},\"inLanguage\":\"lt-LT\",\"potentialAction\":[{\"@type\":\"ReadAction\",\"target\":[\"https:\\\/\\\/greenspells.com\\\/product\\\/bambaw-shaving-kit-bamboo-edit\\\/\"]}]},{\"@type\":\"ImageObject\",\"inLanguage\":\"lt-LT\",\"@id\":\"https:\\\/\\\/greenspells.com\\\/product\\\/bambaw-shaving-kit-bamboo-edit\\\/#primaryimage\",\"url\":\"https:\\\/\\\/i0.wp.com\\\/greenspells.com\\\/wp-content\\\/uploads\\\/2023\\\/10\\\/BBxSHKxBBx4P-Packshot-002-1024x1024-1.png?fit=1024%2C1024&ssl=1\",\"contentUrl\":\"https:\\\/\\\/i0.wp.com\\\/greenspells.com\\\/wp-content\\\/uploads\\\/2023\\\/10\\\/BBxSHKxBBx4P-Packshot-002-1024x1024-1.png?fit=1024%2C1024&ssl=1\",\"width\":1024,\"height\":1024},{\"@type\":\"BreadcrumbList\",\"@id\":\"https:\\\/\\\/greenspells.com\\\/product\\\/bambaw-shaving-kit-bamboo-edit\\\/#breadcrumb\",\"itemListElement\":[{\"@type\":\"ListItem\",\"position\":1,\"name\":\"Home\",\"item\":\"https:\\\/\\\/greenspells.com\\\/\"},{\"@type\":\"ListItem\",\"position\":2,\"name\":\"Shop\",\"item\":\"https:\\\/\\\/greenspells.com\\\/shop\\\/\"},{\"@type\":\"ListItem\",\"position\":3,\"name\":\"BAMBAW Shaving kit BAMBOO EDIT\"}]},{\"@type\":\"WebSite\",\"@id\":\"https:\\\/\\\/greenspells.com\\\/#website\",\"url\":\"https:\\\/\\\/greenspells.com\\\/\",\"name\":\"Greenspells\",\"description\":\"Nat\u016brali ir ekologi\u0161ka kosmetika\",\"publisher\":{\"@id\":\"https:\\\/\\\/greenspells.com\\\/#organization\"},\"potentialAction\":[{\"@type\":\"SearchAction\",\"target\":{\"@type\":\"EntryPoint\",\"urlTemplate\":\"https:\\\/\\\/greenspells.com\\\/?s={search_term_string}\"},\"query-input\":{\"@type\":\"PropertyValueSpecification\",\"valueRequired\":true,\"valueName\":\"search_term_string\"}}],\"inLanguage\":\"lt-LT\"},{\"@type\":\"Organization\",\"@id\":\"https:\\\/\\\/greenspells.com\\\/#organization\",\"name\":\"Greenspells\",\"url\":\"https:\\\/\\\/greenspells.com\\\/\",\"logo\":{\"@type\":\"ImageObject\",\"inLanguage\":\"lt-LT\",\"@id\":\"https:\\\/\\\/greenspells.com\\\/#\\\/schema\\\/logo\\\/image\\\/\",\"url\":\"https:\\\/\\\/i0.wp.com\\\/greenspells.com\\\/wp-content\\\/uploads\\\/2020\\\/09\\\/20200722_153424_0000.png?fit=1500%2C1500&ssl=1\",\"contentUrl\":\"https:\\\/\\\/i0.wp.com\\\/greenspells.com\\\/wp-content\\\/uploads\\\/2020\\\/09\\\/20200722_153424_0000.png?fit=1500%2C1500&ssl=1\",\"width\":1500,\"height\":1500,\"caption\":\"Greenspells\"},\"image\":{\"@id\":\"https:\\\/\\\/greenspells.com\\\/#\\\/schema\\\/logo\\\/image\\\/\"},\"sameAs\":[\"https:\\\/\\\/www.facebook.com\\\/Greenspells\",\"https:\\\/\\\/www.instagram.com\\\/greenspells_store\\\/\"]}]}<\/script>\n<!-- \/ Yoast SEO plugin. -->","yoast_head_json":{"title":"BAMBAW  Shaving kit  BAMBOO EDIT - Greenspells","description":"Skutimosi rinkinys su bambukiniu skustuvu - puikus pasirinkimas norintiems skustis aplinkai draugi\u0161ku b\u016bdu ir tur\u0117ti gra\u017ei\u0105, glotni\u0105, \u0161velni\u0105 od\u0105!","robots":{"index":"index","follow":"follow","max-snippet":"max-snippet:-1","max-image-preview":"max-image-preview:large","max-video-preview":"max-video-preview:-1"},"canonical":"https:\/\/greenspells.com\/lt\/produktas\/bambaw-shaving-kit-bamboo-edit\/","og_locale":"lt_LT","og_type":"article","og_title":"BAMBAW  Shaving kit  BAMBOO EDIT - Greenspells","og_description":"The shaving kit \u2013 Bamboo is the perfect combination of all the basics needed to shave in an eco-friendly way and leaving a beautiful and soft skin.","og_url":"https:\/\/greenspells.com\/lt\/produktas\/bambaw-shaving-kit-bamboo-edit\/","og_site_name":"Greenspells","article_publisher":"https:\/\/www.facebook.com\/Greenspells","article_modified_time":"2024-06-04T08:09:42+00:00","og_image":[{"width":1024,"height":1024,"url":"https:\/\/greenspells.com\/wp-content\/uploads\/2023\/10\/BBxSHKxBBx4P-Packshot-002-1024x1024-1.png","type":"image\/png"}],"twitter_card":"summary_large_image","twitter_misc":{"Est. reading time":"3 minut\u0117s"},"schema":{"@context":"https:\/\/schema.org","@graph":[{"@type":"WebPage","@id":"https:\/\/greenspells.com\/product\/bambaw-shaving-kit-bamboo-edit\/","url":"https:\/\/greenspells.com\/product\/bambaw-shaving-kit-bamboo-edit\/","name":"BAMBAW Shaving kit BAMBOO EDIT - Greenspells","isPartOf":{"@id":"https:\/\/greenspells.com\/#website"},"primaryImageOfPage":{"@id":"https:\/\/greenspells.com\/product\/bambaw-shaving-kit-bamboo-edit\/#primaryimage"},"image":{"@id":"https:\/\/greenspells.com\/product\/bambaw-shaving-kit-bamboo-edit\/#primaryimage"},"thumbnailUrl":"https:\/\/i0.wp.com\/greenspells.com\/wp-content\/uploads\/2023\/10\/BBxSHKxBBx4P-Packshot-002-1024x1024-1.png?fit=1024%2C1024&ssl=1","datePublished":"2023-10-30T20:23:37+00:00","dateModified":"2024-06-04T08:09:42+00:00","description":"Skutimosi rinkinys su bambukiniu skustuvu - puikus pasirinkimas norintiems skustis aplinkai draugi\u0161ku b\u016bdu ir tur\u0117ti gra\u017ei\u0105, glotni\u0105, \u0161velni\u0105 od\u0105!","breadcrumb":{"@id":"https:\/\/greenspells.com\/product\/bambaw-shaving-kit-bamboo-edit\/#breadcrumb"},"inLanguage":"lt-LT","potentialAction":[{"@type":"ReadAction","target":["https:\/\/greenspells.com\/product\/bambaw-shaving-kit-bamboo-edit\/"]}]},{"@type":"ImageObject","inLanguage":"lt-LT","@id":"https:\/\/greenspells.com\/product\/bambaw-shaving-kit-bamboo-edit\/#primaryimage","url":"https:\/\/i0.wp.com\/greenspells.com\/wp-content\/uploads\/2023\/10\/BBxSHKxBBx4P-Packshot-002-1024x1024-1.png?fit=1024%2C1024&ssl=1","contentUrl":"https:\/\/i0.wp.com\/greenspells.com\/wp-content\/uploads\/2023\/10\/BBxSHKxBBx4P-Packshot-002-1024x1024-1.png?fit=1024%2C1024&ssl=1","width":1024,"height":1024},{"@type":"BreadcrumbList","@id":"https:\/\/greenspells.com\/product\/bambaw-shaving-kit-bamboo-edit\/#breadcrumb","itemListElement":[{"@type":"ListItem","position":1,"name":"Home","item":"https:\/\/greenspells.com\/"},{"@type":"ListItem","position":2,"name":"Shop","item":"https:\/\/greenspells.com\/shop\/"},{"@type":"ListItem","position":3,"name":"BAMBAW Shaving kit BAMBOO EDIT"}]},{"@type":"WebSite","@id":"https:\/\/greenspells.com\/#website","url":"https:\/\/greenspells.com\/","name":"Greenspells","description":"Nat\u016brali ir ekologi\u0161ka kosmetika","publisher":{"@id":"https:\/\/greenspells.com\/#organization"},"potentialAction":[{"@type":"SearchAction","target":{"@type":"EntryPoint","urlTemplate":"https:\/\/greenspells.com\/?s={search_term_string}"},"query-input":{"@type":"PropertyValueSpecification","valueRequired":true,"valueName":"search_term_string"}}],"inLanguage":"lt-LT"},{"@type":"Organization","@id":"https:\/\/greenspells.com\/#organization","name":"Greenspells","url":"https:\/\/greenspells.com\/","logo":{"@type":"ImageObject","inLanguage":"lt-LT","@id":"https:\/\/greenspells.com\/#\/schema\/logo\/image\/","url":"https:\/\/i0.wp.com\/greenspells.com\/wp-content\/uploads\/2020\/09\/20200722_153424_0000.png?fit=1500%2C1500&ssl=1","contentUrl":"https:\/\/i0.wp.com\/greenspells.com\/wp-content\/uploads\/2020\/09\/20200722_153424_0000.png?fit=1500%2C1500&ssl=1","width":1500,"height":1500,"caption":"Greenspells"},"image":{"@id":"https:\/\/greenspells.com\/#\/schema\/logo\/image\/"},"sameAs":["https:\/\/www.facebook.com\/Greenspells","https:\/\/www.instagram.com\/greenspells_store\/"]}]}},"jetpack_likes_enabled":true,"jetpack_sharing_enabled":true,"_links":{"self":[{"href":"https:\/\/greenspells.com\/lt\/wp-json\/wp\/v2\/product\/1673139","targetHints":{"allow":["GET"]}}],"collection":[{"href":"https:\/\/greenspells.com\/lt\/wp-json\/wp\/v2\/product"}],"about":[{"href":"https:\/\/greenspells.com\/lt\/wp-json\/wp\/v2\/types\/product"}],"replies":[{"embeddable":true,"href":"https:\/\/greenspells.com\/lt\/wp-json\/wp\/v2\/comments?post=1673139"}],"wp:featuredmedia":[{"embeddable":true,"href":"https:\/\/greenspells.com\/lt\/wp-json\/wp\/v2\/media\/1673141"}],"wp:attachment":[{"href":"https:\/\/greenspells.com\/lt\/wp-json\/wp\/v2\/media?parent=1673139"}],"wp:term":[{"taxonomy":"product_brand","embeddable":true,"href":"https:\/\/greenspells.com\/lt\/wp-json\/wp\/v2\/product_brand?post=1673139"},{"taxonomy":"product_cat","embeddable":true,"href":"https:\/\/greenspells.com\/lt\/wp-json\/wp\/v2\/product_cat?post=1673139"},{"taxonomy":"product_tag","embeddable":true,"href":"https:\/\/greenspells.com\/lt\/wp-json\/wp\/v2\/product_tag?post=1673139"}],"curies":[{"name":"wp","href":"https:\/\/api.w.org\/{rel}","templated":true}]}}