{"id":1673127,"date":"2023-10-25T21:14:24","date_gmt":"2023-10-25T19:14:24","guid":{"rendered":"https:\/\/greenspells.com\/?post_type=product&#038;p=1673127"},"modified":"2026-03-04T08:30:19","modified_gmt":"2026-03-04T06:30:19","slug":"earth-harbor-purifying-exfoliation-potion-citrine-sea","status":"publish","type":"product","link":"https:\/\/greenspells.com\/lt\/produktas\/earth-harbor-purifying-exfoliation-potion-citrine-sea\/","title":{"rendered":"EARTH HARBOR <br> Valantis \u0161veitiklis <br> CITRINE SEA"},"content":{"rendered":"<p style=\"-webkit-font-smoothing: antialiased; color: #000000; font-family: Lato, sans-serif; font-size: 15px; box-sizing: border-box !important;\">\u0160veitiklis + Prausiklis + Kauk\u0117. I\u0161valo ir subalansuoja od\u0105.<\/p>\n<p style=\"-webkit-font-smoothing: antialiased; color: #000000; font-family: Lato, sans-serif; font-size: 15px; box-sizing: border-box !important;\">\u0160is citrininis gra\u017euolis yra trejopo poveikio: mikrodermabrazinis \u0161veitiklis + Prausiklis + Kauk\u0117 viename! Sodr\u016bs botaniniai aliejai puikiai suderinti kartu su smulkintais j\u016bros druskos kristalais, suskystinta ciber\u017eole ir mikronizuotu mineralu citrinu. Ramina od\u0105, mal\u0161ina u\u017edegimus, giliai i\u0161valo poras. \n\nOdai labai patiks \u0161veitiklio maitinantis, kondicionuojantis ir mineralizuojantis poveikis!\n\u0160varus, lengvas kvapas pavers proced\u016br\u0105 tikru malonumu, o oda liks \u0161velni, glotni ir atgaivinta.<\/p>\n<p style=\"-webkit-font-smoothing: antialiased; margin-top: 24px; color: #000000; font-family: Lato, sans-serif; font-size: 15px; box-sizing: border-box !important;\"><em><strong><span style=\"-webkit-font-smoothing: antialiased; box-sizing: border-box !important;\">Padeda:<\/span><\/strong><\/em><br style=\"-webkit-font-smoothing: antialiased; box-sizing: border-box !important;\" \/>- \u012e spuogelius linkusiai odai<br style=\"-webkit-font-smoothing: antialiased; box-sizing: border-box !important;\" \/>- Mi\u0161riai odai<br style=\"-webkit-font-smoothing: antialiased; box-sizing: border-box !important;\" \/>- \u0160iurk\u0161\u010diai, \u0161vyt\u0117jim\u0105 praradusiai odai<br style=\"-webkit-font-smoothing: antialiased; box-sizing: border-box !important;\" \/>- Esant ne\u0161varumams<\/p>\n<p style=\"-webkit-font-smoothing: antialiased; margin-top: 24px; color: #000000; font-family: Lato, sans-serif; font-size: 15px; box-sizing: border-box !important;\"><span style=\"-webkit-font-smoothing: antialiased; box-sizing: border-box !important; font-weight: var(--text-font-bold-weight);\">Lygina \u2022 Balansuoja \u2022 Valo\u00a0<\/span><span style=\"-webkit-font-smoothing: antialiased; box-sizing: border-box !important; font-weight: var(--text-font-bold-weight);\">\u00b7<span style=\"-webkit-font-smoothing: antialiased; box-sizing: border-box !important;\">\u00a0Mineralizuoja<\/span><\/span><\/p>\n<p style=\"-webkit-font-smoothing: antialiased; margin-top: 24px; color: #000000; font-family: Lato, sans-serif; font-size: 15px; box-sizing: border-box !important;\"><strong>Kvapas<\/strong>: Greipfrut\u0173 ir ciber\u017eol\u0117s<br style=\"-webkit-font-smoothing: antialiased; box-sizing: border-box !important;\" \/><strong>Tekst\u016bra:<\/strong>: Maitinantis, aliejinio pagrindo\u00a0<br style=\"-webkit-font-smoothing: antialiased; box-sizing: border-box !important;\" \/><strong>Spalva<\/strong>: Gelsva (nuo ciber\u017eol\u0117s)<\/p>\n<h4 style=\"-webkit-font-smoothing: antialiased; font-family: Lato, sans-serif; font-weight: var(--heading-font-weight); color: #000000; font-size: var(--heading-h4-font-size); line-height: 1.16667; letter-spacing: -0.3px; margin-top: 40px; margin-bottom: 16px; box-sizing: border-box !important;\"><em><strong>Svarbiausi ingredientai<\/strong><\/em><\/h4>\n<p style=\"-webkit-font-smoothing: antialiased; color: #000000; font-family: Lato, sans-serif; font-size: 15px; box-sizing: border-box !important;\"><span style=\"-webkit-font-smoothing: antialiased; box-sizing: border-box !important; font-weight: var(--text-font-bold-weight);\"><strong>Atlanto kristalai<\/strong>:<\/span><span style=\"-webkit-font-smoothing: antialiased; box-sizing: border-box !important;\">\u00a0<\/span>I\u0161gauta ir saul\u0117je d\u017eiovinta, smulki j\u016bros druska i\u0161 Atlanto vandenyno puosel\u0117ja odos gro\u017e\u012f: detoksikuoja, \u0161vei\u010dia od\u0105. Turi daugyb\u0119 mineral\u0173 i\u0161 vandenyno, greitina l\u0105steli\u0173 atainaujinim\u0105, giliai i\u0161valo poras. Reguliuoja riebal\u0173 gamyb\u0105 ir i\u0161siskyrim\u0105, stangrina od\u0105, neleid\u017eia atsirasti bakterijoms.<\/p>\n<p style=\"-webkit-font-smoothing: antialiased; margin-top: 24px; color: #000000; font-family: Lato, sans-serif; font-size: 15px; box-sizing: border-box !important;\"><span style=\"-webkit-font-smoothing: antialiased; box-sizing: border-box !important; font-weight: var(--text-font-bold-weight);\"><strong>Citrinas<\/strong>:\u00a0<\/span>gerai \u017einomas valantis ir regeneruojantis mineralas. Gerina odos tekst\u016br\u0105, skatina gijim\u0105.<\/p>\n<p style=\"-webkit-font-smoothing: antialiased; margin-top: 24px; color: #000000; font-family: Lato, sans-serif; font-size: 15px; box-sizing: border-box !important;\"><span style=\"-webkit-font-smoothing: antialiased; box-sizing: border-box !important; font-weight: var(--text-font-bold-weight);\"><strong>Ciber\u017eol\u0117s \u0161akn\u0173 milteliai<\/strong>:<\/span><span style=\"-webkit-font-smoothing: antialiased; box-sizing: border-box !important;\">\u00a0Turi prie\u0161u\u017edegimini\u0173, antibakterini\u0173 savybi\u0173. Ramina od\u0105, padeda i\u0161lyginti odos ton\u0105, dezinfekuoja od\u0105. Tai unikalus antioksidantas, kovojantis su laisvaisiais radikalais, sukelian\u010diais prie\u0161laikin\u012f sen\u0117jim\u0105.<\/span><\/p>\n<p style=\"-webkit-font-smoothing: antialiased; margin-top: 24px; color: #000000; font-family: Lato, sans-serif; font-size: 15px; box-sizing: border-box !important;\"><span style=\"-webkit-font-smoothing: antialiased; box-sizing: border-box !important; font-weight: var(--text-font-bold-weight);\"><strong>Nimbamed\u017eio s\u0117kl\u0173 aliejus<\/strong>:<\/span><span style=\"-webkit-font-smoothing: antialiased; box-sizing: border-box !important;\">\u00a0Turi labai daug maisto med\u017eiag\u0173. Taip pat turi itin daug antioksidant\u0173, ypa\u010d karotenoid\u0173, padedan\u010di\u0173 apsisaugoti nuo neigiamo aplinkos poveikio. Turi svarbiausi\u0173j\u0173 riebi\u0173j\u0173 r\u016bg\u0161\u010di\u0173 ir Vitamino E, kurie padeda prasiskverbti pro vir\u0161utin\u012f odos sluoksn\u012f ir greitai gydyti saus\u0105 ir pa\u017eeist\u0105 od\u0105.<\/span><\/p>\n<p style=\"-webkit-font-smoothing: antialiased; margin-top: 24px; color: #000000; font-family: Lato, sans-serif; font-size: 15px; box-sizing: border-box !important;\"><span style=\"-webkit-font-smoothing: antialiased; box-sizing: border-box !important; font-weight: var(--text-font-bold-weight);\"><strong>Garsty\u010di\u0173 milteliai<\/strong>:<\/span><span style=\"-webkit-font-smoothing: antialiased; box-sizing: border-box !important;\">\u00a0Garsty\u010dios - puikus karoteno, luteino, magnio ir kalio \u0161altinis. Taip pat turi labai daug Vitamin\u0173 A, C, K. Kartu \u0161ie elementai veikia lyg skydas prie\u0161 prie\u0161laikin\u012f sen\u0117jim\u0105, dr\u0117kina ir pa\u0161alina ne\u0161varumus.<\/span><\/p>\n<p style=\"-webkit-font-smoothing: antialiased; margin-top: 24px; color: #000000; font-family: Lato, sans-serif; font-size: 15px; box-sizing: border-box !important;\"><span style=\"-webkit-font-smoothing: antialiased; box-sizing: border-box !important; font-weight: var(--text-font-bold-weight);\"><strong>Greipfruto \u017eieveli\u0173  aliejus<\/strong>\u00a0<\/span>turi antibakterini\u0173, prie\u0161grybelini\u0173, od\u0105 stiprinan\u010di\u0173 savybi\u0173, kovoja su akne, spuogeliais, stiprina odos atsparum\u0105, padeda apsisaugoti nuo \u017ealing\u0173 aplinkos veiksni\u0173, u\u017eter\u0161tumo, UV spinduli\u0173 \u017ealos.<\/p>\n<p style=\"-webkit-font-smoothing: antialiased; margin-top: 24px; color: #000000; font-family: Lato, sans-serif; font-size: 15px; box-sizing: border-box !important;\">Purely Natural \u00b7 Ethical \u00b7 Sustainable \u00b7 No Synthetics \u00b7 Vegan \u00b7 Cruelty-Free \u00b7 100% Non-GMO \u00b7 95% Organic \u00b7 Nontoxic \u00b7 Fair Trade \u00b7 No Gluten Added \u00b7 No Soy Added \u00b7 No Fillers \u00b7 Plant-Based \u00b7 Food-Grade \u00b7 Scientifically-Proven Ingredients \u00b7 Therapeutic-Grade \u00b7 Zero-Waste \u00b7 Woman-Owned \u00b7 Small Batch Made By USA Mermaids \u00b7 1% For The Planet\u00ae<\/p>\n<p><em><strong>Kaip naudoti?<\/strong><\/em><\/p>\n<p style=\"-webkit-font-smoothing: antialiased; color: #000000; font-family: Lato, sans-serif; font-size: 15px; box-sizing: border-box !important;\">Sudr\u0117kinkite veid\u0105 \u0161iltu vandeniu. Pamai\u0161ykite \u0161veitikl\u012f, nedidel\u012f kiek\u012f \u012fmasa\u017euokite \u012f veido od\u0105 sukamaisiais judesiais. Nuplaukite \u0161variai \u0161ilta, dr\u0117gna \u0161luoste. Lengvas dilg\u010diojimas - normalu, ypa\u010d naudojant pirmus kartus. Jautriai odai naudokite kart\u0105 per savait\u0119.<\/p>\n<p style=\"-webkit-font-smoothing: antialiased; margin-top: 24px; color: #000000; font-family: Lato, sans-serif; font-size: 15px; box-sizing: border-box !important;\">Patarimas: CITRINE SEA puikiai veikia ir viso k\u016bno od\u0105, jei vargina i\u0161saus\u0117jimas, spuogeliai ar odai reikia papildomo d\u0117mesio.<\/p>\n<p style=\"-webkit-font-smoothing: antialiased; margin-top: 24px; color: #000000; font-family: Lato, sans-serif; font-size: 15px; box-sizing: border-box !important;\"><span style=\"-webkit-font-smoothing: antialiased; box-sizing: border-box !important; font-weight: var(--text-font-bold-weight);\">Patarimas:<\/span>\u00a0Galima sumai\u0161yti su keliais bet kurios EARTH HARBOR ampul\u0117s la\u0161eliais, palaikykite 2-5 min prie\u0161 nuplaunant.<\/p>\n<p style=\"-webkit-font-smoothing: antialiased; margin-bottom: 0px; color: #000000; font-family: Lato, sans-serif; font-size: 15px; box-sizing: border-box !important;\">60ml. USA.<\/p>\n<p>&nbsp;<\/p>\n<p><em><strong>Ingredientai<\/strong><\/em>:<\/p>\n<p style=\"-webkit-font-smoothing: antialiased; color: #000000; font-family: Lato, sans-serif; font-size: 15px; box-sizing: border-box !important;\">Fine\u00a0Atlantic Sea Salt (Sodium chloride) Crystals\u00b0, Jojoba (Simmondsia chinensis) Seed Oil\u00b0, Coconut (Cocos nucifera) Oil\u00b0, Shea (Butyrospermum parkii) Butter\u00b0, Neem (Melia azadirachta) Seed Oil\u00b0, Turmeric (Curcuma longa) Root Powder\u00b0, Mustard (Sinapis alba) Seed Powder\u00b0, Finely-tumbled Citrine Gemstone Powder\u00b0\u00b0\u00b0, Sunflower Vitamin E (Tocopherol)\u00b0\u00b0, Sunflower (Helianthus annuus) Seed Oil\u00b0\u00b0, Rosemary (Rosmarinus officinalis) Leaf Extract\u00b0, Sunflower (Helianthus annuus) Seed Oil\u00b0, Grapefruit (Citrus paradisi) Peel Oil\u00b0^<\/p>\n<p style=\"-webkit-font-smoothing: antialiased; margin-top: 24px; color: #000000; font-family: Lato, sans-serif; font-size: 15px; box-sizing: border-box !important;\">\u00b0 Certified Organic\u00a0 |\u00a0 \u00b0\u00b0 Non-GMO\u00a0\u00a0|\u00a0 \u00b0\u00b0\u00b0 Wildcrafted<\/p>\n<p style=\"-webkit-font-smoothing: antialiased; margin-top: 24px; color: #000000; font-family: Lato, sans-serif; font-size: 15px; box-sizing: border-box !important;\">^ Grapefruit Peel Oil is formulated to have no photosensitizing effects.<\/p>","protected":false},"excerpt":{"rendered":"<p>Exfoliator + Cleanser + Mask to purify &amp; balance the skin. This blonde bombshell is a triple-action microdermabrasion Exfoliator + Cleanser + Mask that brings warmth, purification, and balance to your skin. Lush Botanical Oils synergistically combine with finely tumbled Sea Salt Crystals, liquified Turmeric, and micronized Citrine Gemstone to smooth skin, calm flare-ups, and [&hellip;]<\/p>","protected":false},"featured_media":1673133,"comment_status":"open","ping_status":"closed","template":"","meta":{"content-type":"","_monsterinsights_skip_tracking":false,"_monsterinsights_sitenote_active":false,"_monsterinsights_sitenote_note":"","_monsterinsights_sitenote_category":0,"_uf_show_specific_survey":0,"_uf_disable_surveys":false},"product_brand":[1660],"product_cat":[20,34,15],"product_tag":[1674,181,461,642,1787,640,714],"class_list":{"0":"post-1673127","1":"product","2":"type-product","3":"status-publish","4":"has-post-thumbnail","6":"product_brand-earth-harbor","7":"product_cat-cleansers-and-exfoliators","8":"product_cat-skincare","9":"product_cat-all-products","10":"product_tag-earth-harbor","11":"product_tag-exfoliator","12":"product_tag-naturali-kosmetika","13":"product_tag-naturalus-sveitiklis","14":"product_tag-odos-rutina","15":"product_tag-sveitiklis","16":"product_tag-veido-prieziura","18":"first","19":"instock","20":"taxable","21":"shipping-taxable","22":"purchasable","23":"product-type-simple"},"bundled_by":[],"bundle_stock_status":"instock","bundle_stock_quantity":null,"bundle_virtual":false,"bundle_layout":"","bundle_add_to_cart_form_location":"","bundle_editable_in_cart":false,"bundle_sold_individually_context":"","bundle_item_grouping":"","bundle_min_size":"","bundle_max_size":"","bundle_price":[],"bundled_items":[],"bundle_sell_ids":[],"group_of_quantity":0,"min_quantity":0,"max_quantity":"","exclude_order_quantity_value_rules":"no","exclude_category_quantity_rules":"no","combine_variations":"no","exclude_global_add_ons":[],"addons":[],"yoast_head":"<!-- This site is optimized with the Yoast SEO plugin v27.3 - https:\/\/yoast.com\/product\/yoast-seo-wordpress\/ -->\n<title>EARTH HARBOR  Purifying Exfoliation Potion  CITRINE SEA - Greenspells<\/title>\n<meta name=\"description\" content=\"This blonde bombshell is a triple-action microdermabrasion Exfoliator + Cleanser + Mask that brings warmth, purification, and balance to your skin.\u00a0\" \/>\n<meta name=\"robots\" content=\"index, follow, max-snippet:-1, max-image-preview:large, max-video-preview:-1\" \/>\n<link rel=\"canonical\" href=\"https:\/\/greenspells.com\/lt\/produktas\/earth-harbor-purifying-exfoliation-potion-citrine-sea\/\" \/>\n<meta property=\"og:locale\" content=\"lt_LT\" \/>\n<meta property=\"og:type\" content=\"article\" \/>\n<meta property=\"og:title\" content=\"EARTH HARBOR  Purifying Exfoliation Potion  CITRINE SEA - Greenspells\" \/>\n<meta property=\"og:description\" content=\"This blonde bombshell is a triple-action microdermabrasion Exfoliator + Cleanser + Mask that brings warmth, purification, and balance to your skin.\u00a0\" \/>\n<meta property=\"og:url\" content=\"https:\/\/greenspells.com\/lt\/produktas\/earth-harbor-purifying-exfoliation-potion-citrine-sea\/\" \/>\n<meta property=\"og:site_name\" content=\"Greenspells\" \/>\n<meta property=\"article:publisher\" content=\"https:\/\/www.facebook.com\/Greenspells\" \/>\n<meta property=\"article:modified_time\" content=\"2026-03-04T06:30:19+00:00\" \/>\n<meta property=\"og:image\" content=\"https:\/\/greenspells.com\/wp-content\/uploads\/2023\/10\/citrine-sea-purifying-exfoliation-potion-604313_900x.jpg\" \/>\n\t<meta property=\"og:image:width\" content=\"900\" \/>\n\t<meta property=\"og:image:height\" content=\"900\" \/>\n\t<meta property=\"og:image:type\" content=\"image\/jpeg\" \/>\n<meta name=\"twitter:card\" content=\"summary_large_image\" \/>\n<meta name=\"twitter:label1\" content=\"Est. reading time\" \/>\n\t<meta name=\"twitter:data1\" content=\"3 minut\u0117s\" \/>\n<script type=\"application\/ld+json\" class=\"yoast-schema-graph\">{\"@context\":\"https:\\\/\\\/schema.org\",\"@graph\":[{\"@type\":\"WebPage\",\"@id\":\"https:\\\/\\\/greenspells.com\\\/product\\\/earth-harbor-purifying-exfoliation-potion-citrine-sea\\\/\",\"url\":\"https:\\\/\\\/greenspells.com\\\/product\\\/earth-harbor-purifying-exfoliation-potion-citrine-sea\\\/\",\"name\":\"EARTH HARBOR Purifying Exfoliation Potion CITRINE SEA - Greenspells\",\"isPartOf\":{\"@id\":\"https:\\\/\\\/greenspells.com\\\/#website\"},\"primaryImageOfPage\":{\"@id\":\"https:\\\/\\\/greenspells.com\\\/product\\\/earth-harbor-purifying-exfoliation-potion-citrine-sea\\\/#primaryimage\"},\"image\":{\"@id\":\"https:\\\/\\\/greenspells.com\\\/product\\\/earth-harbor-purifying-exfoliation-potion-citrine-sea\\\/#primaryimage\"},\"thumbnailUrl\":\"https:\\\/\\\/i0.wp.com\\\/greenspells.com\\\/wp-content\\\/uploads\\\/2023\\\/10\\\/citrine-sea-purifying-exfoliation-potion-604313_900x.jpg?fit=900%2C900&ssl=1\",\"datePublished\":\"2023-10-25T19:14:24+00:00\",\"dateModified\":\"2026-03-04T06:30:19+00:00\",\"description\":\"This blonde bombshell is a triple-action microdermabrasion Exfoliator + Cleanser + Mask that brings warmth, purification, and balance to your skin.\u00a0\",\"breadcrumb\":{\"@id\":\"https:\\\/\\\/greenspells.com\\\/product\\\/earth-harbor-purifying-exfoliation-potion-citrine-sea\\\/#breadcrumb\"},\"inLanguage\":\"lt-LT\",\"potentialAction\":[{\"@type\":\"ReadAction\",\"target\":[\"https:\\\/\\\/greenspells.com\\\/product\\\/earth-harbor-purifying-exfoliation-potion-citrine-sea\\\/\"]}]},{\"@type\":\"ImageObject\",\"inLanguage\":\"lt-LT\",\"@id\":\"https:\\\/\\\/greenspells.com\\\/product\\\/earth-harbor-purifying-exfoliation-potion-citrine-sea\\\/#primaryimage\",\"url\":\"https:\\\/\\\/i0.wp.com\\\/greenspells.com\\\/wp-content\\\/uploads\\\/2023\\\/10\\\/citrine-sea-purifying-exfoliation-potion-604313_900x.jpg?fit=900%2C900&ssl=1\",\"contentUrl\":\"https:\\\/\\\/i0.wp.com\\\/greenspells.com\\\/wp-content\\\/uploads\\\/2023\\\/10\\\/citrine-sea-purifying-exfoliation-potion-604313_900x.jpg?fit=900%2C900&ssl=1\",\"width\":900,\"height\":900},{\"@type\":\"BreadcrumbList\",\"@id\":\"https:\\\/\\\/greenspells.com\\\/product\\\/earth-harbor-purifying-exfoliation-potion-citrine-sea\\\/#breadcrumb\",\"itemListElement\":[{\"@type\":\"ListItem\",\"position\":1,\"name\":\"Home\",\"item\":\"https:\\\/\\\/greenspells.com\\\/\"},{\"@type\":\"ListItem\",\"position\":2,\"name\":\"Shop\",\"item\":\"https:\\\/\\\/greenspells.com\\\/shop\\\/\"},{\"@type\":\"ListItem\",\"position\":3,\"name\":\"EARTH HARBOR Purifying Exfoliation Potion CITRINE SEA\"}]},{\"@type\":\"WebSite\",\"@id\":\"https:\\\/\\\/greenspells.com\\\/#website\",\"url\":\"https:\\\/\\\/greenspells.com\\\/\",\"name\":\"Greenspells\",\"description\":\"Nat\u016brali ir ekologi\u0161ka kosmetika\",\"publisher\":{\"@id\":\"https:\\\/\\\/greenspells.com\\\/#organization\"},\"potentialAction\":[{\"@type\":\"SearchAction\",\"target\":{\"@type\":\"EntryPoint\",\"urlTemplate\":\"https:\\\/\\\/greenspells.com\\\/?s={search_term_string}\"},\"query-input\":{\"@type\":\"PropertyValueSpecification\",\"valueRequired\":true,\"valueName\":\"search_term_string\"}}],\"inLanguage\":\"lt-LT\"},{\"@type\":\"Organization\",\"@id\":\"https:\\\/\\\/greenspells.com\\\/#organization\",\"name\":\"Greenspells\",\"url\":\"https:\\\/\\\/greenspells.com\\\/\",\"logo\":{\"@type\":\"ImageObject\",\"inLanguage\":\"lt-LT\",\"@id\":\"https:\\\/\\\/greenspells.com\\\/#\\\/schema\\\/logo\\\/image\\\/\",\"url\":\"https:\\\/\\\/i0.wp.com\\\/greenspells.com\\\/wp-content\\\/uploads\\\/2020\\\/09\\\/20200722_153424_0000.png?fit=1500%2C1500&ssl=1\",\"contentUrl\":\"https:\\\/\\\/i0.wp.com\\\/greenspells.com\\\/wp-content\\\/uploads\\\/2020\\\/09\\\/20200722_153424_0000.png?fit=1500%2C1500&ssl=1\",\"width\":1500,\"height\":1500,\"caption\":\"Greenspells\"},\"image\":{\"@id\":\"https:\\\/\\\/greenspells.com\\\/#\\\/schema\\\/logo\\\/image\\\/\"},\"sameAs\":[\"https:\\\/\\\/www.facebook.com\\\/Greenspells\",\"https:\\\/\\\/www.instagram.com\\\/greenspells_store\\\/\"]}]}<\/script>\n<!-- \/ Yoast SEO plugin. -->","yoast_head_json":{"title":"EARTH HARBOR  Purifying Exfoliation Potion  CITRINE SEA - Greenspells","description":"This blonde bombshell is a triple-action microdermabrasion Exfoliator + Cleanser + Mask that brings warmth, purification, and balance to your skin.\u00a0","robots":{"index":"index","follow":"follow","max-snippet":"max-snippet:-1","max-image-preview":"max-image-preview:large","max-video-preview":"max-video-preview:-1"},"canonical":"https:\/\/greenspells.com\/lt\/produktas\/earth-harbor-purifying-exfoliation-potion-citrine-sea\/","og_locale":"lt_LT","og_type":"article","og_title":"EARTH HARBOR  Purifying Exfoliation Potion  CITRINE SEA - Greenspells","og_description":"This blonde bombshell is a triple-action microdermabrasion Exfoliator + Cleanser + Mask that brings warmth, purification, and balance to your skin.\u00a0","og_url":"https:\/\/greenspells.com\/lt\/produktas\/earth-harbor-purifying-exfoliation-potion-citrine-sea\/","og_site_name":"Greenspells","article_publisher":"https:\/\/www.facebook.com\/Greenspells","article_modified_time":"2026-03-04T06:30:19+00:00","og_image":[{"width":900,"height":900,"url":"https:\/\/greenspells.com\/wp-content\/uploads\/2023\/10\/citrine-sea-purifying-exfoliation-potion-604313_900x.jpg","type":"image\/jpeg"}],"twitter_card":"summary_large_image","twitter_misc":{"Est. reading time":"3 minut\u0117s"},"schema":{"@context":"https:\/\/schema.org","@graph":[{"@type":"WebPage","@id":"https:\/\/greenspells.com\/product\/earth-harbor-purifying-exfoliation-potion-citrine-sea\/","url":"https:\/\/greenspells.com\/product\/earth-harbor-purifying-exfoliation-potion-citrine-sea\/","name":"EARTH HARBOR Purifying Exfoliation Potion CITRINE SEA - Greenspells","isPartOf":{"@id":"https:\/\/greenspells.com\/#website"},"primaryImageOfPage":{"@id":"https:\/\/greenspells.com\/product\/earth-harbor-purifying-exfoliation-potion-citrine-sea\/#primaryimage"},"image":{"@id":"https:\/\/greenspells.com\/product\/earth-harbor-purifying-exfoliation-potion-citrine-sea\/#primaryimage"},"thumbnailUrl":"https:\/\/i0.wp.com\/greenspells.com\/wp-content\/uploads\/2023\/10\/citrine-sea-purifying-exfoliation-potion-604313_900x.jpg?fit=900%2C900&ssl=1","datePublished":"2023-10-25T19:14:24+00:00","dateModified":"2026-03-04T06:30:19+00:00","description":"This blonde bombshell is a triple-action microdermabrasion Exfoliator + Cleanser + Mask that brings warmth, purification, and balance to your skin.\u00a0","breadcrumb":{"@id":"https:\/\/greenspells.com\/product\/earth-harbor-purifying-exfoliation-potion-citrine-sea\/#breadcrumb"},"inLanguage":"lt-LT","potentialAction":[{"@type":"ReadAction","target":["https:\/\/greenspells.com\/product\/earth-harbor-purifying-exfoliation-potion-citrine-sea\/"]}]},{"@type":"ImageObject","inLanguage":"lt-LT","@id":"https:\/\/greenspells.com\/product\/earth-harbor-purifying-exfoliation-potion-citrine-sea\/#primaryimage","url":"https:\/\/i0.wp.com\/greenspells.com\/wp-content\/uploads\/2023\/10\/citrine-sea-purifying-exfoliation-potion-604313_900x.jpg?fit=900%2C900&ssl=1","contentUrl":"https:\/\/i0.wp.com\/greenspells.com\/wp-content\/uploads\/2023\/10\/citrine-sea-purifying-exfoliation-potion-604313_900x.jpg?fit=900%2C900&ssl=1","width":900,"height":900},{"@type":"BreadcrumbList","@id":"https:\/\/greenspells.com\/product\/earth-harbor-purifying-exfoliation-potion-citrine-sea\/#breadcrumb","itemListElement":[{"@type":"ListItem","position":1,"name":"Home","item":"https:\/\/greenspells.com\/"},{"@type":"ListItem","position":2,"name":"Shop","item":"https:\/\/greenspells.com\/shop\/"},{"@type":"ListItem","position":3,"name":"EARTH HARBOR Purifying Exfoliation Potion CITRINE SEA"}]},{"@type":"WebSite","@id":"https:\/\/greenspells.com\/#website","url":"https:\/\/greenspells.com\/","name":"Greenspells","description":"Nat\u016brali ir ekologi\u0161ka kosmetika","publisher":{"@id":"https:\/\/greenspells.com\/#organization"},"potentialAction":[{"@type":"SearchAction","target":{"@type":"EntryPoint","urlTemplate":"https:\/\/greenspells.com\/?s={search_term_string}"},"query-input":{"@type":"PropertyValueSpecification","valueRequired":true,"valueName":"search_term_string"}}],"inLanguage":"lt-LT"},{"@type":"Organization","@id":"https:\/\/greenspells.com\/#organization","name":"Greenspells","url":"https:\/\/greenspells.com\/","logo":{"@type":"ImageObject","inLanguage":"lt-LT","@id":"https:\/\/greenspells.com\/#\/schema\/logo\/image\/","url":"https:\/\/i0.wp.com\/greenspells.com\/wp-content\/uploads\/2020\/09\/20200722_153424_0000.png?fit=1500%2C1500&ssl=1","contentUrl":"https:\/\/i0.wp.com\/greenspells.com\/wp-content\/uploads\/2020\/09\/20200722_153424_0000.png?fit=1500%2C1500&ssl=1","width":1500,"height":1500,"caption":"Greenspells"},"image":{"@id":"https:\/\/greenspells.com\/#\/schema\/logo\/image\/"},"sameAs":["https:\/\/www.facebook.com\/Greenspells","https:\/\/www.instagram.com\/greenspells_store\/"]}]}},"jetpack_likes_enabled":true,"jetpack_sharing_enabled":true,"_links":{"self":[{"href":"https:\/\/greenspells.com\/lt\/wp-json\/wp\/v2\/product\/1673127","targetHints":{"allow":["GET"]}}],"collection":[{"href":"https:\/\/greenspells.com\/lt\/wp-json\/wp\/v2\/product"}],"about":[{"href":"https:\/\/greenspells.com\/lt\/wp-json\/wp\/v2\/types\/product"}],"replies":[{"embeddable":true,"href":"https:\/\/greenspells.com\/lt\/wp-json\/wp\/v2\/comments?post=1673127"}],"wp:featuredmedia":[{"embeddable":true,"href":"https:\/\/greenspells.com\/lt\/wp-json\/wp\/v2\/media\/1673133"}],"wp:attachment":[{"href":"https:\/\/greenspells.com\/lt\/wp-json\/wp\/v2\/media?parent=1673127"}],"wp:term":[{"taxonomy":"product_brand","embeddable":true,"href":"https:\/\/greenspells.com\/lt\/wp-json\/wp\/v2\/product_brand?post=1673127"},{"taxonomy":"product_cat","embeddable":true,"href":"https:\/\/greenspells.com\/lt\/wp-json\/wp\/v2\/product_cat?post=1673127"},{"taxonomy":"product_tag","embeddable":true,"href":"https:\/\/greenspells.com\/lt\/wp-json\/wp\/v2\/product_tag?post=1673127"}],"curies":[{"name":"wp","href":"https:\/\/api.w.org\/{rel}","templated":true}]}}