{"id":1673022,"date":"2023-10-01T07:11:23","date_gmt":"2023-10-01T05:11:23","guid":{"rendered":"https:\/\/greenspells.com\/?post_type=product&#038;p=1673022"},"modified":"2025-10-30T13:31:53","modified_gmt":"2025-10-30T11:31:53","slug":"eco-by-sonya-personal-outdoor-spray-citronella","status":"publish","type":"product","link":"https:\/\/greenspells.com\/lt\/produktas\/eco-by-sonya-personal-outdoor-spray-citronella\/","title":{"rendered":"ECO BY SONYA <br> Asmeninis kvapnus pur\u0161kiklis <br> CITRONELLA"},"content":{"rendered":"<p><span style=\"color: #000000; font-family: Lato, sans-serif; font-size: 16.1px;\">Nuostabus citrin\u0173, eukalipt\u0173, citronel\u0173, bazilik\u0173 aliejaus, citrin\u017eoli\u0173 ir kedr\u0173 medienos derinys.<\/span><\/p>\n<p><span style=\"color: #000000; font-family: Lato, sans-serif; font-size: 16.1px;\">Stovyklautoj\u0173 mylimiausias!<\/span><br style=\"box-sizing: border-box; margin: 0px; padding: 0px; vertical-align: baseline; -webkit-tap-highlight-color: transparent; color: #000000; font-family: Lato, sans-serif; font-size: 16.1px;\" \/><br style=\"box-sizing: border-box; margin: 0px; padding: 0px; vertical-align: baseline; -webkit-tap-highlight-color: transparent; color: #000000; font-family: Lato, sans-serif; font-size: 16.1px;\" \/><span style=\"color: #000000; font-family: Lato, sans-serif; font-size: 16.1px;\">Citronel\u0173 pur\u0161kiklis atgaivins k\u016bn\u0105, siel\u0105 ir kambar\u012f. Jis turi antibakterini\u0173 savybi\u0173, taip pat dr\u0117kinan\u010di\u0173 od\u0105 ingredient\u0173. Be joki\u0173 sintetini\u0173, agresyvi\u0173 sudedam\u0173j\u0173 dali\u0173. Tik tai, kas nat\u016bralu ir ekologi\u0161ka, i\u0161 motul\u0117s Gamtos.\nTinka veganams.<\/span><br style=\"box-sizing: border-box; margin: 0px; padding: 0px; vertical-align: baseline; -webkit-tap-highlight-color: transparent; color: #000000; font-family: Lato, sans-serif; font-size: 16.1px;\" \/><br style=\"box-sizing: border-box; margin: 0px; padding: 0px; vertical-align: baseline; -webkit-tap-highlight-color: transparent; color: #000000; font-family: Lato, sans-serif; font-size: 16.1px;\" \/><span style=\"color: #000000; font-family: Lato, sans-serif; font-size: 16.1px;\">Pur\u0161kiklis turi daugyb\u0119 panaudojimo b\u016bd\u0173 - j\u012f labai tinka purk\u0161telti ma\u0161inoje, kambariuose, vonioje. Taip pat puikiai maskuoja nemalonius kvapus sportiniuose krep\u0161iuose, b\u0117gimo bateliuose ir kt.<\/span><br style=\"box-sizing: border-box; margin: 0px; padding: 0px; vertical-align: baseline; -webkit-tap-highlight-color: transparent; color: #000000; font-family: Lato, sans-serif; font-size: 16.1px;\" \/><br style=\"box-sizing: border-box; margin: 0px; padding: 0px; vertical-align: baseline; -webkit-tap-highlight-color: transparent; color: #000000; font-family: Lato, sans-serif; font-size: 16.1px;\" \/><em><strong><span style=\"color: #000000; font-family: Lato, sans-serif; font-size: 16.1px;\">Pagrindiniai ingredientai:<\/span><\/strong><\/em><br style=\"box-sizing: border-box; margin: 0px; padding: 0px; vertical-align: baseline; -webkit-tap-highlight-color: transparent; color: #000000; font-family: Lato, sans-serif; font-size: 16.1px;\" \/><br style=\"box-sizing: border-box; margin: 0px; padding: 0px; vertical-align: baseline; -webkit-tap-highlight-color: transparent; color: #000000; font-family: Lato, sans-serif; font-size: 16.1px;\" \/><span style=\"color: #000000; font-family: Lato, sans-serif; font-size: 16.1px;\">- <strong>Citronela<\/strong> nepakartojamas, gaivus, \u012fkvepiantis eterinio aliejaus aromatas. Da\u017enai sutinkamas \u012fvairiuose  lauko pur\u0161kikliuose, puikiai tinka i\u0161kylaujantiems.<\/span><br style=\"box-sizing: border-box; margin: 0px; padding: 0px; vertical-align: baseline; -webkit-tap-highlight-color: transparent; color: #000000; font-family: Lato, sans-serif; font-size: 16.1px;\" \/><br style=\"box-sizing: border-box; margin: 0px; padding: 0px; vertical-align: baseline; -webkit-tap-highlight-color: transparent; color: #000000; font-family: Lato, sans-serif; font-size: 16.1px;\" \/><span style=\"color: #000000; font-family: Lato, sans-serif; font-size: 16.1px;\">- <strong>Alijo\u0161ius<\/strong> Giliai dr\u0117kina, maitina od\u0105, turi nat\u016brali\u0173 antibakterini\u0173, prie\u0161grybelini\u0173 savybi\u0173.<\/span><br style=\"box-sizing: border-box; margin: 0px; padding: 0px; vertical-align: baseline; -webkit-tap-highlight-color: transparent; color: #000000; font-family: Lato, sans-serif; font-size: 16.1px;\" \/><br style=\"box-sizing: border-box; margin: 0px; padding: 0px; vertical-align: baseline; -webkit-tap-highlight-color: transparent; color: #000000; font-family: Lato, sans-serif; font-size: 16.1px;\" \/><span style=\"color: #000000; font-family: Lato, sans-serif; font-size: 16.1px;\">- <strong>Arbatmed\u017eio aliejus<\/strong> Turi daug nauding\u0173 savybi\u0173 odai, stipri\u0173 antibakterini\u0173 savybi\u0173.<\/span><br style=\"box-sizing: border-box; margin: 0px; padding: 0px; vertical-align: baseline; -webkit-tap-highlight-color: transparent; color: #000000; font-family: Lato, sans-serif; font-size: 16.1px;\" \/><br style=\"box-sizing: border-box; margin: 0px; padding: 0px; vertical-align: baseline; -webkit-tap-highlight-color: transparent; color: #000000; font-family: Lato, sans-serif; font-size: 16.1px;\" \/><span style=\"color: #000000; font-family: Lato, sans-serif; font-size: 16.1px;\"><strong>PATARIMAS<\/strong>: Tur\u0117kite  automobilyje ir sporto krep\u0161yje!<\/span><br style=\"box-sizing: border-box; margin: 0px; padding: 0px; vertical-align: baseline; -webkit-tap-highlight-color: transparent; color: #000000; font-family: Lato, sans-serif; font-size: 16.1px;\" \/><br style=\"box-sizing: border-box; margin: 0px; padding: 0px; vertical-align: baseline; -webkit-tap-highlight-color: transparent; color: #000000; font-family: Lato, sans-serif; font-size: 16.1px;\" \/><span style=\"color: #000000; font-family: Lato, sans-serif; font-size: 16.1px;\">Produkto kiekis: 100ml<\/span><\/p>\n<p><em><strong>Kaip naudoti?<\/strong><\/em><\/p>\n<p>- Galima naudoti ant odos, drabu\u017ei\u0173 ar kambariui kv\u0117pinti.<\/p>\n<p>- Sporto krep\u0161iui, batams.<\/p>\n<p>- Naudokite kaip lauko pur\u0161kikl\u012f.<\/p>\n<p><strong>Patarimas:<\/strong>: gali b\u016bti naudojamas u\u017emaskuoti nemalonius bat\u0173, sporto krep\u0161i\u0173, namini\u0173 gyv\u016bn\u0173 kvapus.<\/p>\n<p><em><strong>Ingredientai<\/strong><\/em>:<\/p>\n<p style=\"box-sizing: border-box; margin-bottom: 10px; padding: 0px; vertical-align: baseline; -webkit-tap-highlight-color: transparent; border: 0px; color: #000000; font-family: Lato, sans-serif; font-size: 16.1px;\">Organic Aloe Vera Leaf Juice*, Organic Alcohol (Sugar Cane Derived)*, Natural Caprylyl\/Capryl Glucoside (Sugar Derived)**, Organic Peppermint Oil*, Organic Lemongrass Oil*, Organic Cedarwood Oil*, Organic Tea Tree Oil*, Organic Basil Oil*, Organic Clove Oil*, Organic Coriander Oil*, Organic Lemon Eucalyptus Oil*, Organic Citronella Oil*, Natural Sodium Cocoyl Glutamate (Plant Derived)**, Natural Glyceryl Caprylate (Vegetable Derived)**, Natural Polyglyceryl-6 Oleate (Vegetable Derived)**, Sodium Surfactin (Natural Preservative)**, Citric Acid (Citrusw Fruit Derived)**, Citral (Citrus Fruit Derived)**, Geraniol (Plant Derived)**, Eugenol (Plant Derived)**, Limonene (Fruit Derived)**, Linalool (Plant Derived)**, Citronellol (Plant Derived)**<\/p>\n<p style=\"box-sizing: border-box; margin-bottom: 10px; padding: 0px; vertical-align: baseline; -webkit-tap-highlight-color: transparent; border: 0px; color: #000000; font-family: Lato, sans-serif; font-size: 16.1px;\">\n<p style=\"box-sizing: border-box; margin-bottom: 10px; padding: 0px; vertical-align: baseline; -webkit-tap-highlight-color: transparent; border: 0px; color: #000000; font-family: Lato, sans-serif; font-size: 16.1px;\">ALL ingredients either *Organic or **Natural<\/p>\n<p style=\"box-sizing: border-box; margin-bottom: 10px; padding: 0px; vertical-align: baseline; -webkit-tap-highlight-color: transparent; border: 0px; color: #000000; font-family: Lato, sans-serif; font-size: 16.1px;\">\n<p style=\"box-sizing: border-box; margin-bottom: 10px; padding: 0px; vertical-align: baseline; -webkit-tap-highlight-color: transparent; border: 0px; color: #000000; font-family: Lato, sans-serif; font-size: 16.1px;\">NO Synthetic Fragrances, NO Animal Derivatives, NO Synthetic Ingredients, NO Food Colouring, NO PEGS, NO Parabens, NO SD Alcohol, NO Phthalates, NO Petrochemicals, NO Propylene Glycol, NO Phenoxyethanol, NO Artificial Dyes, NO SLS\/SLES, NO GMO\u2019S, NO Formaldehyde, NO Aluminium, NO Sulphates<\/p>\n<p style=\"box-sizing: border-box; margin-bottom: 10px; padding: 0px; vertical-align: baseline; -webkit-tap-highlight-color: transparent; border: 0px; color: #000000; font-family: Lato, sans-serif; font-size: 16.1px;\">\n<p style=\"box-sizing: border-box; margin-bottom: 10px; padding: 0px; vertical-align: baseline; -webkit-tap-highlight-color: transparent; border: 0px; color: #000000; font-family: Lato, sans-serif; font-size: 16.1px;\">AUSTRALIAN MADE COMPANY\u2013 CERTIFIED ORGANIC \u2013 VEGAN \u2013 NATURAL \u2013 CHOOSE CRUELTY FREE \u2013\u00a0 CERTIFIED TOXIC FREE \u2013 LICENSED by PETA<\/p>","protected":false},"excerpt":{"rendered":"<p>A breathtakingly brilliant organic concoction of lemon, eucalyptus, citronella, basil oil, lemongrass and cedar wood. Campers love me!Our Citronella Spray is a wonderfully refreshing body and room spray, that has antibacterial properties as well as ingredients to help hydrate and nourish skin. It is free from synthetic ingredients and harsh chemicals. Instead, it is made [&hellip;]<\/p>\n","protected":false},"featured_media":1673026,"comment_status":"open","ping_status":"closed","template":"","meta":{"content-type":"","_monsterinsights_skip_tracking":false,"_monsterinsights_sitenote_active":false,"_monsterinsights_sitenote_note":"","_monsterinsights_sitenote_category":0,"_uf_show_specific_survey":0,"_uf_disable_surveys":false},"product_brand":[1826],"product_cat":[1506,137,1512,1709,1369,1446,15],"product_tag":[1774,443,1775,1777,1773,1776,1778,1772],"class_list":{"0":"post-1673022","1":"product","2":"type-product","3":"status-publish","4":"has-post-thumbnail","6":"product_brand-eco-by-sonya","7":"product_cat-essential-oils","8":"product_cat-bath-and-body","9":"product_cat-kvapnios-dulksnos","10":"product_cat-namu-kvapai","11":"product_cat-other","12":"product_cat-other-2","13":"product_cat-all-products","14":"product_tag-citronella","15":"product_tag-eco-by-sonya","16":"product_tag-gaiviklis","17":"product_tag-gaivinantis-purskiklis","18":"product_tag-personal-outdoor-spray","19":"product_tag-purskiklis","20":"product_tag-sportiniam-krepsiui","21":"product_tag-spray","23":"first","24":"instock","25":"taxable","26":"shipping-taxable","27":"purchasable","28":"product-type-simple"},"bundled_by":[],"bundle_stock_status":"instock","bundle_stock_quantity":null,"bundle_virtual":false,"bundle_layout":"","bundle_add_to_cart_form_location":"","bundle_editable_in_cart":false,"bundle_sold_individually_context":"","bundle_item_grouping":"","bundle_min_size":"","bundle_max_size":"","bundle_price":[],"bundled_items":[],"bundle_sell_ids":[],"group_of_quantity":0,"min_quantity":0,"max_quantity":"","exclude_order_quantity_value_rules":"no","exclude_category_quantity_rules":"no","combine_variations":"no","exclude_global_add_ons":[],"addons":[],"yoast_head":"<!-- This site is optimized with the Yoast SEO plugin v27.4 - https:\/\/yoast.com\/product\/yoast-seo-wordpress\/ -->\n<title>ECO BY SONYA  Personal Outdoor Spray  CITRONELLA - Greenspells<\/title>\n<meta name=\"description\" content=\"A breathtakingly brilliant organic concoction of lemon, eucalyptus, citronella, basil oil, lemongrass and cedar wood - for you, gym bag, home - anytime!\" \/>\n<meta name=\"robots\" content=\"index, follow, max-snippet:-1, max-image-preview:large, max-video-preview:-1\" \/>\n<link rel=\"canonical\" href=\"https:\/\/greenspells.com\/lt\/produktas\/eco-by-sonya-personal-outdoor-spray-citronella\/\" \/>\n<meta property=\"og:locale\" content=\"lt_LT\" \/>\n<meta property=\"og:type\" content=\"article\" \/>\n<meta property=\"og:title\" content=\"ECO BY SONYA  Personal Outdoor Spray  CITRONELLA - Greenspells\" \/>\n<meta property=\"og:description\" content=\"A breathtakingly brilliant organic concoction of lemon, eucalyptus, citronella, basil oil, lemongrass and cedar wood - for you, gym bag, home - anytime!\" \/>\n<meta property=\"og:url\" content=\"https:\/\/greenspells.com\/lt\/produktas\/eco-by-sonya-personal-outdoor-spray-citronella\/\" \/>\n<meta property=\"og:site_name\" content=\"Greenspells\" \/>\n<meta property=\"article:publisher\" content=\"https:\/\/www.facebook.com\/Greenspells\" \/>\n<meta property=\"article:modified_time\" content=\"2025-10-30T11:31:53+00:00\" \/>\n<meta property=\"og:image\" content=\"https:\/\/greenspells.com\/wp-content\/uploads\/2023\/10\/EBSD_CitronellaOutdoorSpray_EtchedWebsiteImage_1.png\" \/>\n\t<meta property=\"og:image:width\" content=\"900\" \/>\n\t<meta property=\"og:image:height\" content=\"900\" \/>\n\t<meta property=\"og:image:type\" content=\"image\/png\" \/>\n<meta name=\"twitter:card\" content=\"summary_large_image\" \/>\n<meta name=\"twitter:label1\" content=\"Est. reading time\" \/>\n\t<meta name=\"twitter:data1\" content=\"2 minut\u0117s\" \/>\n<script type=\"application\/ld+json\" class=\"yoast-schema-graph\">{\"@context\":\"https:\\\/\\\/schema.org\",\"@graph\":[{\"@type\":\"WebPage\",\"@id\":\"https:\\\/\\\/greenspells.com\\\/product\\\/eco-by-sonya-personal-outdoor-spray-citronella\\\/\",\"url\":\"https:\\\/\\\/greenspells.com\\\/product\\\/eco-by-sonya-personal-outdoor-spray-citronella\\\/\",\"name\":\"ECO BY SONYA Personal Outdoor Spray CITRONELLA - Greenspells\",\"isPartOf\":{\"@id\":\"https:\\\/\\\/greenspells.com\\\/#website\"},\"primaryImageOfPage\":{\"@id\":\"https:\\\/\\\/greenspells.com\\\/product\\\/eco-by-sonya-personal-outdoor-spray-citronella\\\/#primaryimage\"},\"image\":{\"@id\":\"https:\\\/\\\/greenspells.com\\\/product\\\/eco-by-sonya-personal-outdoor-spray-citronella\\\/#primaryimage\"},\"thumbnailUrl\":\"https:\\\/\\\/i0.wp.com\\\/greenspells.com\\\/wp-content\\\/uploads\\\/2023\\\/10\\\/EBSD_CitronellaOutdoorSpray_EtchedWebsiteImage_1.png?fit=900%2C900&ssl=1\",\"datePublished\":\"2023-10-01T05:11:23+00:00\",\"dateModified\":\"2025-10-30T11:31:53+00:00\",\"description\":\"A breathtakingly brilliant organic concoction of lemon, eucalyptus, citronella, basil oil, lemongrass and cedar wood - for you, gym bag, home - anytime!\",\"breadcrumb\":{\"@id\":\"https:\\\/\\\/greenspells.com\\\/product\\\/eco-by-sonya-personal-outdoor-spray-citronella\\\/#breadcrumb\"},\"inLanguage\":\"lt-LT\",\"potentialAction\":[{\"@type\":\"ReadAction\",\"target\":[\"https:\\\/\\\/greenspells.com\\\/product\\\/eco-by-sonya-personal-outdoor-spray-citronella\\\/\"]}]},{\"@type\":\"ImageObject\",\"inLanguage\":\"lt-LT\",\"@id\":\"https:\\\/\\\/greenspells.com\\\/product\\\/eco-by-sonya-personal-outdoor-spray-citronella\\\/#primaryimage\",\"url\":\"https:\\\/\\\/i0.wp.com\\\/greenspells.com\\\/wp-content\\\/uploads\\\/2023\\\/10\\\/EBSD_CitronellaOutdoorSpray_EtchedWebsiteImage_1.png?fit=900%2C900&ssl=1\",\"contentUrl\":\"https:\\\/\\\/i0.wp.com\\\/greenspells.com\\\/wp-content\\\/uploads\\\/2023\\\/10\\\/EBSD_CitronellaOutdoorSpray_EtchedWebsiteImage_1.png?fit=900%2C900&ssl=1\",\"width\":900,\"height\":900},{\"@type\":\"BreadcrumbList\",\"@id\":\"https:\\\/\\\/greenspells.com\\\/product\\\/eco-by-sonya-personal-outdoor-spray-citronella\\\/#breadcrumb\",\"itemListElement\":[{\"@type\":\"ListItem\",\"position\":1,\"name\":\"Home\",\"item\":\"https:\\\/\\\/greenspells.com\\\/\"},{\"@type\":\"ListItem\",\"position\":2,\"name\":\"Shop\",\"item\":\"https:\\\/\\\/greenspells.com\\\/shop\\\/\"},{\"@type\":\"ListItem\",\"position\":3,\"name\":\"ECO BY SONYA Personal Outdoor Spray CITRONELLA\"}]},{\"@type\":\"WebSite\",\"@id\":\"https:\\\/\\\/greenspells.com\\\/#website\",\"url\":\"https:\\\/\\\/greenspells.com\\\/\",\"name\":\"Greenspells\",\"description\":\"Nat\u016brali ir ekologi\u0161ka kosmetika\",\"publisher\":{\"@id\":\"https:\\\/\\\/greenspells.com\\\/#organization\"},\"potentialAction\":[{\"@type\":\"SearchAction\",\"target\":{\"@type\":\"EntryPoint\",\"urlTemplate\":\"https:\\\/\\\/greenspells.com\\\/?s={search_term_string}\"},\"query-input\":{\"@type\":\"PropertyValueSpecification\",\"valueRequired\":true,\"valueName\":\"search_term_string\"}}],\"inLanguage\":\"lt-LT\"},{\"@type\":\"Organization\",\"@id\":\"https:\\\/\\\/greenspells.com\\\/#organization\",\"name\":\"Greenspells\",\"url\":\"https:\\\/\\\/greenspells.com\\\/\",\"logo\":{\"@type\":\"ImageObject\",\"inLanguage\":\"lt-LT\",\"@id\":\"https:\\\/\\\/greenspells.com\\\/#\\\/schema\\\/logo\\\/image\\\/\",\"url\":\"https:\\\/\\\/i0.wp.com\\\/greenspells.com\\\/wp-content\\\/uploads\\\/2020\\\/09\\\/20200722_153424_0000.png?fit=1500%2C1500&ssl=1\",\"contentUrl\":\"https:\\\/\\\/i0.wp.com\\\/greenspells.com\\\/wp-content\\\/uploads\\\/2020\\\/09\\\/20200722_153424_0000.png?fit=1500%2C1500&ssl=1\",\"width\":1500,\"height\":1500,\"caption\":\"Greenspells\"},\"image\":{\"@id\":\"https:\\\/\\\/greenspells.com\\\/#\\\/schema\\\/logo\\\/image\\\/\"},\"sameAs\":[\"https:\\\/\\\/www.facebook.com\\\/Greenspells\",\"https:\\\/\\\/www.instagram.com\\\/greenspells_store\\\/\"]}]}<\/script>\n<!-- \/ Yoast SEO plugin. -->","yoast_head_json":{"title":"ECO BY SONYA  Personal Outdoor Spray  CITRONELLA - Greenspells","description":"A breathtakingly brilliant organic concoction of lemon, eucalyptus, citronella, basil oil, lemongrass and cedar wood - for you, gym bag, home - anytime!","robots":{"index":"index","follow":"follow","max-snippet":"max-snippet:-1","max-image-preview":"max-image-preview:large","max-video-preview":"max-video-preview:-1"},"canonical":"https:\/\/greenspells.com\/lt\/produktas\/eco-by-sonya-personal-outdoor-spray-citronella\/","og_locale":"lt_LT","og_type":"article","og_title":"ECO BY SONYA  Personal Outdoor Spray  CITRONELLA - Greenspells","og_description":"A breathtakingly brilliant organic concoction of lemon, eucalyptus, citronella, basil oil, lemongrass and cedar wood - for you, gym bag, home - anytime!","og_url":"https:\/\/greenspells.com\/lt\/produktas\/eco-by-sonya-personal-outdoor-spray-citronella\/","og_site_name":"Greenspells","article_publisher":"https:\/\/www.facebook.com\/Greenspells","article_modified_time":"2025-10-30T11:31:53+00:00","og_image":[{"width":900,"height":900,"url":"https:\/\/greenspells.com\/wp-content\/uploads\/2023\/10\/EBSD_CitronellaOutdoorSpray_EtchedWebsiteImage_1.png","type":"image\/png"}],"twitter_card":"summary_large_image","twitter_misc":{"Est. reading time":"2 minut\u0117s"},"schema":{"@context":"https:\/\/schema.org","@graph":[{"@type":"WebPage","@id":"https:\/\/greenspells.com\/product\/eco-by-sonya-personal-outdoor-spray-citronella\/","url":"https:\/\/greenspells.com\/product\/eco-by-sonya-personal-outdoor-spray-citronella\/","name":"ECO BY SONYA Personal Outdoor Spray CITRONELLA - Greenspells","isPartOf":{"@id":"https:\/\/greenspells.com\/#website"},"primaryImageOfPage":{"@id":"https:\/\/greenspells.com\/product\/eco-by-sonya-personal-outdoor-spray-citronella\/#primaryimage"},"image":{"@id":"https:\/\/greenspells.com\/product\/eco-by-sonya-personal-outdoor-spray-citronella\/#primaryimage"},"thumbnailUrl":"https:\/\/i0.wp.com\/greenspells.com\/wp-content\/uploads\/2023\/10\/EBSD_CitronellaOutdoorSpray_EtchedWebsiteImage_1.png?fit=900%2C900&ssl=1","datePublished":"2023-10-01T05:11:23+00:00","dateModified":"2025-10-30T11:31:53+00:00","description":"A breathtakingly brilliant organic concoction of lemon, eucalyptus, citronella, basil oil, lemongrass and cedar wood - for you, gym bag, home - anytime!","breadcrumb":{"@id":"https:\/\/greenspells.com\/product\/eco-by-sonya-personal-outdoor-spray-citronella\/#breadcrumb"},"inLanguage":"lt-LT","potentialAction":[{"@type":"ReadAction","target":["https:\/\/greenspells.com\/product\/eco-by-sonya-personal-outdoor-spray-citronella\/"]}]},{"@type":"ImageObject","inLanguage":"lt-LT","@id":"https:\/\/greenspells.com\/product\/eco-by-sonya-personal-outdoor-spray-citronella\/#primaryimage","url":"https:\/\/i0.wp.com\/greenspells.com\/wp-content\/uploads\/2023\/10\/EBSD_CitronellaOutdoorSpray_EtchedWebsiteImage_1.png?fit=900%2C900&ssl=1","contentUrl":"https:\/\/i0.wp.com\/greenspells.com\/wp-content\/uploads\/2023\/10\/EBSD_CitronellaOutdoorSpray_EtchedWebsiteImage_1.png?fit=900%2C900&ssl=1","width":900,"height":900},{"@type":"BreadcrumbList","@id":"https:\/\/greenspells.com\/product\/eco-by-sonya-personal-outdoor-spray-citronella\/#breadcrumb","itemListElement":[{"@type":"ListItem","position":1,"name":"Home","item":"https:\/\/greenspells.com\/"},{"@type":"ListItem","position":2,"name":"Shop","item":"https:\/\/greenspells.com\/shop\/"},{"@type":"ListItem","position":3,"name":"ECO BY SONYA Personal Outdoor Spray CITRONELLA"}]},{"@type":"WebSite","@id":"https:\/\/greenspells.com\/#website","url":"https:\/\/greenspells.com\/","name":"Greenspells","description":"Nat\u016brali ir ekologi\u0161ka kosmetika","publisher":{"@id":"https:\/\/greenspells.com\/#organization"},"potentialAction":[{"@type":"SearchAction","target":{"@type":"EntryPoint","urlTemplate":"https:\/\/greenspells.com\/?s={search_term_string}"},"query-input":{"@type":"PropertyValueSpecification","valueRequired":true,"valueName":"search_term_string"}}],"inLanguage":"lt-LT"},{"@type":"Organization","@id":"https:\/\/greenspells.com\/#organization","name":"Greenspells","url":"https:\/\/greenspells.com\/","logo":{"@type":"ImageObject","inLanguage":"lt-LT","@id":"https:\/\/greenspells.com\/#\/schema\/logo\/image\/","url":"https:\/\/i0.wp.com\/greenspells.com\/wp-content\/uploads\/2020\/09\/20200722_153424_0000.png?fit=1500%2C1500&ssl=1","contentUrl":"https:\/\/i0.wp.com\/greenspells.com\/wp-content\/uploads\/2020\/09\/20200722_153424_0000.png?fit=1500%2C1500&ssl=1","width":1500,"height":1500,"caption":"Greenspells"},"image":{"@id":"https:\/\/greenspells.com\/#\/schema\/logo\/image\/"},"sameAs":["https:\/\/www.facebook.com\/Greenspells","https:\/\/www.instagram.com\/greenspells_store\/"]}]}},"jetpack_likes_enabled":true,"jetpack_sharing_enabled":true,"_links":{"self":[{"href":"https:\/\/greenspells.com\/lt\/wp-json\/wp\/v2\/product\/1673022","targetHints":{"allow":["GET"]}}],"collection":[{"href":"https:\/\/greenspells.com\/lt\/wp-json\/wp\/v2\/product"}],"about":[{"href":"https:\/\/greenspells.com\/lt\/wp-json\/wp\/v2\/types\/product"}],"replies":[{"embeddable":true,"href":"https:\/\/greenspells.com\/lt\/wp-json\/wp\/v2\/comments?post=1673022"}],"wp:featuredmedia":[{"embeddable":true,"href":"https:\/\/greenspells.com\/lt\/wp-json\/wp\/v2\/media\/1673026"}],"wp:attachment":[{"href":"https:\/\/greenspells.com\/lt\/wp-json\/wp\/v2\/media?parent=1673022"}],"wp:term":[{"taxonomy":"product_brand","embeddable":true,"href":"https:\/\/greenspells.com\/lt\/wp-json\/wp\/v2\/product_brand?post=1673022"},{"taxonomy":"product_cat","embeddable":true,"href":"https:\/\/greenspells.com\/lt\/wp-json\/wp\/v2\/product_cat?post=1673022"},{"taxonomy":"product_tag","embeddable":true,"href":"https:\/\/greenspells.com\/lt\/wp-json\/wp\/v2\/product_tag?post=1673022"}],"curies":[{"name":"wp","href":"https:\/\/api.w.org\/{rel}","templated":true}]}}