{"id":1673006,"date":"2023-09-25T11:42:46","date_gmt":"2023-09-25T09:42:46","guid":{"rendered":"https:\/\/greenspells.com\/?post_type=product&#038;p=1673006"},"modified":"2025-11-12T08:29:09","modified_gmt":"2025-11-12T06:29:09","slug":"eco-by-sonya-eye-cream-eye-compost","status":"publish","type":"product","link":"https:\/\/greenspells.com\/lt\/produktas\/eco-by-sonya-eye-cream-eye-compost\/","title":{"rendered":"ECO BY SONYA <br> Paaki\u0173 kremas <br> EYE COMPOST"},"content":{"rendered":"<p><span style=\"color: #000000; font-family: Lato, sans-serif; font-size: 16.1px;\">Nepaprastas paaki\u0173 kremas, su nepakartojamu, ekologi\u0161ku baku\u010dioliu (nat\u016brali alternatyva retinoliui)! Stangrina, skaistina, ypa\u010d patiks pavargusioms akims.<\/span><\/p>\n<p><span style=\"color: #000000; font-family: Lato, sans-serif; font-size: 16.1px;\">Stebuklingai veikia paaki\u0173 zon\u0105. \u0160i zona ne tik yra itin jautri, bet taip pat ir pirmoji, kurioje anks\u010diausiai oradeda matytis sen\u0117jimo po\u017eymiai. Kiekvienas ingredientas atid\u017eiai parinktas taip, kad skatint\u0173 kolageno gamyb\u0105, kovot\u0173 su rauk\u0161l\u0117mis. Turi tiek aktyvi\u0173 med\u017eiag\u0173, kiek turi serumai, ta\u010diau jo konsistencija - maloniai kremin\u0117.<\/span><br style=\"box-sizing: border-box; margin: 0px; padding: 0px; vertical-align: baseline; -webkit-tap-highlight-color: transparent; color: #000000; font-family: Lato, sans-serif; font-size: 16.1px;\" \/><br style=\"box-sizing: border-box; margin: 0px; padding: 0px; vertical-align: baseline; -webkit-tap-highlight-color: transparent; color: #000000; font-family: Lato, sans-serif; font-size: 16.1px;\" \/><span style=\"color: #000000; font-family: Lato, sans-serif; font-size: 16.1px;\">Pagrindiniai ingredientai:<\/span><br style=\"box-sizing: border-box; margin: 0px; padding: 0px; vertical-align: baseline; -webkit-tap-highlight-color: transparent; color: #000000; font-family: Lato, sans-serif; font-size: 16.1px;\" \/><br style=\"box-sizing: border-box; margin: 0px; padding: 0px; vertical-align: baseline; -webkit-tap-highlight-color: transparent; color: #000000; font-family: Lato, sans-serif; font-size: 16.1px;\" \/><span style=\"color: #000000; font-family: Lato, sans-serif; font-size: 16.1px;\">Baku\u010diolis - gamtos alternatyva retinoliui - padeda kovoti su rauk\u0161lel\u0117mis, pastebimai gerina odos elastingum\u0105, stangrum\u0105.<\/span><br style=\"box-sizing: border-box; margin: 0px; padding: 0px; vertical-align: baseline; -webkit-tap-highlight-color: transparent; color: #000000; font-family: Lato, sans-serif; font-size: 16.1px;\" \/><br style=\"box-sizing: border-box; margin: 0px; padding: 0px; vertical-align: baseline; -webkit-tap-highlight-color: transparent; color: #000000; font-family: Lato, sans-serif; font-size: 16.1px;\" \/><span style=\"color: #000000; font-family: Lato, sans-serif; font-size: 16.1px;\">Abrikos\u0173 aliejus turi labai daug A, C ir E Vitamin\u0173, suteikia \u0161vyt\u0117jimo ir mink\u0161tina. Stiprina apsaugin\u012f odos barjer\u0105, saugo l\u0105steles nuo \u017ealingo laisv\u0173j\u0173 radikal\u0173 poveikio.<\/span><br style=\"box-sizing: border-box; margin: 0px; padding: 0px; vertical-align: baseline; -webkit-tap-highlight-color: transparent; color: #000000; font-family: Lato, sans-serif; font-size: 16.1px;\" \/><br style=\"box-sizing: border-box; margin: 0px; padding: 0px; vertical-align: baseline; -webkit-tap-highlight-color: transparent; color: #000000; font-family: Lato, sans-serif; font-size: 16.1px;\" \/><span style=\"color: #000000; font-family: Lato, sans-serif; font-size: 16.1px;\">Kakadu slyva - did\u017eiausias pasaulyje Vitamino C \u0161altinis, saugo od\u0105 nuo laisv\u0173j\u0173 radikal\u0173 bei \u017ealingo j\u0173 poveikio.<\/span><br style=\"box-sizing: border-box; margin: 0px; padding: 0px; vertical-align: baseline; -webkit-tap-highlight-color: transparent; color: #000000; font-family: Lato, sans-serif; font-size: 16.1px;\" \/><br style=\"box-sizing: border-box; margin: 0px; padding: 0px; vertical-align: baseline; -webkit-tap-highlight-color: transparent; color: #000000; font-family: Lato, sans-serif; font-size: 16.1px;\" \/><span style=\"color: #000000; font-family: Lato, sans-serif; font-size: 16.1px;\">PATARIMAS: Po \u0161io paaki\u0173 kremo galite naudoti GLORY OIL, kartu jie puikiai dera ir vienas kit\u0105 papildo!<\/span><br style=\"box-sizing: border-box; margin: 0px; padding: 0px; vertical-align: baseline; -webkit-tap-highlight-color: transparent; color: #000000; font-family: Lato, sans-serif; font-size: 16.1px;\" \/><br style=\"box-sizing: border-box; margin: 0px; padding: 0px; vertical-align: baseline; -webkit-tap-highlight-color: transparent; color: #000000; font-family: Lato, sans-serif; font-size: 16.1px;\" \/><span style=\"color: #000000; font-family: Lato, sans-serif; font-size: 16.1px;\">18ml indelis.<\/span><\/p>\n<p><em><strong>Kaip naudoti?<\/strong><\/em><\/p>\n<p style=\"box-sizing: border-box; margin-bottom: 10px; padding: 0px; vertical-align: baseline; -webkit-tap-highlight-color: transparent; border: 0px; color: #000000; font-family: Lato, sans-serif; font-size: 16.1px;\">Kelis ma\u017eus la\u0161elius \u012fmasa\u017euokite \u012f od\u0105 aplink akis, kiekvien\u0105 ryt\u0105 ir vakar\u0105.<\/p>\n<p style=\"box-sizing: border-box; margin-bottom: 10px; padding: 0px; vertical-align: baseline; -webkit-tap-highlight-color: transparent; border: 0px; color: #000000; font-family: Lato, sans-serif; font-size: 16.1px;\">\u0160velniausiai paaki\u0173 produktai dengiasi bevard\u017eiais pir\u0161tais, jie sukuria ma\u017eiausiai spaudimo :)<\/p>\n<p>&nbsp;<\/p>\n<p><em><strong>Ingredientai<\/strong><\/em>:<\/p>\n<p style=\"box-sizing: border-box; margin-bottom: 10px; padding: 0px; vertical-align: baseline; -webkit-tap-highlight-color: transparent; border: 0px; color: #000000; font-family: Lato, sans-serif; font-size: 16.1px;\">Aloe Barbadensis (Aloe Vera) Leaf Juice*, Prunus Armeniaca (Organic Apricot) Kernel Oil*, Bakuchiol (Natural Retinol Alternative)**, Terminalia Ferdinandiana (Organic Kakadu Plum) Fruit Extract*, Sodium Hyaluronate (Natural Vegan)**, Tocopherol (Natural Vitamin E)**, Beta-Carotene (Natural Provitamin A)**, Glycerin (Organic Vegetable Derived)*, Lysolecithin (Plant Derived)**, Sclerotium Gum (Botanical Derived)**, Pullulan (Botanical Derived)**, Xanthan Gum (Sugar Derived)**, ALL Ingredients either *Organic or **Natural,<\/p>\n<p style=\"box-sizing: border-box; margin-bottom: 10px; padding: 0px; vertical-align: baseline; -webkit-tap-highlight-color: transparent; border: 0px; color: #000000; font-family: Lato, sans-serif; font-size: 16.1px;\">ALL ingredients either *Organic or **Natural<\/p>\n<p style=\"box-sizing: border-box; margin-bottom: 10px; padding: 0px; vertical-align: baseline; -webkit-tap-highlight-color: transparent; border: 0px; color: #000000; font-family: Lato, sans-serif; font-size: 16.1px;\">NO Synthetic Fragrances, NO Animal Derivatives, NO Synthetic Ingredients, NO Food Colouring, NO PEGS, NO Parabens, NO SD Alcohol, NO Phthalates, NO Petrochemicals, NO Propylene Glycol, NO Phenoxyethanol, NO Artificial Dyes, NO SLS\/SLES, NO GMO\u2019S, NO Formaldehyde, NO Aluminium, NO Sulphates<\/p>\n<p style=\"box-sizing: border-box; margin-bottom: 10px; padding: 0px; vertical-align: baseline; -webkit-tap-highlight-color: transparent; border: 0px; color: #000000; font-family: Lato, sans-serif; font-size: 16.1px;\">AUSTRALIAN MADE COMPANY\u2013 CERTIFIED ORGANIC \u2013 VEGAN \u2013 NATURAL \u2013 CHOOSE CRUELTY FREE \u2013\u00a0 CERTIFIED TOXIC FREE \u2013 LICENSED by PETA<\/p>","protected":false},"excerpt":{"rendered":"<p>Charged with the magnificent organic bakuchiol (nature&#8217;s alternative to retinol), this is no regular eye cream. Tightening, brightening, and miraculously formulated for tired eyes. This miracle formulated cream does wonders for the under eye area. Not only is the eye area super sensitive, it\u2019s also one of the first places to show signs of ageing. [&hellip;]<\/p>\n","protected":false},"featured_media":1673009,"comment_status":"open","ping_status":"closed","template":"","meta":{"content-type":"","_monsterinsights_skip_tracking":false,"_monsterinsights_sitenote_active":false,"_monsterinsights_sitenote_note":"","_monsterinsights_sitenote_category":0,"_uf_show_specific_survey":0,"_uf_disable_surveys":false},"product_brand":[1826],"product_cat":[138,1035,34,15],"product_tag":[1770,443,1769,188,996,1702,638,636],"class_list":{"0":"post-1673006","1":"product","2":"type-product","3":"status-publish","4":"has-post-thumbnail","6":"product_brand-eco-by-sonya","7":"product_cat-eye-zone","8":"product_cat-sale","9":"product_cat-skincare","10":"product_cat-all-products","11":"product_tag-akiu-kremas","12":"product_tag-eco-by-sonya","13":"product_tag-eye-compost","14":"product_tag-eye-cream","15":"product_tag-kremas-paakiams","16":"product_tag-natural-eye-cream","17":"product_tag-naturalus-kremas","18":"product_tag-paakiu-kremas","20":"first","21":"outofstock","22":"sale","23":"taxable","24":"shipping-taxable","25":"purchasable","26":"product-type-simple"},"bundled_by":[],"bundle_stock_status":"outofstock","bundle_stock_quantity":null,"bundle_virtual":false,"bundle_layout":"","bundle_add_to_cart_form_location":"","bundle_editable_in_cart":false,"bundle_sold_individually_context":"","bundle_item_grouping":"","bundle_min_size":"","bundle_max_size":"","bundle_price":[],"bundled_items":[],"bundle_sell_ids":[],"group_of_quantity":0,"min_quantity":0,"max_quantity":"","exclude_order_quantity_value_rules":"no","exclude_category_quantity_rules":"no","combine_variations":"no","exclude_global_add_ons":[],"addons":[],"yoast_head":"<!-- This site is optimized with the Yoast SEO plugin v27.4 - https:\/\/yoast.com\/product\/yoast-seo-wordpress\/ -->\n<title>ECO BY SONYA  Eye cream  EYE COMPOST - Greenspells<\/title>\n<meta name=\"description\" content=\"With organic bakuchiol (nature&#039;s alternative to retinol), this is no regular eye cream. Tightening, brightening, and miraculously formulated for tired eyes.\" \/>\n<meta name=\"robots\" content=\"index, follow, max-snippet:-1, max-image-preview:large, max-video-preview:-1\" \/>\n<link rel=\"canonical\" href=\"https:\/\/greenspells.com\/lt\/produktas\/eco-by-sonya-eye-cream-eye-compost\/\" \/>\n<meta property=\"og:locale\" content=\"lt_LT\" \/>\n<meta property=\"og:type\" content=\"article\" \/>\n<meta property=\"og:title\" content=\"ECO BY SONYA  Eye cream  EYE COMPOST - Greenspells\" \/>\n<meta property=\"og:description\" content=\"With organic bakuchiol (nature&#039;s alternative to retinol), this is no regular eye cream. Tightening, brightening, and miraculously formulated for tired eyes.\" \/>\n<meta property=\"og:url\" content=\"https:\/\/greenspells.com\/lt\/produktas\/eco-by-sonya-eye-cream-eye-compost\/\" \/>\n<meta property=\"og:site_name\" content=\"Greenspells\" \/>\n<meta property=\"article:publisher\" content=\"https:\/\/www.facebook.com\/Greenspells\" \/>\n<meta property=\"article:modified_time\" content=\"2025-11-12T06:29:09+00:00\" \/>\n<meta property=\"og:image\" content=\"https:\/\/greenspells.com\/wp-content\/uploads\/2023\/09\/EyeCompostApricotEyeCream_EBSD_website.png\" \/>\n\t<meta property=\"og:image:width\" content=\"900\" \/>\n\t<meta property=\"og:image:height\" content=\"900\" \/>\n\t<meta property=\"og:image:type\" content=\"image\/png\" \/>\n<meta name=\"twitter:card\" content=\"summary_large_image\" \/>\n<meta name=\"twitter:label1\" content=\"Est. reading time\" \/>\n\t<meta name=\"twitter:data1\" content=\"2 minut\u0117s\" \/>\n<script type=\"application\/ld+json\" class=\"yoast-schema-graph\">{\"@context\":\"https:\\\/\\\/schema.org\",\"@graph\":[{\"@type\":\"WebPage\",\"@id\":\"https:\\\/\\\/greenspells.com\\\/product\\\/eco-by-sonya-eye-cream-eye-compost\\\/\",\"url\":\"https:\\\/\\\/greenspells.com\\\/product\\\/eco-by-sonya-eye-cream-eye-compost\\\/\",\"name\":\"ECO BY SONYA Eye cream EYE COMPOST - Greenspells\",\"isPartOf\":{\"@id\":\"https:\\\/\\\/greenspells.com\\\/#website\"},\"primaryImageOfPage\":{\"@id\":\"https:\\\/\\\/greenspells.com\\\/product\\\/eco-by-sonya-eye-cream-eye-compost\\\/#primaryimage\"},\"image\":{\"@id\":\"https:\\\/\\\/greenspells.com\\\/product\\\/eco-by-sonya-eye-cream-eye-compost\\\/#primaryimage\"},\"thumbnailUrl\":\"https:\\\/\\\/i0.wp.com\\\/greenspells.com\\\/wp-content\\\/uploads\\\/2023\\\/09\\\/EyeCompostApricotEyeCream_EBSD_website.png?fit=900%2C900&ssl=1\",\"datePublished\":\"2023-09-25T09:42:46+00:00\",\"dateModified\":\"2025-11-12T06:29:09+00:00\",\"description\":\"With organic bakuchiol (nature's alternative to retinol), this is no regular eye cream. Tightening, brightening, and miraculously formulated for tired eyes.\",\"breadcrumb\":{\"@id\":\"https:\\\/\\\/greenspells.com\\\/product\\\/eco-by-sonya-eye-cream-eye-compost\\\/#breadcrumb\"},\"inLanguage\":\"lt-LT\",\"potentialAction\":[{\"@type\":\"ReadAction\",\"target\":[\"https:\\\/\\\/greenspells.com\\\/product\\\/eco-by-sonya-eye-cream-eye-compost\\\/\"]}]},{\"@type\":\"ImageObject\",\"inLanguage\":\"lt-LT\",\"@id\":\"https:\\\/\\\/greenspells.com\\\/product\\\/eco-by-sonya-eye-cream-eye-compost\\\/#primaryimage\",\"url\":\"https:\\\/\\\/i0.wp.com\\\/greenspells.com\\\/wp-content\\\/uploads\\\/2023\\\/09\\\/EyeCompostApricotEyeCream_EBSD_website.png?fit=900%2C900&ssl=1\",\"contentUrl\":\"https:\\\/\\\/i0.wp.com\\\/greenspells.com\\\/wp-content\\\/uploads\\\/2023\\\/09\\\/EyeCompostApricotEyeCream_EBSD_website.png?fit=900%2C900&ssl=1\",\"width\":900,\"height\":900},{\"@type\":\"BreadcrumbList\",\"@id\":\"https:\\\/\\\/greenspells.com\\\/product\\\/eco-by-sonya-eye-cream-eye-compost\\\/#breadcrumb\",\"itemListElement\":[{\"@type\":\"ListItem\",\"position\":1,\"name\":\"Home\",\"item\":\"https:\\\/\\\/greenspells.com\\\/\"},{\"@type\":\"ListItem\",\"position\":2,\"name\":\"Shop\",\"item\":\"https:\\\/\\\/greenspells.com\\\/shop\\\/\"},{\"@type\":\"ListItem\",\"position\":3,\"name\":\"ECO BY SONYA Eye cream EYE COMPOST\"}]},{\"@type\":\"WebSite\",\"@id\":\"https:\\\/\\\/greenspells.com\\\/#website\",\"url\":\"https:\\\/\\\/greenspells.com\\\/\",\"name\":\"Greenspells\",\"description\":\"Nat\u016brali ir ekologi\u0161ka kosmetika\",\"publisher\":{\"@id\":\"https:\\\/\\\/greenspells.com\\\/#organization\"},\"potentialAction\":[{\"@type\":\"SearchAction\",\"target\":{\"@type\":\"EntryPoint\",\"urlTemplate\":\"https:\\\/\\\/greenspells.com\\\/?s={search_term_string}\"},\"query-input\":{\"@type\":\"PropertyValueSpecification\",\"valueRequired\":true,\"valueName\":\"search_term_string\"}}],\"inLanguage\":\"lt-LT\"},{\"@type\":\"Organization\",\"@id\":\"https:\\\/\\\/greenspells.com\\\/#organization\",\"name\":\"Greenspells\",\"url\":\"https:\\\/\\\/greenspells.com\\\/\",\"logo\":{\"@type\":\"ImageObject\",\"inLanguage\":\"lt-LT\",\"@id\":\"https:\\\/\\\/greenspells.com\\\/#\\\/schema\\\/logo\\\/image\\\/\",\"url\":\"https:\\\/\\\/i0.wp.com\\\/greenspells.com\\\/wp-content\\\/uploads\\\/2020\\\/09\\\/20200722_153424_0000.png?fit=1500%2C1500&ssl=1\",\"contentUrl\":\"https:\\\/\\\/i0.wp.com\\\/greenspells.com\\\/wp-content\\\/uploads\\\/2020\\\/09\\\/20200722_153424_0000.png?fit=1500%2C1500&ssl=1\",\"width\":1500,\"height\":1500,\"caption\":\"Greenspells\"},\"image\":{\"@id\":\"https:\\\/\\\/greenspells.com\\\/#\\\/schema\\\/logo\\\/image\\\/\"},\"sameAs\":[\"https:\\\/\\\/www.facebook.com\\\/Greenspells\",\"https:\\\/\\\/www.instagram.com\\\/greenspells_store\\\/\"]}]}<\/script>\n<!-- \/ Yoast SEO plugin. -->","yoast_head_json":{"title":"ECO BY SONYA  Eye cream  EYE COMPOST - Greenspells","description":"With organic bakuchiol (nature's alternative to retinol), this is no regular eye cream. Tightening, brightening, and miraculously formulated for tired eyes.","robots":{"index":"index","follow":"follow","max-snippet":"max-snippet:-1","max-image-preview":"max-image-preview:large","max-video-preview":"max-video-preview:-1"},"canonical":"https:\/\/greenspells.com\/lt\/produktas\/eco-by-sonya-eye-cream-eye-compost\/","og_locale":"lt_LT","og_type":"article","og_title":"ECO BY SONYA  Eye cream  EYE COMPOST - Greenspells","og_description":"With organic bakuchiol (nature's alternative to retinol), this is no regular eye cream. Tightening, brightening, and miraculously formulated for tired eyes.","og_url":"https:\/\/greenspells.com\/lt\/produktas\/eco-by-sonya-eye-cream-eye-compost\/","og_site_name":"Greenspells","article_publisher":"https:\/\/www.facebook.com\/Greenspells","article_modified_time":"2025-11-12T06:29:09+00:00","og_image":[{"width":900,"height":900,"url":"https:\/\/greenspells.com\/wp-content\/uploads\/2023\/09\/EyeCompostApricotEyeCream_EBSD_website.png","type":"image\/png"}],"twitter_card":"summary_large_image","twitter_misc":{"Est. reading time":"2 minut\u0117s"},"schema":{"@context":"https:\/\/schema.org","@graph":[{"@type":"WebPage","@id":"https:\/\/greenspells.com\/product\/eco-by-sonya-eye-cream-eye-compost\/","url":"https:\/\/greenspells.com\/product\/eco-by-sonya-eye-cream-eye-compost\/","name":"ECO BY SONYA Eye cream EYE COMPOST - Greenspells","isPartOf":{"@id":"https:\/\/greenspells.com\/#website"},"primaryImageOfPage":{"@id":"https:\/\/greenspells.com\/product\/eco-by-sonya-eye-cream-eye-compost\/#primaryimage"},"image":{"@id":"https:\/\/greenspells.com\/product\/eco-by-sonya-eye-cream-eye-compost\/#primaryimage"},"thumbnailUrl":"https:\/\/i0.wp.com\/greenspells.com\/wp-content\/uploads\/2023\/09\/EyeCompostApricotEyeCream_EBSD_website.png?fit=900%2C900&ssl=1","datePublished":"2023-09-25T09:42:46+00:00","dateModified":"2025-11-12T06:29:09+00:00","description":"With organic bakuchiol (nature's alternative to retinol), this is no regular eye cream. Tightening, brightening, and miraculously formulated for tired eyes.","breadcrumb":{"@id":"https:\/\/greenspells.com\/product\/eco-by-sonya-eye-cream-eye-compost\/#breadcrumb"},"inLanguage":"lt-LT","potentialAction":[{"@type":"ReadAction","target":["https:\/\/greenspells.com\/product\/eco-by-sonya-eye-cream-eye-compost\/"]}]},{"@type":"ImageObject","inLanguage":"lt-LT","@id":"https:\/\/greenspells.com\/product\/eco-by-sonya-eye-cream-eye-compost\/#primaryimage","url":"https:\/\/i0.wp.com\/greenspells.com\/wp-content\/uploads\/2023\/09\/EyeCompostApricotEyeCream_EBSD_website.png?fit=900%2C900&ssl=1","contentUrl":"https:\/\/i0.wp.com\/greenspells.com\/wp-content\/uploads\/2023\/09\/EyeCompostApricotEyeCream_EBSD_website.png?fit=900%2C900&ssl=1","width":900,"height":900},{"@type":"BreadcrumbList","@id":"https:\/\/greenspells.com\/product\/eco-by-sonya-eye-cream-eye-compost\/#breadcrumb","itemListElement":[{"@type":"ListItem","position":1,"name":"Home","item":"https:\/\/greenspells.com\/"},{"@type":"ListItem","position":2,"name":"Shop","item":"https:\/\/greenspells.com\/shop\/"},{"@type":"ListItem","position":3,"name":"ECO BY SONYA Eye cream EYE COMPOST"}]},{"@type":"WebSite","@id":"https:\/\/greenspells.com\/#website","url":"https:\/\/greenspells.com\/","name":"Greenspells","description":"Nat\u016brali ir ekologi\u0161ka kosmetika","publisher":{"@id":"https:\/\/greenspells.com\/#organization"},"potentialAction":[{"@type":"SearchAction","target":{"@type":"EntryPoint","urlTemplate":"https:\/\/greenspells.com\/?s={search_term_string}"},"query-input":{"@type":"PropertyValueSpecification","valueRequired":true,"valueName":"search_term_string"}}],"inLanguage":"lt-LT"},{"@type":"Organization","@id":"https:\/\/greenspells.com\/#organization","name":"Greenspells","url":"https:\/\/greenspells.com\/","logo":{"@type":"ImageObject","inLanguage":"lt-LT","@id":"https:\/\/greenspells.com\/#\/schema\/logo\/image\/","url":"https:\/\/i0.wp.com\/greenspells.com\/wp-content\/uploads\/2020\/09\/20200722_153424_0000.png?fit=1500%2C1500&ssl=1","contentUrl":"https:\/\/i0.wp.com\/greenspells.com\/wp-content\/uploads\/2020\/09\/20200722_153424_0000.png?fit=1500%2C1500&ssl=1","width":1500,"height":1500,"caption":"Greenspells"},"image":{"@id":"https:\/\/greenspells.com\/#\/schema\/logo\/image\/"},"sameAs":["https:\/\/www.facebook.com\/Greenspells","https:\/\/www.instagram.com\/greenspells_store\/"]}]}},"jetpack_likes_enabled":true,"jetpack_sharing_enabled":true,"_links":{"self":[{"href":"https:\/\/greenspells.com\/lt\/wp-json\/wp\/v2\/product\/1673006","targetHints":{"allow":["GET"]}}],"collection":[{"href":"https:\/\/greenspells.com\/lt\/wp-json\/wp\/v2\/product"}],"about":[{"href":"https:\/\/greenspells.com\/lt\/wp-json\/wp\/v2\/types\/product"}],"replies":[{"embeddable":true,"href":"https:\/\/greenspells.com\/lt\/wp-json\/wp\/v2\/comments?post=1673006"}],"wp:featuredmedia":[{"embeddable":true,"href":"https:\/\/greenspells.com\/lt\/wp-json\/wp\/v2\/media\/1673009"}],"wp:attachment":[{"href":"https:\/\/greenspells.com\/lt\/wp-json\/wp\/v2\/media?parent=1673006"}],"wp:term":[{"taxonomy":"product_brand","embeddable":true,"href":"https:\/\/greenspells.com\/lt\/wp-json\/wp\/v2\/product_brand?post=1673006"},{"taxonomy":"product_cat","embeddable":true,"href":"https:\/\/greenspells.com\/lt\/wp-json\/wp\/v2\/product_cat?post=1673006"},{"taxonomy":"product_tag","embeddable":true,"href":"https:\/\/greenspells.com\/lt\/wp-json\/wp\/v2\/product_tag?post=1673006"}],"curies":[{"name":"wp","href":"https:\/\/api.w.org\/{rel}","templated":true}]}}