{"id":1672948,"date":"2023-09-18T11:58:55","date_gmt":"2023-09-18T09:58:55","guid":{"rendered":"https:\/\/greenspells.com\/?post_type=product&#038;p=1672948"},"modified":"2026-03-04T08:31:13","modified_gmt":"2026-03-04T06:31:13","slug":"eco-by-sonya-pink-himalayan-salt-scrub","status":"publish","type":"product","link":"https:\/\/greenspells.com\/lt\/produktas\/eco-by-sonya-pink-himalayan-salt-scrub\/","title":{"rendered":"ECO BY SONYA <br> \u0160veitiklis PINK HIMALAYAN Salt Scrub"},"content":{"rendered":"<p style=\"box-sizing: border-box; margin-bottom: 15px; text-rendering: optimizelegibility; color: #222323; font-family: lato, sans-serif; font-size: 14.4px; background-color: #feffff;\">Tai n\u0117ra tiesiog paprastas \u0161veitiklis. Jis daro tikrus stebuklus, puosel\u0117damas od\u0105 sud\u0117tyje esan\u010diais \u0161alto spaudimo aliejais! Giliai valo, pa\u0161alina negyvas odos l\u0105steles, prisotintas nuostabiu citrin\u017eoli\u0173, greipfrut\u0173 ir citrus\u0173 mi\u0161iniu.<\/p>\n<p style=\"box-sizing: border-box; margin-bottom: 15px; text-rendering: optimizelegibility; color: #222323; font-family: lato, sans-serif; font-size: 14.4px; background-color: #feffff;\">\u0160veitiklis PINK HIMALAYAN Salt Scrub\u00a0<span style=\"box-sizing: border-box; font-weight: bold;\">yra revoliucinis produktas<\/span>, tinkantis tiek k\u016bnui, tiek veidui. Su unikaliais, nat\u016braliais ir ekologi\u0161kais ingredientais, peln\u0119s daugyb\u0119 apdovanojim\u0173! Puikiai tinka pleiskanojan\u010diai, nie\u017etin\u010diai odai, padeda esant psoriazei, egzemai, dermatitui! Taip pat jis tobulas savaiminio \u012fdegio priemoni\u0173 partneris!<\/p>\n<p style=\"box-sizing: border-box; margin-bottom: 15px; text-rendering: optimizelegibility; color: #222323; font-family: lato, sans-serif; font-size: 14.4px; background-color: #feffff;\">Pagrindiniai ingredientai:<\/p>\n<p style=\"box-sizing: border-box; margin-bottom: 15px; text-rendering: optimizelegibility; color: #222323; font-family: lato, sans-serif; font-size: 14.4px; background-color: #feffff;\"><span style=\"box-sizing: border-box; font-weight: bold;\">Kokos\u0173 aliejus<\/span>\u00a0Suteikia odai dr\u0117gm\u0117s, maitina, nepalikdamas riebumo poj\u016b\u010dio<\/p>\n<p style=\"box-sizing: border-box; margin-bottom: 15px; text-rendering: optimizelegibility; color: #222323; font-family: lato, sans-serif; font-size: 14.4px; background-color: #feffff;\"><span style=\"box-sizing: border-box; font-weight: bold;\">Ro\u017ein\u0117 Himalaj\u0173 druska<\/span>\u00a0yra nat\u016bralus \u0161veitiklis, padedantis atsikratyti negyvo odos sluoksnio, prisotinantis od\u0105 mineralais<\/p>\n<p style=\"box-sizing: border-box; margin-bottom: 15px; text-rendering: optimizelegibility; color: #222323; font-family: lato, sans-serif; font-size: 14.4px; background-color: #feffff;\"><span style=\"box-sizing: border-box; font-weight: bold;\">Pipirm\u0117\u010di\u0173 aliejus<\/span>\u00a0nar\u016bralus odos valytojas, turintis antiseptini\u0173, antibakterini\u0173 savybi\u0173. Nuostabiai kvepia, suteikia gaivumo jausm\u0105.<\/p>\n<p style=\"box-sizing: border-box; margin-bottom: 15px; text-rendering: optimizelegibility; color: #222323; font-family: lato, sans-serif; font-size: 14.4px; background-color: #feffff;\"><span style=\"box-sizing: border-box; font-weight: bold;\">PATARIMAS: Puikiai tinka kartu su <a href=\"https:\/\/greenspells.com\/lt\/produktas\/eco-by-sonya-exfoliating-glove\/\">eksfolijuojan\u010dia pir\u0161tine<\/a> - pa\u0161alins sen\u0105 \u012fdeg\u012f bei negyv\u0105 od\u0105 vos per kelias sekundes.<\/span><\/p>\n<div id=\"accordionData\" style=\"box-sizing: border-box; color: #222323; font-family: lato, sans-serif; font-size: 14.4px; background-color: #feffff;\">\n<div id=\"productBadges\" class=\"row text-center\" style=\"box-sizing: border-box; display: flex; flex-wrap: wrap; margin-right: -15px; margin-left: -15px; text-align: center !important;\">\n<div class=\"col-3 my-4\" style=\"box-sizing: border-box; position: relative; width: 95.5px; padding-right: 15px; padding-left: 15px; flex: 0 0 25%; max-width: 25%; margin-top: 1.5rem !important; margin-bottom: 1.5rem !important;\">\n<div class=\"px-2 mx-auto\" style=\"box-sizing: border-box; padding-right: 0.5rem !important; padding-left: 0.5rem !important; margin-right: auto !important; margin-left: auto !important; max-width: 64px;\">\n<div class=\"squared\" style=\"box-sizing: border-box; position: relative; width: 48px; height: 0px; padding-bottom: 48px;\"><img data-recalc-dims=\"1\" decoding=\"async\" class=\"absPos\" style=\"box-sizing: border-box; vertical-align: middle; border: 0px none; position: absolute; top: 0px; left: 0px; width: 48px; height: 48px; object-fit: contain;\" src=\"https:\/\/i0.wp.com\/ecobysonyadriver.eu\/cdn\/shop\/files\/All_Skin_Types_69c3c2e5-dd42-498f-b5f0-bbc736ccbe8a_200x.png?w=980&#038;ssl=1\"   data-src=\"\/\/ecobysonyadriver.eu\/cdn\/shop\/files\/All_Skin_Types_69c3c2e5-dd42-498f-b5f0-bbc736ccbe8a_400x.png?v=1639434061\" \/><\/div>\n<\/div>\n<p><span class=\"d-block mt-2\" style=\"box-sizing: border-box; display: block !important; margin-top: 0.5rem !important; font-size: 10.08px;\">Visiems odos tipams<\/span><\/p>\n<\/div>\n<div class=\"col-3 my-4\" style=\"box-sizing: border-box; position: relative; width: 95.5px; padding-right: 15px; padding-left: 15px; flex: 0 0 25%; max-width: 25%; margin-top: 1.5rem !important; margin-bottom: 1.5rem !important;\">\n<div class=\"px-2 mx-auto\" style=\"box-sizing: border-box; padding-right: 0.5rem !important; padding-left: 0.5rem !important; margin-right: auto !important; margin-left: auto !important; max-width: 64px;\">\n<div class=\"squared\" style=\"box-sizing: border-box; position: relative; width: 48px; height: 0px; padding-bottom: 48px;\"><img data-recalc-dims=\"1\" decoding=\"async\" class=\"absPos\" style=\"box-sizing: border-box; vertical-align: middle; border: 0px none; position: absolute; top: 0px; left: 0px; width: 48px; height: 48px; object-fit: contain;\" src=\"https:\/\/i0.wp.com\/ecobysonyadriver.eu\/cdn\/shop\/files\/Winning_200x.png?w=980&#038;ssl=1\"   data-src=\"\/\/ecobysonyadriver.eu\/cdn\/shop\/files\/Winning_400x.png?v=1639433903\" \/><\/div>\n<\/div>\n<p><span class=\"d-block mt-2\" style=\"box-sizing: border-box; display: block !important; margin-top: 0.5rem !important; font-size: 10.08px;\">Award Winning<\/span><\/p>\n<\/div>\n<div class=\"col-3 my-4\" style=\"box-sizing: border-box; position: relative; width: 95.5px; padding-right: 15px; padding-left: 15px; flex: 0 0 25%; max-width: 25%; margin-top: 1.5rem !important; margin-bottom: 1.5rem !important;\">\n<div class=\"px-2 mx-auto\" style=\"box-sizing: border-box; padding-right: 0.5rem !important; padding-left: 0.5rem !important; margin-right: auto !important; margin-left: auto !important; max-width: 64px;\">\n<div class=\"squared\" style=\"box-sizing: border-box; position: relative; width: 48px; height: 0px; padding-bottom: 48px;\"><img data-recalc-dims=\"1\" decoding=\"async\" class=\"absPos\" style=\"box-sizing: border-box; vertical-align: middle; border: 0px none; position: absolute; top: 0px; left: 0px; width: 48px; height: 48px; object-fit: contain;\" src=\"https:\/\/i0.wp.com\/ecobysonyadriver.eu\/cdn\/shop\/files\/All_Natural_85836573-dfcd-40bc-9ee8-3a0d8465a961_200x.png?w=980&#038;ssl=1\"   data-src=\"\/\/ecobysonyadriver.eu\/cdn\/shop\/files\/All_Natural_85836573-dfcd-40bc-9ee8-3a0d8465a961_400x.png?v=1639434237\" \/><\/div>\n<\/div>\n<p><span class=\"d-block mt-2\" style=\"box-sizing: border-box; display: block !important; margin-top: 0.5rem !important; font-size: 10.08px;\">Nat\u016bralu<\/span><\/p>\n<\/div>\n<div class=\"col-3 my-4\" style=\"box-sizing: border-box; position: relative; width: 95.5px; padding-right: 15px; padding-left: 15px; flex: 0 0 25%; max-width: 25%; margin-top: 1.5rem !important; margin-bottom: 1.5rem !important;\">\n<div class=\"px-2 mx-auto\" style=\"box-sizing: border-box; padding-right: 0.5rem !important; padding-left: 0.5rem !important; margin-right: auto !important; margin-left: auto !important; max-width: 64px;\">\n<div class=\"squared\" style=\"box-sizing: border-box; position: relative; width: 48px; height: 0px; padding-bottom: 48px;\"><img data-recalc-dims=\"1\" decoding=\"async\" class=\"absPos\" style=\"box-sizing: border-box; vertical-align: middle; border: 0px none; position: absolute; top: 0px; left: 0px; width: 48px; height: 48px; object-fit: contain;\" src=\"https:\/\/i0.wp.com\/ecobysonyadriver.eu\/cdn\/shop\/files\/No_Nasties_de96bd8c-b3d0-43d5-9392-7622825cc3fb_200x.png?w=980&#038;ssl=1\"   data-src=\"\/\/ecobysonyadriver.eu\/cdn\/shop\/files\/No_Nasties_de96bd8c-b3d0-43d5-9392-7622825cc3fb_400x.png?v=1639434487\" \/><\/div>\n<\/div>\n<p><span class=\"d-block mt-2\" style=\"box-sizing: border-box; display: block !important; margin-top: 0.5rem !important; font-size: 10.08px;\">Be bjauri\u0173 ingredient\u0173<\/span><\/p>\n<\/div>\n<\/div>\n<div>PATARIMAS 2: \u012emasa\u017euokite dosniai \u012f galvos od\u0105 - i\u0161valysite, atgaivinsite od\u0105, pad\u0117s turint pleiskan\u0173.<\/div>\n<\/div>\n<div><\/div>\n<div><em><strong>Ingredientai<\/strong><\/em>:<\/div>\n<div><\/div>\n<div>\n<p>Maris Sal (Pink Himalayan Salt)**, Macadamia Ternifolia (Organic Macadamia) Seed Oil*, Cocos Nucifera (Organic Coconut) Oil*, Glyceryl Stearate (Root Vegetable Derived)**, Butyrospermum Parkii (Organic Shea Butter)*, Sodium Lauroyl Lactylate (Plant Derived)**, Citrus Paradisi (Organic Pink Grapefruit) Essential Oil*, Cymbopogon Flexuosus (Organic Lemongrass) Oil*, Mentha Piperita (Organic Peppermint) Oil*, Tocopherol (Natural Vitamin E)**, Glyceryl Caprylate (Root Vegetable Derived)**, Citral (Citrus Fruit Derived)**, Geraniol (Plant Derived)**, d- Limonene (Citrus Fruit Derived)**, Linalool (Plant Derived)** ALL ingredients either *Organic or **Natural<\/p>\n<p>NO Synthetic Fragrances, NO Animal Derivatives, NO Synthetic Ingredients, NO Food Colouring, NO PEGS, NO\u00a0Parabens, NO SD Alcohol, NO Phthalates, NO Petrochemicals, NO Propylene Glycol, NO Phenoxyethanol, NO Artificial Dyes, NO SLS\/SLES, NO GMO\u2019S, NO Formaldehyde, NO\u00a0Aluminium, NO Sulphates<\/p>\n<p>This product is 250g in size.<\/p>\n<\/div>","protected":false},"excerpt":{"rendered":"<p>This is not just any scrub. It creates a seemingly magical process of transformation with its beautiful, cold pressed oils. It deeply removes dead skin layers whilst drenching your skin in a beautiful blend of lemongrass, grapefruit and citrus botanicals. Pink Himalayan Salt Scrub\u00a0is a\u00a0revolutionary exfoliating scrub, perfect for both body and face. With a [&hellip;]<\/p>\n","protected":false},"featured_media":1672951,"comment_status":"open","ping_status":"closed","template":"","meta":{"content-type":"","_monsterinsights_skip_tracking":false,"_monsterinsights_sitenote_active":false,"_monsterinsights_sitenote_note":"","_monsterinsights_sitenote_category":0,"_uf_show_specific_survey":0,"_uf_disable_surveys":false},"product_brand":[1826],"product_cat":[137,140,20,34,15],"product_tag":[76,443,805,652,642,1048,651],"class_list":{"0":"post-1672948","1":"product","2":"type-product","3":"status-publish","4":"has-post-thumbnail","6":"product_brand-eco-by-sonya","7":"product_cat-bath-and-body","8":"product_cat-shower-and-bath","9":"product_cat-cleansers-and-exfoliators","10":"product_cat-skincare","11":"product_cat-all-products","12":"product_tag-body-scrub","13":"product_tag-eco-by-sonya","14":"product_tag-egzema","15":"product_tag-kuno-sveitiklis","16":"product_tag-naturalus-sveitiklis","17":"product_tag-pylingas","18":"product_tag-sveitiklis-kunui","20":"first","21":"instock","22":"taxable","23":"shipping-taxable","24":"purchasable","25":"product-type-simple"},"bundled_by":[],"bundle_stock_status":"instock","bundle_stock_quantity":null,"bundle_virtual":false,"bundle_layout":"","bundle_add_to_cart_form_location":"","bundle_editable_in_cart":false,"bundle_sold_individually_context":"","bundle_item_grouping":"","bundle_min_size":"","bundle_max_size":"","bundle_price":[],"bundled_items":[],"bundle_sell_ids":[],"group_of_quantity":0,"min_quantity":0,"max_quantity":"","exclude_order_quantity_value_rules":"no","exclude_category_quantity_rules":"no","combine_variations":"no","exclude_global_add_ons":[],"addons":[],"yoast_head":"<!-- This site is optimized with the Yoast SEO plugin v27.5 - https:\/\/yoast.com\/product\/yoast-seo-wordpress\/ -->\n<title>ECO BY SONYA  Pink Himalayan Salt Scrub - Greenspells<\/title>\n<meta name=\"description\" content=\"Revolutionary exfoliating scrub, perfect for both body and face. With a unique blend of natural and certified organic ingredients.\u00a0\" \/>\n<meta name=\"robots\" content=\"index, follow, max-snippet:-1, max-image-preview:large, max-video-preview:-1\" \/>\n<link rel=\"canonical\" href=\"https:\/\/greenspells.com\/lt\/produktas\/eco-by-sonya-pink-himalayan-salt-scrub\/\" \/>\n<meta property=\"og:locale\" content=\"lt_LT\" \/>\n<meta property=\"og:type\" content=\"article\" \/>\n<meta property=\"og:title\" content=\"ECO BY SONYA  Pink Himalayan Salt Scrub - Greenspells\" \/>\n<meta property=\"og:description\" content=\"Revolutionary exfoliating scrub, perfect for both body and face. With a unique blend of natural and certified organic ingredients.\u00a0\" \/>\n<meta property=\"og:url\" content=\"https:\/\/greenspells.com\/lt\/produktas\/eco-by-sonya-pink-himalayan-salt-scrub\/\" \/>\n<meta property=\"og:site_name\" content=\"Greenspells\" \/>\n<meta property=\"article:publisher\" content=\"https:\/\/www.facebook.com\/Greenspells\" \/>\n<meta property=\"article:modified_time\" content=\"2026-03-04T06:31:13+00:00\" \/>\n<meta property=\"og:image\" content=\"https:\/\/greenspells.com\/wp-content\/uploads\/2023\/09\/EBSD_PinkHimalayanSaltScrub_Website_1080x.png\" \/>\n\t<meta property=\"og:image:width\" content=\"1080\" \/>\n\t<meta property=\"og:image:height\" content=\"1080\" \/>\n\t<meta property=\"og:image:type\" content=\"image\/png\" \/>\n<meta name=\"twitter:card\" content=\"summary_large_image\" \/>\n<meta name=\"twitter:label1\" content=\"Est. reading time\" \/>\n\t<meta name=\"twitter:data1\" content=\"3 minut\u0117s\" \/>\n<script type=\"application\/ld+json\" class=\"yoast-schema-graph\">{\"@context\":\"https:\\\/\\\/schema.org\",\"@graph\":[{\"@type\":\"WebPage\",\"@id\":\"https:\\\/\\\/greenspells.com\\\/product\\\/eco-by-sonya-pink-himalayan-salt-scrub\\\/\",\"url\":\"https:\\\/\\\/greenspells.com\\\/product\\\/eco-by-sonya-pink-himalayan-salt-scrub\\\/\",\"name\":\"ECO BY SONYA Pink Himalayan Salt Scrub - Greenspells\",\"isPartOf\":{\"@id\":\"https:\\\/\\\/greenspells.com\\\/#website\"},\"primaryImageOfPage\":{\"@id\":\"https:\\\/\\\/greenspells.com\\\/product\\\/eco-by-sonya-pink-himalayan-salt-scrub\\\/#primaryimage\"},\"image\":{\"@id\":\"https:\\\/\\\/greenspells.com\\\/product\\\/eco-by-sonya-pink-himalayan-salt-scrub\\\/#primaryimage\"},\"thumbnailUrl\":\"https:\\\/\\\/i0.wp.com\\\/greenspells.com\\\/wp-content\\\/uploads\\\/2023\\\/09\\\/EBSD_PinkHimalayanSaltScrub_Website_1080x.png?fit=1080%2C1080&ssl=1\",\"datePublished\":\"2023-09-18T09:58:55+00:00\",\"dateModified\":\"2026-03-04T06:31:13+00:00\",\"description\":\"Revolutionary exfoliating scrub, perfect for both body and face. With a unique blend of natural and certified organic ingredients.\u00a0\",\"breadcrumb\":{\"@id\":\"https:\\\/\\\/greenspells.com\\\/product\\\/eco-by-sonya-pink-himalayan-salt-scrub\\\/#breadcrumb\"},\"inLanguage\":\"lt-LT\",\"potentialAction\":[{\"@type\":\"ReadAction\",\"target\":[\"https:\\\/\\\/greenspells.com\\\/product\\\/eco-by-sonya-pink-himalayan-salt-scrub\\\/\"]}]},{\"@type\":\"ImageObject\",\"inLanguage\":\"lt-LT\",\"@id\":\"https:\\\/\\\/greenspells.com\\\/product\\\/eco-by-sonya-pink-himalayan-salt-scrub\\\/#primaryimage\",\"url\":\"https:\\\/\\\/i0.wp.com\\\/greenspells.com\\\/wp-content\\\/uploads\\\/2023\\\/09\\\/EBSD_PinkHimalayanSaltScrub_Website_1080x.png?fit=1080%2C1080&ssl=1\",\"contentUrl\":\"https:\\\/\\\/i0.wp.com\\\/greenspells.com\\\/wp-content\\\/uploads\\\/2023\\\/09\\\/EBSD_PinkHimalayanSaltScrub_Website_1080x.png?fit=1080%2C1080&ssl=1\",\"width\":1080,\"height\":1080},{\"@type\":\"BreadcrumbList\",\"@id\":\"https:\\\/\\\/greenspells.com\\\/product\\\/eco-by-sonya-pink-himalayan-salt-scrub\\\/#breadcrumb\",\"itemListElement\":[{\"@type\":\"ListItem\",\"position\":1,\"name\":\"Home\",\"item\":\"https:\\\/\\\/greenspells.com\\\/\"},{\"@type\":\"ListItem\",\"position\":2,\"name\":\"Shop\",\"item\":\"https:\\\/\\\/greenspells.com\\\/shop\\\/\"},{\"@type\":\"ListItem\",\"position\":3,\"name\":\"ECO BY SONYA Pink Himalayan Salt Scrub\"}]},{\"@type\":\"WebSite\",\"@id\":\"https:\\\/\\\/greenspells.com\\\/#website\",\"url\":\"https:\\\/\\\/greenspells.com\\\/\",\"name\":\"Greenspells\",\"description\":\"Nat\u016brali ir ekologi\u0161ka kosmetika\",\"publisher\":{\"@id\":\"https:\\\/\\\/greenspells.com\\\/#organization\"},\"potentialAction\":[{\"@type\":\"SearchAction\",\"target\":{\"@type\":\"EntryPoint\",\"urlTemplate\":\"https:\\\/\\\/greenspells.com\\\/?s={search_term_string}\"},\"query-input\":{\"@type\":\"PropertyValueSpecification\",\"valueRequired\":true,\"valueName\":\"search_term_string\"}}],\"inLanguage\":\"lt-LT\"},{\"@type\":\"Organization\",\"@id\":\"https:\\\/\\\/greenspells.com\\\/#organization\",\"name\":\"Greenspells\",\"url\":\"https:\\\/\\\/greenspells.com\\\/\",\"logo\":{\"@type\":\"ImageObject\",\"inLanguage\":\"lt-LT\",\"@id\":\"https:\\\/\\\/greenspells.com\\\/#\\\/schema\\\/logo\\\/image\\\/\",\"url\":\"https:\\\/\\\/i0.wp.com\\\/greenspells.com\\\/wp-content\\\/uploads\\\/2020\\\/09\\\/20200722_153424_0000.png?fit=1500%2C1500&ssl=1\",\"contentUrl\":\"https:\\\/\\\/i0.wp.com\\\/greenspells.com\\\/wp-content\\\/uploads\\\/2020\\\/09\\\/20200722_153424_0000.png?fit=1500%2C1500&ssl=1\",\"width\":1500,\"height\":1500,\"caption\":\"Greenspells\"},\"image\":{\"@id\":\"https:\\\/\\\/greenspells.com\\\/#\\\/schema\\\/logo\\\/image\\\/\"},\"sameAs\":[\"https:\\\/\\\/www.facebook.com\\\/Greenspells\",\"https:\\\/\\\/www.instagram.com\\\/greenspells_store\\\/\"]}]}<\/script>\n<!-- \/ Yoast SEO plugin. -->","yoast_head_json":{"title":"ECO BY SONYA  Pink Himalayan Salt Scrub - Greenspells","description":"Revolutionary exfoliating scrub, perfect for both body and face. With a unique blend of natural and certified organic ingredients.\u00a0","robots":{"index":"index","follow":"follow","max-snippet":"max-snippet:-1","max-image-preview":"max-image-preview:large","max-video-preview":"max-video-preview:-1"},"canonical":"https:\/\/greenspells.com\/lt\/produktas\/eco-by-sonya-pink-himalayan-salt-scrub\/","og_locale":"lt_LT","og_type":"article","og_title":"ECO BY SONYA  Pink Himalayan Salt Scrub - Greenspells","og_description":"Revolutionary exfoliating scrub, perfect for both body and face. With a unique blend of natural and certified organic ingredients.\u00a0","og_url":"https:\/\/greenspells.com\/lt\/produktas\/eco-by-sonya-pink-himalayan-salt-scrub\/","og_site_name":"Greenspells","article_publisher":"https:\/\/www.facebook.com\/Greenspells","article_modified_time":"2026-03-04T06:31:13+00:00","og_image":[{"width":1080,"height":1080,"url":"https:\/\/greenspells.com\/wp-content\/uploads\/2023\/09\/EBSD_PinkHimalayanSaltScrub_Website_1080x.png","type":"image\/png"}],"twitter_card":"summary_large_image","twitter_misc":{"Est. reading time":"3 minut\u0117s"},"schema":{"@context":"https:\/\/schema.org","@graph":[{"@type":"WebPage","@id":"https:\/\/greenspells.com\/product\/eco-by-sonya-pink-himalayan-salt-scrub\/","url":"https:\/\/greenspells.com\/product\/eco-by-sonya-pink-himalayan-salt-scrub\/","name":"ECO BY SONYA Pink Himalayan Salt Scrub - Greenspells","isPartOf":{"@id":"https:\/\/greenspells.com\/#website"},"primaryImageOfPage":{"@id":"https:\/\/greenspells.com\/product\/eco-by-sonya-pink-himalayan-salt-scrub\/#primaryimage"},"image":{"@id":"https:\/\/greenspells.com\/product\/eco-by-sonya-pink-himalayan-salt-scrub\/#primaryimage"},"thumbnailUrl":"https:\/\/i0.wp.com\/greenspells.com\/wp-content\/uploads\/2023\/09\/EBSD_PinkHimalayanSaltScrub_Website_1080x.png?fit=1080%2C1080&ssl=1","datePublished":"2023-09-18T09:58:55+00:00","dateModified":"2026-03-04T06:31:13+00:00","description":"Revolutionary exfoliating scrub, perfect for both body and face. With a unique blend of natural and certified organic ingredients.\u00a0","breadcrumb":{"@id":"https:\/\/greenspells.com\/product\/eco-by-sonya-pink-himalayan-salt-scrub\/#breadcrumb"},"inLanguage":"lt-LT","potentialAction":[{"@type":"ReadAction","target":["https:\/\/greenspells.com\/product\/eco-by-sonya-pink-himalayan-salt-scrub\/"]}]},{"@type":"ImageObject","inLanguage":"lt-LT","@id":"https:\/\/greenspells.com\/product\/eco-by-sonya-pink-himalayan-salt-scrub\/#primaryimage","url":"https:\/\/i0.wp.com\/greenspells.com\/wp-content\/uploads\/2023\/09\/EBSD_PinkHimalayanSaltScrub_Website_1080x.png?fit=1080%2C1080&ssl=1","contentUrl":"https:\/\/i0.wp.com\/greenspells.com\/wp-content\/uploads\/2023\/09\/EBSD_PinkHimalayanSaltScrub_Website_1080x.png?fit=1080%2C1080&ssl=1","width":1080,"height":1080},{"@type":"BreadcrumbList","@id":"https:\/\/greenspells.com\/product\/eco-by-sonya-pink-himalayan-salt-scrub\/#breadcrumb","itemListElement":[{"@type":"ListItem","position":1,"name":"Home","item":"https:\/\/greenspells.com\/"},{"@type":"ListItem","position":2,"name":"Shop","item":"https:\/\/greenspells.com\/shop\/"},{"@type":"ListItem","position":3,"name":"ECO BY SONYA Pink Himalayan Salt Scrub"}]},{"@type":"WebSite","@id":"https:\/\/greenspells.com\/#website","url":"https:\/\/greenspells.com\/","name":"Greenspells","description":"Nat\u016brali ir ekologi\u0161ka kosmetika","publisher":{"@id":"https:\/\/greenspells.com\/#organization"},"potentialAction":[{"@type":"SearchAction","target":{"@type":"EntryPoint","urlTemplate":"https:\/\/greenspells.com\/?s={search_term_string}"},"query-input":{"@type":"PropertyValueSpecification","valueRequired":true,"valueName":"search_term_string"}}],"inLanguage":"lt-LT"},{"@type":"Organization","@id":"https:\/\/greenspells.com\/#organization","name":"Greenspells","url":"https:\/\/greenspells.com\/","logo":{"@type":"ImageObject","inLanguage":"lt-LT","@id":"https:\/\/greenspells.com\/#\/schema\/logo\/image\/","url":"https:\/\/i0.wp.com\/greenspells.com\/wp-content\/uploads\/2020\/09\/20200722_153424_0000.png?fit=1500%2C1500&ssl=1","contentUrl":"https:\/\/i0.wp.com\/greenspells.com\/wp-content\/uploads\/2020\/09\/20200722_153424_0000.png?fit=1500%2C1500&ssl=1","width":1500,"height":1500,"caption":"Greenspells"},"image":{"@id":"https:\/\/greenspells.com\/#\/schema\/logo\/image\/"},"sameAs":["https:\/\/www.facebook.com\/Greenspells","https:\/\/www.instagram.com\/greenspells_store\/"]}]}},"jetpack_likes_enabled":true,"jetpack_sharing_enabled":true,"_links":{"self":[{"href":"https:\/\/greenspells.com\/lt\/wp-json\/wp\/v2\/product\/1672948","targetHints":{"allow":["GET"]}}],"collection":[{"href":"https:\/\/greenspells.com\/lt\/wp-json\/wp\/v2\/product"}],"about":[{"href":"https:\/\/greenspells.com\/lt\/wp-json\/wp\/v2\/types\/product"}],"replies":[{"embeddable":true,"href":"https:\/\/greenspells.com\/lt\/wp-json\/wp\/v2\/comments?post=1672948"}],"wp:featuredmedia":[{"embeddable":true,"href":"https:\/\/greenspells.com\/lt\/wp-json\/wp\/v2\/media\/1672951"}],"wp:attachment":[{"href":"https:\/\/greenspells.com\/lt\/wp-json\/wp\/v2\/media?parent=1672948"}],"wp:term":[{"taxonomy":"product_brand","embeddable":true,"href":"https:\/\/greenspells.com\/lt\/wp-json\/wp\/v2\/product_brand?post=1672948"},{"taxonomy":"product_cat","embeddable":true,"href":"https:\/\/greenspells.com\/lt\/wp-json\/wp\/v2\/product_cat?post=1672948"},{"taxonomy":"product_tag","embeddable":true,"href":"https:\/\/greenspells.com\/lt\/wp-json\/wp\/v2\/product_tag?post=1672948"}],"curies":[{"name":"wp","href":"https:\/\/api.w.org\/{rel}","templated":true}]}}