{"id":1672914,"date":"2023-09-16T12:29:58","date_gmt":"2023-09-16T10:29:58","guid":{"rendered":"https:\/\/greenspells.com\/?post_type=product&#038;p=1672914"},"modified":"2025-08-04T09:24:39","modified_gmt":"2025-08-04T07:24:39","slug":"eco-by-sonya-luxurious-double-sided-tan-applicator-mitt","status":"publish","type":"product","link":"https:\/\/greenspells.com\/lt\/produktas\/eco-by-sonya-luxurious-double-sided-tan-applicator-mitt\/","title":{"rendered":"ECO BY SONYA <br> Prabangi, dvipus\u0117 pir\u0161tin\u0117 <br> Savaiminio \u012fdegio priemon\u0117ms"},"content":{"rendered":"<p style=\"box-sizing: border-box; margin-bottom: 15px; text-rendering: optimizelegibility; color: #222323; font-family: lato, sans-serif; font-size: 14.4px; background-color: #feffff;\">Dvi pir\u0161tin\u0117s pus\u0117s: lygioji yra glotni, nepor\u0117ta, tad skirta \u012fdegio vandenims. Antroji pus\u0117, tekst\u016bruota - kremams ir putoms! \u0160i pir\u0161tin\u0117 - geriausia savaiminio \u012fdegio priemoni\u0173 draug\u0117!<\/p>\n<p style=\"box-sizing: border-box; margin-bottom: 15px; text-rendering: optimizelegibility; color: #222323; font-family: lato, sans-serif; font-size: 14.4px; background-color: #feffff;\">Pagaminta i\u0161 nat\u016brali\u0173, perdirbam\u0173 med\u017eiag\u0173. Daugkartiniam naudojimui, papras\u010diausiai po naudojimo i\u0161plaukite rankomis.<\/p>\n<p><span style=\"box-sizing: border-box; color: #222323; font-family: lato, sans-serif; font-size: 14.4px; background-color: #feffff;\">Kai kalbame apie\u00a0<\/span><span style=\"box-sizing: border-box; color: #222323; font-family: lato, sans-serif; font-size: 14.4px; background-color: #feffff;\">tolyg\u0173 \u012fdeg\u012f,<\/span><span style=\"box-sizing: border-box; color: #222323; font-family: lato, sans-serif; font-size: 14.4px; background-color: #feffff;\">\u00a0Ir\u00a0<\/span><span style=\"box-sizing: border-box; color: #222323; font-family: lato, sans-serif; font-size: 14.4px; background-color: #feffff;\">be dry\u017ei\u0173<\/span><span style=\"box-sizing: border-box; color: #222323; font-family: lato, sans-serif; font-size: 14.4px; background-color: #feffff;\">- \u0161i pir\u0161tin\u0117 yra nepranokstama!\u00a0<\/span><span style=\"box-sizing: border-box; color: #222323; font-family: lato, sans-serif; font-size: 14.4px; background-color: #feffff;\">Su ja lengvai\u00a0<\/span><span style=\"box-sizing: border-box; color: #222323; font-family: lato, sans-serif; font-size: 14.4px; background-color: #feffff;\">ir greitai\u00a0<\/span><span style=\"box-sizing: border-box; color: #222323; font-family: lato, sans-serif; font-size: 14.4px; background-color: #feffff;\">pasieksite<\/span><span style=\"box-sizing: border-box; color: #222323; font-family: lato, sans-serif; font-size: 14.4px; background-color: #feffff;\">\u00a0<\/span><span style=\"box-sizing: border-box; color: #222323; font-family: lato, sans-serif; font-size: 14.4px; background-color: #feffff;\">geriausi\u0173 \u012fdegio rezultat\u0173<\/span><span style=\"box-sizing: border-box; color: #222323; font-family: lato, sans-serif; font-size: 14.4px; background-color: #feffff;\">\u00a0, minimaliomis pastangomis. Tereikia i\u0161sirinkti m\u0117gstamiausi\u0105 \u012fdegio priemon\u0119!\u00a0<\/span><span style=\"box-sizing: border-box; color: #222323; font-family: lato, sans-serif; font-size: 14.4px; background-color: #feffff;\">Pir\u0161tin\u0117<\/span><span style=\"box-sizing: border-box; color: #222323; font-family: lato, sans-serif; font-size: 14.4px; background-color: #feffff;\">\u00a0labai patogi naudotis, lengva pri\u017ei\u016br\u0117ti ir i\u0161plauti. Dvi pus\u0117s, tad gal\u0117site ja naudotis su bet kuria \u012fdegio priemone. Glotnioji pus\u0117 - vandeningoms priemon\u0117ms, (FACE TAN WATER, HEMPITAN), o kita - kremams ir\u00a0<\/span><span style=\"box-sizing: border-box; color: #222323; font-family: lato, sans-serif; font-size: 14.4px; background-color: #feffff;\">putoms<\/span><span style=\"box-sizing: border-box; color: #222323; font-family: lato, sans-serif; font-size: 14.4px; background-color: #feffff;\"> (CACAO TANNING MOUSSE, INVISIBLE TAN).<\/span><\/p>\n<p><em><strong>Kaip naudoti?<\/strong><\/em><\/p>\n<p>U\u017esid\u0117kite pir\u0161tin\u0119, tepkite \u012fdegio priemon\u0119 tiesiai ant pir\u0161tin\u0117s, ar ant \u0161varios, sausos odos. \u012emasa\u017euokite sukamaisiais judesiais, prad\u0117dant nuo koj\u0173, kylant \u012f vir\u0161\u0173.<\/p>\n<p>Pasirinkite pus\u0119 pagal naudojam\u0105 produkt\u0105.<\/p>\n<p>Daugkartiniam naudojimui, skalbti rankomis, ar \u0161velniu re\u017eimu skalbykl\u0117je. I\u0161skalauti i\u0161kart po naudojimo.<\/p>\n<p>Geriausiems rezultatams, bent 24-48 val iki tepantis \u012fdeg\u012f od\u0105 eksfolijuokite su PINK HIMALAYAN SALT SCRUB \u0161veitikliu.<\/p>","protected":false},"excerpt":{"rendered":"<p>So there\u2019s two sides to this story. The smooth side is non porous for our tanning waters, the textured side for our creams and mousse! Helping you achieve that professional result we all want! It\u2019s the perfect partner to all of ECO BY SONYA organic tans. Our beautiful tanning mitt is made from natural and [&hellip;]<\/p>\n","protected":false},"featured_media":1672918,"comment_status":"open","ping_status":"closed","template":"","meta":{"content-type":"","_monsterinsights_skip_tracking":false,"_monsterinsights_sitenote_active":false,"_monsterinsights_sitenote_note":"","_monsterinsights_sitenote_category":0,"_uf_show_specific_survey":0,"_uf_disable_surveys":false},"product_brand":[1826],"product_cat":[137,1446,123,15],"product_tag":[1758,443,1757,439,70,1756],"class_list":{"0":"post-1672914","1":"product","2":"type-product","3":"status-publish","4":"has-post-thumbnail","6":"product_brand-eco-by-sonya","7":"product_cat-bath-and-body","8":"product_cat-other-2","9":"product_cat-tanning-products","10":"product_cat-all-products","11":"product_tag-idegio-pkrstine","12":"product_tag-eco-by-sonya","13":"product_tag-pirstine","14":"product_tag-savaiminis-idegis","15":"product_tag-self-tan","16":"product_tag-tan-mit","18":"first","19":"instock","20":"taxable","21":"shipping-taxable","22":"purchasable","23":"product-type-simple"},"bundled_by":[],"bundle_stock_status":"instock","bundle_stock_quantity":null,"bundle_virtual":false,"bundle_layout":"","bundle_add_to_cart_form_location":"","bundle_editable_in_cart":false,"bundle_sold_individually_context":"","bundle_item_grouping":"","bundle_min_size":"","bundle_max_size":"","bundle_price":[],"bundled_items":[],"bundle_sell_ids":[],"group_of_quantity":0,"min_quantity":0,"max_quantity":"","exclude_order_quantity_value_rules":"no","exclude_category_quantity_rules":"no","combine_variations":"no","exclude_global_add_ons":[],"addons":[],"yoast_head":"<!-- This site is optimized with the Yoast SEO plugin v27.5 - https:\/\/yoast.com\/product\/yoast-seo-wordpress\/ -->\n<title>ECO BY SONYA  Luxurious Double Sided  Tan Applicator Mitt - Greenspells<\/title>\n<meta name=\"description\" content=\"When it comes to achieving a\u00a0streak-free\u00a0and\u00a0flawless tan, nothing beats this amazing luxurious double sided tan mitt from Eco by Sonya!\" \/>\n<meta name=\"robots\" content=\"index, follow, max-snippet:-1, max-image-preview:large, max-video-preview:-1\" \/>\n<link rel=\"canonical\" href=\"https:\/\/greenspells.com\/lt\/produktas\/eco-by-sonya-luxurious-double-sided-tan-applicator-mitt\/\" \/>\n<meta property=\"og:locale\" content=\"lt_LT\" \/>\n<meta property=\"og:type\" content=\"article\" \/>\n<meta property=\"og:title\" content=\"ECO BY SONYA  Luxurious Double Sided  Tan Applicator Mitt - Greenspells\" \/>\n<meta property=\"og:description\" content=\"When it comes to achieving a\u00a0streak-free\u00a0and\u00a0flawless tan, nothing beats this amazing luxurious double sided tan mitt from Eco by Sonya!\" \/>\n<meta property=\"og:url\" content=\"https:\/\/greenspells.com\/lt\/produktas\/eco-by-sonya-luxurious-double-sided-tan-applicator-mitt\/\" \/>\n<meta property=\"og:site_name\" content=\"Greenspells\" \/>\n<meta property=\"article:publisher\" content=\"https:\/\/www.facebook.com\/Greenspells\" \/>\n<meta property=\"article:modified_time\" content=\"2025-08-04T07:24:39+00:00\" \/>\n<meta property=\"og:image\" content=\"https:\/\/greenspells.com\/wp-content\/uploads\/2023\/09\/EBSD_TanApplicatorMitt_1080x.png\" \/>\n\t<meta property=\"og:image:width\" content=\"1080\" \/>\n\t<meta property=\"og:image:height\" content=\"1080\" \/>\n\t<meta property=\"og:image:type\" content=\"image\/png\" \/>\n<meta name=\"twitter:card\" content=\"summary_large_image\" \/>\n<meta name=\"twitter:label1\" content=\"Est. reading time\" \/>\n\t<meta name=\"twitter:data1\" content=\"2 minut\u0117s\" \/>\n<script type=\"application\/ld+json\" class=\"yoast-schema-graph\">{\"@context\":\"https:\\\/\\\/schema.org\",\"@graph\":[{\"@type\":\"WebPage\",\"@id\":\"https:\\\/\\\/greenspells.com\\\/product\\\/eco-by-sonya-luxurious-double-sided-tan-applicator-mitt\\\/\",\"url\":\"https:\\\/\\\/greenspells.com\\\/product\\\/eco-by-sonya-luxurious-double-sided-tan-applicator-mitt\\\/\",\"name\":\"ECO BY SONYA Luxurious Double Sided Tan Applicator Mitt - Greenspells\",\"isPartOf\":{\"@id\":\"https:\\\/\\\/greenspells.com\\\/#website\"},\"primaryImageOfPage\":{\"@id\":\"https:\\\/\\\/greenspells.com\\\/product\\\/eco-by-sonya-luxurious-double-sided-tan-applicator-mitt\\\/#primaryimage\"},\"image\":{\"@id\":\"https:\\\/\\\/greenspells.com\\\/product\\\/eco-by-sonya-luxurious-double-sided-tan-applicator-mitt\\\/#primaryimage\"},\"thumbnailUrl\":\"https:\\\/\\\/i0.wp.com\\\/greenspells.com\\\/wp-content\\\/uploads\\\/2023\\\/09\\\/EBSD_TanApplicatorMitt_1080x.png?fit=1080%2C1080&ssl=1\",\"datePublished\":\"2023-09-16T10:29:58+00:00\",\"dateModified\":\"2025-08-04T07:24:39+00:00\",\"description\":\"When it comes to achieving a\u00a0streak-free\u00a0and\u00a0flawless tan, nothing beats this amazing luxurious double sided tan mitt from Eco by Sonya!\",\"breadcrumb\":{\"@id\":\"https:\\\/\\\/greenspells.com\\\/product\\\/eco-by-sonya-luxurious-double-sided-tan-applicator-mitt\\\/#breadcrumb\"},\"inLanguage\":\"lt-LT\",\"potentialAction\":[{\"@type\":\"ReadAction\",\"target\":[\"https:\\\/\\\/greenspells.com\\\/product\\\/eco-by-sonya-luxurious-double-sided-tan-applicator-mitt\\\/\"]}]},{\"@type\":\"ImageObject\",\"inLanguage\":\"lt-LT\",\"@id\":\"https:\\\/\\\/greenspells.com\\\/product\\\/eco-by-sonya-luxurious-double-sided-tan-applicator-mitt\\\/#primaryimage\",\"url\":\"https:\\\/\\\/i0.wp.com\\\/greenspells.com\\\/wp-content\\\/uploads\\\/2023\\\/09\\\/EBSD_TanApplicatorMitt_1080x.png?fit=1080%2C1080&ssl=1\",\"contentUrl\":\"https:\\\/\\\/i0.wp.com\\\/greenspells.com\\\/wp-content\\\/uploads\\\/2023\\\/09\\\/EBSD_TanApplicatorMitt_1080x.png?fit=1080%2C1080&ssl=1\",\"width\":1080,\"height\":1080},{\"@type\":\"BreadcrumbList\",\"@id\":\"https:\\\/\\\/greenspells.com\\\/product\\\/eco-by-sonya-luxurious-double-sided-tan-applicator-mitt\\\/#breadcrumb\",\"itemListElement\":[{\"@type\":\"ListItem\",\"position\":1,\"name\":\"Home\",\"item\":\"https:\\\/\\\/greenspells.com\\\/\"},{\"@type\":\"ListItem\",\"position\":2,\"name\":\"Shop\",\"item\":\"https:\\\/\\\/greenspells.com\\\/shop\\\/\"},{\"@type\":\"ListItem\",\"position\":3,\"name\":\"ECO BY SONYA Luxurious Double Sided Tan Applicator Mitt\"}]},{\"@type\":\"WebSite\",\"@id\":\"https:\\\/\\\/greenspells.com\\\/#website\",\"url\":\"https:\\\/\\\/greenspells.com\\\/\",\"name\":\"Greenspells\",\"description\":\"Nat\u016brali ir ekologi\u0161ka kosmetika\",\"publisher\":{\"@id\":\"https:\\\/\\\/greenspells.com\\\/#organization\"},\"potentialAction\":[{\"@type\":\"SearchAction\",\"target\":{\"@type\":\"EntryPoint\",\"urlTemplate\":\"https:\\\/\\\/greenspells.com\\\/?s={search_term_string}\"},\"query-input\":{\"@type\":\"PropertyValueSpecification\",\"valueRequired\":true,\"valueName\":\"search_term_string\"}}],\"inLanguage\":\"lt-LT\"},{\"@type\":\"Organization\",\"@id\":\"https:\\\/\\\/greenspells.com\\\/#organization\",\"name\":\"Greenspells\",\"url\":\"https:\\\/\\\/greenspells.com\\\/\",\"logo\":{\"@type\":\"ImageObject\",\"inLanguage\":\"lt-LT\",\"@id\":\"https:\\\/\\\/greenspells.com\\\/#\\\/schema\\\/logo\\\/image\\\/\",\"url\":\"https:\\\/\\\/i0.wp.com\\\/greenspells.com\\\/wp-content\\\/uploads\\\/2020\\\/09\\\/20200722_153424_0000.png?fit=1500%2C1500&ssl=1\",\"contentUrl\":\"https:\\\/\\\/i0.wp.com\\\/greenspells.com\\\/wp-content\\\/uploads\\\/2020\\\/09\\\/20200722_153424_0000.png?fit=1500%2C1500&ssl=1\",\"width\":1500,\"height\":1500,\"caption\":\"Greenspells\"},\"image\":{\"@id\":\"https:\\\/\\\/greenspells.com\\\/#\\\/schema\\\/logo\\\/image\\\/\"},\"sameAs\":[\"https:\\\/\\\/www.facebook.com\\\/Greenspells\",\"https:\\\/\\\/www.instagram.com\\\/greenspells_store\\\/\"]}]}<\/script>\n<!-- \/ Yoast SEO plugin. -->","yoast_head_json":{"title":"ECO BY SONYA  Luxurious Double Sided  Tan Applicator Mitt - Greenspells","description":"When it comes to achieving a\u00a0streak-free\u00a0and\u00a0flawless tan, nothing beats this amazing luxurious double sided tan mitt from Eco by Sonya!","robots":{"index":"index","follow":"follow","max-snippet":"max-snippet:-1","max-image-preview":"max-image-preview:large","max-video-preview":"max-video-preview:-1"},"canonical":"https:\/\/greenspells.com\/lt\/produktas\/eco-by-sonya-luxurious-double-sided-tan-applicator-mitt\/","og_locale":"lt_LT","og_type":"article","og_title":"ECO BY SONYA  Luxurious Double Sided  Tan Applicator Mitt - Greenspells","og_description":"When it comes to achieving a\u00a0streak-free\u00a0and\u00a0flawless tan, nothing beats this amazing luxurious double sided tan mitt from Eco by Sonya!","og_url":"https:\/\/greenspells.com\/lt\/produktas\/eco-by-sonya-luxurious-double-sided-tan-applicator-mitt\/","og_site_name":"Greenspells","article_publisher":"https:\/\/www.facebook.com\/Greenspells","article_modified_time":"2025-08-04T07:24:39+00:00","og_image":[{"width":1080,"height":1080,"url":"https:\/\/greenspells.com\/wp-content\/uploads\/2023\/09\/EBSD_TanApplicatorMitt_1080x.png","type":"image\/png"}],"twitter_card":"summary_large_image","twitter_misc":{"Est. reading time":"2 minut\u0117s"},"schema":{"@context":"https:\/\/schema.org","@graph":[{"@type":"WebPage","@id":"https:\/\/greenspells.com\/product\/eco-by-sonya-luxurious-double-sided-tan-applicator-mitt\/","url":"https:\/\/greenspells.com\/product\/eco-by-sonya-luxurious-double-sided-tan-applicator-mitt\/","name":"ECO BY SONYA Luxurious Double Sided Tan Applicator Mitt - Greenspells","isPartOf":{"@id":"https:\/\/greenspells.com\/#website"},"primaryImageOfPage":{"@id":"https:\/\/greenspells.com\/product\/eco-by-sonya-luxurious-double-sided-tan-applicator-mitt\/#primaryimage"},"image":{"@id":"https:\/\/greenspells.com\/product\/eco-by-sonya-luxurious-double-sided-tan-applicator-mitt\/#primaryimage"},"thumbnailUrl":"https:\/\/i0.wp.com\/greenspells.com\/wp-content\/uploads\/2023\/09\/EBSD_TanApplicatorMitt_1080x.png?fit=1080%2C1080&ssl=1","datePublished":"2023-09-16T10:29:58+00:00","dateModified":"2025-08-04T07:24:39+00:00","description":"When it comes to achieving a\u00a0streak-free\u00a0and\u00a0flawless tan, nothing beats this amazing luxurious double sided tan mitt from Eco by Sonya!","breadcrumb":{"@id":"https:\/\/greenspells.com\/product\/eco-by-sonya-luxurious-double-sided-tan-applicator-mitt\/#breadcrumb"},"inLanguage":"lt-LT","potentialAction":[{"@type":"ReadAction","target":["https:\/\/greenspells.com\/product\/eco-by-sonya-luxurious-double-sided-tan-applicator-mitt\/"]}]},{"@type":"ImageObject","inLanguage":"lt-LT","@id":"https:\/\/greenspells.com\/product\/eco-by-sonya-luxurious-double-sided-tan-applicator-mitt\/#primaryimage","url":"https:\/\/i0.wp.com\/greenspells.com\/wp-content\/uploads\/2023\/09\/EBSD_TanApplicatorMitt_1080x.png?fit=1080%2C1080&ssl=1","contentUrl":"https:\/\/i0.wp.com\/greenspells.com\/wp-content\/uploads\/2023\/09\/EBSD_TanApplicatorMitt_1080x.png?fit=1080%2C1080&ssl=1","width":1080,"height":1080},{"@type":"BreadcrumbList","@id":"https:\/\/greenspells.com\/product\/eco-by-sonya-luxurious-double-sided-tan-applicator-mitt\/#breadcrumb","itemListElement":[{"@type":"ListItem","position":1,"name":"Home","item":"https:\/\/greenspells.com\/"},{"@type":"ListItem","position":2,"name":"Shop","item":"https:\/\/greenspells.com\/shop\/"},{"@type":"ListItem","position":3,"name":"ECO BY SONYA Luxurious Double Sided Tan Applicator Mitt"}]},{"@type":"WebSite","@id":"https:\/\/greenspells.com\/#website","url":"https:\/\/greenspells.com\/","name":"Greenspells","description":"Nat\u016brali ir ekologi\u0161ka kosmetika","publisher":{"@id":"https:\/\/greenspells.com\/#organization"},"potentialAction":[{"@type":"SearchAction","target":{"@type":"EntryPoint","urlTemplate":"https:\/\/greenspells.com\/?s={search_term_string}"},"query-input":{"@type":"PropertyValueSpecification","valueRequired":true,"valueName":"search_term_string"}}],"inLanguage":"lt-LT"},{"@type":"Organization","@id":"https:\/\/greenspells.com\/#organization","name":"Greenspells","url":"https:\/\/greenspells.com\/","logo":{"@type":"ImageObject","inLanguage":"lt-LT","@id":"https:\/\/greenspells.com\/#\/schema\/logo\/image\/","url":"https:\/\/i0.wp.com\/greenspells.com\/wp-content\/uploads\/2020\/09\/20200722_153424_0000.png?fit=1500%2C1500&ssl=1","contentUrl":"https:\/\/i0.wp.com\/greenspells.com\/wp-content\/uploads\/2020\/09\/20200722_153424_0000.png?fit=1500%2C1500&ssl=1","width":1500,"height":1500,"caption":"Greenspells"},"image":{"@id":"https:\/\/greenspells.com\/#\/schema\/logo\/image\/"},"sameAs":["https:\/\/www.facebook.com\/Greenspells","https:\/\/www.instagram.com\/greenspells_store\/"]}]}},"jetpack_likes_enabled":true,"jetpack_sharing_enabled":true,"_links":{"self":[{"href":"https:\/\/greenspells.com\/lt\/wp-json\/wp\/v2\/product\/1672914","targetHints":{"allow":["GET"]}}],"collection":[{"href":"https:\/\/greenspells.com\/lt\/wp-json\/wp\/v2\/product"}],"about":[{"href":"https:\/\/greenspells.com\/lt\/wp-json\/wp\/v2\/types\/product"}],"replies":[{"embeddable":true,"href":"https:\/\/greenspells.com\/lt\/wp-json\/wp\/v2\/comments?post=1672914"}],"wp:featuredmedia":[{"embeddable":true,"href":"https:\/\/greenspells.com\/lt\/wp-json\/wp\/v2\/media\/1672918"}],"wp:attachment":[{"href":"https:\/\/greenspells.com\/lt\/wp-json\/wp\/v2\/media?parent=1672914"}],"wp:term":[{"taxonomy":"product_brand","embeddable":true,"href":"https:\/\/greenspells.com\/lt\/wp-json\/wp\/v2\/product_brand?post=1672914"},{"taxonomy":"product_cat","embeddable":true,"href":"https:\/\/greenspells.com\/lt\/wp-json\/wp\/v2\/product_cat?post=1672914"},{"taxonomy":"product_tag","embeddable":true,"href":"https:\/\/greenspells.com\/lt\/wp-json\/wp\/v2\/product_tag?post=1672914"}],"curies":[{"name":"wp","href":"https:\/\/api.w.org\/{rel}","templated":true}]}}