{"id":1672787,"date":"2023-09-06T21:57:32","date_gmt":"2023-09-06T19:57:32","guid":{"rendered":"https:\/\/greenspells.com\/?post_type=product&#038;p=1672787"},"modified":"2025-08-04T09:26:10","modified_gmt":"2025-08-04T07:26:10","slug":"eco-by-sonya-cacao-tanning-mousse","status":"publish","type":"product","link":"https:\/\/greenspells.com\/lt\/produktas\/eco-by-sonya-cacao-tanning-mousse\/","title":{"rendered":"ECO BY SONYA <br> Savaiminio \u012fdegio putos Cacao Tanning Mousse"},"content":{"rendered":"<p>Jei m\u0117gstate citrus\u0173 kvap\u0105, ir put\u0173 tekst\u016br\u0105 - Cacao \u012fdegio putos jums tur\u0117t\u0173 labai patikti! \u0160ios \u012fdegio putos suteikia prabang\u0173, intensyv\u0173 bronzin\u012f atspalv\u012f. Nelipnios, nuostabaus kvapo, greitai d\u017ei\u016bstan\u010dios, ir be joki\u0173 oran\u017eini\u0173 atspalvi\u0173 - b\u016btent to ir norime i\u0161 savaiminio \u012fdegio, tiesa?<\/p>\n<p>Gra\u017eiausi\u0105 atostog\u0173 \u012fdeg\u012f galite tur\u0117ti be joki\u0173 \u017ealing\u0173 UV spinduli\u0173 ir varginan\u010dio deginimosi saul\u0117je, lengvut\u0117s putos \u0161velniai slysta oda, suteikia gra\u017e\u0173, ilgai i\u0161liekant\u012f atspalv\u012f vis\u0173 atspalvi\u0173 odai. Putose n\u0117ra joki\u0173 sintetini\u0173 da\u017eikli\u0173, oran\u017eini\u0173 da\u017e\u0173, neturi \u012fprasto bjauraus kvapo. Pirmasis ingredientas sud\u0117tyje - alijo\u0161ius!<\/p>\n<p><em><strong>Pagrindiniai ingredientai:<\/strong><\/em><\/p>\n<p><strong>Kakava<\/strong>\u00a0Turi labai daug antioksidant\u0173 ir omega 3 riebi\u0173j\u0173 r\u016bg\u0161\u010di\u0173, putlina od\u0105, suteikia sveiko spindesio<\/p>\n<p><strong>Greipfrutai<\/strong>\u00a0Turi labai daug antioksidanto beta karoteno, kuris paver\u010dia papilk\u0117jusi\u0105, pavargusi\u0105, i\u0161saus\u0117jusi\u0105 od\u0105 sveikai \u0161vytin\u010dia. Puikiai i\u0161lygina odos ton\u0105!<\/p>\n<p><strong>Raudonieji apelsinai<\/strong>\u00a0Prisotina od\u0105 vitaminais A ir C, padeda palaikyti sveik\u0105 odos i\u0161vaizd\u0105<\/p>\n<p><strong>Patarimas: geriausiems, instensyviausiems rezultatams tepkite du sluoksnius. Lengvam rezultatui - tepkite vien\u0105 sluoksn\u012f, palikite valandai. Jei naudosite dvigub\u0105 sluoksn\u012f - galite su juo vaik\u0161\u010dioti net ir vis\u0105 dien\u0105, ar miegoti.<\/strong><\/p>\n<p>Inovatyvios Cacao \u012fdegio putos - tobulas sprendimas greitam \u012fdegiui. Suteikia nuostab\u0173, \u0161vytint\u012f, intensyv\u0173 atostog\u0173 \u012fdeg\u012f be \u017ealing\u0173 saul\u0117s spinduli\u0173. Unikalus atspalvis tinka tiek k\u016bnui, tiek veidui. Labai lengva ir paprasta naudoti! Nuostabiai kvepia kakava.<\/p>\n<p>Vegani\u0161kas produktas, cruelty-free, nebandytas su gyv\u016bnais.<\/p>\n<p><em><strong>Kaip naudoti?<\/strong><\/em><\/p>\n<p>Cacao Tanning Mousse - greito poveikio savaiminio \u012fdegio putos, suteikian\u010dios \u012fdeg\u012f jau po 1 h. Sertifikuotas ekologi\u0161kas produktas.<\/p>\n<ol>\n<li>Eksfolijuokite od\u0105 24-48 valandas prie\u0161 naudojim\u0105.<\/li>\n<li>Tepkite putas tolygiai and \u0161varios, sausos odos.<\/li>\n<li>Tai lengvut\u0117s putos, kurios tikrai labai lengvai dengiasi.<\/li>\n<li>Prad\u0117kite nuo koj\u0173, kilkite auk\u0161tyn.<\/li>\n<li>Tepkite papras\u010diausiai rankomis. Tik nepamir\u0161kit po naudojimo rankas gerai nusiplauti!!! \nTaip pat galite naudoti ir speciali\u0105 pir\u0161tin\u0119.<\/li>\n<li>Palikite putas 1 valandai prie\u0161 prausiantis, jei norite tik lengvu\u010dio efekto, arba palikit 4 valandoms, jei norit gilaus, gra\u017eaus, bronzinio \u012fdegio.<\/li>\n<\/ol>\n<p><em><strong>Sud\u0117tis:<\/strong><\/em><\/p>\n<p>Organic Aloe Vera Leaf Juice*, Natural DHA (Sugar Cane Derived)**, Organic Ethanol (Natural Raw Sugar Derived)*, Natural Decyl Glucoside (Sugar &amp; Coconut Derived)**, Organic Witch Hazel*, Natural Caramel (Sugar Derived)**, Organic Glycerin (Vegetable Derived)*, Grapefruit**, Organic Coffee*, Organic Chamomile*, Blood Orange Oil**, Natural Parfum (Fresh Botanical Blend)**, Grape Skin**, Natural Cacao**, Organic Mandarin Oil*, Organic Ginger Oil*, Natural Caprylyl\/Capryl Wheat Bran (Gluten Free)**, Natural Sodium Lauroyl Lactylate (Fruit Derived)**, Natural Fusel Wheat Bran\u00a0 (Gluten Free)**, Natural Polyglyceryl-5 Oleate (Vegetable Derived)**, Natural Sodium Cocoyl Glutamate (Vegetable Derived)**, Natural Glyceryl Caprylate (Vegetable Derived)**, Citric Acid (Citrus Fruit Derived)**<br \/>\n<em>ALL ingredients either *Organic or **Natural<\/em><\/p>\n<p><strong>NO Synthetic Fragrances, NO Animal Derivatives, NO Synthetic Ingredients, NO Food Colouring, NO PEGS, NO\u00a0Parabens, NO SD Alcohol, NO Phthalates, NO Petrochemicals, NO Propylene Glycol, NO Phenoxyethanol, NO Artificial Dyes, NO SLS\/SLES, NO GMO\u2019S, NO Formaldehyde, NO\u00a0Aluminium, NO Sulphates<\/strong><\/p>\n<p>AUSTRALIAN MADE COMPANY\u2013 CERTIFIED ORGANIC \u2013 VEGAN \u2013 NATURAL \u2013 CHOOSE CRUELTY FREE \u2013 \u00a0CERTIFIED TOXIC FREE \u2013 LICENSED by PETA<\/p>\n<p>This product is 125ml in size.<\/p>","protected":false},"excerpt":{"rendered":"<p>If you love the smell of a Jaffa and the texture of a mousse,\u00a0 Cacao Tanning Mousse is perfect for you. It will give you a luxurious deep, earthy bronze tone. It\u2019s non-sticky, smells amazing, dries instantly and is never orange &#8211; what more do you want? Without the need for the sun&#8217;s damaging rays, [&hellip;]<\/p>","protected":false},"featured_media":1672792,"comment_status":"open","ping_status":"closed","template":"","meta":{"content-type":"","_monsterinsights_skip_tracking":false,"_monsterinsights_sitenote_active":false,"_monsterinsights_sitenote_note":"","_monsterinsights_sitenote_category":0,"_uf_show_specific_survey":0,"_uf_disable_surveys":false},"product_brand":[1826],"product_cat":[137,123,15],"product_tag":[1738,443,492,631,439],"class_list":{"0":"post-1672787","1":"product","2":"type-product","3":"status-publish","4":"has-post-thumbnail","6":"product_brand-eco-by-sonya","7":"product_cat-bath-and-body","8":"product_cat-tanning-products","9":"product_cat-all-products","10":"product_tag-cacao-tanning-mousse","11":"product_tag-eco-by-sonya","12":"product_tag-idegio-putos","13":"product_tag-naturalus-idegis","14":"product_tag-savaiminis-idegis","16":"first","17":"outofstock","18":"taxable","19":"shipping-taxable","20":"purchasable","21":"product-type-simple"},"bundled_by":[],"bundle_stock_status":"outofstock","bundle_stock_quantity":0,"bundle_virtual":false,"bundle_layout":"","bundle_add_to_cart_form_location":"","bundle_editable_in_cart":false,"bundle_sold_individually_context":"","bundle_item_grouping":"","bundle_min_size":"","bundle_max_size":"","bundle_price":[],"bundled_items":[],"bundle_sell_ids":[],"group_of_quantity":0,"min_quantity":0,"max_quantity":"","exclude_order_quantity_value_rules":"no","exclude_category_quantity_rules":"no","combine_variations":"no","exclude_global_add_ons":[],"addons":[],"yoast_head":"<!-- This site is optimized with the Yoast SEO plugin v27.3 - https:\/\/yoast.com\/product\/yoast-seo-wordpress\/ -->\n<title>ECO BY SONYA  Cacao Tanning Mousse - Greenspells<\/title>\n<meta name=\"description\" content=\"Cacao Tanning Mousse will give you a luxurious deep, earthy bronze tone. It\u2019s non-sticky, smells amazing, dries instantly and is never orange!\" \/>\n<meta name=\"robots\" content=\"index, follow, max-snippet:-1, max-image-preview:large, max-video-preview:-1\" \/>\n<link rel=\"canonical\" href=\"https:\/\/greenspells.com\/lt\/produktas\/eco-by-sonya-cacao-tanning-mousse\/\" \/>\n<meta property=\"og:locale\" content=\"lt_LT\" \/>\n<meta property=\"og:type\" content=\"article\" \/>\n<meta property=\"og:title\" content=\"ECO BY SONYA  Cacao Tanning Mousse - Greenspells\" \/>\n<meta property=\"og:description\" content=\"Cacao Tanning Mousse will give you a luxurious deep, earthy bronze tone. It\u2019s non-sticky, smells amazing, dries instantly and is never orange!\" \/>\n<meta property=\"og:url\" content=\"https:\/\/greenspells.com\/lt\/produktas\/eco-by-sonya-cacao-tanning-mousse\/\" \/>\n<meta property=\"og:site_name\" content=\"Greenspells\" \/>\n<meta property=\"article:publisher\" content=\"https:\/\/www.facebook.com\/Greenspells\" \/>\n<meta property=\"article:modified_time\" content=\"2025-08-04T07:26:10+00:00\" \/>\n<meta property=\"og:image\" content=\"https:\/\/greenspells.com\/wp-content\/uploads\/2023\/09\/EBSD_CacaoTanningMousse_1080x.webp\" \/>\n\t<meta property=\"og:image:width\" content=\"1080\" \/>\n\t<meta property=\"og:image:height\" content=\"1080\" \/>\n\t<meta property=\"og:image:type\" content=\"image\/webp\" \/>\n<meta name=\"twitter:card\" content=\"summary_large_image\" \/>\n<meta name=\"twitter:label1\" content=\"Est. reading time\" \/>\n\t<meta name=\"twitter:data1\" content=\"4 minut\u0117s\" \/>\n<script type=\"application\/ld+json\" class=\"yoast-schema-graph\">{\"@context\":\"https:\\\/\\\/schema.org\",\"@graph\":[{\"@type\":\"WebPage\",\"@id\":\"https:\\\/\\\/greenspells.com\\\/product\\\/eco-by-sonya-cacao-tanning-mousse\\\/\",\"url\":\"https:\\\/\\\/greenspells.com\\\/product\\\/eco-by-sonya-cacao-tanning-mousse\\\/\",\"name\":\"ECO BY SONYA Cacao Tanning Mousse - Greenspells\",\"isPartOf\":{\"@id\":\"https:\\\/\\\/greenspells.com\\\/#website\"},\"primaryImageOfPage\":{\"@id\":\"https:\\\/\\\/greenspells.com\\\/product\\\/eco-by-sonya-cacao-tanning-mousse\\\/#primaryimage\"},\"image\":{\"@id\":\"https:\\\/\\\/greenspells.com\\\/product\\\/eco-by-sonya-cacao-tanning-mousse\\\/#primaryimage\"},\"thumbnailUrl\":\"https:\\\/\\\/i0.wp.com\\\/greenspells.com\\\/wp-content\\\/uploads\\\/2023\\\/09\\\/EBSD_CacaoTanningMousse_1080x.webp?fit=1080%2C1080&ssl=1\",\"datePublished\":\"2023-09-06T19:57:32+00:00\",\"dateModified\":\"2025-08-04T07:26:10+00:00\",\"description\":\"Cacao Tanning Mousse will give you a luxurious deep, earthy bronze tone. It\u2019s non-sticky, smells amazing, dries instantly and is never orange!\",\"breadcrumb\":{\"@id\":\"https:\\\/\\\/greenspells.com\\\/product\\\/eco-by-sonya-cacao-tanning-mousse\\\/#breadcrumb\"},\"inLanguage\":\"lt-LT\",\"potentialAction\":[{\"@type\":\"ReadAction\",\"target\":[\"https:\\\/\\\/greenspells.com\\\/product\\\/eco-by-sonya-cacao-tanning-mousse\\\/\"]}]},{\"@type\":\"ImageObject\",\"inLanguage\":\"lt-LT\",\"@id\":\"https:\\\/\\\/greenspells.com\\\/product\\\/eco-by-sonya-cacao-tanning-mousse\\\/#primaryimage\",\"url\":\"https:\\\/\\\/i0.wp.com\\\/greenspells.com\\\/wp-content\\\/uploads\\\/2023\\\/09\\\/EBSD_CacaoTanningMousse_1080x.webp?fit=1080%2C1080&ssl=1\",\"contentUrl\":\"https:\\\/\\\/i0.wp.com\\\/greenspells.com\\\/wp-content\\\/uploads\\\/2023\\\/09\\\/EBSD_CacaoTanningMousse_1080x.webp?fit=1080%2C1080&ssl=1\",\"width\":1080,\"height\":1080,\"caption\":\"Eci by Sonya Cacao tanning mousse\"},{\"@type\":\"BreadcrumbList\",\"@id\":\"https:\\\/\\\/greenspells.com\\\/product\\\/eco-by-sonya-cacao-tanning-mousse\\\/#breadcrumb\",\"itemListElement\":[{\"@type\":\"ListItem\",\"position\":1,\"name\":\"Home\",\"item\":\"https:\\\/\\\/greenspells.com\\\/\"},{\"@type\":\"ListItem\",\"position\":2,\"name\":\"Shop\",\"item\":\"https:\\\/\\\/greenspells.com\\\/shop\\\/\"},{\"@type\":\"ListItem\",\"position\":3,\"name\":\"ECO BY SONYA Cacao Tanning Mousse\"}]},{\"@type\":\"WebSite\",\"@id\":\"https:\\\/\\\/greenspells.com\\\/#website\",\"url\":\"https:\\\/\\\/greenspells.com\\\/\",\"name\":\"Greenspells\",\"description\":\"Nat\u016brali ir ekologi\u0161ka kosmetika\",\"publisher\":{\"@id\":\"https:\\\/\\\/greenspells.com\\\/#organization\"},\"potentialAction\":[{\"@type\":\"SearchAction\",\"target\":{\"@type\":\"EntryPoint\",\"urlTemplate\":\"https:\\\/\\\/greenspells.com\\\/?s={search_term_string}\"},\"query-input\":{\"@type\":\"PropertyValueSpecification\",\"valueRequired\":true,\"valueName\":\"search_term_string\"}}],\"inLanguage\":\"lt-LT\"},{\"@type\":\"Organization\",\"@id\":\"https:\\\/\\\/greenspells.com\\\/#organization\",\"name\":\"Greenspells\",\"url\":\"https:\\\/\\\/greenspells.com\\\/\",\"logo\":{\"@type\":\"ImageObject\",\"inLanguage\":\"lt-LT\",\"@id\":\"https:\\\/\\\/greenspells.com\\\/#\\\/schema\\\/logo\\\/image\\\/\",\"url\":\"https:\\\/\\\/i0.wp.com\\\/greenspells.com\\\/wp-content\\\/uploads\\\/2020\\\/09\\\/20200722_153424_0000.png?fit=1500%2C1500&ssl=1\",\"contentUrl\":\"https:\\\/\\\/i0.wp.com\\\/greenspells.com\\\/wp-content\\\/uploads\\\/2020\\\/09\\\/20200722_153424_0000.png?fit=1500%2C1500&ssl=1\",\"width\":1500,\"height\":1500,\"caption\":\"Greenspells\"},\"image\":{\"@id\":\"https:\\\/\\\/greenspells.com\\\/#\\\/schema\\\/logo\\\/image\\\/\"},\"sameAs\":[\"https:\\\/\\\/www.facebook.com\\\/Greenspells\",\"https:\\\/\\\/www.instagram.com\\\/greenspells_store\\\/\"]}]}<\/script>\n<!-- \/ Yoast SEO plugin. -->","yoast_head_json":{"title":"ECO BY SONYA  Cacao Tanning Mousse - Greenspells","description":"Cacao Tanning Mousse will give you a luxurious deep, earthy bronze tone. It\u2019s non-sticky, smells amazing, dries instantly and is never orange!","robots":{"index":"index","follow":"follow","max-snippet":"max-snippet:-1","max-image-preview":"max-image-preview:large","max-video-preview":"max-video-preview:-1"},"canonical":"https:\/\/greenspells.com\/lt\/produktas\/eco-by-sonya-cacao-tanning-mousse\/","og_locale":"lt_LT","og_type":"article","og_title":"ECO BY SONYA  Cacao Tanning Mousse - Greenspells","og_description":"Cacao Tanning Mousse will give you a luxurious deep, earthy bronze tone. It\u2019s non-sticky, smells amazing, dries instantly and is never orange!","og_url":"https:\/\/greenspells.com\/lt\/produktas\/eco-by-sonya-cacao-tanning-mousse\/","og_site_name":"Greenspells","article_publisher":"https:\/\/www.facebook.com\/Greenspells","article_modified_time":"2025-08-04T07:26:10+00:00","og_image":[{"width":1080,"height":1080,"url":"https:\/\/greenspells.com\/wp-content\/uploads\/2023\/09\/EBSD_CacaoTanningMousse_1080x.webp","type":"image\/webp"}],"twitter_card":"summary_large_image","twitter_misc":{"Est. reading time":"4 minut\u0117s"},"schema":{"@context":"https:\/\/schema.org","@graph":[{"@type":"WebPage","@id":"https:\/\/greenspells.com\/product\/eco-by-sonya-cacao-tanning-mousse\/","url":"https:\/\/greenspells.com\/product\/eco-by-sonya-cacao-tanning-mousse\/","name":"ECO BY SONYA Cacao Tanning Mousse - Greenspells","isPartOf":{"@id":"https:\/\/greenspells.com\/#website"},"primaryImageOfPage":{"@id":"https:\/\/greenspells.com\/product\/eco-by-sonya-cacao-tanning-mousse\/#primaryimage"},"image":{"@id":"https:\/\/greenspells.com\/product\/eco-by-sonya-cacao-tanning-mousse\/#primaryimage"},"thumbnailUrl":"https:\/\/i0.wp.com\/greenspells.com\/wp-content\/uploads\/2023\/09\/EBSD_CacaoTanningMousse_1080x.webp?fit=1080%2C1080&ssl=1","datePublished":"2023-09-06T19:57:32+00:00","dateModified":"2025-08-04T07:26:10+00:00","description":"Cacao Tanning Mousse will give you a luxurious deep, earthy bronze tone. It\u2019s non-sticky, smells amazing, dries instantly and is never orange!","breadcrumb":{"@id":"https:\/\/greenspells.com\/product\/eco-by-sonya-cacao-tanning-mousse\/#breadcrumb"},"inLanguage":"lt-LT","potentialAction":[{"@type":"ReadAction","target":["https:\/\/greenspells.com\/product\/eco-by-sonya-cacao-tanning-mousse\/"]}]},{"@type":"ImageObject","inLanguage":"lt-LT","@id":"https:\/\/greenspells.com\/product\/eco-by-sonya-cacao-tanning-mousse\/#primaryimage","url":"https:\/\/i0.wp.com\/greenspells.com\/wp-content\/uploads\/2023\/09\/EBSD_CacaoTanningMousse_1080x.webp?fit=1080%2C1080&ssl=1","contentUrl":"https:\/\/i0.wp.com\/greenspells.com\/wp-content\/uploads\/2023\/09\/EBSD_CacaoTanningMousse_1080x.webp?fit=1080%2C1080&ssl=1","width":1080,"height":1080,"caption":"Eci by Sonya Cacao tanning mousse"},{"@type":"BreadcrumbList","@id":"https:\/\/greenspells.com\/product\/eco-by-sonya-cacao-tanning-mousse\/#breadcrumb","itemListElement":[{"@type":"ListItem","position":1,"name":"Home","item":"https:\/\/greenspells.com\/"},{"@type":"ListItem","position":2,"name":"Shop","item":"https:\/\/greenspells.com\/shop\/"},{"@type":"ListItem","position":3,"name":"ECO BY SONYA Cacao Tanning Mousse"}]},{"@type":"WebSite","@id":"https:\/\/greenspells.com\/#website","url":"https:\/\/greenspells.com\/","name":"Greenspells","description":"Nat\u016brali ir ekologi\u0161ka kosmetika","publisher":{"@id":"https:\/\/greenspells.com\/#organization"},"potentialAction":[{"@type":"SearchAction","target":{"@type":"EntryPoint","urlTemplate":"https:\/\/greenspells.com\/?s={search_term_string}"},"query-input":{"@type":"PropertyValueSpecification","valueRequired":true,"valueName":"search_term_string"}}],"inLanguage":"lt-LT"},{"@type":"Organization","@id":"https:\/\/greenspells.com\/#organization","name":"Greenspells","url":"https:\/\/greenspells.com\/","logo":{"@type":"ImageObject","inLanguage":"lt-LT","@id":"https:\/\/greenspells.com\/#\/schema\/logo\/image\/","url":"https:\/\/i0.wp.com\/greenspells.com\/wp-content\/uploads\/2020\/09\/20200722_153424_0000.png?fit=1500%2C1500&ssl=1","contentUrl":"https:\/\/i0.wp.com\/greenspells.com\/wp-content\/uploads\/2020\/09\/20200722_153424_0000.png?fit=1500%2C1500&ssl=1","width":1500,"height":1500,"caption":"Greenspells"},"image":{"@id":"https:\/\/greenspells.com\/#\/schema\/logo\/image\/"},"sameAs":["https:\/\/www.facebook.com\/Greenspells","https:\/\/www.instagram.com\/greenspells_store\/"]}]}},"jetpack_likes_enabled":true,"jetpack_sharing_enabled":true,"_links":{"self":[{"href":"https:\/\/greenspells.com\/lt\/wp-json\/wp\/v2\/product\/1672787","targetHints":{"allow":["GET"]}}],"collection":[{"href":"https:\/\/greenspells.com\/lt\/wp-json\/wp\/v2\/product"}],"about":[{"href":"https:\/\/greenspells.com\/lt\/wp-json\/wp\/v2\/types\/product"}],"replies":[{"embeddable":true,"href":"https:\/\/greenspells.com\/lt\/wp-json\/wp\/v2\/comments?post=1672787"}],"wp:featuredmedia":[{"embeddable":true,"href":"https:\/\/greenspells.com\/lt\/wp-json\/wp\/v2\/media\/1672792"}],"wp:attachment":[{"href":"https:\/\/greenspells.com\/lt\/wp-json\/wp\/v2\/media?parent=1672787"}],"wp:term":[{"taxonomy":"product_brand","embeddable":true,"href":"https:\/\/greenspells.com\/lt\/wp-json\/wp\/v2\/product_brand?post=1672787"},{"taxonomy":"product_cat","embeddable":true,"href":"https:\/\/greenspells.com\/lt\/wp-json\/wp\/v2\/product_cat?post=1672787"},{"taxonomy":"product_tag","embeddable":true,"href":"https:\/\/greenspells.com\/lt\/wp-json\/wp\/v2\/product_tag?post=1672787"}],"curies":[{"name":"wp","href":"https:\/\/api.w.org\/{rel}","templated":true}]}}