{"id":1672773,"date":"2023-09-06T11:17:15","date_gmt":"2023-09-06T09:17:15","guid":{"rendered":"https:\/\/greenspells.com\/?post_type=product&#038;p=1672773"},"modified":"2026-03-04T08:25:16","modified_gmt":"2026-03-04T06:25:16","slug":"solidu-detangling-conditioner-with-mango-butter-no-knots","status":"publish","type":"product","link":"https:\/\/greenspells.com\/lt\/produktas\/solidu-detangling-conditioner-with-mango-butter-no-knots\/","title":{"rendered":"SOLIDU <br> Kondicionierius i\u0161\u0161ukavimui su mang\u0173 sviestu <br> NO KNOTS"},"content":{"rendered":"<p>NO KNOTS kondicionierius yra kupinas mang\u0173 sviesto, simondsij\u0173 aliejaus, nerafinuoto kakavos sviesto ir amino r\u016bg\u0161\u010di\u0173 i\u0161 nat\u016bralaus \u0161ilko. Jis i\u0161narplios plaukus ir pad\u0117s juos i\u0161\u0161ukuoti, suteiks plaukams \u0161velnumo, blizgesio ir glotnumo. Plaukai taps stipresni ir bus apsaugoti nuo neigiamo aplinkos poveikio.<\/p>\n<p>Geltonumo ir citrusinio \u0161velnumo pli\u016bpsnis \u2013 kad plaukai po plovimo nesivelt\u0173 ir dar lengviau i\u0161si\u0161ukuot\u0173. NO KNOTS kondicionierius i\u0161narplios plaukus ir pad\u0117s juos i\u0161\u0161ukuoti, suteiks plaukams \u0161velnumo, blizgesio ir glotnumo.<\/p>\n<p>Kupinas mang\u0173 sviesto, simondsij\u0173 aliejaus, nerafinuoto kakavos sviesto ir amino r\u016bg\u0161\u010di\u0173 i\u0161 nat\u016bralaus \u0161ilko. Nat\u016bralios gaivos \u012fne\u0161 \u0161vie\u017ei\u0173 \u017eali\u0173j\u0173 citrin\u0173 eterinis aliejus su kalendros ir frankincenso u\u017euomina.<\/p>\n<p>Plauk\u0173 ir galvos odos sveikatai palaikyti NO KNOTS kondicionieriuje nepagail\u0117jome \u0161velnaus, dr\u0117kinan\u010dio mang\u0173 sviesto, kuriame gausu riebi\u0173j\u0173 r\u016bg\u0161\u010di\u0173, mineral\u0173 ir vitamin\u0173. Tuo tarpu simondsij\u0173 aliejus (jojoba) suteikia plaukams dar daugiau apsaugos nuo saus\u0117jimo, l\u016b\u017ein\u0117jimo ir suskilin\u0117jusi\u0173 galiuk\u0173. Simondsij\u0173 aliejus turtingas vitamin\u0173 ir mineral\u0173, kurie maitina plaukus, toki\u0173 kaip vitaminai C ir E, B grup\u0117s vitaminai, varis ir cinkas.<\/p>\n<p>Plauk\u0173 stiprinimui, glotnumui bei i\u0161\u0161ukavimui lengvinti naudojame ir tikro \u0161ilko baltymus.<\/p>\n<p>Vir\u0161utine (\u0161viesesne) kondicionieriaus dalimi kondicionuokite plauk\u0173 galiukus, taip juos ypatingai maitinsite ir mink\u0161tinsite, o kietesne apatine dalimi (tamsesne) braukite ar\u010diau plauk\u0173 \u0161akn\u0173.<\/p>\n<table class=\"woocommerce-product-attributes shop_attributes\">\n<tbody>\n<tr class=\"woocommerce-product-attributes-item woocommerce-product-attributes-item--attribute_pa_hair-type\">\n<th class=\"woocommerce-product-attributes-item__label\">Plauk\u0173 tipas<\/th>\n<td class=\"woocommerce-product-attributes-item__value\">Garbanoti, Normal\u016bs, Sausi<\/td>\n<\/tr>\n<tr class=\"woocommerce-product-attributes-item woocommerce-product-attributes-item--attribute_pa_aroma\">\n<th class=\"woocommerce-product-attributes-item__label\">Aromatas<\/th>\n<td class=\"woocommerce-product-attributes-item__value\">Citrusinis, Gaivus<\/td>\n<\/tr>\n<tr class=\"woocommerce-product-attributes-item woocommerce-product-attributes-item--attribute_pa_washes\">\n<th class=\"woocommerce-product-attributes-item__label\">U\u017eteks kart\u0173<\/th>\n<td class=\"woocommerce-product-attributes-item__value\">30-60<\/td>\n<\/tr>\n<tr class=\"woocommerce-product-attributes-item woocommerce-product-attributes-item--attribute_pa_weight\">\n<th class=\"woocommerce-product-attributes-item__label\">Svoris<\/th>\n<td class=\"woocommerce-product-attributes-item__value\">55g<\/td>\n<\/tr>\n<\/tbody>\n<\/table>\n<p><em><strong>Kaip naudoti?<\/strong><\/em><\/p>\n<p><strong>1 \u017eingsnis:<\/strong>\u00a0I\u0161siplaukite plaukus kietuoju \u0161amp\u016bnu.<\/p>\n<p><strong>2 \u017eingsnis:<\/strong>\u00a0Sudr\u0117kinkite kiet\u0105j\u012f kondicionieri\u0173 po \u0161iltu vandeniu. Braukite kondicionieriumi per dr\u0117gnus plaukus. Palikite ant plauk\u0173 kelias minutes. Gerai i\u0161skalaukite.<\/p>\n<p><strong>3 \u017eingsnis:<\/strong>\u00a0Tarp naudojim\u0173 laikyk sausai. Nelaikyk \u0161lapio produkto pakuot\u0117je<\/p>\n<p><strong>4 \u017eingsnis:<\/strong>\u00a0Etiketes nupl\u0117\u0161kite ir perdirbkite kartu su popieriumi. Nat\u016brali d\u0117\u017eut\u0117 gali b\u016bti kompostuojama nam\u0173 s\u0105lygomis, u\u017ekaskite j\u0105 \u017eem\u0117je arba \u012fd\u0117kit \u012f kompost\u0105 kartu su maisto atliekomis.<\/p>\n<p><em><strong>Sud\u0117tis: <\/strong><\/em><\/p>\n<p>CETEARYL ALCOHOL, CETYL ALCOHOL, BEHENTRIMONIUM METHOSULFATE, THEOBROMA CACAO (COCOA) SEED BUTTER, MANGIFERA INDICA(MANGO) SEED BUTTER, SIMMONDSIA CHINENSIS (JOJOBA) SEED OIL, AQUA, CITRUS AURANTIFOLIA (LIME) OIL, BUTYLENE GLYCOL, PANTHENOL, LITSEA CUBEBA(MAY CHANG) FRUIT OIL, POGOSTEMON CABLIN (PATCHOULI) LEAF OIL, CORIANDRUM SATIVUM (CORIANDER)FRUIT OIL, BOSWELLIA SERRATA (FRANKINCENSE) OIL, GLYCERIN, HYDROLYZED SILK, BENZYL ALCOHOL, GLYCERYL LAURATE, C.I.77019, 77891, 77492, CITRAL, LINALOOL, LIMONENE , GERANIOL, CITRONELLOL<\/p>\n<div id=\"text-1438254538\" class=\"text\">\n<div class=\"flex custom-ingredients\">\n<div class=\"tooltip tooltip-custom tooltipstered\">\n<div class=\"custom-tooltip-1\">*Organic\u00a0\u00a0\u00a0**Essential Oil\u00a0\u00a0\u00a0***Occurs naturally in essential oils<\/div>\n<\/div>\n<\/div>\n<\/div>","protected":false},"excerpt":{"rendered":"<p>NO KNOTS is a solid conditioner that will perfectly detangle hair, giving it extra shine and smoothness. It is enriched with lots of mango butter, jojoba oil, unrefined cocoa butter, and silk amino acids. Hair will become stronger, easier to manage and protected from negative environmental factors. A splash of citrus and yellowness for easy-to-comb [&hellip;]<\/p>\n","protected":false},"featured_media":1672777,"comment_status":"open","ping_status":"closed","template":"","meta":{"content-type":"","_monsterinsights_skip_tracking":false,"_monsterinsights_sitenote_active":false,"_monsterinsights_sitenote_note":"","_monsterinsights_sitenote_category":0,"_uf_show_specific_survey":0,"_uf_disable_surveys":false},"product_brand":[1771],"product_cat":[228,230,1035,15],"product_tag":[1736,1733,1737,1735,247,1718],"class_list":{"0":"post-1672773","1":"product","2":"type-product","3":"status-publish","4":"has-post-thumbnail","6":"product_brand-greenspells-solidu-produktai","7":"product_cat-hair-care","8":"product_cat-hair-conditioners","9":"product_cat-sale","10":"product_cat-all-products","11":"product_tag-detangler","12":"product_tag-kietasis-kondicionerius","13":"product_tag-nat8ralus-kondicionerius","14":"product_tag-no-knots","15":"product_tag-solid-conditioner","16":"product_tag-solidu","18":"first","19":"instock","20":"sale","21":"taxable","22":"shipping-taxable","23":"purchasable","24":"product-type-simple"},"bundled_by":[],"bundle_stock_status":"instock","bundle_stock_quantity":null,"bundle_virtual":false,"bundle_layout":"","bundle_add_to_cart_form_location":"","bundle_editable_in_cart":false,"bundle_sold_individually_context":"","bundle_item_grouping":"","bundle_min_size":"","bundle_max_size":"","bundle_price":[],"bundled_items":[],"bundle_sell_ids":[],"group_of_quantity":0,"min_quantity":0,"max_quantity":"","exclude_order_quantity_value_rules":"no","exclude_category_quantity_rules":"no","combine_variations":"no","exclude_global_add_ons":[],"addons":[],"yoast_head":"<!-- This site is optimized with the Yoast SEO plugin v27.5 - https:\/\/yoast.com\/product\/yoast-seo-wordpress\/ -->\n<title>SOLIDU  Detangling conditioner with mango butter  NO KNOTS - Greenspells<\/title>\n<meta name=\"description\" content=\"Solid conditioner that will perfectly detangle hair, giving it extra shine and smoothness. Enriched with mango butter, jojoba oil, unrefined cocoa butter, and silk amino acids.\" \/>\n<meta name=\"robots\" content=\"index, follow, max-snippet:-1, max-image-preview:large, max-video-preview:-1\" \/>\n<link rel=\"canonical\" href=\"https:\/\/greenspells.com\/lt\/produktas\/solidu-detangling-conditioner-with-mango-butter-no-knots\/\" \/>\n<meta property=\"og:locale\" content=\"lt_LT\" \/>\n<meta property=\"og:type\" content=\"article\" \/>\n<meta property=\"og:title\" content=\"SOLIDU  Detangling conditioner with mango butter  NO KNOTS - Greenspells\" \/>\n<meta property=\"og:description\" content=\"Solid conditioner that will perfectly detangle hair, giving it extra shine and smoothness. Enriched with mango butter, jojoba oil, unrefined cocoa butter, and silk amino acids.\" \/>\n<meta property=\"og:url\" content=\"https:\/\/greenspells.com\/lt\/produktas\/solidu-detangling-conditioner-with-mango-butter-no-knots\/\" \/>\n<meta property=\"og:site_name\" content=\"Greenspells\" \/>\n<meta property=\"article:publisher\" content=\"https:\/\/www.facebook.com\/Greenspells\" \/>\n<meta property=\"article:modified_time\" content=\"2026-03-04T06:25:16+00:00\" \/>\n<meta property=\"og:image\" content=\"https:\/\/greenspells.com\/wp-content\/uploads\/2023\/09\/Hex_Knots01_Icon-740x740-1.jpg\" \/>\n\t<meta property=\"og:image:width\" content=\"740\" \/>\n\t<meta property=\"og:image:height\" content=\"740\" \/>\n\t<meta property=\"og:image:type\" content=\"image\/jpeg\" \/>\n<meta name=\"twitter:card\" content=\"summary_large_image\" \/>\n<meta name=\"twitter:label1\" content=\"Est. reading time\" \/>\n\t<meta name=\"twitter:data1\" content=\"2 minut\u0117s\" \/>\n<script type=\"application\/ld+json\" class=\"yoast-schema-graph\">{\"@context\":\"https:\\\/\\\/schema.org\",\"@graph\":[{\"@type\":\"WebPage\",\"@id\":\"https:\\\/\\\/greenspells.com\\\/product\\\/solidu-detangling-conditioner-with-mango-butter-no-knots\\\/\",\"url\":\"https:\\\/\\\/greenspells.com\\\/product\\\/solidu-detangling-conditioner-with-mango-butter-no-knots\\\/\",\"name\":\"SOLIDU Detangling conditioner with mango butter NO KNOTS - Greenspells\",\"isPartOf\":{\"@id\":\"https:\\\/\\\/greenspells.com\\\/#website\"},\"primaryImageOfPage\":{\"@id\":\"https:\\\/\\\/greenspells.com\\\/product\\\/solidu-detangling-conditioner-with-mango-butter-no-knots\\\/#primaryimage\"},\"image\":{\"@id\":\"https:\\\/\\\/greenspells.com\\\/product\\\/solidu-detangling-conditioner-with-mango-butter-no-knots\\\/#primaryimage\"},\"thumbnailUrl\":\"https:\\\/\\\/i0.wp.com\\\/greenspells.com\\\/wp-content\\\/uploads\\\/2023\\\/09\\\/Hex_Knots01_Icon-740x740-1.jpg?fit=740%2C740&ssl=1\",\"datePublished\":\"2023-09-06T09:17:15+00:00\",\"dateModified\":\"2026-03-04T06:25:16+00:00\",\"description\":\"Solid conditioner that will perfectly detangle hair, giving it extra shine and smoothness. Enriched with mango butter, jojoba oil, unrefined cocoa butter, and silk amino acids.\",\"breadcrumb\":{\"@id\":\"https:\\\/\\\/greenspells.com\\\/product\\\/solidu-detangling-conditioner-with-mango-butter-no-knots\\\/#breadcrumb\"},\"inLanguage\":\"lt-LT\",\"potentialAction\":[{\"@type\":\"ReadAction\",\"target\":[\"https:\\\/\\\/greenspells.com\\\/product\\\/solidu-detangling-conditioner-with-mango-butter-no-knots\\\/\"]}]},{\"@type\":\"ImageObject\",\"inLanguage\":\"lt-LT\",\"@id\":\"https:\\\/\\\/greenspells.com\\\/product\\\/solidu-detangling-conditioner-with-mango-butter-no-knots\\\/#primaryimage\",\"url\":\"https:\\\/\\\/i0.wp.com\\\/greenspells.com\\\/wp-content\\\/uploads\\\/2023\\\/09\\\/Hex_Knots01_Icon-740x740-1.jpg?fit=740%2C740&ssl=1\",\"contentUrl\":\"https:\\\/\\\/i0.wp.com\\\/greenspells.com\\\/wp-content\\\/uploads\\\/2023\\\/09\\\/Hex_Knots01_Icon-740x740-1.jpg?fit=740%2C740&ssl=1\",\"width\":740,\"height\":740,\"caption\":\"SOLIDU hair conditioner NO knots\"},{\"@type\":\"BreadcrumbList\",\"@id\":\"https:\\\/\\\/greenspells.com\\\/product\\\/solidu-detangling-conditioner-with-mango-butter-no-knots\\\/#breadcrumb\",\"itemListElement\":[{\"@type\":\"ListItem\",\"position\":1,\"name\":\"Home\",\"item\":\"https:\\\/\\\/greenspells.com\\\/\"},{\"@type\":\"ListItem\",\"position\":2,\"name\":\"Shop\",\"item\":\"https:\\\/\\\/greenspells.com\\\/shop\\\/\"},{\"@type\":\"ListItem\",\"position\":3,\"name\":\"SOLIDU Detangling conditioner with mango butter NO KNOTS\"}]},{\"@type\":\"WebSite\",\"@id\":\"https:\\\/\\\/greenspells.com\\\/#website\",\"url\":\"https:\\\/\\\/greenspells.com\\\/\",\"name\":\"Greenspells\",\"description\":\"Nat\u016brali ir ekologi\u0161ka kosmetika\",\"publisher\":{\"@id\":\"https:\\\/\\\/greenspells.com\\\/#organization\"},\"potentialAction\":[{\"@type\":\"SearchAction\",\"target\":{\"@type\":\"EntryPoint\",\"urlTemplate\":\"https:\\\/\\\/greenspells.com\\\/?s={search_term_string}\"},\"query-input\":{\"@type\":\"PropertyValueSpecification\",\"valueRequired\":true,\"valueName\":\"search_term_string\"}}],\"inLanguage\":\"lt-LT\"},{\"@type\":\"Organization\",\"@id\":\"https:\\\/\\\/greenspells.com\\\/#organization\",\"name\":\"Greenspells\",\"url\":\"https:\\\/\\\/greenspells.com\\\/\",\"logo\":{\"@type\":\"ImageObject\",\"inLanguage\":\"lt-LT\",\"@id\":\"https:\\\/\\\/greenspells.com\\\/#\\\/schema\\\/logo\\\/image\\\/\",\"url\":\"https:\\\/\\\/i0.wp.com\\\/greenspells.com\\\/wp-content\\\/uploads\\\/2020\\\/09\\\/20200722_153424_0000.png?fit=1500%2C1500&ssl=1\",\"contentUrl\":\"https:\\\/\\\/i0.wp.com\\\/greenspells.com\\\/wp-content\\\/uploads\\\/2020\\\/09\\\/20200722_153424_0000.png?fit=1500%2C1500&ssl=1\",\"width\":1500,\"height\":1500,\"caption\":\"Greenspells\"},\"image\":{\"@id\":\"https:\\\/\\\/greenspells.com\\\/#\\\/schema\\\/logo\\\/image\\\/\"},\"sameAs\":[\"https:\\\/\\\/www.facebook.com\\\/Greenspells\",\"https:\\\/\\\/www.instagram.com\\\/greenspells_store\\\/\"]}]}<\/script>\n<!-- \/ Yoast SEO plugin. -->","yoast_head_json":{"title":"SOLIDU  Detangling conditioner with mango butter  NO KNOTS - Greenspells","description":"Solid conditioner that will perfectly detangle hair, giving it extra shine and smoothness. Enriched with mango butter, jojoba oil, unrefined cocoa butter, and silk amino acids.","robots":{"index":"index","follow":"follow","max-snippet":"max-snippet:-1","max-image-preview":"max-image-preview:large","max-video-preview":"max-video-preview:-1"},"canonical":"https:\/\/greenspells.com\/lt\/produktas\/solidu-detangling-conditioner-with-mango-butter-no-knots\/","og_locale":"lt_LT","og_type":"article","og_title":"SOLIDU  Detangling conditioner with mango butter  NO KNOTS - Greenspells","og_description":"Solid conditioner that will perfectly detangle hair, giving it extra shine and smoothness. Enriched with mango butter, jojoba oil, unrefined cocoa butter, and silk amino acids.","og_url":"https:\/\/greenspells.com\/lt\/produktas\/solidu-detangling-conditioner-with-mango-butter-no-knots\/","og_site_name":"Greenspells","article_publisher":"https:\/\/www.facebook.com\/Greenspells","article_modified_time":"2026-03-04T06:25:16+00:00","og_image":[{"width":740,"height":740,"url":"https:\/\/greenspells.com\/wp-content\/uploads\/2023\/09\/Hex_Knots01_Icon-740x740-1.jpg","type":"image\/jpeg"}],"twitter_card":"summary_large_image","twitter_misc":{"Est. reading time":"2 minut\u0117s"},"schema":{"@context":"https:\/\/schema.org","@graph":[{"@type":"WebPage","@id":"https:\/\/greenspells.com\/product\/solidu-detangling-conditioner-with-mango-butter-no-knots\/","url":"https:\/\/greenspells.com\/product\/solidu-detangling-conditioner-with-mango-butter-no-knots\/","name":"SOLIDU Detangling conditioner with mango butter NO KNOTS - Greenspells","isPartOf":{"@id":"https:\/\/greenspells.com\/#website"},"primaryImageOfPage":{"@id":"https:\/\/greenspells.com\/product\/solidu-detangling-conditioner-with-mango-butter-no-knots\/#primaryimage"},"image":{"@id":"https:\/\/greenspells.com\/product\/solidu-detangling-conditioner-with-mango-butter-no-knots\/#primaryimage"},"thumbnailUrl":"https:\/\/i0.wp.com\/greenspells.com\/wp-content\/uploads\/2023\/09\/Hex_Knots01_Icon-740x740-1.jpg?fit=740%2C740&ssl=1","datePublished":"2023-09-06T09:17:15+00:00","dateModified":"2026-03-04T06:25:16+00:00","description":"Solid conditioner that will perfectly detangle hair, giving it extra shine and smoothness. Enriched with mango butter, jojoba oil, unrefined cocoa butter, and silk amino acids.","breadcrumb":{"@id":"https:\/\/greenspells.com\/product\/solidu-detangling-conditioner-with-mango-butter-no-knots\/#breadcrumb"},"inLanguage":"lt-LT","potentialAction":[{"@type":"ReadAction","target":["https:\/\/greenspells.com\/product\/solidu-detangling-conditioner-with-mango-butter-no-knots\/"]}]},{"@type":"ImageObject","inLanguage":"lt-LT","@id":"https:\/\/greenspells.com\/product\/solidu-detangling-conditioner-with-mango-butter-no-knots\/#primaryimage","url":"https:\/\/i0.wp.com\/greenspells.com\/wp-content\/uploads\/2023\/09\/Hex_Knots01_Icon-740x740-1.jpg?fit=740%2C740&ssl=1","contentUrl":"https:\/\/i0.wp.com\/greenspells.com\/wp-content\/uploads\/2023\/09\/Hex_Knots01_Icon-740x740-1.jpg?fit=740%2C740&ssl=1","width":740,"height":740,"caption":"SOLIDU hair conditioner NO knots"},{"@type":"BreadcrumbList","@id":"https:\/\/greenspells.com\/product\/solidu-detangling-conditioner-with-mango-butter-no-knots\/#breadcrumb","itemListElement":[{"@type":"ListItem","position":1,"name":"Home","item":"https:\/\/greenspells.com\/"},{"@type":"ListItem","position":2,"name":"Shop","item":"https:\/\/greenspells.com\/shop\/"},{"@type":"ListItem","position":3,"name":"SOLIDU Detangling conditioner with mango butter NO KNOTS"}]},{"@type":"WebSite","@id":"https:\/\/greenspells.com\/#website","url":"https:\/\/greenspells.com\/","name":"Greenspells","description":"Nat\u016brali ir ekologi\u0161ka kosmetika","publisher":{"@id":"https:\/\/greenspells.com\/#organization"},"potentialAction":[{"@type":"SearchAction","target":{"@type":"EntryPoint","urlTemplate":"https:\/\/greenspells.com\/?s={search_term_string}"},"query-input":{"@type":"PropertyValueSpecification","valueRequired":true,"valueName":"search_term_string"}}],"inLanguage":"lt-LT"},{"@type":"Organization","@id":"https:\/\/greenspells.com\/#organization","name":"Greenspells","url":"https:\/\/greenspells.com\/","logo":{"@type":"ImageObject","inLanguage":"lt-LT","@id":"https:\/\/greenspells.com\/#\/schema\/logo\/image\/","url":"https:\/\/i0.wp.com\/greenspells.com\/wp-content\/uploads\/2020\/09\/20200722_153424_0000.png?fit=1500%2C1500&ssl=1","contentUrl":"https:\/\/i0.wp.com\/greenspells.com\/wp-content\/uploads\/2020\/09\/20200722_153424_0000.png?fit=1500%2C1500&ssl=1","width":1500,"height":1500,"caption":"Greenspells"},"image":{"@id":"https:\/\/greenspells.com\/#\/schema\/logo\/image\/"},"sameAs":["https:\/\/www.facebook.com\/Greenspells","https:\/\/www.instagram.com\/greenspells_store\/"]}]}},"jetpack_likes_enabled":true,"jetpack_sharing_enabled":true,"_links":{"self":[{"href":"https:\/\/greenspells.com\/lt\/wp-json\/wp\/v2\/product\/1672773","targetHints":{"allow":["GET"]}}],"collection":[{"href":"https:\/\/greenspells.com\/lt\/wp-json\/wp\/v2\/product"}],"about":[{"href":"https:\/\/greenspells.com\/lt\/wp-json\/wp\/v2\/types\/product"}],"replies":[{"embeddable":true,"href":"https:\/\/greenspells.com\/lt\/wp-json\/wp\/v2\/comments?post=1672773"}],"wp:featuredmedia":[{"embeddable":true,"href":"https:\/\/greenspells.com\/lt\/wp-json\/wp\/v2\/media\/1672777"}],"wp:attachment":[{"href":"https:\/\/greenspells.com\/lt\/wp-json\/wp\/v2\/media?parent=1672773"}],"wp:term":[{"taxonomy":"product_brand","embeddable":true,"href":"https:\/\/greenspells.com\/lt\/wp-json\/wp\/v2\/product_brand?post=1672773"},{"taxonomy":"product_cat","embeddable":true,"href":"https:\/\/greenspells.com\/lt\/wp-json\/wp\/v2\/product_cat?post=1672773"},{"taxonomy":"product_tag","embeddable":true,"href":"https:\/\/greenspells.com\/lt\/wp-json\/wp\/v2\/product_tag?post=1672773"}],"curies":[{"name":"wp","href":"https:\/\/api.w.org\/{rel}","templated":true}]}}