{"id":1672732,"date":"2023-09-04T21:49:00","date_gmt":"2023-09-04T19:49:00","guid":{"rendered":"https:\/\/greenspells.com\/?post_type=product&#038;p=1672732"},"modified":"2026-03-04T08:27:09","modified_gmt":"2026-03-04T06:27:09","slug":"solidu-gentle-shampoo-for-normal-hair-with-peony-and-ylang-ylang-pink","status":"publish","type":"product","link":"https:\/\/greenspells.com\/lt\/produktas\/solidu-gentle-shampoo-for-normal-hair-with-peony-and-ylang-ylang-pink\/","title":{"rendered":"SOLIDU <br> \u0160velnus \u0161amp\u016bnas normaliems plaukams su bij\u016bnais ir ylang-ylang <br> Ro\u017ein\u0117"},"content":{"rendered":"<p>PINK \u0161amp\u016bnas pagamintas su tikr\u0173 bij\u016bn\u0173 \u0161akn\u0173 ekstraktu ir kvapi\u0173j\u0173 kanang\u0173, geriau \u017einom\u0173 kaip ylang-ylang,eteriniu aliejumi. Jis skirtas kasdienei vis\u0173 plauk\u0173 tip\u0173 prie\u017ei\u016brai \u2013 kruop\u0161\u010diai i\u0161plauna ir lengvai kondicionuoja plauk\u0105. Plaukai lieka \u0161var\u016bs, pur\u016bs, bet kartu glotn\u016bs, ma\u017eiau besipu\u010diantys ir nei\u0161sausinti.<\/p>\n<p>Bij\u016bn\u0173 \u0161aknys \u2013 nat\u016brali od\u0105 raminanti, nie\u017e\u0117jim\u0105 ma\u017einanti priemon\u0117, taip pat stiprinanti plauko folikul\u0105. Bij\u016bnai gali pad\u0117ti normalizuoti odos epidermio b\u016bkl\u0119 ir riebalini\u0173 liauk\u0173 veikl\u0105.<\/p>\n<p>\u0160amp\u016bnas taip pat praturtintas plaukams naudingais kokos\u0173 ir alyvuogi\u0173 aliejais, pantenoliu (vitaminu B5) bei nat\u016braliu vitaminu E, kuris veikia antioksidaci\u0161kai. Tyras, auk\u0161tos kokyb\u0117s sud\u0117tyje esantis kokos\u0173 aliejus yra nat\u016bralus dr\u0117kiklis \u2013 d\u0117l to plaukai lieka glotnesni ir ma\u017eiau pu\u010diasi.\n\nAlyvuogi\u0173 aliejus yra laikomas vienu geriausi\u0173 pasirinkim\u0173 gro\u017eio ritualams. Savyje turintis vitamin\u0173 A, D, E, K ir antioksidant\u0173, jis prisideda prie plauk\u0173 b\u016bkl\u0117s gerinimo \u2013 \u0161velnina ir gali paskatinti nat\u016bralaus \u017evilgesio atsiradim\u0105.<\/p>\n<p>Kvapn\u016bs \u201eylang-ylang\u201c \u017eiedai i\u0161 Pietry\u010di\u0173 Azijos turi gaiviai sald\u0173 aromat\u0105. SOLIDU PINK \u0161amp\u016bne naudojamas nat\u016bralus \u0161i\u0173 \u017eied\u0173 eterinis aliejus, kuris du\u0161o ritual\u0105 pavers laukiamiausiu dienos malonumu.<\/p>\n<table class=\"woocommerce-product-attributes shop_attributes\">\n<tbody>\n<tr class=\"woocommerce-product-attributes-item woocommerce-product-attributes-item--attribute_pa_hair-type\">\n<th class=\"woocommerce-product-attributes-item__label\">Plauk\u0173 tipas<\/th>\n<td class=\"woocommerce-product-attributes-item__value\">Besipu\u010diantys, Normal\u016bs<\/td>\n<\/tr>\n<tr class=\"woocommerce-product-attributes-item woocommerce-product-attributes-item--attribute_pa_aroma\">\n<th class=\"woocommerce-product-attributes-item__label\">Aromatas<\/th>\n<td class=\"woocommerce-product-attributes-item__value\">Gaiviai saldus, G\u0117li\u0173<\/td>\n<\/tr>\n<tr class=\"woocommerce-product-attributes-item woocommerce-product-attributes-item--attribute_pa_washes\">\n<th class=\"woocommerce-product-attributes-item__label\">U\u017eteks kart\u0173<\/th>\n<td class=\"woocommerce-product-attributes-item__value\">20-50<\/td>\n<\/tr>\n<tr class=\"woocommerce-product-attributes-item woocommerce-product-attributes-item--attribute_pa_weight\">\n<th class=\"woocommerce-product-attributes-item__label\">Svoris<\/th>\n<td class=\"woocommerce-product-attributes-item__value\">65g<\/td>\n<\/tr>\n<\/tbody>\n<\/table>\n<p><em><strong>Kaip naudoti?<\/strong><\/em><\/p>\n<p><strong>1 \u017eingsnis:<\/strong> Su\u0161lapinkite \u0161amp\u016bn\u0105 ir patrinkite, kad suputot\u0173. Braukite juo per \u0161lapius plaukus, gerai i\u0161skalaukite. Kartokite tiek kart\u0173, kiek reikia.<\/p>\n<p><strong class=\"step\">2 \u017eingsnis:<\/strong>\u00a0Jei reikia, po \u0161amp\u016bno naudokite kondicionieri\u0173.<\/p>\n<p><strong class=\"step\">3 \u017eingsnis:<\/strong>\u00a0Tarp naudojim\u0173 laikyk sausai. Nelaikyk \u0161lapio produkto pakuot\u0117je<\/p>\n<p><strong class=\"step\">4 \u017eingsnis:<\/strong>\u00a0Etiketes nupl\u0117\u0161kite ir perdirbkite kartu su popieriumi. Nat\u016brali d\u0117\u017eut\u0117 gali b\u016bti kompostuojama nam\u0173 s\u0105lygomis, u\u017ekaskite j\u0105 \u017eem\u0117je arba \u012fd\u0117kit \u012f kompost\u0105 kartu su maisto atliekomis.<\/p>\n<p><em><strong>Sud\u0117tis:<\/strong><\/em><\/p>\n<p>SODIUM COCOYL ISETHIONATE, SODIUM LAURYL SULFOACETATE, PAEONIA OFFICINALIS (PEONY) ROOT POWDER, OLEA EUROPAEA (EXTRA VIRGIN OLIVE) FRUIT OIL, CETYL ALCOHOL, CETEARYL ALCOHOL, BEHENTRIMONIUM METHOSULFATE, COCOS NUCIFERA (COCONUT) OIL, AQUA, COCO-CAPRYLATE, COCAMIDOPROPYL BETAINE, CANANGA ODORATA (YLANG-YLANG) FLOWER OIL, PELARGONIUM GRAVEOLENS (GERANIUM) FLOWER OIL, PANTHENOL, TOCOPHEROL (NATURAL VITAMIN E), HELIANTHUS ANNUUS (SUNFLOWER) SEED OIL,\u00a0 LITSEA CUBEBA(MAY CHANG)FRUIT OIL, CITRUS PARADISI (GRAPEFRUIT) PEEL OIL, CEDRUS ATLANTICA (CEDARWOOD) BARK OIL, BENZYL ALCOHOL, GLYCERYL LAURATE, MICA, TITANIUM DIOXIDE, CI 45410:2, TIN OXIDE, LIMONENE, CITRONELLOL, CITRAL, GERANIOL, LINALOOL, BENZYL BENZOATE, BENZYL SALICYLATE, FARNESOL, ISOEUGENOL *Organic\u00a0\u00a0\u00a0**Essential Oil\u00a0\u00a0\u00a0***Occurs naturally in essential oils<\/p>","protected":false},"excerpt":{"rendered":"<p>PINK shampoo is made with real peony roots and essential oil from ylang-ylang flowers. Designed for daily care of all hair types, it thoroughly washes and lightly conditions the hair. The hair remains clean and volumized, but at the same time smooth, hydrated and less frizzy. Peony roots are a natural soothing agent for the [&hellip;]<\/p>\n","protected":false},"featured_media":1672737,"comment_status":"open","ping_status":"closed","template":"","meta":{"content-type":"","_monsterinsights_skip_tracking":false,"_monsterinsights_sitenote_active":false,"_monsterinsights_sitenote_note":"","_monsterinsights_sitenote_category":0,"_uf_show_specific_survey":0,"_uf_disable_surveys":false},"product_brand":[1771],"product_cat":[228,1035,229,15],"product_tag":[455,433,968,103,232,1718],"class_list":{"0":"post-1672732","1":"product","2":"type-product","3":"status-publish","4":"has-post-thumbnail","6":"product_brand-greenspells-solidu-produktai","7":"product_cat-hair-care","8":"product_cat-sale","9":"product_cat-shampoo-bars","10":"product_cat-all-products","11":"product_tag-besiveliantiems-plaukams","12":"product_tag-kietasis-sampunas","13":"product_tag-naturalus-sampunas","14":"product_tag-pink","15":"product_tag-shampoo-bar","16":"product_tag-solidu","18":"first","19":"instock","20":"sale","21":"taxable","22":"shipping-taxable","23":"purchasable","24":"product-type-simple"},"bundled_by":[],"bundle_stock_status":"instock","bundle_stock_quantity":null,"bundle_virtual":false,"bundle_layout":"","bundle_add_to_cart_form_location":"","bundle_editable_in_cart":false,"bundle_sold_individually_context":"","bundle_item_grouping":"","bundle_min_size":"","bundle_max_size":"","bundle_price":[],"bundled_items":[],"bundle_sell_ids":[],"group_of_quantity":0,"min_quantity":0,"max_quantity":"","exclude_order_quantity_value_rules":"no","exclude_category_quantity_rules":"no","combine_variations":"no","exclude_global_add_ons":[],"addons":[],"yoast_head":"<!-- This site is optimized with the Yoast SEO plugin v27.4 - https:\/\/yoast.com\/product\/yoast-seo-wordpress\/ -->\n<title>SOLIDU  Gentle shampoo for normal hair with peony and ylang-ylang  PINK - Greenspells<\/title>\n<meta name=\"description\" content=\"Made with peony root powder and ylang ylang essential oil. For daily care of all hair types,The hair remains clean, volumized, hydrated and less frizzy.\" \/>\n<meta name=\"robots\" content=\"index, follow, max-snippet:-1, max-image-preview:large, max-video-preview:-1\" \/>\n<link rel=\"canonical\" href=\"https:\/\/greenspells.com\/lt\/produktas\/solidu-gentle-shampoo-for-normal-hair-with-peony-and-ylang-ylang-pink\/\" \/>\n<meta property=\"og:locale\" content=\"lt_LT\" \/>\n<meta property=\"og:type\" content=\"article\" \/>\n<meta property=\"og:title\" content=\"SOLIDU  Gentle shampoo for normal hair with peony and ylang-ylang  PINK - Greenspells\" \/>\n<meta property=\"og:description\" content=\"Made with peony root powder and ylang ylang essential oil. For daily care of all hair types,The hair remains clean, volumized, hydrated and less frizzy.\" \/>\n<meta property=\"og:url\" content=\"https:\/\/greenspells.com\/lt\/produktas\/solidu-gentle-shampoo-for-normal-hair-with-peony-and-ylang-ylang-pink\/\" \/>\n<meta property=\"og:site_name\" content=\"Greenspells\" \/>\n<meta property=\"article:publisher\" content=\"https:\/\/www.facebook.com\/Greenspells\" \/>\n<meta property=\"article:modified_time\" content=\"2026-03-04T06:27:09+00:00\" \/>\n<meta property=\"og:image\" content=\"https:\/\/greenspells.com\/wp-content\/uploads\/2023\/09\/Hex_Pink01_Icon-740x740-1.jpg\" \/>\n\t<meta property=\"og:image:width\" content=\"740\" \/>\n\t<meta property=\"og:image:height\" content=\"740\" \/>\n\t<meta property=\"og:image:type\" content=\"image\/jpeg\" \/>\n<meta name=\"twitter:card\" content=\"summary_large_image\" \/>\n<meta name=\"twitter:label1\" content=\"Est. reading time\" \/>\n\t<meta name=\"twitter:data1\" content=\"2 minut\u0117s\" \/>\n<script type=\"application\/ld+json\" class=\"yoast-schema-graph\">{\"@context\":\"https:\\\/\\\/schema.org\",\"@graph\":[{\"@type\":\"WebPage\",\"@id\":\"https:\\\/\\\/greenspells.com\\\/product\\\/solidu-gentle-shampoo-for-normal-hair-with-peony-and-ylang-ylang-pink\\\/\",\"url\":\"https:\\\/\\\/greenspells.com\\\/product\\\/solidu-gentle-shampoo-for-normal-hair-with-peony-and-ylang-ylang-pink\\\/\",\"name\":\"SOLIDU Gentle shampoo for normal hair with peony and ylang-ylang PINK - Greenspells\",\"isPartOf\":{\"@id\":\"https:\\\/\\\/greenspells.com\\\/#website\"},\"primaryImageOfPage\":{\"@id\":\"https:\\\/\\\/greenspells.com\\\/product\\\/solidu-gentle-shampoo-for-normal-hair-with-peony-and-ylang-ylang-pink\\\/#primaryimage\"},\"image\":{\"@id\":\"https:\\\/\\\/greenspells.com\\\/product\\\/solidu-gentle-shampoo-for-normal-hair-with-peony-and-ylang-ylang-pink\\\/#primaryimage\"},\"thumbnailUrl\":\"https:\\\/\\\/i0.wp.com\\\/greenspells.com\\\/wp-content\\\/uploads\\\/2023\\\/09\\\/Hex_Pink01_Icon-740x740-1.jpg?fit=740%2C740&ssl=1\",\"datePublished\":\"2023-09-04T19:49:00+00:00\",\"dateModified\":\"2026-03-04T06:27:09+00:00\",\"description\":\"Made with peony root powder and ylang ylang essential oil. For daily care of all hair types,The hair remains clean, volumized, hydrated and less frizzy.\",\"breadcrumb\":{\"@id\":\"https:\\\/\\\/greenspells.com\\\/product\\\/solidu-gentle-shampoo-for-normal-hair-with-peony-and-ylang-ylang-pink\\\/#breadcrumb\"},\"inLanguage\":\"lt-LT\",\"potentialAction\":[{\"@type\":\"ReadAction\",\"target\":[\"https:\\\/\\\/greenspells.com\\\/product\\\/solidu-gentle-shampoo-for-normal-hair-with-peony-and-ylang-ylang-pink\\\/\"]}]},{\"@type\":\"ImageObject\",\"inLanguage\":\"lt-LT\",\"@id\":\"https:\\\/\\\/greenspells.com\\\/product\\\/solidu-gentle-shampoo-for-normal-hair-with-peony-and-ylang-ylang-pink\\\/#primaryimage\",\"url\":\"https:\\\/\\\/i0.wp.com\\\/greenspells.com\\\/wp-content\\\/uploads\\\/2023\\\/09\\\/Hex_Pink01_Icon-740x740-1.jpg?fit=740%2C740&ssl=1\",\"contentUrl\":\"https:\\\/\\\/i0.wp.com\\\/greenspells.com\\\/wp-content\\\/uploads\\\/2023\\\/09\\\/Hex_Pink01_Icon-740x740-1.jpg?fit=740%2C740&ssl=1\",\"width\":740,\"height\":740},{\"@type\":\"BreadcrumbList\",\"@id\":\"https:\\\/\\\/greenspells.com\\\/product\\\/solidu-gentle-shampoo-for-normal-hair-with-peony-and-ylang-ylang-pink\\\/#breadcrumb\",\"itemListElement\":[{\"@type\":\"ListItem\",\"position\":1,\"name\":\"Home\",\"item\":\"https:\\\/\\\/greenspells.com\\\/\"},{\"@type\":\"ListItem\",\"position\":2,\"name\":\"Shop\",\"item\":\"https:\\\/\\\/greenspells.com\\\/shop\\\/\"},{\"@type\":\"ListItem\",\"position\":3,\"name\":\"SOLIDU Gentle shampoo for normal hair with peony and ylang-ylang PINK\"}]},{\"@type\":\"WebSite\",\"@id\":\"https:\\\/\\\/greenspells.com\\\/#website\",\"url\":\"https:\\\/\\\/greenspells.com\\\/\",\"name\":\"Greenspells\",\"description\":\"Nat\u016brali ir ekologi\u0161ka kosmetika\",\"publisher\":{\"@id\":\"https:\\\/\\\/greenspells.com\\\/#organization\"},\"potentialAction\":[{\"@type\":\"SearchAction\",\"target\":{\"@type\":\"EntryPoint\",\"urlTemplate\":\"https:\\\/\\\/greenspells.com\\\/?s={search_term_string}\"},\"query-input\":{\"@type\":\"PropertyValueSpecification\",\"valueRequired\":true,\"valueName\":\"search_term_string\"}}],\"inLanguage\":\"lt-LT\"},{\"@type\":\"Organization\",\"@id\":\"https:\\\/\\\/greenspells.com\\\/#organization\",\"name\":\"Greenspells\",\"url\":\"https:\\\/\\\/greenspells.com\\\/\",\"logo\":{\"@type\":\"ImageObject\",\"inLanguage\":\"lt-LT\",\"@id\":\"https:\\\/\\\/greenspells.com\\\/#\\\/schema\\\/logo\\\/image\\\/\",\"url\":\"https:\\\/\\\/i0.wp.com\\\/greenspells.com\\\/wp-content\\\/uploads\\\/2020\\\/09\\\/20200722_153424_0000.png?fit=1500%2C1500&ssl=1\",\"contentUrl\":\"https:\\\/\\\/i0.wp.com\\\/greenspells.com\\\/wp-content\\\/uploads\\\/2020\\\/09\\\/20200722_153424_0000.png?fit=1500%2C1500&ssl=1\",\"width\":1500,\"height\":1500,\"caption\":\"Greenspells\"},\"image\":{\"@id\":\"https:\\\/\\\/greenspells.com\\\/#\\\/schema\\\/logo\\\/image\\\/\"},\"sameAs\":[\"https:\\\/\\\/www.facebook.com\\\/Greenspells\",\"https:\\\/\\\/www.instagram.com\\\/greenspells_store\\\/\"]}]}<\/script>\n<!-- \/ Yoast SEO plugin. -->","yoast_head_json":{"title":"SOLIDU  Gentle shampoo for normal hair with peony and ylang-ylang  PINK - Greenspells","description":"Made with peony root powder and ylang ylang essential oil. For daily care of all hair types,The hair remains clean, volumized, hydrated and less frizzy.","robots":{"index":"index","follow":"follow","max-snippet":"max-snippet:-1","max-image-preview":"max-image-preview:large","max-video-preview":"max-video-preview:-1"},"canonical":"https:\/\/greenspells.com\/lt\/produktas\/solidu-gentle-shampoo-for-normal-hair-with-peony-and-ylang-ylang-pink\/","og_locale":"lt_LT","og_type":"article","og_title":"SOLIDU  Gentle shampoo for normal hair with peony and ylang-ylang  PINK - Greenspells","og_description":"Made with peony root powder and ylang ylang essential oil. For daily care of all hair types,The hair remains clean, volumized, hydrated and less frizzy.","og_url":"https:\/\/greenspells.com\/lt\/produktas\/solidu-gentle-shampoo-for-normal-hair-with-peony-and-ylang-ylang-pink\/","og_site_name":"Greenspells","article_publisher":"https:\/\/www.facebook.com\/Greenspells","article_modified_time":"2026-03-04T06:27:09+00:00","og_image":[{"width":740,"height":740,"url":"https:\/\/greenspells.com\/wp-content\/uploads\/2023\/09\/Hex_Pink01_Icon-740x740-1.jpg","type":"image\/jpeg"}],"twitter_card":"summary_large_image","twitter_misc":{"Est. reading time":"2 minut\u0117s"},"schema":{"@context":"https:\/\/schema.org","@graph":[{"@type":"WebPage","@id":"https:\/\/greenspells.com\/product\/solidu-gentle-shampoo-for-normal-hair-with-peony-and-ylang-ylang-pink\/","url":"https:\/\/greenspells.com\/product\/solidu-gentle-shampoo-for-normal-hair-with-peony-and-ylang-ylang-pink\/","name":"SOLIDU Gentle shampoo for normal hair with peony and ylang-ylang PINK - Greenspells","isPartOf":{"@id":"https:\/\/greenspells.com\/#website"},"primaryImageOfPage":{"@id":"https:\/\/greenspells.com\/product\/solidu-gentle-shampoo-for-normal-hair-with-peony-and-ylang-ylang-pink\/#primaryimage"},"image":{"@id":"https:\/\/greenspells.com\/product\/solidu-gentle-shampoo-for-normal-hair-with-peony-and-ylang-ylang-pink\/#primaryimage"},"thumbnailUrl":"https:\/\/i0.wp.com\/greenspells.com\/wp-content\/uploads\/2023\/09\/Hex_Pink01_Icon-740x740-1.jpg?fit=740%2C740&ssl=1","datePublished":"2023-09-04T19:49:00+00:00","dateModified":"2026-03-04T06:27:09+00:00","description":"Made with peony root powder and ylang ylang essential oil. For daily care of all hair types,The hair remains clean, volumized, hydrated and less frizzy.","breadcrumb":{"@id":"https:\/\/greenspells.com\/product\/solidu-gentle-shampoo-for-normal-hair-with-peony-and-ylang-ylang-pink\/#breadcrumb"},"inLanguage":"lt-LT","potentialAction":[{"@type":"ReadAction","target":["https:\/\/greenspells.com\/product\/solidu-gentle-shampoo-for-normal-hair-with-peony-and-ylang-ylang-pink\/"]}]},{"@type":"ImageObject","inLanguage":"lt-LT","@id":"https:\/\/greenspells.com\/product\/solidu-gentle-shampoo-for-normal-hair-with-peony-and-ylang-ylang-pink\/#primaryimage","url":"https:\/\/i0.wp.com\/greenspells.com\/wp-content\/uploads\/2023\/09\/Hex_Pink01_Icon-740x740-1.jpg?fit=740%2C740&ssl=1","contentUrl":"https:\/\/i0.wp.com\/greenspells.com\/wp-content\/uploads\/2023\/09\/Hex_Pink01_Icon-740x740-1.jpg?fit=740%2C740&ssl=1","width":740,"height":740},{"@type":"BreadcrumbList","@id":"https:\/\/greenspells.com\/product\/solidu-gentle-shampoo-for-normal-hair-with-peony-and-ylang-ylang-pink\/#breadcrumb","itemListElement":[{"@type":"ListItem","position":1,"name":"Home","item":"https:\/\/greenspells.com\/"},{"@type":"ListItem","position":2,"name":"Shop","item":"https:\/\/greenspells.com\/shop\/"},{"@type":"ListItem","position":3,"name":"SOLIDU Gentle shampoo for normal hair with peony and ylang-ylang PINK"}]},{"@type":"WebSite","@id":"https:\/\/greenspells.com\/#website","url":"https:\/\/greenspells.com\/","name":"Greenspells","description":"Nat\u016brali ir ekologi\u0161ka kosmetika","publisher":{"@id":"https:\/\/greenspells.com\/#organization"},"potentialAction":[{"@type":"SearchAction","target":{"@type":"EntryPoint","urlTemplate":"https:\/\/greenspells.com\/?s={search_term_string}"},"query-input":{"@type":"PropertyValueSpecification","valueRequired":true,"valueName":"search_term_string"}}],"inLanguage":"lt-LT"},{"@type":"Organization","@id":"https:\/\/greenspells.com\/#organization","name":"Greenspells","url":"https:\/\/greenspells.com\/","logo":{"@type":"ImageObject","inLanguage":"lt-LT","@id":"https:\/\/greenspells.com\/#\/schema\/logo\/image\/","url":"https:\/\/i0.wp.com\/greenspells.com\/wp-content\/uploads\/2020\/09\/20200722_153424_0000.png?fit=1500%2C1500&ssl=1","contentUrl":"https:\/\/i0.wp.com\/greenspells.com\/wp-content\/uploads\/2020\/09\/20200722_153424_0000.png?fit=1500%2C1500&ssl=1","width":1500,"height":1500,"caption":"Greenspells"},"image":{"@id":"https:\/\/greenspells.com\/#\/schema\/logo\/image\/"},"sameAs":["https:\/\/www.facebook.com\/Greenspells","https:\/\/www.instagram.com\/greenspells_store\/"]}]}},"jetpack_likes_enabled":true,"jetpack_sharing_enabled":true,"_links":{"self":[{"href":"https:\/\/greenspells.com\/lt\/wp-json\/wp\/v2\/product\/1672732","targetHints":{"allow":["GET"]}}],"collection":[{"href":"https:\/\/greenspells.com\/lt\/wp-json\/wp\/v2\/product"}],"about":[{"href":"https:\/\/greenspells.com\/lt\/wp-json\/wp\/v2\/types\/product"}],"replies":[{"embeddable":true,"href":"https:\/\/greenspells.com\/lt\/wp-json\/wp\/v2\/comments?post=1672732"}],"wp:featuredmedia":[{"embeddable":true,"href":"https:\/\/greenspells.com\/lt\/wp-json\/wp\/v2\/media\/1672737"}],"wp:attachment":[{"href":"https:\/\/greenspells.com\/lt\/wp-json\/wp\/v2\/media?parent=1672732"}],"wp:term":[{"taxonomy":"product_brand","embeddable":true,"href":"https:\/\/greenspells.com\/lt\/wp-json\/wp\/v2\/product_brand?post=1672732"},{"taxonomy":"product_cat","embeddable":true,"href":"https:\/\/greenspells.com\/lt\/wp-json\/wp\/v2\/product_cat?post=1672732"},{"taxonomy":"product_tag","embeddable":true,"href":"https:\/\/greenspells.com\/lt\/wp-json\/wp\/v2\/product_tag?post=1672732"}],"curies":[{"name":"wp","href":"https:\/\/api.w.org\/{rel}","templated":true}]}}