{"id":1672594,"date":"2023-08-10T23:45:44","date_gmt":"2023-08-10T21:45:44","guid":{"rendered":"https:\/\/greenspells.com\/?post_type=product&#038;p=1672594"},"modified":"2024-03-01T10:22:43","modified_gmt":"2024-03-01T08:22:43","slug":"earth-harbor-resurfacing-night-serum-luna-rain","status":"publish","type":"product","link":"https:\/\/greenspells.com\/lt\/produktas\/earth-harbor-resurfacing-night-serum-luna-rain\/","title":{"rendered":"EARTH HARBOR <br>  Atnaujinantis naktinis serumas <br> LUNA RAIN"},"content":{"rendered":"<p style=\"-webkit-font-smoothing: antialiased; color: #000000; font-family: Lato, sans-serif; font-size: 15px; box-sizing: border-box !important;\">LUNA RAIN - naktinis serumas, ma\u017einantis sen\u0117jimo po\u017eymius bei pigmentines d\u0117meles.<\/p>\n<p style=\"-webkit-font-smoothing: antialiased; color: #000000; font-family: Lato, sans-serif; font-size: 15px; box-sizing: border-box !important;\">Palepinkite od\u0105 \u0161iais magi\u0161kais, m\u0117nulio ap\u0161viestais lietaus la\u0161eliais! Sodrus, lengvas serumas, su j\u016bros dumbli\u0173 kolagenu, tropini\u0173 supervaisi\u0173 r\u016bg\u0161timis ir botanini\u0173 multivitamin\u0173 mi\u0161iniu, kuris puosel\u0117ja od\u0105, gerina tekst\u016br\u0105, glotnina, suteikia \u0161vyt\u0117jimo. Visa tai vyks, kol ramiai sau miegosite gro\u017eio miego.\u00a0\u00a0<br style=\"-webkit-font-smoothing: antialiased; box-sizing: border-box !important;\" \/><br style=\"-webkit-font-smoothing: antialiased; box-sizing: border-box !important;\" \/>Sukurtas su 15% AHA +BHA mi\u0161iniu, makrodumbli\u0173 kolagenu, Vitaminu C gausiais aliejais, LUNA RAIN serumas lengvai \u012fsigeria, atnaujina, tiksliai eksfolijuoja, bet nei\u0161sausina,.nesujautrina odos. Padeda kovoti su rauk\u0161lel\u0117mis, nelygiu odos tonu, pertekliniu riebal\u0105vimusi, poromis.<\/p>\n<p style=\"-webkit-font-smoothing: antialiased; margin-top: 24px; color: #000000; font-family: Lato, sans-serif; font-size: 15px; box-sizing: border-box !important;\"><strong><span style=\"-webkit-font-smoothing: antialiased; box-sizing: border-box !important;\">Padeda:<\/span><\/strong><br style=\"-webkit-font-smoothing: antialiased; box-sizing: border-box !important;\" \/>- odos patams\u0117jimais, d\u0117mel\u0117mis, hiperpigmentacija<br style=\"-webkit-font-smoothing: antialiased; box-sizing: border-box !important;\" \/>- papilk\u0117jusiai, pavargusiai, netolygaus atspalvio odai<br style=\"-webkit-font-smoothing: antialiased; box-sizing: border-box !important;\" \/>- sen\u0117jimo po\u017eymiais<br style=\"-webkit-font-smoothing: antialiased; box-sizing: border-box !important;\" \/>- pernelyg besiriebaluojan\u010diai odai<\/p>\n<p style=\"-webkit-font-smoothing: antialiased; margin-top: 24px; color: #000000; font-family: Lato, sans-serif; font-size: 15px; box-sizing: border-box !important;\"><strong><span style=\"-webkit-font-smoothing: antialiased; box-sizing: border-box !important;\">Gerina tekst\u016br\u0105 - tobulina - suteikia \u0161vyt\u0117jimo - skaistina<\/span><\/strong><\/p>\n<p style=\"-webkit-font-smoothing: antialiased; margin-top: 24px; color: #000000; font-family: Lato, sans-serif; font-size: 15px; box-sizing: border-box !important;\"><strong>Kvapas<\/strong>: Gaivus, \u0161varus, citrus\u0173<br style=\"-webkit-font-smoothing: antialiased; box-sizing: border-box !important;\" \/><strong>Tekst\u016bra:<\/strong>: lengvasvoris, vandens pagrindo serumas<br style=\"-webkit-font-smoothing: antialiased; box-sizing: border-box !important;\" \/><strong>Spalva<\/strong>:<span style=\"-webkit-font-smoothing: antialiased; box-sizing: border-box !important; font-weight: var(--text-font-bold-weight);\">\u00a0<\/span>Kremin\u0117<br style=\"-webkit-font-smoothing: antialiased; box-sizing: border-box !important;\" \/><br style=\"-webkit-font-smoothing: antialiased; box-sizing: border-box !important;\" \/>Purely Natural \u00b7 Ethical\u00a0\u00b7 Sustainable\u00a0<span style=\"-webkit-font-smoothing: antialiased; box-sizing: border-box !important; font-weight: var(--text-font-bold-weight);\">\u00b7<\/span>\u00a0No Synthetics\u00a0<span style=\"-webkit-font-smoothing: antialiased; box-sizing: border-box !important; font-weight: var(--text-font-bold-weight);\">\u00b7<\/span>\u00a0Tinka veganams\u00a0<span style=\"-webkit-font-smoothing: antialiased; box-sizing: border-box !important; font-weight: var(--text-font-bold-weight);\">\u00b7<\/span>\u00a0Cruelty-Free<span style=\"-webkit-font-smoothing: antialiased; box-sizing: border-box !important; font-weight: var(--text-font-bold-weight);\">\u00a0\u00b7<\/span>\u00a0100% Non-GMO\u00a0\u00b7\u00a090% Organic\u00a0\u00b7\u00a0Nontoxic\u00a0\u00b7\u00a0Fair Trade\u00a0\u00b7\u00a0No\u00a0Gluten Added\u00a0\u00b7\u00a0No Soy\u00a0Added\u00a0\u00b7\u00a0No Fillers\u00a0\u00b7\u00a0Plant-Based\u00a0\u00b7\u00a0Food-Grade\u00a0\u00b7\u00a0pH Optimized\u00a0\u00b7\u00a0Scientifically-Proven Ingredients\u00a0\u00b7\u00a0Therapeutic-Grade\u00a0\u00b7\u00a0Zero-Waste\u00a0\u00b7\u00a0Woman-Owned\u00a0\u00b7\u00a0Small Batch Made By USA Mermaids\u00a0\u00b7\u00a01%\u00a0For The Planet\u00ae<\/p>\n<h4 style=\"-webkit-font-smoothing: antialiased; font-family: Lato, sans-serif; font-weight: var(--heading-font-weight); color: #000000; font-size: var(--heading-h4-font-size); line-height: 1.16667; letter-spacing: -0.3px; margin-top: 40px; margin-bottom: 16px; box-sizing: border-box !important;\"><em><strong>Svarbiausi ingredientai<\/strong><\/em><\/h4>\n<p style=\"-webkit-font-smoothing: antialiased; color: #000000; font-family: Lato, sans-serif; font-size: 15px; box-sizing: border-box !important;\"><strong><span style=\"-webkit-font-smoothing: antialiased; box-sizing: border-box !important;\">J\u016bros dumbli\u0173 kolagenas<\/span><\/strong>\u00a0Giliai veikia dr\u0117kindamas, atstatydamas, stiprina od\u0105, gerina elastingum\u0105, ma\u017eina rauk\u0161leles.\u00a0<br style=\"-webkit-font-smoothing: antialiased; box-sizing: border-box !important;\" \/><br style=\"-webkit-font-smoothing: antialiased; box-sizing: border-box !important;\" \/><strong><span style=\"-webkit-font-smoothing: antialiased; box-sizing: border-box !important;\">Tropini\u0173 supervaisi\u0173 enzimai<\/span><\/strong>\u00a0Nat\u016braliai eksfolijuoja od\u0105, palieka j\u0105 \u0161velni\u0105, glotni\u0105, kartu suteikdami galing\u0105 poveik\u012f prie\u0161 sen\u0117jim\u0105.<br style=\"-webkit-font-smoothing: antialiased; box-sizing: border-box !important;\" \/><br style=\"-webkit-font-smoothing: antialiased; box-sizing: border-box !important;\" \/><strong><span style=\"-webkit-font-smoothing: antialiased; box-sizing: border-box !important;\">Botanin\u0117s r\u016bg\u0161tys<\/span><\/strong>\u00a0\u012eskaitant glikolio r\u016bg\u0161t\u012f (i\u0161 cukranendri\u0173), pieno r\u016bg\u0161t\u012f (i\u0161 m\u0117lyni\u0173), citrinos r\u016bg\u0161t\u012f (i\u0161 apelsin\u0173 ir citrin\u0173), obuoli\u0173 ir vynuogi\u0173 r\u016bg\u0161tis, salicilo (i\u0161 baltojo gluosnio \u017eiev\u0117s) - \u0161velniai skaistina ir valo od\u0105.\u00a0\u00a0<br style=\"-webkit-font-smoothing: antialiased; box-sizing: border-box !important;\" \/><br style=\"-webkit-font-smoothing: antialiased; box-sizing: border-box !important;\" \/><strong><span style=\"-webkit-font-smoothing: antialiased; box-sizing: border-box !important;\">Er\u0161k\u0117tro\u017ei\u0173\u00a0<\/span>Ir<span style=\"-webkit-font-smoothing: antialiased; box-sizing: border-box !important;\">\u00a0saul\u0117gr\u0105\u017e\u0173 aliejai<\/span><\/strong>\u00a0- gaus\u016bs vitamin\u0173 A, B, C, D ir E - turi svarbiausi\u0173 maisto med\u017eiag\u0173, b\u016btin\u0173 odos sveikatai, regeneracijai ir jaunatvi\u0161kam \u0161vyt\u0117jimui.\u00a0\u00a0<br style=\"-webkit-font-smoothing: antialiased; box-sizing: border-box !important;\" \/><br style=\"-webkit-font-smoothing: antialiased; box-sizing: border-box !important;\" \/><strong><span style=\"-webkit-font-smoothing: antialiased; box-sizing: border-box !important;\">Alijo\u0161iaus lap\u0173 sultys<\/span><\/strong>\u00a0Ma\u017eina paraudimus, pastebimai putlina ir dr\u0117kina od\u0105.<br style=\"-webkit-font-smoothing: antialiased; box-sizing: border-box !important;\" \/><br style=\"-webkit-font-smoothing: antialiased; box-sizing: border-box !important;\" \/><strong><span style=\"-webkit-font-smoothing: antialiased; box-sizing: border-box !important;\">Nimbamed\u017eio s\u0117kl\u0173 aliejus<\/span>\u00a0yra<\/strong> \u017einomas d\u0117l dr\u0117kinan\u010di\u0173 riebi\u0173j\u0173 r\u016bg\u0161\u010di\u0173 gausos, taip pat padeda i\u0161laikyti subalansuot\u0105 odos mikrobiom\u0105, saugo nuo ne\u0161varum\u0173.\u00a0\u00a0<br style=\"-webkit-font-smoothing: antialiased; box-sizing: border-box !important;\" \/><br style=\"-webkit-font-smoothing: antialiased; box-sizing: border-box !important;\" \/><span style=\"-webkit-font-smoothing: antialiased; box-sizing: border-box !important; font-weight: var(--text-font-bold-weight);\"><strong>Rozmarin\u0173 ekstraktas<\/strong>\u00a0<\/span>turi stipri\u0173 antioksidantini\u0173 savybi\u0173, veikian\u010di\u0173 prie\u0161 prie\u0161laikin\u012f sen\u0117jim\u0105. Stimuliuoja kolagen\u0105 ir elastin\u0105, neutralizuoja laisvuosius radikalus.<\/p>\n<p><em><strong>Kaip naudoti?<\/strong><\/em><\/p>\n<p style=\"-webkit-font-smoothing: antialiased; color: #000000; font-family: Lato, sans-serif; font-size: 15px; box-sizing: border-box !important;\">\u0160velniai papurtykite. \u012emasa\u017euokite \u012f \u0161vari\u0105 od\u0105 3-8 la\u0161elius. Naudokite kasnakt, ar pagal poreik\u012f. Galite pajusti lengv\u0105 dilg\u010diojim\u0105, tai - normalu, ypa\u010d pirmosiomis naudojimo dienomis. Maksimaliam efektyvunui pasiekti ponto tepkite EARTH HARBOR dr\u0117kinam\u0105j\u012f krem\u0105.\nJei naudosite dienos metu, b\u016btina po to naudoti SPF. Jei dirgina od\u0105, nutraukite naudojim\u0105.<\/p>\n<p style=\"-webkit-font-smoothing: antialiased; margin-bottom: 0px; color: #000000; font-family: Lato, sans-serif; font-size: 15px; box-sizing: border-box !important;\">30ml. USA.<\/p>\n<p>&nbsp;<\/p>\n<p><em><strong>Ingredientai<\/strong><\/em>:<\/p>\n<p><span style=\"color: #000000; font-family: Lato, sans-serif; font-size: 15px;\">Aloe Vera (Aloe barbadensis) Leaf Juice\u00b0, Rosehip (Rosa canina) Seed Oil\u00b0, Vegetable Glycerin\u00b0, Cane Alcohol\u00b0\u00a0^, White willow (CAS84082-82-6), Pineapple (Ananas sativus) Fruit Extract\u00b0\u00b0, Pomegranate (Punica granatum) Fruit Extract\u00b0\u00b0, Starfruit (Averrhoa carambola) Extract\u00b0\u00b0, Passionfruit (Passiflora incarnata) Extract\u00b0\u00b0, Kiwi (Actinidia chinensis) Fruit Extract\u00b0\u00b0, Mangosteen (Garcinia mangostana) Fruit Extract\u00b0\u00b0, Lychee (Litchi chinensis) Fruit Extract\u00b0\u00b0, Jujube (Zizyphus jujuba) Fruit Extract\u00b0\u00b0, Guava (Psidium guajava) Fruit Extract\u00b0\u00b0 , Bilberry (Vaccinium myrtillus) Fruit Extract\u00b0\u00b0, Sugar Cane (Saccharum officinarum) Extract\u00b0\u00b0, Orange (Citrus aurantium dulcis) Fruit Extract\u00b0\u00b0, Lemon (Citrus limon) Fruit Extract\u00b0\u00b0, Sugar Maple (Acer saccharum) Extract\u00b0\u00b0, Seaweed Collagen (Laminaria japonica) Extract\u00b0, Grapefruit (Citrus paradisi) Peel Oil\u00b0, Rosemary (Rosmarinus officinalis) Leaf Extract\u00b0, Sunflower (Helianthus annuus) Seed Oil\u00b0, Neem (Melia azadirachta) Seed Oil\u00b0, Xanthan Gum (plant-derived emulsifier)\u00b0\u00b0\u00a0\u00a0<\/span><br style=\"-webkit-font-smoothing: antialiased; color: #000000; font-family: Lato, sans-serif; font-size: 15px; box-sizing: border-box !important;\" \/><br style=\"-webkit-font-smoothing: antialiased; color: #000000; font-family: Lato, sans-serif; font-size: 15px; box-sizing: border-box !important;\" \/><span style=\"color: #000000; font-family: Lato, sans-serif; font-size: 15px;\">\u00b0 Certified Organic \u00a0| \u00b0\u00b0 Non-GMO\u00a0\u00a0<\/span><span style=\"-webkit-font-smoothing: antialiased; font-weight: var(--text-font-bold-weight); color: #000000; font-family: Lato, sans-serif; font-size: 15px; box-sizing: border-box !important;\"><br style=\"-webkit-font-smoothing: antialiased; box-sizing: border-box !important;\" \/><\/span><br style=\"-webkit-font-smoothing: antialiased; color: #000000; font-family: Lato, sans-serif; font-size: 15px; box-sizing: border-box !important;\" \/><span style=\"color: #000000; font-family: Lato, sans-serif; font-size: 15px;\">^From sugar cane, organic cane alcohol is nontoxic, non-drying, non-sensitizing, and formulated to soothe skin while delivering nutrients.<\/span><\/p>","protected":false},"excerpt":{"rendered":"<p>LUNA RAIN &#8211; Nighttime serum for dark spots &amp; signs of aging. Endow your skin with\u00a0raindrops of moonlit magic. A rich,\u00a0featherlight serum featuring a medley of Seaweed Collagen, Tropical Superfruit Acids and Botanical Multivitamins that refine and retexturize skin to reveal a smoother and more radiant-looking complexion \u2014 all while you enjoy\u00a0your precious beauty sleep.\u00a0\u00a0Formulated [&hellip;]<\/p>\n","protected":false},"featured_media":1672598,"comment_status":"open","ping_status":"closed","template":"","meta":{"content-type":"","_monsterinsights_skip_tracking":false,"_monsterinsights_sitenote_active":false,"_monsterinsights_sitenote_note":"","_monsterinsights_sitenote_category":0,"_uf_show_specific_survey":0,"_uf_disable_surveys":false},"product_brand":[1660],"product_cat":[33,34,15],"product_tag":[1674,1705,1704,1339,35],"class_list":{"0":"post-1672594","1":"product","2":"type-product","3":"status-publish","4":"has-post-thumbnail","6":"product_brand-earth-harbor","7":"product_cat-serums","8":"product_cat-skincare","9":"product_cat-all-products","10":"product_tag-earth-harbor","11":"product_tag-naktinis-serumas","12":"product_tag-night-serum","13":"product_tag-priesraukslinis-serumas","14":"product_tag-serum","16":"first","17":"outofstock","18":"taxable","19":"shipping-taxable","20":"purchasable","21":"product-type-simple"},"bundled_by":[],"bundle_stock_status":"outofstock","bundle_stock_quantity":null,"bundle_virtual":false,"bundle_layout":"","bundle_add_to_cart_form_location":"","bundle_editable_in_cart":false,"bundle_sold_individually_context":"","bundle_item_grouping":"","bundle_min_size":"","bundle_max_size":"","bundle_price":[],"bundled_items":[],"bundle_sell_ids":[],"group_of_quantity":0,"min_quantity":0,"max_quantity":"","exclude_order_quantity_value_rules":"no","exclude_category_quantity_rules":"no","combine_variations":"no","exclude_global_add_ons":[],"addons":[],"yoast_head":"<!-- This site is optimized with the Yoast SEO plugin v27.4 - https:\/\/yoast.com\/product\/yoast-seo-wordpress\/ -->\n<title>EARTH HARBOR  Resurfacing Night Serum  LUNA RAIN - Greenspells<\/title>\n<meta name=\"description\" content=\"A rich,\u00a0featherlight serum featuring a medley of Seaweed Collagen, Tropical Superfruit Acids and Botanical Multivitamins that refine and retexturize skin to reveal a smoother and more radiant-looking complexion \u2014 all while you enjoy\u00a0your precious beauty sleep.\u00a0\u00a0\" \/>\n<meta name=\"robots\" content=\"index, follow, max-snippet:-1, max-image-preview:large, max-video-preview:-1\" \/>\n<link rel=\"canonical\" href=\"https:\/\/greenspells.com\/lt\/produktas\/earth-harbor-resurfacing-night-serum-luna-rain\/\" \/>\n<meta property=\"og:locale\" content=\"lt_LT\" \/>\n<meta property=\"og:type\" content=\"article\" \/>\n<meta property=\"og:title\" content=\"EARTH HARBOR  Resurfacing Night Serum  LUNA RAIN - Greenspells\" \/>\n<meta property=\"og:description\" content=\"A rich,\u00a0featherlight serum featuring a medley of Seaweed Collagen, Tropical Superfruit Acids and Botanical Multivitamins that refine and retexturize skin to reveal a smoother and more radiant-looking complexion \u2014 all while you enjoy\u00a0your precious beauty sleep.\u00a0\u00a0\" \/>\n<meta property=\"og:url\" content=\"https:\/\/greenspells.com\/lt\/produktas\/earth-harbor-resurfacing-night-serum-luna-rain\/\" \/>\n<meta property=\"og:site_name\" content=\"Greenspells\" \/>\n<meta property=\"article:publisher\" content=\"https:\/\/www.facebook.com\/Greenspells\" \/>\n<meta property=\"article:modified_time\" content=\"2024-03-01T08:22:43+00:00\" \/>\n<meta property=\"og:image\" content=\"https:\/\/greenspells.com\/wp-content\/uploads\/2023\/08\/luna-rain-resurfacing-night-serum-973639_900x.jpg\" \/>\n\t<meta property=\"og:image:width\" content=\"900\" \/>\n\t<meta property=\"og:image:height\" content=\"900\" \/>\n\t<meta property=\"og:image:type\" content=\"image\/jpeg\" \/>\n<meta name=\"twitter:card\" content=\"summary_large_image\" \/>\n<meta name=\"twitter:label1\" content=\"Est. reading time\" \/>\n\t<meta name=\"twitter:data1\" content=\"3 minut\u0117s\" \/>\n<script type=\"application\/ld+json\" class=\"yoast-schema-graph\">{\"@context\":\"https:\\\/\\\/schema.org\",\"@graph\":[{\"@type\":\"WebPage\",\"@id\":\"https:\\\/\\\/greenspells.com\\\/product\\\/earth-harbor-resurfacing-night-serum-luna-rain\\\/\",\"url\":\"https:\\\/\\\/greenspells.com\\\/product\\\/earth-harbor-resurfacing-night-serum-luna-rain\\\/\",\"name\":\"EARTH HARBOR Resurfacing Night Serum LUNA RAIN - Greenspells\",\"isPartOf\":{\"@id\":\"https:\\\/\\\/greenspells.com\\\/#website\"},\"primaryImageOfPage\":{\"@id\":\"https:\\\/\\\/greenspells.com\\\/product\\\/earth-harbor-resurfacing-night-serum-luna-rain\\\/#primaryimage\"},\"image\":{\"@id\":\"https:\\\/\\\/greenspells.com\\\/product\\\/earth-harbor-resurfacing-night-serum-luna-rain\\\/#primaryimage\"},\"thumbnailUrl\":\"https:\\\/\\\/i0.wp.com\\\/greenspells.com\\\/wp-content\\\/uploads\\\/2023\\\/08\\\/luna-rain-resurfacing-night-serum-973639_900x.jpg?fit=900%2C900&ssl=1\",\"datePublished\":\"2023-08-10T21:45:44+00:00\",\"dateModified\":\"2024-03-01T08:22:43+00:00\",\"description\":\"A rich,\u00a0featherlight serum featuring a medley of Seaweed Collagen, Tropical Superfruit Acids and Botanical Multivitamins that refine and retexturize skin to reveal a smoother and more radiant-looking complexion \u2014 all while you enjoy\u00a0your precious beauty sleep.\u00a0\u00a0\",\"breadcrumb\":{\"@id\":\"https:\\\/\\\/greenspells.com\\\/product\\\/earth-harbor-resurfacing-night-serum-luna-rain\\\/#breadcrumb\"},\"inLanguage\":\"lt-LT\",\"potentialAction\":[{\"@type\":\"ReadAction\",\"target\":[\"https:\\\/\\\/greenspells.com\\\/product\\\/earth-harbor-resurfacing-night-serum-luna-rain\\\/\"]}]},{\"@type\":\"ImageObject\",\"inLanguage\":\"lt-LT\",\"@id\":\"https:\\\/\\\/greenspells.com\\\/product\\\/earth-harbor-resurfacing-night-serum-luna-rain\\\/#primaryimage\",\"url\":\"https:\\\/\\\/i0.wp.com\\\/greenspells.com\\\/wp-content\\\/uploads\\\/2023\\\/08\\\/luna-rain-resurfacing-night-serum-973639_900x.jpg?fit=900%2C900&ssl=1\",\"contentUrl\":\"https:\\\/\\\/i0.wp.com\\\/greenspells.com\\\/wp-content\\\/uploads\\\/2023\\\/08\\\/luna-rain-resurfacing-night-serum-973639_900x.jpg?fit=900%2C900&ssl=1\",\"width\":900,\"height\":900},{\"@type\":\"BreadcrumbList\",\"@id\":\"https:\\\/\\\/greenspells.com\\\/product\\\/earth-harbor-resurfacing-night-serum-luna-rain\\\/#breadcrumb\",\"itemListElement\":[{\"@type\":\"ListItem\",\"position\":1,\"name\":\"Home\",\"item\":\"https:\\\/\\\/greenspells.com\\\/\"},{\"@type\":\"ListItem\",\"position\":2,\"name\":\"Shop\",\"item\":\"https:\\\/\\\/greenspells.com\\\/shop\\\/\"},{\"@type\":\"ListItem\",\"position\":3,\"name\":\"EARTH HARBOR Resurfacing Night Serum LUNA RAIN\"}]},{\"@type\":\"WebSite\",\"@id\":\"https:\\\/\\\/greenspells.com\\\/#website\",\"url\":\"https:\\\/\\\/greenspells.com\\\/\",\"name\":\"Greenspells\",\"description\":\"Nat\u016brali ir ekologi\u0161ka kosmetika\",\"publisher\":{\"@id\":\"https:\\\/\\\/greenspells.com\\\/#organization\"},\"potentialAction\":[{\"@type\":\"SearchAction\",\"target\":{\"@type\":\"EntryPoint\",\"urlTemplate\":\"https:\\\/\\\/greenspells.com\\\/?s={search_term_string}\"},\"query-input\":{\"@type\":\"PropertyValueSpecification\",\"valueRequired\":true,\"valueName\":\"search_term_string\"}}],\"inLanguage\":\"lt-LT\"},{\"@type\":\"Organization\",\"@id\":\"https:\\\/\\\/greenspells.com\\\/#organization\",\"name\":\"Greenspells\",\"url\":\"https:\\\/\\\/greenspells.com\\\/\",\"logo\":{\"@type\":\"ImageObject\",\"inLanguage\":\"lt-LT\",\"@id\":\"https:\\\/\\\/greenspells.com\\\/#\\\/schema\\\/logo\\\/image\\\/\",\"url\":\"https:\\\/\\\/i0.wp.com\\\/greenspells.com\\\/wp-content\\\/uploads\\\/2020\\\/09\\\/20200722_153424_0000.png?fit=1500%2C1500&ssl=1\",\"contentUrl\":\"https:\\\/\\\/i0.wp.com\\\/greenspells.com\\\/wp-content\\\/uploads\\\/2020\\\/09\\\/20200722_153424_0000.png?fit=1500%2C1500&ssl=1\",\"width\":1500,\"height\":1500,\"caption\":\"Greenspells\"},\"image\":{\"@id\":\"https:\\\/\\\/greenspells.com\\\/#\\\/schema\\\/logo\\\/image\\\/\"},\"sameAs\":[\"https:\\\/\\\/www.facebook.com\\\/Greenspells\",\"https:\\\/\\\/www.instagram.com\\\/greenspells_store\\\/\"]}]}<\/script>\n<!-- \/ Yoast SEO plugin. -->","yoast_head_json":{"title":"EARTH HARBOR  Resurfacing Night Serum  LUNA RAIN - Greenspells","description":"A rich,\u00a0featherlight serum featuring a medley of Seaweed Collagen, Tropical Superfruit Acids and Botanical Multivitamins that refine and retexturize skin to reveal a smoother and more radiant-looking complexion \u2014 all while you enjoy\u00a0your precious beauty sleep.\u00a0\u00a0","robots":{"index":"index","follow":"follow","max-snippet":"max-snippet:-1","max-image-preview":"max-image-preview:large","max-video-preview":"max-video-preview:-1"},"canonical":"https:\/\/greenspells.com\/lt\/produktas\/earth-harbor-resurfacing-night-serum-luna-rain\/","og_locale":"lt_LT","og_type":"article","og_title":"EARTH HARBOR  Resurfacing Night Serum  LUNA RAIN - Greenspells","og_description":"A rich,\u00a0featherlight serum featuring a medley of Seaweed Collagen, Tropical Superfruit Acids and Botanical Multivitamins that refine and retexturize skin to reveal a smoother and more radiant-looking complexion \u2014 all while you enjoy\u00a0your precious beauty sleep.\u00a0\u00a0","og_url":"https:\/\/greenspells.com\/lt\/produktas\/earth-harbor-resurfacing-night-serum-luna-rain\/","og_site_name":"Greenspells","article_publisher":"https:\/\/www.facebook.com\/Greenspells","article_modified_time":"2024-03-01T08:22:43+00:00","og_image":[{"width":900,"height":900,"url":"https:\/\/greenspells.com\/wp-content\/uploads\/2023\/08\/luna-rain-resurfacing-night-serum-973639_900x.jpg","type":"image\/jpeg"}],"twitter_card":"summary_large_image","twitter_misc":{"Est. reading time":"3 minut\u0117s"},"schema":{"@context":"https:\/\/schema.org","@graph":[{"@type":"WebPage","@id":"https:\/\/greenspells.com\/product\/earth-harbor-resurfacing-night-serum-luna-rain\/","url":"https:\/\/greenspells.com\/product\/earth-harbor-resurfacing-night-serum-luna-rain\/","name":"EARTH HARBOR Resurfacing Night Serum LUNA RAIN - Greenspells","isPartOf":{"@id":"https:\/\/greenspells.com\/#website"},"primaryImageOfPage":{"@id":"https:\/\/greenspells.com\/product\/earth-harbor-resurfacing-night-serum-luna-rain\/#primaryimage"},"image":{"@id":"https:\/\/greenspells.com\/product\/earth-harbor-resurfacing-night-serum-luna-rain\/#primaryimage"},"thumbnailUrl":"https:\/\/i0.wp.com\/greenspells.com\/wp-content\/uploads\/2023\/08\/luna-rain-resurfacing-night-serum-973639_900x.jpg?fit=900%2C900&ssl=1","datePublished":"2023-08-10T21:45:44+00:00","dateModified":"2024-03-01T08:22:43+00:00","description":"A rich,\u00a0featherlight serum featuring a medley of Seaweed Collagen, Tropical Superfruit Acids and Botanical Multivitamins that refine and retexturize skin to reveal a smoother and more radiant-looking complexion \u2014 all while you enjoy\u00a0your precious beauty sleep.\u00a0\u00a0","breadcrumb":{"@id":"https:\/\/greenspells.com\/product\/earth-harbor-resurfacing-night-serum-luna-rain\/#breadcrumb"},"inLanguage":"lt-LT","potentialAction":[{"@type":"ReadAction","target":["https:\/\/greenspells.com\/product\/earth-harbor-resurfacing-night-serum-luna-rain\/"]}]},{"@type":"ImageObject","inLanguage":"lt-LT","@id":"https:\/\/greenspells.com\/product\/earth-harbor-resurfacing-night-serum-luna-rain\/#primaryimage","url":"https:\/\/i0.wp.com\/greenspells.com\/wp-content\/uploads\/2023\/08\/luna-rain-resurfacing-night-serum-973639_900x.jpg?fit=900%2C900&ssl=1","contentUrl":"https:\/\/i0.wp.com\/greenspells.com\/wp-content\/uploads\/2023\/08\/luna-rain-resurfacing-night-serum-973639_900x.jpg?fit=900%2C900&ssl=1","width":900,"height":900},{"@type":"BreadcrumbList","@id":"https:\/\/greenspells.com\/product\/earth-harbor-resurfacing-night-serum-luna-rain\/#breadcrumb","itemListElement":[{"@type":"ListItem","position":1,"name":"Home","item":"https:\/\/greenspells.com\/"},{"@type":"ListItem","position":2,"name":"Shop","item":"https:\/\/greenspells.com\/shop\/"},{"@type":"ListItem","position":3,"name":"EARTH HARBOR Resurfacing Night Serum LUNA RAIN"}]},{"@type":"WebSite","@id":"https:\/\/greenspells.com\/#website","url":"https:\/\/greenspells.com\/","name":"Greenspells","description":"Nat\u016brali ir ekologi\u0161ka kosmetika","publisher":{"@id":"https:\/\/greenspells.com\/#organization"},"potentialAction":[{"@type":"SearchAction","target":{"@type":"EntryPoint","urlTemplate":"https:\/\/greenspells.com\/?s={search_term_string}"},"query-input":{"@type":"PropertyValueSpecification","valueRequired":true,"valueName":"search_term_string"}}],"inLanguage":"lt-LT"},{"@type":"Organization","@id":"https:\/\/greenspells.com\/#organization","name":"Greenspells","url":"https:\/\/greenspells.com\/","logo":{"@type":"ImageObject","inLanguage":"lt-LT","@id":"https:\/\/greenspells.com\/#\/schema\/logo\/image\/","url":"https:\/\/i0.wp.com\/greenspells.com\/wp-content\/uploads\/2020\/09\/20200722_153424_0000.png?fit=1500%2C1500&ssl=1","contentUrl":"https:\/\/i0.wp.com\/greenspells.com\/wp-content\/uploads\/2020\/09\/20200722_153424_0000.png?fit=1500%2C1500&ssl=1","width":1500,"height":1500,"caption":"Greenspells"},"image":{"@id":"https:\/\/greenspells.com\/#\/schema\/logo\/image\/"},"sameAs":["https:\/\/www.facebook.com\/Greenspells","https:\/\/www.instagram.com\/greenspells_store\/"]}]}},"jetpack_likes_enabled":true,"jetpack_sharing_enabled":true,"_links":{"self":[{"href":"https:\/\/greenspells.com\/lt\/wp-json\/wp\/v2\/product\/1672594","targetHints":{"allow":["GET"]}}],"collection":[{"href":"https:\/\/greenspells.com\/lt\/wp-json\/wp\/v2\/product"}],"about":[{"href":"https:\/\/greenspells.com\/lt\/wp-json\/wp\/v2\/types\/product"}],"replies":[{"embeddable":true,"href":"https:\/\/greenspells.com\/lt\/wp-json\/wp\/v2\/comments?post=1672594"}],"wp:featuredmedia":[{"embeddable":true,"href":"https:\/\/greenspells.com\/lt\/wp-json\/wp\/v2\/media\/1672598"}],"wp:attachment":[{"href":"https:\/\/greenspells.com\/lt\/wp-json\/wp\/v2\/media?parent=1672594"}],"wp:term":[{"taxonomy":"product_brand","embeddable":true,"href":"https:\/\/greenspells.com\/lt\/wp-json\/wp\/v2\/product_brand?post=1672594"},{"taxonomy":"product_cat","embeddable":true,"href":"https:\/\/greenspells.com\/lt\/wp-json\/wp\/v2\/product_cat?post=1672594"},{"taxonomy":"product_tag","embeddable":true,"href":"https:\/\/greenspells.com\/lt\/wp-json\/wp\/v2\/product_tag?post=1672594"}],"curies":[{"name":"wp","href":"https:\/\/api.w.org\/{rel}","templated":true}]}}