{"id":1672571,"date":"2023-08-07T12:56:04","date_gmt":"2023-08-07T10:56:04","guid":{"rendered":"https:\/\/greenspells.com\/?post_type=product&#038;p=1672571"},"modified":"2024-03-01T10:23:01","modified_gmt":"2024-03-01T08:23:01","slug":"earth-harbor-reparative-eye-creme-aqua-aura","status":"publish","type":"product","link":"https:\/\/greenspells.com\/lt\/produktas\/earth-harbor-reparative-eye-creme-aqua-aura\/","title":{"rendered":"EARTH HARBOR <br> Atstatantis paaki\u0173 kremas <br> AQUA AURA"},"content":{"rendered":"<p style=\"-webkit-font-smoothing: antialiased; color: #000000; font-family: Lato, sans-serif; font-size: 15px; box-sizing: border-box !important;\">Atstatantis kremas AQUA AURA paakiams, ma\u017einantis rauk\u0161leles, paburkim\u0105 bei \u0161viesinantis tamsius paakius.<\/p>\n<p style=\"-webkit-font-smoothing: antialiased; color: #000000; font-family: Lato, sans-serif; font-size: 15px; box-sizing: border-box !important;\">AQUA AURA atstatantis paaki\u0173 kremas veiksmingai skaistina, \u0161viesina, dr\u0117kina su dumbli\u0173 kolagenu, marokine ramun\u0117le, galingais antioksidantais, jauninan\u010diais augaliniais aliejais ir raminan\u010diomis aktyviosiomis med\u017eiagomis. Paaki\u0173 zona atrodys stangresn\u0117, stipresn\u0117, skaistesn\u0117.<\/p>\n<p style=\"-webkit-font-smoothing: antialiased; margin-top: 24px; color: #000000; font-family: Lato, sans-serif; font-size: 15px; box-sizing: border-box !important;\">Kruop\u0161\u010diai suderinti efektyv\u016bs ingredientai ma\u017eina rauk\u0161leles, blukina patams\u0117jusius ratilus, ma\u017eina paburkim\u0105 aki\u0173 srityje, taip pat atstato od\u0105 po \u017ealingo saul\u0117s poveikio. Rezultatas - pails\u0117jusi, jaunatvi\u0161kesn\u0117, \u0161vytinti oda.<\/p>\n<p style=\"-webkit-font-smoothing: antialiased; margin-top: 24px; color: #000000; font-family: Lato, sans-serif; font-size: 15px; box-sizing: border-box !important;\"><span style=\"-webkit-font-smoothing: antialiased; box-sizing: border-box !important; font-weight: var(--text-font-bold-weight);\"><strong>Padeda:<\/strong><br style=\"-webkit-font-smoothing: antialiased; box-sizing: border-box !important;\" \/><\/span>- Rauk\u0161lel\u0117ms<br style=\"-webkit-font-smoothing: antialiased; box-sizing: border-box !important;\" \/>- Patams\u0117jusiems paakiams<br style=\"-webkit-font-smoothing: antialiased; box-sizing: border-box !important;\" \/>- Stangrina ir gerina elastingum\u0105<br style=\"-webkit-font-smoothing: antialiased; box-sizing: border-box !important;\" \/>- Dr\u0117kina<\/p>\n<p style=\"-webkit-font-smoothing: antialiased; margin-top: 24px; color: #000000; font-family: Lato, sans-serif; font-size: 15px; box-sizing: border-box !important;\"><strong><span style=\"-webkit-font-smoothing: antialiased; box-sizing: border-box !important;\">Lygina \u2022 Pa\u017eadina \u2022 Dr\u0117kina \u2022 Skaistina<\/span><\/strong><\/p>\n<h4 style=\"-webkit-font-smoothing: antialiased; font-family: Lato, sans-serif; font-weight: var(--heading-font-weight); color: #000000; font-size: var(--heading-h4-font-size); line-height: 1.16667; letter-spacing: -0.3px; margin-top: 40px; margin-bottom: 16px; box-sizing: border-box !important;\"><em><strong>Svarbiausi ingredientai<\/strong><\/em><\/h4>\n<p style=\"-webkit-font-smoothing: antialiased; color: #000000; font-family: Lato, sans-serif; font-size: 15px; box-sizing: border-box !important;\"><strong><span style=\"-webkit-font-smoothing: antialiased; box-sizing: border-box !important;\">J\u016bros dumbli\u0173 kolagenas<\/span><\/strong>\u00a0Giliai \u012fsiskverbia maksimaliam dr\u0117kinimui, atstatymui, stiprinimui bei \u0161velnumui aplink akis atkurti. Ma\u017eina rauk\u0161leles. Tyrimais \u012frodyta, jog gerokai efektyvesnis, nei gyvulin\u0117s kilm\u0117s kolagenas, suteikia odai pastebimo elastingumo, stangrumo.<\/p>\n<p style=\"-webkit-font-smoothing: antialiased; margin-top: 24px; color: #000000; font-family: Lato, sans-serif; font-size: 15px; box-sizing: border-box !important;\"><strong><span style=\"-webkit-font-smoothing: antialiased; box-sizing: border-box !important;\">M\u0117lyn\u0173j\u0173 bitkr\u0117sli\u0173 aliejus<\/span>\u00a0<\/strong>Turi Azuleno, suteikian\u010dio aliejui nuostabi\u0105 m\u0117lyn\u0105 spalv\u0105. Jis ramina sudirgusi\u0105 od\u0105, mal\u0161ina u\u017edegimus, saus\u0105 od\u0105, padeda kovoti su netolygiu tonu. Suteikia tolygesn\u012f atspalv\u012f bei tekst\u016br\u0105 odai.<\/p>\n<p style=\"-webkit-font-smoothing: antialiased; margin-top: 24px; color: #000000; font-family: Lato, sans-serif; font-size: 15px; box-sizing: border-box !important;\"><strong><span style=\"-webkit-font-smoothing: antialiased; box-sizing: border-box !important;\">M\u0117lyni\u0173, spanguoli\u0173 s\u0117kly\u010di\u0173 aliejus, granatai -\u00a0<\/span>Ir<span style=\"-webkit-font-smoothing: antialiased; box-sizing: border-box !important;\">\u00a0Rooibos lapeli\u0173 ekstraktai<\/span><\/strong>\u00a0Turi mil\u017eini\u0161k\u0105 kiek\u012f antioksidant\u0173, su superoksido dismutaze, gybybi\u0161kai svarbiu antioksidantu, kuris veikia jauninan\u010diai, ma\u017eina sen\u0117jimo po\u017eymius.<\/p>\n<p style=\"-webkit-font-smoothing: antialiased; margin-top: 24px; color: #000000; font-family: Lato, sans-serif; font-size: 15px; box-sizing: border-box !important;\"><strong><span style=\"-webkit-font-smoothing: antialiased; box-sizing: border-box !important;\">Moli\u016bg\u0173, marulos,\u00a0<\/span>Ir<span style=\"-webkit-font-smoothing: antialiased; box-sizing: border-box !important;\">\u00a0baobab\u0173 aliejai<\/span><\/strong>\u00a0padeda i\u0161laikyti delika\u010di\u0105 paaki\u0173 od\u0105 jaunatvi\u0161k\u0105, \u0161vytin\u010di\u0105. \u0160ie vertingi aliejai turi multivitamin\u0173 ir riebal\u0173, b\u016btin\u0173 sveikai, i\u0161puosel\u0117tai odai.<\/p>\n<p style=\"-webkit-font-smoothing: antialiased; margin-top: 24px; color: #000000; font-family: Lato, sans-serif; font-size: 15px; box-sizing: border-box !important;\"><strong><span style=\"-webkit-font-smoothing: antialiased; box-sizing: border-box !important;\">Alijo\u0161iaus lap\u0173 sultys, levand\u0173 ekstraktas\u00a0<\/span>Ir<\/strong><span style=\"-webkit-font-smoothing: antialiased; box-sizing: border-box !important; font-weight: var(--text-font-bold-weight);\"><strong>\u00a0Medetk\u0173 ekstraktas<\/strong>t\u00a0<\/span>Veikia raminan\u010diai, saugo nuo prie\u0161laikinio sen\u0117jimo po\u017eymi\u0173.<\/p>\n<p style=\"-webkit-font-smoothing: antialiased; margin-top: 24px; color: #000000; font-family: Lato, sans-serif; font-size: 15px; box-sizing: border-box !important;\"><strong><span style=\"-webkit-font-smoothing: antialiased; box-sizing: border-box !important;\">Vegani\u0161ka hialurono r\u016bg\u0161tis<\/span><\/strong> - prasiskverbia giliai \u012f od\u0105, pritraukia ir u\u017erakina dr\u0117gm\u0119, maksimaliam dr\u0117kinimui.<\/p>\n<p><em><strong>Kaip naudoti?<\/strong><\/em><\/p>\n<p>Nedideliu kiekiu kremo tepkite paaki\u0173 zon\u0105, po antakiais, kol gerai \u012fsigers. Puikiai dera su EARTH HARBOR dr\u0117kiklnamaisiais kremais. Galima laikyti \u0161aldytuve.<\/p>\n<p><strong>Patarimas<\/strong>Galima mai\u0161yti su bet kuria EART HARBOR ampule - serumu.<\/p>\n<p>15ml. USA.<\/p>\n<p><em><strong>Ingredientai<\/strong><\/em>:<\/p>\n<p style=\"-webkit-font-smoothing: antialiased; color: #000000; font-family: Lato, sans-serif; font-size: 15px; box-sizing: border-box !important;\">Aloe Vera (Aloe barbadensis) Leaf Juice\u00b0, Cane Alcohol\u00b0^, Olive (Olea europaea) Fruit Oil\u00b0, Coconut Based Emulsifier (Cetyl Alcohol, Cetearyl Glucoside, Cetearyl Alcohol)\u00b0\u00b0, Pumpkin (Cucurbita pepo) Seed Oil\u00b0, Marula (Sclerocarya birrea) Oil\u00b0\u00b0, Baobab (Adansonia digitata) Seed Oil\u00b0\u00b0, Cranberry (Vaccinium macrocarpon) Seed Oil\u00b0\u00b0, Sunflower Vitamin E (Tocopherol)\u00b0\u00b0, Sunflower (Helianthus annuus) Seed Oil\u00b0\u00b0, Sodium PCA (plant-derived humectant)\u00b0\u00b0, Vegan Hyaluronic Acid (Sodium Hyaluronate)\u00b0\u00b0, Seaweed Collagen (Laminaria japonica) Extract\u00b0\u00b0\u00b0, Rooibos (Aspalathus linearis) Leaf Extract\u00b0, Lavender (Lavandula angustifolia) Flower Extract\u00b0, Calendula (Calendula officinalis) Flower Extract\u00b0, Pomegranate (Punica granatum) Seed Extract\u00b0\u00b0, Blueberry (Vaccinium corymbosum) Fruit Extract\u00b0, Blue Tansy (Tanacetum annuum) Flower Oil\u00b0\u00b0, Lavender (Lavandula angustifolia) Flower Oil\u00b0\u00b0, Geranium (Pelargonium graveolens) Flower Oil\u00b0\u00b0, Sandalwood (Santalum album) Root Oil\u00b0\u00b0, Xanthan Gum (plant-derived emulsifier)\u00b0\u00b0<\/p>\n<p style=\"-webkit-font-smoothing: antialiased; margin-top: 24px; color: #000000; font-family: Lato, sans-serif; font-size: 15px; box-sizing: border-box !important;\">\u00b0 Certified Organic \u00a0| \u00b0\u00b0 Non-GMO | \u00b0\u00b0\u00b0 Wildcrafted<\/p>\n<p style=\"-webkit-font-smoothing: antialiased; margin-top: 24px; color: #000000; font-family: Lato, sans-serif; font-size: 15px; box-sizing: border-box !important;\">^From sugar cane, organic cane alcohol is nontoxic, non-drying, non-sensitizing and formulated to soothe skin while delivering nutrients.<\/p>","protected":false},"excerpt":{"rendered":"<p>Restorative eye cream for fine lines, wrinkles, puffiness and dark circles AQUA AURA. Inspired by the iridescent blue-green crystal known for healing and strengthening, Aqua Aura Reparative Eye Creme is restorative and awakening. Featuring a brightening +\u00a0hydrating combination of Seaweed Collagen, Blue Tansy, potent antioxidants, replenishing plant oils and soothing actives for an eye area [&hellip;]<\/p>","protected":false},"featured_media":1672575,"comment_status":"open","ping_status":"closed","template":"","meta":{"content-type":"","_monsterinsights_skip_tracking":false,"_monsterinsights_sitenote_active":false,"_monsterinsights_sitenote_note":"","_monsterinsights_sitenote_category":0,"_uf_show_specific_survey":0,"_uf_disable_surveys":false},"product_brand":[1660],"product_cat":[138,34,15],"product_tag":[1674,188,996,1703,1702,461],"class_list":{"0":"post-1672571","1":"product","2":"type-product","3":"status-publish","4":"has-post-thumbnail","6":"product_brand-earth-harbor","7":"product_cat-eye-zone","8":"product_cat-skincare","9":"product_cat-all-products","10":"product_tag-earth-harbor","11":"product_tag-eye-cream","12":"product_tag-kremas-paakiams","13":"product_tag-naturalus-paakiu-kremas","14":"product_tag-natural-eye-cream","15":"product_tag-naturali-kosmetika","17":"first","18":"instock","19":"taxable","20":"shipping-taxable","21":"purchasable","22":"product-type-simple"},"bundled_by":[],"bundle_stock_status":"instock","bundle_stock_quantity":null,"bundle_virtual":false,"bundle_layout":"","bundle_add_to_cart_form_location":"","bundle_editable_in_cart":false,"bundle_sold_individually_context":"","bundle_item_grouping":"","bundle_min_size":"","bundle_max_size":"","bundle_price":[],"bundled_items":[],"bundle_sell_ids":[],"group_of_quantity":0,"min_quantity":0,"max_quantity":"","exclude_order_quantity_value_rules":"no","exclude_category_quantity_rules":"no","combine_variations":"no","exclude_global_add_ons":[],"addons":[],"yoast_head":"<!-- This site is optimized with the Yoast SEO plugin v27.3 - https:\/\/yoast.com\/product\/yoast-seo-wordpress\/ -->\n<title>EARTH HARBOR  Reparative Eye Creme  AQUA AURA - Greenspells<\/title>\n<meta name=\"description\" content=\"Restorative eye cream for fine lines, wrinkles, puffiness and dark circles.\u00a0 Aqua Aura Reparative Eye Creme is restorative and awakening.\" \/>\n<meta name=\"robots\" content=\"index, follow, max-snippet:-1, max-image-preview:large, max-video-preview:-1\" \/>\n<link rel=\"canonical\" href=\"https:\/\/greenspells.com\/lt\/produktas\/earth-harbor-reparative-eye-creme-aqua-aura\/\" \/>\n<meta property=\"og:locale\" content=\"lt_LT\" \/>\n<meta property=\"og:type\" content=\"article\" \/>\n<meta property=\"og:title\" content=\"EARTH HARBOR  Reparative Eye Creme  AQUA AURA - Greenspells\" \/>\n<meta property=\"og:description\" content=\"Restorative eye cream for fine lines, wrinkles, puffiness and dark circles.\u00a0 Aqua Aura Reparative Eye Creme is restorative and awakening.\" \/>\n<meta property=\"og:url\" content=\"https:\/\/greenspells.com\/lt\/produktas\/earth-harbor-reparative-eye-creme-aqua-aura\/\" \/>\n<meta property=\"og:site_name\" content=\"Greenspells\" \/>\n<meta property=\"article:publisher\" content=\"https:\/\/www.facebook.com\/Greenspells\" \/>\n<meta property=\"article:modified_time\" content=\"2024-03-01T08:23:01+00:00\" \/>\n<meta property=\"og:image\" content=\"https:\/\/greenspells.com\/wp-content\/uploads\/2023\/08\/aqua-aura-reparative-eye-creme-324650_900x-1.jpg\" \/>\n\t<meta property=\"og:image:width\" content=\"900\" \/>\n\t<meta property=\"og:image:height\" content=\"900\" \/>\n\t<meta property=\"og:image:type\" content=\"image\/jpeg\" \/>\n<meta name=\"twitter:card\" content=\"summary_large_image\" \/>\n<meta name=\"twitter:label1\" content=\"Est. reading time\" \/>\n\t<meta name=\"twitter:data1\" content=\"3 minut\u0117s\" \/>\n<script type=\"application\/ld+json\" class=\"yoast-schema-graph\">{\"@context\":\"https:\\\/\\\/schema.org\",\"@graph\":[{\"@type\":\"WebPage\",\"@id\":\"https:\\\/\\\/greenspells.com\\\/product\\\/earth-harbor-reparative-eye-creme-aqua-aura\\\/\",\"url\":\"https:\\\/\\\/greenspells.com\\\/product\\\/earth-harbor-reparative-eye-creme-aqua-aura\\\/\",\"name\":\"EARTH HARBOR Reparative Eye Creme AQUA AURA - Greenspells\",\"isPartOf\":{\"@id\":\"https:\\\/\\\/greenspells.com\\\/#website\"},\"primaryImageOfPage\":{\"@id\":\"https:\\\/\\\/greenspells.com\\\/product\\\/earth-harbor-reparative-eye-creme-aqua-aura\\\/#primaryimage\"},\"image\":{\"@id\":\"https:\\\/\\\/greenspells.com\\\/product\\\/earth-harbor-reparative-eye-creme-aqua-aura\\\/#primaryimage\"},\"thumbnailUrl\":\"https:\\\/\\\/i0.wp.com\\\/greenspells.com\\\/wp-content\\\/uploads\\\/2023\\\/08\\\/aqua-aura-reparative-eye-creme-324650_900x-1.jpg?fit=900%2C900&ssl=1\",\"datePublished\":\"2023-08-07T10:56:04+00:00\",\"dateModified\":\"2024-03-01T08:23:01+00:00\",\"description\":\"Restorative eye cream for fine lines, wrinkles, puffiness and dark circles.\u00a0 Aqua Aura Reparative Eye Creme is restorative and awakening.\",\"breadcrumb\":{\"@id\":\"https:\\\/\\\/greenspells.com\\\/product\\\/earth-harbor-reparative-eye-creme-aqua-aura\\\/#breadcrumb\"},\"inLanguage\":\"lt-LT\",\"potentialAction\":[{\"@type\":\"ReadAction\",\"target\":[\"https:\\\/\\\/greenspells.com\\\/product\\\/earth-harbor-reparative-eye-creme-aqua-aura\\\/\"]}]},{\"@type\":\"ImageObject\",\"inLanguage\":\"lt-LT\",\"@id\":\"https:\\\/\\\/greenspells.com\\\/product\\\/earth-harbor-reparative-eye-creme-aqua-aura\\\/#primaryimage\",\"url\":\"https:\\\/\\\/i0.wp.com\\\/greenspells.com\\\/wp-content\\\/uploads\\\/2023\\\/08\\\/aqua-aura-reparative-eye-creme-324650_900x-1.jpg?fit=900%2C900&ssl=1\",\"contentUrl\":\"https:\\\/\\\/i0.wp.com\\\/greenspells.com\\\/wp-content\\\/uploads\\\/2023\\\/08\\\/aqua-aura-reparative-eye-creme-324650_900x-1.jpg?fit=900%2C900&ssl=1\",\"width\":900,\"height\":900},{\"@type\":\"BreadcrumbList\",\"@id\":\"https:\\\/\\\/greenspells.com\\\/product\\\/earth-harbor-reparative-eye-creme-aqua-aura\\\/#breadcrumb\",\"itemListElement\":[{\"@type\":\"ListItem\",\"position\":1,\"name\":\"Home\",\"item\":\"https:\\\/\\\/greenspells.com\\\/\"},{\"@type\":\"ListItem\",\"position\":2,\"name\":\"Shop\",\"item\":\"https:\\\/\\\/greenspells.com\\\/shop\\\/\"},{\"@type\":\"ListItem\",\"position\":3,\"name\":\"EARTH HARBOR Reparative Eye Creme AQUA AURA\"}]},{\"@type\":\"WebSite\",\"@id\":\"https:\\\/\\\/greenspells.com\\\/#website\",\"url\":\"https:\\\/\\\/greenspells.com\\\/\",\"name\":\"Greenspells\",\"description\":\"Nat\u016brali ir ekologi\u0161ka kosmetika\",\"publisher\":{\"@id\":\"https:\\\/\\\/greenspells.com\\\/#organization\"},\"potentialAction\":[{\"@type\":\"SearchAction\",\"target\":{\"@type\":\"EntryPoint\",\"urlTemplate\":\"https:\\\/\\\/greenspells.com\\\/?s={search_term_string}\"},\"query-input\":{\"@type\":\"PropertyValueSpecification\",\"valueRequired\":true,\"valueName\":\"search_term_string\"}}],\"inLanguage\":\"lt-LT\"},{\"@type\":\"Organization\",\"@id\":\"https:\\\/\\\/greenspells.com\\\/#organization\",\"name\":\"Greenspells\",\"url\":\"https:\\\/\\\/greenspells.com\\\/\",\"logo\":{\"@type\":\"ImageObject\",\"inLanguage\":\"lt-LT\",\"@id\":\"https:\\\/\\\/greenspells.com\\\/#\\\/schema\\\/logo\\\/image\\\/\",\"url\":\"https:\\\/\\\/i0.wp.com\\\/greenspells.com\\\/wp-content\\\/uploads\\\/2020\\\/09\\\/20200722_153424_0000.png?fit=1500%2C1500&ssl=1\",\"contentUrl\":\"https:\\\/\\\/i0.wp.com\\\/greenspells.com\\\/wp-content\\\/uploads\\\/2020\\\/09\\\/20200722_153424_0000.png?fit=1500%2C1500&ssl=1\",\"width\":1500,\"height\":1500,\"caption\":\"Greenspells\"},\"image\":{\"@id\":\"https:\\\/\\\/greenspells.com\\\/#\\\/schema\\\/logo\\\/image\\\/\"},\"sameAs\":[\"https:\\\/\\\/www.facebook.com\\\/Greenspells\",\"https:\\\/\\\/www.instagram.com\\\/greenspells_store\\\/\"]}]}<\/script>\n<!-- \/ Yoast SEO plugin. -->","yoast_head_json":{"title":"EARTH HARBOR  Reparative Eye Creme  AQUA AURA - Greenspells","description":"Restorative eye cream for fine lines, wrinkles, puffiness and dark circles.\u00a0 Aqua Aura Reparative Eye Creme is restorative and awakening.","robots":{"index":"index","follow":"follow","max-snippet":"max-snippet:-1","max-image-preview":"max-image-preview:large","max-video-preview":"max-video-preview:-1"},"canonical":"https:\/\/greenspells.com\/lt\/produktas\/earth-harbor-reparative-eye-creme-aqua-aura\/","og_locale":"lt_LT","og_type":"article","og_title":"EARTH HARBOR  Reparative Eye Creme  AQUA AURA - Greenspells","og_description":"Restorative eye cream for fine lines, wrinkles, puffiness and dark circles.\u00a0 Aqua Aura Reparative Eye Creme is restorative and awakening.","og_url":"https:\/\/greenspells.com\/lt\/produktas\/earth-harbor-reparative-eye-creme-aqua-aura\/","og_site_name":"Greenspells","article_publisher":"https:\/\/www.facebook.com\/Greenspells","article_modified_time":"2024-03-01T08:23:01+00:00","og_image":[{"width":900,"height":900,"url":"https:\/\/greenspells.com\/wp-content\/uploads\/2023\/08\/aqua-aura-reparative-eye-creme-324650_900x-1.jpg","type":"image\/jpeg"}],"twitter_card":"summary_large_image","twitter_misc":{"Est. reading time":"3 minut\u0117s"},"schema":{"@context":"https:\/\/schema.org","@graph":[{"@type":"WebPage","@id":"https:\/\/greenspells.com\/product\/earth-harbor-reparative-eye-creme-aqua-aura\/","url":"https:\/\/greenspells.com\/product\/earth-harbor-reparative-eye-creme-aqua-aura\/","name":"EARTH HARBOR Reparative Eye Creme AQUA AURA - Greenspells","isPartOf":{"@id":"https:\/\/greenspells.com\/#website"},"primaryImageOfPage":{"@id":"https:\/\/greenspells.com\/product\/earth-harbor-reparative-eye-creme-aqua-aura\/#primaryimage"},"image":{"@id":"https:\/\/greenspells.com\/product\/earth-harbor-reparative-eye-creme-aqua-aura\/#primaryimage"},"thumbnailUrl":"https:\/\/i0.wp.com\/greenspells.com\/wp-content\/uploads\/2023\/08\/aqua-aura-reparative-eye-creme-324650_900x-1.jpg?fit=900%2C900&ssl=1","datePublished":"2023-08-07T10:56:04+00:00","dateModified":"2024-03-01T08:23:01+00:00","description":"Restorative eye cream for fine lines, wrinkles, puffiness and dark circles.\u00a0 Aqua Aura Reparative Eye Creme is restorative and awakening.","breadcrumb":{"@id":"https:\/\/greenspells.com\/product\/earth-harbor-reparative-eye-creme-aqua-aura\/#breadcrumb"},"inLanguage":"lt-LT","potentialAction":[{"@type":"ReadAction","target":["https:\/\/greenspells.com\/product\/earth-harbor-reparative-eye-creme-aqua-aura\/"]}]},{"@type":"ImageObject","inLanguage":"lt-LT","@id":"https:\/\/greenspells.com\/product\/earth-harbor-reparative-eye-creme-aqua-aura\/#primaryimage","url":"https:\/\/i0.wp.com\/greenspells.com\/wp-content\/uploads\/2023\/08\/aqua-aura-reparative-eye-creme-324650_900x-1.jpg?fit=900%2C900&ssl=1","contentUrl":"https:\/\/i0.wp.com\/greenspells.com\/wp-content\/uploads\/2023\/08\/aqua-aura-reparative-eye-creme-324650_900x-1.jpg?fit=900%2C900&ssl=1","width":900,"height":900},{"@type":"BreadcrumbList","@id":"https:\/\/greenspells.com\/product\/earth-harbor-reparative-eye-creme-aqua-aura\/#breadcrumb","itemListElement":[{"@type":"ListItem","position":1,"name":"Home","item":"https:\/\/greenspells.com\/"},{"@type":"ListItem","position":2,"name":"Shop","item":"https:\/\/greenspells.com\/shop\/"},{"@type":"ListItem","position":3,"name":"EARTH HARBOR Reparative Eye Creme AQUA AURA"}]},{"@type":"WebSite","@id":"https:\/\/greenspells.com\/#website","url":"https:\/\/greenspells.com\/","name":"Greenspells","description":"Nat\u016brali ir ekologi\u0161ka kosmetika","publisher":{"@id":"https:\/\/greenspells.com\/#organization"},"potentialAction":[{"@type":"SearchAction","target":{"@type":"EntryPoint","urlTemplate":"https:\/\/greenspells.com\/?s={search_term_string}"},"query-input":{"@type":"PropertyValueSpecification","valueRequired":true,"valueName":"search_term_string"}}],"inLanguage":"lt-LT"},{"@type":"Organization","@id":"https:\/\/greenspells.com\/#organization","name":"Greenspells","url":"https:\/\/greenspells.com\/","logo":{"@type":"ImageObject","inLanguage":"lt-LT","@id":"https:\/\/greenspells.com\/#\/schema\/logo\/image\/","url":"https:\/\/i0.wp.com\/greenspells.com\/wp-content\/uploads\/2020\/09\/20200722_153424_0000.png?fit=1500%2C1500&ssl=1","contentUrl":"https:\/\/i0.wp.com\/greenspells.com\/wp-content\/uploads\/2020\/09\/20200722_153424_0000.png?fit=1500%2C1500&ssl=1","width":1500,"height":1500,"caption":"Greenspells"},"image":{"@id":"https:\/\/greenspells.com\/#\/schema\/logo\/image\/"},"sameAs":["https:\/\/www.facebook.com\/Greenspells","https:\/\/www.instagram.com\/greenspells_store\/"]}]}},"jetpack_likes_enabled":true,"jetpack_sharing_enabled":true,"_links":{"self":[{"href":"https:\/\/greenspells.com\/lt\/wp-json\/wp\/v2\/product\/1672571","targetHints":{"allow":["GET"]}}],"collection":[{"href":"https:\/\/greenspells.com\/lt\/wp-json\/wp\/v2\/product"}],"about":[{"href":"https:\/\/greenspells.com\/lt\/wp-json\/wp\/v2\/types\/product"}],"replies":[{"embeddable":true,"href":"https:\/\/greenspells.com\/lt\/wp-json\/wp\/v2\/comments?post=1672571"}],"wp:featuredmedia":[{"embeddable":true,"href":"https:\/\/greenspells.com\/lt\/wp-json\/wp\/v2\/media\/1672575"}],"wp:attachment":[{"href":"https:\/\/greenspells.com\/lt\/wp-json\/wp\/v2\/media?parent=1672571"}],"wp:term":[{"taxonomy":"product_brand","embeddable":true,"href":"https:\/\/greenspells.com\/lt\/wp-json\/wp\/v2\/product_brand?post=1672571"},{"taxonomy":"product_cat","embeddable":true,"href":"https:\/\/greenspells.com\/lt\/wp-json\/wp\/v2\/product_cat?post=1672571"},{"taxonomy":"product_tag","embeddable":true,"href":"https:\/\/greenspells.com\/lt\/wp-json\/wp\/v2\/product_tag?post=1672571"}],"curies":[{"name":"wp","href":"https:\/\/api.w.org\/{rel}","templated":true}]}}