{"id":1672529,"date":"2023-07-27T09:20:17","date_gmt":"2023-07-27T07:20:17","guid":{"rendered":"https:\/\/greenspells.com\/?post_type=product&#038;p=1672529"},"modified":"2025-08-04T09:32:43","modified_gmt":"2025-08-04T07:32:43","slug":"earth-harbor-kit-dawn-to-dusk","status":"publish","type":"product","link":"https:\/\/greenspells.com\/lt\/produktas\/earth-harbor-kit-dawn-to-dusk\/","title":{"rendered":"EARTH HARBOR <br> Rinkinys <br> DAWN TO DUSK"},"content":{"rendered":"<p style=\"-webkit-font-smoothing: antialiased; color: #000000; font-family: Lato, sans-serif; font-size: 15px; box-sizing: border-box !important;\">Balansuojantis ir dr\u0117kinantis odos prie\u017ei\u016bros rinkinys.<\/p>\n<p style=\"-webkit-font-smoothing: antialiased; color: #000000; font-family: Lato, sans-serif; font-size: 15px; box-sizing: border-box !important;\">Dawn to Dusk Rinkinys ypatingai maitinanti odos rutina, subalansuoja ir pridr\u0117kina: <a href=\"https:\/\/greenspells.com\/lt\/produktas\/earth-harbor-sunshine-dew-antioxidant-cleansing-oil\/\" target=\"_blank\" rel=\"noopener\">EARTH HARBOR Sunshine Dew - Valomasis aliejus su antioksidantais<\/a>, <a href=\"https:\/\/greenspells.com\/lt\/produktas\/earth-harbor-biome-brightening-ampoule-marina\/\">Skaistinanti ampul\u0117 MARINA<\/a>, <a href=\"https:\/\/greenspells.com\/lt\/produktas\/earth-harbor-nutrient-glow-moisturizer-mermaid-milk\/\">\u0160vyt\u0117jimo suteikiantis dr\u0117kiklis MERMAID MILK,<\/a> Ir <a href=\"https:\/\/greenspells.com\/lt\/produktas\/earth-harbor-superfruit-radiance-balm-nymph-nectar\/\">Supervaisi\u0173 balzamas \u0161vyt\u0117jimui NYMPH NECTAR<\/a>.<\/p>\n<p style=\"-webkit-font-smoothing: antialiased; margin-top: 24px; color: #000000; font-family: Lato, sans-serif; font-size: 15px; box-sizing: border-box !important;\"><strong>Sunshine Dew - Valomasis aliejus su antioksidantais:\u00a0<\/strong>Saldus tropik\u0173 spindul\u0117lis - jo \u0161veln\u016bs la\u0161eliai efektyviai pa\u0161alins makia\u017e\u0105 bei visus ne\u0161varumus ir u\u017eter\u0161tumus nuo veido odos. Itin gaus\u016bs antioksidant\u0173 aliejai kartu su j\u016bros dumbliais ir papajos enzimais pa\u017eadins visus tavo poj\u016b\u010dius - giliai i\u0161valys ir sumink\u0161tins od\u0105.<\/p>\n<p style=\"-webkit-font-smoothing: antialiased; margin-top: 24px; color: #000000; font-family: Lato, sans-serif; font-size: 15px; box-sizing: border-box !important;\"><strong>Skaistinanti ampul\u0117 MARINA<\/strong>\u00a0MARINA ampul\u0117 pavadinta taip d\u0117l itin verting\u0173, melsv\u0173 lyg vandenynai ingredient\u0173 Spirulinos + bitkr\u0117sl\u0117s. Turi koncentruot\u0173 adaptogeni\u0161k\u0173 aliej\u0173, kurie akimirksniu skaistina ir balansuoja, suteikia odai tolygumo, \u0161vyt\u0117jimo. Veikia giliuose sluoksniuose, optimizuoja delika\u010di\u0105 odos mikrobiom\u0105, greitai ir pastebimai pagerina odos b\u016bkl\u0119 bei i\u0161vaizd\u0105.<\/p>\n<p style=\"-webkit-font-smoothing: antialiased; margin-top: 24px; color: #000000; font-family: Lato, sans-serif; font-size: 15px; box-sizing: border-box !important;\"><strong>Maitinantis, skaistinantis dr\u0117kinamasis kremas MERMAID MILK<\/strong>: Grynas, augalinis dr\u0117kinamasis kremas, subalansuoja ir suteikia nuostab\u0173 \u0161vyt\u0117jim\u0105 veidui. Lengvutis, kremi\u0161kas, prisotintas toki\u0173 superingredient\u0173 kaip spirulina ir matcha, kartu su koncentruotais fitonutrientais + antioksidantais + augaline hialurono r\u016bg\u0161timi puikiai dr\u0117kina, ramina ir puosel\u0117ja od\u0105. Neriebina, nelipnus, nealiejingas, greitai susigeria, suteikia pusiau matin\u012f u\u017ebaigim\u0105. Naudoti prie\u0161 makia\u017e\u0105, arba vien\u0105.<br style=\"-webkit-font-smoothing: antialiased; box-sizing: border-box !important;\" \/><br style=\"-webkit-font-smoothing: antialiased; box-sizing: border-box !important;\" \/><strong>Supervaisi\u0173 balzamas \u0161vyt\u0117jimui NYMPH NECTAR:\u00a0<\/strong>Tiesiai i\u0161 sal\u0173 nimf\u0173 rank\u0173 - saldusis ir skalsusis nektaras, gro\u017eio paslaptis i\u0161 gamtos, suteikianti tikr\u0105, sveik\u0105, jaunatvi\u0161k\u0105 odos \u0161vyt\u0117jim\u0105, piln\u0105 ir stipr\u0173 odos dr\u0117kinim\u0105. J\u016br\u0173 vaisiai ir tropin\u0117s superuogos, turintys gausyb\u0119 Vitamino C, Vitamino A, Vitamino E, Vitamino K, omeg\u0173, amino r\u016bg\u0161\u010di\u0173 ir dar daugyb\u0119 kit\u0173 bio-aktyv\u0173, reikaling\u0173 sveikiausiai, gaiviausiai ir \u0161vytin\u010diai odai pasiekti - tiesiog tirpsta \u012f od\u0105.<br style=\"-webkit-font-smoothing: antialiased; box-sizing: border-box !important;\" \/><br style=\"-webkit-font-smoothing: antialiased; box-sizing: border-box !important;\" \/><strong><span style=\"-webkit-font-smoothing: antialiased; box-sizing: border-box !important;\">Rinkin\u012f sudaro:<\/span><\/strong><\/p>\n<p style=\"-webkit-font-smoothing: antialiased; margin-top: 24px; color: #000000; font-family: Lato, sans-serif; font-size: 15px; box-sizing: border-box !important;\">1 oz Sunshine Dew - Valomasis aliejus su antioksidantais<\/p>\n<p style=\"-webkit-font-smoothing: antialiased; margin-top: 24px; color: #000000; font-family: Lato, sans-serif; font-size: 15px; box-sizing: border-box !important;\">5 ml Skaistinanti ampul\u0117 MARINA<\/p>\n<p style=\"-webkit-font-smoothing: antialiased; margin-top: 24px; color: #000000; font-family: Lato, sans-serif; font-size: 15px; box-sizing: border-box !important;\">7 ml \u0160vyt\u0117jimo suteikiantis dr\u0117kiklis MERMAID MILK<\/p>\n<p style=\"-webkit-font-smoothing: antialiased; margin-top: 24px; color: #000000; font-family: Lato, sans-serif; font-size: 15px; box-sizing: border-box !important;\">7 ml Supervaisi\u0173 balzamas \u0161vyt\u0117jimui NYMPH NECTAR<\/p>\n<p style=\"-webkit-font-smoothing: antialiased; margin-top: 24px; color: #000000; font-family: Lato, sans-serif; font-size: 15px; box-sizing: border-box !important;\">Purely Natural \u00b7 Ethical \u00b7 Sustainable \u00b7 No Synthetics \u00b7 Vegan \u00b7 Cruelty-Free \u00b7 100% Non-GMO \/ Organic \u00b7 No Fillers \u00b7 No Gluten Added \u00b7 No Soy Added \u00b7 Nontoxic \u00b7 Plant-Based \u00b7 Food-Grade \u00b7 pH Optimized \u00b7 Scientifically-Proven Ingredients \u00b7 Therapeutic-Grade \u00b7 Handcrafted Small Batches in the USA \u00b7 Woman-Owned\u00a0\u00a0\u00b7 1% For The Planet\u00ae<\/p>\n<p><em><strong>Kaip naudoti?<\/strong><\/em><\/p>\n<p style=\"-webkit-font-smoothing: antialiased; color: #000000; font-family: Lato, sans-serif; font-size: 15px; box-sizing: border-box !important;\">Valykite su Sunshine Dew. Palepinkite su Marina.<\/p>\n<p style=\"-webkit-font-smoothing: antialiased; margin-top: 24px; color: #000000; font-family: Lato, sans-serif; font-size: 15px; box-sizing: border-box !important;\">Dr\u0117kinkite su Mermaid Milk. Visk\u0105 u\u017erakinkite ir i\u0161saugokite su Nymph Nectar (j\u012f taip pat galima naudoti ir kaip miego kauk\u0119!).<\/p>\n<p style=\"-webkit-font-smoothing: antialiased; margin-top: 24px; color: #000000; font-family: Lato, sans-serif; font-size: 15px; box-sizing: border-box !important;\"><strong><span style=\"-webkit-font-smoothing: antialiased; box-sizing: border-box !important;\">Sunshine Dew - Valomasis aliejus su antioksidantais<\/span><\/strong>:<span style=\"-webkit-font-smoothing: antialiased; box-sizing: border-box !important; font-weight: var(--text-font-bold-weight);\">\u00a0<\/span>\u0160velniai papurtykite. Tepkite ant sauso veido. Sudr\u0117kinkite vandeniu ir \u012fmasa\u017euokite \u012f vis\u0105 od\u0105, kad i\u0161tirpt\u0173 visi riebalai ir makia\u017eo liku\u010diai. Kruop\u0161\u010diai nuprauskite vandeniu ir \u0161velniai nusausinkite. \n\nJeigu naudosite dvigubo valymo metod\u0105 - po to galite od\u0105 nuprausti.<\/p>\n<p style=\"-webkit-font-smoothing: antialiased; margin-top: 24px; color: #000000; font-family: Lato, sans-serif; font-size: 15px; box-sizing: border-box !important;\"><strong><span style=\"-webkit-font-smoothing: antialiased; box-sizing: border-box !important;\">Skaistinanti ampul\u0117 MARINA<\/span><\/strong>Kaip hiper-koncentruot\u0105 serum\u0105:\u00a0Tepkite 2 ar daugiau la\u0161eli\u0173 ant \u0161varios, nupraustos odos, po toniko. \u012emasa\u017euoti, kol susigers, naudoti prie\u0161 dr\u0117kinam\u0105j\u012f krem\u0105.\n\nKasdieniam odos kokteiliui:\u00a0Prid\u0117kite 2 ar daugiau la\u0161eli\u0173 MARINA prie bet kurio kito EARTH HARBOR serumo, ar dr\u0117kiklio, ryte ir vakare.\n\nPatarimas:\u00a0MARINA yra labai universali, galinga ir saugi, galite j\u0105 laisvai naudoti kaip labiausiai patinka savo rutinoje!<br style=\"-webkit-font-smoothing: antialiased; box-sizing: border-box !important;\" \/><br style=\"-webkit-font-smoothing: antialiased; box-sizing: border-box !important;\" \/><strong><span style=\"-webkit-font-smoothing: antialiased; box-sizing: border-box !important;\">Maitinantis, skaistinantis dr\u0117kinamasis kremas MERMAID MILK<\/span>:<\/strong> Tepti nedidel\u012f kiek\u012f ant \u0161varaus, nuprausto veido, po toniko. Naudoti daugiau, jei norisi daugiau dr\u0117gm\u0117s, pagal poreik\u012f.\n\nPatarimas: \u0161is lengvutis kremas greitai susigeria, puikiai tinka kaip makia\u017eo pagrindas (praimeris).\n\nPatarimas: galite sumai\u0161yti su bet kuriuo EARTH HARBOR serumu, ar ampule.<\/p>\n<p style=\"-webkit-font-smoothing: antialiased; margin-bottom: 0px; margin-top: 24px; color: #000000; font-family: Lato, sans-serif; font-size: 15px; box-sizing: border-box !important;\"><strong><span style=\"-webkit-font-smoothing: antialiased; box-sizing: border-box !important;\">Supervaisi\u0173 balzamas \u0161vyt\u0117jimui NYMPH NECTAR:<\/span><\/strong><em style=\"-webkit-font-smoothing: antialiased; box-sizing: border-box !important;\"><strong>\u00a0<\/strong>Kaip dr\u0117kikl\u012f:<\/em>\u00a0Nedidel\u012f kiek\u012f \u0161velniai \u012fmasa\u017euoti \u012f veido, kaklo, dekolte od\u0105. Nepamir\u0161kite l\u016bp\u0173 ir nag\u0173 odeli\u0173!\u00a0<em style=\"-webkit-font-smoothing: antialiased; box-sizing: border-box !important;\">Kaip miego kauk\u0119:<\/em>\u00a0Naudokite kaip paskutin\u012f \u017eingsn\u012f vakaro rutinoje, tepkite dosniai NYMPH NECTAR ir \u012fmasa\u017euokite \u012f veido, kaklo, dekokte od\u0105. Leiskite bent 10min susigerti, iki einant miegoti. Ryte nuplaukite \u0161iltu vandeniu.\u00a0<em style=\"-webkit-font-smoothing: antialiased; box-sizing: border-box !important;\">Kaip valom\u0105j\u012f balzam\u0105:<\/em>\u00a0\u012emasa\u017euokite \u012f saus\u0105 veido od\u0105, akis. Aktyvuokite sudr\u0117kindami vandeniu, nuprauskite.\u00a0<em style=\"-webkit-font-smoothing: antialiased; box-sizing: border-box !important;\">Patarimas:<\/em> Galima mai\u0161yti su bet kuriuo EARTH HARBOR dr\u0117kikliu, ar ampule.<\/p>\n<p>&nbsp;<\/p>\n<p><em><strong>Ingredientai<\/strong><\/em>:<\/p>\n<p><a href=\"https:\/\/greenspells.com\/lt\/produktas\/earth-harbor-sunshine-dew-antioxidant-cleansing-oil\/\"><strong><span style=\"-webkit-font-smoothing: antialiased; box-sizing: border-box !important;\">Sunshine Dew - Valomasis aliejus su antioksidantais<\/span><\/strong><\/a><\/p>\n<p><a href=\"https:\/\/greenspells.com\/lt\/produktas\/earth-harbor-biome-brightening-ampoule-marina\/\"><strong><span style=\"-webkit-font-smoothing: antialiased; box-sizing: border-box !important;\">Skaistinanti ampul\u0117 MARINA<\/span><\/strong><\/a><\/p>\n<p><a href=\"https:\/\/greenspells.com\/lt\/produktas\/earth-harbor-nutrient-glow-moisturizer-mermaid-milk\/\"><strong><span style=\"-webkit-font-smoothing: antialiased; box-sizing: border-box !important;\">Maitinantis, skaistinantis dr\u0117kinamasis kremas MERMAID MILK<\/span><\/strong><\/a><\/p>\n<p><a href=\"https:\/\/greenspells.com\/lt\/produktas\/earth-harbor-superfruit-radiance-balm-nymph-nectar\/\"><strong><span style=\"-webkit-font-smoothing: antialiased; box-sizing: border-box !important;\">Supervaisi\u0173 balzamas \u0161vyt\u0117jimui NYMPH NECTAR<\/span><\/strong><\/a><\/p>\n<p>&nbsp;<\/p>","protected":false},"excerpt":{"rendered":"<p>Balancing &amp; hydrating skincare set. Dawn to Dusk Kit provides the ultimate nourishing complexion reset with the balancing and hydrating ritual of Sunshine Dew Antioxidant Oil Cleanser, Marina Biome Brightening Ampoule, Mermaid Milk Nutrient Glow Moisturizer, and Nymph Nectar Superfruit Radiance Balm. SUNSHINE DEW Antioxidant Cleansing Oil:\u00a0Sweet tropical sunshine with silky dew drops sail smoothly [&hellip;]<\/p>\n","protected":false},"featured_media":1672534,"comment_status":"open","ping_status":"closed","template":"","meta":{"content-type":"","_monsterinsights_skip_tracking":false,"_monsterinsights_sitenote_active":false,"_monsterinsights_sitenote_note":"","_monsterinsights_sitenote_category":0,"_uf_show_specific_survey":0,"_uf_disable_surveys":false},"product_brand":[1660],"product_cat":[20,1803,33,176,40,1019,34,15],"product_tag":[1697,1674,1698,1695,1696,1694],"class_list":{"0":"post-1672529","1":"product","2":"type-product","3":"status-publish","4":"has-post-thumbnail","6":"product_brand-earth-harbor","7":"product_cat-cleansers-and-exfoliators","8":"product_cat-greenspells-dovanu-idejos","9":"product_cat-serums","10":"product_cat-masks","11":"product_cat-moisturizers","12":"product_cat-rinkinukai","13":"product_cat-skincare","14":"product_cat-all-products","15":"product_tag-balansuojantis-rinkinys","16":"product_tag-earth-harbor","17":"product_tag-grozio-dezute","18":"product_tag-rinkinys-veidui","19":"product_tag-skaistinantis-rinkinys","20":"product_tag-skincare-kit","22":"first","23":"instock","24":"taxable","25":"shipping-taxable","26":"purchasable","27":"product-type-simple"},"bundled_by":[],"bundle_stock_status":"instock","bundle_stock_quantity":null,"bundle_virtual":false,"bundle_layout":"","bundle_add_to_cart_form_location":"","bundle_editable_in_cart":false,"bundle_sold_individually_context":"","bundle_item_grouping":"","bundle_min_size":"","bundle_max_size":"","bundle_price":[],"bundled_items":[],"bundle_sell_ids":[],"group_of_quantity":0,"min_quantity":0,"max_quantity":"","exclude_order_quantity_value_rules":"no","exclude_category_quantity_rules":"no","combine_variations":"no","exclude_global_add_ons":[],"addons":[],"yoast_head":"<!-- This site is optimized with the Yoast SEO plugin v27.4 - https:\/\/yoast.com\/product\/yoast-seo-wordpress\/ -->\n<title>EARTH HARBOR  Kit  DAWN TO DUSK - Greenspells<\/title>\n<meta name=\"description\" content=\"Dawn to Dusk Kit provides the ultimate nourishing complexion reset with the balancing and hydrating ritual of the top best sellers of EARTH HARBOR!\" \/>\n<meta name=\"robots\" content=\"index, follow, max-snippet:-1, max-image-preview:large, max-video-preview:-1\" \/>\n<link rel=\"canonical\" href=\"https:\/\/greenspells.com\/lt\/produktas\/earth-harbor-kit-dawn-to-dusk\/\" \/>\n<meta property=\"og:locale\" content=\"lt_LT\" \/>\n<meta property=\"og:type\" content=\"article\" \/>\n<meta property=\"og:title\" content=\"EARTH HARBOR  Kit  DAWN TO DUSK - Greenspells\" \/>\n<meta property=\"og:description\" content=\"Dawn to Dusk Kit provides the ultimate nourishing complexion reset with the balancing and hydrating ritual of the top best sellers of EARTH HARBOR!\" \/>\n<meta property=\"og:url\" content=\"https:\/\/greenspells.com\/lt\/produktas\/earth-harbor-kit-dawn-to-dusk\/\" \/>\n<meta property=\"og:site_name\" content=\"Greenspells\" \/>\n<meta property=\"article:publisher\" content=\"https:\/\/www.facebook.com\/Greenspells\" \/>\n<meta property=\"article:modified_time\" content=\"2025-08-04T07:32:43+00:00\" \/>\n<meta property=\"og:image\" content=\"https:\/\/greenspells.com\/wp-content\/uploads\/2023\/07\/dawn-to-dusk-kit-138483_900x.jpg\" \/>\n\t<meta property=\"og:image:width\" content=\"900\" \/>\n\t<meta property=\"og:image:height\" content=\"900\" \/>\n\t<meta property=\"og:image:type\" content=\"image\/jpeg\" \/>\n<meta name=\"twitter:card\" content=\"summary_large_image\" \/>\n<meta name=\"twitter:label1\" content=\"Est. reading time\" \/>\n\t<meta name=\"twitter:data1\" content=\"4 minut\u0117s\" \/>\n<script type=\"application\/ld+json\" class=\"yoast-schema-graph\">{\"@context\":\"https:\\\/\\\/schema.org\",\"@graph\":[{\"@type\":\"WebPage\",\"@id\":\"https:\\\/\\\/greenspells.com\\\/product\\\/earth-harbor-kit-dawn-to-dusk\\\/\",\"url\":\"https:\\\/\\\/greenspells.com\\\/product\\\/earth-harbor-kit-dawn-to-dusk\\\/\",\"name\":\"EARTH HARBOR Kit DAWN TO DUSK - Greenspells\",\"isPartOf\":{\"@id\":\"https:\\\/\\\/greenspells.com\\\/#website\"},\"primaryImageOfPage\":{\"@id\":\"https:\\\/\\\/greenspells.com\\\/product\\\/earth-harbor-kit-dawn-to-dusk\\\/#primaryimage\"},\"image\":{\"@id\":\"https:\\\/\\\/greenspells.com\\\/product\\\/earth-harbor-kit-dawn-to-dusk\\\/#primaryimage\"},\"thumbnailUrl\":\"https:\\\/\\\/i0.wp.com\\\/greenspells.com\\\/wp-content\\\/uploads\\\/2023\\\/07\\\/dawn-to-dusk-kit-138483_900x.jpg?fit=900%2C900&ssl=1\",\"datePublished\":\"2023-07-27T07:20:17+00:00\",\"dateModified\":\"2025-08-04T07:32:43+00:00\",\"description\":\"Dawn to Dusk Kit provides the ultimate nourishing complexion reset with the balancing and hydrating ritual of the top best sellers of EARTH HARBOR!\",\"breadcrumb\":{\"@id\":\"https:\\\/\\\/greenspells.com\\\/product\\\/earth-harbor-kit-dawn-to-dusk\\\/#breadcrumb\"},\"inLanguage\":\"lt-LT\",\"potentialAction\":[{\"@type\":\"ReadAction\",\"target\":[\"https:\\\/\\\/greenspells.com\\\/product\\\/earth-harbor-kit-dawn-to-dusk\\\/\"]}]},{\"@type\":\"ImageObject\",\"inLanguage\":\"lt-LT\",\"@id\":\"https:\\\/\\\/greenspells.com\\\/product\\\/earth-harbor-kit-dawn-to-dusk\\\/#primaryimage\",\"url\":\"https:\\\/\\\/i0.wp.com\\\/greenspells.com\\\/wp-content\\\/uploads\\\/2023\\\/07\\\/dawn-to-dusk-kit-138483_900x.jpg?fit=900%2C900&ssl=1\",\"contentUrl\":\"https:\\\/\\\/i0.wp.com\\\/greenspells.com\\\/wp-content\\\/uploads\\\/2023\\\/07\\\/dawn-to-dusk-kit-138483_900x.jpg?fit=900%2C900&ssl=1\",\"width\":900,\"height\":900},{\"@type\":\"BreadcrumbList\",\"@id\":\"https:\\\/\\\/greenspells.com\\\/product\\\/earth-harbor-kit-dawn-to-dusk\\\/#breadcrumb\",\"itemListElement\":[{\"@type\":\"ListItem\",\"position\":1,\"name\":\"Home\",\"item\":\"https:\\\/\\\/greenspells.com\\\/\"},{\"@type\":\"ListItem\",\"position\":2,\"name\":\"Shop\",\"item\":\"https:\\\/\\\/greenspells.com\\\/shop\\\/\"},{\"@type\":\"ListItem\",\"position\":3,\"name\":\"EARTH HARBOR Kit DAWN TO DUSK\"}]},{\"@type\":\"WebSite\",\"@id\":\"https:\\\/\\\/greenspells.com\\\/#website\",\"url\":\"https:\\\/\\\/greenspells.com\\\/\",\"name\":\"Greenspells\",\"description\":\"Nat\u016brali ir ekologi\u0161ka kosmetika\",\"publisher\":{\"@id\":\"https:\\\/\\\/greenspells.com\\\/#organization\"},\"potentialAction\":[{\"@type\":\"SearchAction\",\"target\":{\"@type\":\"EntryPoint\",\"urlTemplate\":\"https:\\\/\\\/greenspells.com\\\/?s={search_term_string}\"},\"query-input\":{\"@type\":\"PropertyValueSpecification\",\"valueRequired\":true,\"valueName\":\"search_term_string\"}}],\"inLanguage\":\"lt-LT\"},{\"@type\":\"Organization\",\"@id\":\"https:\\\/\\\/greenspells.com\\\/#organization\",\"name\":\"Greenspells\",\"url\":\"https:\\\/\\\/greenspells.com\\\/\",\"logo\":{\"@type\":\"ImageObject\",\"inLanguage\":\"lt-LT\",\"@id\":\"https:\\\/\\\/greenspells.com\\\/#\\\/schema\\\/logo\\\/image\\\/\",\"url\":\"https:\\\/\\\/i0.wp.com\\\/greenspells.com\\\/wp-content\\\/uploads\\\/2020\\\/09\\\/20200722_153424_0000.png?fit=1500%2C1500&ssl=1\",\"contentUrl\":\"https:\\\/\\\/i0.wp.com\\\/greenspells.com\\\/wp-content\\\/uploads\\\/2020\\\/09\\\/20200722_153424_0000.png?fit=1500%2C1500&ssl=1\",\"width\":1500,\"height\":1500,\"caption\":\"Greenspells\"},\"image\":{\"@id\":\"https:\\\/\\\/greenspells.com\\\/#\\\/schema\\\/logo\\\/image\\\/\"},\"sameAs\":[\"https:\\\/\\\/www.facebook.com\\\/Greenspells\",\"https:\\\/\\\/www.instagram.com\\\/greenspells_store\\\/\"]}]}<\/script>\n<!-- \/ Yoast SEO plugin. -->","yoast_head_json":{"title":"EARTH HARBOR  Kit  DAWN TO DUSK - Greenspells","description":"Dawn to Dusk Kit provides the ultimate nourishing complexion reset with the balancing and hydrating ritual of the top best sellers of EARTH HARBOR!","robots":{"index":"index","follow":"follow","max-snippet":"max-snippet:-1","max-image-preview":"max-image-preview:large","max-video-preview":"max-video-preview:-1"},"canonical":"https:\/\/greenspells.com\/lt\/produktas\/earth-harbor-kit-dawn-to-dusk\/","og_locale":"lt_LT","og_type":"article","og_title":"EARTH HARBOR  Kit  DAWN TO DUSK - Greenspells","og_description":"Dawn to Dusk Kit provides the ultimate nourishing complexion reset with the balancing and hydrating ritual of the top best sellers of EARTH HARBOR!","og_url":"https:\/\/greenspells.com\/lt\/produktas\/earth-harbor-kit-dawn-to-dusk\/","og_site_name":"Greenspells","article_publisher":"https:\/\/www.facebook.com\/Greenspells","article_modified_time":"2025-08-04T07:32:43+00:00","og_image":[{"width":900,"height":900,"url":"https:\/\/greenspells.com\/wp-content\/uploads\/2023\/07\/dawn-to-dusk-kit-138483_900x.jpg","type":"image\/jpeg"}],"twitter_card":"summary_large_image","twitter_misc":{"Est. reading time":"4 minut\u0117s"},"schema":{"@context":"https:\/\/schema.org","@graph":[{"@type":"WebPage","@id":"https:\/\/greenspells.com\/product\/earth-harbor-kit-dawn-to-dusk\/","url":"https:\/\/greenspells.com\/product\/earth-harbor-kit-dawn-to-dusk\/","name":"EARTH HARBOR Kit DAWN TO DUSK - Greenspells","isPartOf":{"@id":"https:\/\/greenspells.com\/#website"},"primaryImageOfPage":{"@id":"https:\/\/greenspells.com\/product\/earth-harbor-kit-dawn-to-dusk\/#primaryimage"},"image":{"@id":"https:\/\/greenspells.com\/product\/earth-harbor-kit-dawn-to-dusk\/#primaryimage"},"thumbnailUrl":"https:\/\/i0.wp.com\/greenspells.com\/wp-content\/uploads\/2023\/07\/dawn-to-dusk-kit-138483_900x.jpg?fit=900%2C900&ssl=1","datePublished":"2023-07-27T07:20:17+00:00","dateModified":"2025-08-04T07:32:43+00:00","description":"Dawn to Dusk Kit provides the ultimate nourishing complexion reset with the balancing and hydrating ritual of the top best sellers of EARTH HARBOR!","breadcrumb":{"@id":"https:\/\/greenspells.com\/product\/earth-harbor-kit-dawn-to-dusk\/#breadcrumb"},"inLanguage":"lt-LT","potentialAction":[{"@type":"ReadAction","target":["https:\/\/greenspells.com\/product\/earth-harbor-kit-dawn-to-dusk\/"]}]},{"@type":"ImageObject","inLanguage":"lt-LT","@id":"https:\/\/greenspells.com\/product\/earth-harbor-kit-dawn-to-dusk\/#primaryimage","url":"https:\/\/i0.wp.com\/greenspells.com\/wp-content\/uploads\/2023\/07\/dawn-to-dusk-kit-138483_900x.jpg?fit=900%2C900&ssl=1","contentUrl":"https:\/\/i0.wp.com\/greenspells.com\/wp-content\/uploads\/2023\/07\/dawn-to-dusk-kit-138483_900x.jpg?fit=900%2C900&ssl=1","width":900,"height":900},{"@type":"BreadcrumbList","@id":"https:\/\/greenspells.com\/product\/earth-harbor-kit-dawn-to-dusk\/#breadcrumb","itemListElement":[{"@type":"ListItem","position":1,"name":"Home","item":"https:\/\/greenspells.com\/"},{"@type":"ListItem","position":2,"name":"Shop","item":"https:\/\/greenspells.com\/shop\/"},{"@type":"ListItem","position":3,"name":"EARTH HARBOR Kit DAWN TO DUSK"}]},{"@type":"WebSite","@id":"https:\/\/greenspells.com\/#website","url":"https:\/\/greenspells.com\/","name":"Greenspells","description":"Nat\u016brali ir ekologi\u0161ka kosmetika","publisher":{"@id":"https:\/\/greenspells.com\/#organization"},"potentialAction":[{"@type":"SearchAction","target":{"@type":"EntryPoint","urlTemplate":"https:\/\/greenspells.com\/?s={search_term_string}"},"query-input":{"@type":"PropertyValueSpecification","valueRequired":true,"valueName":"search_term_string"}}],"inLanguage":"lt-LT"},{"@type":"Organization","@id":"https:\/\/greenspells.com\/#organization","name":"Greenspells","url":"https:\/\/greenspells.com\/","logo":{"@type":"ImageObject","inLanguage":"lt-LT","@id":"https:\/\/greenspells.com\/#\/schema\/logo\/image\/","url":"https:\/\/i0.wp.com\/greenspells.com\/wp-content\/uploads\/2020\/09\/20200722_153424_0000.png?fit=1500%2C1500&ssl=1","contentUrl":"https:\/\/i0.wp.com\/greenspells.com\/wp-content\/uploads\/2020\/09\/20200722_153424_0000.png?fit=1500%2C1500&ssl=1","width":1500,"height":1500,"caption":"Greenspells"},"image":{"@id":"https:\/\/greenspells.com\/#\/schema\/logo\/image\/"},"sameAs":["https:\/\/www.facebook.com\/Greenspells","https:\/\/www.instagram.com\/greenspells_store\/"]}]}},"jetpack_likes_enabled":true,"jetpack_sharing_enabled":true,"_links":{"self":[{"href":"https:\/\/greenspells.com\/lt\/wp-json\/wp\/v2\/product\/1672529","targetHints":{"allow":["GET"]}}],"collection":[{"href":"https:\/\/greenspells.com\/lt\/wp-json\/wp\/v2\/product"}],"about":[{"href":"https:\/\/greenspells.com\/lt\/wp-json\/wp\/v2\/types\/product"}],"replies":[{"embeddable":true,"href":"https:\/\/greenspells.com\/lt\/wp-json\/wp\/v2\/comments?post=1672529"}],"wp:featuredmedia":[{"embeddable":true,"href":"https:\/\/greenspells.com\/lt\/wp-json\/wp\/v2\/media\/1672534"}],"wp:attachment":[{"href":"https:\/\/greenspells.com\/lt\/wp-json\/wp\/v2\/media?parent=1672529"}],"wp:term":[{"taxonomy":"product_brand","embeddable":true,"href":"https:\/\/greenspells.com\/lt\/wp-json\/wp\/v2\/product_brand?post=1672529"},{"taxonomy":"product_cat","embeddable":true,"href":"https:\/\/greenspells.com\/lt\/wp-json\/wp\/v2\/product_cat?post=1672529"},{"taxonomy":"product_tag","embeddable":true,"href":"https:\/\/greenspells.com\/lt\/wp-json\/wp\/v2\/product_tag?post=1672529"}],"curies":[{"name":"wp","href":"https:\/\/api.w.org\/{rel}","templated":true}]}}