{"id":1672487,"date":"2023-07-24T22:55:28","date_gmt":"2023-07-24T20:55:28","guid":{"rendered":"https:\/\/greenspells.com\/?post_type=product&#038;p=1672487"},"modified":"2026-01-07T16:04:16","modified_gmt":"2026-01-07T14:04:16","slug":"earth-harbor-anti-pollution-youth-ampoule-helios","status":"publish","type":"product","link":"https:\/\/greenspells.com\/lt\/produktas\/earth-harbor-anti-pollution-youth-ampoule-helios\/","title":{"rendered":"EARTH HARBOR <br> Jaunatvi\u0161kumo ampul\u0117 pri\u0161 stres\u0105 ir u\u017eter\u0161tum\u0105 <br> HELIOS"},"content":{"rendered":"<p style=\"-webkit-font-smoothing: antialiased; color: #000000; font-family: Lato, sans-serif; font-size: 15px; box-sizing: border-box !important;\">\u0160i ampul\u0117 - tai lyg skystas auksas, kovojantis su ter\u0161alais ir kasdieniu odos stresu!<\/p>\n<p style=\"-webkit-font-smoothing: antialiased; color: #000000; font-family: Lato, sans-serif; font-size: 15px; box-sizing: border-box !important;\">Pavadinta graik\u0173 Saul\u0117s dievo vardu, ampul\u0117 HELIOS yra galinga ambrozija, pripildyta ultra-atstatan\u010di\u0173 kamienini\u0173 augal\u0173 l\u0105steli\u0173 bei jaunatvi\u0161kum\u0105 saugan\u010dio raudon\u0173j\u0173 dumbli\u0173 astaksantino. Ypatingai stipri kovojant su ter\u0161alais ir kasdieniais odos stresoriais, ampul\u0117 yra tikras eliksyras, saugantis ir stiptinantis odos barjero funkcijas.<\/p>\n<p style=\"-webkit-font-smoothing: antialiased; margin-top: 24px; color: #000000; font-family: Lato, sans-serif; font-size: 15px; box-sizing: border-box !important;\">HELIOS puosel\u0117ja j\u016bs\u0173 od\u0105 j\u0105 atnaujindama su kamienini\u0173 l\u0105steli\u0173 technologija, atstato tr\u016bkstamus antioksidantus, normalizuoja odos ph, lygina rauk\u0161leles. Ir tuo pa\u010diu suteikia maloni\u0173 jutimini\u0173 potyri\u0173, savo velvetine konsistencija bei citrus\u0173 \u017eied\u0173 aromatu.<\/p>\n<p style=\"-webkit-font-smoothing: antialiased; margin-top: 24px; color: #000000; font-family: Lato, sans-serif; font-size: 15px; box-sizing: border-box !important;\"><span style=\"-webkit-font-smoothing: antialiased; box-sizing: border-box !important; font-weight: var(--text-font-bold-weight);\"><strong>Padeda<\/strong>:<br style=\"-webkit-font-smoothing: antialiased; box-sizing: border-box !important;\" \/><\/span>- Ter\u0161al\u0173 kontrolei<br style=\"-webkit-font-smoothing: antialiased; box-sizing: border-box !important;\" \/>- Rauk\u0161lel\u0117ms<br style=\"-webkit-font-smoothing: antialiased; box-sizing: border-box !important;\" \/>- po saul\u0117s<br style=\"-webkit-font-smoothing: antialiased; box-sizing: border-box !important;\" \/>- stresuojant odai<\/p>\n<p style=\"-webkit-font-smoothing: antialiased; margin-top: 24px; color: #000000; font-family: Lato, sans-serif; font-size: 15px; box-sizing: border-box !important;\"><strong><span style=\"-webkit-font-smoothing: antialiased; box-sizing: border-box !important;\">Jaunina, normalizuoja, atstato, saugo nuo ter\u0161al\u0173<\/span><\/strong><\/p>\n<p style=\"-webkit-font-smoothing: antialiased; margin-top: 24px; color: #000000; font-family: Lato, sans-serif; font-size: 15px; box-sizing: border-box !important;\"><strong>Kvapas<\/strong>: nat\u016bralus, nerolio<br style=\"-webkit-font-smoothing: antialiased; box-sizing: border-box !important;\" \/><strong>Tekst\u016bra:<\/strong>: \u0161ilkin\u0117, prabangi\u0173 aliej\u0173<br style=\"-webkit-font-smoothing: antialiased; box-sizing: border-box !important;\" \/><strong>Spalva<\/strong>:<span style=\"-webkit-font-smoothing: antialiased; box-sizing: border-box !important; font-weight: var(--text-font-bold-weight);\">\u00a0<\/span>Aukso gelsva<\/p>\n<p><em><strong>Pagrindiniai ingredientai<\/strong><\/em><\/p>\n<p><strong>Raudon\u0173j\u0173 dumbli\u0173 Astaksantinas\u00a0<\/strong>neprilygstamas antioksidantas, efektyvesnis net u\u017e Vitamin\u0105 C, padedant odai apsisaugoti nuo neigiamo aplinkos poveikio ir laisv\u0173j\u0173 radikal\u0173. Padidina dr\u0117gm\u0117s i\u0161laikym\u0105, elastingum\u0105, glotnina od\u0105, ma\u017eina rauk\u0161leles.<\/p>\n<p><strong>Augalin\u0117s kamienin\u0117s l\u0105stel\u0117s<\/strong>\u00a0I\u0161gautos i\u0161 obuoli\u0173 ir argano.<\/p>\n<p><strong>Marulos, vynuogi\u0173 s\u0117kly\u010di\u0173, baobabi\u0173 ir agurkli\u0173 s\u0117kl\u0173 aliejai<\/strong>\u00a0Turi ypatingas molekulines strukt\u016bras, leid\u017eian\u010dias gausiam kiekiui antioksidant\u0173, vitamin\u0173, riebi\u0173j\u0173 r\u016bg\u0161\u010di\u0173 lengvai susigerti \u012f od\u0105. Ma\u017eina vandens netekim\u0105, glotnina, ma\u017eina raudon\u012f, maitina, gydo, dr\u0117kina, stangrina, gerina elastingum\u0105 - neu\u017ekim\u0161dami por\u0173!<\/p>\n<p><strong>Nerolis\u00a0<\/strong>Ir<strong>\u00a0Sald\u017ei\u0173j\u0173 apelsin\u0173 aliejus\u00a0<\/strong>Pasi\u017eymi ypatingomis jaunatvi\u0161kum\u0105 saugan\u010diomis \nantimikrobin\u0117mis  savyb\u0117mis. Naudojami i\u0161tisus \u0161imtme\u010dius, norint suma\u017einti rauk\u0161leles, skatina nauj\u0173 l\u0105steli\u0173 augim\u0105.<\/p>\n<p><strong>Cranberry Seed Oil<\/strong>\u00a0is a superfruit containing one of the highest antioxidant and phytosterols content of any fruit or vegetable oil. It also has impressively high essential fatty acid and Vitamin E content. All of this synergistically combines to be an ultimate skin nurturer, renewer, and natural antipollution hero.<\/p>\n<p><strong>Calendula Flower Extract\u00a0<\/strong>was revered by Ancient Egyptians for its rejuvenating qualities. As an immunostimulant, its antiseptic and antimicrobial properties help heal skin imperfections, soothe irritations and blemishes, and regulate skin\u2019s natural oil production. Above all, this mystical herb stimulates the production of collagen for more youthful, glowing skin.<\/p>\n<p><strong>Pomegranate\u00a0and\u00a0Pumpkin Seed Oils<\/strong>\u00a0contain rare fatty acids, which have phenomenal anti-inflammatory properties. They fend off free radicals to keep skin\u2019s aging at bay while working to reverse sun damage, creating a more even skin tone and leaving skin feeling supple and healthy.<\/p>\n<p style=\"-webkit-font-smoothing: antialiased; margin-top: 24px; color: #000000; font-family: Lato, sans-serif; font-size: 15px; box-sizing: border-box !important;\">Purely Natural \u00b7 Ethical\u00a0\u00b7 Sustainable<span style=\"-webkit-font-smoothing: antialiased; box-sizing: border-box !important; font-weight: var(--text-font-bold-weight);\">\u00a0\u00b7<\/span>\u00a0No Synthetics\u00a0<span style=\"-webkit-font-smoothing: antialiased; box-sizing: border-box !important; font-weight: var(--text-font-bold-weight);\">\u00b7<\/span>\u00a0Tinka veganams\u00a0<span style=\"-webkit-font-smoothing: antialiased; box-sizing: border-box !important; font-weight: var(--text-font-bold-weight);\">\u00b7<\/span>\u00a0Cruelty-Free\u00a0<span style=\"-webkit-font-smoothing: antialiased; box-sizing: border-box !important; font-weight: var(--text-font-bold-weight);\">\u00b7<\/span>\u00a0100% Non-GMO \/ Organic\u00a0<span style=\"-webkit-font-smoothing: antialiased; box-sizing: border-box !important; font-weight: var(--text-font-bold-weight);\">\u00b7<\/span>\u00a0Nontoxic\u00a0<span style=\"-webkit-font-smoothing: antialiased; box-sizing: border-box !important; font-weight: var(--text-font-bold-weight);\">\u00b7<\/span>\u00a0Fair Trade\u00a0<span style=\"-webkit-font-smoothing: antialiased; box-sizing: border-box !important; font-weight: var(--text-font-bold-weight);\">\u00b7<\/span>\u00a0No<span style=\"-webkit-font-smoothing: antialiased; box-sizing: border-box !important; font-weight: var(--text-font-bold-weight);\">\u00a0<\/span>Gluten Added\u00a0<span style=\"-webkit-font-smoothing: antialiased; box-sizing: border-box !important; font-weight: var(--text-font-bold-weight);\">\u00b7<\/span>\u00a0No Soy\u00a0Added\u00a0<span style=\"-webkit-font-smoothing: antialiased; box-sizing: border-box !important; font-weight: var(--text-font-bold-weight);\">\u00b7<\/span>\u00a0No Fillers\u00a0<span style=\"-webkit-font-smoothing: antialiased; box-sizing: border-box !important; font-weight: var(--text-font-bold-weight);\">\u00b7<\/span>\u00a0Plant-Based\u00a0<span style=\"-webkit-font-smoothing: antialiased; box-sizing: border-box !important; font-weight: var(--text-font-bold-weight);\">\u00b7<\/span>\u00a0Food-Grade<span style=\"-webkit-font-smoothing: antialiased; box-sizing: border-box !important; font-weight: var(--text-font-bold-weight);\">\u00b7<\/span>\u00a0Scientifically-Proven Ingredients\u00a0<span style=\"-webkit-font-smoothing: antialiased; box-sizing: border-box !important; font-weight: var(--text-font-bold-weight);\">\u00b7<\/span>\u00a0Therapeutic-Grade\u00a0<span style=\"-webkit-font-smoothing: antialiased; box-sizing: border-box !important; font-weight: var(--text-font-bold-weight);\">\u00b7\u00a0<\/span>Zero-Waste<span style=\"-webkit-font-smoothing: antialiased; box-sizing: border-box !important; font-weight: var(--text-font-bold-weight);\">\u00a0\u00b7\u00a0<\/span>Woman-Owned<span style=\"-webkit-font-smoothing: antialiased; box-sizing: border-box !important; font-weight: var(--text-font-bold-weight);\">\u00a0\u00b7<\/span>\u00a0Small Batch Made By USA Mermaids\u00a0<span style=\"-webkit-font-smoothing: antialiased; box-sizing: border-box !important; font-weight: var(--text-font-bold-weight);\">\u00b7<\/span> 1%\u00a0For The Planet\u00ae<\/p>\n<p><em><strong>Kaip naudoti?<\/strong><\/em><\/p>\n<p style=\"-webkit-font-smoothing: antialiased; color: #000000; font-family: Lato, sans-serif; font-size: 15px; box-sizing: border-box !important;\"><span style=\"-webkit-font-smoothing: antialiased; box-sizing: border-box !important; font-weight: var(--text-font-bold-weight);\">Kaip hiper-koncentruot\u0105 serum\u0105\u00a0<\/span>Tepkite 2 ar daugiau la\u0161eli\u0173 ant \u0161varios, nupraustos odos, po toniko. \u012emasa\u017euoti, kol susigers, naudoti prie\u0161 dr\u0117kinam\u0105j\u012f krem\u0105.<\/p>\n<p style=\"-webkit-font-smoothing: antialiased; margin-top: 24px; color: #000000; font-family: Lato, sans-serif; font-size: 15px; box-sizing: border-box !important;\"><span style=\"-webkit-font-smoothing: antialiased; box-sizing: border-box !important; font-weight: var(--text-font-bold-weight);\">Kasdieniam odos kokteiliui:<\/span>\u00a0Add\u00a0two or more drops of\u00a0Helios to any Earth Harbor treatment or moisturizer\u00a0both morning and night.<\/p>\n<p style=\"-webkit-font-smoothing: antialiased; margin-top: 24px; color: #000000; font-family: Lato, sans-serif; font-size: 15px; box-sizing: border-box !important;\"><span style=\"-webkit-font-smoothing: antialiased; box-sizing: border-box !important; font-weight: var(--text-font-bold-weight);\">Patarimas:\u00a0<\/span>Helios\u00a0is as versatile as she is safely potent, so feel free to use her any way that best fits your skincare ritual preferences.<\/p>\n<p style=\"-webkit-font-smoothing: antialiased; margin-top: 24px; color: #000000; font-family: Lato, sans-serif; font-size: 15px; box-sizing: border-box !important;\">Laikyti kambario temperat\u016broje, saul\u0117s spinduli\u0173 nepasiekiamoje vietoje.<\/p>\n<p>30 ml, USA.<\/p>\n<p><em><strong>Ingredientai<\/strong><\/em>:<\/p>\n<p style=\"-webkit-font-smoothing: antialiased; color: #000000; font-family: Lato, sans-serif; font-size: 15px; box-sizing: border-box !important;\">Grapeseed (Vitis vinifera) Oil\u00b0\u00b0, Cranberry (Vaccinium macrocarpon) Seed Oil\u00b0\u00b0, Pomegranate (Punica granatum) Seed Oil\u00b0\u00b0, Marula (Sclerocarya birrea) Oil\u00b0\u00b0, Baobab (Adansonia digitata) Seed Oil\u00b0\u00b0, Pumpkin (Cucurbita pepo) Seed Oil\u00b0, Sunflower Vitamin E (Tocopherol)\u00b0\u00b0, Sunflower (Helianthus annuus) Seed Oil\u00b0\u00b0, Jojoba (Simmondsia chinensis) Seed Oil\u00b0, Borage (Borago officinalis) Seed Oil\u00b0, Apple (Malus domestica) Fruit Stem Cell Extract\u00b0\u00b0, Argan (Argania spinosa) Sprout Stem Cell Extract\u00b0\u00b0, Red Algae (Haematococcus pluvialis) Astaxanthin Extract\u00b0, Sweet Orange (Citrus sinensis) Peel Oil\u00b0, Neroli (Citrus aurantium) Flower Oil\u00b0\u00b0, Calendula (Calendula officinalis) Flower CO2 Extract\u00b0\u00b0<\/p>\n<p style=\"-webkit-font-smoothing: antialiased; margin-top: 24px; color: #000000; font-family: Lato, sans-serif; font-size: 15px; box-sizing: border-box !important;\">\u00b0 Certified Organic \u00a0| \u00b0\u00b0 Non-GMO<\/p>\n<p>&nbsp;<\/p>\n<p>&nbsp;<\/p>","protected":false},"excerpt":{"rendered":"<p>Liquid gold ampoule to fight pollutants &amp; daily skin stressors! Named after the powerful Greek deity of the sun, Helios Anti-pollution Youth Ampoule is an almighty ambrosia brimming with ultra-reparative Plant Stem Cells and a fountain of youth-preserving Red Algae Astaxanthin. Unparalleled in strength for combating pollutants and daily skin stressors,\u00a0this liquid gold ampoule is [&hellip;]<\/p>\n","protected":false},"featured_media":1672492,"comment_status":"open","ping_status":"closed","template":"","meta":{"content-type":"","_monsterinsights_skip_tracking":false,"_monsterinsights_sitenote_active":false,"_monsterinsights_sitenote_note":"","_monsterinsights_sitenote_category":0,"_uf_show_specific_survey":0,"_uf_disable_surveys":false},"product_brand":[1660],"product_cat":[33,34,15],"product_tag":[1683,1685,1687,1674,1684,1688,1686,35],"class_list":{"0":"post-1672487","1":"product","2":"type-product","3":"status-publish","4":"has-post-thumbnail","6":"product_brand-earth-harbor","7":"product_cat-serums","8":"product_cat-skincare","9":"product_cat-all-products","10":"product_tag-ampule","11":"product_tag-antipolution","12":"product_tag-atstatantis","13":"product_tag-earth-harbor","14":"product_tag-elixyr","15":"product_tag-helios","16":"product_tag-saugantis-serumas","17":"product_tag-serum","19":"first","20":"instock","21":"taxable","22":"shipping-taxable","23":"purchasable","24":"product-type-simple"},"bundled_by":[],"bundle_stock_status":"instock","bundle_stock_quantity":null,"bundle_virtual":false,"bundle_layout":"","bundle_add_to_cart_form_location":"","bundle_editable_in_cart":false,"bundle_sold_individually_context":"","bundle_item_grouping":"","bundle_min_size":"","bundle_max_size":"","bundle_price":[],"bundled_items":[],"bundle_sell_ids":[],"group_of_quantity":0,"min_quantity":0,"max_quantity":"","exclude_order_quantity_value_rules":"no","exclude_category_quantity_rules":"no","combine_variations":"no","exclude_global_add_ons":[],"addons":[],"yoast_head":"<!-- This site is optimized with the Yoast SEO plugin v27.6 - https:\/\/yoast.com\/product\/yoast-seo-wordpress\/ -->\n<title>EARTH HARBOR  Anti-Pollution Youth Ampoule  HELIOS - Greenspells<\/title>\n<meta name=\"description\" content=\"Helios Anti-pollution Youth Ampoule is an almighty ambrosia brimming with ultra-reparative Plant Stem Cells and a fountain of youth-preserving Red Algae Astaxanthin.\" \/>\n<meta name=\"robots\" content=\"index, follow, max-snippet:-1, max-image-preview:large, max-video-preview:-1\" \/>\n<link rel=\"canonical\" href=\"https:\/\/greenspells.com\/lt\/produktas\/earth-harbor-anti-pollution-youth-ampoule-helios\/\" \/>\n<meta property=\"og:locale\" content=\"lt_LT\" \/>\n<meta property=\"og:type\" content=\"article\" \/>\n<meta property=\"og:title\" content=\"EARTH HARBOR  Anti-Pollution Youth Ampoule  HELIOS - Greenspells\" \/>\n<meta property=\"og:description\" content=\"Helios Anti-pollution Youth Ampoule is an almighty ambrosia brimming with ultra-reparative Plant Stem Cells and a fountain of youth-preserving Red Algae Astaxanthin.\" \/>\n<meta property=\"og:url\" content=\"https:\/\/greenspells.com\/lt\/produktas\/earth-harbor-anti-pollution-youth-ampoule-helios\/\" \/>\n<meta property=\"og:site_name\" content=\"Greenspells\" \/>\n<meta property=\"article:publisher\" content=\"https:\/\/www.facebook.com\/Greenspells\" \/>\n<meta property=\"article:modified_time\" content=\"2026-01-07T14:04:16+00:00\" \/>\n<meta property=\"og:image\" content=\"https:\/\/greenspells.com\/wp-content\/uploads\/2023\/07\/helios-anti-pollution-youth-ampoule-230146_900x.jpg\" \/>\n\t<meta property=\"og:image:width\" content=\"900\" \/>\n\t<meta property=\"og:image:height\" content=\"900\" \/>\n\t<meta property=\"og:image:type\" content=\"image\/jpeg\" \/>\n<meta name=\"twitter:card\" content=\"summary_large_image\" \/>\n<meta name=\"twitter:label1\" content=\"Est. reading time\" \/>\n\t<meta name=\"twitter:data1\" content=\"3 minut\u0117s\" \/>\n<script type=\"application\/ld+json\" class=\"yoast-schema-graph\">{\"@context\":\"https:\\\/\\\/schema.org\",\"@graph\":[{\"@type\":\"WebPage\",\"@id\":\"https:\\\/\\\/greenspells.com\\\/product\\\/earth-harbor-anti-pollution-youth-ampoule-helios\\\/\",\"url\":\"https:\\\/\\\/greenspells.com\\\/product\\\/earth-harbor-anti-pollution-youth-ampoule-helios\\\/\",\"name\":\"EARTH HARBOR Anti-Pollution Youth Ampoule HELIOS - Greenspells\",\"isPartOf\":{\"@id\":\"https:\\\/\\\/greenspells.com\\\/#website\"},\"primaryImageOfPage\":{\"@id\":\"https:\\\/\\\/greenspells.com\\\/product\\\/earth-harbor-anti-pollution-youth-ampoule-helios\\\/#primaryimage\"},\"image\":{\"@id\":\"https:\\\/\\\/greenspells.com\\\/product\\\/earth-harbor-anti-pollution-youth-ampoule-helios\\\/#primaryimage\"},\"thumbnailUrl\":\"https:\\\/\\\/i0.wp.com\\\/greenspells.com\\\/wp-content\\\/uploads\\\/2023\\\/07\\\/helios-anti-pollution-youth-ampoule-230146_900x.jpg?fit=900%2C900&ssl=1\",\"datePublished\":\"2023-07-24T20:55:28+00:00\",\"dateModified\":\"2026-01-07T14:04:16+00:00\",\"description\":\"Helios Anti-pollution Youth Ampoule is an almighty ambrosia brimming with ultra-reparative Plant Stem Cells and a fountain of youth-preserving Red Algae Astaxanthin.\",\"breadcrumb\":{\"@id\":\"https:\\\/\\\/greenspells.com\\\/product\\\/earth-harbor-anti-pollution-youth-ampoule-helios\\\/#breadcrumb\"},\"inLanguage\":\"lt-LT\",\"potentialAction\":[{\"@type\":\"ReadAction\",\"target\":[\"https:\\\/\\\/greenspells.com\\\/product\\\/earth-harbor-anti-pollution-youth-ampoule-helios\\\/\"]}]},{\"@type\":\"ImageObject\",\"inLanguage\":\"lt-LT\",\"@id\":\"https:\\\/\\\/greenspells.com\\\/product\\\/earth-harbor-anti-pollution-youth-ampoule-helios\\\/#primaryimage\",\"url\":\"https:\\\/\\\/i0.wp.com\\\/greenspells.com\\\/wp-content\\\/uploads\\\/2023\\\/07\\\/helios-anti-pollution-youth-ampoule-230146_900x.jpg?fit=900%2C900&ssl=1\",\"contentUrl\":\"https:\\\/\\\/i0.wp.com\\\/greenspells.com\\\/wp-content\\\/uploads\\\/2023\\\/07\\\/helios-anti-pollution-youth-ampoule-230146_900x.jpg?fit=900%2C900&ssl=1\",\"width\":900,\"height\":900},{\"@type\":\"BreadcrumbList\",\"@id\":\"https:\\\/\\\/greenspells.com\\\/product\\\/earth-harbor-anti-pollution-youth-ampoule-helios\\\/#breadcrumb\",\"itemListElement\":[{\"@type\":\"ListItem\",\"position\":1,\"name\":\"Home\",\"item\":\"https:\\\/\\\/greenspells.com\\\/\"},{\"@type\":\"ListItem\",\"position\":2,\"name\":\"Shop\",\"item\":\"https:\\\/\\\/greenspells.com\\\/shop\\\/\"},{\"@type\":\"ListItem\",\"position\":3,\"name\":\"EARTH HARBOR Anti-Pollution Youth Ampoule HELIOS\"}]},{\"@type\":\"WebSite\",\"@id\":\"https:\\\/\\\/greenspells.com\\\/#website\",\"url\":\"https:\\\/\\\/greenspells.com\\\/\",\"name\":\"Greenspells\",\"description\":\"Nat\u016brali ir ekologi\u0161ka kosmetika\",\"publisher\":{\"@id\":\"https:\\\/\\\/greenspells.com\\\/#organization\"},\"potentialAction\":[{\"@type\":\"SearchAction\",\"target\":{\"@type\":\"EntryPoint\",\"urlTemplate\":\"https:\\\/\\\/greenspells.com\\\/?s={search_term_string}\"},\"query-input\":{\"@type\":\"PropertyValueSpecification\",\"valueRequired\":true,\"valueName\":\"search_term_string\"}}],\"inLanguage\":\"lt-LT\"},{\"@type\":\"Organization\",\"@id\":\"https:\\\/\\\/greenspells.com\\\/#organization\",\"name\":\"Greenspells\",\"url\":\"https:\\\/\\\/greenspells.com\\\/\",\"logo\":{\"@type\":\"ImageObject\",\"inLanguage\":\"lt-LT\",\"@id\":\"https:\\\/\\\/greenspells.com\\\/#\\\/schema\\\/logo\\\/image\\\/\",\"url\":\"https:\\\/\\\/i0.wp.com\\\/greenspells.com\\\/wp-content\\\/uploads\\\/2020\\\/09\\\/20200722_153424_0000.png?fit=1500%2C1500&ssl=1\",\"contentUrl\":\"https:\\\/\\\/i0.wp.com\\\/greenspells.com\\\/wp-content\\\/uploads\\\/2020\\\/09\\\/20200722_153424_0000.png?fit=1500%2C1500&ssl=1\",\"width\":1500,\"height\":1500,\"caption\":\"Greenspells\"},\"image\":{\"@id\":\"https:\\\/\\\/greenspells.com\\\/#\\\/schema\\\/logo\\\/image\\\/\"},\"sameAs\":[\"https:\\\/\\\/www.facebook.com\\\/Greenspells\",\"https:\\\/\\\/www.instagram.com\\\/greenspells_store\\\/\"]}]}<\/script>\n<!-- \/ Yoast SEO plugin. -->","yoast_head_json":{"title":"EARTH HARBOR  Anti-Pollution Youth Ampoule  HELIOS - Greenspells","description":"Helios Anti-pollution Youth Ampoule is an almighty ambrosia brimming with ultra-reparative Plant Stem Cells and a fountain of youth-preserving Red Algae Astaxanthin.","robots":{"index":"index","follow":"follow","max-snippet":"max-snippet:-1","max-image-preview":"max-image-preview:large","max-video-preview":"max-video-preview:-1"},"canonical":"https:\/\/greenspells.com\/lt\/produktas\/earth-harbor-anti-pollution-youth-ampoule-helios\/","og_locale":"lt_LT","og_type":"article","og_title":"EARTH HARBOR  Anti-Pollution Youth Ampoule  HELIOS - Greenspells","og_description":"Helios Anti-pollution Youth Ampoule is an almighty ambrosia brimming with ultra-reparative Plant Stem Cells and a fountain of youth-preserving Red Algae Astaxanthin.","og_url":"https:\/\/greenspells.com\/lt\/produktas\/earth-harbor-anti-pollution-youth-ampoule-helios\/","og_site_name":"Greenspells","article_publisher":"https:\/\/www.facebook.com\/Greenspells","article_modified_time":"2026-01-07T14:04:16+00:00","og_image":[{"width":900,"height":900,"url":"https:\/\/greenspells.com\/wp-content\/uploads\/2023\/07\/helios-anti-pollution-youth-ampoule-230146_900x.jpg","type":"image\/jpeg"}],"twitter_card":"summary_large_image","twitter_misc":{"Est. reading time":"3 minut\u0117s"},"schema":{"@context":"https:\/\/schema.org","@graph":[{"@type":"WebPage","@id":"https:\/\/greenspells.com\/product\/earth-harbor-anti-pollution-youth-ampoule-helios\/","url":"https:\/\/greenspells.com\/product\/earth-harbor-anti-pollution-youth-ampoule-helios\/","name":"EARTH HARBOR Anti-Pollution Youth Ampoule HELIOS - Greenspells","isPartOf":{"@id":"https:\/\/greenspells.com\/#website"},"primaryImageOfPage":{"@id":"https:\/\/greenspells.com\/product\/earth-harbor-anti-pollution-youth-ampoule-helios\/#primaryimage"},"image":{"@id":"https:\/\/greenspells.com\/product\/earth-harbor-anti-pollution-youth-ampoule-helios\/#primaryimage"},"thumbnailUrl":"https:\/\/i0.wp.com\/greenspells.com\/wp-content\/uploads\/2023\/07\/helios-anti-pollution-youth-ampoule-230146_900x.jpg?fit=900%2C900&ssl=1","datePublished":"2023-07-24T20:55:28+00:00","dateModified":"2026-01-07T14:04:16+00:00","description":"Helios Anti-pollution Youth Ampoule is an almighty ambrosia brimming with ultra-reparative Plant Stem Cells and a fountain of youth-preserving Red Algae Astaxanthin.","breadcrumb":{"@id":"https:\/\/greenspells.com\/product\/earth-harbor-anti-pollution-youth-ampoule-helios\/#breadcrumb"},"inLanguage":"lt-LT","potentialAction":[{"@type":"ReadAction","target":["https:\/\/greenspells.com\/product\/earth-harbor-anti-pollution-youth-ampoule-helios\/"]}]},{"@type":"ImageObject","inLanguage":"lt-LT","@id":"https:\/\/greenspells.com\/product\/earth-harbor-anti-pollution-youth-ampoule-helios\/#primaryimage","url":"https:\/\/i0.wp.com\/greenspells.com\/wp-content\/uploads\/2023\/07\/helios-anti-pollution-youth-ampoule-230146_900x.jpg?fit=900%2C900&ssl=1","contentUrl":"https:\/\/i0.wp.com\/greenspells.com\/wp-content\/uploads\/2023\/07\/helios-anti-pollution-youth-ampoule-230146_900x.jpg?fit=900%2C900&ssl=1","width":900,"height":900},{"@type":"BreadcrumbList","@id":"https:\/\/greenspells.com\/product\/earth-harbor-anti-pollution-youth-ampoule-helios\/#breadcrumb","itemListElement":[{"@type":"ListItem","position":1,"name":"Home","item":"https:\/\/greenspells.com\/"},{"@type":"ListItem","position":2,"name":"Shop","item":"https:\/\/greenspells.com\/shop\/"},{"@type":"ListItem","position":3,"name":"EARTH HARBOR Anti-Pollution Youth Ampoule HELIOS"}]},{"@type":"WebSite","@id":"https:\/\/greenspells.com\/#website","url":"https:\/\/greenspells.com\/","name":"Greenspells","description":"Nat\u016brali ir ekologi\u0161ka kosmetika","publisher":{"@id":"https:\/\/greenspells.com\/#organization"},"potentialAction":[{"@type":"SearchAction","target":{"@type":"EntryPoint","urlTemplate":"https:\/\/greenspells.com\/?s={search_term_string}"},"query-input":{"@type":"PropertyValueSpecification","valueRequired":true,"valueName":"search_term_string"}}],"inLanguage":"lt-LT"},{"@type":"Organization","@id":"https:\/\/greenspells.com\/#organization","name":"Greenspells","url":"https:\/\/greenspells.com\/","logo":{"@type":"ImageObject","inLanguage":"lt-LT","@id":"https:\/\/greenspells.com\/#\/schema\/logo\/image\/","url":"https:\/\/i0.wp.com\/greenspells.com\/wp-content\/uploads\/2020\/09\/20200722_153424_0000.png?fit=1500%2C1500&ssl=1","contentUrl":"https:\/\/i0.wp.com\/greenspells.com\/wp-content\/uploads\/2020\/09\/20200722_153424_0000.png?fit=1500%2C1500&ssl=1","width":1500,"height":1500,"caption":"Greenspells"},"image":{"@id":"https:\/\/greenspells.com\/#\/schema\/logo\/image\/"},"sameAs":["https:\/\/www.facebook.com\/Greenspells","https:\/\/www.instagram.com\/greenspells_store\/"]}]}},"jetpack_likes_enabled":true,"jetpack_sharing_enabled":true,"_links":{"self":[{"href":"https:\/\/greenspells.com\/lt\/wp-json\/wp\/v2\/product\/1672487","targetHints":{"allow":["GET"]}}],"collection":[{"href":"https:\/\/greenspells.com\/lt\/wp-json\/wp\/v2\/product"}],"about":[{"href":"https:\/\/greenspells.com\/lt\/wp-json\/wp\/v2\/types\/product"}],"replies":[{"embeddable":true,"href":"https:\/\/greenspells.com\/lt\/wp-json\/wp\/v2\/comments?post=1672487"}],"wp:featuredmedia":[{"embeddable":true,"href":"https:\/\/greenspells.com\/lt\/wp-json\/wp\/v2\/media\/1672492"}],"wp:attachment":[{"href":"https:\/\/greenspells.com\/lt\/wp-json\/wp\/v2\/media?parent=1672487"}],"wp:term":[{"taxonomy":"product_brand","embeddable":true,"href":"https:\/\/greenspells.com\/lt\/wp-json\/wp\/v2\/product_brand?post=1672487"},{"taxonomy":"product_cat","embeddable":true,"href":"https:\/\/greenspells.com\/lt\/wp-json\/wp\/v2\/product_cat?post=1672487"},{"taxonomy":"product_tag","embeddable":true,"href":"https:\/\/greenspells.com\/lt\/wp-json\/wp\/v2\/product_tag?post=1672487"}],"curies":[{"name":"wp","href":"https:\/\/api.w.org\/{rel}","templated":true}]}}