{"id":1672446,"date":"2023-07-22T21:34:58","date_gmt":"2023-07-22T19:34:58","guid":{"rendered":"https:\/\/greenspells.com\/?post_type=product&#038;p=1672446"},"modified":"2024-03-01T10:24:16","modified_gmt":"2024-03-01T08:24:16","slug":"earth-harbor-nutrient-glow-moisturizer-mermaid-milk","status":"publish","type":"product","link":"https:\/\/greenspells.com\/lt\/produktas\/earth-harbor-nutrient-glow-moisturizer-mermaid-milk\/","title":{"rendered":"EARTH HARBOR <br> Maitinantis, \u0161vyt\u0117jimo suteikiantis dr\u0117kiklis <br> MERMAID MILK"},"content":{"rendered":"<p style=\"-webkit-font-smoothing: antialiased; color: #000000; font-family: Lato, sans-serif; font-size: 15px; box-sizing: border-box !important;\">MERMAID MILK (undini\u0173 pienelis) - puikus dieninis dr\u0117kinamasis kremas, tinkantis visiems odos tipams, suteikiantis gra\u017e\u0173  pusiau matin\u012f u\u017ebaigim\u0105.<\/p>\n<p style=\"-webkit-font-smoothing: antialiased; color: #000000; font-family: Lato, sans-serif; font-size: 15px; box-sizing: border-box !important;\">Grynas, augalinis dr\u0117kinamasis kremas, subalansuoja ir suteikia nuostab\u0173 \u0161vyt\u0117jim\u0105 veidui. Lengvutis, kremi\u0161kas, prisotintas toki\u0173 superingredient\u0173 kaip spirulina ir matcha, kartu su koncentruotais fitonutrientais + antioksidantais + augaline hialurono r\u016bg\u0161timi puikiai dr\u0117kina, ramina ir puosel\u0117ja od\u0105.<\/p>\n<p style=\"-webkit-font-smoothing: antialiased; color: #000000; font-family: Lato, sans-serif; font-size: 15px; box-sizing: border-box !important;\">Neriebus, nealiejingas, nelipnus kremas, kuris greitai susigeria ir palieka od\u0105 pusiau matin\u0119. Puikiai tinka tiek naudoti vien\u0105, tiek po makia\u017eu.<\/p>\n<p style=\"-webkit-font-smoothing: antialiased; margin-top: 24px; color: #000000; font-family: Lato, sans-serif; font-size: 15px; box-sizing: border-box !important;\">Sukurtas taip, kad b\u016bt\u0173 tobulas, lengvutis dieninis dr\u0117kiklis, tinkantis visiems odos tipams,  ypa\u010d mi\u0161riai, riebiai, probleminei odai.<\/p>\n<p style=\"-webkit-font-smoothing: antialiased; margin-top: 24px; color: #000000; font-family: Lato, sans-serif; font-size: 15px; box-sizing: border-box !important;\"><strong><span style=\"-webkit-font-smoothing: antialiased; box-sizing: border-box !important;\">Padeda:<\/span><\/strong><br style=\"-webkit-font-smoothing: antialiased; box-sizing: border-box !important;\" \/>- I\u0161saus\u0117jusiai, spindes\u012f praradusiai odai<br style=\"-webkit-font-smoothing: antialiased; box-sizing: border-box !important;\" \/>\u2192 Tr\u016bkstant svarbiausi\u0173 vitamin\u0173 bei mineralini\u0173 med\u017eiag\u0173 (pastaba: produktas - ne vaistas, jis negydo, ta\u010diau gali pagerinti odos b\u016bkl\u0119 bei i\u0161vaizd\u0105)<br style=\"-webkit-font-smoothing: antialiased; box-sizing: border-box !important;\" \/>- varginant raudoniui ir d\u0117m\u0117ms<br style=\"-webkit-font-smoothing: antialiased; box-sizing: border-box !important;\" \/>- turint i\u0161sipl\u0117tusias poras<\/p>\n<p>30ml \/ 60 ml, USA<\/p>\n<p style=\"-webkit-font-smoothing: antialiased; margin-top: 24px; color: #000000; font-family: Lato, sans-serif; font-size: 15px; box-sizing: border-box !important;\"><strong><span style=\"-webkit-font-smoothing: antialiased; box-sizing: border-box !important;\">Dr\u0117kina - prisotina - balansuoja - paruo\u0161ia od\u0105<\/span><\/strong><\/p>\n<p style=\"-webkit-font-smoothing: antialiased; margin-top: 24px; color: #000000; font-family: Lato, sans-serif; font-size: 15px; box-sizing: border-box !important;\">Purely Natural \u00b7 Ethical\u00a0\u00b7 Sustainable\u00a0\u00b7\u00a0No Synthetics\u00a0\u00b7\u00a0Vegan\u00a0\u00b7\u00a0Cruelty-Free\u00a0\u00b7\u00a0100% Non-GMO\u00a0\u00b7\u00a086% Organic\u00a0\u00b7\u00a0Nontoxic\u00a0\u00b7\u00a0Fair Trade\u00a0\u00b7\u00a0No\u00a0Gluten Added\u00a0\u00b7\u00a0No Soy\u00a0Added\u00a0\u00b7\u00a0No Fillers\u00a0\u00b7\u00a0Plant-Based\u00a0\u00b7\u00a0Food-Grade\u00a0\u00b7\u00a0pH Optimized\u00a0\u00b7\u00a0Scientifically-Proven Ingredients\u00a0\u00b7\u00a0Therapeutic-Grade\u00a0\u00b7\u00a0Zero-Waste Goals\u00a0\u00b7\u00a0Woman-Owned\u00a0\u00b7\u00a0Small Batch Made By USA Mermaids\u00a0\u00b7\u00a01%\u00a0For The Planet\u00ae<\/p>\n<h4 style=\"-webkit-font-smoothing: antialiased; font-family: Lato, sans-serif; font-weight: var(--heading-font-weight); color: #000000; font-size: var(--heading-h4-font-size); line-height: 1.16667; letter-spacing: -0.3px; margin-top: 40px; margin-bottom: 16px; box-sizing: border-box !important;\"><em><strong>Svarbiausi ingredientai<\/strong><\/em><\/h4>\n<p style=\"-webkit-font-smoothing: antialiased; color: #000000; font-family: Lato, sans-serif; font-size: 15px; box-sizing: border-box !important;\"><strong><span style=\"-webkit-font-smoothing: antialiased; box-sizing: border-box !important;\">Spirulina, Matcha\u00a0<\/span>Ir<\/strong><span style=\"-webkit-font-smoothing: antialiased; box-sizing: border-box !important; font-weight: var(--text-font-bold-weight);\"><strong>\u00a0Dumbli\u0173 ekstraktai<\/strong>\u00a0<\/span>yra ultra gaus\u016bs antioksidant\u0173, Vitamino C, baltym\u0173, ir prakti\u0161kai vis\u0173 maisto med\u017eiag\u0173, kuri\u0173 reikia sveikai odai. Kartu \u0161ie superingredientai pastebimai pagyvina  , suteikia sveik\u0105 \u0161vyt\u0117jim\u0105, stangrina od\u0105, didina elastingum\u0105, ma\u017eina sen\u0117jimo po\u017eymius.<\/p>\n<p style=\"-webkit-font-smoothing: antialiased; margin-top: 24px; color: #000000; font-family: Lato, sans-serif; font-size: 15px; box-sizing: border-box !important;\"><strong><span style=\"-webkit-font-smoothing: antialiased; box-sizing: border-box !important;\">Vegani\u0161ki peptidai\u00a0<\/span>Ir<\/strong><span style=\"-webkit-font-smoothing: antialiased; box-sizing: border-box !important; font-weight: var(--text-font-bold-weight);\"><strong>\u00a0Omega riebiosios r\u016bg\u0161tys<\/strong>\u00a0<\/span>Ma\u017eina rauk\u0161leles, saul\u0117s pa\u017eeidimus, stiprina od\u0105, subalansuoja ir pridr\u0117kina.<\/p>\n<p style=\"-webkit-font-smoothing: antialiased; margin-top: 24px; color: #000000; font-family: Lato, sans-serif; font-size: 15px; box-sizing: border-box !important;\"><strong><span style=\"-webkit-font-smoothing: antialiased; box-sizing: border-box !important;\">Bakla\u017eanai, gebeniniai moli\u016bgai\u00a0<\/span>Ir<span style=\"-webkit-font-smoothing: antialiased; box-sizing: border-box !important;\">\u00a0\u0160ventasis bazilikas<\/span><\/strong>\u00a0- nat\u016braliai turi sukaup\u0119 itin daug antioksidant\u0173, pssi\u017eymi puikiomis savyb\u0117mis ma\u017einant raudon\u012f, u\u017erakinant dr\u0117gm\u0119 odoje.<\/p>\n<p style=\"-webkit-font-smoothing: antialiased; margin-top: 24px; color: #000000; font-family: Lato, sans-serif; font-size: 15px; box-sizing: border-box !important;\"><span style=\"-webkit-font-smoothing: antialiased; box-sizing: border-box !important; font-weight: var(--text-font-bold-weight);\"><strong>Vegani\u0161ka hialurono r\u016bg\u0161tis<\/strong>\u00a0<\/span>- prasiskverbia giliai \u012f od\u0105, pritraukia ir u\u017erakina dr\u0117gm\u0119, maksimaliam dr\u0117kinimui.<\/p>\n<p style=\"-webkit-font-smoothing: antialiased; margin-top: 24px; color: #000000; font-family: Lato, sans-serif; font-size: 15px; box-sizing: border-box !important;\"><strong><span style=\"-webkit-font-smoothing: antialiased; box-sizing: border-box !important;\">Alijo\u0161iaus lap\u0173 sultys<\/span><\/strong>\u00a0- lengvos, ramina, dr\u0117kina. Turi daug salicilo r\u016bg\u0161ties, tod\u0117l padeda skaistinti ir subalansuoti od\u0105.<\/p>\n<p style=\"-webkit-font-smoothing: antialiased; margin-top: 24px; color: #000000; font-family: Lato, sans-serif; font-size: 15px; box-sizing: border-box !important;\"><strong><span style=\"-webkit-font-smoothing: antialiased; box-sizing: border-box !important;\">Marokin\u0117s ramun\u0117l\u0117s (bitkr\u0117sl\u0117s)\u00a0<\/span>Ir<\/strong><span style=\"-webkit-font-smoothing: antialiased; box-sizing: border-box !important; font-weight: var(--text-font-bold-weight);\"><strong>\u00a0Ciber\u017eol\u0117s ekstraktas<\/strong>\u00a0<\/span>- padeda skaistinti, gerina odos tekst\u016br\u0105, lygina atspalv\u012f.<\/p>\n<p><em><strong>Kaip naudoti?<\/strong><\/em><\/p>\n<p style=\"-webkit-font-smoothing: antialiased; color: #000000; font-family: Lato, sans-serif; font-size: 15px; box-sizing: border-box !important;\">Tepti nedidel\u012f kiek\u012f ant \u0161varaus, nuprausto veido, po toniko. Naudoti daugiau, jei norisi daugiau dr\u0117gm\u0117s, pagal poreik\u012f.<\/p>\n<p style=\"-webkit-font-smoothing: antialiased; margin-top: 24px; color: #000000; font-family: Lato, sans-serif; font-size: 15px; box-sizing: border-box !important;\"><em><strong>Patarimas:<\/strong><\/em>: \u0161is lengvutis kremas greitai susigeria, puikiai tinka kaip makia\u017eo pagrindas (praimeris).<\/p>\n<p style=\"-webkit-font-smoothing: antialiased; margin-top: 24px; color: #000000; font-family: Lato, sans-serif; font-size: 15px; box-sizing: border-box !important;\"><em><strong>Patarimas<\/strong><\/em>: galite sumai\u0161yti su bet kuriuo EARTH HARBOR serumu, ar ampule.<\/p>\n<p><em><strong>Ingredientai<\/strong><\/em>:<\/p>\n<p style=\"-webkit-font-smoothing: antialiased; color: #000000; font-family: Lato, sans-serif; font-size: 15px; box-sizing: border-box !important;\">Aloe Vera (Aloe barbadensis) Leaf Juice\u00b0, Coconut (Cocos nucifera) Oil\u00b0^, Cane Alcohol\u00b0^^, Matcha (Camellia sinensis) Extract\u00b0, Olive Oil Based Emulsifier (Cetearyl Olivate, Sorbitan Olivate, Cetyl Palmitate, Sorbitan Palmitate, Sorbitan Olivate)\u00b0\u00b0, Spirulina (Spirulina platensis) Extract\u00b0, Olive (Olea europaea) Fruit Oil\u00b0, Vegan Hyaluronic Acid (Sodium Hyaluronate)\u00b0\u00b0, Neem (Melia azadirachta) Extract\u00b0\u00b0, Ivy Gourd (Coccinia indica) Extract\u00b0\u00b0, Eggplant (Solanum melongena) Extract\u00b0\u00b0, Aloe Vera (Aloe barbadensis) Extract\u00b0\u00b0, Tulsi (Ocimum sanctum) Extract\u00b0\u00b0, Basil (Ocimum basilicum) Extract\u00b0\u00b0, Turmeric (Curcuma longa) Root Extract\u00b0\u00b0, Seaweed (Corallina officinalis) Extract\u00b0\u00b0, Blue Tansy (Tanacetum annuum) Flower Oil\u00b0\u00b0, Papaya (Carica papaya) Fruit Extract\u00b0\u00b0, Passionfruit (Passiflora edulis) Extract\u00b0\u00b0, Stearic Acid (vegan fatty acid)\u00b0\u00b0, Citric Acid (pH balancer)\u00b0\u00b0, Xanthan Gum (plant-derived emulsifier)\u00b0\u00b0<\/p>\n<p style=\"-webkit-font-smoothing: antialiased; margin-top: 24px; color: #000000; font-family: Lato, sans-serif; font-size: 15px; box-sizing: border-box !important;\">\u00b0 Certified Organic \u00a0| \u00b0\u00b0 Non-GMO<\/p>\n<p style=\"-webkit-font-smoothing: antialiased; margin-top: 24px; color: #000000; font-family: Lato, sans-serif; font-size: 15px; box-sizing: border-box !important;\">*EARTH HARBOR kokos\u0173 aliejus suformuluotas specialiai taip  kad nekim\u0161t\u0173 por\u0173, ta\u010diau maitint\u0173 ir suteikt\u0173 visus savo privalumus.<\/p>\n<p style=\"-webkit-font-smoothing: antialiased; margin-top: 24px; color: #000000; font-family: Lato, sans-serif; font-size: 15px; box-sizing: border-box !important;\">^<span style=\"-webkit-font-smoothing: antialiased; box-sizing: border-box !important;\" data-mce-fragment=\"1\">^<\/span>I\u0161gautas i\u0161 cukranendri\u0173, ekologi\u0161kas alkoholis yra netoksi\u0161kas, nesausinantis, nesukeliantis jautrumo, sukurtas odai nuraminti.<\/p>\n<p style=\"-webkit-font-smoothing: antialiased; margin-top: 24px; color: #000000; font-family: Lato, sans-serif; font-size: 15px; box-sizing: border-box !important;\"><em style=\"-webkit-font-smoothing: antialiased; box-sizing: border-box !important;\">Laikomas tiesiogin\u0117je saul\u0117s \u0161viesoje, produktas gali \u0161iek tiek pakeisti atspalv\u012f \u012f \u0161viesesn\u0119 \u017ealsv\u0105, ta\u010diau produkto efektyvumui tai neturi \u012ftakos.<\/em><\/p>\n<p>&nbsp;<\/p>","protected":false},"excerpt":{"rendered":"<p>MERMAID MILK is the perfect daytime moisturizer for all skin types with a beautiful demi-matte finish. A purely plant-derived, replenishing moisturizer that hydrates and balances skin while giving you a mermaid glow. This lightweight, creamy formula is packed with Superfoods Spirulina\u00a0&amp; Matcha,\u00a0along with concentrated Phytonutrients + Antioxidants + Vegan Hyaluronic Acid that perfectly moisturize, soothe [&hellip;]<\/p>\n","protected":false},"featured_media":1672450,"comment_status":"open","ping_status":"closed","template":"","meta":{"content-type":"","_monsterinsights_skip_tracking":false,"_monsterinsights_sitenote_active":false,"_monsterinsights_sitenote_note":"","_monsterinsights_sitenote_category":0,"_uf_show_specific_survey":0,"_uf_disable_surveys":false},"product_brand":[1660],"product_cat":[40,34,15],"product_tag":[654,1674,1678,1676,46,1677,638],"class_list":{"0":"post-1672446","1":"product","2":"type-product","3":"status-publish","4":"has-post-thumbnail","6":"product_brand-earth-harbor","7":"product_cat-moisturizers","8":"product_cat-skincare","9":"product_cat-all-products","10":"product_tag-drekinamasis-kremas","11":"product_tag-earth-harbor","12":"product_tag-kremas","13":"product_tag-mermaid-milk","14":"product_tag-moisturizer","15":"product_tag-natural-moisturizer","16":"product_tag-naturalus-kremas","18":"first","19":"instock","20":"taxable","21":"shipping-taxable","22":"purchasable","23":"product-type-variable"},"bundled_by":[],"bundle_stock_status":"instock","bundle_stock_quantity":null,"bundle_virtual":false,"bundle_layout":"","bundle_add_to_cart_form_location":"","bundle_editable_in_cart":false,"bundle_sold_individually_context":"","bundle_item_grouping":"","bundle_min_size":"","bundle_max_size":"","bundle_price":[],"bundled_items":[],"bundle_sell_ids":[],"group_of_quantity":0,"min_quantity":0,"max_quantity":"","exclude_order_quantity_value_rules":"no","exclude_category_quantity_rules":"no","combine_variations":"no","exclude_global_add_ons":[],"addons":[],"yoast_head":"<!-- This site is optimized with the Yoast SEO plugin v27.5 - https:\/\/yoast.com\/product\/yoast-seo-wordpress\/ -->\n<title>EARTH HARBOR  Nutrient Glow Moisturizer  MERMAID MILK - Greenspells<\/title>\n<meta name=\"description\" content=\"MERMAID GLOW - a purely plant-derived, replenishing moisturizer that hydrates and balances skin while giving you a mermaid glow.\" \/>\n<meta name=\"robots\" content=\"index, follow, max-snippet:-1, max-image-preview:large, max-video-preview:-1\" \/>\n<link rel=\"canonical\" href=\"https:\/\/greenspells.com\/lt\/produktas\/earth-harbor-nutrient-glow-moisturizer-mermaid-milk\/\" \/>\n<meta property=\"og:locale\" content=\"lt_LT\" \/>\n<meta property=\"og:type\" content=\"article\" \/>\n<meta property=\"og:title\" content=\"EARTH HARBOR  Nutrient Glow Moisturizer  MERMAID MILK - Greenspells\" \/>\n<meta property=\"og:description\" content=\"MERMAID GLOW - a purely plant-derived, replenishing moisturizer that hydrates and balances skin while giving you a mermaid glow.\" \/>\n<meta property=\"og:url\" content=\"https:\/\/greenspells.com\/lt\/produktas\/earth-harbor-nutrient-glow-moisturizer-mermaid-milk\/\" \/>\n<meta property=\"og:site_name\" content=\"Greenspells\" \/>\n<meta property=\"article:publisher\" content=\"https:\/\/www.facebook.com\/Greenspells\" \/>\n<meta property=\"article:modified_time\" content=\"2024-03-01T08:24:16+00:00\" \/>\n<meta property=\"og:image\" content=\"https:\/\/greenspells.com\/wp-content\/uploads\/2023\/07\/mermaid-milk-nutrient-glow-moisturizer-138628_2700x.jpg\" \/>\n\t<meta property=\"og:image:width\" content=\"1024\" \/>\n\t<meta property=\"og:image:height\" content=\"1024\" \/>\n\t<meta property=\"og:image:type\" content=\"image\/jpeg\" \/>\n<meta name=\"twitter:card\" content=\"summary_large_image\" \/>\n<meta name=\"twitter:label1\" content=\"Est. reading time\" \/>\n\t<meta name=\"twitter:data1\" content=\"3 minut\u0117s\" \/>\n<script type=\"application\/ld+json\" class=\"yoast-schema-graph\">{\"@context\":\"https:\\\/\\\/schema.org\",\"@graph\":[{\"@type\":\"WebPage\",\"@id\":\"https:\\\/\\\/greenspells.com\\\/product\\\/earth-harbor-nutrient-glow-moisturizer-mermaid-milk\\\/\",\"url\":\"https:\\\/\\\/greenspells.com\\\/product\\\/earth-harbor-nutrient-glow-moisturizer-mermaid-milk\\\/\",\"name\":\"EARTH HARBOR Nutrient Glow Moisturizer MERMAID MILK - Greenspells\",\"isPartOf\":{\"@id\":\"https:\\\/\\\/greenspells.com\\\/#website\"},\"primaryImageOfPage\":{\"@id\":\"https:\\\/\\\/greenspells.com\\\/product\\\/earth-harbor-nutrient-glow-moisturizer-mermaid-milk\\\/#primaryimage\"},\"image\":{\"@id\":\"https:\\\/\\\/greenspells.com\\\/product\\\/earth-harbor-nutrient-glow-moisturizer-mermaid-milk\\\/#primaryimage\"},\"thumbnailUrl\":\"https:\\\/\\\/i0.wp.com\\\/greenspells.com\\\/wp-content\\\/uploads\\\/2023\\\/07\\\/mermaid-milk-nutrient-glow-moisturizer-138628_2700x.jpg?fit=1024%2C1024&ssl=1\",\"datePublished\":\"2023-07-22T19:34:58+00:00\",\"dateModified\":\"2024-03-01T08:24:16+00:00\",\"description\":\"MERMAID GLOW - a purely plant-derived, replenishing moisturizer that hydrates and balances skin while giving you a mermaid glow.\",\"breadcrumb\":{\"@id\":\"https:\\\/\\\/greenspells.com\\\/product\\\/earth-harbor-nutrient-glow-moisturizer-mermaid-milk\\\/#breadcrumb\"},\"inLanguage\":\"lt-LT\",\"potentialAction\":[{\"@type\":\"ReadAction\",\"target\":[\"https:\\\/\\\/greenspells.com\\\/product\\\/earth-harbor-nutrient-glow-moisturizer-mermaid-milk\\\/\"]}]},{\"@type\":\"ImageObject\",\"inLanguage\":\"lt-LT\",\"@id\":\"https:\\\/\\\/greenspells.com\\\/product\\\/earth-harbor-nutrient-glow-moisturizer-mermaid-milk\\\/#primaryimage\",\"url\":\"https:\\\/\\\/i0.wp.com\\\/greenspells.com\\\/wp-content\\\/uploads\\\/2023\\\/07\\\/mermaid-milk-nutrient-glow-moisturizer-138628_2700x.jpg?fit=1024%2C1024&ssl=1\",\"contentUrl\":\"https:\\\/\\\/i0.wp.com\\\/greenspells.com\\\/wp-content\\\/uploads\\\/2023\\\/07\\\/mermaid-milk-nutrient-glow-moisturizer-138628_2700x.jpg?fit=1024%2C1024&ssl=1\",\"width\":1024,\"height\":1024},{\"@type\":\"BreadcrumbList\",\"@id\":\"https:\\\/\\\/greenspells.com\\\/product\\\/earth-harbor-nutrient-glow-moisturizer-mermaid-milk\\\/#breadcrumb\",\"itemListElement\":[{\"@type\":\"ListItem\",\"position\":1,\"name\":\"Home\",\"item\":\"https:\\\/\\\/greenspells.com\\\/\"},{\"@type\":\"ListItem\",\"position\":2,\"name\":\"Shop\",\"item\":\"https:\\\/\\\/greenspells.com\\\/shop\\\/\"},{\"@type\":\"ListItem\",\"position\":3,\"name\":\"EARTH HARBOR Nutrient Glow Moisturizer MERMAID MILK\"}]},{\"@type\":\"WebSite\",\"@id\":\"https:\\\/\\\/greenspells.com\\\/#website\",\"url\":\"https:\\\/\\\/greenspells.com\\\/\",\"name\":\"Greenspells\",\"description\":\"Nat\u016brali ir ekologi\u0161ka kosmetika\",\"publisher\":{\"@id\":\"https:\\\/\\\/greenspells.com\\\/#organization\"},\"potentialAction\":[{\"@type\":\"SearchAction\",\"target\":{\"@type\":\"EntryPoint\",\"urlTemplate\":\"https:\\\/\\\/greenspells.com\\\/?s={search_term_string}\"},\"query-input\":{\"@type\":\"PropertyValueSpecification\",\"valueRequired\":true,\"valueName\":\"search_term_string\"}}],\"inLanguage\":\"lt-LT\"},{\"@type\":\"Organization\",\"@id\":\"https:\\\/\\\/greenspells.com\\\/#organization\",\"name\":\"Greenspells\",\"url\":\"https:\\\/\\\/greenspells.com\\\/\",\"logo\":{\"@type\":\"ImageObject\",\"inLanguage\":\"lt-LT\",\"@id\":\"https:\\\/\\\/greenspells.com\\\/#\\\/schema\\\/logo\\\/image\\\/\",\"url\":\"https:\\\/\\\/i0.wp.com\\\/greenspells.com\\\/wp-content\\\/uploads\\\/2020\\\/09\\\/20200722_153424_0000.png?fit=1500%2C1500&ssl=1\",\"contentUrl\":\"https:\\\/\\\/i0.wp.com\\\/greenspells.com\\\/wp-content\\\/uploads\\\/2020\\\/09\\\/20200722_153424_0000.png?fit=1500%2C1500&ssl=1\",\"width\":1500,\"height\":1500,\"caption\":\"Greenspells\"},\"image\":{\"@id\":\"https:\\\/\\\/greenspells.com\\\/#\\\/schema\\\/logo\\\/image\\\/\"},\"sameAs\":[\"https:\\\/\\\/www.facebook.com\\\/Greenspells\",\"https:\\\/\\\/www.instagram.com\\\/greenspells_store\\\/\"]}]}<\/script>\n<!-- \/ Yoast SEO plugin. -->","yoast_head_json":{"title":"EARTH HARBOR  Nutrient Glow Moisturizer  MERMAID MILK - Greenspells","description":"MERMAID GLOW - a purely plant-derived, replenishing moisturizer that hydrates and balances skin while giving you a mermaid glow.","robots":{"index":"index","follow":"follow","max-snippet":"max-snippet:-1","max-image-preview":"max-image-preview:large","max-video-preview":"max-video-preview:-1"},"canonical":"https:\/\/greenspells.com\/lt\/produktas\/earth-harbor-nutrient-glow-moisturizer-mermaid-milk\/","og_locale":"lt_LT","og_type":"article","og_title":"EARTH HARBOR  Nutrient Glow Moisturizer  MERMAID MILK - Greenspells","og_description":"MERMAID GLOW - a purely plant-derived, replenishing moisturizer that hydrates and balances skin while giving you a mermaid glow.","og_url":"https:\/\/greenspells.com\/lt\/produktas\/earth-harbor-nutrient-glow-moisturizer-mermaid-milk\/","og_site_name":"Greenspells","article_publisher":"https:\/\/www.facebook.com\/Greenspells","article_modified_time":"2024-03-01T08:24:16+00:00","og_image":[{"width":1024,"height":1024,"url":"https:\/\/greenspells.com\/wp-content\/uploads\/2023\/07\/mermaid-milk-nutrient-glow-moisturizer-138628_2700x.jpg","type":"image\/jpeg"}],"twitter_card":"summary_large_image","twitter_misc":{"Est. reading time":"3 minut\u0117s"},"schema":{"@context":"https:\/\/schema.org","@graph":[{"@type":"WebPage","@id":"https:\/\/greenspells.com\/product\/earth-harbor-nutrient-glow-moisturizer-mermaid-milk\/","url":"https:\/\/greenspells.com\/product\/earth-harbor-nutrient-glow-moisturizer-mermaid-milk\/","name":"EARTH HARBOR Nutrient Glow Moisturizer MERMAID MILK - Greenspells","isPartOf":{"@id":"https:\/\/greenspells.com\/#website"},"primaryImageOfPage":{"@id":"https:\/\/greenspells.com\/product\/earth-harbor-nutrient-glow-moisturizer-mermaid-milk\/#primaryimage"},"image":{"@id":"https:\/\/greenspells.com\/product\/earth-harbor-nutrient-glow-moisturizer-mermaid-milk\/#primaryimage"},"thumbnailUrl":"https:\/\/i0.wp.com\/greenspells.com\/wp-content\/uploads\/2023\/07\/mermaid-milk-nutrient-glow-moisturizer-138628_2700x.jpg?fit=1024%2C1024&ssl=1","datePublished":"2023-07-22T19:34:58+00:00","dateModified":"2024-03-01T08:24:16+00:00","description":"MERMAID GLOW - a purely plant-derived, replenishing moisturizer that hydrates and balances skin while giving you a mermaid glow.","breadcrumb":{"@id":"https:\/\/greenspells.com\/product\/earth-harbor-nutrient-glow-moisturizer-mermaid-milk\/#breadcrumb"},"inLanguage":"lt-LT","potentialAction":[{"@type":"ReadAction","target":["https:\/\/greenspells.com\/product\/earth-harbor-nutrient-glow-moisturizer-mermaid-milk\/"]}]},{"@type":"ImageObject","inLanguage":"lt-LT","@id":"https:\/\/greenspells.com\/product\/earth-harbor-nutrient-glow-moisturizer-mermaid-milk\/#primaryimage","url":"https:\/\/i0.wp.com\/greenspells.com\/wp-content\/uploads\/2023\/07\/mermaid-milk-nutrient-glow-moisturizer-138628_2700x.jpg?fit=1024%2C1024&ssl=1","contentUrl":"https:\/\/i0.wp.com\/greenspells.com\/wp-content\/uploads\/2023\/07\/mermaid-milk-nutrient-glow-moisturizer-138628_2700x.jpg?fit=1024%2C1024&ssl=1","width":1024,"height":1024},{"@type":"BreadcrumbList","@id":"https:\/\/greenspells.com\/product\/earth-harbor-nutrient-glow-moisturizer-mermaid-milk\/#breadcrumb","itemListElement":[{"@type":"ListItem","position":1,"name":"Home","item":"https:\/\/greenspells.com\/"},{"@type":"ListItem","position":2,"name":"Shop","item":"https:\/\/greenspells.com\/shop\/"},{"@type":"ListItem","position":3,"name":"EARTH HARBOR Nutrient Glow Moisturizer MERMAID MILK"}]},{"@type":"WebSite","@id":"https:\/\/greenspells.com\/#website","url":"https:\/\/greenspells.com\/","name":"Greenspells","description":"Nat\u016brali ir ekologi\u0161ka kosmetika","publisher":{"@id":"https:\/\/greenspells.com\/#organization"},"potentialAction":[{"@type":"SearchAction","target":{"@type":"EntryPoint","urlTemplate":"https:\/\/greenspells.com\/?s={search_term_string}"},"query-input":{"@type":"PropertyValueSpecification","valueRequired":true,"valueName":"search_term_string"}}],"inLanguage":"lt-LT"},{"@type":"Organization","@id":"https:\/\/greenspells.com\/#organization","name":"Greenspells","url":"https:\/\/greenspells.com\/","logo":{"@type":"ImageObject","inLanguage":"lt-LT","@id":"https:\/\/greenspells.com\/#\/schema\/logo\/image\/","url":"https:\/\/i0.wp.com\/greenspells.com\/wp-content\/uploads\/2020\/09\/20200722_153424_0000.png?fit=1500%2C1500&ssl=1","contentUrl":"https:\/\/i0.wp.com\/greenspells.com\/wp-content\/uploads\/2020\/09\/20200722_153424_0000.png?fit=1500%2C1500&ssl=1","width":1500,"height":1500,"caption":"Greenspells"},"image":{"@id":"https:\/\/greenspells.com\/#\/schema\/logo\/image\/"},"sameAs":["https:\/\/www.facebook.com\/Greenspells","https:\/\/www.instagram.com\/greenspells_store\/"]}]}},"jetpack_likes_enabled":true,"jetpack_sharing_enabled":true,"_links":{"self":[{"href":"https:\/\/greenspells.com\/lt\/wp-json\/wp\/v2\/product\/1672446","targetHints":{"allow":["GET"]}}],"collection":[{"href":"https:\/\/greenspells.com\/lt\/wp-json\/wp\/v2\/product"}],"about":[{"href":"https:\/\/greenspells.com\/lt\/wp-json\/wp\/v2\/types\/product"}],"replies":[{"embeddable":true,"href":"https:\/\/greenspells.com\/lt\/wp-json\/wp\/v2\/comments?post=1672446"}],"wp:featuredmedia":[{"embeddable":true,"href":"https:\/\/greenspells.com\/lt\/wp-json\/wp\/v2\/media\/1672450"}],"wp:attachment":[{"href":"https:\/\/greenspells.com\/lt\/wp-json\/wp\/v2\/media?parent=1672446"}],"wp:term":[{"taxonomy":"product_brand","embeddable":true,"href":"https:\/\/greenspells.com\/lt\/wp-json\/wp\/v2\/product_brand?post=1672446"},{"taxonomy":"product_cat","embeddable":true,"href":"https:\/\/greenspells.com\/lt\/wp-json\/wp\/v2\/product_cat?post=1672446"},{"taxonomy":"product_tag","embeddable":true,"href":"https:\/\/greenspells.com\/lt\/wp-json\/wp\/v2\/product_tag?post=1672446"}],"curies":[{"name":"wp","href":"https:\/\/api.w.org\/{rel}","templated":true}]}}