{"id":1672405,"date":"2023-07-18T22:17:30","date_gmt":"2023-07-18T20:17:30","guid":{"rendered":"https:\/\/greenspells.com\/?post_type=product&#038;p=1672405"},"modified":"2024-03-01T10:24:49","modified_gmt":"2024-03-01T08:24:49","slug":"ncla-beauty-beauty-sleep-lip-mask-watermelon","status":"publish","type":"product","link":"https:\/\/greenspells.com\/lt\/produktas\/ncla-beauty-beauty-sleep-lip-mask-watermelon\/","title":{"rendered":"NCLA BEAUTY <br> Beauty Sleep kauk\u0117 l\u016bpoms <br> Arb\u016bzai"},"content":{"rendered":"<p style=\"-webkit-font-smoothing: antialiased; color: #000000; font-family: Lato, sans-serif; font-size: 15px; box-sizing: border-box !important;\"><span style=\"-webkit-font-smoothing: antialiased; box-sizing: border-box !important;\">\u0160i arb\u016bzin\u0117 naktin\u0117 kauk\u0117 l\u016bpoms i\u0161kart pavers j\u016bs\u0173 l\u016bpas mink\u0161tesn\u0117mis, pridr\u0117kintomis, vos pernakt!\u00a0<\/span>Beauty Sleep - tai intensyvaus poveikio naktin\u0117 kauk\u0117, dr\u0117kinanti l\u016bpas, kol miegi! Nat\u016brali ir viliojan\u010diai kvepianti.<\/p>\n<p style=\"-webkit-font-smoothing: antialiased; margin-top: 24px; color: #000000; font-family: Lato, sans-serif; font-size: 15px; box-sizing: border-box !important;\"><span style=\"-webkit-font-smoothing: antialiased; box-sizing: border-box !important;\">\u0160veln\u016bs, efektyv\u016bs ingredientai puosel\u0117ja l\u016bp\u0173 gro\u017e\u012f vis\u0105 nakt\u012f, nepalikdami nemalonaus riebumo poj\u016b\u010dio - ricin\u0173, sviestmed\u017ei\u0173 aliejai, mango s\u0117kl\u0173 sviestas, Vitaminas E.<\/span><\/p>\n<p><em><strong>Kaip naudoti?<\/strong><\/em><\/p>\n<p>Patepkite l\u016bpas prie\u0161 einant miegoti, ir ryte jau pabusite su \u0161velniomis, glotniomis  sultingomis ir  pridr\u0117kintomis l\u016bpomis!<\/p>\n<p>Nat\u016bralus skonis\/kvapas: arb\u016bz\u0173.<br \/>\nDydis: 15 ml\/ 5 fl oz<\/p>\n<p><em><strong>Ingredientai<\/strong><\/em>:<\/p>\n<p><span style=\"color: #000000; font-family: Lato, sans-serif; font-size: 15px;\">Ricinus Communis (Castor) Seed Oil, Laury| Laurate, Butyrospermum Parkii (Shea) Butter, Oryza Sativa (Rice Bran) Wax, Mineral Oil, Euphorbia Cerifera, Mangifera Indica (Mango) Seed Butter, Dimer Dilinoleyl Esters, Dimer Dilinoleate Copolymer, Tocopherol, Mica, Flavor Oil<\/span><\/p>\n<p>&nbsp;<\/p>","protected":false},"excerpt":{"rendered":"<p>This\u00a0watermelon\u00a0flavored overnight lip mask reveals softer, hydrated lips with long-lasting results in just one sleep!\u00a0Beauty Sleep is an overnight lip treatment mask that gives your lips a moisture boost while you sleep! All natural formula. Beauty Sleep is a lip-quenching sleep mask that lavishes lips all night long with it&#8217;s light, hydrating, and non-greasy formula [&hellip;]<\/p>\n","protected":false},"featured_media":1672407,"comment_status":"open","ping_status":"closed","template":"","meta":{"content-type":"","_monsterinsights_skip_tracking":false,"_monsterinsights_sitenote_active":false,"_monsterinsights_sitenote_note":"","_monsterinsights_sitenote_category":0,"_uf_show_specific_survey":0,"_uf_disable_surveys":false},"product_brand":[1667],"product_cat":[320,132,42,176,34,15],"product_tag":[919,325,917,918,1668,1042],"class_list":{"0":"post-1672405","1":"product","2":"type-product","3":"status-publish","4":"has-post-thumbnail","6":"product_brand-ncla-beauty","7":"product_cat-lip-care","8":"product_cat-lips","9":"product_cat-make-up","10":"product_cat-masks","11":"product_cat-skincare","12":"product_cat-all-products","13":"product_tag-kauke-lupoms","14":"product_tag-lip-mask","15":"product_tag-lip-masque","16":"product_tag-lupu-kauke","17":"product_tag-naktine-kauke","18":"product_tag-ncla-beauty","20":"first","21":"instock","22":"taxable","23":"shipping-taxable","24":"purchasable","25":"product-type-simple"},"bundled_by":[],"bundle_stock_status":"instock","bundle_stock_quantity":null,"bundle_virtual":false,"bundle_layout":"","bundle_add_to_cart_form_location":"","bundle_editable_in_cart":false,"bundle_sold_individually_context":"","bundle_item_grouping":"","bundle_min_size":"","bundle_max_size":"","bundle_price":[],"bundled_items":[],"bundle_sell_ids":[],"group_of_quantity":0,"min_quantity":0,"max_quantity":"","exclude_order_quantity_value_rules":"no","exclude_category_quantity_rules":"no","combine_variations":"no","exclude_global_add_ons":[],"addons":[],"yoast_head":"<!-- This site is optimized with the Yoast SEO plugin v27.4 - https:\/\/yoast.com\/product\/yoast-seo-wordpress\/ -->\n<title>NCLA BEAUTY  Beauty Sleep Lip Mask  Watermelon - Greenspells<\/title>\n<meta name=\"description\" content=\"Beauty Sleep is an overnight lip treatment mask that gives your lips a moisture boost while you sleep! All natural formula.\" \/>\n<meta name=\"robots\" content=\"index, follow, max-snippet:-1, max-image-preview:large, max-video-preview:-1\" \/>\n<link rel=\"canonical\" href=\"https:\/\/greenspells.com\/lt\/produktas\/ncla-beauty-beauty-sleep-lip-mask-watermelon\/\" \/>\n<meta property=\"og:locale\" content=\"lt_LT\" \/>\n<meta property=\"og:type\" content=\"article\" \/>\n<meta property=\"og:title\" content=\"NCLA BEAUTY  Beauty Sleep Lip Mask  Watermelon - Greenspells\" \/>\n<meta property=\"og:description\" content=\"Beauty Sleep is an overnight lip treatment mask that gives your lips a moisture boost while you sleep! All natural formula.\" \/>\n<meta property=\"og:url\" content=\"https:\/\/greenspells.com\/lt\/produktas\/ncla-beauty-beauty-sleep-lip-mask-watermelon\/\" \/>\n<meta property=\"og:site_name\" content=\"Greenspells\" \/>\n<meta property=\"article:publisher\" content=\"https:\/\/www.facebook.com\/Greenspells\" \/>\n<meta property=\"article:modified_time\" content=\"2024-03-01T08:24:49+00:00\" \/>\n<meta property=\"og:image\" content=\"https:\/\/greenspells.com\/wp-content\/uploads\/2023\/07\/beauty-sleep-lip-mask-watermelon-476038_900x.jpg\" \/>\n\t<meta property=\"og:image:width\" content=\"900\" \/>\n\t<meta property=\"og:image:height\" content=\"900\" \/>\n\t<meta property=\"og:image:type\" content=\"image\/jpeg\" \/>\n<meta name=\"twitter:card\" content=\"summary_large_image\" \/>\n<meta name=\"twitter:label1\" content=\"Est. reading time\" \/>\n\t<meta name=\"twitter:data1\" content=\"1 minut\u0117\" \/>\n<script type=\"application\/ld+json\" class=\"yoast-schema-graph\">{\"@context\":\"https:\\\/\\\/schema.org\",\"@graph\":[{\"@type\":\"WebPage\",\"@id\":\"https:\\\/\\\/greenspells.com\\\/product\\\/ncla-beauty-beauty-sleep-lip-mask-watermelon\\\/\",\"url\":\"https:\\\/\\\/greenspells.com\\\/product\\\/ncla-beauty-beauty-sleep-lip-mask-watermelon\\\/\",\"name\":\"NCLA BEAUTY Beauty Sleep Lip Mask Watermelon - Greenspells\",\"isPartOf\":{\"@id\":\"https:\\\/\\\/greenspells.com\\\/#website\"},\"primaryImageOfPage\":{\"@id\":\"https:\\\/\\\/greenspells.com\\\/product\\\/ncla-beauty-beauty-sleep-lip-mask-watermelon\\\/#primaryimage\"},\"image\":{\"@id\":\"https:\\\/\\\/greenspells.com\\\/product\\\/ncla-beauty-beauty-sleep-lip-mask-watermelon\\\/#primaryimage\"},\"thumbnailUrl\":\"https:\\\/\\\/i0.wp.com\\\/greenspells.com\\\/wp-content\\\/uploads\\\/2023\\\/07\\\/beauty-sleep-lip-mask-watermelon-476038_900x.jpg?fit=900%2C900&ssl=1\",\"datePublished\":\"2023-07-18T20:17:30+00:00\",\"dateModified\":\"2024-03-01T08:24:49+00:00\",\"description\":\"Beauty Sleep is an overnight lip treatment mask that gives your lips a moisture boost while you sleep! All natural formula.\",\"breadcrumb\":{\"@id\":\"https:\\\/\\\/greenspells.com\\\/product\\\/ncla-beauty-beauty-sleep-lip-mask-watermelon\\\/#breadcrumb\"},\"inLanguage\":\"lt-LT\",\"potentialAction\":[{\"@type\":\"ReadAction\",\"target\":[\"https:\\\/\\\/greenspells.com\\\/product\\\/ncla-beauty-beauty-sleep-lip-mask-watermelon\\\/\"]}]},{\"@type\":\"ImageObject\",\"inLanguage\":\"lt-LT\",\"@id\":\"https:\\\/\\\/greenspells.com\\\/product\\\/ncla-beauty-beauty-sleep-lip-mask-watermelon\\\/#primaryimage\",\"url\":\"https:\\\/\\\/i0.wp.com\\\/greenspells.com\\\/wp-content\\\/uploads\\\/2023\\\/07\\\/beauty-sleep-lip-mask-watermelon-476038_900x.jpg?fit=900%2C900&ssl=1\",\"contentUrl\":\"https:\\\/\\\/i0.wp.com\\\/greenspells.com\\\/wp-content\\\/uploads\\\/2023\\\/07\\\/beauty-sleep-lip-mask-watermelon-476038_900x.jpg?fit=900%2C900&ssl=1\",\"width\":900,\"height\":900},{\"@type\":\"BreadcrumbList\",\"@id\":\"https:\\\/\\\/greenspells.com\\\/product\\\/ncla-beauty-beauty-sleep-lip-mask-watermelon\\\/#breadcrumb\",\"itemListElement\":[{\"@type\":\"ListItem\",\"position\":1,\"name\":\"Home\",\"item\":\"https:\\\/\\\/greenspells.com\\\/\"},{\"@type\":\"ListItem\",\"position\":2,\"name\":\"Shop\",\"item\":\"https:\\\/\\\/greenspells.com\\\/shop\\\/\"},{\"@type\":\"ListItem\",\"position\":3,\"name\":\"NCLA BEAUTY Beauty Sleep Lip Mask Watermelon\"}]},{\"@type\":\"WebSite\",\"@id\":\"https:\\\/\\\/greenspells.com\\\/#website\",\"url\":\"https:\\\/\\\/greenspells.com\\\/\",\"name\":\"Greenspells\",\"description\":\"Nat\u016brali ir ekologi\u0161ka kosmetika\",\"publisher\":{\"@id\":\"https:\\\/\\\/greenspells.com\\\/#organization\"},\"potentialAction\":[{\"@type\":\"SearchAction\",\"target\":{\"@type\":\"EntryPoint\",\"urlTemplate\":\"https:\\\/\\\/greenspells.com\\\/?s={search_term_string}\"},\"query-input\":{\"@type\":\"PropertyValueSpecification\",\"valueRequired\":true,\"valueName\":\"search_term_string\"}}],\"inLanguage\":\"lt-LT\"},{\"@type\":\"Organization\",\"@id\":\"https:\\\/\\\/greenspells.com\\\/#organization\",\"name\":\"Greenspells\",\"url\":\"https:\\\/\\\/greenspells.com\\\/\",\"logo\":{\"@type\":\"ImageObject\",\"inLanguage\":\"lt-LT\",\"@id\":\"https:\\\/\\\/greenspells.com\\\/#\\\/schema\\\/logo\\\/image\\\/\",\"url\":\"https:\\\/\\\/i0.wp.com\\\/greenspells.com\\\/wp-content\\\/uploads\\\/2020\\\/09\\\/20200722_153424_0000.png?fit=1500%2C1500&ssl=1\",\"contentUrl\":\"https:\\\/\\\/i0.wp.com\\\/greenspells.com\\\/wp-content\\\/uploads\\\/2020\\\/09\\\/20200722_153424_0000.png?fit=1500%2C1500&ssl=1\",\"width\":1500,\"height\":1500,\"caption\":\"Greenspells\"},\"image\":{\"@id\":\"https:\\\/\\\/greenspells.com\\\/#\\\/schema\\\/logo\\\/image\\\/\"},\"sameAs\":[\"https:\\\/\\\/www.facebook.com\\\/Greenspells\",\"https:\\\/\\\/www.instagram.com\\\/greenspells_store\\\/\"]}]}<\/script>\n<!-- \/ Yoast SEO plugin. -->","yoast_head_json":{"title":"NCLA BEAUTY  Beauty Sleep Lip Mask  Watermelon - Greenspells","description":"Beauty Sleep - tai intensyvaus poveikio naktin\u0117 kauk\u0117, dr\u0117kinanti l\u016bpas, kol miegi! Nat\u016brali ir viliojan\u010diai kvepianti.","robots":{"index":"index","follow":"follow","max-snippet":"max-snippet:-1","max-image-preview":"max-image-preview:large","max-video-preview":"max-video-preview:-1"},"canonical":"https:\/\/greenspells.com\/lt\/produktas\/ncla-beauty-beauty-sleep-lip-mask-watermelon\/","og_locale":"lt_LT","og_type":"article","og_title":"NCLA BEAUTY  Beauty Sleep Lip Mask  Watermelon - Greenspells","og_description":"Beauty Sleep is an overnight lip treatment mask that gives your lips a moisture boost while you sleep! All natural formula.","og_url":"https:\/\/greenspells.com\/lt\/produktas\/ncla-beauty-beauty-sleep-lip-mask-watermelon\/","og_site_name":"Greenspells","article_publisher":"https:\/\/www.facebook.com\/Greenspells","article_modified_time":"2024-03-01T08:24:49+00:00","og_image":[{"width":900,"height":900,"url":"https:\/\/greenspells.com\/wp-content\/uploads\/2023\/07\/beauty-sleep-lip-mask-watermelon-476038_900x.jpg","type":"image\/jpeg"}],"twitter_card":"summary_large_image","twitter_misc":{"Est. reading time":"1 minut\u0117"},"schema":{"@context":"https:\/\/schema.org","@graph":[{"@type":"WebPage","@id":"https:\/\/greenspells.com\/product\/ncla-beauty-beauty-sleep-lip-mask-watermelon\/","url":"https:\/\/greenspells.com\/product\/ncla-beauty-beauty-sleep-lip-mask-watermelon\/","name":"NCLA BEAUTY Beauty Sleep Lip Mask Watermelon - Greenspells","isPartOf":{"@id":"https:\/\/greenspells.com\/#website"},"primaryImageOfPage":{"@id":"https:\/\/greenspells.com\/product\/ncla-beauty-beauty-sleep-lip-mask-watermelon\/#primaryimage"},"image":{"@id":"https:\/\/greenspells.com\/product\/ncla-beauty-beauty-sleep-lip-mask-watermelon\/#primaryimage"},"thumbnailUrl":"https:\/\/i0.wp.com\/greenspells.com\/wp-content\/uploads\/2023\/07\/beauty-sleep-lip-mask-watermelon-476038_900x.jpg?fit=900%2C900&ssl=1","datePublished":"2023-07-18T20:17:30+00:00","dateModified":"2024-03-01T08:24:49+00:00","description":"Beauty Sleep - tai intensyvaus poveikio naktin\u0117 kauk\u0117, dr\u0117kinanti l\u016bpas, kol miegi! Nat\u016brali ir viliojan\u010diai kvepianti.","breadcrumb":{"@id":"https:\/\/greenspells.com\/product\/ncla-beauty-beauty-sleep-lip-mask-watermelon\/#breadcrumb"},"inLanguage":"lt-LT","potentialAction":[{"@type":"ReadAction","target":["https:\/\/greenspells.com\/product\/ncla-beauty-beauty-sleep-lip-mask-watermelon\/"]}]},{"@type":"ImageObject","inLanguage":"lt-LT","@id":"https:\/\/greenspells.com\/product\/ncla-beauty-beauty-sleep-lip-mask-watermelon\/#primaryimage","url":"https:\/\/i0.wp.com\/greenspells.com\/wp-content\/uploads\/2023\/07\/beauty-sleep-lip-mask-watermelon-476038_900x.jpg?fit=900%2C900&ssl=1","contentUrl":"https:\/\/i0.wp.com\/greenspells.com\/wp-content\/uploads\/2023\/07\/beauty-sleep-lip-mask-watermelon-476038_900x.jpg?fit=900%2C900&ssl=1","width":900,"height":900},{"@type":"BreadcrumbList","@id":"https:\/\/greenspells.com\/product\/ncla-beauty-beauty-sleep-lip-mask-watermelon\/#breadcrumb","itemListElement":[{"@type":"ListItem","position":1,"name":"Home","item":"https:\/\/greenspells.com\/"},{"@type":"ListItem","position":2,"name":"Shop","item":"https:\/\/greenspells.com\/shop\/"},{"@type":"ListItem","position":3,"name":"NCLA BEAUTY Beauty Sleep Lip Mask Watermelon"}]},{"@type":"WebSite","@id":"https:\/\/greenspells.com\/#website","url":"https:\/\/greenspells.com\/","name":"Greenspells","description":"Nat\u016brali ir ekologi\u0161ka kosmetika","publisher":{"@id":"https:\/\/greenspells.com\/#organization"},"potentialAction":[{"@type":"SearchAction","target":{"@type":"EntryPoint","urlTemplate":"https:\/\/greenspells.com\/?s={search_term_string}"},"query-input":{"@type":"PropertyValueSpecification","valueRequired":true,"valueName":"search_term_string"}}],"inLanguage":"lt-LT"},{"@type":"Organization","@id":"https:\/\/greenspells.com\/#organization","name":"Greenspells","url":"https:\/\/greenspells.com\/","logo":{"@type":"ImageObject","inLanguage":"lt-LT","@id":"https:\/\/greenspells.com\/#\/schema\/logo\/image\/","url":"https:\/\/i0.wp.com\/greenspells.com\/wp-content\/uploads\/2020\/09\/20200722_153424_0000.png?fit=1500%2C1500&ssl=1","contentUrl":"https:\/\/i0.wp.com\/greenspells.com\/wp-content\/uploads\/2020\/09\/20200722_153424_0000.png?fit=1500%2C1500&ssl=1","width":1500,"height":1500,"caption":"Greenspells"},"image":{"@id":"https:\/\/greenspells.com\/#\/schema\/logo\/image\/"},"sameAs":["https:\/\/www.facebook.com\/Greenspells","https:\/\/www.instagram.com\/greenspells_store\/"]}]}},"jetpack_likes_enabled":true,"jetpack_sharing_enabled":true,"_links":{"self":[{"href":"https:\/\/greenspells.com\/lt\/wp-json\/wp\/v2\/product\/1672405","targetHints":{"allow":["GET"]}}],"collection":[{"href":"https:\/\/greenspells.com\/lt\/wp-json\/wp\/v2\/product"}],"about":[{"href":"https:\/\/greenspells.com\/lt\/wp-json\/wp\/v2\/types\/product"}],"replies":[{"embeddable":true,"href":"https:\/\/greenspells.com\/lt\/wp-json\/wp\/v2\/comments?post=1672405"}],"wp:featuredmedia":[{"embeddable":true,"href":"https:\/\/greenspells.com\/lt\/wp-json\/wp\/v2\/media\/1672407"}],"wp:attachment":[{"href":"https:\/\/greenspells.com\/lt\/wp-json\/wp\/v2\/media?parent=1672405"}],"wp:term":[{"taxonomy":"product_brand","embeddable":true,"href":"https:\/\/greenspells.com\/lt\/wp-json\/wp\/v2\/product_brand?post=1672405"},{"taxonomy":"product_cat","embeddable":true,"href":"https:\/\/greenspells.com\/lt\/wp-json\/wp\/v2\/product_cat?post=1672405"},{"taxonomy":"product_tag","embeddable":true,"href":"https:\/\/greenspells.com\/lt\/wp-json\/wp\/v2\/product_tag?post=1672405"}],"curies":[{"name":"wp","href":"https:\/\/api.w.org\/{rel}","templated":true}]}}