{"id":1672374,"date":"2023-07-17T12:14:58","date_gmt":"2023-07-17T10:14:58","guid":{"rendered":"https:\/\/greenspells.com\/?post_type=product&#038;p=1672374"},"modified":"2024-03-01T10:25:11","modified_gmt":"2024-03-01T08:25:11","slug":"ncla-beauty-hey-sugar-watermelon-body-scrub","status":"publish","type":"product","link":"https:\/\/greenspells.com\/lt\/produktas\/ncla-beauty-hey-sugar-watermelon-body-scrub\/","title":{"rendered":"NCLA BEAUTY <br> Hey, Sugar  <br> \u0160veitiklis k\u016bnui WATERMELON"},"content":{"rendered":"<p style=\"-webkit-font-smoothing: antialiased; color: #000000; font-family: Lato, sans-serif; font-size: 15px; box-sizing: border-box !important;\"><span style=\"-webkit-font-smoothing: antialiased; box-sizing: border-box !important;\">Atrask \u0161vytin\u010di\u0105, kvepian\u010di\u0105 od\u0105 su nat\u016braliais HEY, SUGAR k\u016bno \u0161veitikliais i\u0161 NCLA BEAUTY. Eksfolijuoja ir dr\u0117kina. Dievi\u0161kai kvepia arb\u016bzais - tai lyg gaivinantis g\u0117rimas tavo odai!<\/span><\/p>\n<p style=\"-webkit-font-smoothing: antialiased; color: #000000; font-family: Lato, sans-serif; font-size: 15px; box-sizing: border-box !important;\"><span style=\"-webkit-font-smoothing: antialiased; box-sizing: border-box !important;\">Ingredientai gal ir sald\u016bs, bet labai galingi ir efektyv\u016bs sausai odai.<span style=\"-webkit-font-smoothing: antialiased; box-sizing: border-box !important; font-weight: var(--text-font-bold-weight);\" data-mce-fragment=\"1\" data-stringify-type=\"bold\"><i style=\"-webkit-font-smoothing: antialiased; box-sizing: border-box !important;\" data-mce-fragment=\"1\" data-stringify-type=\"italic\">\u00a0<\/i><\/span>- nat\u016bralus, giliai dr\u0117kinantis, \u0161velniai eksfolijuojantis \u0161veitiklis k\u016bnui, po kurio oda \u0161vyt\u0117s i\u0161 laim\u0117s.<\/span><\/p>\n<p><em><strong>Kaip naudoti?<\/strong><\/em><\/p>\n<p style=\"-webkit-font-smoothing: antialiased; color: #000000; font-family: Lato, sans-serif; font-size: 15px; box-sizing: border-box !important;\">Nor\u0117dami intensyvesnio \u0161veitimo - \u012fmasa\u017euokite \u0161veitikl\u012f \u012f saus\u0105 od\u0105, lengvesnio - \u012f dr\u0117gn\u0105 od\u0105, sukamaisiaia judesiais. Palikite minut\u0117lei, kad suveikt\u0173 dr\u0117kinantys ingredientai, nuplaukite vandeniu. Naudokite 2-3 kartus per savait\u0119.<\/p>\n<p style=\"-webkit-font-smoothing: antialiased; color: #000000; font-family: Lato, sans-serif; font-size: 15px; box-sizing: border-box !important;\">Nat\u016bralus skonis\/kvapas: arb\u016bz\u0173.<\/p>\n<p style=\"-webkit-font-smoothing: antialiased; color: #000000; font-family: Lato, sans-serif; font-size: 15px; box-sizing: border-box !important;\">250g. Pagaminta JAV.<\/p>\n<p style=\"-webkit-font-smoothing: antialiased; margin-bottom: 0px; color: #000000; font-family: Lato, sans-serif; font-size: 15px; box-sizing: border-box !important;\"><em><strong>Ingredientai<\/strong><\/em>:<\/p>\n<p>&nbsp;<\/p>\n<p><span style=\"color: #000000; font-family: Lato, sans-serif; font-size: 15px;\">Sucrose (White Sugar), Glycerin, Purified Water, Sodium Cocoyl Isethothionate (Hostapon SCI), Propylene Glycol, Disodium Laureth Sulfosuccinate, Stearic Acid, Salt (Sodium Chloride), Butyrospermum Parkii (Organic Shea) Butter, Theobroma Cacao Seed (Cocoa Butter), Mangifera Indica Seed (Mango) Butter, Organic Hempseed Oil, Sorbitan Caprylate, Mica, Fragrance Oil.<\/span><\/p>\n<p>&nbsp;<\/p>","protected":false},"excerpt":{"rendered":"<p>You got the juice! Uncover glowing skin with Hey Sugar Body Scrub&#8217;s all natural ingredients that exfoliate and hydrate. This watermelon scented body scrub is like refreshing drink for your skin! These ingredients may be sweet, but they are mighty tough on dry skin.\u00a0Hey, Sugar\u00a0is an all natural, deeply moisturizing and gently exfoliating body scrub [&hellip;]<\/p>\n","protected":false},"featured_media":1672378,"comment_status":"open","ping_status":"closed","template":"","meta":{"content-type":"","_monsterinsights_skip_tracking":false,"_monsterinsights_sitenote_active":false,"_monsterinsights_sitenote_note":"","_monsterinsights_sitenote_category":0,"_uf_show_specific_survey":0,"_uf_disable_surveys":false},"product_brand":[1667],"product_cat":[137,140,15],"product_tag":[76,652,642,1042,651],"class_list":{"0":"post-1672374","1":"product","2":"type-product","3":"status-publish","4":"has-post-thumbnail","6":"product_brand-ncla-beauty","7":"product_cat-bath-and-body","8":"product_cat-shower-and-bath","9":"product_cat-all-products","10":"product_tag-body-scrub","11":"product_tag-kuno-sveitiklis","12":"product_tag-naturalus-sveitiklis","13":"product_tag-ncla-beauty","14":"product_tag-sveitiklis-kunui","16":"first","17":"instock","18":"taxable","19":"shipping-taxable","20":"purchasable","21":"product-type-simple"},"bundled_by":[],"bundle_stock_status":"instock","bundle_stock_quantity":null,"bundle_virtual":false,"bundle_layout":"","bundle_add_to_cart_form_location":"","bundle_editable_in_cart":false,"bundle_sold_individually_context":"","bundle_item_grouping":"","bundle_min_size":"","bundle_max_size":"","bundle_price":[],"bundled_items":[],"bundle_sell_ids":[],"group_of_quantity":0,"min_quantity":0,"max_quantity":"","exclude_order_quantity_value_rules":"no","exclude_category_quantity_rules":"no","combine_variations":"no","exclude_global_add_ons":[],"addons":[],"yoast_head":"<!-- This site is optimized with the Yoast SEO plugin v27.4 - https:\/\/yoast.com\/product\/yoast-seo-wordpress\/ -->\n<title>NCLA BEAUTY  Hey, Sugar  Watermelon Body Scrub - Greenspells<\/title>\n<meta name=\"description\" content=\"\u00a0Hey, Sugar\u00a0is an all natural, deeply moisturizing and gently exfoliating body scrub that will leave skin glowing and thirsty for more.\" \/>\n<meta name=\"robots\" content=\"index, follow, max-snippet:-1, max-image-preview:large, max-video-preview:-1\" \/>\n<link rel=\"canonical\" href=\"https:\/\/greenspells.com\/lt\/produktas\/ncla-beauty-hey-sugar-watermelon-body-scrub\/\" \/>\n<meta property=\"og:locale\" content=\"lt_LT\" \/>\n<meta property=\"og:type\" content=\"article\" \/>\n<meta property=\"og:title\" content=\"NCLA BEAUTY  Hey, Sugar  Watermelon Body Scrub - Greenspells\" \/>\n<meta property=\"og:description\" content=\"\u00a0Hey, Sugar\u00a0is an all natural, deeply moisturizing and gently exfoliating body scrub that will leave skin glowing and thirsty for more.\" \/>\n<meta property=\"og:url\" content=\"https:\/\/greenspells.com\/lt\/produktas\/ncla-beauty-hey-sugar-watermelon-body-scrub\/\" \/>\n<meta property=\"og:site_name\" content=\"Greenspells\" \/>\n<meta property=\"article:publisher\" content=\"https:\/\/www.facebook.com\/Greenspells\" \/>\n<meta property=\"article:modified_time\" content=\"2024-03-01T08:25:11+00:00\" \/>\n<meta property=\"og:image\" content=\"https:\/\/greenspells.com\/wp-content\/uploads\/2023\/07\/hey-sugar-watermelon-body-scrub-671836_900x.jpg\" \/>\n\t<meta property=\"og:image:width\" content=\"900\" \/>\n\t<meta property=\"og:image:height\" content=\"900\" \/>\n\t<meta property=\"og:image:type\" content=\"image\/jpeg\" \/>\n<meta name=\"twitter:card\" content=\"summary_large_image\" \/>\n<meta name=\"twitter:label1\" content=\"Est. reading time\" \/>\n\t<meta name=\"twitter:data1\" content=\"1 minut\u0117\" \/>\n<script type=\"application\/ld+json\" class=\"yoast-schema-graph\">{\"@context\":\"https:\\\/\\\/schema.org\",\"@graph\":[{\"@type\":\"WebPage\",\"@id\":\"https:\\\/\\\/greenspells.com\\\/product\\\/ncla-beauty-hey-sugar-watermelon-body-scrub\\\/\",\"url\":\"https:\\\/\\\/greenspells.com\\\/product\\\/ncla-beauty-hey-sugar-watermelon-body-scrub\\\/\",\"name\":\"NCLA BEAUTY Hey, Sugar Watermelon Body Scrub - Greenspells\",\"isPartOf\":{\"@id\":\"https:\\\/\\\/greenspells.com\\\/#website\"},\"primaryImageOfPage\":{\"@id\":\"https:\\\/\\\/greenspells.com\\\/product\\\/ncla-beauty-hey-sugar-watermelon-body-scrub\\\/#primaryimage\"},\"image\":{\"@id\":\"https:\\\/\\\/greenspells.com\\\/product\\\/ncla-beauty-hey-sugar-watermelon-body-scrub\\\/#primaryimage\"},\"thumbnailUrl\":\"https:\\\/\\\/i0.wp.com\\\/greenspells.com\\\/wp-content\\\/uploads\\\/2023\\\/07\\\/hey-sugar-watermelon-body-scrub-671836_900x.jpg?fit=900%2C900&ssl=1\",\"datePublished\":\"2023-07-17T10:14:58+00:00\",\"dateModified\":\"2024-03-01T08:25:11+00:00\",\"description\":\"\u00a0Hey, Sugar\u00a0is an all natural, deeply moisturizing and gently exfoliating body scrub that will leave skin glowing and thirsty for more.\",\"breadcrumb\":{\"@id\":\"https:\\\/\\\/greenspells.com\\\/product\\\/ncla-beauty-hey-sugar-watermelon-body-scrub\\\/#breadcrumb\"},\"inLanguage\":\"lt-LT\",\"potentialAction\":[{\"@type\":\"ReadAction\",\"target\":[\"https:\\\/\\\/greenspells.com\\\/product\\\/ncla-beauty-hey-sugar-watermelon-body-scrub\\\/\"]}]},{\"@type\":\"ImageObject\",\"inLanguage\":\"lt-LT\",\"@id\":\"https:\\\/\\\/greenspells.com\\\/product\\\/ncla-beauty-hey-sugar-watermelon-body-scrub\\\/#primaryimage\",\"url\":\"https:\\\/\\\/i0.wp.com\\\/greenspells.com\\\/wp-content\\\/uploads\\\/2023\\\/07\\\/hey-sugar-watermelon-body-scrub-671836_900x.jpg?fit=900%2C900&ssl=1\",\"contentUrl\":\"https:\\\/\\\/i0.wp.com\\\/greenspells.com\\\/wp-content\\\/uploads\\\/2023\\\/07\\\/hey-sugar-watermelon-body-scrub-671836_900x.jpg?fit=900%2C900&ssl=1\",\"width\":900,\"height\":900},{\"@type\":\"BreadcrumbList\",\"@id\":\"https:\\\/\\\/greenspells.com\\\/product\\\/ncla-beauty-hey-sugar-watermelon-body-scrub\\\/#breadcrumb\",\"itemListElement\":[{\"@type\":\"ListItem\",\"position\":1,\"name\":\"Home\",\"item\":\"https:\\\/\\\/greenspells.com\\\/\"},{\"@type\":\"ListItem\",\"position\":2,\"name\":\"Shop\",\"item\":\"https:\\\/\\\/greenspells.com\\\/shop\\\/\"},{\"@type\":\"ListItem\",\"position\":3,\"name\":\"NCLA BEAUTY Hey, Sugar Watermelon Body Scrub\"}]},{\"@type\":\"WebSite\",\"@id\":\"https:\\\/\\\/greenspells.com\\\/#website\",\"url\":\"https:\\\/\\\/greenspells.com\\\/\",\"name\":\"Greenspells\",\"description\":\"Nat\u016brali ir ekologi\u0161ka kosmetika\",\"publisher\":{\"@id\":\"https:\\\/\\\/greenspells.com\\\/#organization\"},\"potentialAction\":[{\"@type\":\"SearchAction\",\"target\":{\"@type\":\"EntryPoint\",\"urlTemplate\":\"https:\\\/\\\/greenspells.com\\\/?s={search_term_string}\"},\"query-input\":{\"@type\":\"PropertyValueSpecification\",\"valueRequired\":true,\"valueName\":\"search_term_string\"}}],\"inLanguage\":\"lt-LT\"},{\"@type\":\"Organization\",\"@id\":\"https:\\\/\\\/greenspells.com\\\/#organization\",\"name\":\"Greenspells\",\"url\":\"https:\\\/\\\/greenspells.com\\\/\",\"logo\":{\"@type\":\"ImageObject\",\"inLanguage\":\"lt-LT\",\"@id\":\"https:\\\/\\\/greenspells.com\\\/#\\\/schema\\\/logo\\\/image\\\/\",\"url\":\"https:\\\/\\\/i0.wp.com\\\/greenspells.com\\\/wp-content\\\/uploads\\\/2020\\\/09\\\/20200722_153424_0000.png?fit=1500%2C1500&ssl=1\",\"contentUrl\":\"https:\\\/\\\/i0.wp.com\\\/greenspells.com\\\/wp-content\\\/uploads\\\/2020\\\/09\\\/20200722_153424_0000.png?fit=1500%2C1500&ssl=1\",\"width\":1500,\"height\":1500,\"caption\":\"Greenspells\"},\"image\":{\"@id\":\"https:\\\/\\\/greenspells.com\\\/#\\\/schema\\\/logo\\\/image\\\/\"},\"sameAs\":[\"https:\\\/\\\/www.facebook.com\\\/Greenspells\",\"https:\\\/\\\/www.instagram.com\\\/greenspells_store\\\/\"]}]}<\/script>\n<!-- \/ Yoast SEO plugin. -->","yoast_head_json":{"title":"NCLA BEAUTY  Hey, Sugar  Watermelon Body Scrub - Greenspells","description":"\u00a0Hey, Sugar\u00a0is an all natural, deeply moisturizing and gently exfoliating body scrub that will leave skin glowing and thirsty for more.","robots":{"index":"index","follow":"follow","max-snippet":"max-snippet:-1","max-image-preview":"max-image-preview:large","max-video-preview":"max-video-preview:-1"},"canonical":"https:\/\/greenspells.com\/lt\/produktas\/ncla-beauty-hey-sugar-watermelon-body-scrub\/","og_locale":"lt_LT","og_type":"article","og_title":"NCLA BEAUTY  Hey, Sugar  Watermelon Body Scrub - Greenspells","og_description":"\u00a0Hey, Sugar\u00a0is an all natural, deeply moisturizing and gently exfoliating body scrub that will leave skin glowing and thirsty for more.","og_url":"https:\/\/greenspells.com\/lt\/produktas\/ncla-beauty-hey-sugar-watermelon-body-scrub\/","og_site_name":"Greenspells","article_publisher":"https:\/\/www.facebook.com\/Greenspells","article_modified_time":"2024-03-01T08:25:11+00:00","og_image":[{"width":900,"height":900,"url":"https:\/\/greenspells.com\/wp-content\/uploads\/2023\/07\/hey-sugar-watermelon-body-scrub-671836_900x.jpg","type":"image\/jpeg"}],"twitter_card":"summary_large_image","twitter_misc":{"Est. reading time":"1 minut\u0117"},"schema":{"@context":"https:\/\/schema.org","@graph":[{"@type":"WebPage","@id":"https:\/\/greenspells.com\/product\/ncla-beauty-hey-sugar-watermelon-body-scrub\/","url":"https:\/\/greenspells.com\/product\/ncla-beauty-hey-sugar-watermelon-body-scrub\/","name":"NCLA BEAUTY Hey, Sugar Watermelon Body Scrub - Greenspells","isPartOf":{"@id":"https:\/\/greenspells.com\/#website"},"primaryImageOfPage":{"@id":"https:\/\/greenspells.com\/product\/ncla-beauty-hey-sugar-watermelon-body-scrub\/#primaryimage"},"image":{"@id":"https:\/\/greenspells.com\/product\/ncla-beauty-hey-sugar-watermelon-body-scrub\/#primaryimage"},"thumbnailUrl":"https:\/\/i0.wp.com\/greenspells.com\/wp-content\/uploads\/2023\/07\/hey-sugar-watermelon-body-scrub-671836_900x.jpg?fit=900%2C900&ssl=1","datePublished":"2023-07-17T10:14:58+00:00","dateModified":"2024-03-01T08:25:11+00:00","description":"\u00a0Hey, Sugar\u00a0is an all natural, deeply moisturizing and gently exfoliating body scrub that will leave skin glowing and thirsty for more.","breadcrumb":{"@id":"https:\/\/greenspells.com\/product\/ncla-beauty-hey-sugar-watermelon-body-scrub\/#breadcrumb"},"inLanguage":"lt-LT","potentialAction":[{"@type":"ReadAction","target":["https:\/\/greenspells.com\/product\/ncla-beauty-hey-sugar-watermelon-body-scrub\/"]}]},{"@type":"ImageObject","inLanguage":"lt-LT","@id":"https:\/\/greenspells.com\/product\/ncla-beauty-hey-sugar-watermelon-body-scrub\/#primaryimage","url":"https:\/\/i0.wp.com\/greenspells.com\/wp-content\/uploads\/2023\/07\/hey-sugar-watermelon-body-scrub-671836_900x.jpg?fit=900%2C900&ssl=1","contentUrl":"https:\/\/i0.wp.com\/greenspells.com\/wp-content\/uploads\/2023\/07\/hey-sugar-watermelon-body-scrub-671836_900x.jpg?fit=900%2C900&ssl=1","width":900,"height":900},{"@type":"BreadcrumbList","@id":"https:\/\/greenspells.com\/product\/ncla-beauty-hey-sugar-watermelon-body-scrub\/#breadcrumb","itemListElement":[{"@type":"ListItem","position":1,"name":"Home","item":"https:\/\/greenspells.com\/"},{"@type":"ListItem","position":2,"name":"Shop","item":"https:\/\/greenspells.com\/shop\/"},{"@type":"ListItem","position":3,"name":"NCLA BEAUTY Hey, Sugar Watermelon Body Scrub"}]},{"@type":"WebSite","@id":"https:\/\/greenspells.com\/#website","url":"https:\/\/greenspells.com\/","name":"Greenspells","description":"Nat\u016brali ir ekologi\u0161ka kosmetika","publisher":{"@id":"https:\/\/greenspells.com\/#organization"},"potentialAction":[{"@type":"SearchAction","target":{"@type":"EntryPoint","urlTemplate":"https:\/\/greenspells.com\/?s={search_term_string}"},"query-input":{"@type":"PropertyValueSpecification","valueRequired":true,"valueName":"search_term_string"}}],"inLanguage":"lt-LT"},{"@type":"Organization","@id":"https:\/\/greenspells.com\/#organization","name":"Greenspells","url":"https:\/\/greenspells.com\/","logo":{"@type":"ImageObject","inLanguage":"lt-LT","@id":"https:\/\/greenspells.com\/#\/schema\/logo\/image\/","url":"https:\/\/i0.wp.com\/greenspells.com\/wp-content\/uploads\/2020\/09\/20200722_153424_0000.png?fit=1500%2C1500&ssl=1","contentUrl":"https:\/\/i0.wp.com\/greenspells.com\/wp-content\/uploads\/2020\/09\/20200722_153424_0000.png?fit=1500%2C1500&ssl=1","width":1500,"height":1500,"caption":"Greenspells"},"image":{"@id":"https:\/\/greenspells.com\/#\/schema\/logo\/image\/"},"sameAs":["https:\/\/www.facebook.com\/Greenspells","https:\/\/www.instagram.com\/greenspells_store\/"]}]}},"jetpack_likes_enabled":true,"jetpack_sharing_enabled":true,"_links":{"self":[{"href":"https:\/\/greenspells.com\/lt\/wp-json\/wp\/v2\/product\/1672374","targetHints":{"allow":["GET"]}}],"collection":[{"href":"https:\/\/greenspells.com\/lt\/wp-json\/wp\/v2\/product"}],"about":[{"href":"https:\/\/greenspells.com\/lt\/wp-json\/wp\/v2\/types\/product"}],"replies":[{"embeddable":true,"href":"https:\/\/greenspells.com\/lt\/wp-json\/wp\/v2\/comments?post=1672374"}],"wp:featuredmedia":[{"embeddable":true,"href":"https:\/\/greenspells.com\/lt\/wp-json\/wp\/v2\/media\/1672378"}],"wp:attachment":[{"href":"https:\/\/greenspells.com\/lt\/wp-json\/wp\/v2\/media?parent=1672374"}],"wp:term":[{"taxonomy":"product_brand","embeddable":true,"href":"https:\/\/greenspells.com\/lt\/wp-json\/wp\/v2\/product_brand?post=1672374"},{"taxonomy":"product_cat","embeddable":true,"href":"https:\/\/greenspells.com\/lt\/wp-json\/wp\/v2\/product_cat?post=1672374"},{"taxonomy":"product_tag","embeddable":true,"href":"https:\/\/greenspells.com\/lt\/wp-json\/wp\/v2\/product_tag?post=1672374"}],"curies":[{"name":"wp","href":"https:\/\/api.w.org\/{rel}","templated":true}]}}