{"id":1672152,"date":"2023-05-02T11:12:42","date_gmt":"2023-05-02T09:12:42","guid":{"rendered":"https:\/\/greenspells.com\/?post_type=product&#038;p=1672152"},"modified":"2026-03-04T08:44:36","modified_gmt":"2026-03-04T06:44:36","slug":"biocos-aromaterapine-dulksna-nuo-vabzdziu-saugi-pieva","status":"publish","type":"product","link":"https:\/\/greenspells.com\/lt\/produktas\/biocos-aromaterapine-dulksna-nuo-vabzdziu-saugi-pieva\/","title":{"rendered":"BIOCOS <br> Aromaterapin\u0117 dulksna nuo vabzd\u017ei\u0173  <br> SAUGI PIEVA"},"content":{"rendered":"<p style=\"box-sizing: border-box; margin-bottom: 0px; padding: 0px 0px 10px; font-family: Jost-Regular; font-size: 15px; line-height: 20px; color: #000000;\">Aromaterapinis pur\u0161kalas, pagamintas i\u0161 nat\u016brali\u0173 eterini\u0173 aliej\u0173, skirtas norintiems ramyb\u0117s gamtoje. Padeda apsisaugoti nuo uod\u0173, erki\u0173, kit\u0173 vabzd\u017ei\u0173.<\/p>\n<p style=\"box-sizing: border-box; margin-bottom: 0px; padding: 0px 0px 10px; font-family: Jost-Regular; font-size: 15px; line-height: 20px; color: #000000;\">Veikliosios med\u017eiagos: arbatmed\u017eio,\u00a0citronel\u0173, atlasini\u0173\u00a0kedr\u0173, citrinakvapi\u0173\u00a0eukalipt\u0173, gvazdik\u0117li\u0173, pelargonij\u0173\u00a0eteriniai\u00a0aliejai, nimbamed\u017eio aliejus.<\/p>\n<p style=\"box-sizing: border-box; margin-bottom: 0px; padding: 0px 0px 10px; font-family: Jost-Regular; font-size: 15px; line-height: 20px; color: #000000;\">Purk\u0161kite ant drabu\u017ei\u0173 kiekvien\u0105 kart\u0105 einant \u012f gamt\u0105. Naudojant vaikams, puk\u0161kite ant nosinait\u0117s ir \u012fd\u0117kite \u012f drabu\u017ei\u0173 ki\u0161en\u0117l\u0119 arba \u012f ve\u017eim\u0117l\u012f.<\/p>\n<p>100ml<\/p>","protected":false},"excerpt":{"rendered":"<p>Aromaterapinis pur\u0161kalas, pagamintas i\u0161 nat\u016brali\u0173 eterini\u0173 aliej\u0173, skirtas norintiems ramyb\u0117s gamtoje. Padeda apsisaugoti nuo uod\u0173, erki\u0173, kit\u0173 vabzd\u017ei\u0173. Veikliosios med\u017eiagos: arbatmed\u017eio,\u00a0citronel\u0173, atlasini\u0173\u00a0kedr\u0173, citrinakvapi\u0173\u00a0eukalipt\u0173, gvazdik\u0117li\u0173, pelargonij\u0173\u00a0eteriniai\u00a0aliejai, nimbamed\u017eio aliejus. Purk\u0161kite ant drabu\u017ei\u0173 kiekvien\u0105 kart\u0105 einant \u012f gamt\u0105. Naudojant vaikams, puk\u0161kite ant nosinait\u0117s ir \u012fd\u0117kite \u012f drabu\u017ei\u0173 ki\u0161en\u0117l\u0119 arba \u012f ve\u017eim\u0117l\u012f. 100ml<\/p>","protected":false},"featured_media":1672155,"comment_status":"open","ping_status":"closed","template":"","meta":{"content-type":"","_monsterinsights_skip_tracking":false,"_monsterinsights_sitenote_active":false,"_monsterinsights_sitenote_note":"","_monsterinsights_sitenote_category":0,"_uf_show_specific_survey":0,"_uf_disable_surveys":false},"product_brand":[1652],"product_cat":[1506,137,1514,136,1512,1369,1446,15],"product_tag":[1614,1615,1286,1285,1283,1613],"class_list":{"0":"post-1672152","1":"product","2":"type-product","3":"status-publish","4":"has-post-thumbnail","6":"product_brand-biocos-kosmetika","7":"product_cat-essential-oils","8":"product_cat-bath-and-body","9":"product_cat-eteriniu-alieju-misiniai","10":"product_cat-kids","11":"product_cat-kvapnios-dulksnos","12":"product_cat-other","13":"product_cat-other-2","14":"product_cat-all-products","15":"product_tag-aromaterapija-nuo-vabzdziu","16":"product_tag-naturali-apdauga-nuo-uodu","17":"product_tag-nuo-erkiu","18":"product_tag-nuo-uodu","19":"product_tag-nuo-vabzdziu","20":"product_tag-purskalas-nuo-uodu","22":"first","23":"outofstock","24":"taxable","25":"shipping-taxable","26":"purchasable","27":"product-type-simple"},"bundled_by":[],"bundle_stock_status":"outofstock","bundle_stock_quantity":null,"bundle_virtual":false,"bundle_layout":"","bundle_add_to_cart_form_location":"","bundle_editable_in_cart":false,"bundle_sold_individually_context":"","bundle_item_grouping":"","bundle_min_size":"","bundle_max_size":"","bundle_price":[],"bundled_items":[],"bundle_sell_ids":[],"group_of_quantity":0,"min_quantity":0,"max_quantity":"","exclude_order_quantity_value_rules":"no","exclude_category_quantity_rules":"no","combine_variations":"no","exclude_global_add_ons":[],"addons":[],"yoast_head":"<!-- This site is optimized with the Yoast SEO plugin v27.3 - https:\/\/yoast.com\/product\/yoast-seo-wordpress\/ -->\n<title>BIOCOS  Aromaterapin\u0117 dulksna nuo vabzd\u017ei\u0173  SAUGI PIEVA - Greenspells<\/title>\n<meta name=\"description\" content=\"Aromaterapinis pur\u0161kalas, pagamintas i\u0161 nat\u016brali\u0173 eterini\u0173 aliej\u0173, skirtas norintiems ramyb\u0117s gamtoje. Purk\u0161ti ant drabu\u017ei\u0173.\" \/>\n<meta name=\"robots\" content=\"index, follow, max-snippet:-1, max-image-preview:large, max-video-preview:-1\" \/>\n<link rel=\"canonical\" href=\"https:\/\/greenspells.com\/lt\/produktas\/biocos-aromaterapine-dulksna-nuo-vabzdziu-saugi-pieva\/\" \/>\n<meta property=\"og:locale\" content=\"lt_LT\" \/>\n<meta property=\"og:type\" content=\"article\" \/>\n<meta property=\"og:title\" content=\"BIOCOS  Aromaterapin\u0117 dulksna nuo vabzd\u017ei\u0173  SAUGI PIEVA - Greenspells\" \/>\n<meta property=\"og:description\" content=\"Aromaterapinis pur\u0161kalas, pagamintas i\u0161 nat\u016brali\u0173 eterini\u0173 aliej\u0173, skirtas norintiems ramyb\u0117s gamtoje. Purk\u0161ti ant drabu\u017ei\u0173.\" \/>\n<meta property=\"og:url\" content=\"https:\/\/greenspells.com\/lt\/produktas\/biocos-aromaterapine-dulksna-nuo-vabzdziu-saugi-pieva\/\" \/>\n<meta property=\"og:site_name\" content=\"Greenspells\" \/>\n<meta property=\"article:publisher\" content=\"https:\/\/www.facebook.com\/Greenspells\" \/>\n<meta property=\"article:modified_time\" content=\"2026-03-04T06:44:36+00:00\" \/>\n<meta property=\"og:image\" content=\"https:\/\/greenspells.com\/wp-content\/uploads\/2023\/05\/eteriniu-alieju-misinys-apsauginis.png\" \/>\n\t<meta property=\"og:image:width\" content=\"600\" \/>\n\t<meta property=\"og:image:height\" content=\"600\" \/>\n\t<meta property=\"og:image:type\" content=\"image\/png\" \/>\n<meta name=\"twitter:card\" content=\"summary_large_image\" \/>\n<meta name=\"twitter:label1\" content=\"Est. reading time\" \/>\n\t<meta name=\"twitter:data1\" content=\"1 minut\u0117\" \/>\n<script type=\"application\/ld+json\" class=\"yoast-schema-graph\">{\"@context\":\"https:\\\/\\\/schema.org\",\"@graph\":[{\"@type\":\"WebPage\",\"@id\":\"https:\\\/\\\/greenspells.com\\\/product\\\/biocos-aromaterapine-dulksna-nuo-vabzdziu-saugi-pieva\\\/\",\"url\":\"https:\\\/\\\/greenspells.com\\\/product\\\/biocos-aromaterapine-dulksna-nuo-vabzdziu-saugi-pieva\\\/\",\"name\":\"BIOCOS Aromaterapin\u0117 dulksna nuo vabzd\u017ei\u0173 SAUGI PIEVA - Greenspells\",\"isPartOf\":{\"@id\":\"https:\\\/\\\/greenspells.com\\\/#website\"},\"primaryImageOfPage\":{\"@id\":\"https:\\\/\\\/greenspells.com\\\/product\\\/biocos-aromaterapine-dulksna-nuo-vabzdziu-saugi-pieva\\\/#primaryimage\"},\"image\":{\"@id\":\"https:\\\/\\\/greenspells.com\\\/product\\\/biocos-aromaterapine-dulksna-nuo-vabzdziu-saugi-pieva\\\/#primaryimage\"},\"thumbnailUrl\":\"https:\\\/\\\/i0.wp.com\\\/greenspells.com\\\/wp-content\\\/uploads\\\/2023\\\/05\\\/eteriniu-alieju-misinys-apsauginis.png?fit=600%2C600&ssl=1\",\"datePublished\":\"2023-05-02T09:12:42+00:00\",\"dateModified\":\"2026-03-04T06:44:36+00:00\",\"description\":\"Aromaterapinis pur\u0161kalas, pagamintas i\u0161 nat\u016brali\u0173 eterini\u0173 aliej\u0173, skirtas norintiems ramyb\u0117s gamtoje. Purk\u0161ti ant drabu\u017ei\u0173.\",\"breadcrumb\":{\"@id\":\"https:\\\/\\\/greenspells.com\\\/product\\\/biocos-aromaterapine-dulksna-nuo-vabzdziu-saugi-pieva\\\/#breadcrumb\"},\"inLanguage\":\"lt-LT\",\"potentialAction\":[{\"@type\":\"ReadAction\",\"target\":[\"https:\\\/\\\/greenspells.com\\\/product\\\/biocos-aromaterapine-dulksna-nuo-vabzdziu-saugi-pieva\\\/\"]}]},{\"@type\":\"ImageObject\",\"inLanguage\":\"lt-LT\",\"@id\":\"https:\\\/\\\/greenspells.com\\\/product\\\/biocos-aromaterapine-dulksna-nuo-vabzdziu-saugi-pieva\\\/#primaryimage\",\"url\":\"https:\\\/\\\/i0.wp.com\\\/greenspells.com\\\/wp-content\\\/uploads\\\/2023\\\/05\\\/eteriniu-alieju-misinys-apsauginis.png?fit=600%2C600&ssl=1\",\"contentUrl\":\"https:\\\/\\\/i0.wp.com\\\/greenspells.com\\\/wp-content\\\/uploads\\\/2023\\\/05\\\/eteriniu-alieju-misinys-apsauginis.png?fit=600%2C600&ssl=1\",\"width\":600,\"height\":600},{\"@type\":\"BreadcrumbList\",\"@id\":\"https:\\\/\\\/greenspells.com\\\/product\\\/biocos-aromaterapine-dulksna-nuo-vabzdziu-saugi-pieva\\\/#breadcrumb\",\"itemListElement\":[{\"@type\":\"ListItem\",\"position\":1,\"name\":\"Home\",\"item\":\"https:\\\/\\\/greenspells.com\\\/\"},{\"@type\":\"ListItem\",\"position\":2,\"name\":\"Shop\",\"item\":\"https:\\\/\\\/greenspells.com\\\/shop\\\/\"},{\"@type\":\"ListItem\",\"position\":3,\"name\":\"BIOCOS Aromaterapin\u0117 dulksna nuo vabzd\u017ei\u0173 SAUGI PIEVA\"}]},{\"@type\":\"WebSite\",\"@id\":\"https:\\\/\\\/greenspells.com\\\/#website\",\"url\":\"https:\\\/\\\/greenspells.com\\\/\",\"name\":\"Greenspells\",\"description\":\"Nat\u016brali ir ekologi\u0161ka kosmetika\",\"publisher\":{\"@id\":\"https:\\\/\\\/greenspells.com\\\/#organization\"},\"potentialAction\":[{\"@type\":\"SearchAction\",\"target\":{\"@type\":\"EntryPoint\",\"urlTemplate\":\"https:\\\/\\\/greenspells.com\\\/?s={search_term_string}\"},\"query-input\":{\"@type\":\"PropertyValueSpecification\",\"valueRequired\":true,\"valueName\":\"search_term_string\"}}],\"inLanguage\":\"lt-LT\"},{\"@type\":\"Organization\",\"@id\":\"https:\\\/\\\/greenspells.com\\\/#organization\",\"name\":\"Greenspells\",\"url\":\"https:\\\/\\\/greenspells.com\\\/\",\"logo\":{\"@type\":\"ImageObject\",\"inLanguage\":\"lt-LT\",\"@id\":\"https:\\\/\\\/greenspells.com\\\/#\\\/schema\\\/logo\\\/image\\\/\",\"url\":\"https:\\\/\\\/i0.wp.com\\\/greenspells.com\\\/wp-content\\\/uploads\\\/2020\\\/09\\\/20200722_153424_0000.png?fit=1500%2C1500&ssl=1\",\"contentUrl\":\"https:\\\/\\\/i0.wp.com\\\/greenspells.com\\\/wp-content\\\/uploads\\\/2020\\\/09\\\/20200722_153424_0000.png?fit=1500%2C1500&ssl=1\",\"width\":1500,\"height\":1500,\"caption\":\"Greenspells\"},\"image\":{\"@id\":\"https:\\\/\\\/greenspells.com\\\/#\\\/schema\\\/logo\\\/image\\\/\"},\"sameAs\":[\"https:\\\/\\\/www.facebook.com\\\/Greenspells\",\"https:\\\/\\\/www.instagram.com\\\/greenspells_store\\\/\"]}]}<\/script>\n<!-- \/ Yoast SEO plugin. -->","yoast_head_json":{"title":"BIOCOS  Aromaterapin\u0117 dulksna nuo vabzd\u017ei\u0173  SAUGI PIEVA - Greenspells","description":"Aromaterapinis pur\u0161kalas, pagamintas i\u0161 nat\u016brali\u0173 eterini\u0173 aliej\u0173, skirtas norintiems ramyb\u0117s gamtoje. Purk\u0161ti ant drabu\u017ei\u0173.","robots":{"index":"index","follow":"follow","max-snippet":"max-snippet:-1","max-image-preview":"max-image-preview:large","max-video-preview":"max-video-preview:-1"},"canonical":"https:\/\/greenspells.com\/lt\/produktas\/biocos-aromaterapine-dulksna-nuo-vabzdziu-saugi-pieva\/","og_locale":"lt_LT","og_type":"article","og_title":"BIOCOS  Aromaterapin\u0117 dulksna nuo vabzd\u017ei\u0173  SAUGI PIEVA - Greenspells","og_description":"Aromaterapinis pur\u0161kalas, pagamintas i\u0161 nat\u016brali\u0173 eterini\u0173 aliej\u0173, skirtas norintiems ramyb\u0117s gamtoje. Purk\u0161ti ant drabu\u017ei\u0173.","og_url":"https:\/\/greenspells.com\/lt\/produktas\/biocos-aromaterapine-dulksna-nuo-vabzdziu-saugi-pieva\/","og_site_name":"Greenspells","article_publisher":"https:\/\/www.facebook.com\/Greenspells","article_modified_time":"2026-03-04T06:44:36+00:00","og_image":[{"width":600,"height":600,"url":"https:\/\/greenspells.com\/wp-content\/uploads\/2023\/05\/eteriniu-alieju-misinys-apsauginis.png","type":"image\/png"}],"twitter_card":"summary_large_image","twitter_misc":{"Est. reading time":"1 minut\u0117"},"schema":{"@context":"https:\/\/schema.org","@graph":[{"@type":"WebPage","@id":"https:\/\/greenspells.com\/product\/biocos-aromaterapine-dulksna-nuo-vabzdziu-saugi-pieva\/","url":"https:\/\/greenspells.com\/product\/biocos-aromaterapine-dulksna-nuo-vabzdziu-saugi-pieva\/","name":"BIOCOS Aromaterapin\u0117 dulksna nuo vabzd\u017ei\u0173 SAUGI PIEVA - Greenspells","isPartOf":{"@id":"https:\/\/greenspells.com\/#website"},"primaryImageOfPage":{"@id":"https:\/\/greenspells.com\/product\/biocos-aromaterapine-dulksna-nuo-vabzdziu-saugi-pieva\/#primaryimage"},"image":{"@id":"https:\/\/greenspells.com\/product\/biocos-aromaterapine-dulksna-nuo-vabzdziu-saugi-pieva\/#primaryimage"},"thumbnailUrl":"https:\/\/i0.wp.com\/greenspells.com\/wp-content\/uploads\/2023\/05\/eteriniu-alieju-misinys-apsauginis.png?fit=600%2C600&ssl=1","datePublished":"2023-05-02T09:12:42+00:00","dateModified":"2026-03-04T06:44:36+00:00","description":"Aromaterapinis pur\u0161kalas, pagamintas i\u0161 nat\u016brali\u0173 eterini\u0173 aliej\u0173, skirtas norintiems ramyb\u0117s gamtoje. Purk\u0161ti ant drabu\u017ei\u0173.","breadcrumb":{"@id":"https:\/\/greenspells.com\/product\/biocos-aromaterapine-dulksna-nuo-vabzdziu-saugi-pieva\/#breadcrumb"},"inLanguage":"lt-LT","potentialAction":[{"@type":"ReadAction","target":["https:\/\/greenspells.com\/product\/biocos-aromaterapine-dulksna-nuo-vabzdziu-saugi-pieva\/"]}]},{"@type":"ImageObject","inLanguage":"lt-LT","@id":"https:\/\/greenspells.com\/product\/biocos-aromaterapine-dulksna-nuo-vabzdziu-saugi-pieva\/#primaryimage","url":"https:\/\/i0.wp.com\/greenspells.com\/wp-content\/uploads\/2023\/05\/eteriniu-alieju-misinys-apsauginis.png?fit=600%2C600&ssl=1","contentUrl":"https:\/\/i0.wp.com\/greenspells.com\/wp-content\/uploads\/2023\/05\/eteriniu-alieju-misinys-apsauginis.png?fit=600%2C600&ssl=1","width":600,"height":600},{"@type":"BreadcrumbList","@id":"https:\/\/greenspells.com\/product\/biocos-aromaterapine-dulksna-nuo-vabzdziu-saugi-pieva\/#breadcrumb","itemListElement":[{"@type":"ListItem","position":1,"name":"Home","item":"https:\/\/greenspells.com\/"},{"@type":"ListItem","position":2,"name":"Shop","item":"https:\/\/greenspells.com\/shop\/"},{"@type":"ListItem","position":3,"name":"BIOCOS Aromaterapin\u0117 dulksna nuo vabzd\u017ei\u0173 SAUGI PIEVA"}]},{"@type":"WebSite","@id":"https:\/\/greenspells.com\/#website","url":"https:\/\/greenspells.com\/","name":"Greenspells","description":"Nat\u016brali ir ekologi\u0161ka kosmetika","publisher":{"@id":"https:\/\/greenspells.com\/#organization"},"potentialAction":[{"@type":"SearchAction","target":{"@type":"EntryPoint","urlTemplate":"https:\/\/greenspells.com\/?s={search_term_string}"},"query-input":{"@type":"PropertyValueSpecification","valueRequired":true,"valueName":"search_term_string"}}],"inLanguage":"lt-LT"},{"@type":"Organization","@id":"https:\/\/greenspells.com\/#organization","name":"Greenspells","url":"https:\/\/greenspells.com\/","logo":{"@type":"ImageObject","inLanguage":"lt-LT","@id":"https:\/\/greenspells.com\/#\/schema\/logo\/image\/","url":"https:\/\/i0.wp.com\/greenspells.com\/wp-content\/uploads\/2020\/09\/20200722_153424_0000.png?fit=1500%2C1500&ssl=1","contentUrl":"https:\/\/i0.wp.com\/greenspells.com\/wp-content\/uploads\/2020\/09\/20200722_153424_0000.png?fit=1500%2C1500&ssl=1","width":1500,"height":1500,"caption":"Greenspells"},"image":{"@id":"https:\/\/greenspells.com\/#\/schema\/logo\/image\/"},"sameAs":["https:\/\/www.facebook.com\/Greenspells","https:\/\/www.instagram.com\/greenspells_store\/"]}]}},"jetpack_likes_enabled":true,"jetpack_sharing_enabled":true,"_links":{"self":[{"href":"https:\/\/greenspells.com\/lt\/wp-json\/wp\/v2\/product\/1672152","targetHints":{"allow":["GET"]}}],"collection":[{"href":"https:\/\/greenspells.com\/lt\/wp-json\/wp\/v2\/product"}],"about":[{"href":"https:\/\/greenspells.com\/lt\/wp-json\/wp\/v2\/types\/product"}],"replies":[{"embeddable":true,"href":"https:\/\/greenspells.com\/lt\/wp-json\/wp\/v2\/comments?post=1672152"}],"wp:featuredmedia":[{"embeddable":true,"href":"https:\/\/greenspells.com\/lt\/wp-json\/wp\/v2\/media\/1672155"}],"wp:attachment":[{"href":"https:\/\/greenspells.com\/lt\/wp-json\/wp\/v2\/media?parent=1672152"}],"wp:term":[{"taxonomy":"product_brand","embeddable":true,"href":"https:\/\/greenspells.com\/lt\/wp-json\/wp\/v2\/product_brand?post=1672152"},{"taxonomy":"product_cat","embeddable":true,"href":"https:\/\/greenspells.com\/lt\/wp-json\/wp\/v2\/product_cat?post=1672152"},{"taxonomy":"product_tag","embeddable":true,"href":"https:\/\/greenspells.com\/lt\/wp-json\/wp\/v2\/product_tag?post=1672152"}],"curies":[{"name":"wp","href":"https:\/\/api.w.org\/{rel}","templated":true}]}}