{"id":1671946,"date":"2023-03-22T12:00:08","date_gmt":"2023-03-22T10:00:08","guid":{"rendered":"https:\/\/greenspells.com\/?post_type=product&#038;p=1671946"},"modified":"2025-09-17T09:29:58","modified_gmt":"2025-09-17T07:29:58","slug":"biocos-bb-kremas","status":"publish","type":"product","link":"https:\/\/greenspells.com\/lt\/produktas\/biocos-bb-kremas\/","title":{"rendered":"BIOCOS <br> BB kremas, <br> Dr\u0117kinantis, suteikia atspalv\u012f"},"content":{"rendered":"<p>BIOCOS nat\u016bralus atspalv\u012f suteikiantis BB kremas \u2013 \u0161velniai maskuoja odos tr\u016bkumus, \u0161vies\u0105 atspindin\u010dios dalel\u0117s suteikia nat\u016bralaus \u0161vyt\u0117jimo ir dr\u0117kina veido od\u0105. Praturtintas skvalenu, nat\u016braliais dr\u0117kinamaisiais faktoriais ir verben\u0173 hidrolatu.<\/p>\n<div class=\"col-xs-12 col-md-6\" style=\"box-sizing: border-box; margin: 0px 0px 15px; padding: 0px 15px; position: relative; min-height: 1px; float: left; width: 350px; color: #666666; font-family: Jost-Regular; font-size: 14px;\">\n<div class=\"rte\" style=\"box-sizing: border-box; margin: 0px; padding: 0px; font-size: 15px; line-height: 20px; color: #000000; background: none 0px 0px repeat scroll transparent;\">\n<p style=\"box-sizing: border-box; margin-bottom: 0px; padding: 0px 0px 10px; line-height: 20px;\" align=\"justify\"><strong style=\"box-sizing: border-box;\">BIOCOS nat\u016bralus BB kremas \u2013 tai ne tik veido kremas, bet ir\u00a0nat\u016bralus makia\u017eo pagrindas.<\/strong><\/p>\n<p style=\"box-sizing: border-box; margin-bottom: 0px; padding: 0px 0px 10px; line-height: 20px;\" align=\"justify\"><strong style=\"box-sizing: border-box;\">Kuo \u0161is produktas ypatingas?<\/strong><\/p>\n<p style=\"box-sizing: border-box; margin-bottom: 0px; padding: 0px 0px 10px; line-height: 20px;\" align=\"justify\">Atnaujintas ir dar geresnis atspalv\u012f suteikiantis BB kremas papildytas verben\u0173 hidrolatu, skvalenu, simondsij\u0173 aliejumi, alavij\u0173, agurk\u0173 ekstraktais bei dr\u0117kikli\u0173 kompleksu skirtas sulyginti veido odos spalv\u0105, \u0161velniai maskuoti poras, odos nelygumus, sudr\u0117kinti bei pamaitinti od\u0105.\u00a0Nat\u016bralus kremas \u0161velniai maskuoja odos tr\u016bkumus, vienodina odos spalv\u0105, \u0161vies\u0105 atspindin\u010dios dalel\u0117s suteikia nat\u016bralaus \u0161vyt\u0117jimo, o nat\u016bral\u016bs dr\u0117kikliai u\u017etikrina ilgalaik\u012f dr\u0117kinim\u0105. BB kreme n\u0117ra\u00a0joki\u0173 sintetini\u0173 pried\u0173\u00a0ar konservant\u0173, dirbtini\u0173 kvapikli\u0173 ar kit\u0173 med\u017eiag\u0173, galin\u010di\u0173 sausinti od\u0105.<\/p>\n<p style=\"box-sizing: border-box; margin-bottom: 0px; padding: 0px 0px 10px; line-height: 20px;\" align=\"justify\"><strong style=\"box-sizing: border-box;\">Kokiai odai skirtas<\/strong><strong style=\"box-sizing: border-box;\">?<\/strong><\/p>\n<p style=\"box-sizing: border-box; margin-bottom: 0px; padding: 0px 0px 10px; line-height: 20px;\">Vis\u0173 tip\u0173 odai suteikia komforti\u0161kumo jausm\u0105 pasitepus.<\/p>\n<p style=\"box-sizing: border-box; margin-bottom: 0px; padding: 0px 0px 10px; line-height: 20px;\"><span lang=\"lt-lt\" style=\"box-sizing: border-box;\" xml:lang=\"lt-lt\"><strong style=\"box-sizing: border-box;\">Kaip naudoti?<\/strong><\/span><\/p>\n<p style=\"box-sizing: border-box; margin-bottom: 0px; padding: 0px 0px 10px; line-height: 20px; text-align: left;\">Dr\u0117kinam\u0105j\u012f BB krem\u0105 rekomenduojame tepti ant \u0161varios ir dr\u0117gnos odos kaip \u012fprast\u0105 dienin\u012f krem\u0105 ar makia\u017eo pagrind\u0105. Maksimaliam dr\u0117kinimo efektui u\u017etikrinti rekomenduojame prie\u0161 BB krem\u0105 naudoti\u00a0intensyvaus poveikio serum\u0105 su hialurono r\u016bg\u0161timi.<\/p>\n<p style=\"box-sizing: border-box; margin-bottom: 0px; padding: 0px 0px 10px; line-height: 20px;\"><strong style=\"box-sizing: border-box;\">Aktyviosios med\u017eiagos:<\/strong><\/p>\n<ul style=\"box-sizing: border-box; margin-bottom: 0px; margin-left: 0px;\">\n<li style=\"box-sizing: border-box; margin: 0px 0px 0px 20px; padding: 0px;\">agurk\u0173 ekstraktas\u00a0&#8211;\u00a0dr\u0117kina ir ramina od\u0105;<\/li>\n<li style=\"box-sizing: border-box; margin: 0px 0px 0px 20px; padding: 0px;\">alavij\u0173 sultys\u00a0&#8211;\u00a0nat\u016braliai dr\u0117kina, su\u0161velnina od\u0105;<\/li>\n<li style=\"box-sizing: border-box; margin: 0px 0px 0px 20px; padding: 0px;\">augalinis silikonas\u00a0&#8211; nat\u016bralus silikono pakaitalas, kuris suteikia odai \u0161ilko \u0161velnum\u0105. Padeda atkurti prarast\u0105 odos elastingum\u0105, ilgalaik\u012f odos dr\u0117kinim\u0105 bei sukuria apsaugin\u0119 pl\u0117vel\u0119, kuri padeda i\u0161laikyti dr\u0117gm\u0119 gilesniuose odos sluoksniuose;<\/li>\n<li style=\"box-sizing: border-box; margin: 0px 0px 0px 20px; padding: 0px;\">nat\u016bral\u016bs dr\u0117kinantys faktoriai\u00a0&#8211; sukuria odos neapsunkinan\u010di\u0105 ir dr\u0117kinan\u010di\u0105 pl\u0117vel\u0119, kuri pad\u0117s apsaugoti od\u0105 nuo dr\u0117gm\u0117s netekimo;<\/li>\n<li style=\"box-sizing: border-box; margin: 0px 0px 0px 20px; padding: 0px;\">simondsij\u0173 aliejus\u00a0&#8211; labiausiai pana\u0161us \u012f \u017emogaus odos i\u0161skiriam\u0105 aliej\u0173\u00a0(sebum\u0105), tod\u0117l oda j\u012f pasisavina kaip savo bei\u00a0padeda odai i\u0161sivalyti, neu\u017ekem\u0161a por\u0173;<\/li>\n<li style=\"box-sizing: border-box; margin: 0px 0px 0px 20px; padding: 0px;\">skvalenas\u00a0&#8211; pasi\u017eymi efektyviu dr\u0117kinimu ir yra tinkamas visiems odos tipams, padeda i\u0161laikyti odos elastingum\u0105 bei suteikia malon\u0173 poj\u016bt\u012f;<\/li>\n<li style=\"box-sizing: border-box; margin: 0px 0px 0px 20px; padding: 0px;\">verben\u0173 hidrolatas\u00a0&#8211;\u00a0atgaivins papilk\u0117jusi\u0105 od\u0105 bei suteiks gaiv\u0173 ir malon\u0173 aromat\u0105.<\/li>\n<\/ul>\n<p style=\"box-sizing: border-box; margin-bottom: 0px; padding: 0px 0px 10px; line-height: 20px;\" align=\"justify\"><strong style=\"box-sizing: border-box;\"><span lang=\"lt-lt\" style=\"box-sizing: border-box;\" xml:lang=\"lt-lt\">3 atspalviai, i\u0161 kuri\u0173 tikrai i\u0161sirinksite sau tinkamiausi\u0105:<\/span><\/strong><\/p>\n<ul style=\"box-sizing: border-box; margin-bottom: 0px; margin-left: 0px;\">\n<li style=\"box-sizing: border-box; margin: 0px 0px 0px 20px; padding: 0px;\">01 \u2013 \u0161iltas kreminis atspalvis, skirtas \u0161viesiai odai<\/li>\n<li style=\"box-sizing: border-box; margin: 0px 0px 0px 20px; padding: 0px;\">02 \u2013 sm\u0117lio atspalvis, neutraliai odos spalvai<\/li>\n<li style=\"box-sizing: border-box; margin: 0px 0px 0px 20px; padding: 0px;\">03- karamelinis atspalvis, skirtas vidutini\u0161kai tamsiai odai<\/li>\n<\/ul>\n<\/div>\n<\/div>\n<div class=\"col-xs-12 col-md-6\" style=\"box-sizing: border-box; margin: 0px; padding: 0px 15px; position: relative; min-height: 1px; float: left; width: 350px; color: #666666; font-family: Jost-Regular; font-size: 14px;\">\n<div class=\"data-sheet entry\" style=\"box-sizing: border-box; margin: 0px -15px; padding: 0px; overflow: auto;\">\n<table style=\"border-collapse: collapse; width: 350px; margin-bottom: 12px;\">\n<tbody style=\"box-sizing: border-box;\">\n<tr style=\"box-sizing: border-box; background-color: #f7f8f7;\">\n<td style=\"box-sizing: border-box; margin: 0px; padding: 6px 12px; font-family: Quicksand; font-size: 14px; line-height: 20px; color: #6c6c6c; width: 175px; min-width: 49%; border-right: 1px solid #d9ebe8;\">Kiekis<\/td>\n<td style=\"box-sizing: border-box; margin: 0px; padding: 6px 12px; font-family: Quicksand; font-size: 14px; line-height: 20px; color: #6c6c6c; width: 175px; min-width: 49%;\">30 ml<\/td>\n<\/tr>\n<tr style=\"box-sizing: border-box;\">\n<td style=\"box-sizing: border-box; margin: 0px; padding: 6px 12px; font-family: Quicksand; font-size: 14px; line-height: 20px; color: #6c6c6c; width: 175px; min-width: 49%; border-right: 1px solid #d9ebe8;\">Pagrindin\u0117s veikliosios med\u017eiagos<\/td>\n<td style=\"box-sizing: border-box; margin: 0px; padding: 6px 12px; font-family: Quicksand; font-size: 14px; line-height: 20px; color: #6c6c6c; width: 175px; min-width: 49%;\">Simondsij\u0173 aliejus, Alavijai, Verben\u0173 hidrolatas, Augalinis silikonas, Nat\u016bral\u016bs dr\u0117kinantys faktoriai, Skvalenas, Agurk\u0173 ekstraktas<\/td>\n<\/tr>\n<\/tbody>\n<\/table>\n<\/div>\n<div class=\"rte structure-description\" style=\"box-sizing: border-box; margin: 0px; padding: 10px 12px; font-size: 15px; line-height: 20px; color: #000000; background: none 0px 0px repeat scroll #f7f8f7;\">\n<p style=\"box-sizing: border-box; margin-bottom: 0px; padding: 0px 0px 10px; line-height: 20px;\"><span style=\"box-sizing: border-box;\">Nr. 1: INGREDIENTS: Lippia Citriodora Leaf Water, Titanium Dioxide, Caprylic\/capric Triglyceride, Squalane, Mica, Sodium Stearoyl Lactylate, Hydrogenated Ethylhexyl Olivate (And) Hydrogenated Olive Oil Unsaponifiables, Simmondsia Chinensis Seed Oil, Sodium Pca, Sodium Lactate, Glycerin, Glyceryl Stearate, Cetearyl Alcohol, Tocopherol, Aloe Barbadensis Leaf Juice Powder, Citrus Grandis Seed Extract, Rosmarinus Officinalis Leaf Extract, Cucumis Sativus Fruit Extract, Phytic Acid, Sodium Hydroxide, Ci 77492, Ci 77491, Ci 77499, Parfum**, Linalool*, Citral*, Limonene*<\/span><\/p>\n<p style=\"box-sizing: border-box; margin-bottom: 0px; padding: 0px 0px 10px; line-height: 20px;\"><span style=\"box-sizing: border-box;\">**100% nat\u016brali kvap\u0173 kompozija *eterini\u0173 aliej\u0173 sudedamosios dalys<\/span><\/p>\n<p style=\"box-sizing: border-box; margin-bottom: 0px; padding: 0px 0px 10px; line-height: 20px;\"><span style=\"box-sizing: border-box;\">Nr.2: INGREDIENTS: Lippia Citriodora Leaf Water, Caprylic\/capric Triglyceride, Titanium Dioxide, Squalane, Mica, Sodium Stearoyl Lactylate, Hydrogenated Ethylhexyl Olivate (And) Hydrogenated Olive Oil Unsaponifiables, Simmondsia Chinensis Seed Oil, Sodium Pca, Sodium Lactate, Glycerin, Glyceryl Stearate, Cetearyl Alcohol, Tocopherol, Aloe Barbadensis Leaf Juice Powder, Citrus Grandis Seed Extract, Rosmarinus Officinalis Leaf Extract, Cucumis Sativus Fruit Extract, Phytic Acid, Sodium Hydroxide, Ci 77492, Ci 77491, Ci 77499, Parfum**, Linalool*, Citral*, Limonene*<\/span><\/p>\n<p style=\"box-sizing: border-box; margin-bottom: 0px; padding: 0px 0px 10px; line-height: 20px;\"><span style=\"box-sizing: border-box;\">**100% nat\u016brali kvap\u0173 kompozija *eterini\u0173 aliej\u0173 sudedamosios dalys<\/span><\/p>\n<p style=\"box-sizing: border-box; margin-bottom: 0px; padding: 0px 0px 10px; line-height: 20px;\"><span style=\"box-sizing: border-box;\">Nr.3 INGREDIENTS: Lippia Citriodora Leaf Water, Caprylic\/capric Triglyceride, Titanium Dioxide, Squalane, Mica, Sodium Stearoyl Lactylate, Hydrogenated Ethylhexyl Olivate (And) Hydrogenated Olive Oil Unsaponifiables, Simmondsia Chinensis Seed Oil, Sodium Pca, Sodium Lactate, Glycerin, Glyceryl Stearate, Cetearyl Alcohol, Tocopherol, Citrus Grandis Seed Extract, Rosmarinus Officinalis Leaf Extract, Cucumis Sativus Fruit Extract, Aloe Barbadensis Leaf Juice Powder, Phytic Acid, Sodium Hydroxide, Ci 77492, Ci 77491, Ci 77499, Parfum**, Linalool*, Citral*, Limonene*<\/span><\/p>\n<p style=\"box-sizing: border-box; margin-bottom: 0px; padding: 0px 0px 10px; line-height: 20px;\"><span style=\"box-sizing: border-box;\">**100% nat\u016brali kvap\u0173 kompozija *eterini\u0173 aliej\u0173 sudedamosios dalys<\/span><\/p>\n<\/div>\n<\/div>","protected":false},"excerpt":{"rendered":"<p>BIOCOS nat\u016bralus atspalv\u012f suteikiantis BB kremas \u2013 \u0161velniai maskuoja odos tr\u016bkumus, \u0161vies\u0105 atspindin\u010dios dalel\u0117s suteikia nat\u016bralaus \u0161vyt\u0117jimo ir dr\u0117kina veido od\u0105. Praturtintas skvalenu, nat\u016braliais dr\u0117kinamaisiais faktoriais ir verben\u0173 hidrolatu. BIOCOS nat\u016bralus BB kremas \u2013 tai ne tik veido kremas, bet ir\u00a0nat\u016bralus makia\u017eo pagrindas. Kuo \u0161is produktas ypatingas? Atnaujintas ir dar geresnis atspalv\u012f suteikiantis BB kremas [&hellip;]<\/p>","protected":false},"featured_media":1671948,"comment_status":"open","ping_status":"closed","template":"","meta":{"content-type":"","_monsterinsights_skip_tracking":false,"_monsterinsights_sitenote_active":false,"_monsterinsights_sitenote_note":"","_monsterinsights_sitenote_category":0,"_uf_show_specific_survey":0,"_uf_disable_surveys":false},"product_brand":[1652],"product_cat":[133,42,40,34,15],"product_tag":[1901,1414,1507,1902,1417,1416,461],"class_list":{"0":"post-1671946","1":"product","2":"type-product","3":"status-publish","4":"has-post-thumbnail","6":"product_brand-biocos-kosmetika","7":"product_cat-complexion","8":"product_cat-make-up","9":"product_cat-moisturizers","10":"product_cat-skincare","11":"product_cat-all-products","12":"product_tag-bb-cream","13":"product_tag-bb-kremas","14":"product_tag-biocos","15":"product_tag-cc-kremas","16":"product_tag-kremas-su-atspalviu","17":"product_tag-naturalus-bb-kremas","18":"product_tag-naturali-kosmetika","20":"first","21":"instock","22":"taxable","23":"shipping-taxable","24":"purchasable","25":"product-type-variable"},"bundled_by":[],"bundle_stock_status":"instock","bundle_stock_quantity":null,"bundle_virtual":false,"bundle_layout":"","bundle_add_to_cart_form_location":"","bundle_editable_in_cart":false,"bundle_sold_individually_context":"","bundle_item_grouping":"","bundle_min_size":"","bundle_max_size":"","bundle_price":[],"bundled_items":[],"bundle_sell_ids":[],"group_of_quantity":0,"min_quantity":0,"max_quantity":"","exclude_order_quantity_value_rules":"no","exclude_category_quantity_rules":"no","combine_variations":"no","exclude_global_add_ons":[],"addons":[],"yoast_head":"<!-- This site is optimized with the Yoast SEO plugin v27.3 - https:\/\/yoast.com\/product\/yoast-seo-wordpress\/ -->\n<title>BIOCOS  BB kremas,  Dr\u0117kinantis, suteikia atspalv\u012f - Greenspells<\/title>\n<meta name=\"description\" content=\"Nat\u016bralus atspalv\u012f suteikiantis BB kremas \u2013 \u0161velniai maskuoja odos tr\u016bkumus, \u0161vies\u0105 atspindin\u010dios dalel\u0117s suteikia nat\u016bralaus \u0161vyt\u0117jimo ir dr\u0117kina veido od\u0105. Praturtintas skvalenu, nat\u016braliais dr\u0117kinamaisiais faktoriais ir verben\u0173 hidrolatu.\u00a0\" \/>\n<meta name=\"robots\" content=\"index, follow, max-snippet:-1, max-image-preview:large, max-video-preview:-1\" \/>\n<link rel=\"canonical\" href=\"https:\/\/greenspells.com\/lt\/produktas\/biocos-bb-kremas\/\" \/>\n<meta property=\"og:locale\" content=\"lt_LT\" \/>\n<meta property=\"og:type\" content=\"article\" \/>\n<meta property=\"og:title\" content=\"BIOCOS  BB kremas,  Dr\u0117kinantis, suteikia atspalv\u012f - Greenspells\" \/>\n<meta property=\"og:description\" content=\"Nat\u016bralus atspalv\u012f suteikiantis BB kremas \u2013 \u0161velniai maskuoja odos tr\u016bkumus, \u0161vies\u0105 atspindin\u010dios dalel\u0117s suteikia nat\u016bralaus \u0161vyt\u0117jimo ir dr\u0117kina veido od\u0105. Praturtintas skvalenu, nat\u016braliais dr\u0117kinamaisiais faktoriais ir verben\u0173 hidrolatu.\u00a0\" \/>\n<meta property=\"og:url\" content=\"https:\/\/greenspells.com\/lt\/produktas\/biocos-bb-kremas\/\" \/>\n<meta property=\"og:site_name\" content=\"Greenspells\" \/>\n<meta property=\"article:publisher\" content=\"https:\/\/www.facebook.com\/Greenspells\" \/>\n<meta property=\"article:modified_time\" content=\"2025-09-17T07:29:58+00:00\" \/>\n<meta property=\"og:image\" content=\"https:\/\/greenspells.com\/wp-content\/uploads\/2023\/03\/bb-kremas.png\" \/>\n\t<meta property=\"og:image:width\" content=\"600\" \/>\n\t<meta property=\"og:image:height\" content=\"600\" \/>\n\t<meta property=\"og:image:type\" content=\"image\/png\" \/>\n<meta name=\"twitter:card\" content=\"summary_large_image\" \/>\n<meta name=\"twitter:label1\" content=\"Est. reading time\" \/>\n\t<meta name=\"twitter:data1\" content=\"3 minut\u0117s\" \/>\n<script type=\"application\/ld+json\" class=\"yoast-schema-graph\">{\"@context\":\"https:\\\/\\\/schema.org\",\"@graph\":[{\"@type\":\"WebPage\",\"@id\":\"https:\\\/\\\/greenspells.com\\\/product\\\/biocos-bb-kremas\\\/\",\"url\":\"https:\\\/\\\/greenspells.com\\\/product\\\/biocos-bb-kremas\\\/\",\"name\":\"BIOCOS BB kremas, Dr\u0117kinantis, suteikia atspalv\u012f - Greenspells\",\"isPartOf\":{\"@id\":\"https:\\\/\\\/greenspells.com\\\/#website\"},\"primaryImageOfPage\":{\"@id\":\"https:\\\/\\\/greenspells.com\\\/product\\\/biocos-bb-kremas\\\/#primaryimage\"},\"image\":{\"@id\":\"https:\\\/\\\/greenspells.com\\\/product\\\/biocos-bb-kremas\\\/#primaryimage\"},\"thumbnailUrl\":\"https:\\\/\\\/i0.wp.com\\\/greenspells.com\\\/wp-content\\\/uploads\\\/2023\\\/03\\\/bb-kremas.png?fit=600%2C600&ssl=1\",\"datePublished\":\"2023-03-22T10:00:08+00:00\",\"dateModified\":\"2025-09-17T07:29:58+00:00\",\"description\":\"Nat\u016bralus atspalv\u012f suteikiantis BB kremas \u2013 \u0161velniai maskuoja odos tr\u016bkumus, \u0161vies\u0105 atspindin\u010dios dalel\u0117s suteikia nat\u016bralaus \u0161vyt\u0117jimo ir dr\u0117kina veido od\u0105. Praturtintas skvalenu, nat\u016braliais dr\u0117kinamaisiais faktoriais ir verben\u0173 hidrolatu.\u00a0\",\"breadcrumb\":{\"@id\":\"https:\\\/\\\/greenspells.com\\\/product\\\/biocos-bb-kremas\\\/#breadcrumb\"},\"inLanguage\":\"lt-LT\",\"potentialAction\":[{\"@type\":\"ReadAction\",\"target\":[\"https:\\\/\\\/greenspells.com\\\/product\\\/biocos-bb-kremas\\\/\"]}]},{\"@type\":\"ImageObject\",\"inLanguage\":\"lt-LT\",\"@id\":\"https:\\\/\\\/greenspells.com\\\/product\\\/biocos-bb-kremas\\\/#primaryimage\",\"url\":\"https:\\\/\\\/i0.wp.com\\\/greenspells.com\\\/wp-content\\\/uploads\\\/2023\\\/03\\\/bb-kremas.png?fit=600%2C600&ssl=1\",\"contentUrl\":\"https:\\\/\\\/i0.wp.com\\\/greenspells.com\\\/wp-content\\\/uploads\\\/2023\\\/03\\\/bb-kremas.png?fit=600%2C600&ssl=1\",\"width\":600,\"height\":600},{\"@type\":\"BreadcrumbList\",\"@id\":\"https:\\\/\\\/greenspells.com\\\/product\\\/biocos-bb-kremas\\\/#breadcrumb\",\"itemListElement\":[{\"@type\":\"ListItem\",\"position\":1,\"name\":\"Home\",\"item\":\"https:\\\/\\\/greenspells.com\\\/\"},{\"@type\":\"ListItem\",\"position\":2,\"name\":\"Shop\",\"item\":\"https:\\\/\\\/greenspells.com\\\/shop\\\/\"},{\"@type\":\"ListItem\",\"position\":3,\"name\":\"BIOCOS BB kremas, Dr\u0117kinantis, suteikia atspalv\u012f\"}]},{\"@type\":\"WebSite\",\"@id\":\"https:\\\/\\\/greenspells.com\\\/#website\",\"url\":\"https:\\\/\\\/greenspells.com\\\/\",\"name\":\"Greenspells\",\"description\":\"Nat\u016brali ir ekologi\u0161ka kosmetika\",\"publisher\":{\"@id\":\"https:\\\/\\\/greenspells.com\\\/#organization\"},\"potentialAction\":[{\"@type\":\"SearchAction\",\"target\":{\"@type\":\"EntryPoint\",\"urlTemplate\":\"https:\\\/\\\/greenspells.com\\\/?s={search_term_string}\"},\"query-input\":{\"@type\":\"PropertyValueSpecification\",\"valueRequired\":true,\"valueName\":\"search_term_string\"}}],\"inLanguage\":\"lt-LT\"},{\"@type\":\"Organization\",\"@id\":\"https:\\\/\\\/greenspells.com\\\/#organization\",\"name\":\"Greenspells\",\"url\":\"https:\\\/\\\/greenspells.com\\\/\",\"logo\":{\"@type\":\"ImageObject\",\"inLanguage\":\"lt-LT\",\"@id\":\"https:\\\/\\\/greenspells.com\\\/#\\\/schema\\\/logo\\\/image\\\/\",\"url\":\"https:\\\/\\\/i0.wp.com\\\/greenspells.com\\\/wp-content\\\/uploads\\\/2020\\\/09\\\/20200722_153424_0000.png?fit=1500%2C1500&ssl=1\",\"contentUrl\":\"https:\\\/\\\/i0.wp.com\\\/greenspells.com\\\/wp-content\\\/uploads\\\/2020\\\/09\\\/20200722_153424_0000.png?fit=1500%2C1500&ssl=1\",\"width\":1500,\"height\":1500,\"caption\":\"Greenspells\"},\"image\":{\"@id\":\"https:\\\/\\\/greenspells.com\\\/#\\\/schema\\\/logo\\\/image\\\/\"},\"sameAs\":[\"https:\\\/\\\/www.facebook.com\\\/Greenspells\",\"https:\\\/\\\/www.instagram.com\\\/greenspells_store\\\/\"]}]}<\/script>\n<!-- \/ Yoast SEO plugin. -->","yoast_head_json":{"title":"BIOCOS  BB kremas,  Dr\u0117kinantis, suteikia atspalv\u012f - Greenspells","description":"Nat\u016bralus atspalv\u012f suteikiantis BB kremas \u2013 \u0161velniai maskuoja odos tr\u016bkumus, \u0161vies\u0105 atspindin\u010dios dalel\u0117s suteikia nat\u016bralaus \u0161vyt\u0117jimo ir dr\u0117kina veido od\u0105. Praturtintas skvalenu, nat\u016braliais dr\u0117kinamaisiais faktoriais ir verben\u0173 hidrolatu.\u00a0","robots":{"index":"index","follow":"follow","max-snippet":"max-snippet:-1","max-image-preview":"max-image-preview:large","max-video-preview":"max-video-preview:-1"},"canonical":"https:\/\/greenspells.com\/lt\/produktas\/biocos-bb-kremas\/","og_locale":"lt_LT","og_type":"article","og_title":"BIOCOS  BB kremas,  Dr\u0117kinantis, suteikia atspalv\u012f - Greenspells","og_description":"Nat\u016bralus atspalv\u012f suteikiantis BB kremas \u2013 \u0161velniai maskuoja odos tr\u016bkumus, \u0161vies\u0105 atspindin\u010dios dalel\u0117s suteikia nat\u016bralaus \u0161vyt\u0117jimo ir dr\u0117kina veido od\u0105. Praturtintas skvalenu, nat\u016braliais dr\u0117kinamaisiais faktoriais ir verben\u0173 hidrolatu.\u00a0","og_url":"https:\/\/greenspells.com\/lt\/produktas\/biocos-bb-kremas\/","og_site_name":"Greenspells","article_publisher":"https:\/\/www.facebook.com\/Greenspells","article_modified_time":"2025-09-17T07:29:58+00:00","og_image":[{"width":600,"height":600,"url":"https:\/\/greenspells.com\/wp-content\/uploads\/2023\/03\/bb-kremas.png","type":"image\/png"}],"twitter_card":"summary_large_image","twitter_misc":{"Est. reading time":"3 minut\u0117s"},"schema":{"@context":"https:\/\/schema.org","@graph":[{"@type":"WebPage","@id":"https:\/\/greenspells.com\/product\/biocos-bb-kremas\/","url":"https:\/\/greenspells.com\/product\/biocos-bb-kremas\/","name":"BIOCOS BB kremas, Dr\u0117kinantis, suteikia atspalv\u012f - Greenspells","isPartOf":{"@id":"https:\/\/greenspells.com\/#website"},"primaryImageOfPage":{"@id":"https:\/\/greenspells.com\/product\/biocos-bb-kremas\/#primaryimage"},"image":{"@id":"https:\/\/greenspells.com\/product\/biocos-bb-kremas\/#primaryimage"},"thumbnailUrl":"https:\/\/i0.wp.com\/greenspells.com\/wp-content\/uploads\/2023\/03\/bb-kremas.png?fit=600%2C600&ssl=1","datePublished":"2023-03-22T10:00:08+00:00","dateModified":"2025-09-17T07:29:58+00:00","description":"Nat\u016bralus atspalv\u012f suteikiantis BB kremas \u2013 \u0161velniai maskuoja odos tr\u016bkumus, \u0161vies\u0105 atspindin\u010dios dalel\u0117s suteikia nat\u016bralaus \u0161vyt\u0117jimo ir dr\u0117kina veido od\u0105. Praturtintas skvalenu, nat\u016braliais dr\u0117kinamaisiais faktoriais ir verben\u0173 hidrolatu.\u00a0","breadcrumb":{"@id":"https:\/\/greenspells.com\/product\/biocos-bb-kremas\/#breadcrumb"},"inLanguage":"lt-LT","potentialAction":[{"@type":"ReadAction","target":["https:\/\/greenspells.com\/product\/biocos-bb-kremas\/"]}]},{"@type":"ImageObject","inLanguage":"lt-LT","@id":"https:\/\/greenspells.com\/product\/biocos-bb-kremas\/#primaryimage","url":"https:\/\/i0.wp.com\/greenspells.com\/wp-content\/uploads\/2023\/03\/bb-kremas.png?fit=600%2C600&ssl=1","contentUrl":"https:\/\/i0.wp.com\/greenspells.com\/wp-content\/uploads\/2023\/03\/bb-kremas.png?fit=600%2C600&ssl=1","width":600,"height":600},{"@type":"BreadcrumbList","@id":"https:\/\/greenspells.com\/product\/biocos-bb-kremas\/#breadcrumb","itemListElement":[{"@type":"ListItem","position":1,"name":"Home","item":"https:\/\/greenspells.com\/"},{"@type":"ListItem","position":2,"name":"Shop","item":"https:\/\/greenspells.com\/shop\/"},{"@type":"ListItem","position":3,"name":"BIOCOS BB kremas, Dr\u0117kinantis, suteikia atspalv\u012f"}]},{"@type":"WebSite","@id":"https:\/\/greenspells.com\/#website","url":"https:\/\/greenspells.com\/","name":"Greenspells","description":"Nat\u016brali ir ekologi\u0161ka kosmetika","publisher":{"@id":"https:\/\/greenspells.com\/#organization"},"potentialAction":[{"@type":"SearchAction","target":{"@type":"EntryPoint","urlTemplate":"https:\/\/greenspells.com\/?s={search_term_string}"},"query-input":{"@type":"PropertyValueSpecification","valueRequired":true,"valueName":"search_term_string"}}],"inLanguage":"lt-LT"},{"@type":"Organization","@id":"https:\/\/greenspells.com\/#organization","name":"Greenspells","url":"https:\/\/greenspells.com\/","logo":{"@type":"ImageObject","inLanguage":"lt-LT","@id":"https:\/\/greenspells.com\/#\/schema\/logo\/image\/","url":"https:\/\/i0.wp.com\/greenspells.com\/wp-content\/uploads\/2020\/09\/20200722_153424_0000.png?fit=1500%2C1500&ssl=1","contentUrl":"https:\/\/i0.wp.com\/greenspells.com\/wp-content\/uploads\/2020\/09\/20200722_153424_0000.png?fit=1500%2C1500&ssl=1","width":1500,"height":1500,"caption":"Greenspells"},"image":{"@id":"https:\/\/greenspells.com\/#\/schema\/logo\/image\/"},"sameAs":["https:\/\/www.facebook.com\/Greenspells","https:\/\/www.instagram.com\/greenspells_store\/"]}]}},"jetpack_likes_enabled":true,"jetpack_sharing_enabled":true,"_links":{"self":[{"href":"https:\/\/greenspells.com\/lt\/wp-json\/wp\/v2\/product\/1671946","targetHints":{"allow":["GET"]}}],"collection":[{"href":"https:\/\/greenspells.com\/lt\/wp-json\/wp\/v2\/product"}],"about":[{"href":"https:\/\/greenspells.com\/lt\/wp-json\/wp\/v2\/types\/product"}],"replies":[{"embeddable":true,"href":"https:\/\/greenspells.com\/lt\/wp-json\/wp\/v2\/comments?post=1671946"}],"wp:featuredmedia":[{"embeddable":true,"href":"https:\/\/greenspells.com\/lt\/wp-json\/wp\/v2\/media\/1671948"}],"wp:attachment":[{"href":"https:\/\/greenspells.com\/lt\/wp-json\/wp\/v2\/media?parent=1671946"}],"wp:term":[{"taxonomy":"product_brand","embeddable":true,"href":"https:\/\/greenspells.com\/lt\/wp-json\/wp\/v2\/product_brand?post=1671946"},{"taxonomy":"product_cat","embeddable":true,"href":"https:\/\/greenspells.com\/lt\/wp-json\/wp\/v2\/product_cat?post=1671946"},{"taxonomy":"product_tag","embeddable":true,"href":"https:\/\/greenspells.com\/lt\/wp-json\/wp\/v2\/product_tag?post=1671946"}],"curies":[{"name":"wp","href":"https:\/\/api.w.org\/{rel}","templated":true}]}}