{"id":1671940,"date":"2023-03-22T11:28:17","date_gmt":"2023-03-22T09:28:17","guid":{"rendered":"https:\/\/greenspells.com\/?post_type=product&#038;p=1671940"},"modified":"2025-01-08T11:12:24","modified_gmt":"2025-01-08T09:12:24","slug":"biocos-levandu-hidrolatas","status":"publish","type":"product","link":"https:\/\/greenspells.com\/lt\/produktas\/biocos-levandu-hidrolatas\/","title":{"rendered":"BIOCOS <br> Levand\u0173 hidrolatas"},"content":{"rendered":"<p>Levand\u0173 hidrolatas \u2013 nat\u016bralus odos tonikas, prausiklis, odos gaiviklis,\u00a0tinkantis tiek sausai, tiek riebiai, spuogeli\u0173 pa\u017eeistai, jautriai ir brand\u017eiai veido odai.<\/p>\n<ul>\n<li>nat\u016bralus g\u0117li\u0173 vanduo, i\u0161gautas hidrodstiliavimo b\u016bdu;<\/li>\n<li>be konservant\u0173<\/li>\n<\/ul>\n<div class=\"col-xs-12 col-md-6\" style=\"box-sizing: border-box; margin: 0px 0px 15px; padding: 0px 15px; position: relative; min-height: 1px; float: left; width: 350px; color: #666666; font-family: Jost-Regular; font-size: 14px;\">\n<div class=\"rte\" style=\"box-sizing: border-box; margin: 0px; padding: 0px; font-size: 15px; line-height: 20px; color: #000000; background: none 0px 0px repeat scroll transparent;\">\n<p style=\"box-sizing: border-box; margin-bottom: 0px; padding: 0px 0px 10px; line-height: 20px;\"><strong style=\"box-sizing: border-box;\">Botaninis pavadinimas<\/strong>:<em style=\"box-sizing: border-box; font-weight: inherit;\">\u00a0Lavendula angustifolia<\/em><\/p>\n<p style=\"box-sizing: border-box; margin-bottom: 0px; padding: 0px 0px 10px; line-height: 20px;\">Hidrolatas\u00a0\u2013 tai aromatinis vandeninis augal\u0173 ekstraktas, i\u0161gautas i\u0161 \u012fvairi\u0173 vaistini\u0173 augal\u0173\u00a0vandens ir\/arba gar\u0173 distiliavimo b\u016bdu. Tai saugi aromaterapijos priemon\u0117, nes hidrolatuose i\u0161tirpusi\u0173 eterini\u0173 aliejus kiekis yra labai ma\u017eas. Visi BIOCOS hidrolatai yra be konservant\u0173 \u2013 tik gryni, gaunami tiesiai i\u0161 augal\u0173 distiliuotoj\u0173.<\/p>\n<p style=\"box-sizing: border-box; margin-bottom: 0px; padding: 0px 0px 10px; line-height: 20px;\"><strong style=\"box-sizing: border-box;\">Kaip naudoti LEVAND\u0172 hidrolat\u0105?<\/strong><\/p>\n<ul style=\"box-sizing: border-box; margin-bottom: 0px; margin-left: 0px;\">\n<li style=\"box-sizing: border-box; margin: 0px 0px 0px 20px; padding: 0px;\">Kaip odos tonik\u0105:\u00a0levand\u0173 hidrolatas veikia kaip\u00a0universalus\u00a0tonikas, palaikantis reikiam\u0105 odos pH; nuvalykite su hidrolatu makia\u017eo ar prausiklio liku\u010dius, pasipurk\u0161kite ant veido prie\u0161 tepant krem\u0105, serum\u0105 ar aliej\u0173 \u2013 taip kosmetikos priemon\u0117 geriau \u012fsigers \u012f od\u0105, nepaliks riebumo poj\u016b\u010dio;<\/li>\n<li style=\"box-sizing: border-box; margin: 0px 0px 0px 20px; padding: 0px;\">Kaip odos dr\u0117kikl\u012f: levand\u0173 hidrolatu apipurk\u0161kite veid\u0105, nor\u0117dami sudr\u0117kinti, atgaivinti veido od\u0105. B\u016bnant\u00a0sausose patalpose\u00a0veid\u0105 ir kakl\u0105 apsipur\u0161kite levand\u0173 vandeniu kelet\u0105 kart\u0173 per dien\u0105 ir palikite nat\u016braliai nud\u017ei\u016bti. Atgaivinkite veido od\u0105 sporto treniruo\u010di\u0173 metu ar kaitinantis pirtel\u0117je.<\/li>\n<li style=\"box-sizing: border-box; margin: 0px 0px 0px 20px; padding: 0px;\">Kaip odos prausikl\u012f \u2013 jeigu i\u0161 \u010diaupo b\u0117gantis vanduo traukia, sausina od\u0105, naudokite veido odos prausimui hidrolat\u0105.<\/li>\n<li style=\"box-sizing: border-box; margin: 0px 0px 0px 20px; padding: 0px;\">Moli\u0173 kauki\u0173 gamybai: naudokite levand\u0173 hidrolat\u0105 veido kauki\u0173 su moliu gamybai.<\/li>\n<li style=\"box-sizing: border-box; margin: 0px 0px 0px 20px; padding: 0px;\">Rekomenduojame naudoti vyrams po skutimosi sudirgintai odai nuraminti.<\/li>\n<\/ul>\n<p>&nbsp;<\/p>\n<p style=\"box-sizing: border-box; margin-bottom: 0px; padding: 0px 0px 10px; line-height: 20px;\">Per am\u017eius gars\u0117ja aromaterapin\u0117s levand\u0173 savyb\u0117s. Senov\u0117s egiptie\u010diai levand\u0173 aliej\u0173 naudojo mumifikavimui bei parfumerijoje. Karalien\u0117s El\u017ebietos laikais levandos buvo pla\u010diai naudojamos patalynei, kambariams kv\u0117pinti ir gausiai pilamos \u012f vandens vonias.<\/p>\n<\/div>\n<\/div>\n<div class=\"col-xs-12 col-md-6\" style=\"box-sizing: border-box; margin: 0px; padding: 0px 15px; position: relative; min-height: 1px; float: left; width: 350px; color: #666666; font-family: Jost-Regular; font-size: 14px;\">\n<div class=\"data-sheet entry\" style=\"box-sizing: border-box; margin: 0px -15px; padding: 0px; overflow: auto;\">\n<table style=\"border-collapse: collapse; width: 350px; margin-bottom: 12px;\">\n<tbody style=\"box-sizing: border-box;\">\n<tr style=\"box-sizing: border-box; background-color: #f7f8f7;\">\n<td style=\"box-sizing: border-box; margin: 0px; padding: 6px 12px; font-family: Quicksand; font-size: 14px; line-height: 20px; color: #6c6c6c; width: 175px; min-width: 49%; border-right: 1px solid #d9ebe8;\">Sertifikavimas<\/td>\n<td style=\"box-sizing: border-box; margin: 0px; padding: 6px 12px; font-family: Quicksand; font-size: 14px; line-height: 20px; color: #6c6c6c; width: 175px; min-width: 49%;\">Neekologi\u0161kas<\/td>\n<\/tr>\n<tr style=\"box-sizing: border-box;\">\n<td style=\"box-sizing: border-box; margin: 0px; padding: 6px 12px; font-family: Quicksand; font-size: 14px; line-height: 20px; color: #6c6c6c; width: 175px; min-width: 49%; border-right: 1px solid #d9ebe8;\">I\u0161gavimo b\u016bdas<\/td>\n<td style=\"box-sizing: border-box; margin: 0px; padding: 6px 12px; font-family: Quicksand; font-size: 14px; line-height: 20px; color: #6c6c6c; width: 175px; min-width: 49%;\">Distiliavimo<\/td>\n<\/tr>\n<tr style=\"box-sizing: border-box; background-color: #f7f8f7;\">\n<td style=\"box-sizing: border-box; margin: 0px; padding: 6px 12px; font-family: Quicksand; font-size: 14px; line-height: 20px; color: #6c6c6c; width: 175px; min-width: 49%; border-right: 1px solid #d9ebe8;\">Talpa<\/td>\n<td style=\"box-sizing: border-box; margin: 0px; padding: 6px 12px; font-family: Quicksand; font-size: 14px; line-height: 20px; color: #6c6c6c; width: 175px; min-width: 49%;\">100<\/td>\n<\/tr>\n<tr style=\"box-sizing: border-box;\">\n<td style=\"box-sizing: border-box; margin: 0px; padding: 6px 12px; font-family: Quicksand; font-size: 14px; line-height: 20px; color: #6c6c6c; width: 175px; min-width: 49%; border-right: 1px solid #d9ebe8;\">Kilm\u0117s \u0161alis<\/td>\n<td style=\"box-sizing: border-box; margin: 0px; padding: 6px 12px; font-family: Quicksand; font-size: 14px; line-height: 20px; color: #6c6c6c; width: 175px; min-width: 49%;\">Pranc\u016bzija<\/td>\n<\/tr>\n<\/tbody>\n<\/table>\n<\/div>\n<div class=\"rte structure-description\" style=\"box-sizing: border-box; margin: 0px; padding: 10px 12px; font-size: 15px; line-height: 20px; color: #000000; background: none 0px 0px repeat scroll #f7f8f7;\">\n<p style=\"box-sizing: border-box; margin-bottom: 0px; padding: 0px 0px 10px; line-height: 20px;\">Ingredients: Lavendula angustifolia<\/p>\n<\/div>\n<\/div>","protected":false},"excerpt":{"rendered":"<p>Levand\u0173 hidrolatas \u2013 nat\u016bralus odos tonikas, prausiklis, odos gaiviklis,\u00a0tinkantis tiek sausai, tiek riebiai, spuogeli\u0173 pa\u017eeistai, jautriai ir brand\u017eiai veido odai. nat\u016bralus g\u0117li\u0173 vanduo, i\u0161gautas hidrodstiliavimo b\u016bdu; be konservant\u0173 Botaninis pavadinimas:\u00a0Lavendula angustifolia Hidrolatas\u00a0\u2013 tai aromatinis vandeninis augal\u0173 ekstraktas, i\u0161gautas i\u0161 \u012fvairi\u0173 vaistini\u0173 augal\u0173\u00a0vandens ir\/arba gar\u0173 distiliavimo b\u016bdu. Tai saugi aromaterapijos priemon\u0117, nes hidrolatuose i\u0161tirpusi\u0173 eterini\u0173 aliejus [&hellip;]<\/p>\n","protected":false},"featured_media":1671944,"comment_status":"open","ping_status":"closed","template":"","meta":{"content-type":"","_monsterinsights_skip_tracking":false,"_monsterinsights_sitenote_active":false,"_monsterinsights_sitenote_note":"","_monsterinsights_sitenote_category":0,"_uf_show_specific_survey":0,"_uf_disable_surveys":false},"product_brand":[1652],"product_cat":[34,173,15],"product_tag":[1507,1572,1573,1574,644],"class_list":{"0":"post-1671940","1":"product","2":"type-product","3":"status-publish","4":"has-post-thumbnail","6":"product_brand-biocos-kosmetika","7":"product_cat-skincare","8":"product_cat-toners","9":"product_cat-all-products","10":"product_tag-biocos","11":"product_tag-levandu","12":"product_tag-levandu-hidrolatas","13":"product_tag-levandu-vanduo","14":"product_tag-tonikas","16":"first","17":"instock","18":"taxable","19":"shipping-taxable","20":"purchasable","21":"product-type-simple"},"bundled_by":[],"bundle_stock_status":"instock","bundle_stock_quantity":null,"bundle_virtual":false,"bundle_layout":"","bundle_add_to_cart_form_location":"","bundle_editable_in_cart":false,"bundle_sold_individually_context":"","bundle_item_grouping":"","bundle_min_size":"","bundle_max_size":"","bundle_price":[],"bundled_items":[],"bundle_sell_ids":[],"group_of_quantity":0,"min_quantity":0,"max_quantity":"","exclude_order_quantity_value_rules":"no","exclude_category_quantity_rules":"no","combine_variations":"no","exclude_global_add_ons":[],"addons":[],"yoast_head":"<!-- This site is optimized with the Yoast SEO plugin v27.6 - https:\/\/yoast.com\/product\/yoast-seo-wordpress\/ -->\n<title>BIOCOS  Levand\u0173 hidrolatas - Greenspells<\/title>\n<meta name=\"description\" content=\"Nat\u016bralus odos tonikas, prausiklis, odos gaiviklis,\u00a0tinkantis tiek sausai, tiek riebiai, spuogeli\u0173 pa\u017eeistai, jautriai ir brand\u017eiai veido odai.\" \/>\n<meta name=\"robots\" content=\"index, follow, max-snippet:-1, max-image-preview:large, max-video-preview:-1\" \/>\n<link rel=\"canonical\" href=\"https:\/\/greenspells.com\/lt\/produktas\/biocos-levandu-hidrolatas\/\" \/>\n<meta property=\"og:locale\" content=\"lt_LT\" \/>\n<meta property=\"og:type\" content=\"article\" \/>\n<meta property=\"og:title\" content=\"BIOCOS  Levand\u0173 hidrolatas - Greenspells\" \/>\n<meta property=\"og:description\" content=\"Nat\u016bralus odos tonikas, prausiklis, odos gaiviklis,\u00a0tinkantis tiek sausai, tiek riebiai, spuogeli\u0173 pa\u017eeistai, jautriai ir brand\u017eiai veido odai.\" \/>\n<meta property=\"og:url\" content=\"https:\/\/greenspells.com\/lt\/produktas\/biocos-levandu-hidrolatas\/\" \/>\n<meta property=\"og:site_name\" content=\"Greenspells\" \/>\n<meta property=\"article:publisher\" content=\"https:\/\/www.facebook.com\/Greenspells\" \/>\n<meta property=\"article:modified_time\" content=\"2025-01-08T09:12:24+00:00\" \/>\n<meta property=\"og:image\" content=\"https:\/\/greenspells.com\/wp-content\/uploads\/2023\/03\/levand-vanduo-hidrolatas.png\" \/>\n\t<meta property=\"og:image:width\" content=\"600\" \/>\n\t<meta property=\"og:image:height\" content=\"600\" \/>\n\t<meta property=\"og:image:type\" content=\"image\/png\" \/>\n<meta name=\"twitter:card\" content=\"summary_large_image\" \/>\n<meta name=\"twitter:label1\" content=\"Est. reading time\" \/>\n\t<meta name=\"twitter:data1\" content=\"2 minut\u0117s\" \/>\n<script type=\"application\/ld+json\" class=\"yoast-schema-graph\">{\"@context\":\"https:\\\/\\\/schema.org\",\"@graph\":[{\"@type\":\"WebPage\",\"@id\":\"https:\\\/\\\/greenspells.com\\\/product\\\/biocos-levandu-hidrolatas\\\/\",\"url\":\"https:\\\/\\\/greenspells.com\\\/product\\\/biocos-levandu-hidrolatas\\\/\",\"name\":\"BIOCOS Levand\u0173 hidrolatas - Greenspells\",\"isPartOf\":{\"@id\":\"https:\\\/\\\/greenspells.com\\\/#website\"},\"primaryImageOfPage\":{\"@id\":\"https:\\\/\\\/greenspells.com\\\/product\\\/biocos-levandu-hidrolatas\\\/#primaryimage\"},\"image\":{\"@id\":\"https:\\\/\\\/greenspells.com\\\/product\\\/biocos-levandu-hidrolatas\\\/#primaryimage\"},\"thumbnailUrl\":\"https:\\\/\\\/i0.wp.com\\\/greenspells.com\\\/wp-content\\\/uploads\\\/2023\\\/03\\\/levand-vanduo-hidrolatas.png?fit=600%2C600&ssl=1\",\"datePublished\":\"2023-03-22T09:28:17+00:00\",\"dateModified\":\"2025-01-08T09:12:24+00:00\",\"description\":\"Nat\u016bralus odos tonikas, prausiklis, odos gaiviklis,\u00a0tinkantis tiek sausai, tiek riebiai, spuogeli\u0173 pa\u017eeistai, jautriai ir brand\u017eiai veido odai.\",\"breadcrumb\":{\"@id\":\"https:\\\/\\\/greenspells.com\\\/product\\\/biocos-levandu-hidrolatas\\\/#breadcrumb\"},\"inLanguage\":\"lt-LT\",\"potentialAction\":[{\"@type\":\"ReadAction\",\"target\":[\"https:\\\/\\\/greenspells.com\\\/product\\\/biocos-levandu-hidrolatas\\\/\"]}]},{\"@type\":\"ImageObject\",\"inLanguage\":\"lt-LT\",\"@id\":\"https:\\\/\\\/greenspells.com\\\/product\\\/biocos-levandu-hidrolatas\\\/#primaryimage\",\"url\":\"https:\\\/\\\/i0.wp.com\\\/greenspells.com\\\/wp-content\\\/uploads\\\/2023\\\/03\\\/levand-vanduo-hidrolatas.png?fit=600%2C600&ssl=1\",\"contentUrl\":\"https:\\\/\\\/i0.wp.com\\\/greenspells.com\\\/wp-content\\\/uploads\\\/2023\\\/03\\\/levand-vanduo-hidrolatas.png?fit=600%2C600&ssl=1\",\"width\":600,\"height\":600},{\"@type\":\"BreadcrumbList\",\"@id\":\"https:\\\/\\\/greenspells.com\\\/product\\\/biocos-levandu-hidrolatas\\\/#breadcrumb\",\"itemListElement\":[{\"@type\":\"ListItem\",\"position\":1,\"name\":\"Home\",\"item\":\"https:\\\/\\\/greenspells.com\\\/\"},{\"@type\":\"ListItem\",\"position\":2,\"name\":\"Shop\",\"item\":\"https:\\\/\\\/greenspells.com\\\/shop\\\/\"},{\"@type\":\"ListItem\",\"position\":3,\"name\":\"BIOCOS Levand\u0173 hidrolatas\"}]},{\"@type\":\"WebSite\",\"@id\":\"https:\\\/\\\/greenspells.com\\\/#website\",\"url\":\"https:\\\/\\\/greenspells.com\\\/\",\"name\":\"Greenspells\",\"description\":\"Nat\u016brali ir ekologi\u0161ka kosmetika\",\"publisher\":{\"@id\":\"https:\\\/\\\/greenspells.com\\\/#organization\"},\"potentialAction\":[{\"@type\":\"SearchAction\",\"target\":{\"@type\":\"EntryPoint\",\"urlTemplate\":\"https:\\\/\\\/greenspells.com\\\/?s={search_term_string}\"},\"query-input\":{\"@type\":\"PropertyValueSpecification\",\"valueRequired\":true,\"valueName\":\"search_term_string\"}}],\"inLanguage\":\"lt-LT\"},{\"@type\":\"Organization\",\"@id\":\"https:\\\/\\\/greenspells.com\\\/#organization\",\"name\":\"Greenspells\",\"url\":\"https:\\\/\\\/greenspells.com\\\/\",\"logo\":{\"@type\":\"ImageObject\",\"inLanguage\":\"lt-LT\",\"@id\":\"https:\\\/\\\/greenspells.com\\\/#\\\/schema\\\/logo\\\/image\\\/\",\"url\":\"https:\\\/\\\/i0.wp.com\\\/greenspells.com\\\/wp-content\\\/uploads\\\/2020\\\/09\\\/20200722_153424_0000.png?fit=1500%2C1500&ssl=1\",\"contentUrl\":\"https:\\\/\\\/i0.wp.com\\\/greenspells.com\\\/wp-content\\\/uploads\\\/2020\\\/09\\\/20200722_153424_0000.png?fit=1500%2C1500&ssl=1\",\"width\":1500,\"height\":1500,\"caption\":\"Greenspells\"},\"image\":{\"@id\":\"https:\\\/\\\/greenspells.com\\\/#\\\/schema\\\/logo\\\/image\\\/\"},\"sameAs\":[\"https:\\\/\\\/www.facebook.com\\\/Greenspells\",\"https:\\\/\\\/www.instagram.com\\\/greenspells_store\\\/\"]}]}<\/script>\n<!-- \/ Yoast SEO plugin. -->","yoast_head_json":{"title":"BIOCOS  Levand\u0173 hidrolatas - Greenspells","description":"Nat\u016bralus odos tonikas, prausiklis, odos gaiviklis,\u00a0tinkantis tiek sausai, tiek riebiai, spuogeli\u0173 pa\u017eeistai, jautriai ir brand\u017eiai veido odai.","robots":{"index":"index","follow":"follow","max-snippet":"max-snippet:-1","max-image-preview":"max-image-preview:large","max-video-preview":"max-video-preview:-1"},"canonical":"https:\/\/greenspells.com\/lt\/produktas\/biocos-levandu-hidrolatas\/","og_locale":"lt_LT","og_type":"article","og_title":"BIOCOS  Levand\u0173 hidrolatas - Greenspells","og_description":"Nat\u016bralus odos tonikas, prausiklis, odos gaiviklis,\u00a0tinkantis tiek sausai, tiek riebiai, spuogeli\u0173 pa\u017eeistai, jautriai ir brand\u017eiai veido odai.","og_url":"https:\/\/greenspells.com\/lt\/produktas\/biocos-levandu-hidrolatas\/","og_site_name":"Greenspells","article_publisher":"https:\/\/www.facebook.com\/Greenspells","article_modified_time":"2025-01-08T09:12:24+00:00","og_image":[{"width":600,"height":600,"url":"https:\/\/greenspells.com\/wp-content\/uploads\/2023\/03\/levand-vanduo-hidrolatas.png","type":"image\/png"}],"twitter_card":"summary_large_image","twitter_misc":{"Est. reading time":"2 minut\u0117s"},"schema":{"@context":"https:\/\/schema.org","@graph":[{"@type":"WebPage","@id":"https:\/\/greenspells.com\/product\/biocos-levandu-hidrolatas\/","url":"https:\/\/greenspells.com\/product\/biocos-levandu-hidrolatas\/","name":"BIOCOS Levand\u0173 hidrolatas - Greenspells","isPartOf":{"@id":"https:\/\/greenspells.com\/#website"},"primaryImageOfPage":{"@id":"https:\/\/greenspells.com\/product\/biocos-levandu-hidrolatas\/#primaryimage"},"image":{"@id":"https:\/\/greenspells.com\/product\/biocos-levandu-hidrolatas\/#primaryimage"},"thumbnailUrl":"https:\/\/i0.wp.com\/greenspells.com\/wp-content\/uploads\/2023\/03\/levand-vanduo-hidrolatas.png?fit=600%2C600&ssl=1","datePublished":"2023-03-22T09:28:17+00:00","dateModified":"2025-01-08T09:12:24+00:00","description":"Nat\u016bralus odos tonikas, prausiklis, odos gaiviklis,\u00a0tinkantis tiek sausai, tiek riebiai, spuogeli\u0173 pa\u017eeistai, jautriai ir brand\u017eiai veido odai.","breadcrumb":{"@id":"https:\/\/greenspells.com\/product\/biocos-levandu-hidrolatas\/#breadcrumb"},"inLanguage":"lt-LT","potentialAction":[{"@type":"ReadAction","target":["https:\/\/greenspells.com\/product\/biocos-levandu-hidrolatas\/"]}]},{"@type":"ImageObject","inLanguage":"lt-LT","@id":"https:\/\/greenspells.com\/product\/biocos-levandu-hidrolatas\/#primaryimage","url":"https:\/\/i0.wp.com\/greenspells.com\/wp-content\/uploads\/2023\/03\/levand-vanduo-hidrolatas.png?fit=600%2C600&ssl=1","contentUrl":"https:\/\/i0.wp.com\/greenspells.com\/wp-content\/uploads\/2023\/03\/levand-vanduo-hidrolatas.png?fit=600%2C600&ssl=1","width":600,"height":600},{"@type":"BreadcrumbList","@id":"https:\/\/greenspells.com\/product\/biocos-levandu-hidrolatas\/#breadcrumb","itemListElement":[{"@type":"ListItem","position":1,"name":"Home","item":"https:\/\/greenspells.com\/"},{"@type":"ListItem","position":2,"name":"Shop","item":"https:\/\/greenspells.com\/shop\/"},{"@type":"ListItem","position":3,"name":"BIOCOS Levand\u0173 hidrolatas"}]},{"@type":"WebSite","@id":"https:\/\/greenspells.com\/#website","url":"https:\/\/greenspells.com\/","name":"Greenspells","description":"Nat\u016brali ir ekologi\u0161ka kosmetika","publisher":{"@id":"https:\/\/greenspells.com\/#organization"},"potentialAction":[{"@type":"SearchAction","target":{"@type":"EntryPoint","urlTemplate":"https:\/\/greenspells.com\/?s={search_term_string}"},"query-input":{"@type":"PropertyValueSpecification","valueRequired":true,"valueName":"search_term_string"}}],"inLanguage":"lt-LT"},{"@type":"Organization","@id":"https:\/\/greenspells.com\/#organization","name":"Greenspells","url":"https:\/\/greenspells.com\/","logo":{"@type":"ImageObject","inLanguage":"lt-LT","@id":"https:\/\/greenspells.com\/#\/schema\/logo\/image\/","url":"https:\/\/i0.wp.com\/greenspells.com\/wp-content\/uploads\/2020\/09\/20200722_153424_0000.png?fit=1500%2C1500&ssl=1","contentUrl":"https:\/\/i0.wp.com\/greenspells.com\/wp-content\/uploads\/2020\/09\/20200722_153424_0000.png?fit=1500%2C1500&ssl=1","width":1500,"height":1500,"caption":"Greenspells"},"image":{"@id":"https:\/\/greenspells.com\/#\/schema\/logo\/image\/"},"sameAs":["https:\/\/www.facebook.com\/Greenspells","https:\/\/www.instagram.com\/greenspells_store\/"]}]}},"jetpack_likes_enabled":true,"jetpack_sharing_enabled":true,"_links":{"self":[{"href":"https:\/\/greenspells.com\/lt\/wp-json\/wp\/v2\/product\/1671940","targetHints":{"allow":["GET"]}}],"collection":[{"href":"https:\/\/greenspells.com\/lt\/wp-json\/wp\/v2\/product"}],"about":[{"href":"https:\/\/greenspells.com\/lt\/wp-json\/wp\/v2\/types\/product"}],"replies":[{"embeddable":true,"href":"https:\/\/greenspells.com\/lt\/wp-json\/wp\/v2\/comments?post=1671940"}],"wp:featuredmedia":[{"embeddable":true,"href":"https:\/\/greenspells.com\/lt\/wp-json\/wp\/v2\/media\/1671944"}],"wp:attachment":[{"href":"https:\/\/greenspells.com\/lt\/wp-json\/wp\/v2\/media?parent=1671940"}],"wp:term":[{"taxonomy":"product_brand","embeddable":true,"href":"https:\/\/greenspells.com\/lt\/wp-json\/wp\/v2\/product_brand?post=1671940"},{"taxonomy":"product_cat","embeddable":true,"href":"https:\/\/greenspells.com\/lt\/wp-json\/wp\/v2\/product_cat?post=1671940"},{"taxonomy":"product_tag","embeddable":true,"href":"https:\/\/greenspells.com\/lt\/wp-json\/wp\/v2\/product_tag?post=1671940"}],"curies":[{"name":"wp","href":"https:\/\/api.w.org\/{rel}","templated":true}]}}