{"id":1671936,"date":"2023-03-22T11:21:41","date_gmt":"2023-03-22T09:21:41","guid":{"rendered":"https:\/\/greenspells.com\/?post_type=product&#038;p=1671936"},"modified":"2025-01-08T11:14:15","modified_gmt":"2025-01-08T09:14:15","slug":"biocos-citrininiu-verbenu-hidrolatas-ekologiskas","status":"publish","type":"product","link":"https:\/\/greenspells.com\/lt\/produktas\/biocos-citrininiu-verbenu-hidrolatas-ekologiskas\/","title":{"rendered":"BIOCOS <br> Citrinini\u0173 verben\u0173 hidrolatas, <br> ekologi\u0161kas"},"content":{"rendered":"<p>Gaivaus, citrusinio kvapo su medaus ir \u017eoleli\u0173 pustoniais. Hidrolatas rekomenduojamas brand\u017eios, sausos ir normalios\u00a0odos prie\u017ei\u016brai.\u00a0Problemin\u0119 ar pa\u017eeist\u0105 od\u0105 hidrolatas veikia valan\u010diai ir dr\u0117kinan\u010diai.<\/p>\n<div class=\"col-xs-12 col-md-6\" style=\"box-sizing: border-box; margin: 0px 0px 15px; padding: 0px 15px; position: relative; min-height: 1px; float: left; width: 350px; color: #666666; font-family: Jost-Regular; font-size: 14px;\">\n<div class=\"rte\" style=\"box-sizing: border-box; margin: 0px; padding: 0px; font-size: 15px; line-height: 20px; color: #000000; background: none 0px 0px repeat scroll transparent;\">\n<p style=\"box-sizing: border-box; margin-bottom: 0px; padding: 0px 0px 10px; line-height: 20px;\">Bot.\u00a0<i style=\"box-sizing: border-box;\">Lippia citriodora<\/i><\/p>\n<p style=\"box-sizing: border-box; margin-bottom: 0px; padding: 0px 0px 10px; line-height: 20px;\">Kilm\u0117s \u0161alis: Pranc\u016bzija<\/p>\n<p style=\"box-sizing: border-box; margin-bottom: 0px; padding: 0px 0px 10px; line-height: 20px;\">Sertifikuotas<\/p>\n<p style=\"box-sizing: border-box; margin-bottom: 0px; padding: 0px 0px 10px; line-height: 20px;\">\u00a0<img data-recalc-dims=\"1\" loading=\"lazy\" decoding=\"async\" style=\"box-sizing: border-box; border: 0px;\" src=\"https:\/\/i0.wp.com\/biocos.lt\/img\/cms\/eko-hidrolatai.JPG?resize=438%2C68&#038;ssl=1\" alt=\"eko\" width=\"438\" height=\"68\" \/><\/p>\n<p style=\"box-sizing: border-box; margin-bottom: 0px; padding: 0px 0px 10px; line-height: 20px;\">Hidrolatas (g\u0117li\u0173 vanduo) &#8211; nat\u016bralus tonikas, prausiklis, odos gaiviklis.<\/p>\n<p style=\"box-sizing: border-box; margin-bottom: 0px; padding: 0px 0px 10px; line-height: 20px;\">\n<p style=\"box-sizing: border-box; margin-bottom: 0px; padding: 0px 0px 10px; line-height: 20px;\">Verben\u0173 hidrolatas distiliuojamas i\u0161 citrinini\u0173 verben\u0173 lap\u0173. Gaivaus, citrusinio kvapo su medaus ir \u017eoleli\u0173 pustoniais hidrolatas rekomenduojamas brand\u017eios, sausos ir normalios\u00a0odos prie\u017ei\u016brai. Vertinamas d\u0117l veido ir kaklo od\u0105 stangrinan\u010di\u0173, jauninan\u010di\u0173, gr\u0105\u017einan\u010di\u0173 odai skaistum\u0105 savybi\u0173.\u00a0Problemin\u0119 ar pa\u017eeist\u0105 od\u0105 hidrolatas veikia valan\u010diai ir dr\u0117kinan\u010diai.<\/p>\n<p style=\"box-sizing: border-box; margin-bottom: 0px; padding: 0px 0px 10px; line-height: 20px;\">Verben\u0173 kvapas veikia raminan\u010diai, atpalaiduojan\u010diai.<\/p>\n<p style=\"box-sizing: border-box; margin-bottom: 0px; padding: 0px 0px 10px; line-height: 20px;\">Verbenos atgaivina pavargusias akis.<\/p>\n<p style=\"box-sizing: border-box; margin-bottom: 0px; padding: 0px 0px 10px; line-height: 20px;\">Be konservant\u0173!<\/p>\n<p style=\"box-sizing: border-box; margin-bottom: 0px; padding: 0px 0px 10px; line-height: 20px;\">\n<p style=\"box-sizing: border-box; margin-bottom: 0px; padding: 0px 0px 10px; line-height: 20px;\"><strong style=\"box-sizing: border-box;\">Naudojimas<\/strong>:<\/p>\n<p style=\"box-sizing: border-box; margin-bottom: 0px; padding: 0px 0px 10px; line-height: 20px;\">Galima naudoti kaip veido tonik\u0105, prausikl\u012f, daryti veido kaukes, skalauti plaukus, \u012fsipilti \u012f vandens vonias, gaminti veido kremus ar losjonus. Pasipurk\u0161ti prie\u0161 tepant nat\u016bral\u0173 veido krem\u0105 ar aliej\u0173. Naudojamas bet kuriuo paros metu, ypa\u010d reikalingas vasar\u0105.<\/p>\n<p style=\"box-sizing: border-box; margin-bottom: 0px; padding: 0px 0px 10px; line-height: 20px;\">\n<p style=\"box-sizing: border-box; margin-bottom: 0px; padding: 0px 0px 10px; line-height: 20px;\">\n<p style=\"box-sizing: border-box; margin-bottom: 0px; padding: 0px 0px 10px; line-height: 20px;\">\n<\/div>\n<\/div>\n<div class=\"col-xs-12 col-md-6\" style=\"box-sizing: border-box; margin: 0px; padding: 0px 15px; position: relative; min-height: 1px; float: left; width: 350px; color: #666666; font-family: Jost-Regular; font-size: 14px;\">\n<div class=\"data-sheet entry\" style=\"box-sizing: border-box; margin: 0px -15px; padding: 0px; overflow: auto;\">\n<table style=\"border-collapse: collapse; width: 350px; margin-bottom: 12px;\">\n<tbody style=\"box-sizing: border-box;\">\n<tr style=\"box-sizing: border-box; background-color: #f7f8f7;\">\n<td style=\"box-sizing: border-box; margin: 0px; padding: 6px 12px; font-family: Quicksand; font-size: 14px; line-height: 20px; color: #6c6c6c; width: 175px; min-width: 49%; border-right: 1px solid #d9ebe8;\">Talpa<\/td>\n<td style=\"box-sizing: border-box; margin: 0px; padding: 6px 12px; font-family: Quicksand; font-size: 14px; line-height: 20px; color: #6c6c6c; width: 175px; min-width: 49%;\">100<\/td>\n<\/tr>\n<\/tbody>\n<\/table>\n<\/div>\n<\/div>","protected":false},"excerpt":{"rendered":"<p>Gaivaus, citrusinio kvapo su medaus ir \u017eoleli\u0173 pustoniais. Hidrolatas rekomenduojamas brand\u017eios, sausos ir normalios\u00a0odos prie\u017ei\u016brai.\u00a0Problemin\u0119 ar pa\u017eeist\u0105 od\u0105 hidrolatas veikia valan\u010diai ir dr\u0117kinan\u010diai. Bot.\u00a0Lippia citriodora Kilm\u0117s \u0161alis: Pranc\u016bzija Sertifikuotas \u00a0 Hidrolatas (g\u0117li\u0173 vanduo) &#8211; nat\u016bralus tonikas, prausiklis, odos gaiviklis. Verben\u0173 hidrolatas distiliuojamas i\u0161 citrinini\u0173 verben\u0173 lap\u0173. Gaivaus, citrusinio kvapo su medaus ir \u017eoleli\u0173 pustoniais hidrolatas [&hellip;]<\/p>\n","protected":false},"featured_media":1671939,"comment_status":"open","ping_status":"closed","template":"","meta":{"content-type":"","_monsterinsights_skip_tracking":false,"_monsterinsights_sitenote_active":false,"_monsterinsights_sitenote_note":"","_monsterinsights_sitenote_category":0,"_uf_show_specific_survey":0,"_uf_disable_surveys":false},"product_brand":[1652],"product_cat":[34,173,15],"product_tag":[1507,904,841,461,644,1571],"class_list":{"0":"post-1671936","1":"product","2":"type-product","3":"status-publish","4":"has-post-thumbnail","6":"product_brand-biocos-kosmetika","7":"product_cat-skincare","8":"product_cat-toners","9":"product_cat-all-products","10":"product_tag-biocos","11":"product_tag-brandziai-odai","12":"product_tag-hidrolatas","13":"product_tag-naturali-kosmetika","14":"product_tag-tonikas","15":"product_tag-verbenu-hidrolatas","17":"first","18":"instock","19":"taxable","20":"shipping-taxable","21":"purchasable","22":"product-type-simple"},"bundled_by":[],"bundle_stock_status":"instock","bundle_stock_quantity":null,"bundle_virtual":false,"bundle_layout":"","bundle_add_to_cart_form_location":"","bundle_editable_in_cart":false,"bundle_sold_individually_context":"","bundle_item_grouping":"","bundle_min_size":"","bundle_max_size":"","bundle_price":[],"bundled_items":[],"bundle_sell_ids":[],"group_of_quantity":0,"min_quantity":0,"max_quantity":"","exclude_order_quantity_value_rules":"no","exclude_category_quantity_rules":"no","combine_variations":"no","exclude_global_add_ons":[],"addons":[],"yoast_head":"<!-- This site is optimized with the Yoast SEO plugin v27.6 - https:\/\/yoast.com\/product\/yoast-seo-wordpress\/ -->\n<title>BIOCOS  Citrinini\u0173 verben\u0173 hidrolatas,  ekologi\u0161kas - Greenspells<\/title>\n<meta name=\"description\" content=\"Gaivaus, citrusinio kvapo su medaus ir \u017eoleli\u0173 pustoniais. Rekomenduojamas brand\u017eios, sausos ir normalios\u00a0odos prie\u017ei\u016brai.\u00a0\" \/>\n<meta name=\"robots\" content=\"index, follow, max-snippet:-1, max-image-preview:large, max-video-preview:-1\" \/>\n<link rel=\"canonical\" href=\"https:\/\/greenspells.com\/lt\/produktas\/biocos-citrininiu-verbenu-hidrolatas-ekologiskas\/\" \/>\n<meta property=\"og:locale\" content=\"lt_LT\" \/>\n<meta property=\"og:type\" content=\"article\" \/>\n<meta property=\"og:title\" content=\"BIOCOS  Citrinini\u0173 verben\u0173 hidrolatas,  ekologi\u0161kas - Greenspells\" \/>\n<meta property=\"og:description\" content=\"Gaivaus, citrusinio kvapo su medaus ir \u017eoleli\u0173 pustoniais. Rekomenduojamas brand\u017eios, sausos ir normalios\u00a0odos prie\u017ei\u016brai.\u00a0\" \/>\n<meta property=\"og:url\" content=\"https:\/\/greenspells.com\/lt\/produktas\/biocos-citrininiu-verbenu-hidrolatas-ekologiskas\/\" \/>\n<meta property=\"og:site_name\" content=\"Greenspells\" \/>\n<meta property=\"article:publisher\" content=\"https:\/\/www.facebook.com\/Greenspells\" \/>\n<meta property=\"article:modified_time\" content=\"2025-01-08T09:14:15+00:00\" \/>\n<meta property=\"og:image\" content=\"https:\/\/greenspells.com\/wp-content\/uploads\/2023\/03\/ekologiskas-verbenu-hidrolatas.png\" \/>\n\t<meta property=\"og:image:width\" content=\"600\" \/>\n\t<meta property=\"og:image:height\" content=\"600\" \/>\n\t<meta property=\"og:image:type\" content=\"image\/png\" \/>\n<meta name=\"twitter:card\" content=\"summary_large_image\" \/>\n<meta name=\"twitter:label1\" content=\"Est. reading time\" \/>\n\t<meta name=\"twitter:data1\" content=\"1 minut\u0117\" \/>\n<script type=\"application\/ld+json\" class=\"yoast-schema-graph\">{\"@context\":\"https:\\\/\\\/schema.org\",\"@graph\":[{\"@type\":\"WebPage\",\"@id\":\"https:\\\/\\\/greenspells.com\\\/product\\\/biocos-citrininiu-verbenu-hidrolatas-ekologiskas\\\/\",\"url\":\"https:\\\/\\\/greenspells.com\\\/product\\\/biocos-citrininiu-verbenu-hidrolatas-ekologiskas\\\/\",\"name\":\"BIOCOS Citrinini\u0173 verben\u0173 hidrolatas, ekologi\u0161kas - Greenspells\",\"isPartOf\":{\"@id\":\"https:\\\/\\\/greenspells.com\\\/#website\"},\"primaryImageOfPage\":{\"@id\":\"https:\\\/\\\/greenspells.com\\\/product\\\/biocos-citrininiu-verbenu-hidrolatas-ekologiskas\\\/#primaryimage\"},\"image\":{\"@id\":\"https:\\\/\\\/greenspells.com\\\/product\\\/biocos-citrininiu-verbenu-hidrolatas-ekologiskas\\\/#primaryimage\"},\"thumbnailUrl\":\"https:\\\/\\\/i0.wp.com\\\/greenspells.com\\\/wp-content\\\/uploads\\\/2023\\\/03\\\/ekologiskas-verbenu-hidrolatas.png?fit=600%2C600&ssl=1\",\"datePublished\":\"2023-03-22T09:21:41+00:00\",\"dateModified\":\"2025-01-08T09:14:15+00:00\",\"description\":\"Gaivaus, citrusinio kvapo su medaus ir \u017eoleli\u0173 pustoniais. Rekomenduojamas brand\u017eios, sausos ir normalios\u00a0odos prie\u017ei\u016brai.\u00a0\",\"breadcrumb\":{\"@id\":\"https:\\\/\\\/greenspells.com\\\/product\\\/biocos-citrininiu-verbenu-hidrolatas-ekologiskas\\\/#breadcrumb\"},\"inLanguage\":\"lt-LT\",\"potentialAction\":[{\"@type\":\"ReadAction\",\"target\":[\"https:\\\/\\\/greenspells.com\\\/product\\\/biocos-citrininiu-verbenu-hidrolatas-ekologiskas\\\/\"]}]},{\"@type\":\"ImageObject\",\"inLanguage\":\"lt-LT\",\"@id\":\"https:\\\/\\\/greenspells.com\\\/product\\\/biocos-citrininiu-verbenu-hidrolatas-ekologiskas\\\/#primaryimage\",\"url\":\"https:\\\/\\\/i0.wp.com\\\/greenspells.com\\\/wp-content\\\/uploads\\\/2023\\\/03\\\/ekologiskas-verbenu-hidrolatas.png?fit=600%2C600&ssl=1\",\"contentUrl\":\"https:\\\/\\\/i0.wp.com\\\/greenspells.com\\\/wp-content\\\/uploads\\\/2023\\\/03\\\/ekologiskas-verbenu-hidrolatas.png?fit=600%2C600&ssl=1\",\"width\":600,\"height\":600},{\"@type\":\"BreadcrumbList\",\"@id\":\"https:\\\/\\\/greenspells.com\\\/product\\\/biocos-citrininiu-verbenu-hidrolatas-ekologiskas\\\/#breadcrumb\",\"itemListElement\":[{\"@type\":\"ListItem\",\"position\":1,\"name\":\"Home\",\"item\":\"https:\\\/\\\/greenspells.com\\\/\"},{\"@type\":\"ListItem\",\"position\":2,\"name\":\"Shop\",\"item\":\"https:\\\/\\\/greenspells.com\\\/shop\\\/\"},{\"@type\":\"ListItem\",\"position\":3,\"name\":\"BIOCOS Citrinini\u0173 verben\u0173 hidrolatas, ekologi\u0161kas\"}]},{\"@type\":\"WebSite\",\"@id\":\"https:\\\/\\\/greenspells.com\\\/#website\",\"url\":\"https:\\\/\\\/greenspells.com\\\/\",\"name\":\"Greenspells\",\"description\":\"Nat\u016brali ir ekologi\u0161ka kosmetika\",\"publisher\":{\"@id\":\"https:\\\/\\\/greenspells.com\\\/#organization\"},\"potentialAction\":[{\"@type\":\"SearchAction\",\"target\":{\"@type\":\"EntryPoint\",\"urlTemplate\":\"https:\\\/\\\/greenspells.com\\\/?s={search_term_string}\"},\"query-input\":{\"@type\":\"PropertyValueSpecification\",\"valueRequired\":true,\"valueName\":\"search_term_string\"}}],\"inLanguage\":\"lt-LT\"},{\"@type\":\"Organization\",\"@id\":\"https:\\\/\\\/greenspells.com\\\/#organization\",\"name\":\"Greenspells\",\"url\":\"https:\\\/\\\/greenspells.com\\\/\",\"logo\":{\"@type\":\"ImageObject\",\"inLanguage\":\"lt-LT\",\"@id\":\"https:\\\/\\\/greenspells.com\\\/#\\\/schema\\\/logo\\\/image\\\/\",\"url\":\"https:\\\/\\\/i0.wp.com\\\/greenspells.com\\\/wp-content\\\/uploads\\\/2020\\\/09\\\/20200722_153424_0000.png?fit=1500%2C1500&ssl=1\",\"contentUrl\":\"https:\\\/\\\/i0.wp.com\\\/greenspells.com\\\/wp-content\\\/uploads\\\/2020\\\/09\\\/20200722_153424_0000.png?fit=1500%2C1500&ssl=1\",\"width\":1500,\"height\":1500,\"caption\":\"Greenspells\"},\"image\":{\"@id\":\"https:\\\/\\\/greenspells.com\\\/#\\\/schema\\\/logo\\\/image\\\/\"},\"sameAs\":[\"https:\\\/\\\/www.facebook.com\\\/Greenspells\",\"https:\\\/\\\/www.instagram.com\\\/greenspells_store\\\/\"]}]}<\/script>\n<!-- \/ Yoast SEO plugin. -->","yoast_head_json":{"title":"BIOCOS  Citrinini\u0173 verben\u0173 hidrolatas,  ekologi\u0161kas - Greenspells","description":"Gaivaus, citrusinio kvapo su medaus ir \u017eoleli\u0173 pustoniais. Rekomenduojamas brand\u017eios, sausos ir normalios\u00a0odos prie\u017ei\u016brai.\u00a0","robots":{"index":"index","follow":"follow","max-snippet":"max-snippet:-1","max-image-preview":"max-image-preview:large","max-video-preview":"max-video-preview:-1"},"canonical":"https:\/\/greenspells.com\/lt\/produktas\/biocos-citrininiu-verbenu-hidrolatas-ekologiskas\/","og_locale":"lt_LT","og_type":"article","og_title":"BIOCOS  Citrinini\u0173 verben\u0173 hidrolatas,  ekologi\u0161kas - Greenspells","og_description":"Gaivaus, citrusinio kvapo su medaus ir \u017eoleli\u0173 pustoniais. Rekomenduojamas brand\u017eios, sausos ir normalios\u00a0odos prie\u017ei\u016brai.\u00a0","og_url":"https:\/\/greenspells.com\/lt\/produktas\/biocos-citrininiu-verbenu-hidrolatas-ekologiskas\/","og_site_name":"Greenspells","article_publisher":"https:\/\/www.facebook.com\/Greenspells","article_modified_time":"2025-01-08T09:14:15+00:00","og_image":[{"width":600,"height":600,"url":"https:\/\/greenspells.com\/wp-content\/uploads\/2023\/03\/ekologiskas-verbenu-hidrolatas.png","type":"image\/png"}],"twitter_card":"summary_large_image","twitter_misc":{"Est. reading time":"1 minut\u0117"},"schema":{"@context":"https:\/\/schema.org","@graph":[{"@type":"WebPage","@id":"https:\/\/greenspells.com\/product\/biocos-citrininiu-verbenu-hidrolatas-ekologiskas\/","url":"https:\/\/greenspells.com\/product\/biocos-citrininiu-verbenu-hidrolatas-ekologiskas\/","name":"BIOCOS Citrinini\u0173 verben\u0173 hidrolatas, ekologi\u0161kas - Greenspells","isPartOf":{"@id":"https:\/\/greenspells.com\/#website"},"primaryImageOfPage":{"@id":"https:\/\/greenspells.com\/product\/biocos-citrininiu-verbenu-hidrolatas-ekologiskas\/#primaryimage"},"image":{"@id":"https:\/\/greenspells.com\/product\/biocos-citrininiu-verbenu-hidrolatas-ekologiskas\/#primaryimage"},"thumbnailUrl":"https:\/\/i0.wp.com\/greenspells.com\/wp-content\/uploads\/2023\/03\/ekologiskas-verbenu-hidrolatas.png?fit=600%2C600&ssl=1","datePublished":"2023-03-22T09:21:41+00:00","dateModified":"2025-01-08T09:14:15+00:00","description":"Gaivaus, citrusinio kvapo su medaus ir \u017eoleli\u0173 pustoniais. Rekomenduojamas brand\u017eios, sausos ir normalios\u00a0odos prie\u017ei\u016brai.\u00a0","breadcrumb":{"@id":"https:\/\/greenspells.com\/product\/biocos-citrininiu-verbenu-hidrolatas-ekologiskas\/#breadcrumb"},"inLanguage":"lt-LT","potentialAction":[{"@type":"ReadAction","target":["https:\/\/greenspells.com\/product\/biocos-citrininiu-verbenu-hidrolatas-ekologiskas\/"]}]},{"@type":"ImageObject","inLanguage":"lt-LT","@id":"https:\/\/greenspells.com\/product\/biocos-citrininiu-verbenu-hidrolatas-ekologiskas\/#primaryimage","url":"https:\/\/i0.wp.com\/greenspells.com\/wp-content\/uploads\/2023\/03\/ekologiskas-verbenu-hidrolatas.png?fit=600%2C600&ssl=1","contentUrl":"https:\/\/i0.wp.com\/greenspells.com\/wp-content\/uploads\/2023\/03\/ekologiskas-verbenu-hidrolatas.png?fit=600%2C600&ssl=1","width":600,"height":600},{"@type":"BreadcrumbList","@id":"https:\/\/greenspells.com\/product\/biocos-citrininiu-verbenu-hidrolatas-ekologiskas\/#breadcrumb","itemListElement":[{"@type":"ListItem","position":1,"name":"Home","item":"https:\/\/greenspells.com\/"},{"@type":"ListItem","position":2,"name":"Shop","item":"https:\/\/greenspells.com\/shop\/"},{"@type":"ListItem","position":3,"name":"BIOCOS Citrinini\u0173 verben\u0173 hidrolatas, ekologi\u0161kas"}]},{"@type":"WebSite","@id":"https:\/\/greenspells.com\/#website","url":"https:\/\/greenspells.com\/","name":"Greenspells","description":"Nat\u016brali ir ekologi\u0161ka kosmetika","publisher":{"@id":"https:\/\/greenspells.com\/#organization"},"potentialAction":[{"@type":"SearchAction","target":{"@type":"EntryPoint","urlTemplate":"https:\/\/greenspells.com\/?s={search_term_string}"},"query-input":{"@type":"PropertyValueSpecification","valueRequired":true,"valueName":"search_term_string"}}],"inLanguage":"lt-LT"},{"@type":"Organization","@id":"https:\/\/greenspells.com\/#organization","name":"Greenspells","url":"https:\/\/greenspells.com\/","logo":{"@type":"ImageObject","inLanguage":"lt-LT","@id":"https:\/\/greenspells.com\/#\/schema\/logo\/image\/","url":"https:\/\/i0.wp.com\/greenspells.com\/wp-content\/uploads\/2020\/09\/20200722_153424_0000.png?fit=1500%2C1500&ssl=1","contentUrl":"https:\/\/i0.wp.com\/greenspells.com\/wp-content\/uploads\/2020\/09\/20200722_153424_0000.png?fit=1500%2C1500&ssl=1","width":1500,"height":1500,"caption":"Greenspells"},"image":{"@id":"https:\/\/greenspells.com\/#\/schema\/logo\/image\/"},"sameAs":["https:\/\/www.facebook.com\/Greenspells","https:\/\/www.instagram.com\/greenspells_store\/"]}]}},"jetpack_likes_enabled":true,"jetpack_sharing_enabled":true,"_links":{"self":[{"href":"https:\/\/greenspells.com\/lt\/wp-json\/wp\/v2\/product\/1671936","targetHints":{"allow":["GET"]}}],"collection":[{"href":"https:\/\/greenspells.com\/lt\/wp-json\/wp\/v2\/product"}],"about":[{"href":"https:\/\/greenspells.com\/lt\/wp-json\/wp\/v2\/types\/product"}],"replies":[{"embeddable":true,"href":"https:\/\/greenspells.com\/lt\/wp-json\/wp\/v2\/comments?post=1671936"}],"wp:featuredmedia":[{"embeddable":true,"href":"https:\/\/greenspells.com\/lt\/wp-json\/wp\/v2\/media\/1671939"}],"wp:attachment":[{"href":"https:\/\/greenspells.com\/lt\/wp-json\/wp\/v2\/media?parent=1671936"}],"wp:term":[{"taxonomy":"product_brand","embeddable":true,"href":"https:\/\/greenspells.com\/lt\/wp-json\/wp\/v2\/product_brand?post=1671936"},{"taxonomy":"product_cat","embeddable":true,"href":"https:\/\/greenspells.com\/lt\/wp-json\/wp\/v2\/product_cat?post=1671936"},{"taxonomy":"product_tag","embeddable":true,"href":"https:\/\/greenspells.com\/lt\/wp-json\/wp\/v2\/product_tag?post=1671936"}],"curies":[{"name":"wp","href":"https:\/\/api.w.org\/{rel}","templated":true}]}}