{"id":1671901,"date":"2023-03-15T23:09:36","date_gmt":"2023-03-15T21:09:36","guid":{"rendered":"https:\/\/greenspells.com\/?post_type=product&#038;p=1671901"},"modified":"2026-03-04T08:31:59","modified_gmt":"2026-03-04T06:31:59","slug":"ncla-beauty-hi-butter-passion-fruit","status":"publish","type":"product","link":"https:\/\/greenspells.com\/lt\/produktas\/ncla-beauty-hi-butter-passion-fruit\/","title":{"rendered":"NCLA BEAUTY <br> K\u016bno sviestas <br> Passion Fruit"},"content":{"rendered":"<p><span style=\"color: #000000; font-family: Lato, sans-serif; font-size: 15px;\">J\u016bs\u0173 oda pamils \u0161\u012f k\u016bno sviest\u0105 i\u0161 pirmo pot\u0117pio! Kvepia nuostabiais tropiniais vaisiais.<\/span><\/p>\n<p><span style=\"color: #000000; font-family: Lato, sans-serif; font-size: 15px;\">Hi, Butter - tai ultra dr\u0117kinantis, ypa\u010d \u0161velnus k\u016bno sviestas, pagamintas i\u0161 nat\u016brali\u0173 ingredient\u0173. Maitinantis, praturtintas nat\u016braliais sviestais bei aliejais - sviestmed\u017eio, kakavos, mango sviestais, kanapi\u0173 s\u0117kl\u0173 aliejumi, kuris mink\u0161tina, glotnina  lygina ir stangrina od\u0105, suteikia ilgalaik\u012f dr\u0117kinim\u0105  gerina odos tekst\u016br\u0105.<\/span><\/p>\n<p>Nat\u016bralus kvapas: Passion fruit<\/p>\n<p>Dydis: 200 ml<\/p>\n<p>Pagaminta JAV.<\/p>\n<p><em><strong>Kaip naudoti?<\/strong><\/em><\/p>\n<p><span style=\"color: #000000; font-family: Lato, sans-serif; font-size: 15px;\">Dosniai tepkite viso k\u016bno od\u0105, \u0161velniai \u012fmasa\u017euodami, kol susigers.<\/span><\/p>\n<p><em><strong>Ingredientai<\/strong><\/em>:<\/p>\n<p><span style=\"color: #000000; font-family: Lato, sans-serif; font-size: 15px;\">Deionized Water (Aqua), Organic Shea Butter (Butyrospermum Parkii), Cocoa (Theobroma Cacao) Butter, Mango (Mangifera Indica) Butter, Cetearyl Alcohol, Ceteareth-20, Stearic Acid, Organic Sunflower (Heleanthus Annuus) Seed Oil, Grape (Vitis Vinifera) Seed Oil, Sweet Almond Oil (Prunus Amygdalus Dulcis), Organic Hemp (Cannabis Sativa) Seed Oil, Aloe (Aloe Barbadensis) Leaf Extract, Cucumber (Cucumis Sativus) Fruit Extract, Orange (Citrus Aurantium Dulcis) Fruit Extract (Vitamin C), Lemon (Citrus Limon) Peel Fruit Extract (Vitamin C), Benzoic Acid, Propanediol, Sorbitan Caprylate, Fragrance Oil.<\/span><\/p>\n<p>&nbsp;<\/p>\n<p>&nbsp;<\/p>","protected":false},"excerpt":{"rendered":"<p>Your skin has never tasted passion like this. This passionfruit scented body butter is a tropical getaway in a jar! Hi, Butter is an ultra hydrating, velvety soft body butter made with all natural ingredients. It\u2019s nourishing formula is enriched with natural butters and oils like shea butter, cocoa butter, mango butter, and hempseed oil [&hellip;]<\/p>","protected":false},"featured_media":1671905,"comment_status":"open","ping_status":"closed","template":"","meta":{"content-type":"","_monsterinsights_skip_tracking":false,"_monsterinsights_sitenote_active":false,"_monsterinsights_sitenote_note":"","_monsterinsights_sitenote_category":0,"_uf_show_specific_survey":0,"_uf_disable_surveys":false},"product_brand":[1667],"product_cat":[137,141,15],"product_tag":[947,1193,648,952,1042],"class_list":{"0":"post-1671901","1":"product","2":"type-product","3":"status-publish","4":"has-post-thumbnail","6":"product_brand-ncla-beauty","7":"product_cat-bath-and-body","8":"product_cat-hand-body-lotions","9":"product_cat-all-products","10":"product_tag-body-butter","11":"product_tag-drekinantis-kuno-kremas","12":"product_tag-kuno-kremas","13":"product_tag-kuno-sviestas","14":"product_tag-ncla-beauty","16":"first","17":"outofstock","18":"taxable","19":"shipping-taxable","20":"purchasable","21":"product-type-simple"},"bundled_by":[],"bundle_stock_status":"outofstock","bundle_stock_quantity":null,"bundle_virtual":false,"bundle_layout":"","bundle_add_to_cart_form_location":"","bundle_editable_in_cart":false,"bundle_sold_individually_context":"","bundle_item_grouping":"","bundle_min_size":"","bundle_max_size":"","bundle_price":[],"bundled_items":[],"bundle_sell_ids":[],"group_of_quantity":0,"min_quantity":0,"max_quantity":"","exclude_order_quantity_value_rules":"no","exclude_category_quantity_rules":"no","combine_variations":"no","exclude_global_add_ons":[],"addons":[],"yoast_head":"<!-- This site is optimized with the Yoast SEO plugin v27.3 - https:\/\/yoast.com\/product\/yoast-seo-wordpress\/ -->\n<title>NCLA BEAUTY  Hi, Butter  Passion Fruit - Greenspells<\/title>\n<meta name=\"description\" content=\"Ultra dr\u0117kinantis k\u016bno sviestas Hi, Butter - velvetin\u0117s tekst\u016bros, puosel\u0117jantis od\u0105, nuostabiai kvepiantis ir nat\u016bralus!\" \/>\n<meta name=\"robots\" content=\"index, follow, max-snippet:-1, max-image-preview:large, max-video-preview:-1\" \/>\n<link rel=\"canonical\" href=\"https:\/\/greenspells.com\/lt\/produktas\/ncla-beauty-hi-butter-passion-fruit\/\" \/>\n<meta property=\"og:locale\" content=\"lt_LT\" \/>\n<meta property=\"og:type\" content=\"article\" \/>\n<meta property=\"og:title\" content=\"NCLA BEAUTY  Hi, Butter  Passion Fruit - Greenspells\" \/>\n<meta property=\"og:description\" content=\"Ultra dr\u0117kinantis k\u016bno sviestas Hi, Butter - velvetin\u0117s tekst\u016bros, puosel\u0117jantis od\u0105, nuostabiai kvepiantis ir nat\u016bralus!\" \/>\n<meta property=\"og:url\" content=\"https:\/\/greenspells.com\/lt\/produktas\/ncla-beauty-hi-butter-passion-fruit\/\" \/>\n<meta property=\"og:site_name\" content=\"Greenspells\" \/>\n<meta property=\"article:publisher\" content=\"https:\/\/www.facebook.com\/Greenspells\" \/>\n<meta property=\"article:modified_time\" content=\"2026-03-04T06:31:59+00:00\" \/>\n<meta property=\"og:image\" content=\"https:\/\/greenspells.com\/wp-content\/uploads\/2023\/03\/hi-butter-passion-fruit-437248_900x.jpg\" \/>\n\t<meta property=\"og:image:width\" content=\"900\" \/>\n\t<meta property=\"og:image:height\" content=\"900\" \/>\n\t<meta property=\"og:image:type\" content=\"image\/jpeg\" \/>\n<meta name=\"twitter:card\" content=\"summary_large_image\" \/>\n<meta name=\"twitter:label1\" content=\"Est. reading time\" \/>\n\t<meta name=\"twitter:data1\" content=\"2 minut\u0117s\" \/>\n<script type=\"application\/ld+json\" class=\"yoast-schema-graph\">{\"@context\":\"https:\\\/\\\/schema.org\",\"@graph\":[{\"@type\":\"WebPage\",\"@id\":\"https:\\\/\\\/greenspells.com\\\/product\\\/ncla-beauty-hi-butter-passion-fruit\\\/\",\"url\":\"https:\\\/\\\/greenspells.com\\\/product\\\/ncla-beauty-hi-butter-passion-fruit\\\/\",\"name\":\"NCLA BEAUTY Hi, Butter Passion Fruit - Greenspells\",\"isPartOf\":{\"@id\":\"https:\\\/\\\/greenspells.com\\\/#website\"},\"primaryImageOfPage\":{\"@id\":\"https:\\\/\\\/greenspells.com\\\/product\\\/ncla-beauty-hi-butter-passion-fruit\\\/#primaryimage\"},\"image\":{\"@id\":\"https:\\\/\\\/greenspells.com\\\/product\\\/ncla-beauty-hi-butter-passion-fruit\\\/#primaryimage\"},\"thumbnailUrl\":\"https:\\\/\\\/i0.wp.com\\\/greenspells.com\\\/wp-content\\\/uploads\\\/2023\\\/03\\\/hi-butter-passion-fruit-437248_900x.jpg?fit=900%2C900&ssl=1\",\"datePublished\":\"2023-03-15T21:09:36+00:00\",\"dateModified\":\"2026-03-04T06:31:59+00:00\",\"description\":\"Ultra dr\u0117kinantis k\u016bno sviestas Hi, Butter - velvetin\u0117s tekst\u016bros, puosel\u0117jantis od\u0105, nuostabiai kvepiantis ir nat\u016bralus!\",\"breadcrumb\":{\"@id\":\"https:\\\/\\\/greenspells.com\\\/product\\\/ncla-beauty-hi-butter-passion-fruit\\\/#breadcrumb\"},\"inLanguage\":\"lt-LT\",\"potentialAction\":[{\"@type\":\"ReadAction\",\"target\":[\"https:\\\/\\\/greenspells.com\\\/product\\\/ncla-beauty-hi-butter-passion-fruit\\\/\"]}]},{\"@type\":\"ImageObject\",\"inLanguage\":\"lt-LT\",\"@id\":\"https:\\\/\\\/greenspells.com\\\/product\\\/ncla-beauty-hi-butter-passion-fruit\\\/#primaryimage\",\"url\":\"https:\\\/\\\/i0.wp.com\\\/greenspells.com\\\/wp-content\\\/uploads\\\/2023\\\/03\\\/hi-butter-passion-fruit-437248_900x.jpg?fit=900%2C900&ssl=1\",\"contentUrl\":\"https:\\\/\\\/i0.wp.com\\\/greenspells.com\\\/wp-content\\\/uploads\\\/2023\\\/03\\\/hi-butter-passion-fruit-437248_900x.jpg?fit=900%2C900&ssl=1\",\"width\":900,\"height\":900},{\"@type\":\"BreadcrumbList\",\"@id\":\"https:\\\/\\\/greenspells.com\\\/product\\\/ncla-beauty-hi-butter-passion-fruit\\\/#breadcrumb\",\"itemListElement\":[{\"@type\":\"ListItem\",\"position\":1,\"name\":\"Home\",\"item\":\"https:\\\/\\\/greenspells.com\\\/\"},{\"@type\":\"ListItem\",\"position\":2,\"name\":\"Shop\",\"item\":\"https:\\\/\\\/greenspells.com\\\/shop\\\/\"},{\"@type\":\"ListItem\",\"position\":3,\"name\":\"NCLA BEAUTY Hi, Butter Passion Fruit\"}]},{\"@type\":\"WebSite\",\"@id\":\"https:\\\/\\\/greenspells.com\\\/#website\",\"url\":\"https:\\\/\\\/greenspells.com\\\/\",\"name\":\"Greenspells\",\"description\":\"Nat\u016brali ir ekologi\u0161ka kosmetika\",\"publisher\":{\"@id\":\"https:\\\/\\\/greenspells.com\\\/#organization\"},\"potentialAction\":[{\"@type\":\"SearchAction\",\"target\":{\"@type\":\"EntryPoint\",\"urlTemplate\":\"https:\\\/\\\/greenspells.com\\\/?s={search_term_string}\"},\"query-input\":{\"@type\":\"PropertyValueSpecification\",\"valueRequired\":true,\"valueName\":\"search_term_string\"}}],\"inLanguage\":\"lt-LT\"},{\"@type\":\"Organization\",\"@id\":\"https:\\\/\\\/greenspells.com\\\/#organization\",\"name\":\"Greenspells\",\"url\":\"https:\\\/\\\/greenspells.com\\\/\",\"logo\":{\"@type\":\"ImageObject\",\"inLanguage\":\"lt-LT\",\"@id\":\"https:\\\/\\\/greenspells.com\\\/#\\\/schema\\\/logo\\\/image\\\/\",\"url\":\"https:\\\/\\\/i0.wp.com\\\/greenspells.com\\\/wp-content\\\/uploads\\\/2020\\\/09\\\/20200722_153424_0000.png?fit=1500%2C1500&ssl=1\",\"contentUrl\":\"https:\\\/\\\/i0.wp.com\\\/greenspells.com\\\/wp-content\\\/uploads\\\/2020\\\/09\\\/20200722_153424_0000.png?fit=1500%2C1500&ssl=1\",\"width\":1500,\"height\":1500,\"caption\":\"Greenspells\"},\"image\":{\"@id\":\"https:\\\/\\\/greenspells.com\\\/#\\\/schema\\\/logo\\\/image\\\/\"},\"sameAs\":[\"https:\\\/\\\/www.facebook.com\\\/Greenspells\",\"https:\\\/\\\/www.instagram.com\\\/greenspells_store\\\/\"]}]}<\/script>\n<!-- \/ Yoast SEO plugin. -->","yoast_head_json":{"title":"NCLA BEAUTY  Hi, Butter  Passion Fruit - Greenspells","description":"Ultra dr\u0117kinantis k\u016bno sviestas Hi, Butter - velvetin\u0117s tekst\u016bros, puosel\u0117jantis od\u0105, nuostabiai kvepiantis ir nat\u016bralus!","robots":{"index":"index","follow":"follow","max-snippet":"max-snippet:-1","max-image-preview":"max-image-preview:large","max-video-preview":"max-video-preview:-1"},"canonical":"https:\/\/greenspells.com\/lt\/produktas\/ncla-beauty-hi-butter-passion-fruit\/","og_locale":"lt_LT","og_type":"article","og_title":"NCLA BEAUTY  Hi, Butter  Passion Fruit - Greenspells","og_description":"Ultra dr\u0117kinantis k\u016bno sviestas Hi, Butter - velvetin\u0117s tekst\u016bros, puosel\u0117jantis od\u0105, nuostabiai kvepiantis ir nat\u016bralus!","og_url":"https:\/\/greenspells.com\/lt\/produktas\/ncla-beauty-hi-butter-passion-fruit\/","og_site_name":"Greenspells","article_publisher":"https:\/\/www.facebook.com\/Greenspells","article_modified_time":"2026-03-04T06:31:59+00:00","og_image":[{"width":900,"height":900,"url":"https:\/\/greenspells.com\/wp-content\/uploads\/2023\/03\/hi-butter-passion-fruit-437248_900x.jpg","type":"image\/jpeg"}],"twitter_card":"summary_large_image","twitter_misc":{"Est. reading time":"2 minut\u0117s"},"schema":{"@context":"https:\/\/schema.org","@graph":[{"@type":"WebPage","@id":"https:\/\/greenspells.com\/product\/ncla-beauty-hi-butter-passion-fruit\/","url":"https:\/\/greenspells.com\/product\/ncla-beauty-hi-butter-passion-fruit\/","name":"NCLA BEAUTY Hi, Butter Passion Fruit - Greenspells","isPartOf":{"@id":"https:\/\/greenspells.com\/#website"},"primaryImageOfPage":{"@id":"https:\/\/greenspells.com\/product\/ncla-beauty-hi-butter-passion-fruit\/#primaryimage"},"image":{"@id":"https:\/\/greenspells.com\/product\/ncla-beauty-hi-butter-passion-fruit\/#primaryimage"},"thumbnailUrl":"https:\/\/i0.wp.com\/greenspells.com\/wp-content\/uploads\/2023\/03\/hi-butter-passion-fruit-437248_900x.jpg?fit=900%2C900&ssl=1","datePublished":"2023-03-15T21:09:36+00:00","dateModified":"2026-03-04T06:31:59+00:00","description":"Ultra dr\u0117kinantis k\u016bno sviestas Hi, Butter - velvetin\u0117s tekst\u016bros, puosel\u0117jantis od\u0105, nuostabiai kvepiantis ir nat\u016bralus!","breadcrumb":{"@id":"https:\/\/greenspells.com\/product\/ncla-beauty-hi-butter-passion-fruit\/#breadcrumb"},"inLanguage":"lt-LT","potentialAction":[{"@type":"ReadAction","target":["https:\/\/greenspells.com\/product\/ncla-beauty-hi-butter-passion-fruit\/"]}]},{"@type":"ImageObject","inLanguage":"lt-LT","@id":"https:\/\/greenspells.com\/product\/ncla-beauty-hi-butter-passion-fruit\/#primaryimage","url":"https:\/\/i0.wp.com\/greenspells.com\/wp-content\/uploads\/2023\/03\/hi-butter-passion-fruit-437248_900x.jpg?fit=900%2C900&ssl=1","contentUrl":"https:\/\/i0.wp.com\/greenspells.com\/wp-content\/uploads\/2023\/03\/hi-butter-passion-fruit-437248_900x.jpg?fit=900%2C900&ssl=1","width":900,"height":900},{"@type":"BreadcrumbList","@id":"https:\/\/greenspells.com\/product\/ncla-beauty-hi-butter-passion-fruit\/#breadcrumb","itemListElement":[{"@type":"ListItem","position":1,"name":"Home","item":"https:\/\/greenspells.com\/"},{"@type":"ListItem","position":2,"name":"Shop","item":"https:\/\/greenspells.com\/shop\/"},{"@type":"ListItem","position":3,"name":"NCLA BEAUTY Hi, Butter Passion Fruit"}]},{"@type":"WebSite","@id":"https:\/\/greenspells.com\/#website","url":"https:\/\/greenspells.com\/","name":"Greenspells","description":"Nat\u016brali ir ekologi\u0161ka kosmetika","publisher":{"@id":"https:\/\/greenspells.com\/#organization"},"potentialAction":[{"@type":"SearchAction","target":{"@type":"EntryPoint","urlTemplate":"https:\/\/greenspells.com\/?s={search_term_string}"},"query-input":{"@type":"PropertyValueSpecification","valueRequired":true,"valueName":"search_term_string"}}],"inLanguage":"lt-LT"},{"@type":"Organization","@id":"https:\/\/greenspells.com\/#organization","name":"Greenspells","url":"https:\/\/greenspells.com\/","logo":{"@type":"ImageObject","inLanguage":"lt-LT","@id":"https:\/\/greenspells.com\/#\/schema\/logo\/image\/","url":"https:\/\/i0.wp.com\/greenspells.com\/wp-content\/uploads\/2020\/09\/20200722_153424_0000.png?fit=1500%2C1500&ssl=1","contentUrl":"https:\/\/i0.wp.com\/greenspells.com\/wp-content\/uploads\/2020\/09\/20200722_153424_0000.png?fit=1500%2C1500&ssl=1","width":1500,"height":1500,"caption":"Greenspells"},"image":{"@id":"https:\/\/greenspells.com\/#\/schema\/logo\/image\/"},"sameAs":["https:\/\/www.facebook.com\/Greenspells","https:\/\/www.instagram.com\/greenspells_store\/"]}]}},"jetpack_likes_enabled":true,"jetpack_sharing_enabled":true,"_links":{"self":[{"href":"https:\/\/greenspells.com\/lt\/wp-json\/wp\/v2\/product\/1671901","targetHints":{"allow":["GET"]}}],"collection":[{"href":"https:\/\/greenspells.com\/lt\/wp-json\/wp\/v2\/product"}],"about":[{"href":"https:\/\/greenspells.com\/lt\/wp-json\/wp\/v2\/types\/product"}],"replies":[{"embeddable":true,"href":"https:\/\/greenspells.com\/lt\/wp-json\/wp\/v2\/comments?post=1671901"}],"wp:featuredmedia":[{"embeddable":true,"href":"https:\/\/greenspells.com\/lt\/wp-json\/wp\/v2\/media\/1671905"}],"wp:attachment":[{"href":"https:\/\/greenspells.com\/lt\/wp-json\/wp\/v2\/media?parent=1671901"}],"wp:term":[{"taxonomy":"product_brand","embeddable":true,"href":"https:\/\/greenspells.com\/lt\/wp-json\/wp\/v2\/product_brand?post=1671901"},{"taxonomy":"product_cat","embeddable":true,"href":"https:\/\/greenspells.com\/lt\/wp-json\/wp\/v2\/product_cat?post=1671901"},{"taxonomy":"product_tag","embeddable":true,"href":"https:\/\/greenspells.com\/lt\/wp-json\/wp\/v2\/product_tag?post=1671901"}],"curies":[{"name":"wp","href":"https:\/\/api.w.org\/{rel}","templated":true}]}}