{"id":1671860,"date":"2023-03-10T18:34:07","date_gmt":"2023-03-10T16:34:07","guid":{"rendered":"https:\/\/greenspells.com\/?post_type=product&#038;p=1671860"},"modified":"2025-07-11T11:49:49","modified_gmt":"2025-07-11T09:49:49","slug":"bambaw-razor-blades-20x5-pack","status":"publish","type":"product","link":"https:\/\/greenspells.com\/lt\/produktas\/bambaw-razor-blades-20x5-pack\/","title":{"rendered":"BAMBAW <br> Peiliukai skustuvams <br> 20 x 5 pakuot\u0117 (100vnt)"},"content":{"rendered":"<p style=\"box-sizing: border-box; margin-bottom: 22px; color: #262626; font-family: 'Source Sans Pro', sans-serif;\">Bambaw peiliukai skustuvams yra pagaminti i\u0161 \u0160vedi\u0161ko ner\u016bdijan\u010dio plieno. Puikus plienas, \u017einomas ir vertinamas d\u0117l savo i\u0161skirtin\u0117s kokyb\u0117s ir patvarumo.<br style=\"box-sizing: border-box;\" \/>Dvipusiai peiliukai sukurti tarnauti ilgai, d\u0117l platinin\u0117s dangos, apsaugan\u010dios nuo r\u016bdijimo ir i\u0161laikan\u010dios peiliuk\u0173 a\u0161trum\u0105 ilgiau.<br style=\"box-sizing: border-box;\" \/>Pakuot\u0117je be plastiko yra 100 vnt peiliuk\u0173, padalint\u0173 5 x 20vnt. Kiekvienas peiliukas saugiai supakuotas atskirai \u012f va\u0161kuot\u0105 popieri\u0173.<br style=\"box-sizing: border-box;\" \/>Bambaw peiliukai - a\u0161tr\u016bs, tad skutimasis bus itin \u0161varus! Tinka ir pradedantiesiems.<br style=\"box-sizing: border-box;\" \/>U\u017etikrina \u0161var\u0173 ir tvar\u0173 skutim\u0105si!<\/p>\n<div class=\"row gy-4\" style=\"box-sizing: border-box; --bs-gutter-x: 1.5rem; --bs-gutter-y: 1.5rem; display: flex; flex-wrap: wrap; margin-top: calc(var(--bs-gutter-y) * -1); margin-right: calc(var(--bs-gutter-x) \/ -2); margin-left: calc(var(--bs-gutter-x) \/ -2); color: #262626; font-family: 'Source Sans Pro', sans-serif;\">\n<div class=\"col-lg-6\" style=\"box-sizing: border-box; flex-shrink: 0; width: 384px; max-width: 100%; padding-right: calc(var(--bs-gutter-x) \/ 2); padding-left: calc(var(--bs-gutter-x) \/ 2); margin-top: var(--bs-gutter-y);\">\n<div class=\"produc_information_sec_tab1_content\" style=\"box-sizing: border-box;\"><span class=\"hds\" style=\"box-sizing: border-box; font-weight: 600; display: block; margin-bottom: 13px; font-size: 26px;\">Sud\u0117tis<\/span><\/p>\n<ul style=\"box-sizing: border-box; margin-bottom: 0px; margin-left: 0px;\">\n<li style=\"box-sizing: border-box; padding: 0px; position: relative; list-style: none; margin: 0px 0px 20px;\">\n<h4 style=\"box-sizing: border-box; margin-bottom: 5px; font-weight: bold; line-height: 1.3; font-size: 24px; padding: 0px; color: #2c6539;\">\u0160vedi\u0161kas plienas<\/h4>\n<p style=\"box-sizing: border-box; margin-bottom: 0px;\">\u0160vedi\u0161kas plienas yra laikomas vienu \u0161variausiu ir gryniausiu, tod\u0117l tobulai tinka peiliuk\u0173, skustuv\u0173 gamybai. Jo d\u0117ka peiliukai ilgai i\u0161lieka a\u0161tr\u016bs  greit neat\u0161impa, skuta labai \u0161variai ir gra\u017eiai. Taip pat yra tikri perdirbimo \u010dempionai - tai viena labiausiai perdirbam\u0173 med\u017eiag\u0173, vir\u0161 popieriaus ir stiklo! 60% naujos plieno produkcijos yra sukuriama i\u0161 perdirbt\u0173 \u017ealiav\u0173.<\/p>\n<\/li>\n<li style=\"box-sizing: border-box; padding: 0px; position: relative; list-style: none; margin: 0px;\">\n<h4 style=\"box-sizing: border-box; margin-bottom: 5px; font-weight: bold; line-height: 1.3; font-size: 24px; padding: 0px; color: #2c6539;\">Platinin\u0117 danga<\/h4>\n<p style=\"box-sizing: border-box; margin-bottom: 0px;\">Sustiprina a\u0161menis, apsaugo nuo korozijos, suteikia atsparumo.<\/p>\n<\/li>\n<\/ul>\n<\/div>\n<\/div>\n<div class=\"col-lg-6\" style=\"box-sizing: border-box; flex-shrink: 0; width: 384px; max-width: 100%; padding-right: calc(var(--bs-gutter-x) \/ 2); padding-left: calc(var(--bs-gutter-x) \/ 2); margin-top: var(--bs-gutter-y);\"><img data-recalc-dims=\"1\" decoding=\"async\" style=\"box-sizing: border-box; vertical-align: middle;\" src=\"https:\/\/i0.wp.com\/wholesale.bambaw.com\/wp-content\/uploads\/2021\/08\/Product-Composition-Razor-Blade.png?w=980&#038;ssl=1\" alt=\"\" \/><\/div>\n<div><\/div>\n<\/div>","protected":false},"excerpt":{"rendered":"<p>Bambaw\u2019s safety razor blades are made from Swedish stainless-steel. The finest steel, well known for its exceptional edge performance and toughness.The double edge safety razor blades are made to last thanks to their platinum coating which avoids rusting and keeps the blades sharp for longer.The plastic-free packaging of 100 blades is divided into 20 units [&hellip;]<\/p>","protected":false},"featured_media":1671863,"comment_status":"open","ping_status":"closed","template":"","meta":{"content-type":"","_monsterinsights_skip_tracking":false,"_monsterinsights_sitenote_active":false,"_monsterinsights_sitenote_note":"","_monsterinsights_sitenote_category":0,"_uf_show_specific_survey":0,"_uf_disable_surveys":false},"product_brand":[1659],"product_cat":[137,1369,1446,412,15],"product_tag":[1564,1505,1561,1563,1562,407,1560,409,1565,1566],"class_list":{"0":"post-1671860","1":"product","2":"type-product","3":"status-publish","4":"has-post-thumbnail","6":"product_brand-bambaw","7":"product_cat-bath-and-body","8":"product_cat-other","9":"product_cat-other-2","10":"product_cat-accessories","11":"product_cat-all-products","12":"product_tag-asmenys","13":"product_tag-bambaw","14":"product_tag-blades","15":"product_tag-britvos","16":"product_tag-peiliukai","17":"product_tag-razor","18":"product_tag-razor-blades","19":"product_tag-skustuvas","20":"product_tag-skustuvo-asmenys","21":"product_tag-skustuvo-peiliukai","23":"first","24":"instock","25":"taxable","26":"shipping-taxable","27":"purchasable","28":"product-type-simple"},"bundled_by":[],"bundle_stock_status":"instock","bundle_stock_quantity":null,"bundle_virtual":false,"bundle_layout":"","bundle_add_to_cart_form_location":"","bundle_editable_in_cart":false,"bundle_sold_individually_context":"","bundle_item_grouping":"","bundle_min_size":"","bundle_max_size":"","bundle_price":[],"bundled_items":[],"bundle_sell_ids":[],"group_of_quantity":0,"min_quantity":0,"max_quantity":"","exclude_order_quantity_value_rules":"no","exclude_category_quantity_rules":"no","combine_variations":"no","exclude_global_add_ons":[],"addons":[],"yoast_head":"<!-- This site is optimized with the Yoast SEO plugin v27.3 - https:\/\/yoast.com\/product\/yoast-seo-wordpress\/ -->\n<title>BAMBAW  Razor blades  20\u00d75 pack - Greenspells<\/title>\n<meta name=\"description\" content=\"BAMBAW peiliukai skutimuisi pagaminti i\u0161 \u0160vedi\u0161ko ner\u016bdijan\u010dio plieno, itin patvaraus. Pakuot\u0117je be plastiko yra 100 peiliuk\u0173, padalinti \u012f 5 dalis po 20.\" \/>\n<meta name=\"robots\" content=\"index, follow, max-snippet:-1, max-image-preview:large, max-video-preview:-1\" \/>\n<link rel=\"canonical\" href=\"https:\/\/greenspells.com\/lt\/produktas\/bambaw-razor-blades-20x5-pack\/\" \/>\n<meta property=\"og:locale\" content=\"lt_LT\" \/>\n<meta property=\"og:type\" content=\"article\" \/>\n<meta property=\"og:title\" content=\"BAMBAW  Razor blades  20\u00d75 pack - Greenspells\" \/>\n<meta property=\"og:description\" content=\"BAMBAW peiliukai skutimuisi pagaminti i\u0161 \u0160vedi\u0161ko ner\u016bdijan\u010dio plieno, itin patvaraus. Pakuot\u0117je be plastiko yra 100 peiliuk\u0173, padalinti \u012f 5 dalis po 20.\" \/>\n<meta property=\"og:url\" content=\"https:\/\/greenspells.com\/lt\/produktas\/bambaw-razor-blades-20x5-pack\/\" \/>\n<meta property=\"og:site_name\" content=\"Greenspells\" \/>\n<meta property=\"article:publisher\" content=\"https:\/\/www.facebook.com\/Greenspells\" \/>\n<meta property=\"article:modified_time\" content=\"2025-07-11T09:49:49+00:00\" \/>\n<meta property=\"og:image\" content=\"https:\/\/greenspells.com\/wp-content\/uploads\/2023\/03\/Bambaw-Bambaw-Razor-Blades-1-Packshot-01.jpg\" \/>\n\t<meta property=\"og:image:width\" content=\"1500\" \/>\n\t<meta property=\"og:image:height\" content=\"1500\" \/>\n\t<meta property=\"og:image:type\" content=\"image\/jpeg\" \/>\n<meta name=\"twitter:card\" content=\"summary_large_image\" \/>\n<meta name=\"twitter:label1\" content=\"Est. reading time\" \/>\n\t<meta name=\"twitter:data1\" content=\"2 minut\u0117s\" \/>\n<script type=\"application\/ld+json\" class=\"yoast-schema-graph\">{\"@context\":\"https:\\\/\\\/schema.org\",\"@graph\":[{\"@type\":\"WebPage\",\"@id\":\"https:\\\/\\\/greenspells.com\\\/product\\\/bambaw-razor-blades-20x5-pack\\\/\",\"url\":\"https:\\\/\\\/greenspells.com\\\/product\\\/bambaw-razor-blades-20x5-pack\\\/\",\"name\":\"BAMBAW Razor blades 20\u00d75 pack - Greenspells\",\"isPartOf\":{\"@id\":\"https:\\\/\\\/greenspells.com\\\/#website\"},\"primaryImageOfPage\":{\"@id\":\"https:\\\/\\\/greenspells.com\\\/product\\\/bambaw-razor-blades-20x5-pack\\\/#primaryimage\"},\"image\":{\"@id\":\"https:\\\/\\\/greenspells.com\\\/product\\\/bambaw-razor-blades-20x5-pack\\\/#primaryimage\"},\"thumbnailUrl\":\"https:\\\/\\\/i0.wp.com\\\/greenspells.com\\\/wp-content\\\/uploads\\\/2023\\\/03\\\/Bambaw-Bambaw-Razor-Blades-1-Packshot-01.jpg?fit=1500%2C1500&ssl=1\",\"datePublished\":\"2023-03-10T16:34:07+00:00\",\"dateModified\":\"2025-07-11T09:49:49+00:00\",\"description\":\"BAMBAW peiliukai skutimuisi pagaminti i\u0161 \u0160vedi\u0161ko ner\u016bdijan\u010dio plieno, itin patvaraus. Pakuot\u0117je be plastiko yra 100 peiliuk\u0173, padalinti \u012f 5 dalis po 20.\",\"breadcrumb\":{\"@id\":\"https:\\\/\\\/greenspells.com\\\/product\\\/bambaw-razor-blades-20x5-pack\\\/#breadcrumb\"},\"inLanguage\":\"lt-LT\",\"potentialAction\":[{\"@type\":\"ReadAction\",\"target\":[\"https:\\\/\\\/greenspells.com\\\/product\\\/bambaw-razor-blades-20x5-pack\\\/\"]}]},{\"@type\":\"ImageObject\",\"inLanguage\":\"lt-LT\",\"@id\":\"https:\\\/\\\/greenspells.com\\\/product\\\/bambaw-razor-blades-20x5-pack\\\/#primaryimage\",\"url\":\"https:\\\/\\\/i0.wp.com\\\/greenspells.com\\\/wp-content\\\/uploads\\\/2023\\\/03\\\/Bambaw-Bambaw-Razor-Blades-1-Packshot-01.jpg?fit=1500%2C1500&ssl=1\",\"contentUrl\":\"https:\\\/\\\/i0.wp.com\\\/greenspells.com\\\/wp-content\\\/uploads\\\/2023\\\/03\\\/Bambaw-Bambaw-Razor-Blades-1-Packshot-01.jpg?fit=1500%2C1500&ssl=1\",\"width\":1500,\"height\":1500},{\"@type\":\"BreadcrumbList\",\"@id\":\"https:\\\/\\\/greenspells.com\\\/product\\\/bambaw-razor-blades-20x5-pack\\\/#breadcrumb\",\"itemListElement\":[{\"@type\":\"ListItem\",\"position\":1,\"name\":\"Home\",\"item\":\"https:\\\/\\\/greenspells.com\\\/\"},{\"@type\":\"ListItem\",\"position\":2,\"name\":\"Shop\",\"item\":\"https:\\\/\\\/greenspells.com\\\/shop\\\/\"},{\"@type\":\"ListItem\",\"position\":3,\"name\":\"BAMBAW Razor blades 20\u00d75 pack\"}]},{\"@type\":\"WebSite\",\"@id\":\"https:\\\/\\\/greenspells.com\\\/#website\",\"url\":\"https:\\\/\\\/greenspells.com\\\/\",\"name\":\"Greenspells\",\"description\":\"Nat\u016brali ir ekologi\u0161ka kosmetika\",\"publisher\":{\"@id\":\"https:\\\/\\\/greenspells.com\\\/#organization\"},\"potentialAction\":[{\"@type\":\"SearchAction\",\"target\":{\"@type\":\"EntryPoint\",\"urlTemplate\":\"https:\\\/\\\/greenspells.com\\\/?s={search_term_string}\"},\"query-input\":{\"@type\":\"PropertyValueSpecification\",\"valueRequired\":true,\"valueName\":\"search_term_string\"}}],\"inLanguage\":\"lt-LT\"},{\"@type\":\"Organization\",\"@id\":\"https:\\\/\\\/greenspells.com\\\/#organization\",\"name\":\"Greenspells\",\"url\":\"https:\\\/\\\/greenspells.com\\\/\",\"logo\":{\"@type\":\"ImageObject\",\"inLanguage\":\"lt-LT\",\"@id\":\"https:\\\/\\\/greenspells.com\\\/#\\\/schema\\\/logo\\\/image\\\/\",\"url\":\"https:\\\/\\\/i0.wp.com\\\/greenspells.com\\\/wp-content\\\/uploads\\\/2020\\\/09\\\/20200722_153424_0000.png?fit=1500%2C1500&ssl=1\",\"contentUrl\":\"https:\\\/\\\/i0.wp.com\\\/greenspells.com\\\/wp-content\\\/uploads\\\/2020\\\/09\\\/20200722_153424_0000.png?fit=1500%2C1500&ssl=1\",\"width\":1500,\"height\":1500,\"caption\":\"Greenspells\"},\"image\":{\"@id\":\"https:\\\/\\\/greenspells.com\\\/#\\\/schema\\\/logo\\\/image\\\/\"},\"sameAs\":[\"https:\\\/\\\/www.facebook.com\\\/Greenspells\",\"https:\\\/\\\/www.instagram.com\\\/greenspells_store\\\/\"]}]}<\/script>\n<!-- \/ Yoast SEO plugin. -->","yoast_head_json":{"title":"BAMBAW  Razor blades  20\u00d75 pack - Greenspells","description":"BAMBAW peiliukai skutimuisi pagaminti i\u0161 \u0160vedi\u0161ko ner\u016bdijan\u010dio plieno, itin patvaraus. Pakuot\u0117je be plastiko yra 100 peiliuk\u0173, padalinti \u012f 5 dalis po 20.","robots":{"index":"index","follow":"follow","max-snippet":"max-snippet:-1","max-image-preview":"max-image-preview:large","max-video-preview":"max-video-preview:-1"},"canonical":"https:\/\/greenspells.com\/lt\/produktas\/bambaw-razor-blades-20x5-pack\/","og_locale":"lt_LT","og_type":"article","og_title":"BAMBAW  Razor blades  20\u00d75 pack - Greenspells","og_description":"BAMBAW peiliukai skutimuisi pagaminti i\u0161 \u0160vedi\u0161ko ner\u016bdijan\u010dio plieno, itin patvaraus. Pakuot\u0117je be plastiko yra 100 peiliuk\u0173, padalinti \u012f 5 dalis po 20.","og_url":"https:\/\/greenspells.com\/lt\/produktas\/bambaw-razor-blades-20x5-pack\/","og_site_name":"Greenspells","article_publisher":"https:\/\/www.facebook.com\/Greenspells","article_modified_time":"2025-07-11T09:49:49+00:00","og_image":[{"width":1500,"height":1500,"url":"https:\/\/greenspells.com\/wp-content\/uploads\/2023\/03\/Bambaw-Bambaw-Razor-Blades-1-Packshot-01.jpg","type":"image\/jpeg"}],"twitter_card":"summary_large_image","twitter_misc":{"Est. reading time":"2 minut\u0117s"},"schema":{"@context":"https:\/\/schema.org","@graph":[{"@type":"WebPage","@id":"https:\/\/greenspells.com\/product\/bambaw-razor-blades-20x5-pack\/","url":"https:\/\/greenspells.com\/product\/bambaw-razor-blades-20x5-pack\/","name":"BAMBAW Razor blades 20\u00d75 pack - Greenspells","isPartOf":{"@id":"https:\/\/greenspells.com\/#website"},"primaryImageOfPage":{"@id":"https:\/\/greenspells.com\/product\/bambaw-razor-blades-20x5-pack\/#primaryimage"},"image":{"@id":"https:\/\/greenspells.com\/product\/bambaw-razor-blades-20x5-pack\/#primaryimage"},"thumbnailUrl":"https:\/\/i0.wp.com\/greenspells.com\/wp-content\/uploads\/2023\/03\/Bambaw-Bambaw-Razor-Blades-1-Packshot-01.jpg?fit=1500%2C1500&ssl=1","datePublished":"2023-03-10T16:34:07+00:00","dateModified":"2025-07-11T09:49:49+00:00","description":"BAMBAW peiliukai skutimuisi pagaminti i\u0161 \u0160vedi\u0161ko ner\u016bdijan\u010dio plieno, itin patvaraus. Pakuot\u0117je be plastiko yra 100 peiliuk\u0173, padalinti \u012f 5 dalis po 20.","breadcrumb":{"@id":"https:\/\/greenspells.com\/product\/bambaw-razor-blades-20x5-pack\/#breadcrumb"},"inLanguage":"lt-LT","potentialAction":[{"@type":"ReadAction","target":["https:\/\/greenspells.com\/product\/bambaw-razor-blades-20x5-pack\/"]}]},{"@type":"ImageObject","inLanguage":"lt-LT","@id":"https:\/\/greenspells.com\/product\/bambaw-razor-blades-20x5-pack\/#primaryimage","url":"https:\/\/i0.wp.com\/greenspells.com\/wp-content\/uploads\/2023\/03\/Bambaw-Bambaw-Razor-Blades-1-Packshot-01.jpg?fit=1500%2C1500&ssl=1","contentUrl":"https:\/\/i0.wp.com\/greenspells.com\/wp-content\/uploads\/2023\/03\/Bambaw-Bambaw-Razor-Blades-1-Packshot-01.jpg?fit=1500%2C1500&ssl=1","width":1500,"height":1500},{"@type":"BreadcrumbList","@id":"https:\/\/greenspells.com\/product\/bambaw-razor-blades-20x5-pack\/#breadcrumb","itemListElement":[{"@type":"ListItem","position":1,"name":"Home","item":"https:\/\/greenspells.com\/"},{"@type":"ListItem","position":2,"name":"Shop","item":"https:\/\/greenspells.com\/shop\/"},{"@type":"ListItem","position":3,"name":"BAMBAW Razor blades 20\u00d75 pack"}]},{"@type":"WebSite","@id":"https:\/\/greenspells.com\/#website","url":"https:\/\/greenspells.com\/","name":"Greenspells","description":"Nat\u016brali ir ekologi\u0161ka kosmetika","publisher":{"@id":"https:\/\/greenspells.com\/#organization"},"potentialAction":[{"@type":"SearchAction","target":{"@type":"EntryPoint","urlTemplate":"https:\/\/greenspells.com\/?s={search_term_string}"},"query-input":{"@type":"PropertyValueSpecification","valueRequired":true,"valueName":"search_term_string"}}],"inLanguage":"lt-LT"},{"@type":"Organization","@id":"https:\/\/greenspells.com\/#organization","name":"Greenspells","url":"https:\/\/greenspells.com\/","logo":{"@type":"ImageObject","inLanguage":"lt-LT","@id":"https:\/\/greenspells.com\/#\/schema\/logo\/image\/","url":"https:\/\/i0.wp.com\/greenspells.com\/wp-content\/uploads\/2020\/09\/20200722_153424_0000.png?fit=1500%2C1500&ssl=1","contentUrl":"https:\/\/i0.wp.com\/greenspells.com\/wp-content\/uploads\/2020\/09\/20200722_153424_0000.png?fit=1500%2C1500&ssl=1","width":1500,"height":1500,"caption":"Greenspells"},"image":{"@id":"https:\/\/greenspells.com\/#\/schema\/logo\/image\/"},"sameAs":["https:\/\/www.facebook.com\/Greenspells","https:\/\/www.instagram.com\/greenspells_store\/"]}]}},"jetpack_likes_enabled":true,"jetpack_sharing_enabled":true,"_links":{"self":[{"href":"https:\/\/greenspells.com\/lt\/wp-json\/wp\/v2\/product\/1671860","targetHints":{"allow":["GET"]}}],"collection":[{"href":"https:\/\/greenspells.com\/lt\/wp-json\/wp\/v2\/product"}],"about":[{"href":"https:\/\/greenspells.com\/lt\/wp-json\/wp\/v2\/types\/product"}],"replies":[{"embeddable":true,"href":"https:\/\/greenspells.com\/lt\/wp-json\/wp\/v2\/comments?post=1671860"}],"wp:featuredmedia":[{"embeddable":true,"href":"https:\/\/greenspells.com\/lt\/wp-json\/wp\/v2\/media\/1671863"}],"wp:attachment":[{"href":"https:\/\/greenspells.com\/lt\/wp-json\/wp\/v2\/media?parent=1671860"}],"wp:term":[{"taxonomy":"product_brand","embeddable":true,"href":"https:\/\/greenspells.com\/lt\/wp-json\/wp\/v2\/product_brand?post=1671860"},{"taxonomy":"product_cat","embeddable":true,"href":"https:\/\/greenspells.com\/lt\/wp-json\/wp\/v2\/product_cat?post=1671860"},{"taxonomy":"product_tag","embeddable":true,"href":"https:\/\/greenspells.com\/lt\/wp-json\/wp\/v2\/product_tag?post=1671860"}],"curies":[{"name":"wp","href":"https:\/\/api.w.org\/{rel}","templated":true}]}}