{"id":1671803,"date":"2023-02-23T20:46:44","date_gmt":"2023-02-23T18:46:44","guid":{"rendered":"https:\/\/greenspells.com\/?post_type=product&#038;p=1671803"},"modified":"2025-10-21T10:18:08","modified_gmt":"2025-10-21T08:18:08","slug":"biocos-lupu-aliejus-drekinantis-suteikiantis-atspalvi","status":"publish","type":"product","link":"https:\/\/greenspells.com\/lt\/produktas\/biocos-lupu-aliejus-drekinantis-suteikiantis-atspalvi\/","title":{"rendered":"BIOCOS <br> L\u016bp\u0173 aliejus <br> Dr\u0117kinantis, suteikiantis atspalv\u012f"},"content":{"rendered":"<p style=\"box-sizing: border-box; margin-bottom: 0px; padding: 0px; font-family: Quicksand; font-size: 14px; line-height: 20px; color: #6c6c6c;\"><strong style=\"box-sizing: border-box;\">Sveikos ir apsaugotos bei gra\u017eiai spindin\u010dios l\u016bpos &#8211; geriausia puo\u0161mena!<\/strong><\/p>\n<p>&nbsp;<\/p>\n<ul style=\"box-sizing: border-box; margin-bottom: 0px; margin-left: 0px; color: #6c6c6c; font-family: Quicksand; font-size: 14px;\">\n<li style=\"box-sizing: border-box; margin: 0px 0px 0px 20px; padding: 0px;\"><span class=\"S1PPyQ\" style=\"box-sizing: border-box;\">dr\u0117kina l\u016bp\u0173 od\u0105<\/span><\/li>\n<li style=\"box-sizing: border-box; margin: 0px 0px 0px 20px; padding: 0px;\"><span class=\"S1PPyQ\" style=\"box-sizing: border-box;\">apsaugo nuo i\u0161saus\u0117jimo, \u0161al\u010dio<\/span><\/li>\n<li style=\"box-sizing: border-box; margin: 0px 0px 0px 20px; padding: 0px;\"><span class=\"S1PPyQ\" style=\"box-sizing: border-box;\">suteikia nat\u016braliai atrodant\u012f atspalv\u012f bei \u017evilges\u012f<\/span><\/li>\n<li style=\"box-sizing: border-box; margin: 0px 0px 0px 20px; padding: 0px;\">100% nat\u016brali sud\u0117tis<\/li>\n<\/ul>\n<p>&nbsp;<\/p>\n<div class=\"col-xs-12 col-md-6\" style=\"box-sizing: border-box; margin: 0px 0px 15px; padding: 0px 15px; position: relative; min-height: 1px; float: left; width: 378.19px; color: #666666; font-family: Jost-Regular; font-size: 14px;\">\n<div class=\"rte\" style=\"box-sizing: border-box; margin: 0px; padding: 0px; font-size: 15px; line-height: 20px; color: #000000; background: none 0px 0px repeat scroll transparent;\">\n<p style=\"box-sizing: border-box; margin-bottom: 0px; padding: 0px 0px 10px; line-height: 20px;\">Naujasis l\u016bp\u0173 aliejus su spalva ne tik pridr\u0117kina, suteikia \u017evilgesio, bet ir subtiliai pary\u0161kina l\u016bpas pasirinktu atspalviu. Sukurtas pasitelkiant 100% nat\u016bralios kilm\u0117s inovatyvius ingredientus, tod\u0117l saugo ir puosel\u0117ja l\u016bpas kaip balzamas, ta\u010diau pary\u0161kina ir suteikia spindesio kaip prabangus l\u016bp\u0173 blizgis.<\/p>\n<p style=\"box-sizing: border-box; margin-bottom: 0px; padding: 0px 0px 10px; line-height: 20px;\">Nelipni produkto formul\u0117 suteikia komforti\u0161k\u0105 jausm\u0105, ant l\u016bp\u0173 i\u0161lieka ilgai, o sud\u0117tyje esantys dr\u0117kikliai suteikia putlumo, dr\u0117kina l\u016bp\u0173 od\u0105, apsaugo nuo i\u0161saus\u0117jimo, \u0161al\u010dio.<\/p>\n<p style=\"box-sizing: border-box; margin-bottom: 0px; padding: 0px 0px 10px; line-height: 20px;\">Produkto sud\u0117tis 100% nat\u016brali:<\/p>\n<ol class=\"v1v1v1ProsemirrorEditor-list\" style=\"box-sizing: border-box; margin-bottom: 0px; margin-left: 0px;\">\n<li class=\"v1v1v1ProsemirrorEditor-listItem\" style=\"box-sizing: border-box; margin: 0px 0px 0px 20px; padding: 0px;\">\n<p style=\"box-sizing: border-box; margin-bottom: 0px; padding: 0px 0px 10px; line-height: 20px;\"><strong style=\"box-sizing: border-box;\">Hyacolor<\/strong><span style=\"box-sizing: border-box; vertical-align: baseline;\">TM<\/span><strong style=\"box-sizing: border-box;\">\u00a0aliejus &#8211;\u00a0<\/strong>mikrosfer\u0173 pavidalu augaliniame aliejuje paskirstyta hialurono r\u016bg\u0161tis pasi\u017eymi dr\u0117kinamuoju, atstatan\u010diuoju ir l\u016bpas putlinan\u010diu efektu.<\/p>\n<\/li>\n<li class=\"v1v1v1ProsemirrorEditor-listItem\" style=\"box-sizing: border-box; margin: 0px 0px 0px 20px; padding: 0px;\">\n<p style=\"box-sizing: border-box; margin-bottom: 0px; padding: 0px 0px 10px; line-height: 20px;\"><strong style=\"box-sizing: border-box;\">Augalinis emulsiklis &#8211;\u00a0<\/strong>suteikia \u017evilges\u012f, neleid\u017eia produktui nub\u0117gti nuo l\u016bp\u0173, taip pat suformuoja apsaugin\u0119 pl\u0117vel\u0119.<\/p>\n<\/li>\n<li class=\"v1v1v1ProsemirrorEditor-listItem\" style=\"box-sizing: border-box; margin: 0px 0px 0px 20px; padding: 0px;\">\n<p style=\"box-sizing: border-box; margin-bottom: 0px; padding: 0px 0px 10px; line-height: 20px;\"><strong style=\"box-sizing: border-box;\">Simondsij\u0173 aliejus &#8211;\u00a0<\/strong>vitamin\u0173 E ir A bei riebi\u0173j\u0173 r\u016bg\u0161\u010di\u0173 \u0161altinis puosel\u0117ja l\u016bp\u0173 od\u0105, turi lengv\u0105 prie\u0161u\u017edegimin\u012f poveik\u012f.<\/p>\n<\/li>\n<li class=\"v1v1v1ProsemirrorEditor-listItem\" style=\"box-sizing: border-box; margin: 0px 0px 0px 20px; padding: 0px;\">\n<p style=\"box-sizing: border-box; margin-bottom: 0px; padding: 0px 0px 10px; line-height: 20px;\"><strong style=\"box-sizing: border-box;\">Ricin\u0173 aliejus &#8211;\u00a0<\/strong>\u012f gilesnius sluoksnius lengviai besiskverbiantis aliejus dr\u0117kina od\u0105 ir apsaugo j\u0105 nuo i\u0161saus\u0117jimo.<\/p>\n<\/li>\n<\/ol>\n<\/div>\n<\/div>\n<div class=\"col-xs-12 col-md-6\" style=\"box-sizing: border-box; margin: 0px; padding: 0px 15px; position: relative; min-height: 1px; float: left; width: 378.19px; color: #666666; font-family: Jost-Regular; font-size: 14px;\">\n<div class=\"data-sheet entry\" style=\"box-sizing: border-box; margin: 0px -15px; padding: 0px; overflow: auto;\">\n<table style=\"border-collapse: collapse; width: 378.19px; margin-bottom: 12px;\">\n<tbody style=\"box-sizing: border-box;\">\n<tr style=\"box-sizing: border-box; background-color: #f7f8f7;\">\n<td style=\"box-sizing: border-box; margin: 0px; padding: 6px 12px; font-family: Quicksand; font-size: 14px; line-height: 20px; color: #6c6c6c; width: 189.095px; min-width: 49%; border-right: 1px solid #d9ebe8; text-align: center;\">Talpa<\/td>\n<td style=\"box-sizing: border-box; margin: 0px; padding: 6px 12px; font-family: Quicksand; font-size: 14px; line-height: 20px; color: #6c6c6c; width: 189.095px; min-width: 49%;\">5 ml<\/td>\n<\/tr>\n<\/tbody>\n<\/table>\n<\/div>\n<div class=\"rte structure-description\" style=\"box-sizing: border-box; margin: 0px; padding: 10px 12px; font-size: 15px; line-height: 20px; color: #000000; background: none 0px 0px repeat scroll #f7f8f7;\">\n<p style=\"box-sizing: border-box; margin-bottom: 0px; padding: 0px 0px 10px; line-height: 20px;\"><strong style=\"box-sizing: border-box;\">Sud\u0117tis:<\/strong> Polyglyceryl-2 Isostearate\/Dimer Dilinoleate Copolymer, Polyglyceryl-3 Diisostearate,\u00a0Ricinus Communis Seed Oil,\u00a0Vitis Vinifera Seed Oil, Squalane, Papaver Somniferum Seed Oil, Simmondsia Chinensis Seed Oil, Aroma (Natural), Cera Alba, Zinc Oxide, Sodium Hyaluronate, Hydrogenated Castor Oil, Tocopherol, Silica, Mica, C.I. 77891, C.I. 77491, C.I. 77492 (Peachy Apricot), C.I. 77861 (Peachy apricot, Cotton Candy).<\/p>\n<\/div>\n<\/div>","protected":false},"excerpt":{"rendered":"<p>Sveikos ir apsaugotos bei gra\u017eiai spindin\u010dios l\u016bpos &#8211; geriausia puo\u0161mena! &nbsp; dr\u0117kina l\u016bp\u0173 od\u0105 apsaugo nuo i\u0161saus\u0117jimo, \u0161al\u010dio suteikia nat\u016braliai atrodant\u012f atspalv\u012f bei \u017evilges\u012f 100% nat\u016brali sud\u0117tis &nbsp; Naujasis l\u016bp\u0173 aliejus su spalva ne tik pridr\u0117kina, suteikia \u017evilgesio, bet ir subtiliai pary\u0161kina l\u016bpas pasirinktu atspalviu. Sukurtas pasitelkiant 100% nat\u016bralios kilm\u0117s inovatyvius ingredientus, tod\u0117l saugo ir [&hellip;]<\/p>","protected":false},"featured_media":1671806,"comment_status":"open","ping_status":"closed","template":"","meta":{"content-type":"","_monsterinsights_skip_tracking":false,"_monsterinsights_sitenote_active":false,"_monsterinsights_sitenote_note":"","_monsterinsights_sitenote_category":0,"_uf_show_specific_survey":0,"_uf_disable_surveys":false},"product_brand":[1652],"product_cat":[320,132,42,34,15],"product_tag":[1507,1557,1558,724,1153],"class_list":{"0":"post-1671803","1":"product","2":"type-product","3":"status-publish","4":"has-post-thumbnail","6":"product_brand-biocos-kosmetika","7":"product_cat-lip-care","8":"product_cat-lips","9":"product_cat-make-up","10":"product_cat-skincare","11":"product_cat-all-products","12":"product_tag-biocos","13":"product_tag-lupu-aliejus","14":"product_tag-lupu-blizgis","15":"product_tag-lupu-prieziura","16":"product_tag-naturalus-lupu-blizgesys","18":"first","19":"instock","20":"taxable","21":"shipping-taxable","22":"purchasable","23":"product-type-variable"},"bundled_by":[],"bundle_stock_status":"instock","bundle_stock_quantity":null,"bundle_virtual":false,"bundle_layout":"","bundle_add_to_cart_form_location":"","bundle_editable_in_cart":false,"bundle_sold_individually_context":"","bundle_item_grouping":"","bundle_min_size":"","bundle_max_size":"","bundle_price":[],"bundled_items":[],"bundle_sell_ids":[],"group_of_quantity":0,"min_quantity":0,"max_quantity":"","exclude_order_quantity_value_rules":"no","exclude_category_quantity_rules":"no","combine_variations":"no","exclude_global_add_ons":[],"addons":[],"yoast_head":"<!-- This site is optimized with the Yoast SEO plugin v27.3 - https:\/\/yoast.com\/product\/yoast-seo-wordpress\/ -->\n<title>BIOCOS  L\u016bp\u0173 aliejus  Dr\u0117kinantis, suteikiantis atspalv\u012f - Greenspells<\/title>\n<meta name=\"description\" content=\"Naujasis l\u016bp\u0173 aliejus su spalva ne tik pridr\u0117kina, suteikia \u017evilgesio, bet ir subtiliai pary\u0161kina l\u016bpas pasirinktu atspalviu.\u00a0\" \/>\n<meta name=\"robots\" content=\"index, follow, max-snippet:-1, max-image-preview:large, max-video-preview:-1\" \/>\n<link rel=\"canonical\" href=\"https:\/\/greenspells.com\/lt\/produktas\/biocos-lupu-aliejus-drekinantis-suteikiantis-atspalvi\/\" \/>\n<meta property=\"og:locale\" content=\"lt_LT\" \/>\n<meta property=\"og:type\" content=\"article\" \/>\n<meta property=\"og:title\" content=\"BIOCOS  L\u016bp\u0173 aliejus  Dr\u0117kinantis, suteikiantis atspalv\u012f - Greenspells\" \/>\n<meta property=\"og:description\" content=\"Naujasis l\u016bp\u0173 aliejus su spalva ne tik pridr\u0117kina, suteikia \u017evilgesio, bet ir subtiliai pary\u0161kina l\u016bpas pasirinktu atspalviu.\u00a0\" \/>\n<meta property=\"og:url\" content=\"https:\/\/greenspells.com\/lt\/produktas\/biocos-lupu-aliejus-drekinantis-suteikiantis-atspalvi\/\" \/>\n<meta property=\"og:site_name\" content=\"Greenspells\" \/>\n<meta property=\"article:publisher\" content=\"https:\/\/www.facebook.com\/Greenspells\" \/>\n<meta property=\"article:modified_time\" content=\"2025-10-21T08:18:08+00:00\" \/>\n<meta property=\"og:image\" content=\"https:\/\/greenspells.com\/wp-content\/uploads\/2023\/02\/drekinamasis-atspalvi-suteikiantis-lupu-aliejus-2.png\" \/>\n\t<meta property=\"og:image:width\" content=\"605\" \/>\n\t<meta property=\"og:image:height\" content=\"605\" \/>\n\t<meta property=\"og:image:type\" content=\"image\/png\" \/>\n<meta name=\"twitter:card\" content=\"summary_large_image\" \/>\n<meta name=\"twitter:label1\" content=\"Est. reading time\" \/>\n\t<meta name=\"twitter:data1\" content=\"2 minut\u0117s\" \/>\n<script type=\"application\/ld+json\" class=\"yoast-schema-graph\">{\"@context\":\"https:\\\/\\\/schema.org\",\"@graph\":[{\"@type\":\"WebPage\",\"@id\":\"https:\\\/\\\/greenspells.com\\\/product\\\/biocos-lupu-aliejus-drekinantis-suteikiantis-atspalvi\\\/\",\"url\":\"https:\\\/\\\/greenspells.com\\\/product\\\/biocos-lupu-aliejus-drekinantis-suteikiantis-atspalvi\\\/\",\"name\":\"BIOCOS L\u016bp\u0173 aliejus Dr\u0117kinantis, suteikiantis atspalv\u012f - Greenspells\",\"isPartOf\":{\"@id\":\"https:\\\/\\\/greenspells.com\\\/#website\"},\"primaryImageOfPage\":{\"@id\":\"https:\\\/\\\/greenspells.com\\\/product\\\/biocos-lupu-aliejus-drekinantis-suteikiantis-atspalvi\\\/#primaryimage\"},\"image\":{\"@id\":\"https:\\\/\\\/greenspells.com\\\/product\\\/biocos-lupu-aliejus-drekinantis-suteikiantis-atspalvi\\\/#primaryimage\"},\"thumbnailUrl\":\"https:\\\/\\\/i0.wp.com\\\/greenspells.com\\\/wp-content\\\/uploads\\\/2023\\\/02\\\/drekinamasis-atspalvi-suteikiantis-lupu-aliejus-2.png?fit=605%2C605&ssl=1\",\"datePublished\":\"2023-02-23T18:46:44+00:00\",\"dateModified\":\"2025-10-21T08:18:08+00:00\",\"description\":\"Naujasis l\u016bp\u0173 aliejus su spalva ne tik pridr\u0117kina, suteikia \u017evilgesio, bet ir subtiliai pary\u0161kina l\u016bpas pasirinktu atspalviu.\u00a0\",\"breadcrumb\":{\"@id\":\"https:\\\/\\\/greenspells.com\\\/product\\\/biocos-lupu-aliejus-drekinantis-suteikiantis-atspalvi\\\/#breadcrumb\"},\"inLanguage\":\"lt-LT\",\"potentialAction\":[{\"@type\":\"ReadAction\",\"target\":[\"https:\\\/\\\/greenspells.com\\\/product\\\/biocos-lupu-aliejus-drekinantis-suteikiantis-atspalvi\\\/\"]}]},{\"@type\":\"ImageObject\",\"inLanguage\":\"lt-LT\",\"@id\":\"https:\\\/\\\/greenspells.com\\\/product\\\/biocos-lupu-aliejus-drekinantis-suteikiantis-atspalvi\\\/#primaryimage\",\"url\":\"https:\\\/\\\/i0.wp.com\\\/greenspells.com\\\/wp-content\\\/uploads\\\/2023\\\/02\\\/drekinamasis-atspalvi-suteikiantis-lupu-aliejus-2.png?fit=605%2C605&ssl=1\",\"contentUrl\":\"https:\\\/\\\/i0.wp.com\\\/greenspells.com\\\/wp-content\\\/uploads\\\/2023\\\/02\\\/drekinamasis-atspalvi-suteikiantis-lupu-aliejus-2.png?fit=605%2C605&ssl=1\",\"width\":605,\"height\":605},{\"@type\":\"BreadcrumbList\",\"@id\":\"https:\\\/\\\/greenspells.com\\\/product\\\/biocos-lupu-aliejus-drekinantis-suteikiantis-atspalvi\\\/#breadcrumb\",\"itemListElement\":[{\"@type\":\"ListItem\",\"position\":1,\"name\":\"Home\",\"item\":\"https:\\\/\\\/greenspells.com\\\/\"},{\"@type\":\"ListItem\",\"position\":2,\"name\":\"Shop\",\"item\":\"https:\\\/\\\/greenspells.com\\\/shop\\\/\"},{\"@type\":\"ListItem\",\"position\":3,\"name\":\"BIOCOS L\u016bp\u0173 aliejus Dr\u0117kinantis, suteikiantis atspalv\u012f\"}]},{\"@type\":\"WebSite\",\"@id\":\"https:\\\/\\\/greenspells.com\\\/#website\",\"url\":\"https:\\\/\\\/greenspells.com\\\/\",\"name\":\"Greenspells\",\"description\":\"Nat\u016brali ir ekologi\u0161ka kosmetika\",\"publisher\":{\"@id\":\"https:\\\/\\\/greenspells.com\\\/#organization\"},\"potentialAction\":[{\"@type\":\"SearchAction\",\"target\":{\"@type\":\"EntryPoint\",\"urlTemplate\":\"https:\\\/\\\/greenspells.com\\\/?s={search_term_string}\"},\"query-input\":{\"@type\":\"PropertyValueSpecification\",\"valueRequired\":true,\"valueName\":\"search_term_string\"}}],\"inLanguage\":\"lt-LT\"},{\"@type\":\"Organization\",\"@id\":\"https:\\\/\\\/greenspells.com\\\/#organization\",\"name\":\"Greenspells\",\"url\":\"https:\\\/\\\/greenspells.com\\\/\",\"logo\":{\"@type\":\"ImageObject\",\"inLanguage\":\"lt-LT\",\"@id\":\"https:\\\/\\\/greenspells.com\\\/#\\\/schema\\\/logo\\\/image\\\/\",\"url\":\"https:\\\/\\\/i0.wp.com\\\/greenspells.com\\\/wp-content\\\/uploads\\\/2020\\\/09\\\/20200722_153424_0000.png?fit=1500%2C1500&ssl=1\",\"contentUrl\":\"https:\\\/\\\/i0.wp.com\\\/greenspells.com\\\/wp-content\\\/uploads\\\/2020\\\/09\\\/20200722_153424_0000.png?fit=1500%2C1500&ssl=1\",\"width\":1500,\"height\":1500,\"caption\":\"Greenspells\"},\"image\":{\"@id\":\"https:\\\/\\\/greenspells.com\\\/#\\\/schema\\\/logo\\\/image\\\/\"},\"sameAs\":[\"https:\\\/\\\/www.facebook.com\\\/Greenspells\",\"https:\\\/\\\/www.instagram.com\\\/greenspells_store\\\/\"]}]}<\/script>\n<!-- \/ Yoast SEO plugin. -->","yoast_head_json":{"title":"BIOCOS  L\u016bp\u0173 aliejus  Dr\u0117kinantis, suteikiantis atspalv\u012f - Greenspells","description":"Naujasis l\u016bp\u0173 aliejus su spalva ne tik pridr\u0117kina, suteikia \u017evilgesio, bet ir subtiliai pary\u0161kina l\u016bpas pasirinktu atspalviu.\u00a0","robots":{"index":"index","follow":"follow","max-snippet":"max-snippet:-1","max-image-preview":"max-image-preview:large","max-video-preview":"max-video-preview:-1"},"canonical":"https:\/\/greenspells.com\/lt\/produktas\/biocos-lupu-aliejus-drekinantis-suteikiantis-atspalvi\/","og_locale":"lt_LT","og_type":"article","og_title":"BIOCOS  L\u016bp\u0173 aliejus  Dr\u0117kinantis, suteikiantis atspalv\u012f - Greenspells","og_description":"Naujasis l\u016bp\u0173 aliejus su spalva ne tik pridr\u0117kina, suteikia \u017evilgesio, bet ir subtiliai pary\u0161kina l\u016bpas pasirinktu atspalviu.\u00a0","og_url":"https:\/\/greenspells.com\/lt\/produktas\/biocos-lupu-aliejus-drekinantis-suteikiantis-atspalvi\/","og_site_name":"Greenspells","article_publisher":"https:\/\/www.facebook.com\/Greenspells","article_modified_time":"2025-10-21T08:18:08+00:00","og_image":[{"width":605,"height":605,"url":"https:\/\/greenspells.com\/wp-content\/uploads\/2023\/02\/drekinamasis-atspalvi-suteikiantis-lupu-aliejus-2.png","type":"image\/png"}],"twitter_card":"summary_large_image","twitter_misc":{"Est. reading time":"2 minut\u0117s"},"schema":{"@context":"https:\/\/schema.org","@graph":[{"@type":"WebPage","@id":"https:\/\/greenspells.com\/product\/biocos-lupu-aliejus-drekinantis-suteikiantis-atspalvi\/","url":"https:\/\/greenspells.com\/product\/biocos-lupu-aliejus-drekinantis-suteikiantis-atspalvi\/","name":"BIOCOS L\u016bp\u0173 aliejus Dr\u0117kinantis, suteikiantis atspalv\u012f - Greenspells","isPartOf":{"@id":"https:\/\/greenspells.com\/#website"},"primaryImageOfPage":{"@id":"https:\/\/greenspells.com\/product\/biocos-lupu-aliejus-drekinantis-suteikiantis-atspalvi\/#primaryimage"},"image":{"@id":"https:\/\/greenspells.com\/product\/biocos-lupu-aliejus-drekinantis-suteikiantis-atspalvi\/#primaryimage"},"thumbnailUrl":"https:\/\/i0.wp.com\/greenspells.com\/wp-content\/uploads\/2023\/02\/drekinamasis-atspalvi-suteikiantis-lupu-aliejus-2.png?fit=605%2C605&ssl=1","datePublished":"2023-02-23T18:46:44+00:00","dateModified":"2025-10-21T08:18:08+00:00","description":"Naujasis l\u016bp\u0173 aliejus su spalva ne tik pridr\u0117kina, suteikia \u017evilgesio, bet ir subtiliai pary\u0161kina l\u016bpas pasirinktu atspalviu.\u00a0","breadcrumb":{"@id":"https:\/\/greenspells.com\/product\/biocos-lupu-aliejus-drekinantis-suteikiantis-atspalvi\/#breadcrumb"},"inLanguage":"lt-LT","potentialAction":[{"@type":"ReadAction","target":["https:\/\/greenspells.com\/product\/biocos-lupu-aliejus-drekinantis-suteikiantis-atspalvi\/"]}]},{"@type":"ImageObject","inLanguage":"lt-LT","@id":"https:\/\/greenspells.com\/product\/biocos-lupu-aliejus-drekinantis-suteikiantis-atspalvi\/#primaryimage","url":"https:\/\/i0.wp.com\/greenspells.com\/wp-content\/uploads\/2023\/02\/drekinamasis-atspalvi-suteikiantis-lupu-aliejus-2.png?fit=605%2C605&ssl=1","contentUrl":"https:\/\/i0.wp.com\/greenspells.com\/wp-content\/uploads\/2023\/02\/drekinamasis-atspalvi-suteikiantis-lupu-aliejus-2.png?fit=605%2C605&ssl=1","width":605,"height":605},{"@type":"BreadcrumbList","@id":"https:\/\/greenspells.com\/product\/biocos-lupu-aliejus-drekinantis-suteikiantis-atspalvi\/#breadcrumb","itemListElement":[{"@type":"ListItem","position":1,"name":"Home","item":"https:\/\/greenspells.com\/"},{"@type":"ListItem","position":2,"name":"Shop","item":"https:\/\/greenspells.com\/shop\/"},{"@type":"ListItem","position":3,"name":"BIOCOS L\u016bp\u0173 aliejus Dr\u0117kinantis, suteikiantis atspalv\u012f"}]},{"@type":"WebSite","@id":"https:\/\/greenspells.com\/#website","url":"https:\/\/greenspells.com\/","name":"Greenspells","description":"Nat\u016brali ir ekologi\u0161ka kosmetika","publisher":{"@id":"https:\/\/greenspells.com\/#organization"},"potentialAction":[{"@type":"SearchAction","target":{"@type":"EntryPoint","urlTemplate":"https:\/\/greenspells.com\/?s={search_term_string}"},"query-input":{"@type":"PropertyValueSpecification","valueRequired":true,"valueName":"search_term_string"}}],"inLanguage":"lt-LT"},{"@type":"Organization","@id":"https:\/\/greenspells.com\/#organization","name":"Greenspells","url":"https:\/\/greenspells.com\/","logo":{"@type":"ImageObject","inLanguage":"lt-LT","@id":"https:\/\/greenspells.com\/#\/schema\/logo\/image\/","url":"https:\/\/i0.wp.com\/greenspells.com\/wp-content\/uploads\/2020\/09\/20200722_153424_0000.png?fit=1500%2C1500&ssl=1","contentUrl":"https:\/\/i0.wp.com\/greenspells.com\/wp-content\/uploads\/2020\/09\/20200722_153424_0000.png?fit=1500%2C1500&ssl=1","width":1500,"height":1500,"caption":"Greenspells"},"image":{"@id":"https:\/\/greenspells.com\/#\/schema\/logo\/image\/"},"sameAs":["https:\/\/www.facebook.com\/Greenspells","https:\/\/www.instagram.com\/greenspells_store\/"]}]}},"jetpack_likes_enabled":true,"jetpack_sharing_enabled":true,"_links":{"self":[{"href":"https:\/\/greenspells.com\/lt\/wp-json\/wp\/v2\/product\/1671803","targetHints":{"allow":["GET"]}}],"collection":[{"href":"https:\/\/greenspells.com\/lt\/wp-json\/wp\/v2\/product"}],"about":[{"href":"https:\/\/greenspells.com\/lt\/wp-json\/wp\/v2\/types\/product"}],"replies":[{"embeddable":true,"href":"https:\/\/greenspells.com\/lt\/wp-json\/wp\/v2\/comments?post=1671803"}],"wp:featuredmedia":[{"embeddable":true,"href":"https:\/\/greenspells.com\/lt\/wp-json\/wp\/v2\/media\/1671806"}],"wp:attachment":[{"href":"https:\/\/greenspells.com\/lt\/wp-json\/wp\/v2\/media?parent=1671803"}],"wp:term":[{"taxonomy":"product_brand","embeddable":true,"href":"https:\/\/greenspells.com\/lt\/wp-json\/wp\/v2\/product_brand?post=1671803"},{"taxonomy":"product_cat","embeddable":true,"href":"https:\/\/greenspells.com\/lt\/wp-json\/wp\/v2\/product_cat?post=1671803"},{"taxonomy":"product_tag","embeddable":true,"href":"https:\/\/greenspells.com\/lt\/wp-json\/wp\/v2\/product_tag?post=1671803"}],"curies":[{"name":"wp","href":"https:\/\/api.w.org\/{rel}","templated":true}]}}