{"id":1671756,"date":"2023-02-13T12:51:51","date_gmt":"2023-02-13T10:51:51","guid":{"rendered":"https:\/\/greenspells.com\/?post_type=product&#038;p=1671756"},"modified":"2026-03-04T08:46:14","modified_gmt":"2026-03-04T06:46:14","slug":"biocos-patalynes-dulksna-ramus-miegas","status":"publish","type":"product","link":"https:\/\/greenspells.com\/lt\/produktas\/biocos-patalynes-dulksna-ramus-miegas\/","title":{"rendered":"BIOCOS <br> Patalyn\u0117s dulksna <br> RAMUS MIEGAS"},"content":{"rendered":"<p>Aromaterapin\u0117\u00a0<strong>patalyn\u0117s dulksna RAMUS MIEGAS<\/strong>, pagaminta i\u0161 nat\u016brali\u0173 eterini\u0173 aliej\u0173, pad\u0117s sukurti ram\u0173 nakties poils\u012f. Malonus, atpalaiduojantis aromatas pad\u0117s pasinerti \u012f gilesn\u012f mieg\u0105 ir kurti pa\u010dius maloniausius sapnus!<\/p>\n<h3 class=\"product-information-heading\" style=\"box-sizing: border-box; margin-top: 0px; margin-bottom: 16px; padding: 0px; font-size: 35px; font-family: Jost-Regular; line-height: 45px; letter-spacing: 0.2em; color: #2c2c2c; text-transform: uppercase;\">PREK\u0116S INFORMACIJA<\/h3>\n<div class=\"row\" style=\"box-sizing: border-box; margin: 0px -15px; padding: 0px; display: flex; flex-wrap: wrap; color: #666666; font-family: Jost-Regular; font-size: 14px;\">\n<div class=\"col-xs-12\" style=\"box-sizing: border-box; margin: 0px; padding: 0px 15px; position: relative; min-height: 1px; float: left; width: 378.19px;\">\n<div class=\"rte\" style=\"box-sizing: border-box; margin: 0px; padding: 0px; font-size: 15px; line-height: 20px; color: #000000; background: none 0px 0px repeat scroll transparent;\">\n<p style=\"box-sizing: border-box; margin-bottom: 0px; padding: 0px 0px 10px; line-height: 20px;\">Sud\u0117tyje esan\u010di\u0173 nat\u016brali\u0173 levand\u0173, bergamo\u010di\u0173 ir ylang ylang eterini\u0173 aliej\u0173 sinergija kuria rami\u0105, jauki\u0105 miego atmosfer\u0105, padeda atsipalaiduoti, \u012fveikti nerim\u0105. Kvapas patinka net vaikams!<\/p>\n<p style=\"box-sizing: border-box; margin-bottom: 0px; padding: 0px 0px 10px; line-height: 20px;\"><span style=\"box-sizing: border-box;\">Kvapnias dulksnas kuriame naudodami 100<\/span><span style=\"box-sizing: border-box;\">% nat<\/span><span style=\"box-sizing: border-box;\">\u016bralius eterinius aliejus, tod\u0117l tai ne tik malonaus aromato, bet ir \u0161velnaus terapinio poveikio gaminys.\u00a0Eteriniai aliejai mi\u0161iniuose papildo vienas kit\u0105 bei veikia sinergi\u0161kai. Mi\u0161iniuose naudojami tik nat\u016bral\u016bs auk\u0161\u010diausios kokyb\u0117s gryni eteriniai aliejai, suteikiantys galimyb\u0119 m\u0117gauti aromaterapijos poveikiu.<\/span><\/p>\n<p style=\"box-sizing: border-box; margin-bottom: 0px; padding: 0px 0px 10px; line-height: 20px;\"><strong style=\"box-sizing: border-box;\">NAUDOJIMAS<\/strong><span style=\"box-sizing: border-box;\">:\u00a0<span style=\"box-sizing: border-box;\">patalyn\u0117s dulksna purk\u0161kite miego r\u016bbus, patalyn\u0119 ar kitus tekstil\u0117s gaminius, vaik\u0173 miego \u017eaislus<\/span>. Nenaudokite ant \u0161viesi\u0173 pavir\u0161i\u0173. I\u0161bandykite ant ma\u017eo ploto.<\/span><\/p>\n<\/div>\n<\/div>\n<\/div>","protected":false},"excerpt":{"rendered":"<p>Aromaterapin\u0117\u00a0patalyn\u0117s dulksna RAMUS MIEGAS, pagaminta i\u0161 nat\u016brali\u0173 eterini\u0173 aliej\u0173, pad\u0117s sukurti ram\u0173 nakties poils\u012f. Malonus, atpalaiduojantis aromatas pad\u0117s pasinerti \u012f gilesn\u012f mieg\u0105 ir kurti pa\u010dius maloniausius sapnus! PREK\u0116S INFORMACIJA Sud\u0117tyje esan\u010di\u0173 nat\u016brali\u0173 levand\u0173, bergamo\u010di\u0173 ir ylang ylang eterini\u0173 aliej\u0173 sinergija kuria rami\u0105, jauki\u0105 miego atmosfer\u0105, padeda atsipalaiduoti, \u012fveikti nerim\u0105. Kvapas patinka net vaikams! Kvapnias dulksnas [&hellip;]<\/p>","protected":false},"featured_media":1671758,"comment_status":"open","ping_status":"closed","template":"","meta":{"content-type":"","_monsterinsights_skip_tracking":false,"_monsterinsights_sitenote_active":false,"_monsterinsights_sitenote_note":"","_monsterinsights_sitenote_category":0,"_uf_show_specific_survey":0,"_uf_disable_surveys":false},"product_brand":[1652],"product_cat":[15,1506,1512,1035],"product_tag":[1541,1425,1548,1549],"class_list":{"0":"post-1671756","1":"product","2":"type-product","3":"status-publish","4":"has-post-thumbnail","6":"product_brand-biocos-kosmetika","7":"product_cat-all-products","8":"product_cat-essential-oils","9":"product_cat-kvapnios-dulksnos","10":"product_cat-sale","11":"product_tag-kvapni-dulksna","12":"product_tag-levandos","13":"product_tag-patalynes-dulksna","14":"product_tag-ramus-miegas","16":"first","17":"instock","18":"sale","19":"taxable","20":"shipping-taxable","21":"purchasable","22":"product-type-simple"},"bundled_by":[],"bundle_stock_status":"instock","bundle_stock_quantity":null,"bundle_virtual":false,"bundle_layout":"","bundle_add_to_cart_form_location":"","bundle_editable_in_cart":false,"bundle_sold_individually_context":"","bundle_item_grouping":"","bundle_min_size":"","bundle_max_size":"","bundle_price":[],"bundled_items":[],"bundle_sell_ids":[],"group_of_quantity":0,"min_quantity":0,"max_quantity":"","exclude_order_quantity_value_rules":"no","exclude_category_quantity_rules":"no","combine_variations":"no","exclude_global_add_ons":[],"addons":[],"yoast_head":"<!-- This site is optimized with the Yoast SEO plugin v27.3 - https:\/\/yoast.com\/product\/yoast-seo-wordpress\/ -->\n<title>BIOCOS  Patalyn\u0117s dulksna  RAMUS MIEGAS - Greenspells<\/title>\n<meta name=\"description\" content=\"RAMUS MIEGAS patalyn\u0117s dulksnos malonus, atpalaiduojantis aromatas pad\u0117s pasinerti \u012f gilesn\u012f mieg\u0105 ir kurti pa\u010dius maloniausius sapnus!\" \/>\n<meta name=\"robots\" content=\"index, follow, max-snippet:-1, max-image-preview:large, max-video-preview:-1\" \/>\n<link rel=\"canonical\" href=\"https:\/\/greenspells.com\/lt\/produktas\/biocos-patalynes-dulksna-ramus-miegas\/\" \/>\n<meta property=\"og:locale\" content=\"lt_LT\" \/>\n<meta property=\"og:type\" content=\"article\" \/>\n<meta property=\"og:title\" content=\"BIOCOS  Patalyn\u0117s dulksna  RAMUS MIEGAS - Greenspells\" \/>\n<meta property=\"og:description\" content=\"RAMUS MIEGAS patalyn\u0117s dulksnos malonus, atpalaiduojantis aromatas pad\u0117s pasinerti \u012f gilesn\u012f mieg\u0105 ir kurti pa\u010dius maloniausius sapnus!\" \/>\n<meta property=\"og:url\" content=\"https:\/\/greenspells.com\/lt\/produktas\/biocos-patalynes-dulksna-ramus-miegas\/\" \/>\n<meta property=\"og:site_name\" content=\"Greenspells\" \/>\n<meta property=\"article:publisher\" content=\"https:\/\/www.facebook.com\/Greenspells\" \/>\n<meta property=\"article:modified_time\" content=\"2026-03-04T06:46:14+00:00\" \/>\n<meta property=\"og:image\" content=\"https:\/\/greenspells.com\/wp-content\/uploads\/2023\/02\/patalynes-dulksna-ramus-miegas-4.png\" \/>\n\t<meta property=\"og:image:width\" content=\"600\" \/>\n\t<meta property=\"og:image:height\" content=\"600\" \/>\n\t<meta property=\"og:image:type\" content=\"image\/png\" \/>\n<meta name=\"twitter:card\" content=\"summary_large_image\" \/>\n<meta name=\"twitter:label1\" content=\"Est. reading time\" \/>\n\t<meta name=\"twitter:data1\" content=\"1 minut\u0117\" \/>\n<script type=\"application\/ld+json\" class=\"yoast-schema-graph\">{\"@context\":\"https:\\\/\\\/schema.org\",\"@graph\":[{\"@type\":\"WebPage\",\"@id\":\"https:\\\/\\\/greenspells.com\\\/product\\\/biocos-patalynes-dulksna-ramus-miegas\\\/\",\"url\":\"https:\\\/\\\/greenspells.com\\\/product\\\/biocos-patalynes-dulksna-ramus-miegas\\\/\",\"name\":\"BIOCOS Patalyn\u0117s dulksna RAMUS MIEGAS - Greenspells\",\"isPartOf\":{\"@id\":\"https:\\\/\\\/greenspells.com\\\/#website\"},\"primaryImageOfPage\":{\"@id\":\"https:\\\/\\\/greenspells.com\\\/product\\\/biocos-patalynes-dulksna-ramus-miegas\\\/#primaryimage\"},\"image\":{\"@id\":\"https:\\\/\\\/greenspells.com\\\/product\\\/biocos-patalynes-dulksna-ramus-miegas\\\/#primaryimage\"},\"thumbnailUrl\":\"https:\\\/\\\/i0.wp.com\\\/greenspells.com\\\/wp-content\\\/uploads\\\/2023\\\/02\\\/patalynes-dulksna-ramus-miegas-4.png?fit=600%2C600&ssl=1\",\"datePublished\":\"2023-02-13T10:51:51+00:00\",\"dateModified\":\"2026-03-04T06:46:14+00:00\",\"description\":\"RAMUS MIEGAS patalyn\u0117s dulksnos malonus, atpalaiduojantis aromatas pad\u0117s pasinerti \u012f gilesn\u012f mieg\u0105 ir kurti pa\u010dius maloniausius sapnus!\",\"breadcrumb\":{\"@id\":\"https:\\\/\\\/greenspells.com\\\/product\\\/biocos-patalynes-dulksna-ramus-miegas\\\/#breadcrumb\"},\"inLanguage\":\"lt-LT\",\"potentialAction\":[{\"@type\":\"ReadAction\",\"target\":[\"https:\\\/\\\/greenspells.com\\\/product\\\/biocos-patalynes-dulksna-ramus-miegas\\\/\"]}]},{\"@type\":\"ImageObject\",\"inLanguage\":\"lt-LT\",\"@id\":\"https:\\\/\\\/greenspells.com\\\/product\\\/biocos-patalynes-dulksna-ramus-miegas\\\/#primaryimage\",\"url\":\"https:\\\/\\\/i0.wp.com\\\/greenspells.com\\\/wp-content\\\/uploads\\\/2023\\\/02\\\/patalynes-dulksna-ramus-miegas-4.png?fit=600%2C600&ssl=1\",\"contentUrl\":\"https:\\\/\\\/i0.wp.com\\\/greenspells.com\\\/wp-content\\\/uploads\\\/2023\\\/02\\\/patalynes-dulksna-ramus-miegas-4.png?fit=600%2C600&ssl=1\",\"width\":600,\"height\":600},{\"@type\":\"BreadcrumbList\",\"@id\":\"https:\\\/\\\/greenspells.com\\\/product\\\/biocos-patalynes-dulksna-ramus-miegas\\\/#breadcrumb\",\"itemListElement\":[{\"@type\":\"ListItem\",\"position\":1,\"name\":\"Home\",\"item\":\"https:\\\/\\\/greenspells.com\\\/\"},{\"@type\":\"ListItem\",\"position\":2,\"name\":\"Shop\",\"item\":\"https:\\\/\\\/greenspells.com\\\/shop\\\/\"},{\"@type\":\"ListItem\",\"position\":3,\"name\":\"BIOCOS Patalyn\u0117s dulksna RAMUS MIEGAS\"}]},{\"@type\":\"WebSite\",\"@id\":\"https:\\\/\\\/greenspells.com\\\/#website\",\"url\":\"https:\\\/\\\/greenspells.com\\\/\",\"name\":\"Greenspells\",\"description\":\"Nat\u016brali ir ekologi\u0161ka kosmetika\",\"publisher\":{\"@id\":\"https:\\\/\\\/greenspells.com\\\/#organization\"},\"potentialAction\":[{\"@type\":\"SearchAction\",\"target\":{\"@type\":\"EntryPoint\",\"urlTemplate\":\"https:\\\/\\\/greenspells.com\\\/?s={search_term_string}\"},\"query-input\":{\"@type\":\"PropertyValueSpecification\",\"valueRequired\":true,\"valueName\":\"search_term_string\"}}],\"inLanguage\":\"lt-LT\"},{\"@type\":\"Organization\",\"@id\":\"https:\\\/\\\/greenspells.com\\\/#organization\",\"name\":\"Greenspells\",\"url\":\"https:\\\/\\\/greenspells.com\\\/\",\"logo\":{\"@type\":\"ImageObject\",\"inLanguage\":\"lt-LT\",\"@id\":\"https:\\\/\\\/greenspells.com\\\/#\\\/schema\\\/logo\\\/image\\\/\",\"url\":\"https:\\\/\\\/i0.wp.com\\\/greenspells.com\\\/wp-content\\\/uploads\\\/2020\\\/09\\\/20200722_153424_0000.png?fit=1500%2C1500&ssl=1\",\"contentUrl\":\"https:\\\/\\\/i0.wp.com\\\/greenspells.com\\\/wp-content\\\/uploads\\\/2020\\\/09\\\/20200722_153424_0000.png?fit=1500%2C1500&ssl=1\",\"width\":1500,\"height\":1500,\"caption\":\"Greenspells\"},\"image\":{\"@id\":\"https:\\\/\\\/greenspells.com\\\/#\\\/schema\\\/logo\\\/image\\\/\"},\"sameAs\":[\"https:\\\/\\\/www.facebook.com\\\/Greenspells\",\"https:\\\/\\\/www.instagram.com\\\/greenspells_store\\\/\"]}]}<\/script>\n<!-- \/ Yoast SEO plugin. -->","yoast_head_json":{"title":"BIOCOS  Patalyn\u0117s dulksna  RAMUS MIEGAS - Greenspells","description":"RAMUS MIEGAS patalyn\u0117s dulksnos malonus, atpalaiduojantis aromatas pad\u0117s pasinerti \u012f gilesn\u012f mieg\u0105 ir kurti pa\u010dius maloniausius sapnus!","robots":{"index":"index","follow":"follow","max-snippet":"max-snippet:-1","max-image-preview":"max-image-preview:large","max-video-preview":"max-video-preview:-1"},"canonical":"https:\/\/greenspells.com\/lt\/produktas\/biocos-patalynes-dulksna-ramus-miegas\/","og_locale":"lt_LT","og_type":"article","og_title":"BIOCOS  Patalyn\u0117s dulksna  RAMUS MIEGAS - Greenspells","og_description":"RAMUS MIEGAS patalyn\u0117s dulksnos malonus, atpalaiduojantis aromatas pad\u0117s pasinerti \u012f gilesn\u012f mieg\u0105 ir kurti pa\u010dius maloniausius sapnus!","og_url":"https:\/\/greenspells.com\/lt\/produktas\/biocos-patalynes-dulksna-ramus-miegas\/","og_site_name":"Greenspells","article_publisher":"https:\/\/www.facebook.com\/Greenspells","article_modified_time":"2026-03-04T06:46:14+00:00","og_image":[{"width":600,"height":600,"url":"https:\/\/greenspells.com\/wp-content\/uploads\/2023\/02\/patalynes-dulksna-ramus-miegas-4.png","type":"image\/png"}],"twitter_card":"summary_large_image","twitter_misc":{"Est. reading time":"1 minut\u0117"},"schema":{"@context":"https:\/\/schema.org","@graph":[{"@type":"WebPage","@id":"https:\/\/greenspells.com\/product\/biocos-patalynes-dulksna-ramus-miegas\/","url":"https:\/\/greenspells.com\/product\/biocos-patalynes-dulksna-ramus-miegas\/","name":"BIOCOS Patalyn\u0117s dulksna RAMUS MIEGAS - Greenspells","isPartOf":{"@id":"https:\/\/greenspells.com\/#website"},"primaryImageOfPage":{"@id":"https:\/\/greenspells.com\/product\/biocos-patalynes-dulksna-ramus-miegas\/#primaryimage"},"image":{"@id":"https:\/\/greenspells.com\/product\/biocos-patalynes-dulksna-ramus-miegas\/#primaryimage"},"thumbnailUrl":"https:\/\/i0.wp.com\/greenspells.com\/wp-content\/uploads\/2023\/02\/patalynes-dulksna-ramus-miegas-4.png?fit=600%2C600&ssl=1","datePublished":"2023-02-13T10:51:51+00:00","dateModified":"2026-03-04T06:46:14+00:00","description":"RAMUS MIEGAS patalyn\u0117s dulksnos malonus, atpalaiduojantis aromatas pad\u0117s pasinerti \u012f gilesn\u012f mieg\u0105 ir kurti pa\u010dius maloniausius sapnus!","breadcrumb":{"@id":"https:\/\/greenspells.com\/product\/biocos-patalynes-dulksna-ramus-miegas\/#breadcrumb"},"inLanguage":"lt-LT","potentialAction":[{"@type":"ReadAction","target":["https:\/\/greenspells.com\/product\/biocos-patalynes-dulksna-ramus-miegas\/"]}]},{"@type":"ImageObject","inLanguage":"lt-LT","@id":"https:\/\/greenspells.com\/product\/biocos-patalynes-dulksna-ramus-miegas\/#primaryimage","url":"https:\/\/i0.wp.com\/greenspells.com\/wp-content\/uploads\/2023\/02\/patalynes-dulksna-ramus-miegas-4.png?fit=600%2C600&ssl=1","contentUrl":"https:\/\/i0.wp.com\/greenspells.com\/wp-content\/uploads\/2023\/02\/patalynes-dulksna-ramus-miegas-4.png?fit=600%2C600&ssl=1","width":600,"height":600},{"@type":"BreadcrumbList","@id":"https:\/\/greenspells.com\/product\/biocos-patalynes-dulksna-ramus-miegas\/#breadcrumb","itemListElement":[{"@type":"ListItem","position":1,"name":"Home","item":"https:\/\/greenspells.com\/"},{"@type":"ListItem","position":2,"name":"Shop","item":"https:\/\/greenspells.com\/shop\/"},{"@type":"ListItem","position":3,"name":"BIOCOS Patalyn\u0117s dulksna RAMUS MIEGAS"}]},{"@type":"WebSite","@id":"https:\/\/greenspells.com\/#website","url":"https:\/\/greenspells.com\/","name":"Greenspells","description":"Nat\u016brali ir ekologi\u0161ka kosmetika","publisher":{"@id":"https:\/\/greenspells.com\/#organization"},"potentialAction":[{"@type":"SearchAction","target":{"@type":"EntryPoint","urlTemplate":"https:\/\/greenspells.com\/?s={search_term_string}"},"query-input":{"@type":"PropertyValueSpecification","valueRequired":true,"valueName":"search_term_string"}}],"inLanguage":"lt-LT"},{"@type":"Organization","@id":"https:\/\/greenspells.com\/#organization","name":"Greenspells","url":"https:\/\/greenspells.com\/","logo":{"@type":"ImageObject","inLanguage":"lt-LT","@id":"https:\/\/greenspells.com\/#\/schema\/logo\/image\/","url":"https:\/\/i0.wp.com\/greenspells.com\/wp-content\/uploads\/2020\/09\/20200722_153424_0000.png?fit=1500%2C1500&ssl=1","contentUrl":"https:\/\/i0.wp.com\/greenspells.com\/wp-content\/uploads\/2020\/09\/20200722_153424_0000.png?fit=1500%2C1500&ssl=1","width":1500,"height":1500,"caption":"Greenspells"},"image":{"@id":"https:\/\/greenspells.com\/#\/schema\/logo\/image\/"},"sameAs":["https:\/\/www.facebook.com\/Greenspells","https:\/\/www.instagram.com\/greenspells_store\/"]}]}},"jetpack_likes_enabled":true,"jetpack_sharing_enabled":true,"_links":{"self":[{"href":"https:\/\/greenspells.com\/lt\/wp-json\/wp\/v2\/product\/1671756","targetHints":{"allow":["GET"]}}],"collection":[{"href":"https:\/\/greenspells.com\/lt\/wp-json\/wp\/v2\/product"}],"about":[{"href":"https:\/\/greenspells.com\/lt\/wp-json\/wp\/v2\/types\/product"}],"replies":[{"embeddable":true,"href":"https:\/\/greenspells.com\/lt\/wp-json\/wp\/v2\/comments?post=1671756"}],"wp:featuredmedia":[{"embeddable":true,"href":"https:\/\/greenspells.com\/lt\/wp-json\/wp\/v2\/media\/1671758"}],"wp:attachment":[{"href":"https:\/\/greenspells.com\/lt\/wp-json\/wp\/v2\/media?parent=1671756"}],"wp:term":[{"taxonomy":"product_brand","embeddable":true,"href":"https:\/\/greenspells.com\/lt\/wp-json\/wp\/v2\/product_brand?post=1671756"},{"taxonomy":"product_cat","embeddable":true,"href":"https:\/\/greenspells.com\/lt\/wp-json\/wp\/v2\/product_cat?post=1671756"},{"taxonomy":"product_tag","embeddable":true,"href":"https:\/\/greenspells.com\/lt\/wp-json\/wp\/v2\/product_tag?post=1671756"}],"curies":[{"name":"wp","href":"https:\/\/api.w.org\/{rel}","templated":true}]}}