{"id":1671746,"date":"2023-02-13T12:39:27","date_gmt":"2023-02-13T10:39:27","guid":{"rendered":"https:\/\/greenspells.com\/?post_type=product&#038;p=1671746"},"modified":"2025-01-08T11:08:46","modified_gmt":"2025-01-08T09:08:46","slug":"biocos-kvapni-dulksna-svarus-namai","status":"publish","type":"product","link":"https:\/\/greenspells.com\/lt\/produktas\/biocos-kvapni-dulksna-svarus-namai\/","title":{"rendered":"BIOCOS <br> Kvapni dulksna <br> \u0160VAR\u016aS NAMAI"},"content":{"rendered":"<p>Kvapni dulksna \u0160VAR\u016aS NAMAI &#8211; nat\u016brali priemon\u0117, turinti kvapus neutralizuojan\u010di\u0173 ir or\u0105 valan\u010di\u0173 savybi\u0173.\u00a0Malonaus kvapo citrin\u017eoli\u0173 ir arbatmed\u017eio eteriniai aliejai pa\u0161alina nemalonius kvapus, i\u0161valo patalp\u0173 or\u0105, atgaivina, pagerina patalp\u0173 kvap\u0105.<\/p>\n<h3 class=\"product-information-heading\" style=\"box-sizing: border-box; margin-top: 0px; margin-bottom: 16px; padding: 0px; font-size: 35px; font-family: Jost-Regular; line-height: 45px; letter-spacing: 0.2em; color: #2c2c2c; text-transform: uppercase;\">PREK\u0116S INFORMACIJA<\/h3>\n<div class=\"row\" style=\"box-sizing: border-box; margin: 0px -15px; padding: 0px; display: flex; flex-wrap: wrap; color: #666666; font-family: Jost-Regular; font-size: 14px;\">\n<div class=\"col-xs-12 col-md-6\" style=\"box-sizing: border-box; margin: 0px 0px 15px; padding: 0px 15px; position: relative; min-height: 1px; float: left; width: 378.19px;\">\n<div class=\"rte\" style=\"box-sizing: border-box; margin: 0px; padding: 0px; font-size: 15px; line-height: 20px; color: #000000; background: none 0px 0px repeat scroll transparent;\">\n<p style=\"box-sizing: border-box; margin-bottom: 0px; padding: 0px 0px 10px; line-height: 20px;\">Pur\u0161kiama arbatmed\u017ei\u0173 ir citrin\u017eoli\u0173 eterini\u0173 aliej\u0173 sinergija \u0160VAR\u016aS NAMAI ne tik suteiks \u0161varos ir gaivos aromat\u0105 j\u016bs\u0173 namams, bet ir apvalys erdves, kuriose yra sergan\u010di\u0173 \u017emoni\u0173.<\/p>\n<p style=\"box-sizing: border-box; margin-bottom: 0px; padding: 0px 0px 10px; line-height: 20px;\"><span style=\"box-sizing: border-box;\">Kvapnias dulksnas kuriame naudodami 100<\/span><span style=\"box-sizing: border-box;\">% nat<\/span><span style=\"box-sizing: border-box;\">\u016bralius eterinius aliejus, tod\u0117l tai ne tik malonaus aromato, bet ir \u0161velnaus terapinio poveikio gaminys.\u00a0Eteriniai aliejai mi\u0161iniuose papildo vienas kit\u0105 bei veikia sinergi\u0161kai. Mi\u0161iniuose naudojami tik nat\u016bral\u016bs auk\u0161\u010diausios kokyb\u0117s gryni eteriniai aliejai, suteikiantys galimyb\u0119 m\u0117gauti aromaterapijos poveikiu.<\/span><\/p>\n<p style=\"box-sizing: border-box; margin-bottom: 0px; padding: 0px 0px 10px; line-height: 20px;\"><strong style=\"box-sizing: border-box;\">NAUDOJIMAS<\/strong><span style=\"box-sizing: border-box;\">: pur\u0161kite patalpas, mink\u0161t\u0173 bald\u0173 pavir\u0161ius, kilimus, u\u017euolaidas, patalyn\u0119 ar kitus tekstil\u0117s gaminius. Nenaudokite ant \u0161viesi\u0173 pavir\u0161i\u0173. I\u0161bandykite ant ma\u017eo ploto.<\/span><\/p>\n<p style=\"box-sizing: border-box; margin-bottom: 0px; padding: 0px 0px 10px; line-height: 20px;\"><strong style=\"box-sizing: border-box;\">Svarbi informacija!<\/strong><span style=\"box-sizing: border-box;\">\u00a0Kvapni dulksna n\u0117ra nam\u0173 kvapas. Kvapni dulksna \u2013 silpnesn\u0117s koncentracijos priemon\u0117 be kvapo stiprinkli\u0173 ir fiksatori\u0173, tad norint ilgiau jausti jos aromat\u0105, reik\u0117t\u0173 purk\u0161ti ant tekstilini\u0173 pavir\u0161i\u0173.<\/span><\/p>\n<\/div>\n<\/div>\n<div class=\"col-xs-12 col-md-6\" style=\"box-sizing: border-box; margin: 0px; padding: 0px 15px; position: relative; min-height: 1px; float: left; width: 378.19px;\">\n<div class=\"data-sheet entry\" style=\"box-sizing: border-box; margin: 0px -15px; padding: 0px; overflow: auto;\">\n<table style=\"border-collapse: collapse; width: 378.19px; margin-bottom: 12px;\">\n<tbody style=\"box-sizing: border-box;\">\n<tr style=\"box-sizing: border-box; background-color: #f7f8f7;\">\n<td style=\"box-sizing: border-box; margin: 0px; padding: 6px 12px; font-family: Quicksand; font-size: 14px; line-height: 20px; color: #6c6c6c; width: 189.095px; min-width: 49%; border-right: 1px solid #d9ebe8;\">Talpa<\/td>\n<td style=\"box-sizing: border-box; margin: 0px; padding: 6px 12px; font-family: Quicksand; font-size: 14px; line-height: 20px; color: #6c6c6c; width: 189.095px; min-width: 49%;\">100<\/td>\n<\/tr>\n<\/tbody>\n<\/table>\n<\/div>\n<\/div>\n<\/div>","protected":false},"excerpt":{"rendered":"<p>Kvapni dulksna \u0160VAR\u016aS NAMAI &#8211; nat\u016brali priemon\u0117, turinti kvapus neutralizuojan\u010di\u0173 ir or\u0105 valan\u010di\u0173 savybi\u0173.\u00a0Malonaus kvapo citrin\u017eoli\u0173 ir arbatmed\u017eio eteriniai aliejai pa\u0161alina nemalonius kvapus, i\u0161valo patalp\u0173 or\u0105, atgaivina, pagerina patalp\u0173 kvap\u0105. PREK\u0116S INFORMACIJA Pur\u0161kiama arbatmed\u017ei\u0173 ir citrin\u017eoli\u0173 eterini\u0173 aliej\u0173 sinergija \u0160VAR\u016aS NAMAI ne tik suteiks \u0161varos ir gaivos aromat\u0105 j\u016bs\u0173 namams, bet ir apvalys erdves, kuriose [&hellip;]<\/p>\n","protected":false},"featured_media":1671748,"comment_status":"open","ping_status":"closed","template":"","meta":{"content-type":"","_monsterinsights_skip_tracking":false,"_monsterinsights_sitenote_active":false,"_monsterinsights_sitenote_note":"","_monsterinsights_sitenote_category":0,"_uf_show_specific_survey":0,"_uf_disable_surveys":false},"product_brand":[1652],"product_cat":[1506,1512,15],"product_tag":[1544,1542,1541],"class_list":{"0":"post-1671746","1":"product","2":"type-product","3":"status-publish","4":"has-post-thumbnail","6":"product_brand-biocos-kosmetika","7":"product_cat-essential-oils","8":"product_cat-kvapnios-dulksnos","9":"product_cat-all-products","10":"product_tag-svarus-namai","11":"product_tag-dulksna-namams","12":"product_tag-kvapni-dulksna","14":"first","15":"instock","16":"taxable","17":"shipping-taxable","18":"purchasable","19":"product-type-simple"},"bundled_by":[],"bundle_stock_status":"instock","bundle_stock_quantity":null,"bundle_virtual":false,"bundle_layout":"","bundle_add_to_cart_form_location":"","bundle_editable_in_cart":false,"bundle_sold_individually_context":"","bundle_item_grouping":"","bundle_min_size":"","bundle_max_size":"","bundle_price":[],"bundled_items":[],"bundle_sell_ids":[],"group_of_quantity":0,"min_quantity":0,"max_quantity":"","exclude_order_quantity_value_rules":"no","exclude_category_quantity_rules":"no","combine_variations":"no","exclude_global_add_ons":[],"addons":[],"yoast_head":"<!-- This site is optimized with the Yoast SEO plugin v27.4 - https:\/\/yoast.com\/product\/yoast-seo-wordpress\/ -->\n<title>BIOCOS  Kvapni dulksna  \u0160VAR\u016aS NAMAI - Greenspells<\/title>\n<meta name=\"description\" content=\"Malonaus kvapo citrin\u017eoli\u0173 ir arbatmed\u017eio eteriniai aliejai pa\u0161alina nemalonius kvapus, i\u0161valo patalp\u0173 or\u0105, atgaivina, pagerina patalp\u0173 kvap\u0105.\" \/>\n<meta name=\"robots\" content=\"index, follow, max-snippet:-1, max-image-preview:large, max-video-preview:-1\" \/>\n<link rel=\"canonical\" href=\"https:\/\/greenspells.com\/lt\/produktas\/biocos-kvapni-dulksna-svarus-namai\/\" \/>\n<meta property=\"og:locale\" content=\"lt_LT\" \/>\n<meta property=\"og:type\" content=\"article\" \/>\n<meta property=\"og:title\" content=\"BIOCOS  Kvapni dulksna  \u0160VAR\u016aS NAMAI - Greenspells\" \/>\n<meta property=\"og:description\" content=\"Malonaus kvapo citrin\u017eoli\u0173 ir arbatmed\u017eio eteriniai aliejai pa\u0161alina nemalonius kvapus, i\u0161valo patalp\u0173 or\u0105, atgaivina, pagerina patalp\u0173 kvap\u0105.\" \/>\n<meta property=\"og:url\" content=\"https:\/\/greenspells.com\/lt\/produktas\/biocos-kvapni-dulksna-svarus-namai\/\" \/>\n<meta property=\"og:site_name\" content=\"Greenspells\" \/>\n<meta property=\"article:publisher\" content=\"https:\/\/www.facebook.com\/Greenspells\" \/>\n<meta property=\"article:modified_time\" content=\"2025-01-08T09:08:46+00:00\" \/>\n<meta property=\"og:image\" content=\"https:\/\/greenspells.com\/wp-content\/uploads\/2023\/02\/svarus-namai-kvapni-dulksna.png\" \/>\n\t<meta property=\"og:image:width\" content=\"600\" \/>\n\t<meta property=\"og:image:height\" content=\"600\" \/>\n\t<meta property=\"og:image:type\" content=\"image\/png\" \/>\n<meta name=\"twitter:card\" content=\"summary_large_image\" \/>\n<meta name=\"twitter:label1\" content=\"Est. reading time\" \/>\n\t<meta name=\"twitter:data1\" content=\"1 minut\u0117\" \/>\n<script type=\"application\/ld+json\" class=\"yoast-schema-graph\">{\"@context\":\"https:\\\/\\\/schema.org\",\"@graph\":[{\"@type\":\"WebPage\",\"@id\":\"https:\\\/\\\/greenspells.com\\\/product\\\/biocos-kvapni-dulksna-svarus-namai\\\/\",\"url\":\"https:\\\/\\\/greenspells.com\\\/product\\\/biocos-kvapni-dulksna-svarus-namai\\\/\",\"name\":\"BIOCOS Kvapni dulksna \u0160VAR\u016aS NAMAI - Greenspells\",\"isPartOf\":{\"@id\":\"https:\\\/\\\/greenspells.com\\\/#website\"},\"primaryImageOfPage\":{\"@id\":\"https:\\\/\\\/greenspells.com\\\/product\\\/biocos-kvapni-dulksna-svarus-namai\\\/#primaryimage\"},\"image\":{\"@id\":\"https:\\\/\\\/greenspells.com\\\/product\\\/biocos-kvapni-dulksna-svarus-namai\\\/#primaryimage\"},\"thumbnailUrl\":\"https:\\\/\\\/i0.wp.com\\\/greenspells.com\\\/wp-content\\\/uploads\\\/2023\\\/02\\\/svarus-namai-kvapni-dulksna.png?fit=600%2C600&ssl=1\",\"datePublished\":\"2023-02-13T10:39:27+00:00\",\"dateModified\":\"2025-01-08T09:08:46+00:00\",\"description\":\"Malonaus kvapo citrin\u017eoli\u0173 ir arbatmed\u017eio eteriniai aliejai pa\u0161alina nemalonius kvapus, i\u0161valo patalp\u0173 or\u0105, atgaivina, pagerina patalp\u0173 kvap\u0105.\",\"breadcrumb\":{\"@id\":\"https:\\\/\\\/greenspells.com\\\/product\\\/biocos-kvapni-dulksna-svarus-namai\\\/#breadcrumb\"},\"inLanguage\":\"lt-LT\",\"potentialAction\":[{\"@type\":\"ReadAction\",\"target\":[\"https:\\\/\\\/greenspells.com\\\/product\\\/biocos-kvapni-dulksna-svarus-namai\\\/\"]}]},{\"@type\":\"ImageObject\",\"inLanguage\":\"lt-LT\",\"@id\":\"https:\\\/\\\/greenspells.com\\\/product\\\/biocos-kvapni-dulksna-svarus-namai\\\/#primaryimage\",\"url\":\"https:\\\/\\\/i0.wp.com\\\/greenspells.com\\\/wp-content\\\/uploads\\\/2023\\\/02\\\/svarus-namai-kvapni-dulksna.png?fit=600%2C600&ssl=1\",\"contentUrl\":\"https:\\\/\\\/i0.wp.com\\\/greenspells.com\\\/wp-content\\\/uploads\\\/2023\\\/02\\\/svarus-namai-kvapni-dulksna.png?fit=600%2C600&ssl=1\",\"width\":600,\"height\":600},{\"@type\":\"BreadcrumbList\",\"@id\":\"https:\\\/\\\/greenspells.com\\\/product\\\/biocos-kvapni-dulksna-svarus-namai\\\/#breadcrumb\",\"itemListElement\":[{\"@type\":\"ListItem\",\"position\":1,\"name\":\"Home\",\"item\":\"https:\\\/\\\/greenspells.com\\\/\"},{\"@type\":\"ListItem\",\"position\":2,\"name\":\"Shop\",\"item\":\"https:\\\/\\\/greenspells.com\\\/shop\\\/\"},{\"@type\":\"ListItem\",\"position\":3,\"name\":\"BIOCOS Kvapni dulksna \u0160VAR\u016aS NAMAI\"}]},{\"@type\":\"WebSite\",\"@id\":\"https:\\\/\\\/greenspells.com\\\/#website\",\"url\":\"https:\\\/\\\/greenspells.com\\\/\",\"name\":\"Greenspells\",\"description\":\"Nat\u016brali ir ekologi\u0161ka kosmetika\",\"publisher\":{\"@id\":\"https:\\\/\\\/greenspells.com\\\/#organization\"},\"potentialAction\":[{\"@type\":\"SearchAction\",\"target\":{\"@type\":\"EntryPoint\",\"urlTemplate\":\"https:\\\/\\\/greenspells.com\\\/?s={search_term_string}\"},\"query-input\":{\"@type\":\"PropertyValueSpecification\",\"valueRequired\":true,\"valueName\":\"search_term_string\"}}],\"inLanguage\":\"lt-LT\"},{\"@type\":\"Organization\",\"@id\":\"https:\\\/\\\/greenspells.com\\\/#organization\",\"name\":\"Greenspells\",\"url\":\"https:\\\/\\\/greenspells.com\\\/\",\"logo\":{\"@type\":\"ImageObject\",\"inLanguage\":\"lt-LT\",\"@id\":\"https:\\\/\\\/greenspells.com\\\/#\\\/schema\\\/logo\\\/image\\\/\",\"url\":\"https:\\\/\\\/i0.wp.com\\\/greenspells.com\\\/wp-content\\\/uploads\\\/2020\\\/09\\\/20200722_153424_0000.png?fit=1500%2C1500&ssl=1\",\"contentUrl\":\"https:\\\/\\\/i0.wp.com\\\/greenspells.com\\\/wp-content\\\/uploads\\\/2020\\\/09\\\/20200722_153424_0000.png?fit=1500%2C1500&ssl=1\",\"width\":1500,\"height\":1500,\"caption\":\"Greenspells\"},\"image\":{\"@id\":\"https:\\\/\\\/greenspells.com\\\/#\\\/schema\\\/logo\\\/image\\\/\"},\"sameAs\":[\"https:\\\/\\\/www.facebook.com\\\/Greenspells\",\"https:\\\/\\\/www.instagram.com\\\/greenspells_store\\\/\"]}]}<\/script>\n<!-- \/ Yoast SEO plugin. -->","yoast_head_json":{"title":"BIOCOS  Kvapni dulksna  \u0160VAR\u016aS NAMAI - Greenspells","description":"Malonaus kvapo citrin\u017eoli\u0173 ir arbatmed\u017eio eteriniai aliejai pa\u0161alina nemalonius kvapus, i\u0161valo patalp\u0173 or\u0105, atgaivina, pagerina patalp\u0173 kvap\u0105.","robots":{"index":"index","follow":"follow","max-snippet":"max-snippet:-1","max-image-preview":"max-image-preview:large","max-video-preview":"max-video-preview:-1"},"canonical":"https:\/\/greenspells.com\/lt\/produktas\/biocos-kvapni-dulksna-svarus-namai\/","og_locale":"lt_LT","og_type":"article","og_title":"BIOCOS  Kvapni dulksna  \u0160VAR\u016aS NAMAI - Greenspells","og_description":"Malonaus kvapo citrin\u017eoli\u0173 ir arbatmed\u017eio eteriniai aliejai pa\u0161alina nemalonius kvapus, i\u0161valo patalp\u0173 or\u0105, atgaivina, pagerina patalp\u0173 kvap\u0105.","og_url":"https:\/\/greenspells.com\/lt\/produktas\/biocos-kvapni-dulksna-svarus-namai\/","og_site_name":"Greenspells","article_publisher":"https:\/\/www.facebook.com\/Greenspells","article_modified_time":"2025-01-08T09:08:46+00:00","og_image":[{"width":600,"height":600,"url":"https:\/\/greenspells.com\/wp-content\/uploads\/2023\/02\/svarus-namai-kvapni-dulksna.png","type":"image\/png"}],"twitter_card":"summary_large_image","twitter_misc":{"Est. reading time":"1 minut\u0117"},"schema":{"@context":"https:\/\/schema.org","@graph":[{"@type":"WebPage","@id":"https:\/\/greenspells.com\/product\/biocos-kvapni-dulksna-svarus-namai\/","url":"https:\/\/greenspells.com\/product\/biocos-kvapni-dulksna-svarus-namai\/","name":"BIOCOS Kvapni dulksna \u0160VAR\u016aS NAMAI - Greenspells","isPartOf":{"@id":"https:\/\/greenspells.com\/#website"},"primaryImageOfPage":{"@id":"https:\/\/greenspells.com\/product\/biocos-kvapni-dulksna-svarus-namai\/#primaryimage"},"image":{"@id":"https:\/\/greenspells.com\/product\/biocos-kvapni-dulksna-svarus-namai\/#primaryimage"},"thumbnailUrl":"https:\/\/i0.wp.com\/greenspells.com\/wp-content\/uploads\/2023\/02\/svarus-namai-kvapni-dulksna.png?fit=600%2C600&ssl=1","datePublished":"2023-02-13T10:39:27+00:00","dateModified":"2025-01-08T09:08:46+00:00","description":"Malonaus kvapo citrin\u017eoli\u0173 ir arbatmed\u017eio eteriniai aliejai pa\u0161alina nemalonius kvapus, i\u0161valo patalp\u0173 or\u0105, atgaivina, pagerina patalp\u0173 kvap\u0105.","breadcrumb":{"@id":"https:\/\/greenspells.com\/product\/biocos-kvapni-dulksna-svarus-namai\/#breadcrumb"},"inLanguage":"lt-LT","potentialAction":[{"@type":"ReadAction","target":["https:\/\/greenspells.com\/product\/biocos-kvapni-dulksna-svarus-namai\/"]}]},{"@type":"ImageObject","inLanguage":"lt-LT","@id":"https:\/\/greenspells.com\/product\/biocos-kvapni-dulksna-svarus-namai\/#primaryimage","url":"https:\/\/i0.wp.com\/greenspells.com\/wp-content\/uploads\/2023\/02\/svarus-namai-kvapni-dulksna.png?fit=600%2C600&ssl=1","contentUrl":"https:\/\/i0.wp.com\/greenspells.com\/wp-content\/uploads\/2023\/02\/svarus-namai-kvapni-dulksna.png?fit=600%2C600&ssl=1","width":600,"height":600},{"@type":"BreadcrumbList","@id":"https:\/\/greenspells.com\/product\/biocos-kvapni-dulksna-svarus-namai\/#breadcrumb","itemListElement":[{"@type":"ListItem","position":1,"name":"Home","item":"https:\/\/greenspells.com\/"},{"@type":"ListItem","position":2,"name":"Shop","item":"https:\/\/greenspells.com\/shop\/"},{"@type":"ListItem","position":3,"name":"BIOCOS Kvapni dulksna \u0160VAR\u016aS NAMAI"}]},{"@type":"WebSite","@id":"https:\/\/greenspells.com\/#website","url":"https:\/\/greenspells.com\/","name":"Greenspells","description":"Nat\u016brali ir ekologi\u0161ka kosmetika","publisher":{"@id":"https:\/\/greenspells.com\/#organization"},"potentialAction":[{"@type":"SearchAction","target":{"@type":"EntryPoint","urlTemplate":"https:\/\/greenspells.com\/?s={search_term_string}"},"query-input":{"@type":"PropertyValueSpecification","valueRequired":true,"valueName":"search_term_string"}}],"inLanguage":"lt-LT"},{"@type":"Organization","@id":"https:\/\/greenspells.com\/#organization","name":"Greenspells","url":"https:\/\/greenspells.com\/","logo":{"@type":"ImageObject","inLanguage":"lt-LT","@id":"https:\/\/greenspells.com\/#\/schema\/logo\/image\/","url":"https:\/\/i0.wp.com\/greenspells.com\/wp-content\/uploads\/2020\/09\/20200722_153424_0000.png?fit=1500%2C1500&ssl=1","contentUrl":"https:\/\/i0.wp.com\/greenspells.com\/wp-content\/uploads\/2020\/09\/20200722_153424_0000.png?fit=1500%2C1500&ssl=1","width":1500,"height":1500,"caption":"Greenspells"},"image":{"@id":"https:\/\/greenspells.com\/#\/schema\/logo\/image\/"},"sameAs":["https:\/\/www.facebook.com\/Greenspells","https:\/\/www.instagram.com\/greenspells_store\/"]}]}},"jetpack_likes_enabled":true,"jetpack_sharing_enabled":true,"_links":{"self":[{"href":"https:\/\/greenspells.com\/lt\/wp-json\/wp\/v2\/product\/1671746","targetHints":{"allow":["GET"]}}],"collection":[{"href":"https:\/\/greenspells.com\/lt\/wp-json\/wp\/v2\/product"}],"about":[{"href":"https:\/\/greenspells.com\/lt\/wp-json\/wp\/v2\/types\/product"}],"replies":[{"embeddable":true,"href":"https:\/\/greenspells.com\/lt\/wp-json\/wp\/v2\/comments?post=1671746"}],"wp:featuredmedia":[{"embeddable":true,"href":"https:\/\/greenspells.com\/lt\/wp-json\/wp\/v2\/media\/1671748"}],"wp:attachment":[{"href":"https:\/\/greenspells.com\/lt\/wp-json\/wp\/v2\/media?parent=1671746"}],"wp:term":[{"taxonomy":"product_brand","embeddable":true,"href":"https:\/\/greenspells.com\/lt\/wp-json\/wp\/v2\/product_brand?post=1671746"},{"taxonomy":"product_cat","embeddable":true,"href":"https:\/\/greenspells.com\/lt\/wp-json\/wp\/v2\/product_cat?post=1671746"},{"taxonomy":"product_tag","embeddable":true,"href":"https:\/\/greenspells.com\/lt\/wp-json\/wp\/v2\/product_tag?post=1671746"}],"curies":[{"name":"wp","href":"https:\/\/api.w.org\/{rel}","templated":true}]}}