{"id":1671730,"date":"2023-02-12T18:49:43","date_gmt":"2023-02-12T16:49:43","guid":{"rendered":"https:\/\/greenspells.com\/?post_type=product&#038;p=1671730"},"modified":"2025-01-08T10:51:47","modified_gmt":"2025-01-08T08:51:47","slug":"biocos-greipfrutu-rausvuju-eterinis-aliejus","status":"publish","type":"product","link":"https:\/\/greenspells.com\/lt\/produktas\/biocos-greipfrutu-rausvuju-eterinis-aliejus\/","title":{"rendered":"BIOCOS <br> Greipfrut\u0173 rausv\u0173j\u0173 eterinis aliejus"},"content":{"rendered":"<p>D\u017eiuginantis greipfrut\u0173 aromatas yra svarbiausia jo savyb\u0117, d\u0117l kurios jis tur\u0117t\u0173 b\u016bti kiekvienoje rankin\u0117je, ypa\u010d kai tr\u016bksta saul\u0117s ir stokojame optimizmo. Neturi fototoksini\u0173 savybi\u0173, tod\u0117l puikiai tinka vasar\u0105, gali lengvai pakeisti kitus citrus\u0173 eterinius aliejus. Rausvojo greipfruto eterinis aliejus yra saldesnio kvapo u\u017e balt\u0173j\u0173 greipfrut\u0173 aliej\u0173, ta\u010diau savyb\u0117s j\u0173 yra vienodos.<\/p>\n<h3 class=\"product-information-heading\">PREK\u0116S INFORMACIJA<\/h3>\n<div class=\"row\">\n<div class=\"col-xs-12 col-md-6\">\n<div class=\"rte\">\n<p dir=\"ltr\"><strong>Kiekis<\/strong>: 5ml<\/p>\n<p dir=\"ltr\"><strong>Bot<\/strong>:\u00a0Citrus paradisi<\/p>\n<p dir=\"ltr\"><strong>Kilm\u0117s \u0161alis<\/strong>:\u00a0Kuba<\/p>\n<p dir=\"ltr\"><strong>Ekologi\u0161kas<\/strong>:\u00a0NE<\/p>\n<p dir=\"ltr\"><strong>Chemotipas (pagrindiniai komponentai)<\/strong>:\u00a0limonene, \u03b2-Myrcene<\/p>\n<p dir=\"ltr\"><strong>I\u0161gavimo b\u016bdas<\/strong>:\u00a0\u0161alto spaudimo<\/p>\n<p dir=\"ltr\"><strong>Augalo dalis<\/strong>:\u00a0vaisiaus \u017eievel\u0117s<\/p>\n<p dir=\"ltr\"><strong>Aromatas<\/strong>:\u00a0sald\u017eiai gaivus citrusinis aromatas<\/p>\n<p dir=\"ltr\"><strong>Nata<\/strong>:\u00a0vir\u0161utin\u0117<\/p>\n<p dir=\"ltr\"><strong>Alchemija<\/strong>:\u00a0dera su bergamo\u010di\u0173, levand\u0173, rozmarin\u0173, ylang ylang, frankincenso, spygliuo\u010di\u0173, kit\u0173 citrus\u0173 eteriniais aliejais.<\/p>\n<p dir=\"ltr\">\u012e Europ\u0105 per \u0161imtme\u010dius buvo atve\u017etos \u012fvairios greipfrut\u0173 veisl\u0117s i\u0161 Indokinijos, Indijos bei Ramiojo vandenyno sal\u0173, ta\u010diau tik tada, kai pomelo (Citrus maxima) buvo sukry\u017emintas su sald\u017eiuoju apelsinu (Citrus x sinensis), atsirado vaisius, kur\u012f dabar vadiname rausvuoju greipfrutu. Rausvasis greipfrutas i\u0161populiar\u0117jo, kai amerikie\u010diai j\u012f \u0117m\u0117 reklamuoti kaip Holivudo \u017evaig\u017ed\u017ei\u0173 pusry\u010di\u0173 vaisi\u0173.<\/p>\n<p dir=\"ltr\"><strong>R\u016b\u0161iavimo informacija<\/strong>:<\/p>\n<ul>\n<li>Buteliukas \u2013 stiklas<\/li>\n<li>Kam\u0161telis, la\u0161intuvas \u2013 plastikas<\/li>\n<li>Etiket\u0117 \u2013 plastikas PVC<\/li>\n<\/ul>\n<p dir=\"ltr\"><strong>Chemin\u0117 analiz\u0117<\/strong>:\u00a0limonene, \u03b2-Myrcene<\/p>\n<p dir=\"ltr\"><strong>Kosmetin\u0117s savyb\u0117s<\/strong>:<\/p>\n<ul>\n<li>balansuoja odos sebumo i\u0161siskyrim\u0105, tinka spuogeli\u0173 pa\u017eeistai odai, stimuliuoja k\u016bno ir galvos od\u0105;<\/li>\n<li>padeda \u0161alinti toksinus;<\/li>\n<li>kartu su pelargonij\u0173 eteriniu aliejumi naudojamas limfodrena\u017einiam masa\u017eui;<\/li>\n<li>naudojamas masa\u017eui po sporto ar kitos fizin\u0117s veiklos, nes padeda \u0161alinti pieno r\u016bg\u0161t\u012f;<\/li>\n<li>itin efektyvi ir pagrindin\u0117 veiklioji med\u017eiaga anticeliulitiniame masa\u017eo aliejuje.<\/li>\n<\/ul>\n<p dir=\"ltr\"><strong>Aromaterapin\u0117s savyb\u0117s<\/strong>:<\/p>\n<ul>\n<li>skatina d\u017eiuges\u012f, stimuliuoja, suteikia energijos, garinamas ryte kartu su rozmarin\u0173 eteriniu aliejumi padeda \u012fveikti nuovargio jausm\u0105, pasiruo\u0161ti produktyviai darbo dienai;<\/li>\n<li>gerina emocin\u0119 b\u016bkl\u0119, ypa\u010d vertingas pasiry\u017eusiems mesti svor\u012f, nes praskaidrina nuotaik\u0105, padeda reguliuoti apetit\u0105.<\/li>\n<\/ul>\n<p dir=\"ltr\"><strong>Parfumerin\u0117s savyb\u0117s<\/strong>:<\/p>\n<ul>\n<li>pagrindin\u0117 greipfrut\u0173 eterinio aliejaus, kaip ir kit\u0173 citrus\u0173 eterini\u0173 aliej\u0173 (i\u0161skyrus bergamot\u0119) sudedamoji dalis yra limonenas. Limonenas neabejotinai yra atsakingas u\u017e sulting\u0105 citrusini\u0173 vaisi\u0173 gaivum\u0105;<\/li>\n<li>botanin\u0117je parfumerijoje greipfrutas yra ry\u0161ki ir gaivinanti vir\u0161utin\u0117 nata, kiek primenanti aitr\u0173j\u012f apelsin\u0105, ta\u010diau \u0161velnesnio, mink\u0161tesnio aromato;<\/li>\n<li>puikiai dera su pretenzingais g\u0117li\u0161kais kvapais, kaip pelargonij\u0173 ar tuberoz\u0173, be to harmonizuoja juos. Tai dinami\u0161kas, vaisi\u0161kai d\u017eiaugsmingas, \u012fkvepiantis, putojantis aromatas, turintis ir kartumo nat\u0105;<\/li>\n<li>greipfrut\u0173 aromatas kvap\u0173 kompozicijai suteikia gaivumo ir v\u0117sos poj\u016bt\u012f, tod\u0117l itin tinka kuriant kvepalus vasarai.<\/li>\n<\/ul>\n<p dir=\"ltr\"><strong>Gyv\u016bnams<\/strong>:<\/p>\n<p dir=\"ltr\">Pasi\u017eymi od\u0105 valan\u010diomis, tonizuojan\u010diomis savyb\u0117mis, reguliuoja odos sebumo i\u0161siskyrim\u0105, stimuliuoja kailio augim\u0105. Prie\u0161 naudojim\u0105 ant odos b\u016btina skiesti. Stimuliuoja, suteikia energijos, \u017eadina d\u017eiuges\u012f. Puikiai dezodoruoja ir valo patalp\u0173, kuriose gyvena gyv\u016bnai, or\u0105.<\/p>\n<p dir=\"ltr\"><em>D\u0117l teis\u0117s akt\u0173 reikalavim\u0173 negalime \u010dia apra\u0161yti vis\u0173 eterinio aliejaus terapini\u0173 savybi\u0173.<\/em><\/p>\n<p dir=\"ltr\"><strong>Naudojimas<\/strong>:<\/p>\n<ul>\n<li>3-5 la\u0161us paskleiskite ore garintuvu (difuzoriumi);<\/li>\n<li>U\u017ela\u0161inkite ant servet\u0117l\u0117s ir pad\u0117kite \u0161iltoje vietoje, pavyzd\u017eiui ant radiatoriaus. \u0160ildomas eterinis aliejus paskleis naudingas molekules ore.<\/li>\n<li>\u012ela\u0161inkite \u012f vanden\u012f 5 la\u0161us plaudami grindis;<\/li>\n<li>Gryni eteriniai aliejai ant odos nenaudojami. Juos b\u016btina skiesti su baziniais aliejais. Masa\u017eams, \u012ftrinimams, kvepinimuisi skieskite su baziniu aliejumi (migdol\u0173, sezam\u0173, ar kt.): 10 la\u0161\u0173 mi\u0161inio \u012f 10 ml (du valgomieji \u0161auk\u0161tai) bazinio aliejaus;<\/li>\n<li>Naudokite \u012f voni\u0105 praskied\u0119 su kastilijos muilu: 5 la\u0161\u0173 eterinio aliejaus \u012f 10 ml kastilijos muilo. Nela\u0161inkite eterinio aliejaus tiesiai \u012f vanden\u012f, nes aliejai netirpsta vandenyje, bet pl\u016bduriuoja pavir\u0161iuje, tod\u0117l gali patekti tiesiai ant odos ir j\u0105 sudirginti;<\/li>\n<li>La\u0161inkite 3 la\u0161us ant dr\u0117gnos servet\u0117l\u0117s ir d\u0117kite \u012f spint\u0105 ar drabu\u017ei\u0173 d\u017eiovintuv\u0105, kad kvepinti drabu\u017eius. Kai kurie eteriniai aliejai gali i\u0161tepti baltos spalvos drabu\u017eius!<\/li>\n<li>Naudokite inhaliacijoms: la\u0161inkite 3-4 la\u0161us \u012f kar\u0161t\u0105 vanden\u012f ir kv\u0117puokite jo garais arba la\u0161inkite \u012f asmenin\u012f inhaliatori\u0173.<\/li>\n<li>Tur\u0117kite po ranka eterinio aliejaus buteliuk\u0105 ir nu\u0117m\u0119 la\u0161intuv\u0105 \u012fkv\u0117pkite 2-3 kartus.<\/li>\n<\/ul>\n<p dir=\"ltr\"><strong>Kaip teisingai garinti eterinius aliejus?\u00a0<\/strong><\/p>\n<p dir=\"ltr\">Siekiant maksimalaus poveikio m\u016bs\u0173 emocijoms (pav. ma\u017einti stres\u0105, gerinti nuotaik\u0105, raminti ir pan), eterinius aliejus reikia garinti intervalais, geriausia 3-4 kartus po 15 minu\u010di\u0173 garinti elektriniame difuzoriuje, ir tarp garinim\u0173 daryti ne trumpesn\u0119 kaip 30 minu\u010di\u0173 pertrauk\u0105.\u00a0 M\u016bs\u0173 smegenys, kurios atsakingos ir u\u017e emocij\u0173 reguliavim\u0105, labai plasti\u0161kos ir linkusios prisitaikyti prie aplinkos, tad ir prie eterini\u0173 aliej\u0173 skleid\u017eiamo poveikio pripranta. Siekiant geriausio terapinio poveikio emocijoms, smegenims reikia dinamikos, kuri\u0105 ir sukuria eterini\u0173 aliej\u0173 garinimas intervalais.<\/p>\n<p dir=\"ltr\">Jei siekiate eterini\u0173 aliej\u0173 poveikio fizinei b\u016bsenai (pav. pykinimui slopinti, aplinkos orui i\u0161valyti, per\u0161alimui lengvinti), garinkite eterinius aliejus kelis kartus per dien\u0105 po 30 minu\u010di\u0173.<\/p>\n<p dir=\"ltr\"><strong>SAUGUMAS!<\/strong><\/p>\n<p dir=\"ltr\">B\u016btina skiesti. (Maksimali koncentracija veido kosmetikai &#8211; 1.5%, k\u016bno masa\u017eui &#8211; 3%)<\/p>\n<p dir=\"ltr\"><em>N\u0117\u0161\u010diosiosioms<\/em>: galima naudoti n\u0117\u0161tumo metu. Ta\u010diau poveikis n\u0117\u0161\u010diosioms n\u0117ra iki galo i\u0161tirtas, tod\u0117l prie\u0161 naudojant rekomenduojame pasikonsultuoti su gydytoju aromaterapeutu.<\/p>\n<p dir=\"ltr\"><em>Vaikams<\/em>:\u00a0saugus naudoti vaikams nuo 1 met\u0173\u00a0am\u017eiaus.<\/p>\n<p dir=\"ltr\">Vengti naudoti oksidavus\u012f eterin\u012f sald\u017ei\u0173j\u0173 apelsin\u0173 aliej\u0173, nes gali sukelti odos sudirgim\u0105.<\/p>\n<p dir=\"ltr\">Jei eterinis aliejus sudirgint\u0173 od\u0105, j\u0105 b\u016btina valyti bet kokiu baziniu aliejumi, kur\u012f turite po ranka (alyvuogi\u0173, saul\u0117gra\u017e\u0173 ar kt.). Nenaudokite vandens eteriniams aliejams nuplauti, nes vanduo dar giliau perne\u0161 eterinius aliejus \u012f od\u0105 ir tik sustiprins sudirginim\u0105.<\/p>\n<p dir=\"ltr\">Siekiant i\u0161saugoti vertingas eterini\u0173 aliej\u0173 savybes, eterinius aliejus ir j\u0173 mi\u0161inius reik\u0117t\u0173 laikyti tamsioje v\u0117sioje vietoje.<\/p>\n<p><em><strong>Aromaterapijos pagrindin\u0117 taisykl\u0117 \u2013\u00a0ma\u017eiau yra daugiau<\/strong>, t.y. eteriniai aliejai geriau veikia esant ma\u017eoms doz\u0117ms.\u00a0<\/em><\/p>\n<\/div>\n<\/div>\n<\/div>","protected":false},"excerpt":{"rendered":"<p>D\u017eiuginantis greipfrut\u0173 aromatas yra svarbiausia jo savyb\u0117, d\u0117l kurios jis tur\u0117t\u0173 b\u016bti kiekvienoje rankin\u0117je, ypa\u010d kai tr\u016bksta saul\u0117s ir stokojame optimizmo. Neturi fototoksini\u0173 savybi\u0173, tod\u0117l puikiai tinka vasar\u0105, gali lengvai pakeisti kitus citrus\u0173 eterinius aliejus. Rausvojo greipfruto eterinis aliejus yra saldesnio kvapo u\u017e balt\u0173j\u0173 greipfrut\u0173 aliej\u0173, ta\u010diau savyb\u0117s j\u0173 yra vienodos. PREK\u0116S INFORMACIJA Kiekis: 5ml [&hellip;]<\/p>","protected":false},"featured_media":1671732,"comment_status":"open","ping_status":"closed","template":"","meta":{"content-type":"","_monsterinsights_skip_tracking":false,"_monsterinsights_sitenote_active":false,"_monsterinsights_sitenote_note":"","_monsterinsights_sitenote_category":0,"_uf_show_specific_survey":0,"_uf_disable_surveys":false},"product_brand":[1652],"product_cat":[1506,1511,15],"product_tag":[1540],"class_list":{"0":"post-1671730","1":"product","2":"type-product","3":"status-publish","4":"has-post-thumbnail","6":"product_brand-biocos-kosmetika","7":"product_cat-essential-oils","8":"product_cat-essential-oils-essential-oils","9":"product_cat-all-products","10":"product_tag-greipfrutu-eterinis-aliejus","12":"first","13":"instock","14":"taxable","15":"shipping-taxable","16":"purchasable","17":"product-type-simple"},"bundled_by":[],"bundle_stock_status":"instock","bundle_stock_quantity":null,"bundle_virtual":false,"bundle_layout":"","bundle_add_to_cart_form_location":"","bundle_editable_in_cart":false,"bundle_sold_individually_context":"","bundle_item_grouping":"","bundle_min_size":"","bundle_max_size":"","bundle_price":[],"bundled_items":[],"bundle_sell_ids":[],"group_of_quantity":0,"min_quantity":0,"max_quantity":"","exclude_order_quantity_value_rules":"no","exclude_category_quantity_rules":"no","combine_variations":"no","exclude_global_add_ons":[],"addons":[],"yoast_head":"<!-- This site is optimized with the Yoast SEO plugin v27.4 - https:\/\/yoast.com\/product\/yoast-seo-wordpress\/ -->\n<title>BIOCOS  Greipfrut\u0173 rausv\u0173j\u0173 eterinis aliejus - Greenspells<\/title>\n<meta name=\"description\" content=\"D\u017eiuginantis greipfrut\u0173 aromatas yra svarbiausia jo savyb\u0117, d\u0117l kurios jis tur\u0117t\u0173 b\u016bti kiekvienoje rankin\u0117je, ypa\u010d kai tr\u016bksta saul\u0117s ir stokojame optimizmo.\" \/>\n<meta name=\"robots\" content=\"index, follow, max-snippet:-1, max-image-preview:large, max-video-preview:-1\" \/>\n<link rel=\"canonical\" href=\"https:\/\/greenspells.com\/lt\/produktas\/biocos-greipfrutu-rausvuju-eterinis-aliejus\/\" \/>\n<meta property=\"og:locale\" content=\"lt_LT\" \/>\n<meta property=\"og:type\" content=\"article\" \/>\n<meta property=\"og:title\" content=\"BIOCOS  Greipfrut\u0173 rausv\u0173j\u0173 eterinis aliejus - Greenspells\" \/>\n<meta property=\"og:description\" content=\"D\u017eiuginantis greipfrut\u0173 aromatas yra svarbiausia jo savyb\u0117, d\u0117l kurios jis tur\u0117t\u0173 b\u016bti kiekvienoje rankin\u0117je, ypa\u010d kai tr\u016bksta saul\u0117s ir stokojame optimizmo.\" \/>\n<meta property=\"og:url\" content=\"https:\/\/greenspells.com\/lt\/produktas\/biocos-greipfrutu-rausvuju-eterinis-aliejus\/\" \/>\n<meta property=\"og:site_name\" content=\"Greenspells\" \/>\n<meta property=\"article:publisher\" content=\"https:\/\/www.facebook.com\/Greenspells\" \/>\n<meta property=\"article:modified_time\" content=\"2025-01-08T08:51:47+00:00\" \/>\n<meta property=\"og:image\" content=\"https:\/\/greenspells.com\/wp-content\/uploads\/2023\/02\/greipfrut-eterinis-aliejus.png\" \/>\n\t<meta property=\"og:image:width\" content=\"600\" \/>\n\t<meta property=\"og:image:height\" content=\"600\" \/>\n\t<meta property=\"og:image:type\" content=\"image\/png\" \/>\n<meta name=\"twitter:card\" content=\"summary_large_image\" \/>\n<meta name=\"twitter:label1\" content=\"Est. reading time\" \/>\n\t<meta name=\"twitter:data1\" content=\"4 minut\u0117s\" \/>\n<script type=\"application\/ld+json\" class=\"yoast-schema-graph\">{\"@context\":\"https:\\\/\\\/schema.org\",\"@graph\":[{\"@type\":\"WebPage\",\"@id\":\"https:\\\/\\\/greenspells.com\\\/product\\\/biocos-greipfrutu-rausvuju-eterinis-aliejus\\\/\",\"url\":\"https:\\\/\\\/greenspells.com\\\/product\\\/biocos-greipfrutu-rausvuju-eterinis-aliejus\\\/\",\"name\":\"BIOCOS Greipfrut\u0173 rausv\u0173j\u0173 eterinis aliejus - Greenspells\",\"isPartOf\":{\"@id\":\"https:\\\/\\\/greenspells.com\\\/#website\"},\"primaryImageOfPage\":{\"@id\":\"https:\\\/\\\/greenspells.com\\\/product\\\/biocos-greipfrutu-rausvuju-eterinis-aliejus\\\/#primaryimage\"},\"image\":{\"@id\":\"https:\\\/\\\/greenspells.com\\\/product\\\/biocos-greipfrutu-rausvuju-eterinis-aliejus\\\/#primaryimage\"},\"thumbnailUrl\":\"https:\\\/\\\/i0.wp.com\\\/greenspells.com\\\/wp-content\\\/uploads\\\/2023\\\/02\\\/greipfrut-eterinis-aliejus.png?fit=600%2C600&ssl=1\",\"datePublished\":\"2023-02-12T16:49:43+00:00\",\"dateModified\":\"2025-01-08T08:51:47+00:00\",\"description\":\"D\u017eiuginantis greipfrut\u0173 aromatas yra svarbiausia jo savyb\u0117, d\u0117l kurios jis tur\u0117t\u0173 b\u016bti kiekvienoje rankin\u0117je, ypa\u010d kai tr\u016bksta saul\u0117s ir stokojame optimizmo.\",\"breadcrumb\":{\"@id\":\"https:\\\/\\\/greenspells.com\\\/product\\\/biocos-greipfrutu-rausvuju-eterinis-aliejus\\\/#breadcrumb\"},\"inLanguage\":\"lt-LT\",\"potentialAction\":[{\"@type\":\"ReadAction\",\"target\":[\"https:\\\/\\\/greenspells.com\\\/product\\\/biocos-greipfrutu-rausvuju-eterinis-aliejus\\\/\"]}]},{\"@type\":\"ImageObject\",\"inLanguage\":\"lt-LT\",\"@id\":\"https:\\\/\\\/greenspells.com\\\/product\\\/biocos-greipfrutu-rausvuju-eterinis-aliejus\\\/#primaryimage\",\"url\":\"https:\\\/\\\/i0.wp.com\\\/greenspells.com\\\/wp-content\\\/uploads\\\/2023\\\/02\\\/greipfrut-eterinis-aliejus.png?fit=600%2C600&ssl=1\",\"contentUrl\":\"https:\\\/\\\/i0.wp.com\\\/greenspells.com\\\/wp-content\\\/uploads\\\/2023\\\/02\\\/greipfrut-eterinis-aliejus.png?fit=600%2C600&ssl=1\",\"width\":600,\"height\":600,\"caption\":\"greipfrut\u0173 eterinis aliejus\"},{\"@type\":\"BreadcrumbList\",\"@id\":\"https:\\\/\\\/greenspells.com\\\/product\\\/biocos-greipfrutu-rausvuju-eterinis-aliejus\\\/#breadcrumb\",\"itemListElement\":[{\"@type\":\"ListItem\",\"position\":1,\"name\":\"Home\",\"item\":\"https:\\\/\\\/greenspells.com\\\/\"},{\"@type\":\"ListItem\",\"position\":2,\"name\":\"Shop\",\"item\":\"https:\\\/\\\/greenspells.com\\\/shop\\\/\"},{\"@type\":\"ListItem\",\"position\":3,\"name\":\"BIOCOS Greipfrut\u0173 rausv\u0173j\u0173 eterinis aliejus\"}]},{\"@type\":\"WebSite\",\"@id\":\"https:\\\/\\\/greenspells.com\\\/#website\",\"url\":\"https:\\\/\\\/greenspells.com\\\/\",\"name\":\"Greenspells\",\"description\":\"Nat\u016brali ir ekologi\u0161ka kosmetika\",\"publisher\":{\"@id\":\"https:\\\/\\\/greenspells.com\\\/#organization\"},\"potentialAction\":[{\"@type\":\"SearchAction\",\"target\":{\"@type\":\"EntryPoint\",\"urlTemplate\":\"https:\\\/\\\/greenspells.com\\\/?s={search_term_string}\"},\"query-input\":{\"@type\":\"PropertyValueSpecification\",\"valueRequired\":true,\"valueName\":\"search_term_string\"}}],\"inLanguage\":\"lt-LT\"},{\"@type\":\"Organization\",\"@id\":\"https:\\\/\\\/greenspells.com\\\/#organization\",\"name\":\"Greenspells\",\"url\":\"https:\\\/\\\/greenspells.com\\\/\",\"logo\":{\"@type\":\"ImageObject\",\"inLanguage\":\"lt-LT\",\"@id\":\"https:\\\/\\\/greenspells.com\\\/#\\\/schema\\\/logo\\\/image\\\/\",\"url\":\"https:\\\/\\\/i0.wp.com\\\/greenspells.com\\\/wp-content\\\/uploads\\\/2020\\\/09\\\/20200722_153424_0000.png?fit=1500%2C1500&ssl=1\",\"contentUrl\":\"https:\\\/\\\/i0.wp.com\\\/greenspells.com\\\/wp-content\\\/uploads\\\/2020\\\/09\\\/20200722_153424_0000.png?fit=1500%2C1500&ssl=1\",\"width\":1500,\"height\":1500,\"caption\":\"Greenspells\"},\"image\":{\"@id\":\"https:\\\/\\\/greenspells.com\\\/#\\\/schema\\\/logo\\\/image\\\/\"},\"sameAs\":[\"https:\\\/\\\/www.facebook.com\\\/Greenspells\",\"https:\\\/\\\/www.instagram.com\\\/greenspells_store\\\/\"]}]}<\/script>\n<!-- \/ Yoast SEO plugin. -->","yoast_head_json":{"title":"BIOCOS  Greipfrut\u0173 rausv\u0173j\u0173 eterinis aliejus - Greenspells","description":"D\u017eiuginantis greipfrut\u0173 aromatas yra svarbiausia jo savyb\u0117, d\u0117l kurios jis tur\u0117t\u0173 b\u016bti kiekvienoje rankin\u0117je, ypa\u010d kai tr\u016bksta saul\u0117s ir stokojame optimizmo.","robots":{"index":"index","follow":"follow","max-snippet":"max-snippet:-1","max-image-preview":"max-image-preview:large","max-video-preview":"max-video-preview:-1"},"canonical":"https:\/\/greenspells.com\/lt\/produktas\/biocos-greipfrutu-rausvuju-eterinis-aliejus\/","og_locale":"lt_LT","og_type":"article","og_title":"BIOCOS  Greipfrut\u0173 rausv\u0173j\u0173 eterinis aliejus - Greenspells","og_description":"D\u017eiuginantis greipfrut\u0173 aromatas yra svarbiausia jo savyb\u0117, d\u0117l kurios jis tur\u0117t\u0173 b\u016bti kiekvienoje rankin\u0117je, ypa\u010d kai tr\u016bksta saul\u0117s ir stokojame optimizmo.","og_url":"https:\/\/greenspells.com\/lt\/produktas\/biocos-greipfrutu-rausvuju-eterinis-aliejus\/","og_site_name":"Greenspells","article_publisher":"https:\/\/www.facebook.com\/Greenspells","article_modified_time":"2025-01-08T08:51:47+00:00","og_image":[{"width":600,"height":600,"url":"https:\/\/greenspells.com\/wp-content\/uploads\/2023\/02\/greipfrut-eterinis-aliejus.png","type":"image\/png"}],"twitter_card":"summary_large_image","twitter_misc":{"Est. reading time":"4 minut\u0117s"},"schema":{"@context":"https:\/\/schema.org","@graph":[{"@type":"WebPage","@id":"https:\/\/greenspells.com\/product\/biocos-greipfrutu-rausvuju-eterinis-aliejus\/","url":"https:\/\/greenspells.com\/product\/biocos-greipfrutu-rausvuju-eterinis-aliejus\/","name":"BIOCOS Greipfrut\u0173 rausv\u0173j\u0173 eterinis aliejus - Greenspells","isPartOf":{"@id":"https:\/\/greenspells.com\/#website"},"primaryImageOfPage":{"@id":"https:\/\/greenspells.com\/product\/biocos-greipfrutu-rausvuju-eterinis-aliejus\/#primaryimage"},"image":{"@id":"https:\/\/greenspells.com\/product\/biocos-greipfrutu-rausvuju-eterinis-aliejus\/#primaryimage"},"thumbnailUrl":"https:\/\/i0.wp.com\/greenspells.com\/wp-content\/uploads\/2023\/02\/greipfrut-eterinis-aliejus.png?fit=600%2C600&ssl=1","datePublished":"2023-02-12T16:49:43+00:00","dateModified":"2025-01-08T08:51:47+00:00","description":"D\u017eiuginantis greipfrut\u0173 aromatas yra svarbiausia jo savyb\u0117, d\u0117l kurios jis tur\u0117t\u0173 b\u016bti kiekvienoje rankin\u0117je, ypa\u010d kai tr\u016bksta saul\u0117s ir stokojame optimizmo.","breadcrumb":{"@id":"https:\/\/greenspells.com\/product\/biocos-greipfrutu-rausvuju-eterinis-aliejus\/#breadcrumb"},"inLanguage":"lt-LT","potentialAction":[{"@type":"ReadAction","target":["https:\/\/greenspells.com\/product\/biocos-greipfrutu-rausvuju-eterinis-aliejus\/"]}]},{"@type":"ImageObject","inLanguage":"lt-LT","@id":"https:\/\/greenspells.com\/product\/biocos-greipfrutu-rausvuju-eterinis-aliejus\/#primaryimage","url":"https:\/\/i0.wp.com\/greenspells.com\/wp-content\/uploads\/2023\/02\/greipfrut-eterinis-aliejus.png?fit=600%2C600&ssl=1","contentUrl":"https:\/\/i0.wp.com\/greenspells.com\/wp-content\/uploads\/2023\/02\/greipfrut-eterinis-aliejus.png?fit=600%2C600&ssl=1","width":600,"height":600,"caption":"greipfrut\u0173 eterinis aliejus"},{"@type":"BreadcrumbList","@id":"https:\/\/greenspells.com\/product\/biocos-greipfrutu-rausvuju-eterinis-aliejus\/#breadcrumb","itemListElement":[{"@type":"ListItem","position":1,"name":"Home","item":"https:\/\/greenspells.com\/"},{"@type":"ListItem","position":2,"name":"Shop","item":"https:\/\/greenspells.com\/shop\/"},{"@type":"ListItem","position":3,"name":"BIOCOS Greipfrut\u0173 rausv\u0173j\u0173 eterinis aliejus"}]},{"@type":"WebSite","@id":"https:\/\/greenspells.com\/#website","url":"https:\/\/greenspells.com\/","name":"Greenspells","description":"Nat\u016brali ir ekologi\u0161ka kosmetika","publisher":{"@id":"https:\/\/greenspells.com\/#organization"},"potentialAction":[{"@type":"SearchAction","target":{"@type":"EntryPoint","urlTemplate":"https:\/\/greenspells.com\/?s={search_term_string}"},"query-input":{"@type":"PropertyValueSpecification","valueRequired":true,"valueName":"search_term_string"}}],"inLanguage":"lt-LT"},{"@type":"Organization","@id":"https:\/\/greenspells.com\/#organization","name":"Greenspells","url":"https:\/\/greenspells.com\/","logo":{"@type":"ImageObject","inLanguage":"lt-LT","@id":"https:\/\/greenspells.com\/#\/schema\/logo\/image\/","url":"https:\/\/i0.wp.com\/greenspells.com\/wp-content\/uploads\/2020\/09\/20200722_153424_0000.png?fit=1500%2C1500&ssl=1","contentUrl":"https:\/\/i0.wp.com\/greenspells.com\/wp-content\/uploads\/2020\/09\/20200722_153424_0000.png?fit=1500%2C1500&ssl=1","width":1500,"height":1500,"caption":"Greenspells"},"image":{"@id":"https:\/\/greenspells.com\/#\/schema\/logo\/image\/"},"sameAs":["https:\/\/www.facebook.com\/Greenspells","https:\/\/www.instagram.com\/greenspells_store\/"]}]}},"jetpack_likes_enabled":true,"jetpack_sharing_enabled":true,"_links":{"self":[{"href":"https:\/\/greenspells.com\/lt\/wp-json\/wp\/v2\/product\/1671730","targetHints":{"allow":["GET"]}}],"collection":[{"href":"https:\/\/greenspells.com\/lt\/wp-json\/wp\/v2\/product"}],"about":[{"href":"https:\/\/greenspells.com\/lt\/wp-json\/wp\/v2\/types\/product"}],"replies":[{"embeddable":true,"href":"https:\/\/greenspells.com\/lt\/wp-json\/wp\/v2\/comments?post=1671730"}],"wp:featuredmedia":[{"embeddable":true,"href":"https:\/\/greenspells.com\/lt\/wp-json\/wp\/v2\/media\/1671732"}],"wp:attachment":[{"href":"https:\/\/greenspells.com\/lt\/wp-json\/wp\/v2\/media?parent=1671730"}],"wp:term":[{"taxonomy":"product_brand","embeddable":true,"href":"https:\/\/greenspells.com\/lt\/wp-json\/wp\/v2\/product_brand?post=1671730"},{"taxonomy":"product_cat","embeddable":true,"href":"https:\/\/greenspells.com\/lt\/wp-json\/wp\/v2\/product_cat?post=1671730"},{"taxonomy":"product_tag","embeddable":true,"href":"https:\/\/greenspells.com\/lt\/wp-json\/wp\/v2\/product_tag?post=1671730"}],"curies":[{"name":"wp","href":"https:\/\/api.w.org\/{rel}","templated":true}]}}