{"id":1671722,"date":"2023-02-12T18:42:44","date_gmt":"2023-02-12T16:42:44","guid":{"rendered":"https:\/\/greenspells.com\/?post_type=product&#038;p=1671722"},"modified":"2025-10-28T13:43:18","modified_gmt":"2025-10-28T11:43:18","slug":"biocos-keniu-sibiriniu-eterinis-aliejus","status":"publish","type":"product","link":"https:\/\/greenspells.com\/lt\/produktas\/biocos-keniu-sibiriniu-eterinis-aliejus\/","title":{"rendered":"BIOCOS <br> K\u0117ni\u0173 (sibirini\u0173) eterinis aliejus"},"content":{"rendered":"<p>Sibirinio k\u0117nio eterinis aliejus balansuoja emocijas, stiprina vidines galias, didina motyvacij\u0105, garinamas difuzoriuje i\u0161valo patalp\u0173 or\u0105, ypa\u010d naudingas kei\u010diantis sezonams. Japoninoje k\u0117ni\u0173 girait\u0117s laikomos ypatingomis relaksacijos vietomis, kuriose apsivalo k\u016bnas ir siela,\u00a0 o lankymasis tokiose girait\u0117se vadinamas \u201cmi\u0161ko maudyn\u0117mis\u201d.<\/p>\n<h3 class=\"product-information-heading\">PREK\u0116S INFORMACIJA<\/h3>\n<p><strong>Kiekis<\/strong>: 5ml<\/p>\n<div class=\"row\">\n<div class=\"col-xs-12 col-md-6\">\n<div class=\"rte\">\n<p dir=\"ltr\"><strong>Bot<\/strong>:\u00a0Abies siberica<\/p>\n<p dir=\"ltr\"><strong>Kilm\u0117s \u0161alis<\/strong>:\u00a0Kinija<\/p>\n<p dir=\"ltr\"><strong>Ekologi\u0161kas<\/strong>:\u00a0NE<\/p>\n<p dir=\"ltr\"><strong>Chemotipas (pagrindiniai komponentai)<\/strong>:\u00a0Bornyl acetate, Camphene, Pinene<\/p>\n<p dir=\"ltr\"><strong>I\u0161gavimo b\u016bdas<\/strong>:\u00a0 distiliavimo<\/p>\n<p dir=\"ltr\"><strong>Augalo dalis<\/strong>:\u00a0 spygliai<\/p>\n<p dir=\"ltr\"><strong>Aromatas<\/strong>:\u00a0gaivus, spygli\u0173, balzaminis<\/p>\n<p dir=\"ltr\"><strong>Nata<\/strong>:\u00a0vir\u0161utin\u0117-\u0161irdies<\/p>\n<p dir=\"ltr\"><strong>Alchemija<\/strong>:\u00a0dera su bazilik\u0173, bergamot\u0117s ir kitais citrusais, kedro, labdano, kipariso, levand\u0173, mirt\u0173, frankincenso, rozmarino, pa\u010diul\u0117s eteriniais aliejais.<\/p>\n<p dir=\"ltr\">Egl\u0117s, pu\u0161ys, kedrai, k\u0117niai yra vis\u017ealiai spygliuo\u010diai yra medienos ir dervos (sak\u0173) \u0161altinis. Did\u017eioji dali spygliuo\u010di\u0173 priklauso Pinaceae \u0161eimai, kuri da\u017eniausiai aptinkama \u0160iaur\u0117s ir Centrin\u0117je Amerikoje, Europoje, Azijoje ir \u0160iaur\u0117s Afrikoje. Yra apie 40\u00a0Abies\u00a0(k\u0117nio) genties r\u016b\u0161i\u0173, kurios gali u\u017eaugti iki 50 metr\u0173 auk\u0161\u010dio. Senov\u0117s Egipte k\u0117ni\u0173 aliejus buvo vertinamas d\u0117l teigiamo poveikio plaukams ir galvos odai, o kitoje pasaulio pus\u0117je Amerikos ind\u0117nai naudojo k\u0117ni\u0173 spyglius d\u0117dami juos po pagalve, kad paskatint\u0173 ram\u0173 mieg\u0105. Sibirinis k\u0117nis yra kil\u0119s i\u0161 Ryt\u0173 Rusijos Turkestano, Mongolijos ir Kinijos, kur vyrauja v\u0117sus ir dr\u0117gnas klimatas. Gali u\u017eaugti iki 30 metr\u0173 auk\u0161\u010dio. J\u0173 spygliai yra \u0161viesiai \u017eali, mink\u0161ti ir skleid\u017eia aromating\u0105 kvap\u0105. Sibirinio k\u0117nio eterinis aliejus i\u0161gaunamas hidrodistiliacijos b\u016bdu i\u0161 spygli\u0173 ir \u0161akeli\u0173.<\/p>\n<p dir=\"ltr\"><strong>R\u016b\u0161iavimo informacija<\/strong>:<\/p>\n<ul>\n<li>Buteliukas \u2013 stiklas<\/li>\n<li>Kam\u0161telis, la\u0161intuvas \u2013 plastikas<\/li>\n<li>Etiket\u0117 \u2013 plastikas PVC<\/li>\n<\/ul>\n<p dir=\"ltr\"><strong>Chemin\u0117 analiz\u0117<\/strong>:\u00a0Bornyl acetate, Camphene, Pinene<\/p>\n<p dir=\"ltr\"><strong>Kosmetin\u0117s savyb\u0117s<\/strong>:<\/p>\n<ul>\n<li>naudojamas spuogeli\u0173 pa\u017eeistai odai;<\/li>\n<li>balansuoja odos sebumo i\u0161siskyrim\u0105;<\/li>\n<li>naudojamas nuo pleiskan\u0173, stiprina plaukus.<\/li>\n<\/ul>\n<p>&nbsp;<\/p>\n<p dir=\"ltr\"><strong>Aromaterapin\u0117s savyb\u0117s<\/strong>:<\/p>\n<ul>\n<li>padeda atlaisvinti kv\u0117pavimo takus, tad itin vertingas inhaliacijoms;<\/li>\n<li>naudingas \u017emon\u0117ms, kuriems tr\u016bksta valios, motyvacijos, i\u0161tverm\u0117s, nes \u017eadina \u012fkv\u0117pim\u0105, pasitik\u0117jim\u0105 savo j\u0117gomis.<\/li>\n<li>gerina organizmo i\u0161tverm\u0119, stiprina vidines galias;<\/li>\n<li>padeda \u012fveikti nuovarg\u012f, perdegim\u0105;<\/li>\n<li>gerina susikaupim\u0105, koncentracij\u0105, kai reikia atlikti protin\u012f darb\u0105 per trump\u0105 laik\u0105;<\/li>\n<li>garinamas difuzoriuje suteikia namams \u0161varos kvap\u0105, \u0161alina nemalonius kvapus, gaivina erdves, valo or\u0105, ypa\u010d kai patalpose yra sergan\u010di\u0173j\u0173;<\/li>\n<li>rekomenduojamas naudoti sustingusi\u0173 s\u0105nari\u0173 masa\u017eui.<\/li>\n<\/ul>\n<p dir=\"ltr\"><strong>Parfumerin\u0117s savyb\u0117s<\/strong>:<\/p>\n<ul>\n<li>sibirinio k\u0117nio eterinis aliejus turi gaiv\u0173, tra\u0161k\u0173 spygliuo\u010di\u0173 aromat\u0105;<\/li>\n<li>jis puikiai dera su daugeliu kit\u0173 eterini\u0173 aliej\u0173, \u012fskaitant spygliuo\u010di\u0173, medienos, citrusini\u0173 ir \u017eolini\u0173 \u0161eim\u0173 eterinius aliejus.<\/li>\n<\/ul>\n<p dir=\"ltr\"><em>D\u0117l teis\u0117s akt\u0173 reikalavim\u0173 negalime \u010dia apra\u0161yti vis\u0173 eterinio aliejaus terapini\u0173 savybi\u0173.<\/em><\/p>\n<p dir=\"ltr\"><strong>Naudojimas<\/strong>:<\/p>\n<ul>\n<li>3-5 la\u0161us paskleiskite ore garintuvu (difuzoriumi);<\/li>\n<li>U\u017ela\u0161inkite ant servet\u0117l\u0117s ir pad\u0117kite \u0161iltoje vietoje, pavyzd\u017eiui ant radiatoriaus. \u0160ildomas eterinis aliejus paskleis naudingas molekules ore;<\/li>\n<li>\u012ela\u0161inkite \u012f vanden\u012f 5 la\u0161us plaudami grindis;<\/li>\n<li>Gryni eteriniai aliejai ant odos nenaudojami. Juos b\u016btina skiesti su baziniais aliejais. Masa\u017eams, \u012ftrinimams, kvepinimuisi skieskite su baziniu aliejumi (migdol\u0173, sezam\u0173, ar kt.): 10 la\u0161\u0173 mi\u0161inio \u012f 10 ml (du valgomieji \u0161auk\u0161tai) bazinio aliejaus;<\/li>\n<li>La\u0161inkite \u012f voni\u0105, praskied\u0119 su kastilijos muilu: 10 la\u0161\u0173 eterinio aliejaus \u012f 10 ml kastilijos muilo. Nela\u0161inkite eterinio aliejaus tiesiai \u012f vanden\u012f, nes aliejai netirpsta vandenyje, bet pl\u016bduriuoja pavir\u0161iuje, tod\u0117l gali patekti tiesiai ant odos ir j\u0105 sudirginti;<\/li>\n<li>La\u0161inkite 3 la\u0161us ant dr\u0117gnos servet\u0117l\u0117s ir d\u0117kite \u012f spint\u0105 ar drabu\u017ei\u0173 d\u017eiovintuv\u0105, kad kvepinti drabu\u017eius. Kai kurie eteriniai aliejai gali i\u0161tepti baltos spalvos drabu\u017eius!<\/li>\n<li>Naudokite inhaliacijoms: la\u0161inkite 3-4 la\u0161us \u012f kar\u0161t\u0105 vanden\u012f ir kv\u0117puokite jo garais arba la\u0161inkite \u012f asmenin\u012f inhaliatori\u0173;<\/li>\n<li>Tur\u0117kite po ranka eterinio aliejaus buteliuk\u0105 ir nu\u0117m\u0119 la\u0161intuv\u0105 \u012fkv\u0117pkite 2-3 kartus.<\/li>\n<\/ul>\n<p dir=\"ltr\"><strong>Kaip teisingai garinti eterinius aliejus?\u00a0<\/strong><\/p>\n<p dir=\"ltr\">Siekiant maksimalaus poveikio m\u016bs\u0173 emocijoms (pav. ma\u017einti stres\u0105, gerinti nuotaik\u0105, raminti ir pan), eterinius aliejus reikia garinti intervalais, geriausia 3-4 kartus po 15 minu\u010di\u0173 garinti elektriniame difuzoriuje, ir tarp garinim\u0173 daryti ne trumpesn\u0119 kaip 30 minu\u010di\u0173 pertrauk\u0105.\u00a0 M\u016bs\u0173 smegenys, kurios atsakingos ir u\u017e emocij\u0173 reguliavim\u0105, labai plasti\u0161kos ir linkusios prisitaikyti prie aplinkos, tad ir prie eterini\u0173 aliej\u0173 skleid\u017eiamo poveikio pripranta. Siekiant geriausio terapinio poveikio emocijoms, smegenims reikia dinamikos, kuri\u0105 ir sukuria eterini\u0173 aliej\u0173 garinimas intervalais.<\/p>\n<p dir=\"ltr\">Jei siekiate eterini\u0173 aliej\u0173 poveikio fizinei b\u016bsenai (pav. pykinimui slopinti, aplinkos orui i\u0161valyti, per\u0161alimui lengvinti), garinkite eterinius aliejus kelis kartus per dien\u0105 po 30 minu\u010di\u0173.<\/p>\n<p dir=\"ltr\"><strong>Receptas<\/strong>:<\/p>\n<p dir=\"ltr\"><em>Kv\u0117pavim\u0105 lengvinantis mi\u0161inys inhaliacijoms<\/em><\/p>\n<ul>\n<li>3 l. sibirini\u0173 k\u0117ni\u0173 eterinis aliejus<\/li>\n<li>3 l. pu\u0161\u0173 eterinis aliejus<\/li>\n<li>3 l. kiparis\u0173 eterinis aliejus<\/li>\n<\/ul>\n<p dir=\"ltr\">Sula\u0161inkite \u0161iuos eterinius aliejus \u012f ind\u0105 su garuojan\u010diu kar\u0161tu vandeniu, u\u017esidenkite rank\u0161luos\u010diu taip, kad vir\u0161 gar\u0173 b\u016bt\u0173 tik nosis ir burna, giliai kv\u0117puokite 5 minutes.<\/p>\n<p dir=\"ltr\"><strong>SAUGUMAS!<\/strong><\/p>\n<p dir=\"ltr\">B\u016btina skiesti. (Maksimali koncentracija veido kosmetikai &#8211; 1 %, k\u016bno masa\u017eui &#8211; 3%)<\/p>\n<p dir=\"ltr\">Nenaudokite ant jautrios, \u012f alergijas linkusios odos.<\/p>\n<p dir=\"ltr\"><em>N\u0117\u0161\u010diosiosioms<\/em>: poveikis n\u0117\u0161\u010diosioms n\u0117ra iki galo i\u0161tirtas, tod\u0117l prie\u0161 naudojant rekomenduojame pasikonsultuoti su gydytoju aromaterapeutu.<\/p>\n<p dir=\"ltr\"><em>Vaikams<\/em>:\u00a0Saugus naudoti vakams nuo 5 met\u0173.<\/p>\n<p dir=\"ltr\">Vengti naudoti oksidavus\u012f eterin\u012f sibirini\u0173 k\u0117ni\u0173 aliej\u0173, nes gali sukelti odos sudirgim\u0105.<\/p>\n<p dir=\"ltr\">Jei eterinis aliejus sudirgint\u0173 od\u0105, j\u0105 b\u016btina valyti bet kokiu baziniu aliejumi, kur\u012f turite po ranka (alyvuogi\u0173, saul\u0117gra\u017e\u0173 ar kt.). Nenaudokite vandens eteriniams aliejams nuplauti, nes vanduo dar giliau perne\u0161 eterinius aliejus \u012f od\u0105 ir tik sustiprins sudirginim\u0105.<\/p>\n<p dir=\"ltr\">Siekiant i\u0161saugoti vertingas eterini\u0173 aliej\u0173 savybes, eterinius aliejus ir j\u0173 mi\u0161inius reik\u0117t\u0173 laikyti tamsioje v\u0117sioje vietoje.<\/p>\n<p><em><strong>Aromaterapijos pagrindin\u0117 taisykl\u0117 \u2013 ma\u017eiau yra daugiau<\/strong>, t.y. eteriniai aliejai geriau veikia esant ma\u017eoms doz\u0117ms.\u00a0<\/em><\/p>\n<\/div>\n<\/div>\n<\/div>","protected":false},"excerpt":{"rendered":"<p>Sibirinio k\u0117nio eterinis aliejus balansuoja emocijas, stiprina vidines galias, didina motyvacij\u0105, garinamas difuzoriuje i\u0161valo patalp\u0173 or\u0105, ypa\u010d naudingas kei\u010diantis sezonams. Japoninoje k\u0117ni\u0173 girait\u0117s laikomos ypatingomis relaksacijos vietomis, kuriose apsivalo k\u016bnas ir siela,\u00a0 o lankymasis tokiose girait\u0117se vadinamas \u201cmi\u0161ko maudyn\u0117mis\u201d. PREK\u0116S INFORMACIJA Kiekis: 5ml Bot:\u00a0Abies siberica Kilm\u0117s \u0161alis:\u00a0Kinija Ekologi\u0161kas:\u00a0NE Chemotipas (pagrindiniai komponentai):\u00a0Bornyl acetate, Camphene, Pinene I\u0161gavimo [&hellip;]<\/p>","protected":false},"featured_media":1671724,"comment_status":"open","ping_status":"closed","template":"","meta":{"content-type":"","_monsterinsights_skip_tracking":false,"_monsterinsights_sitenote_active":false,"_monsterinsights_sitenote_note":"","_monsterinsights_sitenote_category":0,"_uf_show_specific_survey":0,"_uf_disable_surveys":false},"product_brand":[1652],"product_cat":[1506,1511,15],"product_tag":[1538],"class_list":{"0":"post-1671722","1":"product","2":"type-product","3":"status-publish","4":"has-post-thumbnail","6":"product_brand-biocos-kosmetika","7":"product_cat-essential-oils","8":"product_cat-essential-oils-essential-oils","9":"product_cat-all-products","10":"product_tag-keniu-eterinis-aliejus","12":"first","13":"instock","14":"taxable","15":"shipping-taxable","16":"purchasable","17":"product-type-simple"},"bundled_by":[],"bundle_stock_status":"instock","bundle_stock_quantity":null,"bundle_virtual":false,"bundle_layout":"","bundle_add_to_cart_form_location":"","bundle_editable_in_cart":false,"bundle_sold_individually_context":"","bundle_item_grouping":"","bundle_min_size":"","bundle_max_size":"","bundle_price":[],"bundled_items":[],"bundle_sell_ids":[],"group_of_quantity":0,"min_quantity":0,"max_quantity":"","exclude_order_quantity_value_rules":"no","exclude_category_quantity_rules":"no","combine_variations":"no","exclude_global_add_ons":[],"addons":[],"yoast_head":"<!-- This site is optimized with the Yoast SEO plugin v27.4 - https:\/\/yoast.com\/product\/yoast-seo-wordpress\/ -->\n<title>BIOCOS  K\u0117ni\u0173 (sibirini\u0173) eterinis aliejus - Greenspells<\/title>\n<meta name=\"description\" content=\"Sibirinio k\u0117nio eterinis aliejus balansuoja emocijas, stiprina vidines galias, didina motyvacij\u0105, garinamas difuzoriuje i\u0161valo patalp\u0173 or\u0105, ypa\u010d naudingas kei\u010diantis sezonams.\" \/>\n<meta name=\"robots\" content=\"index, follow, max-snippet:-1, max-image-preview:large, max-video-preview:-1\" \/>\n<link rel=\"canonical\" href=\"https:\/\/greenspells.com\/lt\/produktas\/biocos-keniu-sibiriniu-eterinis-aliejus\/\" \/>\n<meta property=\"og:locale\" content=\"lt_LT\" \/>\n<meta property=\"og:type\" content=\"article\" \/>\n<meta property=\"og:title\" content=\"BIOCOS  K\u0117ni\u0173 (sibirini\u0173) eterinis aliejus - Greenspells\" \/>\n<meta property=\"og:description\" content=\"Sibirinio k\u0117nio eterinis aliejus balansuoja emocijas, stiprina vidines galias, didina motyvacij\u0105, garinamas difuzoriuje i\u0161valo patalp\u0173 or\u0105, ypa\u010d naudingas kei\u010diantis sezonams.\" \/>\n<meta property=\"og:url\" content=\"https:\/\/greenspells.com\/lt\/produktas\/biocos-keniu-sibiriniu-eterinis-aliejus\/\" \/>\n<meta property=\"og:site_name\" content=\"Greenspells\" \/>\n<meta property=\"article:publisher\" content=\"https:\/\/www.facebook.com\/Greenspells\" \/>\n<meta property=\"article:modified_time\" content=\"2025-10-28T11:43:18+00:00\" \/>\n<meta property=\"og:image\" content=\"https:\/\/greenspells.com\/wp-content\/uploads\/2023\/02\/keniu-sibiriniu-eterinis-aliejus.png\" \/>\n\t<meta property=\"og:image:width\" content=\"600\" \/>\n\t<meta property=\"og:image:height\" content=\"600\" \/>\n\t<meta property=\"og:image:type\" content=\"image\/png\" \/>\n<meta name=\"twitter:card\" content=\"summary_large_image\" \/>\n<meta name=\"twitter:label1\" content=\"Est. reading time\" \/>\n\t<meta name=\"twitter:data1\" content=\"4 minut\u0117s\" \/>\n<script type=\"application\/ld+json\" class=\"yoast-schema-graph\">{\"@context\":\"https:\\\/\\\/schema.org\",\"@graph\":[{\"@type\":\"WebPage\",\"@id\":\"https:\\\/\\\/greenspells.com\\\/product\\\/biocos-keniu-sibiriniu-eterinis-aliejus\\\/\",\"url\":\"https:\\\/\\\/greenspells.com\\\/product\\\/biocos-keniu-sibiriniu-eterinis-aliejus\\\/\",\"name\":\"BIOCOS K\u0117ni\u0173 (sibirini\u0173) eterinis aliejus - Greenspells\",\"isPartOf\":{\"@id\":\"https:\\\/\\\/greenspells.com\\\/#website\"},\"primaryImageOfPage\":{\"@id\":\"https:\\\/\\\/greenspells.com\\\/product\\\/biocos-keniu-sibiriniu-eterinis-aliejus\\\/#primaryimage\"},\"image\":{\"@id\":\"https:\\\/\\\/greenspells.com\\\/product\\\/biocos-keniu-sibiriniu-eterinis-aliejus\\\/#primaryimage\"},\"thumbnailUrl\":\"https:\\\/\\\/i0.wp.com\\\/greenspells.com\\\/wp-content\\\/uploads\\\/2023\\\/02\\\/keniu-sibiriniu-eterinis-aliejus.png?fit=600%2C600&ssl=1\",\"datePublished\":\"2023-02-12T16:42:44+00:00\",\"dateModified\":\"2025-10-28T11:43:18+00:00\",\"description\":\"Sibirinio k\u0117nio eterinis aliejus balansuoja emocijas, stiprina vidines galias, didina motyvacij\u0105, garinamas difuzoriuje i\u0161valo patalp\u0173 or\u0105, ypa\u010d naudingas kei\u010diantis sezonams.\",\"breadcrumb\":{\"@id\":\"https:\\\/\\\/greenspells.com\\\/product\\\/biocos-keniu-sibiriniu-eterinis-aliejus\\\/#breadcrumb\"},\"inLanguage\":\"lt-LT\",\"potentialAction\":[{\"@type\":\"ReadAction\",\"target\":[\"https:\\\/\\\/greenspells.com\\\/product\\\/biocos-keniu-sibiriniu-eterinis-aliejus\\\/\"]}]},{\"@type\":\"ImageObject\",\"inLanguage\":\"lt-LT\",\"@id\":\"https:\\\/\\\/greenspells.com\\\/product\\\/biocos-keniu-sibiriniu-eterinis-aliejus\\\/#primaryimage\",\"url\":\"https:\\\/\\\/i0.wp.com\\\/greenspells.com\\\/wp-content\\\/uploads\\\/2023\\\/02\\\/keniu-sibiriniu-eterinis-aliejus.png?fit=600%2C600&ssl=1\",\"contentUrl\":\"https:\\\/\\\/i0.wp.com\\\/greenspells.com\\\/wp-content\\\/uploads\\\/2023\\\/02\\\/keniu-sibiriniu-eterinis-aliejus.png?fit=600%2C600&ssl=1\",\"width\":600,\"height\":600,\"caption\":\"keniu eterinis aliejus\"},{\"@type\":\"BreadcrumbList\",\"@id\":\"https:\\\/\\\/greenspells.com\\\/product\\\/biocos-keniu-sibiriniu-eterinis-aliejus\\\/#breadcrumb\",\"itemListElement\":[{\"@type\":\"ListItem\",\"position\":1,\"name\":\"Home\",\"item\":\"https:\\\/\\\/greenspells.com\\\/\"},{\"@type\":\"ListItem\",\"position\":2,\"name\":\"Shop\",\"item\":\"https:\\\/\\\/greenspells.com\\\/shop\\\/\"},{\"@type\":\"ListItem\",\"position\":3,\"name\":\"BIOCOS K\u0117ni\u0173 (sibirini\u0173) eterinis aliejus\"}]},{\"@type\":\"WebSite\",\"@id\":\"https:\\\/\\\/greenspells.com\\\/#website\",\"url\":\"https:\\\/\\\/greenspells.com\\\/\",\"name\":\"Greenspells\",\"description\":\"Nat\u016brali ir ekologi\u0161ka kosmetika\",\"publisher\":{\"@id\":\"https:\\\/\\\/greenspells.com\\\/#organization\"},\"potentialAction\":[{\"@type\":\"SearchAction\",\"target\":{\"@type\":\"EntryPoint\",\"urlTemplate\":\"https:\\\/\\\/greenspells.com\\\/?s={search_term_string}\"},\"query-input\":{\"@type\":\"PropertyValueSpecification\",\"valueRequired\":true,\"valueName\":\"search_term_string\"}}],\"inLanguage\":\"lt-LT\"},{\"@type\":\"Organization\",\"@id\":\"https:\\\/\\\/greenspells.com\\\/#organization\",\"name\":\"Greenspells\",\"url\":\"https:\\\/\\\/greenspells.com\\\/\",\"logo\":{\"@type\":\"ImageObject\",\"inLanguage\":\"lt-LT\",\"@id\":\"https:\\\/\\\/greenspells.com\\\/#\\\/schema\\\/logo\\\/image\\\/\",\"url\":\"https:\\\/\\\/i0.wp.com\\\/greenspells.com\\\/wp-content\\\/uploads\\\/2020\\\/09\\\/20200722_153424_0000.png?fit=1500%2C1500&ssl=1\",\"contentUrl\":\"https:\\\/\\\/i0.wp.com\\\/greenspells.com\\\/wp-content\\\/uploads\\\/2020\\\/09\\\/20200722_153424_0000.png?fit=1500%2C1500&ssl=1\",\"width\":1500,\"height\":1500,\"caption\":\"Greenspells\"},\"image\":{\"@id\":\"https:\\\/\\\/greenspells.com\\\/#\\\/schema\\\/logo\\\/image\\\/\"},\"sameAs\":[\"https:\\\/\\\/www.facebook.com\\\/Greenspells\",\"https:\\\/\\\/www.instagram.com\\\/greenspells_store\\\/\"]}]}<\/script>\n<!-- \/ Yoast SEO plugin. -->","yoast_head_json":{"title":"BIOCOS  K\u0117ni\u0173 (sibirini\u0173) eterinis aliejus - Greenspells","description":"Sibirinio k\u0117nio eterinis aliejus balansuoja emocijas, stiprina vidines galias, didina motyvacij\u0105, garinamas difuzoriuje i\u0161valo patalp\u0173 or\u0105, ypa\u010d naudingas kei\u010diantis sezonams.","robots":{"index":"index","follow":"follow","max-snippet":"max-snippet:-1","max-image-preview":"max-image-preview:large","max-video-preview":"max-video-preview:-1"},"canonical":"https:\/\/greenspells.com\/lt\/produktas\/biocos-keniu-sibiriniu-eterinis-aliejus\/","og_locale":"lt_LT","og_type":"article","og_title":"BIOCOS  K\u0117ni\u0173 (sibirini\u0173) eterinis aliejus - Greenspells","og_description":"Sibirinio k\u0117nio eterinis aliejus balansuoja emocijas, stiprina vidines galias, didina motyvacij\u0105, garinamas difuzoriuje i\u0161valo patalp\u0173 or\u0105, ypa\u010d naudingas kei\u010diantis sezonams.","og_url":"https:\/\/greenspells.com\/lt\/produktas\/biocos-keniu-sibiriniu-eterinis-aliejus\/","og_site_name":"Greenspells","article_publisher":"https:\/\/www.facebook.com\/Greenspells","article_modified_time":"2025-10-28T11:43:18+00:00","og_image":[{"width":600,"height":600,"url":"https:\/\/greenspells.com\/wp-content\/uploads\/2023\/02\/keniu-sibiriniu-eterinis-aliejus.png","type":"image\/png"}],"twitter_card":"summary_large_image","twitter_misc":{"Est. reading time":"4 minut\u0117s"},"schema":{"@context":"https:\/\/schema.org","@graph":[{"@type":"WebPage","@id":"https:\/\/greenspells.com\/product\/biocos-keniu-sibiriniu-eterinis-aliejus\/","url":"https:\/\/greenspells.com\/product\/biocos-keniu-sibiriniu-eterinis-aliejus\/","name":"BIOCOS K\u0117ni\u0173 (sibirini\u0173) eterinis aliejus - Greenspells","isPartOf":{"@id":"https:\/\/greenspells.com\/#website"},"primaryImageOfPage":{"@id":"https:\/\/greenspells.com\/product\/biocos-keniu-sibiriniu-eterinis-aliejus\/#primaryimage"},"image":{"@id":"https:\/\/greenspells.com\/product\/biocos-keniu-sibiriniu-eterinis-aliejus\/#primaryimage"},"thumbnailUrl":"https:\/\/i0.wp.com\/greenspells.com\/wp-content\/uploads\/2023\/02\/keniu-sibiriniu-eterinis-aliejus.png?fit=600%2C600&ssl=1","datePublished":"2023-02-12T16:42:44+00:00","dateModified":"2025-10-28T11:43:18+00:00","description":"Sibirinio k\u0117nio eterinis aliejus balansuoja emocijas, stiprina vidines galias, didina motyvacij\u0105, garinamas difuzoriuje i\u0161valo patalp\u0173 or\u0105, ypa\u010d naudingas kei\u010diantis sezonams.","breadcrumb":{"@id":"https:\/\/greenspells.com\/product\/biocos-keniu-sibiriniu-eterinis-aliejus\/#breadcrumb"},"inLanguage":"lt-LT","potentialAction":[{"@type":"ReadAction","target":["https:\/\/greenspells.com\/product\/biocos-keniu-sibiriniu-eterinis-aliejus\/"]}]},{"@type":"ImageObject","inLanguage":"lt-LT","@id":"https:\/\/greenspells.com\/product\/biocos-keniu-sibiriniu-eterinis-aliejus\/#primaryimage","url":"https:\/\/i0.wp.com\/greenspells.com\/wp-content\/uploads\/2023\/02\/keniu-sibiriniu-eterinis-aliejus.png?fit=600%2C600&ssl=1","contentUrl":"https:\/\/i0.wp.com\/greenspells.com\/wp-content\/uploads\/2023\/02\/keniu-sibiriniu-eterinis-aliejus.png?fit=600%2C600&ssl=1","width":600,"height":600,"caption":"keniu eterinis aliejus"},{"@type":"BreadcrumbList","@id":"https:\/\/greenspells.com\/product\/biocos-keniu-sibiriniu-eterinis-aliejus\/#breadcrumb","itemListElement":[{"@type":"ListItem","position":1,"name":"Home","item":"https:\/\/greenspells.com\/"},{"@type":"ListItem","position":2,"name":"Shop","item":"https:\/\/greenspells.com\/shop\/"},{"@type":"ListItem","position":3,"name":"BIOCOS K\u0117ni\u0173 (sibirini\u0173) eterinis aliejus"}]},{"@type":"WebSite","@id":"https:\/\/greenspells.com\/#website","url":"https:\/\/greenspells.com\/","name":"Greenspells","description":"Nat\u016brali ir ekologi\u0161ka kosmetika","publisher":{"@id":"https:\/\/greenspells.com\/#organization"},"potentialAction":[{"@type":"SearchAction","target":{"@type":"EntryPoint","urlTemplate":"https:\/\/greenspells.com\/?s={search_term_string}"},"query-input":{"@type":"PropertyValueSpecification","valueRequired":true,"valueName":"search_term_string"}}],"inLanguage":"lt-LT"},{"@type":"Organization","@id":"https:\/\/greenspells.com\/#organization","name":"Greenspells","url":"https:\/\/greenspells.com\/","logo":{"@type":"ImageObject","inLanguage":"lt-LT","@id":"https:\/\/greenspells.com\/#\/schema\/logo\/image\/","url":"https:\/\/i0.wp.com\/greenspells.com\/wp-content\/uploads\/2020\/09\/20200722_153424_0000.png?fit=1500%2C1500&ssl=1","contentUrl":"https:\/\/i0.wp.com\/greenspells.com\/wp-content\/uploads\/2020\/09\/20200722_153424_0000.png?fit=1500%2C1500&ssl=1","width":1500,"height":1500,"caption":"Greenspells"},"image":{"@id":"https:\/\/greenspells.com\/#\/schema\/logo\/image\/"},"sameAs":["https:\/\/www.facebook.com\/Greenspells","https:\/\/www.instagram.com\/greenspells_store\/"]}]}},"jetpack_likes_enabled":true,"jetpack_sharing_enabled":true,"_links":{"self":[{"href":"https:\/\/greenspells.com\/lt\/wp-json\/wp\/v2\/product\/1671722","targetHints":{"allow":["GET"]}}],"collection":[{"href":"https:\/\/greenspells.com\/lt\/wp-json\/wp\/v2\/product"}],"about":[{"href":"https:\/\/greenspells.com\/lt\/wp-json\/wp\/v2\/types\/product"}],"replies":[{"embeddable":true,"href":"https:\/\/greenspells.com\/lt\/wp-json\/wp\/v2\/comments?post=1671722"}],"wp:featuredmedia":[{"embeddable":true,"href":"https:\/\/greenspells.com\/lt\/wp-json\/wp\/v2\/media\/1671724"}],"wp:attachment":[{"href":"https:\/\/greenspells.com\/lt\/wp-json\/wp\/v2\/media?parent=1671722"}],"wp:term":[{"taxonomy":"product_brand","embeddable":true,"href":"https:\/\/greenspells.com\/lt\/wp-json\/wp\/v2\/product_brand?post=1671722"},{"taxonomy":"product_cat","embeddable":true,"href":"https:\/\/greenspells.com\/lt\/wp-json\/wp\/v2\/product_cat?post=1671722"},{"taxonomy":"product_tag","embeddable":true,"href":"https:\/\/greenspells.com\/lt\/wp-json\/wp\/v2\/product_tag?post=1671722"}],"curies":[{"name":"wp","href":"https:\/\/api.w.org\/{rel}","templated":true}]}}