{"id":1671715,"date":"2023-02-12T18:34:19","date_gmt":"2023-02-12T16:34:19","guid":{"rendered":"https:\/\/greenspells.com\/?post_type=product&#038;p=1671715"},"modified":"2025-01-08T10:54:37","modified_gmt":"2025-01-08T08:54:37","slug":"biocos-laureniu-japoniniu-litsea-cubeba-may-chang-eterinis-aliejus","status":"publish","type":"product","link":"https:\/\/greenspells.com\/lt\/produktas\/biocos-laureniu-japoniniu-litsea-cubeba-may-chang-eterinis-aliejus\/","title":{"rendered":"BIOCOS <br> Laureni\u0173 japonini\u0173 (Litsea cubeba, May Chang) eterinis aliejus"},"content":{"rendered":"<p>Japoninio laurenio (taip pat \u017einomas kaip May Chang, Litsea Cubeba) eterinis aliejus yra intensyvaus, gaivaus, sald\u017eiai \u017ealio, citrin\u0105 primenan\u010dio \u0161varos aromato su \u0161viesiais medienos ir g\u0117li\u0173 atspalviais. Japoninio laurenio eterinis aliejus yra m\u0117giamas daugelio m\u016bs\u0173 pirk\u0117j\u0173, be to, harmonizuoja emocijas bei padeda pri\u017ei\u016brint problemin\u0119 od\u0105.<\/p>\n<h3 style=\"font-weight: 400;\">PREK\u0116S INFORMACIJA<\/h3>\n<p><strong>Kiekis:<\/strong> 5 ml<\/p>\n<p style=\"font-weight: 400;\"><strong>Bot<\/strong>:\u00a0Litsea cubeba<\/p>\n<p style=\"font-weight: 400;\"><strong>Kilm\u0117s \u0161alis<\/strong>:\u00a0Kinija<\/p>\n<p style=\"font-weight: 400;\"><strong>Ekologi\u0161kas<\/strong>:\u00a0NE<\/p>\n<p style=\"font-weight: 400;\"><strong>Chemotipas (pagrindiniai komponentai)<\/strong>:\u00a0Geranial, Neral, Limonene, Citronellol<\/p>\n<p style=\"font-weight: 400;\"><strong>I\u0161gavimo b\u016bdas<\/strong>: distiliavimo<\/p>\n<p style=\"font-weight: 400;\"><strong>Augalo dalis<\/strong>: vaisiai<\/p>\n<p style=\"font-weight: 400;\"><strong>Aromatas<\/strong>:\u00a0sald\u017eiai gaivus, citrusinis<\/p>\n<p style=\"font-weight: 400;\"><strong>Nata<\/strong>:\u00a0\u0161irdies<\/p>\n<p style=\"font-weight: 400;\"><strong>Alchemija<\/strong>:\u00a0dera su bazilik\u0173, bergamo\u010di\u0173, pelargonij\u0173, jazmin\u0173, levand\u0173, mandarin\u0173, ro\u017ei\u0173, rozmarin\u0173, ylang ylang eteriniais aliejais.<\/p>\n<p style=\"font-weight: 400;\">Litsea cubeba gimtin\u0117 yra Kinija, Indonezija ir kitos Pietry\u010di\u0173 Azijos vietov\u0117s. Japoninis laurenis dar vadinamas kaln\u0173 pipiru arba Kinijos pipiru d\u0117l savo vaisi\u0173 formos, kuri pana\u0161i \u012f pipiro, o lapai ir \u017eiedai kvepia citrinomis.<br \/>\nLaurenio eterinis aliejus Vakar\u0173 pasaulyje nebuvo prieinamas iki \u0161e\u0161tojo de\u0161imtme\u010dio prad\u017eios. V\u0117liau japoninis laurenis tapo pagrindiniu citrin\u017eol\u0117s konkurentu, kadangi jame, kaip ir citrin\u017eol\u0117je gausu vertingos med\u017eiagos &#8211; citralio, ta\u010diau jis yra \u0161velnesnio kvapo.<\/p>\n<p style=\"font-weight: 400;\"><strong>R\u016b\u0161iavimo informacija<\/strong>:<\/p>\n<ul>\n<li>Buteliukas \u2013 stiklas<\/li>\n<li>Kam\u0161telis, la\u0161intuvas \u2013 plastikas<\/li>\n<li>Etiket\u0117 \u2013 plastikas PVC<\/li>\n<\/ul>\n<p style=\"font-weight: 400;\"><strong>Chemin\u0117 analiz\u0117<\/strong>:\u00a0Geranial, Neral, Limonene, Citronellol<\/p>\n<p style=\"font-weight: 400;\"><strong>Kosmetin\u0117s savyb\u0117s<\/strong>:<\/p>\n<ul>\n<li>balansuoja odos sebumo i\u0161siskyrim\u0105;<\/li>\n<li>padeda pri\u017ei\u016br\u0117ti spuogeli\u0173 paveikt\u0105 od\u0105;<\/li>\n<li>padeda ma\u017einti poras;<\/li>\n<li>skaistina od\u0105, suteikia jai \u0161vyt\u0117jimo;<\/li>\n<li>ma\u017eina prakaitavim\u0105, tad itin veiksmingas dezodorantuose, vonios aliejuose.<\/li>\n<\/ul>\n<p style=\"font-weight: 400;\"><strong>Aromaterapin\u0117s savyb\u0117s<\/strong>:<\/p>\n<ul>\n<li>ma\u017eina stres\u0105, nerim\u0105, gerina nuotaik\u0105;<\/li>\n<li>tonizuoja ir gaivina;<\/li>\n<li>lengvina kv\u0117pavim\u0105;<\/li>\n<li>neutralizuoja kvapus, suteikia \u0161varos poj\u016bt\u012f, ypa\u010d tinka vonios kambariui;<\/li>\n<li>gerina nuotaik\u0105, tod\u0117l rekomenduojamas garinti tamsesniu met\u0173 laikotarpiu.<\/li>\n<\/ul>\n<p style=\"font-weight: 400;\"><strong>Parfumerin\u0117s savyb\u0117s<\/strong>:<\/p>\n<ul>\n<li>laureni\u0173 aliejaus aromatas daugeliui \u017emoni\u0173 kelia d\u017eiugius citrin\u0173 \u0161erbeto, saldumyn\u0173 prisiminimus;<\/li>\n<li>jo kvapas yra pana\u0161us \u012f citrin\u017eol\u0119, bet saldesnis ir rafinuotesnis nei \u017eoli\u0161kas ir sunkus cintrin\u017eol\u0117s aromatas;<\/li>\n<li>d\u0117l \u0161io citrininio saldumo laurenio eterinis aliejus pla\u010diai naudojamas parfumerijos, kosmetikos ir kvapi\u0173j\u0173 med\u017eiag\u0173 pramon\u0117je.<\/li>\n<\/ul>\n<p style=\"font-weight: 400;\"><strong>Gyv\u016bnams<\/strong>:<\/p>\n<p style=\"font-weight: 400;\">Gali dirginti od\u0105, tod\u0117l ant odos nenaudojamas. Ta\u010diau\u00a0puikiai dezodoruoja ir valo patalp\u0173, kuriose gyvena gyv\u016bnai, or\u0105.<\/p>\n<p style=\"font-weight: 400;\"><i><em style=\"font-weight: inherit;\">D\u0117l teis\u0117s akt\u0173 reikalavim\u0173 negalime \u010dia apra\u0161yti vis\u0173 eterinio aliejaus terapini\u0173 savybi\u0173.<\/em><\/i><\/p>\n<p style=\"font-weight: 400;\"><strong>Naudojimas<\/strong>:<\/p>\n<ul>\n<li>3-5 la\u0161us paskleiskite ore garintuvu (difuzoriumi);<\/li>\n<li>U\u017ela\u0161inkite ant servet\u0117l\u0117s ir pad\u0117kite \u0161iltoje vietoje, pavyzd\u017eiui ant radiatoriaus. \u0160ildomas eterinis aliejus paskleis naudingas molekules ore.<\/li>\n<li>\u012ela\u0161inkite \u012f vanden\u012f 5 la\u0161us plaudami grindis;<\/li>\n<li>Gryni eteriniai aliejai ant odos nenaudojami. Juos b\u016btina skiesti su baziniais aliejais. Masa\u017eams, \u012ftrinimams, kvepinimuisi skieskite su baziniu aliejumi (migdol\u0173, sezam\u0173, ar kt.): 3 la\u0161\u0173 mi\u0161inio \u012f 10 ml (du valgomieji \u0161auk\u0161tai) bazinio aliejaus;<\/li>\n<li>La\u0161inkite \u012f voni\u0105 praskied\u0119 su kastilijos muilu: 3 la\u0161\u0173 eterinio aliejaus \u012f 10 ml kastilijos muilo. Nela\u0161inkite eterinio aliejaus tiesiai \u012f vanden\u012f, nes aliejai netirpsta vandenyje, bet pl\u016bduriuoja pavir\u0161iuje, tod\u0117l gali patekti tiesiai ant odos ir j\u0105 sudirginti;<\/li>\n<li>La\u0161inkite 3 la\u0161us ant dr\u0117gnos servet\u0117l\u0117s ir d\u0117kite \u012f spint\u0105 ar drabu\u017ei\u0173 d\u017eiovintuv\u0105, kad kvepinti drabu\u017eius. Kai kurie eteriniai aliejai gali i\u0161tepti baltos spalvos drabu\u017eius!<\/li>\n<li>Naudokite inhaliacijoms: la\u0161inkite 2-3 la\u0161us \u012f kar\u0161t\u0105 vanden\u012f ir kv\u0117puokite jo garais arba la\u0161inkite \u012f asmenin\u012f inhaliatori\u0173.<\/li>\n<li>Tur\u0117kite po ranka eterinio aliejaus buteliuk\u0105 ir nu\u0117m\u0119 la\u0161intuv\u0105 \u012fkv\u0117pkite 2-3 kartus.<\/li>\n<\/ul>\n<p style=\"font-weight: 400;\"><strong>Kaip teisingai garinti eterinius aliejus?\u00a0<\/strong><\/p>\n<p style=\"font-weight: 400;\">Siekiant maksimalaus poveikio m\u016bs\u0173 emocijoms (pav. ma\u017einti stres\u0105, gerinti nuotaik\u0105, raminti ir pan), eterinius aliejus reikia garinti intervalais, geriausia 3-4 kartus po 15 minu\u010di\u0173 garinti elektriniame difuzoriuje, ir tarp garinim\u0173 daryti ne trumpesn\u0119 kaip 30 minu\u010di\u0173 pertrauk\u0105.\u00a0 M\u016bs\u0173 smegenys, kurios atsakingos ir u\u017e emocij\u0173 reguliavim\u0105, labai plasti\u0161kos ir linkusios prisitaikyti prie aplinkos, tad ir prie eterini\u0173 aliej\u0173 skleid\u017eiamo poveikio pripranta. Siekiant geriausio terapinio poveikio emocijoms, smegenims reikia dinamikos, kuri\u0105 ir sukuria eterini\u0173 aliej\u0173 garinimas intervalais.<\/p>\n<p style=\"font-weight: 400;\">Jei siekiate eterini\u0173 aliej\u0173 poveikio fizinei b\u016bsenai (pav. pykinimui slopinti, aplinkos orui i\u0161valyti, per\u0161alimui lengvinti), garinkite eterinius aliejus kelis kartus per dien\u0105 po 30 minu\u010di\u0173.<\/p>\n<p style=\"font-weight: 400;\"><strong>SAUGUMAS!<\/strong><\/p>\n<p style=\"font-weight: 400;\">B\u016btina skiesti. (Maksimali koncentracija veido kosmetikai &#8211; 1.5%, k\u016bno masa\u017eui &#8211; 3%)<\/p>\n<p style=\"font-weight: 400;\"><i><em style=\"font-weight: inherit;\">N\u0117\u0161\u010diosiosioms<\/em><\/i>: poveikis n\u0117\u0161\u010diosioms n\u0117ra iki galo i\u0161tirtas, tod\u0117l prie\u0161 naudojant rekomenduojame pasikonsultuoti su gydytoju aromaterapeutu.<\/p>\n<p style=\"font-weight: 400;\"><i><em style=\"font-weight: inherit;\">Vaikams<\/em><\/i>:\u00a0saugus naudoti vaikams nuo 2 met\u0173<\/p>\n<p style=\"font-weight: 400;\">Vengti naudoti oksidavus\u012f eterin\u012f japoninio laureanio aliej\u0173, nes gali sukelti odos sudirgim\u0105.<\/p>\n<p style=\"font-weight: 400;\">Jei eterinis aliejus sudirgint\u0173 od\u0105, j\u0105 b\u016btina valyti bet kokiu baziniu aliejumi, kur\u012f turite po ranka (alyvuogi\u0173, saul\u0117gra\u017e\u0173 ar kt.). Nenaudokite vandens eteriniams aliejams nuplauti, nes vanduo dar giliau perne\u0161 eterinius aliejus \u012f od\u0105 ir tik sustiprins sudirginim\u0105.<\/p>\n<p style=\"font-weight: 400;\">Siekiant i\u0161saugoti vertingas eterini\u0173 aliej\u0173 savybes, eterinius aliejus ir j\u0173 mi\u0161inius reik\u0117t\u0173 laikyti tamsioje v\u0117sioje vietoje.<\/p>\n<p style=\"font-weight: 400;\"><i><em style=\"font-weight: inherit;\"><strong>Aromaterapijos pagrindin\u0117 taisykl\u0117 \u2013 ma\u017eiau yra daugiau<\/strong>, t.y. eteriniai aliejai geriau veikia esant ma\u017eoms doz\u0117ms.<\/em><\/i><\/p>","protected":false},"excerpt":{"rendered":"<p>Japoninio laurenio (taip pat \u017einomas kaip May Chang, Litsea Cubeba) eterinis aliejus yra intensyvaus, gaivaus, sald\u017eiai \u017ealio, citrin\u0105 primenan\u010dio \u0161varos aromato su \u0161viesiais medienos ir g\u0117li\u0173 atspalviais. Japoninio laurenio eterinis aliejus yra m\u0117giamas daugelio m\u016bs\u0173 pirk\u0117j\u0173, be to, harmonizuoja emocijas bei padeda pri\u017ei\u016brint problemin\u0119 od\u0105. PREK\u0116S INFORMACIJA Kiekis: 5 ml Bot:\u00a0Litsea cubeba Kilm\u0117s \u0161alis:\u00a0Kinija Ekologi\u0161kas:\u00a0NE [&hellip;]<\/p>\n","protected":false},"featured_media":1671717,"comment_status":"open","ping_status":"closed","template":"","meta":{"content-type":"","_monsterinsights_skip_tracking":false,"_monsterinsights_sitenote_active":false,"_monsterinsights_sitenote_note":"","_monsterinsights_sitenote_category":0,"_uf_show_specific_survey":0,"_uf_disable_surveys":false},"product_brand":[1652],"product_cat":[1506,1511,15],"product_tag":[1536],"class_list":{"0":"post-1671715","1":"product","2":"type-product","3":"status-publish","4":"has-post-thumbnail","6":"product_brand-biocos-kosmetika","7":"product_cat-essential-oils","8":"product_cat-essential-oils-essential-oils","9":"product_cat-all-products","10":"product_tag-japoniniu-laureniu-eterinis-aliejus","12":"first","13":"instock","14":"taxable","15":"shipping-taxable","16":"purchasable","17":"product-type-simple"},"bundled_by":[],"bundle_stock_status":"instock","bundle_stock_quantity":null,"bundle_virtual":false,"bundle_layout":"","bundle_add_to_cart_form_location":"","bundle_editable_in_cart":false,"bundle_sold_individually_context":"","bundle_item_grouping":"","bundle_min_size":"","bundle_max_size":"","bundle_price":[],"bundled_items":[],"bundle_sell_ids":[],"group_of_quantity":0,"min_quantity":0,"max_quantity":"","exclude_order_quantity_value_rules":"no","exclude_category_quantity_rules":"no","combine_variations":"no","exclude_global_add_ons":[],"addons":[],"yoast_head":"<!-- This site is optimized with the Yoast SEO plugin v27.4 - https:\/\/yoast.com\/product\/yoast-seo-wordpress\/ -->\n<title>BIOCOS  Laureni\u0173 japonini\u0173 (Litsea cubeba, May Chang) eterinis aliejus - Greenspells<\/title>\n<meta name=\"description\" content=\"Intensyvaus, gaivaus, sald\u017eiai \u017ealio, citrin\u0105 primenan\u010dio \u0161varos aromato su \u0161viesiais medienos ir g\u0117li\u0173 atspalviais.\" \/>\n<meta name=\"robots\" content=\"index, follow, max-snippet:-1, max-image-preview:large, max-video-preview:-1\" \/>\n<link rel=\"canonical\" href=\"https:\/\/greenspells.com\/lt\/produktas\/biocos-laureniu-japoniniu-litsea-cubeba-may-chang-eterinis-aliejus\/\" \/>\n<meta property=\"og:locale\" content=\"lt_LT\" \/>\n<meta property=\"og:type\" content=\"article\" \/>\n<meta property=\"og:title\" content=\"BIOCOS  Laureni\u0173 japonini\u0173 (Litsea cubeba, May Chang) eterinis aliejus - Greenspells\" \/>\n<meta property=\"og:description\" content=\"Intensyvaus, gaivaus, sald\u017eiai \u017ealio, citrin\u0105 primenan\u010dio \u0161varos aromato su \u0161viesiais medienos ir g\u0117li\u0173 atspalviais.\" \/>\n<meta property=\"og:url\" content=\"https:\/\/greenspells.com\/lt\/produktas\/biocos-laureniu-japoniniu-litsea-cubeba-may-chang-eterinis-aliejus\/\" \/>\n<meta property=\"og:site_name\" content=\"Greenspells\" \/>\n<meta property=\"article:publisher\" content=\"https:\/\/www.facebook.com\/Greenspells\" \/>\n<meta property=\"article:modified_time\" content=\"2025-01-08T08:54:37+00:00\" \/>\n<meta property=\"og:image\" content=\"https:\/\/greenspells.com\/wp-content\/uploads\/2023\/02\/laureniu-japoniniu-eterinis-aliejus.png\" \/>\n\t<meta property=\"og:image:width\" content=\"600\" \/>\n\t<meta property=\"og:image:height\" content=\"600\" \/>\n\t<meta property=\"og:image:type\" content=\"image\/png\" \/>\n<meta name=\"twitter:card\" content=\"summary_large_image\" \/>\n<meta name=\"twitter:label1\" content=\"Est. reading time\" \/>\n\t<meta name=\"twitter:data1\" content=\"3 minut\u0117s\" \/>\n<script type=\"application\/ld+json\" class=\"yoast-schema-graph\">{\"@context\":\"https:\\\/\\\/schema.org\",\"@graph\":[{\"@type\":\"WebPage\",\"@id\":\"https:\\\/\\\/greenspells.com\\\/product\\\/biocos-laureniu-japoniniu-litsea-cubeba-may-chang-eterinis-aliejus\\\/\",\"url\":\"https:\\\/\\\/greenspells.com\\\/product\\\/biocos-laureniu-japoniniu-litsea-cubeba-may-chang-eterinis-aliejus\\\/\",\"name\":\"BIOCOS Laureni\u0173 japonini\u0173 (Litsea cubeba, May Chang) eterinis aliejus - Greenspells\",\"isPartOf\":{\"@id\":\"https:\\\/\\\/greenspells.com\\\/#website\"},\"primaryImageOfPage\":{\"@id\":\"https:\\\/\\\/greenspells.com\\\/product\\\/biocos-laureniu-japoniniu-litsea-cubeba-may-chang-eterinis-aliejus\\\/#primaryimage\"},\"image\":{\"@id\":\"https:\\\/\\\/greenspells.com\\\/product\\\/biocos-laureniu-japoniniu-litsea-cubeba-may-chang-eterinis-aliejus\\\/#primaryimage\"},\"thumbnailUrl\":\"https:\\\/\\\/i0.wp.com\\\/greenspells.com\\\/wp-content\\\/uploads\\\/2023\\\/02\\\/laureniu-japoniniu-eterinis-aliejus.png?fit=600%2C600&ssl=1\",\"datePublished\":\"2023-02-12T16:34:19+00:00\",\"dateModified\":\"2025-01-08T08:54:37+00:00\",\"description\":\"Intensyvaus, gaivaus, sald\u017eiai \u017ealio, citrin\u0105 primenan\u010dio \u0161varos aromato su \u0161viesiais medienos ir g\u0117li\u0173 atspalviais.\",\"breadcrumb\":{\"@id\":\"https:\\\/\\\/greenspells.com\\\/product\\\/biocos-laureniu-japoniniu-litsea-cubeba-may-chang-eterinis-aliejus\\\/#breadcrumb\"},\"inLanguage\":\"lt-LT\",\"potentialAction\":[{\"@type\":\"ReadAction\",\"target\":[\"https:\\\/\\\/greenspells.com\\\/product\\\/biocos-laureniu-japoniniu-litsea-cubeba-may-chang-eterinis-aliejus\\\/\"]}]},{\"@type\":\"ImageObject\",\"inLanguage\":\"lt-LT\",\"@id\":\"https:\\\/\\\/greenspells.com\\\/product\\\/biocos-laureniu-japoniniu-litsea-cubeba-may-chang-eterinis-aliejus\\\/#primaryimage\",\"url\":\"https:\\\/\\\/i0.wp.com\\\/greenspells.com\\\/wp-content\\\/uploads\\\/2023\\\/02\\\/laureniu-japoniniu-eterinis-aliejus.png?fit=600%2C600&ssl=1\",\"contentUrl\":\"https:\\\/\\\/i0.wp.com\\\/greenspells.com\\\/wp-content\\\/uploads\\\/2023\\\/02\\\/laureniu-japoniniu-eterinis-aliejus.png?fit=600%2C600&ssl=1\",\"width\":600,\"height\":600,\"caption\":\"laureniu japoniniu eterinis aliejus\"},{\"@type\":\"BreadcrumbList\",\"@id\":\"https:\\\/\\\/greenspells.com\\\/product\\\/biocos-laureniu-japoniniu-litsea-cubeba-may-chang-eterinis-aliejus\\\/#breadcrumb\",\"itemListElement\":[{\"@type\":\"ListItem\",\"position\":1,\"name\":\"Home\",\"item\":\"https:\\\/\\\/greenspells.com\\\/\"},{\"@type\":\"ListItem\",\"position\":2,\"name\":\"Shop\",\"item\":\"https:\\\/\\\/greenspells.com\\\/shop\\\/\"},{\"@type\":\"ListItem\",\"position\":3,\"name\":\"BIOCOS Laureni\u0173 japonini\u0173 (Litsea cubeba, May Chang) eterinis aliejus\"}]},{\"@type\":\"WebSite\",\"@id\":\"https:\\\/\\\/greenspells.com\\\/#website\",\"url\":\"https:\\\/\\\/greenspells.com\\\/\",\"name\":\"Greenspells\",\"description\":\"Nat\u016brali ir ekologi\u0161ka kosmetika\",\"publisher\":{\"@id\":\"https:\\\/\\\/greenspells.com\\\/#organization\"},\"potentialAction\":[{\"@type\":\"SearchAction\",\"target\":{\"@type\":\"EntryPoint\",\"urlTemplate\":\"https:\\\/\\\/greenspells.com\\\/?s={search_term_string}\"},\"query-input\":{\"@type\":\"PropertyValueSpecification\",\"valueRequired\":true,\"valueName\":\"search_term_string\"}}],\"inLanguage\":\"lt-LT\"},{\"@type\":\"Organization\",\"@id\":\"https:\\\/\\\/greenspells.com\\\/#organization\",\"name\":\"Greenspells\",\"url\":\"https:\\\/\\\/greenspells.com\\\/\",\"logo\":{\"@type\":\"ImageObject\",\"inLanguage\":\"lt-LT\",\"@id\":\"https:\\\/\\\/greenspells.com\\\/#\\\/schema\\\/logo\\\/image\\\/\",\"url\":\"https:\\\/\\\/i0.wp.com\\\/greenspells.com\\\/wp-content\\\/uploads\\\/2020\\\/09\\\/20200722_153424_0000.png?fit=1500%2C1500&ssl=1\",\"contentUrl\":\"https:\\\/\\\/i0.wp.com\\\/greenspells.com\\\/wp-content\\\/uploads\\\/2020\\\/09\\\/20200722_153424_0000.png?fit=1500%2C1500&ssl=1\",\"width\":1500,\"height\":1500,\"caption\":\"Greenspells\"},\"image\":{\"@id\":\"https:\\\/\\\/greenspells.com\\\/#\\\/schema\\\/logo\\\/image\\\/\"},\"sameAs\":[\"https:\\\/\\\/www.facebook.com\\\/Greenspells\",\"https:\\\/\\\/www.instagram.com\\\/greenspells_store\\\/\"]}]}<\/script>\n<!-- \/ Yoast SEO plugin. -->","yoast_head_json":{"title":"BIOCOS  Laureni\u0173 japonini\u0173 (Litsea cubeba, May Chang) eterinis aliejus - Greenspells","description":"Intensyvaus, gaivaus, sald\u017eiai \u017ealio, citrin\u0105 primenan\u010dio \u0161varos aromato su \u0161viesiais medienos ir g\u0117li\u0173 atspalviais.","robots":{"index":"index","follow":"follow","max-snippet":"max-snippet:-1","max-image-preview":"max-image-preview:large","max-video-preview":"max-video-preview:-1"},"canonical":"https:\/\/greenspells.com\/lt\/produktas\/biocos-laureniu-japoniniu-litsea-cubeba-may-chang-eterinis-aliejus\/","og_locale":"lt_LT","og_type":"article","og_title":"BIOCOS  Laureni\u0173 japonini\u0173 (Litsea cubeba, May Chang) eterinis aliejus - Greenspells","og_description":"Intensyvaus, gaivaus, sald\u017eiai \u017ealio, citrin\u0105 primenan\u010dio \u0161varos aromato su \u0161viesiais medienos ir g\u0117li\u0173 atspalviais.","og_url":"https:\/\/greenspells.com\/lt\/produktas\/biocos-laureniu-japoniniu-litsea-cubeba-may-chang-eterinis-aliejus\/","og_site_name":"Greenspells","article_publisher":"https:\/\/www.facebook.com\/Greenspells","article_modified_time":"2025-01-08T08:54:37+00:00","og_image":[{"width":600,"height":600,"url":"https:\/\/greenspells.com\/wp-content\/uploads\/2023\/02\/laureniu-japoniniu-eterinis-aliejus.png","type":"image\/png"}],"twitter_card":"summary_large_image","twitter_misc":{"Est. reading time":"3 minut\u0117s"},"schema":{"@context":"https:\/\/schema.org","@graph":[{"@type":"WebPage","@id":"https:\/\/greenspells.com\/product\/biocos-laureniu-japoniniu-litsea-cubeba-may-chang-eterinis-aliejus\/","url":"https:\/\/greenspells.com\/product\/biocos-laureniu-japoniniu-litsea-cubeba-may-chang-eterinis-aliejus\/","name":"BIOCOS Laureni\u0173 japonini\u0173 (Litsea cubeba, May Chang) eterinis aliejus - Greenspells","isPartOf":{"@id":"https:\/\/greenspells.com\/#website"},"primaryImageOfPage":{"@id":"https:\/\/greenspells.com\/product\/biocos-laureniu-japoniniu-litsea-cubeba-may-chang-eterinis-aliejus\/#primaryimage"},"image":{"@id":"https:\/\/greenspells.com\/product\/biocos-laureniu-japoniniu-litsea-cubeba-may-chang-eterinis-aliejus\/#primaryimage"},"thumbnailUrl":"https:\/\/i0.wp.com\/greenspells.com\/wp-content\/uploads\/2023\/02\/laureniu-japoniniu-eterinis-aliejus.png?fit=600%2C600&ssl=1","datePublished":"2023-02-12T16:34:19+00:00","dateModified":"2025-01-08T08:54:37+00:00","description":"Intensyvaus, gaivaus, sald\u017eiai \u017ealio, citrin\u0105 primenan\u010dio \u0161varos aromato su \u0161viesiais medienos ir g\u0117li\u0173 atspalviais.","breadcrumb":{"@id":"https:\/\/greenspells.com\/product\/biocos-laureniu-japoniniu-litsea-cubeba-may-chang-eterinis-aliejus\/#breadcrumb"},"inLanguage":"lt-LT","potentialAction":[{"@type":"ReadAction","target":["https:\/\/greenspells.com\/product\/biocos-laureniu-japoniniu-litsea-cubeba-may-chang-eterinis-aliejus\/"]}]},{"@type":"ImageObject","inLanguage":"lt-LT","@id":"https:\/\/greenspells.com\/product\/biocos-laureniu-japoniniu-litsea-cubeba-may-chang-eterinis-aliejus\/#primaryimage","url":"https:\/\/i0.wp.com\/greenspells.com\/wp-content\/uploads\/2023\/02\/laureniu-japoniniu-eterinis-aliejus.png?fit=600%2C600&ssl=1","contentUrl":"https:\/\/i0.wp.com\/greenspells.com\/wp-content\/uploads\/2023\/02\/laureniu-japoniniu-eterinis-aliejus.png?fit=600%2C600&ssl=1","width":600,"height":600,"caption":"laureniu japoniniu eterinis aliejus"},{"@type":"BreadcrumbList","@id":"https:\/\/greenspells.com\/product\/biocos-laureniu-japoniniu-litsea-cubeba-may-chang-eterinis-aliejus\/#breadcrumb","itemListElement":[{"@type":"ListItem","position":1,"name":"Home","item":"https:\/\/greenspells.com\/"},{"@type":"ListItem","position":2,"name":"Shop","item":"https:\/\/greenspells.com\/shop\/"},{"@type":"ListItem","position":3,"name":"BIOCOS Laureni\u0173 japonini\u0173 (Litsea cubeba, May Chang) eterinis aliejus"}]},{"@type":"WebSite","@id":"https:\/\/greenspells.com\/#website","url":"https:\/\/greenspells.com\/","name":"Greenspells","description":"Nat\u016brali ir ekologi\u0161ka kosmetika","publisher":{"@id":"https:\/\/greenspells.com\/#organization"},"potentialAction":[{"@type":"SearchAction","target":{"@type":"EntryPoint","urlTemplate":"https:\/\/greenspells.com\/?s={search_term_string}"},"query-input":{"@type":"PropertyValueSpecification","valueRequired":true,"valueName":"search_term_string"}}],"inLanguage":"lt-LT"},{"@type":"Organization","@id":"https:\/\/greenspells.com\/#organization","name":"Greenspells","url":"https:\/\/greenspells.com\/","logo":{"@type":"ImageObject","inLanguage":"lt-LT","@id":"https:\/\/greenspells.com\/#\/schema\/logo\/image\/","url":"https:\/\/i0.wp.com\/greenspells.com\/wp-content\/uploads\/2020\/09\/20200722_153424_0000.png?fit=1500%2C1500&ssl=1","contentUrl":"https:\/\/i0.wp.com\/greenspells.com\/wp-content\/uploads\/2020\/09\/20200722_153424_0000.png?fit=1500%2C1500&ssl=1","width":1500,"height":1500,"caption":"Greenspells"},"image":{"@id":"https:\/\/greenspells.com\/#\/schema\/logo\/image\/"},"sameAs":["https:\/\/www.facebook.com\/Greenspells","https:\/\/www.instagram.com\/greenspells_store\/"]}]}},"jetpack_likes_enabled":true,"jetpack_sharing_enabled":true,"_links":{"self":[{"href":"https:\/\/greenspells.com\/lt\/wp-json\/wp\/v2\/product\/1671715","targetHints":{"allow":["GET"]}}],"collection":[{"href":"https:\/\/greenspells.com\/lt\/wp-json\/wp\/v2\/product"}],"about":[{"href":"https:\/\/greenspells.com\/lt\/wp-json\/wp\/v2\/types\/product"}],"replies":[{"embeddable":true,"href":"https:\/\/greenspells.com\/lt\/wp-json\/wp\/v2\/comments?post=1671715"}],"wp:featuredmedia":[{"embeddable":true,"href":"https:\/\/greenspells.com\/lt\/wp-json\/wp\/v2\/media\/1671717"}],"wp:attachment":[{"href":"https:\/\/greenspells.com\/lt\/wp-json\/wp\/v2\/media?parent=1671715"}],"wp:term":[{"taxonomy":"product_brand","embeddable":true,"href":"https:\/\/greenspells.com\/lt\/wp-json\/wp\/v2\/product_brand?post=1671715"},{"taxonomy":"product_cat","embeddable":true,"href":"https:\/\/greenspells.com\/lt\/wp-json\/wp\/v2\/product_cat?post=1671715"},{"taxonomy":"product_tag","embeddable":true,"href":"https:\/\/greenspells.com\/lt\/wp-json\/wp\/v2\/product_tag?post=1671715"}],"curies":[{"name":"wp","href":"https:\/\/api.w.org\/{rel}","templated":true}]}}