{"id":1671712,"date":"2023-02-12T18:29:55","date_gmt":"2023-02-12T16:29:55","guid":{"rendered":"https:\/\/greenspells.com\/?post_type=product&#038;p=1671712"},"modified":"2025-01-08T10:55:06","modified_gmt":"2025-01-08T08:55:06","slug":"biocos-pusu-eterinis-aliejus-ekologiskas","status":"publish","type":"product","link":"https:\/\/greenspells.com\/lt\/produktas\/biocos-pusu-eterinis-aliejus-ekologiskas\/","title":{"rendered":"BIOCOS <br> Pu\u0161\u0173 eterinis aliejus, <br> ekologi\u0161kas"},"content":{"rendered":"<h3 class=\"product-information-heading\">PREK\u0116S INFORMACIJA<\/h3>\n<p><strong>Kiekis:<\/strong> 5ml<\/p>\n<div class=\"row\">\n<div class=\"col-xs-12 col-md-6\">\n<div class=\"rte\">\n<p><strong>Lotyni\u0161kas pavadinimas:<\/strong>\u00a0Pinus sylvestris<\/p>\n<p><strong>Kilm\u0117s \u0161alis:<\/strong>\u00a0Bulgarija<\/p>\n<p><strong>Sertifikatai:\u00a0<\/strong>ekologi\u0161kas<\/p>\n<p><strong>Chemotipas (pagrindiniai komponentai)<\/strong>:\u00a0Pinenes, Limonene<\/p>\n<p><strong>I\u0161gavimo b\u016bdas<\/strong>: distiliavimo<\/p>\n<p><strong>Augalo dalis<\/strong>: spygliai, \u0161akel\u0117s, kankor\u0117\u017eiai<\/p>\n<p><strong>Aromatas:\u00a0<\/strong>skvarbus, stiprus, gaivus, sak\u0173.<\/p>\n<p><strong>Nata:\u00a0<\/strong>vir\u0161utin\u0117<\/p>\n<p><strong>Panaudojimo b\u016bdai:\u00a0<\/strong>aromaterapijai, kosmetikai, parfumerijai. Naudojamas garinimui elektriniuose eterini\u0173 aliej\u0173 garintuvuose, keraminiuose garintuvuose, inhaliacijoms, aromaterapin\u0117se voniose, masa\u017eams, kompresams, \u012ftrinimams. Naudokite\u00a0pu\u0161\u0173 eterin\u012f aliej\u0173 nam\u0173 orui valyti &#8211; \u012fla\u0161inkite \u012f vanden\u012f plaunant grindis ar kitus pavir\u0161ius.\u00a0Labai m\u0117gstamas naudoti pirtyje.<\/p>\n<p><strong>Panaudojimas kosmetikos gamyboje<\/strong>: naudojamas priemon\u0117se nuo spuog\u0173, odos poroms valyti, priemon\u0117se po skutimosi, oro gaivikliuose, plauk\u0173 prie\u017ei\u016bros priemon\u0117se, stiprinan\u010diose plauk\u0173 \u0161aknis, taip pat nuo pleiskan\u0173.<\/p>\n<p><strong>Alchemija:\u00a0<\/strong>pu\u0161\u0173 eterinis aliejus dera su kedr\u0173, rozmarin\u0173, levand\u0173, \u0161alavij\u0173, gauruot\u0173j\u0173 \u0161vitr\u016bn\u0173, kadagi\u0173 ir kitais eteriniais aliejais.<\/p>\n<p><strong>\u012esp\u0117jimai:\u00a0<\/strong>Naudoti nedideliais kiekiais, nes padauginus gali sudirginti od\u0105. Ypa\u010d jautriai odai pu\u0161\u0173 eterinis aliejus turi b\u016bti naudojamas gerai atskiestas baziniu aliejumi. N\u0117\u0161tumo metu reik\u0117t\u0173 vartoti itin ma\u017eomis doz\u0117mis ir gerai atskiest\u0105.<\/p>\n<\/div>\n<\/div>\n<\/div>","protected":false},"excerpt":{"rendered":"<p>PREK\u0116S INFORMACIJA Kiekis: 5ml Lotyni\u0161kas pavadinimas:\u00a0Pinus sylvestris Kilm\u0117s \u0161alis:\u00a0Bulgarija Sertifikatai:\u00a0ekologi\u0161kas Chemotipas (pagrindiniai komponentai):\u00a0Pinenes, Limonene I\u0161gavimo b\u016bdas: distiliavimo Augalo dalis: spygliai, \u0161akel\u0117s, kankor\u0117\u017eiai Aromatas:\u00a0skvarbus, stiprus, gaivus, sak\u0173. Nata:\u00a0vir\u0161utin\u0117 Panaudojimo b\u016bdai:\u00a0aromaterapijai, kosmetikai, parfumerijai. Naudojamas garinimui elektriniuose eterini\u0173 aliej\u0173 garintuvuose, keraminiuose garintuvuose, inhaliacijoms, aromaterapin\u0117se voniose, masa\u017eams, kompresams, \u012ftrinimams. Naudokite\u00a0pu\u0161\u0173 eterin\u012f aliej\u0173 nam\u0173 orui valyti &#8211; \u012fla\u0161inkite \u012f vanden\u012f [&hellip;]<\/p>\n","protected":false},"featured_media":1671714,"comment_status":"open","ping_status":"closed","template":"","meta":{"content-type":"","_monsterinsights_skip_tracking":false,"_monsterinsights_sitenote_active":false,"_monsterinsights_sitenote_note":"","_monsterinsights_sitenote_category":0,"_uf_show_specific_survey":0,"_uf_disable_surveys":false},"product_brand":[1652],"product_cat":[1506,1511,15],"product_tag":[1535],"class_list":{"0":"post-1671712","1":"product","2":"type-product","3":"status-publish","4":"has-post-thumbnail","6":"product_brand-biocos-kosmetika","7":"product_cat-essential-oils","8":"product_cat-essential-oils-essential-oils","9":"product_cat-all-products","10":"product_tag-pusu-eterinis-aliejus","12":"first","13":"instock","14":"taxable","15":"shipping-taxable","16":"purchasable","17":"product-type-simple"},"bundled_by":[],"bundle_stock_status":"instock","bundle_stock_quantity":null,"bundle_virtual":false,"bundle_layout":"","bundle_add_to_cart_form_location":"","bundle_editable_in_cart":false,"bundle_sold_individually_context":"","bundle_item_grouping":"","bundle_min_size":"","bundle_max_size":"","bundle_price":[],"bundled_items":[],"bundle_sell_ids":[],"group_of_quantity":0,"min_quantity":0,"max_quantity":"","exclude_order_quantity_value_rules":"no","exclude_category_quantity_rules":"no","combine_variations":"no","exclude_global_add_ons":[],"addons":[],"yoast_head":"<!-- This site is optimized with the Yoast SEO plugin v27.4 - https:\/\/yoast.com\/product\/yoast-seo-wordpress\/ -->\n<title>BIOCOS  Pu\u0161\u0173 eterinis aliejus,  ekologi\u0161kas - Greenspells<\/title>\n<meta name=\"description\" content=\"Ekologi\u0161kas pu\u0161\u0173 eterinis aliejus.\" \/>\n<meta name=\"robots\" content=\"index, follow, max-snippet:-1, max-image-preview:large, max-video-preview:-1\" \/>\n<link rel=\"canonical\" href=\"https:\/\/greenspells.com\/lt\/produktas\/biocos-pusu-eterinis-aliejus-ekologiskas\/\" \/>\n<meta property=\"og:locale\" content=\"lt_LT\" \/>\n<meta property=\"og:type\" content=\"article\" \/>\n<meta property=\"og:title\" content=\"BIOCOS  Pu\u0161\u0173 eterinis aliejus,  ekologi\u0161kas - Greenspells\" \/>\n<meta property=\"og:description\" content=\"Ekologi\u0161kas pu\u0161\u0173 eterinis aliejus.\" \/>\n<meta property=\"og:url\" content=\"https:\/\/greenspells.com\/lt\/produktas\/biocos-pusu-eterinis-aliejus-ekologiskas\/\" \/>\n<meta property=\"og:site_name\" content=\"Greenspells\" \/>\n<meta property=\"article:publisher\" content=\"https:\/\/www.facebook.com\/Greenspells\" \/>\n<meta property=\"article:modified_time\" content=\"2025-01-08T08:55:06+00:00\" \/>\n<meta property=\"og:image\" content=\"https:\/\/greenspells.com\/wp-content\/uploads\/2023\/02\/pus-eterinis-aliejus.png\" \/>\n\t<meta property=\"og:image:width\" content=\"600\" \/>\n\t<meta property=\"og:image:height\" content=\"600\" \/>\n\t<meta property=\"og:image:type\" content=\"image\/png\" \/>\n<meta name=\"twitter:card\" content=\"summary_large_image\" \/>\n<meta name=\"twitter:label1\" content=\"Est. reading time\" \/>\n\t<meta name=\"twitter:data1\" content=\"1 minut\u0117\" \/>\n<script type=\"application\/ld+json\" class=\"yoast-schema-graph\">{\"@context\":\"https:\\\/\\\/schema.org\",\"@graph\":[{\"@type\":\"WebPage\",\"@id\":\"https:\\\/\\\/greenspells.com\\\/product\\\/biocos-pusu-eterinis-aliejus-ekologiskas\\\/\",\"url\":\"https:\\\/\\\/greenspells.com\\\/product\\\/biocos-pusu-eterinis-aliejus-ekologiskas\\\/\",\"name\":\"BIOCOS Pu\u0161\u0173 eterinis aliejus, ekologi\u0161kas - Greenspells\",\"isPartOf\":{\"@id\":\"https:\\\/\\\/greenspells.com\\\/#website\"},\"primaryImageOfPage\":{\"@id\":\"https:\\\/\\\/greenspells.com\\\/product\\\/biocos-pusu-eterinis-aliejus-ekologiskas\\\/#primaryimage\"},\"image\":{\"@id\":\"https:\\\/\\\/greenspells.com\\\/product\\\/biocos-pusu-eterinis-aliejus-ekologiskas\\\/#primaryimage\"},\"thumbnailUrl\":\"https:\\\/\\\/i0.wp.com\\\/greenspells.com\\\/wp-content\\\/uploads\\\/2023\\\/02\\\/pus-eterinis-aliejus.png?fit=600%2C600&ssl=1\",\"datePublished\":\"2023-02-12T16:29:55+00:00\",\"dateModified\":\"2025-01-08T08:55:06+00:00\",\"description\":\"Ekologi\u0161kas pu\u0161\u0173 eterinis aliejus.\",\"breadcrumb\":{\"@id\":\"https:\\\/\\\/greenspells.com\\\/product\\\/biocos-pusu-eterinis-aliejus-ekologiskas\\\/#breadcrumb\"},\"inLanguage\":\"lt-LT\",\"potentialAction\":[{\"@type\":\"ReadAction\",\"target\":[\"https:\\\/\\\/greenspells.com\\\/product\\\/biocos-pusu-eterinis-aliejus-ekologiskas\\\/\"]}]},{\"@type\":\"ImageObject\",\"inLanguage\":\"lt-LT\",\"@id\":\"https:\\\/\\\/greenspells.com\\\/product\\\/biocos-pusu-eterinis-aliejus-ekologiskas\\\/#primaryimage\",\"url\":\"https:\\\/\\\/i0.wp.com\\\/greenspells.com\\\/wp-content\\\/uploads\\\/2023\\\/02\\\/pus-eterinis-aliejus.png?fit=600%2C600&ssl=1\",\"contentUrl\":\"https:\\\/\\\/i0.wp.com\\\/greenspells.com\\\/wp-content\\\/uploads\\\/2023\\\/02\\\/pus-eterinis-aliejus.png?fit=600%2C600&ssl=1\",\"width\":600,\"height\":600,\"caption\":\"pu\u0161\u0173 eterinis aliejus\"},{\"@type\":\"BreadcrumbList\",\"@id\":\"https:\\\/\\\/greenspells.com\\\/product\\\/biocos-pusu-eterinis-aliejus-ekologiskas\\\/#breadcrumb\",\"itemListElement\":[{\"@type\":\"ListItem\",\"position\":1,\"name\":\"Home\",\"item\":\"https:\\\/\\\/greenspells.com\\\/\"},{\"@type\":\"ListItem\",\"position\":2,\"name\":\"Shop\",\"item\":\"https:\\\/\\\/greenspells.com\\\/shop\\\/\"},{\"@type\":\"ListItem\",\"position\":3,\"name\":\"BIOCOS Pu\u0161\u0173 eterinis aliejus, ekologi\u0161kas\"}]},{\"@type\":\"WebSite\",\"@id\":\"https:\\\/\\\/greenspells.com\\\/#website\",\"url\":\"https:\\\/\\\/greenspells.com\\\/\",\"name\":\"Greenspells\",\"description\":\"Nat\u016brali ir ekologi\u0161ka kosmetika\",\"publisher\":{\"@id\":\"https:\\\/\\\/greenspells.com\\\/#organization\"},\"potentialAction\":[{\"@type\":\"SearchAction\",\"target\":{\"@type\":\"EntryPoint\",\"urlTemplate\":\"https:\\\/\\\/greenspells.com\\\/?s={search_term_string}\"},\"query-input\":{\"@type\":\"PropertyValueSpecification\",\"valueRequired\":true,\"valueName\":\"search_term_string\"}}],\"inLanguage\":\"lt-LT\"},{\"@type\":\"Organization\",\"@id\":\"https:\\\/\\\/greenspells.com\\\/#organization\",\"name\":\"Greenspells\",\"url\":\"https:\\\/\\\/greenspells.com\\\/\",\"logo\":{\"@type\":\"ImageObject\",\"inLanguage\":\"lt-LT\",\"@id\":\"https:\\\/\\\/greenspells.com\\\/#\\\/schema\\\/logo\\\/image\\\/\",\"url\":\"https:\\\/\\\/i0.wp.com\\\/greenspells.com\\\/wp-content\\\/uploads\\\/2020\\\/09\\\/20200722_153424_0000.png?fit=1500%2C1500&ssl=1\",\"contentUrl\":\"https:\\\/\\\/i0.wp.com\\\/greenspells.com\\\/wp-content\\\/uploads\\\/2020\\\/09\\\/20200722_153424_0000.png?fit=1500%2C1500&ssl=1\",\"width\":1500,\"height\":1500,\"caption\":\"Greenspells\"},\"image\":{\"@id\":\"https:\\\/\\\/greenspells.com\\\/#\\\/schema\\\/logo\\\/image\\\/\"},\"sameAs\":[\"https:\\\/\\\/www.facebook.com\\\/Greenspells\",\"https:\\\/\\\/www.instagram.com\\\/greenspells_store\\\/\"]}]}<\/script>\n<!-- \/ Yoast SEO plugin. -->","yoast_head_json":{"title":"BIOCOS  Pu\u0161\u0173 eterinis aliejus,  ekologi\u0161kas - Greenspells","description":"Ekologi\u0161kas pu\u0161\u0173 eterinis aliejus.","robots":{"index":"index","follow":"follow","max-snippet":"max-snippet:-1","max-image-preview":"max-image-preview:large","max-video-preview":"max-video-preview:-1"},"canonical":"https:\/\/greenspells.com\/lt\/produktas\/biocos-pusu-eterinis-aliejus-ekologiskas\/","og_locale":"lt_LT","og_type":"article","og_title":"BIOCOS  Pu\u0161\u0173 eterinis aliejus,  ekologi\u0161kas - Greenspells","og_description":"Ekologi\u0161kas pu\u0161\u0173 eterinis aliejus.","og_url":"https:\/\/greenspells.com\/lt\/produktas\/biocos-pusu-eterinis-aliejus-ekologiskas\/","og_site_name":"Greenspells","article_publisher":"https:\/\/www.facebook.com\/Greenspells","article_modified_time":"2025-01-08T08:55:06+00:00","og_image":[{"width":600,"height":600,"url":"https:\/\/greenspells.com\/wp-content\/uploads\/2023\/02\/pus-eterinis-aliejus.png","type":"image\/png"}],"twitter_card":"summary_large_image","twitter_misc":{"Est. reading time":"1 minut\u0117"},"schema":{"@context":"https:\/\/schema.org","@graph":[{"@type":"WebPage","@id":"https:\/\/greenspells.com\/product\/biocos-pusu-eterinis-aliejus-ekologiskas\/","url":"https:\/\/greenspells.com\/product\/biocos-pusu-eterinis-aliejus-ekologiskas\/","name":"BIOCOS Pu\u0161\u0173 eterinis aliejus, ekologi\u0161kas - Greenspells","isPartOf":{"@id":"https:\/\/greenspells.com\/#website"},"primaryImageOfPage":{"@id":"https:\/\/greenspells.com\/product\/biocos-pusu-eterinis-aliejus-ekologiskas\/#primaryimage"},"image":{"@id":"https:\/\/greenspells.com\/product\/biocos-pusu-eterinis-aliejus-ekologiskas\/#primaryimage"},"thumbnailUrl":"https:\/\/i0.wp.com\/greenspells.com\/wp-content\/uploads\/2023\/02\/pus-eterinis-aliejus.png?fit=600%2C600&ssl=1","datePublished":"2023-02-12T16:29:55+00:00","dateModified":"2025-01-08T08:55:06+00:00","description":"Ekologi\u0161kas pu\u0161\u0173 eterinis aliejus.","breadcrumb":{"@id":"https:\/\/greenspells.com\/product\/biocos-pusu-eterinis-aliejus-ekologiskas\/#breadcrumb"},"inLanguage":"lt-LT","potentialAction":[{"@type":"ReadAction","target":["https:\/\/greenspells.com\/product\/biocos-pusu-eterinis-aliejus-ekologiskas\/"]}]},{"@type":"ImageObject","inLanguage":"lt-LT","@id":"https:\/\/greenspells.com\/product\/biocos-pusu-eterinis-aliejus-ekologiskas\/#primaryimage","url":"https:\/\/i0.wp.com\/greenspells.com\/wp-content\/uploads\/2023\/02\/pus-eterinis-aliejus.png?fit=600%2C600&ssl=1","contentUrl":"https:\/\/i0.wp.com\/greenspells.com\/wp-content\/uploads\/2023\/02\/pus-eterinis-aliejus.png?fit=600%2C600&ssl=1","width":600,"height":600,"caption":"pu\u0161\u0173 eterinis aliejus"},{"@type":"BreadcrumbList","@id":"https:\/\/greenspells.com\/product\/biocos-pusu-eterinis-aliejus-ekologiskas\/#breadcrumb","itemListElement":[{"@type":"ListItem","position":1,"name":"Home","item":"https:\/\/greenspells.com\/"},{"@type":"ListItem","position":2,"name":"Shop","item":"https:\/\/greenspells.com\/shop\/"},{"@type":"ListItem","position":3,"name":"BIOCOS Pu\u0161\u0173 eterinis aliejus, ekologi\u0161kas"}]},{"@type":"WebSite","@id":"https:\/\/greenspells.com\/#website","url":"https:\/\/greenspells.com\/","name":"Greenspells","description":"Nat\u016brali ir ekologi\u0161ka kosmetika","publisher":{"@id":"https:\/\/greenspells.com\/#organization"},"potentialAction":[{"@type":"SearchAction","target":{"@type":"EntryPoint","urlTemplate":"https:\/\/greenspells.com\/?s={search_term_string}"},"query-input":{"@type":"PropertyValueSpecification","valueRequired":true,"valueName":"search_term_string"}}],"inLanguage":"lt-LT"},{"@type":"Organization","@id":"https:\/\/greenspells.com\/#organization","name":"Greenspells","url":"https:\/\/greenspells.com\/","logo":{"@type":"ImageObject","inLanguage":"lt-LT","@id":"https:\/\/greenspells.com\/#\/schema\/logo\/image\/","url":"https:\/\/i0.wp.com\/greenspells.com\/wp-content\/uploads\/2020\/09\/20200722_153424_0000.png?fit=1500%2C1500&ssl=1","contentUrl":"https:\/\/i0.wp.com\/greenspells.com\/wp-content\/uploads\/2020\/09\/20200722_153424_0000.png?fit=1500%2C1500&ssl=1","width":1500,"height":1500,"caption":"Greenspells"},"image":{"@id":"https:\/\/greenspells.com\/#\/schema\/logo\/image\/"},"sameAs":["https:\/\/www.facebook.com\/Greenspells","https:\/\/www.instagram.com\/greenspells_store\/"]}]}},"jetpack_likes_enabled":true,"jetpack_sharing_enabled":true,"_links":{"self":[{"href":"https:\/\/greenspells.com\/lt\/wp-json\/wp\/v2\/product\/1671712","targetHints":{"allow":["GET"]}}],"collection":[{"href":"https:\/\/greenspells.com\/lt\/wp-json\/wp\/v2\/product"}],"about":[{"href":"https:\/\/greenspells.com\/lt\/wp-json\/wp\/v2\/types\/product"}],"replies":[{"embeddable":true,"href":"https:\/\/greenspells.com\/lt\/wp-json\/wp\/v2\/comments?post=1671712"}],"wp:featuredmedia":[{"embeddable":true,"href":"https:\/\/greenspells.com\/lt\/wp-json\/wp\/v2\/media\/1671714"}],"wp:attachment":[{"href":"https:\/\/greenspells.com\/lt\/wp-json\/wp\/v2\/media?parent=1671712"}],"wp:term":[{"taxonomy":"product_brand","embeddable":true,"href":"https:\/\/greenspells.com\/lt\/wp-json\/wp\/v2\/product_brand?post=1671712"},{"taxonomy":"product_cat","embeddable":true,"href":"https:\/\/greenspells.com\/lt\/wp-json\/wp\/v2\/product_cat?post=1671712"},{"taxonomy":"product_tag","embeddable":true,"href":"https:\/\/greenspells.com\/lt\/wp-json\/wp\/v2\/product_tag?post=1671712"}],"curies":[{"name":"wp","href":"https:\/\/api.w.org\/{rel}","templated":true}]}}