{"id":1671708,"date":"2023-02-12T18:25:37","date_gmt":"2023-02-12T16:25:37","guid":{"rendered":"https:\/\/greenspells.com\/?post_type=product&#038;p=1671708"},"modified":"2025-01-08T10:56:03","modified_gmt":"2025-01-08T08:56:03","slug":"biocos-pelargoniju-egiptiniu-eterinis-aliejus","status":"publish","type":"product","link":"https:\/\/greenspells.com\/lt\/produktas\/biocos-pelargoniju-egiptiniu-eterinis-aliejus\/","title":{"rendered":"BIOCOS <br> Pelargonij\u0173 (egiptini\u0173) eterinis aliejus"},"content":{"rendered":"<p>Egipte u\u017eaugint\u0173 pelargonij\u0173 eterinis aliejus, pasi\u017eymi g\u0117li\u0161ku \u201c\u017ealiu\u201d aromatu. Pelargonijos laikomos Veneros augalu, tad pelargonij\u0173 eterinis aliejus praturtins kiekvienos moters kvap\u0173 vaistin\u0117l\u0119. Pelargonij\u0173 aliejus pla\u010diai naudojamas parfumerijoje ir kosmetikoje d\u0117l gro\u017e\u012f ir moteri\u0161kum\u0105 puosel\u0117jan\u010di\u0173 savybi\u0173. Pelargonijos gaivina, lygina od\u0105 bei ramina, palengvina moters ciklo laikotarpius.<\/p>\n<h3 class=\"product-information-heading\">PREK\u0116S INFORMACIJA<\/h3>\n<p><strong>Kiekis:<\/strong> 3 ml<\/p>\n<div class=\"row\">\n<div class=\"col-xs-12 col-md-6\">\n<div class=\"rte\">\n<p dir=\"ltr\"><strong>Bot<\/strong>:\u00a0Pelargonium graveolens<\/p>\n<p dir=\"ltr\"><strong>Kilm\u0117s \u0161alis<\/strong>:\u00a0Egiptas<\/p>\n<p dir=\"ltr\"><strong>Ekologi\u0161kas<\/strong>:\u00a0NE<\/p>\n<p dir=\"ltr\"><strong>Chemotipas (pagrindiniai komponentai)<\/strong>:\u00a0Citronellol, Geraniol, Linalool<\/p>\n<p dir=\"ltr\"><strong>I\u0161gavimo b\u016bdas<\/strong>: distiliavimo<\/p>\n<p dir=\"ltr\"><strong>Augalo dalis<\/strong>: augalo stiebai ir lapai<\/p>\n<p dir=\"ltr\"><strong>Aromatas<\/strong>:\u00a0\u0161iltas, ro\u017ei\u0161kas<\/p>\n<p dir=\"ltr\"><strong>Nata<\/strong>:\u00a0vir\u0161utin\u0117-\u0161irdies<\/p>\n<p dir=\"ltr\"><strong>Alchemija<\/strong>:\u00a0pelargonij\u0173 eterinis aliejus dera su baziliko, bergamot\u0117s, mork\u0173 s\u0117kl\u0173, kedro, kvapi\u0173j\u0173 \u0161alavij\u0173, greipfrut\u0173, jazmin\u0173, levand\u0173, laimo, nerolio, apelsin\u0173, rozmarin\u0173 eteriniais aliejais.<\/p>\n<p dir=\"ltr\">Manoma, kad pelargonij\u0173 augalas kil\u0119s i\u0161 Piet\u0173 Afrikos. \u0160iuo metu priskai\u010diuojama vir\u0161 270 jo r\u016b\u0161i\u0173 ir yra laikomas vienu i\u0161 labiausiai prisitaikan\u010di\u0173 augal\u0173 botanikos pasaulyje. D\u0117l itin didel\u0117s r\u016b\u0161i\u0173 \u012fvairov\u0117s, pelargonij\u0173 eterinio aliejaus chemin\u0117 sud\u0117tis \u017eenkliai skiriasi, priklausomai nuo augimviet\u0117s. Pagrindin\u0117s augimviet\u0117s: Reunjonas, Al\u017eyras, Egiptas, Marokas.<\/p>\n<p dir=\"ltr\">Pagrindin\u0117s sudedamosios eterinio aliejaus dalys &#8211; citronelolis ir geraniolis, kurios sudaro 50% visos eterinio aliejaus sud\u0117ties, o nuo augimviet\u0117s priklauso, kurios med\u017eiagos bus daugiau.<\/p>\n<p dir=\"ltr\">Nuo seno yra \u017einoma pelargonij\u0173 savyb\u0117 atbaidyti vabzd\u017eius. Matyt, ne veltui m\u016bs\u0173 prosenel\u0117s augino pelargonijas ant palangi\u0173.<\/p>\n<p dir=\"ltr\"><strong>R\u016b\u0161iavimo informacija<\/strong>:<\/p>\n<ul>\n<li>Buteliukas \u2013 stiklas<\/li>\n<li>Kam\u0161telis, la\u0161intuvas \u2013 plastikas<\/li>\n<li>Etiket\u0117 \u2013 plastikas PVC<\/li>\n<\/ul>\n<p dir=\"ltr\"><strong>Chemin\u0117 analiz\u0117<\/strong>:\u00a0Citronellol, Geraniol, Linalool<\/p>\n<p dir=\"ltr\"><strong>Kosmetin\u0117s savyb\u0117s &#8211; gali b\u016bti\u00a0naudojamas kosmetikos gaminiuose kaip aktyvioji med\u017eiaga:<\/strong><\/p>\n<ul>\n<li>balansuojanti odos sebumo i\u0161siskyrim\u0105 (rekomenduojama naudoti gaminiuose tiek sausai, tiek riebiai\/mi\u0161riai, spuoguotai odai;<\/li>\n<li>skaistinanti, stangrinanti od\u0105;<\/li>\n<li>kaip anticeliulitin\u0117 priemon\u0117, ypa\u010d efektyvi kartu su greipfrut\u0173 eteriniu aliejumi;<\/li>\n<li>burnos skalavimo priemon\u0117se, nes padeda palaikyti higien\u0105, sveikas dantenas.<\/li>\n<\/ul>\n<p dir=\"ltr\"><strong>Aromaterapin\u0117s savyb\u0117s<\/strong>:<\/p>\n<ul>\n<li>ma\u017eina stres\u0105, nerim\u0105, gerina nuotaik\u0105;<\/li>\n<li>naudojamas moteri\u0161k\u0173 hormon\u0173 disbalanso laikotarpiais, ypa\u010d PMS ir menopauz\u0117s laikotarpiu;<\/li>\n<li>atbaido vabzd\u017eius;<\/li>\n<li>naudojant namuose &#8211; \u0161alina nemalonius kvapus, gaivina erdves.<\/li>\n<\/ul>\n<p dir=\"ltr\"><strong>Parfumerin\u0117s savyb\u0117s<\/strong>:<\/p>\n<ul>\n<li>gaivus, \u0161velniai g\u0117li\u0161kas su \u017ealiu atspalviu aromatas;<\/li>\n<li>egiptin\u0117 pelargonija da\u017eniau naudojama aromaterapijoje nei parfumerijoje;<\/li>\n<li>parfumerijoje dau\u017eniau naudojama burbonin\u0117 pelargonija, kuri yra saldesnio, pana\u0161esnio \u012f ro\u017e\u0117s aromato, bet su citrininiu niuansu.<\/li>\n<\/ul>\n<p dir=\"ltr\"><strong>Gyv\u016bnams<\/strong>:<\/p>\n<p dir=\"ltr\">pelargonij\u0173 eterinis aliejus rekomenduojamas gyv\u016bn\u0173 augintojams, nes ypa\u010d tinka priemon\u0117se aus\u0173 ir odos infekcijoms. Turi savybes atbaidyti erkes ir kitus parazitus, tad naudojama antiparazitiniuose \u0161amp\u016bnuose, pur\u0161kikliuose.<\/p>\n<p dir=\"ltr\"><em>D\u0117l teis\u0117s akt\u0173 reikalavim\u0173 negalime \u010dia apra\u0161yti vis\u0173 eterinio aliejaus terapini\u0173 savybi\u0173.<\/em><\/p>\n<p dir=\"ltr\"><strong>Naudojimas<\/strong>:<\/p>\n<ul>\n<li>3-5 la\u0161us paskleiskite ore garintuvu (difuzoriumi);<\/li>\n<li>U\u017ela\u0161inkite ant servet\u0117l\u0117s ir pad\u0117kite \u0161iltoje vietoje, pavyzd\u017eiui ant radiatoriaus. \u0160ildomas eterinis aliejus paskleis naudingas molekules ore.<\/li>\n<li>\u012ela\u0161inkite \u012f vanden\u012f 5 la\u0161us plaudami grindis;<\/li>\n<li>Gryni eteriniai aliejai ant odos nenaudojami. Juos b\u016btina skiesti su baziniais aliejais. Masa\u017eams, \u012ftrinimams, kvepinimuisi skieskite su baziniu aliejumi (migdol\u0173, sezam\u0173, ar kt.): 5 la\u0161\u0173 mi\u0161inio \u012f 10 ml (du valgomieji \u0161auk\u0161tai) bazinio aliejaus;<\/li>\n<li>Pilkite \u012f voni\u0105, praskied\u0119 su kastilijos muilu: 5 la\u0161\u0173 eterinio aliejaus \u012f 10 ml. kastilijos muilo. Nela\u0161inkite eterinio aliejaus tiesiai \u012f vanden\u012f, nes aliejai netirpsta vandenyje, bet pl\u016bduriuoja pavir\u0161iuje, tod\u0117l gali patekti tiesiai ant odos ir j\u0105 sudirginti;<\/li>\n<li>La\u0161inkite 3 la\u0161us ant dr\u0117gnos servet\u0117l\u0117s ir d\u0117kite \u012f spint\u0105 ar drabu\u017ei\u0173 d\u017eiovintuv\u0105, kad kvepinti drabu\u017eius. Kai kurie eteriniai aliejai gali i\u0161tepti baltos spalvos drabu\u017eius!<\/li>\n<li>Naudokite inhaliacijoms: la\u0161inkite 3-4 la\u0161us \u012f kar\u0161t\u0105 vanden\u012f ir kv\u0117puokite jo garais arba la\u0161inkite \u012f asmenin\u012f inhaliatori\u0173.<\/li>\n<li>Tur\u0117kite po ranka eterinio aliejaus buteliuk\u0105 ir nu\u0117m\u0119 la\u0161intuv\u0105 \u012fkv\u0117pkite 2-3 kartus.<\/li>\n<\/ul>\n<p dir=\"ltr\"><strong>Kaip teisingai garinti eterinius aliejus?\u00a0<\/strong><\/p>\n<p dir=\"ltr\">Siekiant maksimalaus poveikio m\u016bs\u0173 emocijoms (pav. ma\u017einti stres\u0105, gerinti nuotaik\u0105, raminti ir pan), eterinius aliejus reikia garinti intervalais, geriausia 3-4 kartus po 15 minu\u010di\u0173 garinti elektriniame difuzoriuje, ir tarp garinim\u0173 daryti ne trumpesn\u0119 kaip 30 minu\u010di\u0173 pertrauk\u0105.\u00a0 M\u016bs\u0173 smegenys, kurios atsakingos ir u\u017e emocij\u0173 reguliavim\u0105, labai plasti\u0161kos ir linkusios prisitaikyti prie aplinkos, tad ir prie eterini\u0173 aliej\u0173 skleid\u017eiamo poveikio pripranta. Siekiant geriausio terapinio poveikio emocijoms, smegenims reikia dinamikos, kuri\u0105 ir sukuria eterini\u0173 aliej\u0173 garinimas intervalais.<\/p>\n<p dir=\"ltr\">Jei siekiate eterini\u0173 aliej\u0173 poveikio fizinei b\u016bsenai (pav. pykinimui slopinti, aplinkos orui i\u0161valyti, per\u0161alimui lengvinti), garinkite eterinius aliejus kelis kartus per dien\u0105 po 30 minu\u010di\u0173.<\/p>\n<p><strong>Receptas<\/strong>:<\/p>\n<p><em>Mi\u0161inys difuzoriui<\/em>:<\/p>\n<ul>\n<li>2 la\u0161ai pelargonij\u0173 eterinio aliejaus<\/li>\n<li>2 la\u0161ai sald\u017ei\u0173j\u0173 apelsin\u0173 eterinio aliejaus<\/li>\n<\/ul>\n<p dir=\"ltr\"><strong>SAUGUMAS!<\/strong><\/p>\n<p>B\u016btina skiesti. (Maksimali koncentracija veido kosmetikai &#8211; 1.5%, k\u016bno masa\u017eui &#8211; 3%)<\/p>\n<p><em>N\u0117\u0161\u010diosiosioms<\/em>: poveikis n\u0117\u0161\u010diosioms n\u0117ra iki galo i\u0161tirtas, tod\u0117l prie\u0161 naudojant rekomenduojame pasikonsultuoti su gydytoju aromaterapeutu.<\/p>\n<p><em>Vaikams<\/em>:\u00a0saugus naudoti vaikams nuo 5 met\u0173, ankstesniame am\u017eiuje galima garinti patalpoje difuzoriumi.<\/p>\n<p>Vengti naudoti oksidavus\u012f eterin\u012f palergonij\u0173 aliej\u0173, nes gali sukelti odos sudirgim\u0105.<\/p>\n<p>Jei eterinis aliejus sudirgint\u0173 od\u0105, j\u0105 b\u016btina valyti bet kokiu baziniu aliejumi, kur\u012f turite po ranka (alyvuogi\u0173, saul\u0117gra\u017e\u0173 ar kt.). Nenaudokite vandens eteriniams aliejams nuplauti, nes vanduo dar giliau perne\u0161 eterinius aliejus \u012f od\u0105 ir tik sustiprins sudirginim\u0105.<\/p>\n<p>Siekiant i\u0161saugoti vertingas eterini\u0173 aliej\u0173 savybes, eterinius aliejus ir j\u0173 mi\u0161inius reik\u0117t\u0173 laikyti tamsioje v\u0117sioje vietoje.<\/p>\n<p><em><strong>Aromaterapijos pagrindin\u0117 taisykl\u0117 \u2013\u00a0ma\u017eiau yra daugiau<\/strong>, t.y. eteriniai aliejai geriau veikia esant ma\u017eoms doz\u0117ms.<\/em><\/p>\n<\/div>\n<\/div>\n<\/div>","protected":false},"excerpt":{"rendered":"<p>Egipte u\u017eaugint\u0173 pelargonij\u0173 eterinis aliejus, pasi\u017eymi g\u0117li\u0161ku \u201c\u017ealiu\u201d aromatu. Pelargonijos laikomos Veneros augalu, tad pelargonij\u0173 eterinis aliejus praturtins kiekvienos moters kvap\u0173 vaistin\u0117l\u0119. Pelargonij\u0173 aliejus pla\u010diai naudojamas parfumerijoje ir kosmetikoje d\u0117l gro\u017e\u012f ir moteri\u0161kum\u0105 puosel\u0117jan\u010di\u0173 savybi\u0173. Pelargonijos gaivina, lygina od\u0105 bei ramina, palengvina moters ciklo laikotarpius. PREK\u0116S INFORMACIJA Kiekis: 3 ml Bot:\u00a0Pelargonium graveolens Kilm\u0117s \u0161alis:\u00a0Egiptas Ekologi\u0161kas:\u00a0NE [&hellip;]<\/p>\n","protected":false},"featured_media":1671711,"comment_status":"open","ping_status":"closed","template":"","meta":{"content-type":"","_monsterinsights_skip_tracking":false,"_monsterinsights_sitenote_active":false,"_monsterinsights_sitenote_note":"","_monsterinsights_sitenote_category":0,"_uf_show_specific_survey":0,"_uf_disable_surveys":false},"product_brand":[1652],"product_cat":[1506,1511,15],"product_tag":[1534],"class_list":{"0":"post-1671708","1":"product","2":"type-product","3":"status-publish","4":"has-post-thumbnail","6":"product_brand-biocos-kosmetika","7":"product_cat-essential-oils","8":"product_cat-essential-oils-essential-oils","9":"product_cat-all-products","10":"product_tag-pelargoniju-eterinis-aliejus","12":"first","13":"outofstock","14":"taxable","15":"shipping-taxable","16":"purchasable","17":"product-type-simple"},"bundled_by":[],"bundle_stock_status":"outofstock","bundle_stock_quantity":null,"bundle_virtual":false,"bundle_layout":"","bundle_add_to_cart_form_location":"","bundle_editable_in_cart":false,"bundle_sold_individually_context":"","bundle_item_grouping":"","bundle_min_size":"","bundle_max_size":"","bundle_price":[],"bundled_items":[],"bundle_sell_ids":[],"group_of_quantity":0,"min_quantity":0,"max_quantity":"","exclude_order_quantity_value_rules":"no","exclude_category_quantity_rules":"no","combine_variations":"no","exclude_global_add_ons":[],"addons":[],"yoast_head":"<!-- This site is optimized with the Yoast SEO plugin v27.4 - https:\/\/yoast.com\/product\/yoast-seo-wordpress\/ -->\n<title>BIOCOS  Pelargonij\u0173 (egiptini\u0173) eterinis aliejus - Greenspells<\/title>\n<meta name=\"description\" content=\"Egipte u\u017eaugint\u0173 pelargonij\u0173 eterinis aliejus, pasi\u017eymi g\u0117li\u0161ku \u201c\u017ealiu\u201d aromatu. Gaivina, lygina od\u0105 bei ramina, palengvina moters ciklo laikotarpius.\" \/>\n<meta name=\"robots\" content=\"index, follow, max-snippet:-1, max-image-preview:large, max-video-preview:-1\" \/>\n<link rel=\"canonical\" href=\"https:\/\/greenspells.com\/lt\/produktas\/biocos-pelargoniju-egiptiniu-eterinis-aliejus\/\" \/>\n<meta property=\"og:locale\" content=\"lt_LT\" \/>\n<meta property=\"og:type\" content=\"article\" \/>\n<meta property=\"og:title\" content=\"BIOCOS  Pelargonij\u0173 (egiptini\u0173) eterinis aliejus - Greenspells\" \/>\n<meta property=\"og:description\" content=\"Egipte u\u017eaugint\u0173 pelargonij\u0173 eterinis aliejus, pasi\u017eymi g\u0117li\u0161ku \u201c\u017ealiu\u201d aromatu. Gaivina, lygina od\u0105 bei ramina, palengvina moters ciklo laikotarpius.\" \/>\n<meta property=\"og:url\" content=\"https:\/\/greenspells.com\/lt\/produktas\/biocos-pelargoniju-egiptiniu-eterinis-aliejus\/\" \/>\n<meta property=\"og:site_name\" content=\"Greenspells\" \/>\n<meta property=\"article:publisher\" content=\"https:\/\/www.facebook.com\/Greenspells\" \/>\n<meta property=\"article:modified_time\" content=\"2025-01-08T08:56:03+00:00\" \/>\n<meta property=\"og:image\" content=\"https:\/\/greenspells.com\/wp-content\/uploads\/2023\/02\/palergonij-eterinis-aliejus.png\" \/>\n\t<meta property=\"og:image:width\" content=\"600\" \/>\n\t<meta property=\"og:image:height\" content=\"600\" \/>\n\t<meta property=\"og:image:type\" content=\"image\/png\" \/>\n<meta name=\"twitter:card\" content=\"summary_large_image\" \/>\n<meta name=\"twitter:label1\" content=\"Est. reading time\" \/>\n\t<meta name=\"twitter:data1\" content=\"4 minut\u0117s\" \/>\n<script type=\"application\/ld+json\" class=\"yoast-schema-graph\">{\"@context\":\"https:\\\/\\\/schema.org\",\"@graph\":[{\"@type\":\"WebPage\",\"@id\":\"https:\\\/\\\/greenspells.com\\\/product\\\/biocos-pelargoniju-egiptiniu-eterinis-aliejus\\\/\",\"url\":\"https:\\\/\\\/greenspells.com\\\/product\\\/biocos-pelargoniju-egiptiniu-eterinis-aliejus\\\/\",\"name\":\"BIOCOS Pelargonij\u0173 (egiptini\u0173) eterinis aliejus - Greenspells\",\"isPartOf\":{\"@id\":\"https:\\\/\\\/greenspells.com\\\/#website\"},\"primaryImageOfPage\":{\"@id\":\"https:\\\/\\\/greenspells.com\\\/product\\\/biocos-pelargoniju-egiptiniu-eterinis-aliejus\\\/#primaryimage\"},\"image\":{\"@id\":\"https:\\\/\\\/greenspells.com\\\/product\\\/biocos-pelargoniju-egiptiniu-eterinis-aliejus\\\/#primaryimage\"},\"thumbnailUrl\":\"https:\\\/\\\/i0.wp.com\\\/greenspells.com\\\/wp-content\\\/uploads\\\/2023\\\/02\\\/palergonij-eterinis-aliejus.png?fit=600%2C600&ssl=1\",\"datePublished\":\"2023-02-12T16:25:37+00:00\",\"dateModified\":\"2025-01-08T08:56:03+00:00\",\"description\":\"Egipte u\u017eaugint\u0173 pelargonij\u0173 eterinis aliejus, pasi\u017eymi g\u0117li\u0161ku \u201c\u017ealiu\u201d aromatu. Gaivina, lygina od\u0105 bei ramina, palengvina moters ciklo laikotarpius.\",\"breadcrumb\":{\"@id\":\"https:\\\/\\\/greenspells.com\\\/product\\\/biocos-pelargoniju-egiptiniu-eterinis-aliejus\\\/#breadcrumb\"},\"inLanguage\":\"lt-LT\",\"potentialAction\":[{\"@type\":\"ReadAction\",\"target\":[\"https:\\\/\\\/greenspells.com\\\/product\\\/biocos-pelargoniju-egiptiniu-eterinis-aliejus\\\/\"]}]},{\"@type\":\"ImageObject\",\"inLanguage\":\"lt-LT\",\"@id\":\"https:\\\/\\\/greenspells.com\\\/product\\\/biocos-pelargoniju-egiptiniu-eterinis-aliejus\\\/#primaryimage\",\"url\":\"https:\\\/\\\/i0.wp.com\\\/greenspells.com\\\/wp-content\\\/uploads\\\/2023\\\/02\\\/palergonij-eterinis-aliejus.png?fit=600%2C600&ssl=1\",\"contentUrl\":\"https:\\\/\\\/i0.wp.com\\\/greenspells.com\\\/wp-content\\\/uploads\\\/2023\\\/02\\\/palergonij-eterinis-aliejus.png?fit=600%2C600&ssl=1\",\"width\":600,\"height\":600,\"caption\":\"pelargonij\u0173 eterinis aliejus\"},{\"@type\":\"BreadcrumbList\",\"@id\":\"https:\\\/\\\/greenspells.com\\\/product\\\/biocos-pelargoniju-egiptiniu-eterinis-aliejus\\\/#breadcrumb\",\"itemListElement\":[{\"@type\":\"ListItem\",\"position\":1,\"name\":\"Home\",\"item\":\"https:\\\/\\\/greenspells.com\\\/\"},{\"@type\":\"ListItem\",\"position\":2,\"name\":\"Shop\",\"item\":\"https:\\\/\\\/greenspells.com\\\/shop\\\/\"},{\"@type\":\"ListItem\",\"position\":3,\"name\":\"BIOCOS Pelargonij\u0173 (egiptini\u0173) eterinis aliejus\"}]},{\"@type\":\"WebSite\",\"@id\":\"https:\\\/\\\/greenspells.com\\\/#website\",\"url\":\"https:\\\/\\\/greenspells.com\\\/\",\"name\":\"Greenspells\",\"description\":\"Nat\u016brali ir ekologi\u0161ka kosmetika\",\"publisher\":{\"@id\":\"https:\\\/\\\/greenspells.com\\\/#organization\"},\"potentialAction\":[{\"@type\":\"SearchAction\",\"target\":{\"@type\":\"EntryPoint\",\"urlTemplate\":\"https:\\\/\\\/greenspells.com\\\/?s={search_term_string}\"},\"query-input\":{\"@type\":\"PropertyValueSpecification\",\"valueRequired\":true,\"valueName\":\"search_term_string\"}}],\"inLanguage\":\"lt-LT\"},{\"@type\":\"Organization\",\"@id\":\"https:\\\/\\\/greenspells.com\\\/#organization\",\"name\":\"Greenspells\",\"url\":\"https:\\\/\\\/greenspells.com\\\/\",\"logo\":{\"@type\":\"ImageObject\",\"inLanguage\":\"lt-LT\",\"@id\":\"https:\\\/\\\/greenspells.com\\\/#\\\/schema\\\/logo\\\/image\\\/\",\"url\":\"https:\\\/\\\/i0.wp.com\\\/greenspells.com\\\/wp-content\\\/uploads\\\/2020\\\/09\\\/20200722_153424_0000.png?fit=1500%2C1500&ssl=1\",\"contentUrl\":\"https:\\\/\\\/i0.wp.com\\\/greenspells.com\\\/wp-content\\\/uploads\\\/2020\\\/09\\\/20200722_153424_0000.png?fit=1500%2C1500&ssl=1\",\"width\":1500,\"height\":1500,\"caption\":\"Greenspells\"},\"image\":{\"@id\":\"https:\\\/\\\/greenspells.com\\\/#\\\/schema\\\/logo\\\/image\\\/\"},\"sameAs\":[\"https:\\\/\\\/www.facebook.com\\\/Greenspells\",\"https:\\\/\\\/www.instagram.com\\\/greenspells_store\\\/\"]}]}<\/script>\n<!-- \/ Yoast SEO plugin. -->","yoast_head_json":{"title":"BIOCOS  Pelargonij\u0173 (egiptini\u0173) eterinis aliejus - Greenspells","description":"Egipte u\u017eaugint\u0173 pelargonij\u0173 eterinis aliejus, pasi\u017eymi g\u0117li\u0161ku \u201c\u017ealiu\u201d aromatu. Gaivina, lygina od\u0105 bei ramina, palengvina moters ciklo laikotarpius.","robots":{"index":"index","follow":"follow","max-snippet":"max-snippet:-1","max-image-preview":"max-image-preview:large","max-video-preview":"max-video-preview:-1"},"canonical":"https:\/\/greenspells.com\/lt\/produktas\/biocos-pelargoniju-egiptiniu-eterinis-aliejus\/","og_locale":"lt_LT","og_type":"article","og_title":"BIOCOS  Pelargonij\u0173 (egiptini\u0173) eterinis aliejus - Greenspells","og_description":"Egipte u\u017eaugint\u0173 pelargonij\u0173 eterinis aliejus, pasi\u017eymi g\u0117li\u0161ku \u201c\u017ealiu\u201d aromatu. Gaivina, lygina od\u0105 bei ramina, palengvina moters ciklo laikotarpius.","og_url":"https:\/\/greenspells.com\/lt\/produktas\/biocos-pelargoniju-egiptiniu-eterinis-aliejus\/","og_site_name":"Greenspells","article_publisher":"https:\/\/www.facebook.com\/Greenspells","article_modified_time":"2025-01-08T08:56:03+00:00","og_image":[{"width":600,"height":600,"url":"https:\/\/greenspells.com\/wp-content\/uploads\/2023\/02\/palergonij-eterinis-aliejus.png","type":"image\/png"}],"twitter_card":"summary_large_image","twitter_misc":{"Est. reading time":"4 minut\u0117s"},"schema":{"@context":"https:\/\/schema.org","@graph":[{"@type":"WebPage","@id":"https:\/\/greenspells.com\/product\/biocos-pelargoniju-egiptiniu-eterinis-aliejus\/","url":"https:\/\/greenspells.com\/product\/biocos-pelargoniju-egiptiniu-eterinis-aliejus\/","name":"BIOCOS Pelargonij\u0173 (egiptini\u0173) eterinis aliejus - Greenspells","isPartOf":{"@id":"https:\/\/greenspells.com\/#website"},"primaryImageOfPage":{"@id":"https:\/\/greenspells.com\/product\/biocos-pelargoniju-egiptiniu-eterinis-aliejus\/#primaryimage"},"image":{"@id":"https:\/\/greenspells.com\/product\/biocos-pelargoniju-egiptiniu-eterinis-aliejus\/#primaryimage"},"thumbnailUrl":"https:\/\/i0.wp.com\/greenspells.com\/wp-content\/uploads\/2023\/02\/palergonij-eterinis-aliejus.png?fit=600%2C600&ssl=1","datePublished":"2023-02-12T16:25:37+00:00","dateModified":"2025-01-08T08:56:03+00:00","description":"Egipte u\u017eaugint\u0173 pelargonij\u0173 eterinis aliejus, pasi\u017eymi g\u0117li\u0161ku \u201c\u017ealiu\u201d aromatu. Gaivina, lygina od\u0105 bei ramina, palengvina moters ciklo laikotarpius.","breadcrumb":{"@id":"https:\/\/greenspells.com\/product\/biocos-pelargoniju-egiptiniu-eterinis-aliejus\/#breadcrumb"},"inLanguage":"lt-LT","potentialAction":[{"@type":"ReadAction","target":["https:\/\/greenspells.com\/product\/biocos-pelargoniju-egiptiniu-eterinis-aliejus\/"]}]},{"@type":"ImageObject","inLanguage":"lt-LT","@id":"https:\/\/greenspells.com\/product\/biocos-pelargoniju-egiptiniu-eterinis-aliejus\/#primaryimage","url":"https:\/\/i0.wp.com\/greenspells.com\/wp-content\/uploads\/2023\/02\/palergonij-eterinis-aliejus.png?fit=600%2C600&ssl=1","contentUrl":"https:\/\/i0.wp.com\/greenspells.com\/wp-content\/uploads\/2023\/02\/palergonij-eterinis-aliejus.png?fit=600%2C600&ssl=1","width":600,"height":600,"caption":"pelargonij\u0173 eterinis aliejus"},{"@type":"BreadcrumbList","@id":"https:\/\/greenspells.com\/product\/biocos-pelargoniju-egiptiniu-eterinis-aliejus\/#breadcrumb","itemListElement":[{"@type":"ListItem","position":1,"name":"Home","item":"https:\/\/greenspells.com\/"},{"@type":"ListItem","position":2,"name":"Shop","item":"https:\/\/greenspells.com\/shop\/"},{"@type":"ListItem","position":3,"name":"BIOCOS Pelargonij\u0173 (egiptini\u0173) eterinis aliejus"}]},{"@type":"WebSite","@id":"https:\/\/greenspells.com\/#website","url":"https:\/\/greenspells.com\/","name":"Greenspells","description":"Nat\u016brali ir ekologi\u0161ka kosmetika","publisher":{"@id":"https:\/\/greenspells.com\/#organization"},"potentialAction":[{"@type":"SearchAction","target":{"@type":"EntryPoint","urlTemplate":"https:\/\/greenspells.com\/?s={search_term_string}"},"query-input":{"@type":"PropertyValueSpecification","valueRequired":true,"valueName":"search_term_string"}}],"inLanguage":"lt-LT"},{"@type":"Organization","@id":"https:\/\/greenspells.com\/#organization","name":"Greenspells","url":"https:\/\/greenspells.com\/","logo":{"@type":"ImageObject","inLanguage":"lt-LT","@id":"https:\/\/greenspells.com\/#\/schema\/logo\/image\/","url":"https:\/\/i0.wp.com\/greenspells.com\/wp-content\/uploads\/2020\/09\/20200722_153424_0000.png?fit=1500%2C1500&ssl=1","contentUrl":"https:\/\/i0.wp.com\/greenspells.com\/wp-content\/uploads\/2020\/09\/20200722_153424_0000.png?fit=1500%2C1500&ssl=1","width":1500,"height":1500,"caption":"Greenspells"},"image":{"@id":"https:\/\/greenspells.com\/#\/schema\/logo\/image\/"},"sameAs":["https:\/\/www.facebook.com\/Greenspells","https:\/\/www.instagram.com\/greenspells_store\/"]}]}},"jetpack_likes_enabled":true,"jetpack_sharing_enabled":true,"_links":{"self":[{"href":"https:\/\/greenspells.com\/lt\/wp-json\/wp\/v2\/product\/1671708","targetHints":{"allow":["GET"]}}],"collection":[{"href":"https:\/\/greenspells.com\/lt\/wp-json\/wp\/v2\/product"}],"about":[{"href":"https:\/\/greenspells.com\/lt\/wp-json\/wp\/v2\/types\/product"}],"replies":[{"embeddable":true,"href":"https:\/\/greenspells.com\/lt\/wp-json\/wp\/v2\/comments?post=1671708"}],"wp:featuredmedia":[{"embeddable":true,"href":"https:\/\/greenspells.com\/lt\/wp-json\/wp\/v2\/media\/1671711"}],"wp:attachment":[{"href":"https:\/\/greenspells.com\/lt\/wp-json\/wp\/v2\/media?parent=1671708"}],"wp:term":[{"taxonomy":"product_brand","embeddable":true,"href":"https:\/\/greenspells.com\/lt\/wp-json\/wp\/v2\/product_brand?post=1671708"},{"taxonomy":"product_cat","embeddable":true,"href":"https:\/\/greenspells.com\/lt\/wp-json\/wp\/v2\/product_cat?post=1671708"},{"taxonomy":"product_tag","embeddable":true,"href":"https:\/\/greenspells.com\/lt\/wp-json\/wp\/v2\/product_tag?post=1671708"}],"curies":[{"name":"wp","href":"https:\/\/api.w.org\/{rel}","templated":true}]}}